{"id":1207,"date":"2020-12-21T22:12:22","date_gmt":"2020-12-21T22:12:22","guid":{"rendered":"https:\/\/herbaday.sk\/?page_id=1207"},"modified":"2020-12-22T10:15:37","modified_gmt":"2020-12-22T10:15:37","slug":"nase-produkty","status":"publish","type":"page","link":"https:\/\/herbaday.sk\/index.php\/nase-produkty\/","title":{"rendered":"Produktov\u00e9 rady"},"content":{"rendered":"\n  \n    <div class=\"row large-columns-4 medium-columns-3 small-columns-2 row-small\" >\n  <div class=\"product-category col\" >\n            <div class=\"col-inner\">\n              <a aria-label=\"Visit product category Bal\u00ed\u010dky\" href=\"https:\/\/herbaday.sk\/index.php\/product-category\/akciove-balicky\/\">                <div class=\"box box-category has-hover box-badge hover-dark \">\n                <div class=\"box-image\" >\n                  <div class=\"\" >\n                  <img loading=\"lazy\" decoding=\"async\" src=\"https:\/\/i0.wp.com\/herbaday.sk\/wp-content\/uploads\/2021\/02\/balikf1sk.jpg?resize=300%2C300&#038;ssl=1\" alt=\"Bal\u00ed\u010dky\" width=\"300\" height=\"300\" \/>                                                      <\/div>\n                <\/div>\n                <div class=\"box-text text-center\" >\n                  <div class=\"box-text-inner\">\n                      <h5 class=\"uppercase header-title\">\n                              Bal\u00ed\u010dky                      <\/h5>\n                                            <p class=\"is-xsmall uppercase count \">\n\t                      4 Produkty                      <\/p>\n                                            \n                  <\/div>\n                <\/div>\n                <\/div>\n            <\/a>            <\/div>\n            <\/div><div class=\"product-category col\" >\n            <div class=\"col-inner\">\n              <a aria-label=\"Visit product category HL\/Skin\" href=\"https:\/\/herbaday.sk\/index.php\/product-category\/hl-skin\/\">                <div class=\"box box-category has-hover box-badge hover-dark \">\n                <div class=\"box-image\" >\n                  <div class=\"\" >\n                  <img loading=\"lazy\" decoding=\"async\" src=\"https:\/\/i0.wp.com\/herbaday.sk\/wp-content\/uploads\/2025\/12\/Copy_of_J6453_HLSkin_Tension_A3Posters_Portrait.pdf-1.png?resize=300%2C300&#038;ssl=1\" alt=\"HL\/Skin\" width=\"300\" height=\"300\" \/>                                                      <\/div>\n                <\/div>\n                <div class=\"box-text text-center\" >\n                  <div class=\"box-text-inner\">\n                      <h5 class=\"uppercase header-title\">\n                              HL\/Skin                      <\/h5>\n                                            <p class=\"is-xsmall uppercase count \">\n\t                      5 Produkty                      <\/p>\n                                            \n                  <\/div>\n                <\/div>\n                <\/div>\n            <\/a>            <\/div>\n            <\/div><div class=\"product-category col\" >\n            <div class=\"col-inner\">\n              <a aria-label=\"Visit product category Vyv\u00e1\u017een\u00e9 jedlo\" href=\"https:\/\/herbaday.sk\/index.php\/product-category\/vyvazene-jedlo\/\">                <div class=\"box box-category has-hover box-badge hover-dark \">\n                <div class=\"box-image\" >\n                  <div class=\"\" >\n                  <img loading=\"lazy\" decoding=\"async\" src=\"https:\/\/i0.wp.com\/herbaday.sk\/wp-content\/uploads\/2020\/12\/herbalife-nutrition-formula-1-shake-chocolate-flavour-in-glass-and-jugs-on-a-grey-tray-sk.jpg?resize=300%2C300&#038;ssl=1\" alt=\"Vyv\u00e1\u017een\u00e9 jedlo\" width=\"300\" height=\"300\" \/>                                                      <\/div>\n                <\/div>\n                <div class=\"box-text text-center\" >\n                  <div class=\"box-text-inner\">\n                      <h5 class=\"uppercase header-title\">\n                              Vyv\u00e1\u017een\u00e9 jedlo                      <\/h5>\n                                            <p class=\"is-xsmall uppercase count \">\n\t                      6 Produkty                      <\/p>\n                                            \n                  <\/div>\n                <\/div>\n                <\/div>\n            <\/a>            <\/div>\n            <\/div><div class=\"product-category col\" >\n            <div class=\"col-inner\">\n              <a aria-label=\"Visit product category Prote\u00ednov\u00e9 desiaty\" href=\"https:\/\/herbaday.sk\/index.php\/product-category\/proteinove-desiaty\/\">                <div class=\"box box-category has-hover box-badge hover-dark \">\n                <div class=\"box-image\" >\n                  <div class=\"\" >\n                  <img loading=\"lazy\" decoding=\"async\" src=\"https:\/\/i0.wp.com\/herbaday.sk\/wp-content\/uploads\/2020\/12\/herbalife-nutrition-protein-snacks-and-bars-displayed-on-white-table-sk.jpg?resize=300%2C300&#038;ssl=1\" alt=\"Prote\u00ednov\u00e9 desiaty\" width=\"300\" height=\"300\" \/>                                                      <\/div>\n                <\/div>\n                <div class=\"box-text text-center\" >\n                  <div class=\"box-text-inner\">\n                      <h5 class=\"uppercase header-title\">\n                              Prote\u00ednov\u00e9 desiaty                      <\/h5>\n                                            <p class=\"is-xsmall uppercase count \">\n\t                      6 Produkty                      <\/p>\n                                            \n                  <\/div>\n                <\/div>\n                <\/div>\n            <\/a>            <\/div>\n            <\/div><div class=\"product-category col\" >\n            <div class=\"col-inner\">\n              <a aria-label=\"Visit product category Bylinn\u00e9 n\u00e1poje\" href=\"https:\/\/herbaday.sk\/index.php\/product-category\/bylinne-napoje\/\">                <div class=\"box box-category has-hover box-badge hover-dark \">\n                <div class=\"box-image\" >\n                  <div class=\"\" >\n                  <img loading=\"lazy\" decoding=\"async\" src=\"https:\/\/i0.wp.com\/herbaday.sk\/wp-content\/uploads\/2020\/12\/herbalife-nutrition-healthy-breakfast-and-hand-pouring-lemon-tea-in-a-cup-sk.jpg?resize=300%2C300&#038;ssl=1\" alt=\"Bylinn\u00e9 n\u00e1poje\" width=\"300\" height=\"300\" \/>                                                      <\/div>\n                <\/div>\n                <div class=\"box-text text-center\" >\n                  <div class=\"box-text-inner\">\n                      <h5 class=\"uppercase header-title\">\n                              Bylinn\u00e9 n\u00e1poje                      <\/h5>\n                                            <p class=\"is-xsmall uppercase count \">\n\t                      5 Produkty                      <\/p>\n                                            \n                  <\/div>\n                <\/div>\n                <\/div>\n            <\/a>            <\/div>\n            <\/div><div class=\"product-category col\" >\n            <div class=\"col-inner\">\n              <a aria-label=\"Visit product category \u0160peci\u00e1lne doplnky\" href=\"https:\/\/herbaday.sk\/index.php\/product-category\/specialne-doplnky\/\">                <div class=\"box box-category has-hover box-badge hover-dark \">\n                <div class=\"box-image\" >\n                  <div class=\"\" >\n                  <img loading=\"lazy\" decoding=\"async\" src=\"https:\/\/i0.wp.com\/herbaday.sk\/wp-content\/uploads\/2020\/12\/bottles-of-herbalife-nutrition-supplements-with-fibre-roseguard-and-n-r-g-tablets-on-white-table-sk.jpg?resize=300%2C300&#038;ssl=1\" alt=\"\u0160peci\u00e1lne doplnky\" width=\"300\" height=\"300\" \/>                                                      <\/div>\n                <\/div>\n                <div class=\"box-text text-center\" >\n                  <div class=\"box-text-inner\">\n                      <h5 class=\"uppercase header-title\">\n                              \u0160peci\u00e1lne doplnky                      <\/h5>\n                                            <p class=\"is-xsmall uppercase count \">\n\t                      26 Produkty                      <\/p>\n                                            \n                  <\/div>\n                <\/div>\n                <\/div>\n            <\/a>            <\/div>\n            <\/div><div class=\"product-category col\" >\n            <div class=\"col-inner\">\n              <a aria-label=\"Visit product category Herbalife24\" href=\"https:\/\/herbaday.sk\/index.php\/product-category\/herbalife24\/\">                <div class=\"box box-category has-hover box-badge hover-dark \">\n                <div class=\"box-image\" >\n                  <div class=\"\" >\n                  <img loading=\"lazy\" decoding=\"async\" src=\"https:\/\/i0.wp.com\/herbaday.sk\/wp-content\/uploads\/2020\/12\/mapXez_t20_XQ4Lg9-2.jpg?resize=300%2C300&#038;ssl=1\" alt=\"Herbalife24\" width=\"300\" height=\"300\" \/>                                                      <\/div>\n                <\/div>\n                <div class=\"box-text text-center\" >\n                  <div class=\"box-text-inner\">\n                      <h5 class=\"uppercase header-title\">\n                              Herbalife24                      <\/h5>\n                                            <p class=\"is-xsmall uppercase count \">\n\t                      8 Produkty                      <\/p>\n                                            \n                  <\/div>\n                <\/div>\n                <\/div>\n            <\/a>            <\/div>\n            <\/div><div class=\"product-category col\" >\n            <div class=\"col-inner\">\n              <a aria-label=\"Visit product category Kozmetick\u00e1 rada Herbal Aloe\" href=\"https:\/\/herbaday.sk\/index.php\/product-category\/kozmeticka-rada-herbal-aloe\/\">                <div class=\"box box-category has-hover box-badge hover-dark \">\n                <div class=\"box-image\" >\n                  <div class=\"\" >\n                  <img loading=\"lazy\" decoding=\"async\" src=\"https:\/\/i0.wp.com\/herbaday.sk\/wp-content\/uploads\/2020\/12\/herbal-aloe-skin-and-hair-products-displayed-on-a-wooden-table-with-towels-and-candles-sk.jpg?resize=300%2C300&#038;ssl=1\" alt=\"Kozmetick\u00e1 rada Herbal Aloe\" width=\"300\" height=\"300\" \/>                                                      <\/div>\n                <\/div>\n                <div class=\"box-text text-center\" >\n                  <div class=\"box-text-inner\">\n                      <h5 class=\"uppercase header-title\">\n                              Kozmetick\u00e1 rada Herbal Aloe                      <\/h5>\n                                            <p class=\"is-xsmall uppercase count \">\n\t                      6 Produkty                      <\/p>\n                                            \n                  <\/div>\n                <\/div>\n                <\/div>\n            <\/a>            <\/div>\n            <\/div><div class=\"product-category col\" >\n            <div class=\"col-inner\">\n              <a aria-label=\"Visit product category Kozmetick\u00e1 rada SKIN\" href=\"https:\/\/herbaday.sk\/index.php\/product-category\/kozmeticka-rada-skin\/\">                <div class=\"box box-category has-hover box-badge hover-dark \">\n                <div class=\"box-image\" >\n                  <div class=\"\" >\n                  <img loading=\"lazy\" decoding=\"async\" src=\"https:\/\/i0.wp.com\/herbaday.sk\/wp-content\/uploads\/2020\/12\/herbalife-skin-care-products-displayed-on-a-cotton-cloth-sk.jpg?resize=300%2C300&#038;ssl=1\" alt=\"Kozmetick\u00e1 rada SKIN\" width=\"300\" height=\"300\" \/>                                                      <\/div>\n                <\/div>\n                <div class=\"box-text text-center\" >\n                  <div class=\"box-text-inner\">\n                      <h5 class=\"uppercase header-title\">\n                              Kozmetick\u00e1 rada SKIN                      <\/h5>\n                                            <p class=\"is-xsmall uppercase count \">\n\t                      12 Produkty                      <\/p>\n                                            \n                  <\/div>\n                <\/div>\n                <\/div>\n            <\/a>            <\/div>\n            <\/div><div class=\"product-category col\" >\n            <div class=\"col-inner\">\n              <a aria-label=\"Visit product category Uncategorized\" href=\"https:\/\/herbaday.sk\/index.php\/product-category\/uncategorized\/\">                <div class=\"box box-category has-hover box-badge hover-dark \">\n                <div class=\"box-image\" >\n                  <div class=\"\" >\n                  <img loading=\"lazy\" decoding=\"async\" src=\"https:\/\/i0.wp.com\/herbaday.sk\/wp-content\/uploads\/woocommerce-placeholder.png?resize=300%2C300&#038;ssl=1\" alt=\"Uncategorized\" width=\"300\" height=\"300\" \/>                                                      <\/div>\n                <\/div>\n                <div class=\"box-text text-center\" >\n                  <div class=\"box-text-inner\">\n                      <h5 class=\"uppercase header-title\">\n                              Uncategorized                      <\/h5>\n                                            <p class=\"is-xsmall uppercase count \">\n\t                      1 Produkt                      <\/p>\n                                            \n                  <\/div>\n                <\/div>\n                <\/div>\n            <\/a>            <\/div>\n            <\/div><div class=\"product-category col\" >\n            <div class=\"col-inner\">\n              <a aria-label=\"Visit product category Literat\u00fara\" href=\"https:\/\/herbaday.sk\/index.php\/product-category\/literatura\/\">                <div class=\"box box-category has-hover box-badge hover-dark \">\n                <div class=\"box-image\" >\n                  <div class=\"\" >\n                  <img loading=\"lazy\" decoding=\"async\" src=\"https:\/\/i0.wp.com\/herbaday.sk\/wp-content\/uploads\/2020\/12\/EMEA_CookBook_Web_Ordering_RGB_SK_1300.png?resize=300%2C300&#038;ssl=1\" alt=\"Literat\u00fara\" width=\"300\" height=\"300\" \/>                                                      <\/div>\n                <\/div>\n                <div class=\"box-text text-center\" >\n                  <div class=\"box-text-inner\">\n                      <h5 class=\"uppercase header-title\">\n                              Literat\u00fara                      <\/h5>\n                                            <p class=\"is-xsmall uppercase count \">\n\t                      1 Produkt                      <\/p>\n                                            \n                  <\/div>\n                <\/div>\n                <\/div>\n            <\/a>            <\/div>\n            <\/div><div class=\"product-category col\" >\n            <div class=\"col-inner\">\n              <a aria-label=\"Visit product category Medzin\u00e1rodn\u00e1 podnikate\u013esk\u00e1 s\u00faprava\" href=\"https:\/\/herbaday.sk\/index.php\/product-category\/medzinarodna-podnikatelska-suprava\/\">                <div class=\"box box-category has-hover box-badge hover-dark \">\n                <div class=\"box-image\" >\n                  <div class=\"\" >\n                  <img loading=\"lazy\" decoding=\"async\" src=\"https:\/\/i0.wp.com\/herbaday.sk\/wp-content\/uploads\/2020\/11\/5451.png?resize=300%2C300&#038;ssl=1\" alt=\"Medzin\u00e1rodn\u00e1 podnikate\u013esk\u00e1 s\u00faprava\" width=\"300\" height=\"300\" \/>                                                      <\/div>\n                <\/div>\n                <div class=\"box-text text-center\" >\n                  <div class=\"box-text-inner\">\n                      <h5 class=\"uppercase header-title\">\n                              Medzin\u00e1rodn\u00e1 podnikate\u013esk\u00e1 s\u00faprava                      <\/h5>\n                                            <p class=\"is-xsmall uppercase count \">\n\t                      1 Produkt                      <\/p>\n                                            \n                  <\/div>\n                <\/div>\n                <\/div>\n            <\/a>            <\/div>\n            <\/div><div class=\"product-category col\" >\n            <div class=\"col-inner\">\n              <a aria-label=\"Visit product category Nekategorizovan\u00e9\" href=\"https:\/\/herbaday.sk\/index.php\/product-category\/nekategorizovane\/\">                <div class=\"box box-category has-hover box-badge hover-dark \">\n                <div class=\"box-image\" >\n                  <div class=\"\" >\n                  <img loading=\"lazy\" decoding=\"async\" src=\"https:\/\/i0.wp.com\/herbaday.sk\/wp-content\/uploads\/2021\/01\/Neon_Shakers_400px.png?resize=300%2C300&#038;ssl=1\" alt=\"Nekategorizovan\u00e9\" width=\"300\" height=\"300\" \/>                                                      <\/div>\n                <\/div>\n                <div class=\"box-text text-center\" >\n                  <div class=\"box-text-inner\">\n                      <h5 class=\"uppercase header-title\">\n                              Nekategorizovan\u00e9                      <\/h5>\n                                            <p class=\"is-xsmall uppercase count \">\n\t                      1 Produkt                      <\/p>\n                                            \n                  <\/div>\n                <\/div>\n                <\/div>\n            <\/a>            <\/div>\n            <\/div><\/div>","protected":false},"excerpt":{"rendered":"","protected":false},"author":1,"featured_media":0,"parent":0,"menu_order":0,"comment_status":"closed","ping_status":"closed","template":"","meta":{"footnotes":""},"class_list":["post-1207","page","type-page","status-publish","hentry"],"yoast_head":"<!-- This site is optimized with the Yoast SEO plugin v24.3 - https:\/\/yoast.com\/wordpress\/plugins\/seo\/ -->\n<title>Produktov\u00e9 rady - Herbaday<\/title>\n<meta name=\"robots\" content=\"index, follow, max-snippet:-1, max-image-preview:large, max-video-preview:-1\" \/>\n<link rel=\"canonical\" href=\"https:\/\/herbaday.sk\/index.php\/nase-produkty\/\" \/>\n<meta property=\"og:locale\" content=\"sk_SK\" \/>\n<meta property=\"og:type\" content=\"article\" \/>\n<meta property=\"og:title\" content=\"Produktov\u00e9 rady - Herbaday\" \/>\n<meta property=\"og:url\" content=\"https:\/\/herbaday.sk\/index.php\/nase-produkty\/\" \/>\n<meta property=\"og:site_name\" content=\"Herbaday\" \/>\n<meta property=\"article:modified_time\" content=\"2020-12-22T10:15:37+00:00\" \/>\n<meta name=\"twitter:card\" content=\"summary_large_image\" \/>\n<script type=\"application\/ld+json\" class=\"yoast-schema-graph\">{\"@context\":\"https:\/\/schema.org\",\"@graph\":[{\"@type\":\"WebPage\",\"@id\":\"https:\/\/herbaday.sk\/index.php\/nase-produkty\/\",\"url\":\"https:\/\/herbaday.sk\/index.php\/nase-produkty\/\",\"name\":\"Produktov\u00e9 rady - Herbaday\",\"isPartOf\":{\"@id\":\"https:\/\/herbaday.sk\/#website\"},\"datePublished\":\"2020-12-21T22:12:22+00:00\",\"dateModified\":\"2020-12-22T10:15:37+00:00\",\"breadcrumb\":{\"@id\":\"https:\/\/herbaday.sk\/index.php\/nase-produkty\/#breadcrumb\"},\"inLanguage\":\"sk-SK\",\"potentialAction\":[{\"@type\":\"ReadAction\",\"target\":[\"https:\/\/herbaday.sk\/index.php\/nase-produkty\/\"]}]},{\"@type\":\"BreadcrumbList\",\"@id\":\"https:\/\/herbaday.sk\/index.php\/nase-produkty\/#breadcrumb\",\"itemListElement\":[{\"@type\":\"ListItem\",\"position\":1,\"name\":\"Domovsk\u00e1 str\u00e1nka\",\"item\":\"https:\/\/herbaday.sk\/\"},{\"@type\":\"ListItem\",\"position\":2,\"name\":\"Produktov\u00e9 rady\"}]},{\"@type\":\"WebSite\",\"@id\":\"https:\/\/herbaday.sk\/#website\",\"url\":\"https:\/\/herbaday.sk\/\",\"name\":\"Herbaday\",\"description\":\"Nez\u00e1visl\u00fd \u010dlen Herbalife Nutrition\",\"publisher\":{\"@id\":\"https:\/\/herbaday.sk\/#organization\"},\"potentialAction\":[{\"@type\":\"SearchAction\",\"target\":{\"@type\":\"EntryPoint\",\"urlTemplate\":\"https:\/\/herbaday.sk\/?s={search_term_string}\"},\"query-input\":{\"@type\":\"PropertyValueSpecification\",\"valueRequired\":true,\"valueName\":\"search_term_string\"}}],\"inLanguage\":\"sk-SK\"},{\"@type\":\"Organization\",\"@id\":\"https:\/\/herbaday.sk\/#organization\",\"name\":\"Herbaday\",\"url\":\"https:\/\/herbaday.sk\/\",\"logo\":{\"@type\":\"ImageObject\",\"inLanguage\":\"sk-SK\",\"@id\":\"https:\/\/herbaday.sk\/#\/schema\/logo\/image\/\",\"url\":\"http:\/\/herbaday.sk\/wp-content\/uploads\/2020\/11\/herbaday_logo.png\",\"contentUrl\":\"http:\/\/herbaday.sk\/wp-content\/uploads\/2020\/11\/herbaday_logo.png\",\"width\":2214,\"height\":545,\"caption\":\"Herbaday\"},\"image\":{\"@id\":\"https:\/\/herbaday.sk\/#\/schema\/logo\/image\/\"}}]}<\/script>\n<!-- \/ Yoast SEO plugin. -->","yoast_head_json":{"title":"Produktov\u00e9 rady - Herbaday","robots":{"index":"index","follow":"follow","max-snippet":"max-snippet:-1","max-image-preview":"max-image-preview:large","max-video-preview":"max-video-preview:-1"},"canonical":"https:\/\/herbaday.sk\/index.php\/nase-produkty\/","og_locale":"sk_SK","og_type":"article","og_title":"Produktov\u00e9 rady - Herbaday","og_url":"https:\/\/herbaday.sk\/index.php\/nase-produkty\/","og_site_name":"Herbaday","article_modified_time":"2020-12-22T10:15:37+00:00","twitter_card":"summary_large_image","schema":{"@context":"https:\/\/schema.org","@graph":[{"@type":"WebPage","@id":"https:\/\/herbaday.sk\/index.php\/nase-produkty\/","url":"https:\/\/herbaday.sk\/index.php\/nase-produkty\/","name":"Produktov\u00e9 rady - Herbaday","isPartOf":{"@id":"https:\/\/herbaday.sk\/#website"},"datePublished":"2020-12-21T22:12:22+00:00","dateModified":"2020-12-22T10:15:37+00:00","breadcrumb":{"@id":"https:\/\/herbaday.sk\/index.php\/nase-produkty\/#breadcrumb"},"inLanguage":"sk-SK","potentialAction":[{"@type":"ReadAction","target":["https:\/\/herbaday.sk\/index.php\/nase-produkty\/"]}]},{"@type":"BreadcrumbList","@id":"https:\/\/herbaday.sk\/index.php\/nase-produkty\/#breadcrumb","itemListElement":[{"@type":"ListItem","position":1,"name":"Domovsk\u00e1 str\u00e1nka","item":"https:\/\/herbaday.sk\/"},{"@type":"ListItem","position":2,"name":"Produktov\u00e9 rady"}]},{"@type":"WebSite","@id":"https:\/\/herbaday.sk\/#website","url":"https:\/\/herbaday.sk\/","name":"Herbaday","description":"Nez\u00e1visl\u00fd \u010dlen Herbalife Nutrition","publisher":{"@id":"https:\/\/herbaday.sk\/#organization"},"potentialAction":[{"@type":"SearchAction","target":{"@type":"EntryPoint","urlTemplate":"https:\/\/herbaday.sk\/?s={search_term_string}"},"query-input":{"@type":"PropertyValueSpecification","valueRequired":true,"valueName":"search_term_string"}}],"inLanguage":"sk-SK"},{"@type":"Organization","@id":"https:\/\/herbaday.sk\/#organization","name":"Herbaday","url":"https:\/\/herbaday.sk\/","logo":{"@type":"ImageObject","inLanguage":"sk-SK","@id":"https:\/\/herbaday.sk\/#\/schema\/logo\/image\/","url":"http:\/\/herbaday.sk\/wp-content\/uploads\/2020\/11\/herbaday_logo.png","contentUrl":"http:\/\/herbaday.sk\/wp-content\/uploads\/2020\/11\/herbaday_logo.png","width":2214,"height":545,"caption":"Herbaday"},"image":{"@id":"https:\/\/herbaday.sk\/#\/schema\/logo\/image\/"}}]}},"jetpack_sharing_enabled":true,"_links":{"self":[{"href":"https:\/\/herbaday.sk\/index.php\/wp-json\/wp\/v2\/pages\/1207","targetHints":{"allow":["GET"]}}],"collection":[{"href":"https:\/\/herbaday.sk\/index.php\/wp-json\/wp\/v2\/pages"}],"about":[{"href":"https:\/\/herbaday.sk\/index.php\/wp-json\/wp\/v2\/types\/page"}],"author":[{"embeddable":true,"href":"https:\/\/herbaday.sk\/index.php\/wp-json\/wp\/v2\/users\/1"}],"replies":[{"embeddable":true,"href":"https:\/\/herbaday.sk\/index.php\/wp-json\/wp\/v2\/comments?post=1207"}],"version-history":[{"count":4,"href":"https:\/\/herbaday.sk\/index.php\/wp-json\/wp\/v2\/pages\/1207\/revisions"}],"predecessor-version":[{"id":1322,"href":"https:\/\/herbaday.sk\/index.php\/wp-json\/wp\/v2\/pages\/1207\/revisions\/1322"}],"wp:attachment":[{"href":"https:\/\/herbaday.sk\/index.php\/wp-json\/wp\/v2\/media?parent=1207"}],"curies":[{"name":"wp","href":"https:\/\/api.w.org\/{rel}","templated":true}]}}