{"id":1416,"date":"2020-12-22T21:12:32","date_gmt":"2020-12-22T21:12:32","guid":{"rendered":"https:\/\/herbaday.sk\/?page_id=1416"},"modified":"2021-01-30T21:24:33","modified_gmt":"2021-01-30T21:24:33","slug":"recenzie","status":"publish","type":"page","link":"https:\/\/herbaday.sk\/index.php\/recenzie\/","title":{"rendered":"Recenzie"},"content":{"rendered":"<div class=\"cr-all-reviews-shortcode\" data-attributes=\"{&quot;sort&quot;:&quot;desc&quot;,&quot;sort_by&quot;:&quot;date&quot;,&quot;per_page&quot;:5,&quot;show_summary_bar&quot;:true,&quot;show_media&quot;:true,&quot;show_pictures&quot;:false,&quot;show_products&quot;:false,&quot;categories&quot;:[],&quot;products&quot;:[],&quot;product_reviews&quot;:true,&quot;shop_reviews&quot;:true,&quot;inactive_products&quot;:false,&quot;show_replies&quot;:false,&quot;product_tags&quot;:[],&quot;tags&quot;:[],&quot;show_more&quot;:5,&quot;min_chars&quot;:0,&quot;avatars&quot;:&quot;initials&quot;,&quot;users&quot;:&quot;all&quot;,&quot;add_review&quot;:false}\"><div class=\"cr-credits-div\"><span>Powered by<\/span><a href=\"https:\/\/wordpress.org\/plugins\/customer-reviews-woocommerce\/\" target=\"_blank\" alt=\"Customer Reviews for WooCommerce\" title=\"Customer Reviews for WooCommerce\"><img decoding=\"async\" src=\"https:\/\/herbaday.sk\/wp-content\/plugins\/customer-reviews-woocommerce\/img\/logo-vs.svg\" alt=\"CusRev\"><\/a><\/div><div class=\"cr-summaryBox-wrap\"><div class=\"cr-overall-rating-wrap\"><div class=\"cr-average-rating\"><span>4,9<\/span><\/div><div class=\"cr-average-rating-stars\"><div class=\"crstar-rating\"><span style=\"width:98.614864864865%;\"><\/span><\/div><\/div><div class=\"cr-total-rating-count\">Zalo\u017een\u00e9 na 592 hodnoteniach<\/div><\/div><div class=\"cr-summary-separator\"><div class=\"cr-summary-separator-int\"><\/div><\/div><div class=\"ivole-summaryBox cr-all-reviews-ajax\"><table class=\"cr-histogramTable\"><tbody><tr class=\"ivole-histogramRow\"><td class=\"ivole-histogramCell1\"><span class=\"cr-histogram-a\" data-rating=\"5\">5 hviezdi\u010diek<\/span><\/td><td class=\"ivole-histogramCell2\"><div class=\"cr-histogram-a\" data-rating=\"5\"><div class=\"ivole-meter\"><div class=\"ivole-meter-bar\" style=\"width: 95%\">95<\/div><\/div><\/div><\/td><td class=\"ivole-histogramCell3\"><span class=\"cr-histogram-a\" data-rating=\"5\">95%<\/span><\/td><\/tr><tr class=\"ivole-histogramRow\"><td class=\"ivole-histogramCell1\"><span class=\"cr-histogram-a\" data-rating=\"4\">4 hviezdi\u010dky<\/span><\/td><td class=\"ivole-histogramCell2\"><div class=\"cr-histogram-a\" data-rating=\"4\"><div class=\"ivole-meter\"><div class=\"ivole-meter-bar\" style=\"width: 4%\">4<\/div><\/div><\/div><\/td><td class=\"ivole-histogramCell3\"><span class=\"cr-histogram-a\" data-rating=\"4\">4%<\/span><\/td><\/tr><tr class=\"ivole-histogramRow\"><td class=\"ivole-histogramCell1\"><span class=\"cr-histogram-a\" data-rating=\"3\">3 hviezdi\u010dky<\/span><\/td><td class=\"ivole-histogramCell2\"><div class=\"cr-histogram-a\" data-rating=\"3\"><div class=\"ivole-meter\"><div class=\"ivole-meter-bar\" style=\"width: 1%\">1<\/div><\/div><\/div><\/td><td class=\"ivole-histogramCell3\"><span class=\"cr-histogram-a\" data-rating=\"3\">1%<\/span><\/td><\/tr><tr class=\"ivole-histogramRow\"><td class=\"ivole-histogramCell1\">2 hviezdi\u010dky<\/td><td class=\"ivole-histogramCell2\"><div class=\"ivole-meter\"><div class=\"ivole-meter-bar\" style=\"width: 0%\"><\/div><\/div><\/td><td class=\"ivole-histogramCell3\">0%<\/td><\/tr><tr class=\"ivole-histogramRow\"><td class=\"ivole-histogramCell1\"><span class=\"cr-histogram-a\" data-rating=\"1\">1 hviezdi\u010dka<\/span><\/td><td class=\"ivole-histogramCell2\"><div class=\"cr-histogram-a\" data-rating=\"1\"><div class=\"ivole-meter\"><div class=\"ivole-meter-bar\" style=\"width: 0%\">0<\/div><\/div><\/div><\/td><td class=\"ivole-histogramCell3\"><span class=\"cr-histogram-a\" data-rating=\"1\">0%<\/span><\/td><\/tr><\/tbody><\/table><\/div><\/div>\n\t\t\t\t<div class=\"cr-ajax-search\">\n\t\t\t\t\t<div>\n\t\t\t\t\t\t<svg width=\"1em\" height=\"1em\" viewBox=\"0 0 16 16\" class=\"cr-ajax-search-icon\" fill=\"#868686\" xmlns=\"http:\/\/www.w3.org\/2000\/svg\">\n\t\t\t\t\t\t\t<path fill-rule=\"evenodd\" d=\"M10.442 10.442a1 1 0 0 1 1.415 0l3.85 3.85a1 1 0 0 1-1.414 1.415l-3.85-3.85a1 1 0 0 1 0-1.415z\"\/>\n\t\t\t\t\t\t\t<path fill-rule=\"evenodd\" d=\"M6.5 12a5.5 5.5 0 1 0 0-11 5.5 5.5 0 0 0 0 11zM13 6.5a6.5 6.5 0 1 1-13 0 6.5 6.5 0 0 1 13 0z\"\/>\n\t\t\t\t\t\t<\/svg>\n\t\t\t\t\t\t<input name=\"cr_input_text_search\" class=\"cr-input-text\" type=\"text\" placeholder=\"Vyh\u013ead\u00e1vanie recenzi\u00ed z\u00e1kazn\u00edkov\" value=\"\" aria-label=\"Vyh\u013ead\u00e1vanie recenzi\u00ed z\u00e1kazn\u00edkov\">\n\t\t\t\t\t\t<span class=\"cr-clear-input\">\n\t\t\t\t\t\t\t<svg width=\"1em\" height=\"1em\" viewBox=\"0 0 16 16\" class=\"bi bi-x-circle-fill\" fill=\"#868686\" xmlns=\"http:\/\/www.w3.org\/2000\/svg\">\n\t\t\t\t\t\t\t\t<path fill-rule=\"evenodd\" d=\"M16 8A8 8 0 1 1 0 8a8 8 0 0 1 16 0zM5.354 4.646a.5.5 0 1 0-.708.708L7.293 8l-2.647 2.646a.5.5 0 0 0 .708.708L8 8.707l2.646 2.647a.5.5 0 0 0 .708-.708L8.707 8l2.647-2.646a.5.5 0 0 0-.708-.708L8 7.293 5.354 4.646z\"\/>\n\t\t\t\t\t\t\t<\/svg>\n\t\t\t\t\t\t<\/span>\n\t\t\t\t\t<\/div><button type=\"button\" class=\"cr-button-search\">Vyh\u013ead\u00e1vanie<\/button><\/div><div class=\"cr-count-row\"><div class=\"cr-count-row-count\">1-5 of 592 reviews<\/div><div class=\"cr-ajax-reviews-sort-div\"><select name=\"cr_ajax_reviews_sort\" class=\"cr-ajax-reviews-sort\" data-nonce=\"ef7402b5ae\" aria-label=\"Sort reviews\"><option value=\"recent\" selected=\"selected\">Najnov\u0161ie<\/option><option value=\"helpful\">Naju\u017eito\u010dnej\u0161ie<\/option><\/select><\/div><\/div><ol class=\"commentlist\"><li class=\"review byuser comment-author-silvia-henyigova even thread-even depth-1\" id=\"li-comment-12467\">\n\n\t\n\t<div id=\"comment-12467\" class=\"comment_container cr-verified-owner\">\n\n\t\t<img loading=\"lazy\" decoding=\"async\" alt=\"SH\" src=\"data:image\/svg+xml;base64,CgkJCQkJCTxzdmcgd2lkdGg9IjYwIiBoZWlnaHQ9IjYwIiB4bWxucz0iaHR0cDovL3d3dy53My5vcmcvMjAwMC9zdmciIHhtbG5zOnhsaW5rPSJodHRwOi8vd3d3LnczLm9yZy8xOTk5L3hsaW5rIj4KCQkJCQkJCTxyZWN0IHg9IjAiIHk9IjAiIHdpZHRoPSI2MCIgaGVpZ2h0PSI2MCIgc3R5bGU9ImZpbGw6ICNDQ0QxRDQiPjwvcmVjdD4KCQkJCQkJCTx0ZXh0IHg9IjUwJSIgeT0iNTAlIiBkeT0iLjFlbSIgZmlsbD0iIzRENUQ2NCIgdGV4dC1hbmNob3I9Im1pZGRsZSIgZG9taW5hbnQtYmFzZWxpbmU9Im1pZGRsZSIgc3R5bGU9ImZvbnQtZmFtaWx5OiBzYW5zLXNlcmlmOyBmb250LXNpemU6IDMwOyBsaW5lLWhlaWdodDogMSI+U0g8L3RleHQ+CgkJCQkJCTwvc3ZnPgoJCQkJCQ==\" width=\"60\" height=\"60\" class=\"avatar\"><div class=\"cr-avatar-check\">\n\t\t\t\t\t\t<svg xmlns=\"http:\/\/www.w3.org\/2000\/svg\" width=\"1em\" height=\"1em\" preserveAspectRatio=\"xMidYMid meet\" viewBox=\"0 0 24 24\">\n\t\t\t\t\t\t\t<path fill=\"#FFFFFF\" d=\"m10 16.4l-4-4L7.4 11l2.6 2.6L16.6 7L18 8.4Z\"\/>\n\t\t\t\t\t\t<\/svg>\n\t\t\t\t\t<\/div>\n\t\t<div class=\"comment-text\">\n\n\t\t\t\n\t\t\t\t<div class=\"meta\">\n\t\t\t\t\t<div class=\"cr-meta-author-featured-date\">\n\t\t\t\t\t\t<div class=\"cr-meta-author-title\">\n\t\t\t\t\t\t\t<div>\n\t\t\t\t\t\t\t\t<span class=\"woocommerce-review__author\">Silvia H.<\/span>\n\t\t\t\t\t\t\t\t\t\t\t\t\t\t\t<\/div>\n\t\t\t\t\t\t\t<span class=\"woocommerce-review__verified verified\">Overen\u00fd vlastn\u00edk<\/span> \t\t\t\t\t\t<\/div>\n\t\t\t\t\t\t\t\t\t\t\t<\/div>\n\t\t\t\t\t<time class=\"woocommerce-review__published-date\" datetime=\"2023-05-22T13:10:29+00:00\">22 m\u00e1ja, 2023<\/time>\n\t\t\t\t<\/div>\n\n\t\t\t<div class=\"crstar-rating\" role=\"img\" aria-label=\"Hodnotenie 5 z 5\"><span style=\"width:100%\">Hodnotenie <strong class=\"rating\">5<\/strong> z 5<\/span><\/div><div class=\"description\"><p>  v\u00fdrobky super, ale cena je u\u017e ve\u013emi vysok\u00e1<\/p>\n<\/div>\n\t\t<\/div>\n\t<\/div>\n<\/li><!-- #comment-## -->\n<li class=\"review byuser comment-author-silvia-henyigova odd alt thread-odd thread-alt depth-1\" id=\"li-comment-12466\">\n\n\t\n\t<div id=\"comment-12466\" class=\"comment_container\">\n\n\t\t<img loading=\"lazy\" decoding=\"async\" alt=\"SH\" src=\"data:image\/svg+xml;base64,CgkJCQkJCTxzdmcgd2lkdGg9IjYwIiBoZWlnaHQ9IjYwIiB4bWxucz0iaHR0cDovL3d3dy53My5vcmcvMjAwMC9zdmciIHhtbG5zOnhsaW5rPSJodHRwOi8vd3d3LnczLm9yZy8xOTk5L3hsaW5rIj4KCQkJCQkJCTxyZWN0IHg9IjAiIHk9IjAiIHdpZHRoPSI2MCIgaGVpZ2h0PSI2MCIgc3R5bGU9ImZpbGw6ICNDQ0QxRDQiPjwvcmVjdD4KCQkJCQkJCTx0ZXh0IHg9IjUwJSIgeT0iNTAlIiBkeT0iLjFlbSIgZmlsbD0iIzRENUQ2NCIgdGV4dC1hbmNob3I9Im1pZGRsZSIgZG9taW5hbnQtYmFzZWxpbmU9Im1pZGRsZSIgc3R5bGU9ImZvbnQtZmFtaWx5OiBzYW5zLXNlcmlmOyBmb250LXNpemU6IDMwOyBsaW5lLWhlaWdodDogMSI+U0g8L3RleHQ+CgkJCQkJCTwvc3ZnPgoJCQkJCQ==\" width=\"60\" height=\"60\" class=\"avatar\"><div class=\"cr-avatar-check\">\n\t\t\t\t\t\t<svg xmlns=\"http:\/\/www.w3.org\/2000\/svg\" width=\"1em\" height=\"1em\" preserveAspectRatio=\"xMidYMid meet\" viewBox=\"0 0 24 24\">\n\t\t\t\t\t\t\t<path fill=\"#FFFFFF\" d=\"m10 16.4l-4-4L7.4 11l2.6 2.6L16.6 7L18 8.4Z\"\/>\n\t\t\t\t\t\t<\/svg>\n\t\t\t\t\t<\/div>\n\t\t<div class=\"comment-text\">\n\n\t\t\t\n\t\t\t\t<div class=\"meta\">\n\t\t\t\t\t<div class=\"cr-meta-author-featured-date\">\n\t\t\t\t\t\t<div class=\"cr-meta-author-title\">\n\t\t\t\t\t\t\t<div>\n\t\t\t\t\t\t\t\t<span class=\"woocommerce-review__author\">Silvia H.<\/span>\n\t\t\t\t\t\t\t\t\t\t\t\t\t\t\t<\/div>\n\t\t\t\t\t\t\t<span class=\"woocommerce-review__verified verified\">Reviewer<\/span> \t\t\t\t\t\t<\/div>\n\t\t\t\t\t\t\t\t\t\t\t<\/div>\n\t\t\t\t\t<time class=\"woocommerce-review__published-date\" datetime=\"2023-05-22T13:10:29+00:00\">22 m\u00e1ja, 2023<\/time>\n\t\t\t\t<\/div>\n\n\t\t\t<div class=\"crstar-rating\" role=\"img\" aria-label=\"Hodnotenie 5 z 5\"><span style=\"width:100%\">Hodnotenie <strong class=\"rating\">5<\/strong> z 5<\/span><\/div><div class=\"description\"><p>Max. spokojnos\u0165<\/p>\n<\/div>\n\t\t<\/div>\n\t<\/div>\n<\/li><!-- #comment-## -->\n<li class=\"review byuser comment-author-eva-hudakova-8150 even thread-even depth-1\" id=\"li-comment-12464\">\n\n\t\n\t<div id=\"comment-12464\" class=\"comment_container cr-verified-owner\">\n\n\t\t<img loading=\"lazy\" decoding=\"async\" alt=\"EH\" src=\"data:image\/svg+xml;base64,CgkJCQkJCTxzdmcgd2lkdGg9IjYwIiBoZWlnaHQ9IjYwIiB4bWxucz0iaHR0cDovL3d3dy53My5vcmcvMjAwMC9zdmciIHhtbG5zOnhsaW5rPSJodHRwOi8vd3d3LnczLm9yZy8xOTk5L3hsaW5rIj4KCQkJCQkJCTxyZWN0IHg9IjAiIHk9IjAiIHdpZHRoPSI2MCIgaGVpZ2h0PSI2MCIgc3R5bGU9ImZpbGw6ICNDQ0QxRDQiPjwvcmVjdD4KCQkJCQkJCTx0ZXh0IHg9IjUwJSIgeT0iNTAlIiBkeT0iLjFlbSIgZmlsbD0iIzRENUQ2NCIgdGV4dC1hbmNob3I9Im1pZGRsZSIgZG9taW5hbnQtYmFzZWxpbmU9Im1pZGRsZSIgc3R5bGU9ImZvbnQtZmFtaWx5OiBzYW5zLXNlcmlmOyBmb250LXNpemU6IDMwOyBsaW5lLWhlaWdodDogMSI+RUg8L3RleHQ+CgkJCQkJCTwvc3ZnPgoJCQkJCQ==\" width=\"60\" height=\"60\" class=\"avatar\"><div class=\"cr-avatar-check\">\n\t\t\t\t\t\t<svg xmlns=\"http:\/\/www.w3.org\/2000\/svg\" width=\"1em\" height=\"1em\" preserveAspectRatio=\"xMidYMid meet\" viewBox=\"0 0 24 24\">\n\t\t\t\t\t\t\t<path fill=\"#FFFFFF\" d=\"m10 16.4l-4-4L7.4 11l2.6 2.6L16.6 7L18 8.4Z\"\/>\n\t\t\t\t\t\t<\/svg>\n\t\t\t\t\t<\/div>\n\t\t<div class=\"comment-text\">\n\n\t\t\t\n\t\t\t\t<div class=\"meta\">\n\t\t\t\t\t<div class=\"cr-meta-author-featured-date\">\n\t\t\t\t\t\t<div class=\"cr-meta-author-title\">\n\t\t\t\t\t\t\t<div>\n\t\t\t\t\t\t\t\t<span class=\"woocommerce-review__author\">Eva H.<\/span>\n\t\t\t\t\t\t\t\t\t\t\t\t\t\t\t<\/div>\n\t\t\t\t\t\t\t<span class=\"woocommerce-review__verified verified\">Overen\u00fd vlastn\u00edk<\/span> \t\t\t\t\t\t<\/div>\n\t\t\t\t\t\t\t\t\t\t\t<\/div>\n\t\t\t\t\t<time class=\"woocommerce-review__published-date\" datetime=\"2023-05-22T10:06:26+00:00\">22 m\u00e1ja, 2023<\/time>\n\t\t\t\t<\/div>\n\n\t\t\t<div class=\"crstar-rating\" role=\"img\" aria-label=\"Hodnotenie 5 z 5\"><span style=\"width:100%\">Hodnotenie <strong class=\"rating\">5<\/strong> z 5<\/span><\/div><div class=\"description\"><\/div>\n\t\t<\/div>\n\t<\/div>\n<\/li><!-- #comment-## -->\n<li class=\"review byuser comment-author-eva-hudakova-8150 odd alt thread-odd thread-alt depth-1\" id=\"li-comment-12463\">\n\n\t\n\t<div id=\"comment-12463\" class=\"comment_container cr-verified-owner\">\n\n\t\t<img loading=\"lazy\" decoding=\"async\" alt=\"EH\" src=\"data:image\/svg+xml;base64,CgkJCQkJCTxzdmcgd2lkdGg9IjYwIiBoZWlnaHQ9IjYwIiB4bWxucz0iaHR0cDovL3d3dy53My5vcmcvMjAwMC9zdmciIHhtbG5zOnhsaW5rPSJodHRwOi8vd3d3LnczLm9yZy8xOTk5L3hsaW5rIj4KCQkJCQkJCTxyZWN0IHg9IjAiIHk9IjAiIHdpZHRoPSI2MCIgaGVpZ2h0PSI2MCIgc3R5bGU9ImZpbGw6ICNDQ0QxRDQiPjwvcmVjdD4KCQkJCQkJCTx0ZXh0IHg9IjUwJSIgeT0iNTAlIiBkeT0iLjFlbSIgZmlsbD0iIzRENUQ2NCIgdGV4dC1hbmNob3I9Im1pZGRsZSIgZG9taW5hbnQtYmFzZWxpbmU9Im1pZGRsZSIgc3R5bGU9ImZvbnQtZmFtaWx5OiBzYW5zLXNlcmlmOyBmb250LXNpemU6IDMwOyBsaW5lLWhlaWdodDogMSI+RUg8L3RleHQ+CgkJCQkJCTwvc3ZnPgoJCQkJCQ==\" width=\"60\" height=\"60\" class=\"avatar\"><div class=\"cr-avatar-check\">\n\t\t\t\t\t\t<svg xmlns=\"http:\/\/www.w3.org\/2000\/svg\" width=\"1em\" height=\"1em\" preserveAspectRatio=\"xMidYMid meet\" viewBox=\"0 0 24 24\">\n\t\t\t\t\t\t\t<path fill=\"#FFFFFF\" d=\"m10 16.4l-4-4L7.4 11l2.6 2.6L16.6 7L18 8.4Z\"\/>\n\t\t\t\t\t\t<\/svg>\n\t\t\t\t\t<\/div>\n\t\t<div class=\"comment-text\">\n\n\t\t\t\n\t\t\t\t<div class=\"meta\">\n\t\t\t\t\t<div class=\"cr-meta-author-featured-date\">\n\t\t\t\t\t\t<div class=\"cr-meta-author-title\">\n\t\t\t\t\t\t\t<div>\n\t\t\t\t\t\t\t\t<span class=\"woocommerce-review__author\">Eva H.<\/span>\n\t\t\t\t\t\t\t\t\t\t\t\t\t\t\t<\/div>\n\t\t\t\t\t\t\t<span class=\"woocommerce-review__verified verified\">Overen\u00fd vlastn\u00edk<\/span> \t\t\t\t\t\t<\/div>\n\t\t\t\t\t\t\t\t\t\t\t<\/div>\n\t\t\t\t\t<time class=\"woocommerce-review__published-date\" datetime=\"2023-05-22T10:06:26+00:00\">22 m\u00e1ja, 2023<\/time>\n\t\t\t\t<\/div>\n\n\t\t\t<div class=\"crstar-rating\" role=\"img\" aria-label=\"Hodnotenie 5 z 5\"><span style=\"width:100%\">Hodnotenie <strong class=\"rating\">5<\/strong> z 5<\/span><\/div><div class=\"description\"><\/div>\n\t\t<\/div>\n\t<\/div>\n<\/li><!-- #comment-## -->\n<li class=\"review byuser comment-author-eva-hudakova-8150 even thread-even depth-1\" id=\"li-comment-12462\">\n\n\t\n\t<div id=\"comment-12462\" class=\"comment_container cr-verified-owner\">\n\n\t\t<img loading=\"lazy\" decoding=\"async\" alt=\"EH\" src=\"data:image\/svg+xml;base64,CgkJCQkJCTxzdmcgd2lkdGg9IjYwIiBoZWlnaHQ9IjYwIiB4bWxucz0iaHR0cDovL3d3dy53My5vcmcvMjAwMC9zdmciIHhtbG5zOnhsaW5rPSJodHRwOi8vd3d3LnczLm9yZy8xOTk5L3hsaW5rIj4KCQkJCQkJCTxyZWN0IHg9IjAiIHk9IjAiIHdpZHRoPSI2MCIgaGVpZ2h0PSI2MCIgc3R5bGU9ImZpbGw6ICNDQ0QxRDQiPjwvcmVjdD4KCQkJCQkJCTx0ZXh0IHg9IjUwJSIgeT0iNTAlIiBkeT0iLjFlbSIgZmlsbD0iIzRENUQ2NCIgdGV4dC1hbmNob3I9Im1pZGRsZSIgZG9taW5hbnQtYmFzZWxpbmU9Im1pZGRsZSIgc3R5bGU9ImZvbnQtZmFtaWx5OiBzYW5zLXNlcmlmOyBmb250LXNpemU6IDMwOyBsaW5lLWhlaWdodDogMSI+RUg8L3RleHQ+CgkJCQkJCTwvc3ZnPgoJCQkJCQ==\" width=\"60\" height=\"60\" class=\"avatar\"><div class=\"cr-avatar-check\">\n\t\t\t\t\t\t<svg xmlns=\"http:\/\/www.w3.org\/2000\/svg\" width=\"1em\" height=\"1em\" preserveAspectRatio=\"xMidYMid meet\" viewBox=\"0 0 24 24\">\n\t\t\t\t\t\t\t<path fill=\"#FFFFFF\" d=\"m10 16.4l-4-4L7.4 11l2.6 2.6L16.6 7L18 8.4Z\"\/>\n\t\t\t\t\t\t<\/svg>\n\t\t\t\t\t<\/div>\n\t\t<div class=\"comment-text\">\n\n\t\t\t\n\t\t\t\t<div class=\"meta\">\n\t\t\t\t\t<div class=\"cr-meta-author-featured-date\">\n\t\t\t\t\t\t<div class=\"cr-meta-author-title\">\n\t\t\t\t\t\t\t<div>\n\t\t\t\t\t\t\t\t<span class=\"woocommerce-review__author\">Eva H.<\/span>\n\t\t\t\t\t\t\t\t\t\t\t\t\t\t\t<\/div>\n\t\t\t\t\t\t\t<span class=\"woocommerce-review__verified verified\">Overen\u00fd vlastn\u00edk<\/span> \t\t\t\t\t\t<\/div>\n\t\t\t\t\t\t\t\t\t\t\t<\/div>\n\t\t\t\t\t<time class=\"woocommerce-review__published-date\" datetime=\"2023-05-22T10:06:26+00:00\">22 m\u00e1ja, 2023<\/time>\n\t\t\t\t<\/div>\n\n\t\t\t<div class=\"crstar-rating\" role=\"img\" aria-label=\"Hodnotenie 5 z 5\"><span style=\"width:100%\">Hodnotenie <strong class=\"rating\">5<\/strong> z 5<\/span><\/div><div class=\"description\"><\/div>\n\t\t<\/div>\n\t<\/div>\n<\/li><!-- #comment-## -->\n<span class=\"cr-pagination-review-spinner\"><\/span><\/ol><button id=\"cr-show-more-all-reviews\" class=\"cr-show-more-button\" type=\"button\" data-page=\"1\">Show more reviews (587)<\/button><span class=\"cr-show-more-review-spinner\" style=\"display:none;\"><\/span><p class=\"cr-search-no-reviews\" style=\"display:none\">Je n\u00e1m \u013e\u00fato, \u017eiadne recenzie nezodpovedaj\u00fa va\u0161im aktu\u00e1lnym v\u00fdberom<\/p><\/div>","protected":false},"excerpt":{"rendered":"","protected":false},"author":1,"featured_media":0,"parent":0,"menu_order":0,"comment_status":"closed","ping_status":"closed","template":"","meta":{"footnotes":""},"class_list":["post-1416","page","type-page","status-publish","hentry"],"yoast_head":"<!-- This site is optimized with the Yoast SEO plugin v24.3 - https:\/\/yoast.com\/wordpress\/plugins\/seo\/ -->\n<title>Recenzie - Herbaday<\/title>\n<meta name=\"robots\" content=\"index, follow, max-snippet:-1, max-image-preview:large, max-video-preview:-1\" \/>\n<link rel=\"canonical\" href=\"https:\/\/herbaday.sk\/index.php\/recenzie\/\" \/>\n<meta property=\"og:locale\" content=\"sk_SK\" \/>\n<meta property=\"og:type\" content=\"article\" \/>\n<meta property=\"og:title\" content=\"Recenzie - Herbaday\" \/>\n<meta property=\"og:url\" content=\"https:\/\/herbaday.sk\/index.php\/recenzie\/\" \/>\n<meta property=\"og:site_name\" content=\"Herbaday\" \/>\n<meta property=\"article:modified_time\" content=\"2021-01-30T21:24:33+00:00\" \/>\n<meta name=\"twitter:card\" content=\"summary_large_image\" \/>\n<script type=\"application\/ld+json\" class=\"yoast-schema-graph\">{\"@context\":\"https:\/\/schema.org\",\"@graph\":[{\"@type\":\"WebPage\",\"@id\":\"https:\/\/herbaday.sk\/index.php\/recenzie\/\",\"url\":\"https:\/\/herbaday.sk\/index.php\/recenzie\/\",\"name\":\"Recenzie - Herbaday\",\"isPartOf\":{\"@id\":\"https:\/\/herbaday.sk\/#website\"},\"datePublished\":\"2020-12-22T21:12:32+00:00\",\"dateModified\":\"2021-01-30T21:24:33+00:00\",\"breadcrumb\":{\"@id\":\"https:\/\/herbaday.sk\/index.php\/recenzie\/#breadcrumb\"},\"inLanguage\":\"sk-SK\",\"potentialAction\":[{\"@type\":\"ReadAction\",\"target\":[\"https:\/\/herbaday.sk\/index.php\/recenzie\/\"]}]},{\"@type\":\"BreadcrumbList\",\"@id\":\"https:\/\/herbaday.sk\/index.php\/recenzie\/#breadcrumb\",\"itemListElement\":[{\"@type\":\"ListItem\",\"position\":1,\"name\":\"Domovsk\u00e1 str\u00e1nka\",\"item\":\"https:\/\/herbaday.sk\/\"},{\"@type\":\"ListItem\",\"position\":2,\"name\":\"Recenzie\"}]},{\"@type\":\"WebSite\",\"@id\":\"https:\/\/herbaday.sk\/#website\",\"url\":\"https:\/\/herbaday.sk\/\",\"name\":\"Herbaday\",\"description\":\"Nez\u00e1visl\u00fd \u010dlen Herbalife Nutrition\",\"publisher\":{\"@id\":\"https:\/\/herbaday.sk\/#organization\"},\"potentialAction\":[{\"@type\":\"SearchAction\",\"target\":{\"@type\":\"EntryPoint\",\"urlTemplate\":\"https:\/\/herbaday.sk\/?s={search_term_string}\"},\"query-input\":{\"@type\":\"PropertyValueSpecification\",\"valueRequired\":true,\"valueName\":\"search_term_string\"}}],\"inLanguage\":\"sk-SK\"},{\"@type\":\"Organization\",\"@id\":\"https:\/\/herbaday.sk\/#organization\",\"name\":\"Herbaday\",\"url\":\"https:\/\/herbaday.sk\/\",\"logo\":{\"@type\":\"ImageObject\",\"inLanguage\":\"sk-SK\",\"@id\":\"https:\/\/herbaday.sk\/#\/schema\/logo\/image\/\",\"url\":\"http:\/\/herbaday.sk\/wp-content\/uploads\/2020\/11\/herbaday_logo.png\",\"contentUrl\":\"http:\/\/herbaday.sk\/wp-content\/uploads\/2020\/11\/herbaday_logo.png\",\"width\":2214,\"height\":545,\"caption\":\"Herbaday\"},\"image\":{\"@id\":\"https:\/\/herbaday.sk\/#\/schema\/logo\/image\/\"}}]}<\/script>\n<!-- \/ Yoast SEO plugin. -->","yoast_head_json":{"title":"Recenzie - Herbaday","robots":{"index":"index","follow":"follow","max-snippet":"max-snippet:-1","max-image-preview":"max-image-preview:large","max-video-preview":"max-video-preview:-1"},"canonical":"https:\/\/herbaday.sk\/index.php\/recenzie\/","og_locale":"sk_SK","og_type":"article","og_title":"Recenzie - Herbaday","og_url":"https:\/\/herbaday.sk\/index.php\/recenzie\/","og_site_name":"Herbaday","article_modified_time":"2021-01-30T21:24:33+00:00","twitter_card":"summary_large_image","schema":{"@context":"https:\/\/schema.org","@graph":[{"@type":"WebPage","@id":"https:\/\/herbaday.sk\/index.php\/recenzie\/","url":"https:\/\/herbaday.sk\/index.php\/recenzie\/","name":"Recenzie - Herbaday","isPartOf":{"@id":"https:\/\/herbaday.sk\/#website"},"datePublished":"2020-12-22T21:12:32+00:00","dateModified":"2021-01-30T21:24:33+00:00","breadcrumb":{"@id":"https:\/\/herbaday.sk\/index.php\/recenzie\/#breadcrumb"},"inLanguage":"sk-SK","potentialAction":[{"@type":"ReadAction","target":["https:\/\/herbaday.sk\/index.php\/recenzie\/"]}]},{"@type":"BreadcrumbList","@id":"https:\/\/herbaday.sk\/index.php\/recenzie\/#breadcrumb","itemListElement":[{"@type":"ListItem","position":1,"name":"Domovsk\u00e1 str\u00e1nka","item":"https:\/\/herbaday.sk\/"},{"@type":"ListItem","position":2,"name":"Recenzie"}]},{"@type":"WebSite","@id":"https:\/\/herbaday.sk\/#website","url":"https:\/\/herbaday.sk\/","name":"Herbaday","description":"Nez\u00e1visl\u00fd \u010dlen Herbalife Nutrition","publisher":{"@id":"https:\/\/herbaday.sk\/#organization"},"potentialAction":[{"@type":"SearchAction","target":{"@type":"EntryPoint","urlTemplate":"https:\/\/herbaday.sk\/?s={search_term_string}"},"query-input":{"@type":"PropertyValueSpecification","valueRequired":true,"valueName":"search_term_string"}}],"inLanguage":"sk-SK"},{"@type":"Organization","@id":"https:\/\/herbaday.sk\/#organization","name":"Herbaday","url":"https:\/\/herbaday.sk\/","logo":{"@type":"ImageObject","inLanguage":"sk-SK","@id":"https:\/\/herbaday.sk\/#\/schema\/logo\/image\/","url":"http:\/\/herbaday.sk\/wp-content\/uploads\/2020\/11\/herbaday_logo.png","contentUrl":"http:\/\/herbaday.sk\/wp-content\/uploads\/2020\/11\/herbaday_logo.png","width":2214,"height":545,"caption":"Herbaday"},"image":{"@id":"https:\/\/herbaday.sk\/#\/schema\/logo\/image\/"}}]}},"jetpack_sharing_enabled":true,"_links":{"self":[{"href":"https:\/\/herbaday.sk\/index.php\/wp-json\/wp\/v2\/pages\/1416","targetHints":{"allow":["GET"]}}],"collection":[{"href":"https:\/\/herbaday.sk\/index.php\/wp-json\/wp\/v2\/pages"}],"about":[{"href":"https:\/\/herbaday.sk\/index.php\/wp-json\/wp\/v2\/types\/page"}],"author":[{"embeddable":true,"href":"https:\/\/herbaday.sk\/index.php\/wp-json\/wp\/v2\/users\/1"}],"replies":[{"embeddable":true,"href":"https:\/\/herbaday.sk\/index.php\/wp-json\/wp\/v2\/comments?post=1416"}],"version-history":[{"count":20,"href":"https:\/\/herbaday.sk\/index.php\/wp-json\/wp\/v2\/pages\/1416\/revisions"}],"predecessor-version":[{"id":38423,"href":"https:\/\/herbaday.sk\/index.php\/wp-json\/wp\/v2\/pages\/1416\/revisions\/38423"}],"wp:attachment":[{"href":"https:\/\/herbaday.sk\/index.php\/wp-json\/wp\/v2\/media?parent=1416"}],"curies":[{"name":"wp","href":"https:\/\/api.w.org\/{rel}","templated":true}]}}