{"id":2,"date":"2020-11-12T17:05:30","date_gmt":"2020-11-12T17:05:30","guid":{"rendered":"https:\/\/herbaday.eu\/?page_id=2"},"modified":"2021-11-09T21:10:07","modified_gmt":"2021-11-09T21:10:07","slug":"obchodne-podmenky","status":"publish","type":"page","link":"https:\/\/herbaday.sk\/index.php\/obchodne-podmenky\/","title":{"rendered":"Obchodne podmienky"},"content":{"rendered":"<p><strong>V\u0161eobecn\u00e9 obchodn\u00e9 podmienky<\/strong><\/p><p>Tieto obchodn\u00e9 podmienky maj\u00fa charakter zmluvy a upravuj\u00fa pr\u00e1va a povinnosti zmluvn\u00fdch str\u00e1n, ktor\u00fdmi s\u00fa: <\/p><p>Obchodn\u00e9 meno: Vjerka Bzovski<br>Miesto podnikania: B\u00e9\u017eov\u00e1 3959\/6 Bratislava PS\u010c 85107<br>Okresn\u00fd \u00farad Bratislava \u010c\u00edslo \u017eivnostensk\u00e9ho registra: 110-217585<br>I\u010cO: 53856864<br>I\u010c DPH: SK1078547382  (\u010falej len \u201epred\u00e1vaj\u00faci\u201c) a spotrebite\u013eom. Nakupovanie tovaru na internetov\u00fdch str\u00e1nkach Pred\u00e1vaj\u00faceho m\u00f4\u017eu uskuto\u010dni\u0165 pr\u00e1vnick\u00e9 aj fyzick\u00e9 osoby (\u010falej len \u201espotrebite\u013e) za predpokladu dodr\u017eania ni\u017e\u0161ie uveden\u00fdch pravidiel.<\/p><p><strong>Objedn\u00e1vka<\/strong><\/p><p><strong>1.&nbsp;<\/strong>Spotrebite\u013e objedn\u00e1va v\u00fdrobky a slu\u017eby pred\u00e1vaj\u00faceho prostredn\u00edctvom elektronick\u00e9ho obchodn\u00e9ho syst\u00e9mu na str\u00e1nkach herbaday.eu, p\u00edsomnou formou (e-mailom alebo po\u0161tou) alebo telefonicky.<\/p><p>Takto vykonan\u00e1 objedn\u00e1vka sa pova\u017euje za z\u00e1v\u00e4zn\u00fa a je v s\u00falade so z\u00e1konom \u010d. 108\/2000 Z.z. v znen\u00ed neskor\u0161\u00edch zmien a predpisov ch\u00e1pan\u00e1 ako zmluva uzavieran\u00e1 na dia\u013eku.<\/p><p><strong>2.&nbsp;<\/strong>Pri ka\u017edej objedn\u00e1vke mus\u00ed spotrebite\u013e uvies\u0165 meno a priezvisko, po\u0161tov\u00fa a faktura\u010dn\u00fa adresu, telef\u00f3nne \u010d\u00edslo, e-mail, n\u00e1zov tovaru, popis tovaru, po\u010det kusov; fyzick\u00e1 a pr\u00e1vnick\u00e1 osoba podnikate\u013e aj I\u010cO, DI\u010c, I\u010c DPH (ak mu boli pridelen\u00e9).<\/p><p>Tieto \u00fadaje bud\u00fa pou\u017eit\u00e9 iba v r\u00e1mci obchodn\u00e9ho vz\u0165ahu medzi pred\u00e1vaj\u00facim a spotrebite\u013eom a nebud\u00fa bezd\u00f4vodne poskytnut\u00e9 tretej osobe. Pred\u00e1vaj\u00faci sa zav\u00e4zuje dodr\u017eiava\u0165 Z\u00e1kon \u010d. 122\/2013 Z.z. o ochrane osobn\u00fdch \u00fadajov a upres\u0148uje ich vo svojom dokumente Pravidl\u00e1 ochrany osobn\u00fdch \u00fadajov.<\/p><p><strong>3.&nbsp;<\/strong>Po doru\u010den\u00ed objedn\u00e1vky bude t\u00e1to objedn\u00e1vka zaevidovan\u00e1 v syst\u00e9me pred\u00e1vaj\u00faceho a vtedy z\u00e1rove\u0148 vznik\u00e1 obchodn\u00fd vz\u0165ah medzi pred\u00e1vaj\u00facim a spotrebite\u013eom. Najnesk\u00f4r do 24 hod\u00edn ( v pracovn\u00e9 dni) sa pred\u00e1vaj\u00faci skontaktuje so spotrebite\u013eom. Over\u00ed objedn\u00e1vku, sp\u00f4sob dopravy a ozn\u00e1mi mo\u017en\u00fa dodaciu dobu, alebo term\u00edn odberu, kone\u010dn\u00fa cenu a sp\u00f4sob \u00fahrady. Od tohto term\u00ednu je objedn\u00e1vka pre spotrebite\u013ea z\u00e1v\u00e4zn\u00e1.<\/p><p><strong>4.&nbsp;<\/strong>Spotrebite\u013e m\u00e1 pr\u00e1vo stornova\u0165 objedn\u00e1vku bez poplatku, a to iba v de\u0148 1. kontaktovania pred\u00e1vaj\u00faceho so spotrebite\u013eom, t.j v de\u0148, kedy sa overuje objedn\u00e1vka u spotrebite\u013ea. Objedn\u00e1vku je mo\u017en\u00e9 stornova\u0165 v\u00fdlu\u010dne p\u00edsomnou formou ( e-mailom). Potvrdenie stornovania ozn\u00e1mi pred\u00e1vaj\u00faci spotrebite\u013eovi tie\u017e v\u00fdlu\u010dne p\u00edsomnou formou. P\u00edsomn\u00e1 forma sa vy\u017eaduje z d\u00f4vodu dolo\u017eite\u013en\u00e9ho dokladu storna pre pred\u00e1vaj\u00faceho a zastavenie vybavovania objedn\u00e1vky.<\/p><p><strong>Dodacie lehoty<\/strong><\/p><p><strong>1.&nbsp;<\/strong>Dodacie lehoty s\u00fa pre r\u00f4zne druhy produktov r\u00f4zne. Term\u00edn dod\u00e1vky alebo odberu tovaru bude v\u017edy ozn\u00e1men\u00fd spotrebite\u013eovi pri overovan\u00ed objedn\u00e1vky.<\/p><p><strong>2.&nbsp;<\/strong>Vo v\u0161eobecnosti je term\u00edn dod\u00e1vky alebo odberu tovaru od 4 do 10 dn\u00ed od d\u00e1tumu overenia objedn\u00e1vky.<\/p><p><strong>3.&nbsp;<\/strong>Vo v\u00fdnimo\u010dn\u00fdch pr\u00edpadoch, ke\u010f niektor\u00e9 druhy tovarov nie s\u00fa skladom, a nie s\u00fa k dispoz\u00edcii ani u v\u00fdrobcov a dovozcov m\u00f4\u017ee by\u0165 dodacia lehota dlh\u0161ia.<\/p><p><strong>Cena, platobn\u00e9 podmienky a prepravn\u00e9<\/strong><\/p><p><strong>1.&nbsp;<\/strong>Cena produktu je stanoven\u00e1 cenn\u00edkom pred\u00e1vaj\u00faceho. Ceny uveden\u00e9 v cenn\u00edku m\u00f4\u017eu podlieha\u0165 zmen\u00e1m i bez predch\u00e1dzaj\u00faceho ohl\u00e1senia. Pred\u00e1vaj\u00faci si vyhradzuje pr\u00e1vo zmeny cien v nadv\u00e4znosti na zmeny cien v\u00fdrobcov, dovozcov a pod.. Platn\u00e1 cena produktu bude v\u017edy ozn\u00e1men\u00e1 pri overovan\u00ed objedn\u00e1vky.<\/p><p><strong>2.&nbsp;<\/strong>Spotrebite\u013e uhr\u00e1dza platbu dobierkou alebo vkladom na \u00fa\u010det pred\u00e1vaj\u00faceho.<\/p><p><strong>3.&nbsp;<\/strong>Pri odovzd\u00e1van\u00ed produktu plat\u00ed spotrebite\u013e cenu za produkt a pr\u00edpadne cenu dobierky.<\/p><p><strong>4.&nbsp;<\/strong>Sp\u00f4sob dopravy si vol\u00ed spotrebite\u013e s\u00e1m cez formul\u00e1r objedn\u00e1vky v e-shope alebo pri inom sp\u00f4sobe komunik\u00e1cie. Spotrebite\u013e si m\u00f4\u017ee zvoli\u0165 sp\u00f4sob dopravy, a to:<\/p><p>\u2013 dobierkou prostredn\u00edctvom Slovenskej po\u0161ty<\/p><p>\u2013 dobierkou prostredn\u00edctvom z\u00e1sielkovej spolo\u010dnosti DPD Slovakia<\/p><p><strong>5.&nbsp;<\/strong>V\u00fd\u0161ka n\u00e1kladov na dopravu bude v\u017edy ozn\u00e1men\u00e1 spotrebite\u013eovi pri overovan\u00ed objedn\u00e1vky, pr\u00edpadne pred\u00e1vaj\u00faci odporu\u010d\u00ed spotrebite\u013eovi lacnej\u0161\u00ed variant dopravy.<\/p><p><strong>Preberanie tovaru<\/strong><\/p><p><strong>1.&nbsp;<\/strong>Spotrebite\u013e sa zav\u00e4zuje prevzia\u0165 tovar v dohodnutom term\u00edne na adrese uvedenej na objedn\u00e1vke.<\/p><p><strong>2.&nbsp;<\/strong>Pri preberan\u00ed produktu je spotrebite\u013e povinn\u00fd skontrolova\u0165 fyzick\u00fa neporu\u0161enos\u0165 a kompletnos\u0165 z\u00e1sielky. Pokia\u013e je z\u00e1sielka vidite\u013ene po\u0161koden\u00e1 a zni\u010den\u00e1, spotrebite\u013e je povinn\u00fd bez prevzatia z\u00e1sielky ihne\u010f kontaktova\u0165 pred\u00e1vaj\u00faceho a so zasielate\u013eskou spolo\u010dnos\u0165ou sp\u00edsa\u0165 Z\u00e1pis o \u0161kode na z\u00e1sielke. Ak\u00e9ko\u013evek neskor\u0161ie reklam\u00e1cie na mno\u017estvo a fyzick\u00e9 poru\u0161enie produktu nebud\u00fa akceptovan\u00e9.<\/p><p><strong>3.&nbsp;<\/strong>Spotrebite\u013e nadob\u00fada vlastn\u00edcke pr\u00e1va k produktom a\u017e uhraden\u00edm plnej ceny a \u010fal\u0161\u00edch pe\u0148a\u017en\u00fdch \u010diastok dohodnut\u00fdch v k\u00fapnej zmluve na dia\u013eku na \u00fa\u010det pred\u00e1vaj\u00faceho. Do doby prechodu vlastn\u00edckych pr\u00e1v z pred\u00e1vaj\u00faceho na spotrebite\u013ea, ktor\u00fd m\u00e1 produkt v dr\u017ebe, m\u00e1 spotrebite\u013e v\u0161etky povinnosti uschovate\u013ea veci a je povinn\u00fd produkty a slu\u017eby na vlastn\u00e9 n\u00e1klady bezpe\u010dne uschova\u0165 a ozna\u010di\u0165 ich tak, aby boli za ka\u017ed\u00fdch okolnost\u00ed identifikovate\u013en\u00e9 ako produkt pred\u00e1vaj\u00faceho.<\/p><p><strong>4.&nbsp;<\/strong>Pred\u00e1vaj\u00faci je opr\u00e1vnen\u00fd po\u017eadova\u0165 splnenie z\u00e1v\u00e4zkov, najm\u00e4 uhradenie ceny za produkty a slu\u017eby, a to bez oh\u013eadu na to, \u017ee vlastn\u00edctvo k produktu a slu\u017eby e\u0161te nepre\u0161lo na spotrebite\u013ea.<\/p><p><strong>5.&nbsp;<\/strong>Nebezpe\u010denstvo \u0161kody na produktoch prech\u00e1dza na spotrebite\u013ea momentom prevzatia spotrebite\u013eom alebo jeho splnomocnencom.<\/p><p><strong>Odst\u00fapenie od zmluvy<\/strong><\/p><p><strong>1.&nbsp;<\/strong>Spotrebite\u013e je opr\u00e1vnen\u00fd stornova\u0165 objedn\u00e1vku bez poplatku, a to iba v de\u0148 1. kontaktovania pred\u00e1vaj\u00faceho so spotrebite\u013eom, t.j. v de\u0148, kedy sa overuje objedn\u00e1vka u spotrebite\u013ea. Objedn\u00e1vku je mo\u017en\u00e9 stornova\u0165 v\u00fdlu\u010dne p\u00edsomnou formou (faxom, e-mailom).<\/p><p><strong>2.&nbsp;<\/strong>Spotrebite\u013e je opr\u00e1vnen\u00fd bez uvedenia d\u00f4vodu odst\u00fapi\u0165 od zmluvy do 7 pracovn\u00fdch dn\u00ed odo d\u0148a prevzatia tovaru. Odst\u00fapenie od zmluvy mus\u00ed by\u0165 uskuto\u010dnen\u00e9 p\u00edsomnou formou, mus\u00ed obsahova\u0165 v\u0161etky \u00fadaje sl\u00fa\u017eiace k identifik\u00e1cii produktu, spotrebite\u013ea a pred\u00e1vaj\u00faceho a mus\u00ed by\u0165 vo vy\u0161\u0161ie uvedenej lehote doru\u010den\u00e9 spolu s produktom do s\u00eddla pred\u00e1vaj\u00faceho na n\u00e1klady a zodpovednos\u0165 spotrebite\u013ea. N\u00e1klady na vr\u00e1tenie produktu zn\u00e1\u0161a spotrebite\u013e.<\/p><p>Produkt nesmie by\u0165 po\u0161koden\u00fd, pou\u017e\u00edvan\u00fd, mus\u00ed by\u0165 v p\u00f4vodnom obale a spolu s produktom mus\u00ed spotrebite\u013e odovzda\u0165 v\u0161etky dokumenty t\u00fdkaj\u00face sa predmetn\u00e9ho produktu, ktor\u00e9 obdr\u017eal pri jeho k\u00fape. Spotrebite\u013e s\u00fahlas\u00ed a berie na vedomie, \u017ee p\u00edsomnou formou sa v tomto pr\u00edpade rozumie listina o odst\u00fapen\u00ed od k\u00fapnej zmluvy podp\u00edsan\u00e1 spotrebite\u013eom.<\/p><p>Produkt sa nevracia na dobierku. Takto zaslan\u00fd produkt sa neprij\u00edma a vracia sp\u00e4\u0165.<\/p><p><strong>3.&nbsp;<\/strong>Pri dodr\u017ean\u00ed vy\u0161\u0161ie uveden\u00fdch povinnost\u00ed spotrebite\u013ea, pred\u00e1vaj\u00faci prevezme tovar sp\u00e4\u0165 a do 15 dn\u00ed odo d\u0148a odst\u00fapenia zmluvy cenu zaplaten\u00fa za produkt alebo za slu\u017ebu alebo preddavok, ktor\u00fd spotrebite\u013e uhradil za produkt alebo slu\u017ebu vr\u00e1ti spotrebite\u013eovi vopred dohodnut\u00fdm sp\u00f4sobom sp\u00e4\u0165.<\/p><p><strong>4.&nbsp;<\/strong>Kupuj\u00faci nem\u00f4\u017ee odst\u00fapi\u0165 od k\u00fapnej zmluvy uzavretej na dia\u013eku najm\u00e4 v nasledovn\u00fdch pr\u00edpadoch:<\/p><ul class=\"wp-block-list\"><li>ak ide o zmluvu, ktorej s\u00fa\u010das\u0165ou je aj poskytnutie slu\u017eby, ak sa slu\u017eba za\u010dala plni\u0165 so s\u00fahlasom spotrebite\u013ea pred uplynut\u00edm lehoty na odst\u00fapenie od zmluvy<\/li><li>ak ide o zmluvu, ktorej predmetom je predaj produktu alebo slu\u017eieb, ktor\u00fdch cena z\u00e1vis\u00ed od pohybu cien na finan\u010dnom trhu, ktor\u00e9 pred\u00e1vaj\u00faci nem\u00f4\u017ee ovplyvni\u0165<\/li><li>ak ide o zmluvu, ktorej predmetom je predaj produktu zhotoven\u00e9ho pod\u013ea osobit\u00fdch po\u017eiadaviek spotrebite\u013ea alebo produktu ur\u010den\u00e9ho osobitne pre jedn\u00e9ho spotrebite\u013ea, alebo produktu, ktor\u00fd vzh\u013eadom na jeho vlastnosti nemo\u017eno vr\u00e1ti\u0165<\/li><\/ul><p><strong>5.&nbsp;<\/strong>V pr\u00edpade akceptovania po\u017eiadavky spotrebite\u013ea na odst\u00fapenie od k\u00fapnej zmluvy po lehote 7 pracovn\u00fdch dn\u00ed, m\u00e1 pred\u00e1vaj\u00faci pr\u00e1vo po\u017eadova\u0165 \u00fahradu vzniknut\u00fdch n\u00e1kladov a zmluvn\u00fa pokutu vo v\u00fd\u0161ke 50% z fakturovanej (vystavenej) pe\u0148a\u017enej \u010diastky.<\/p><p><strong>6.&nbsp;<\/strong>Pred\u00e1vaj\u00faci si vyhradzuje pr\u00e1vo zru\u0161i\u0165 objedn\u00e1vku (odst\u00fapi\u0165 od zmluvy) alebo jej \u010das\u0165 ak:<\/p><ul class=\"wp-block-list\"><li>produkt sa nevyr\u00e1ba alebo sa prestal vyr\u00e1ba\u0165<\/li><li>zmenila sa cena dod\u00e1vate\u013ea produktu<\/li><li>vystaven\u00e1 cena produktu bola chybn\u00e1<\/li><\/ul><p><strong>Z\u00e1vere\u010dn\u00e9 ustanovenia<\/strong><\/p><p><strong>1.&nbsp;<\/strong>Pred\u00e1vaj\u00faci si vyhradzuje pr\u00e1vo zmeny ceny. Pri zmene ceny pred\u00e1vaj\u00faci kontaktuje spotrebite\u013ea. Spotrebite\u013e m\u00e1 pr\u00e1vo pri takto upraven\u00fdch cen\u00e1ch objedn\u00e1vku stornova\u0165.<\/p><p><strong>2.&nbsp;<\/strong>Spotrebite\u013e prehlasuje, \u017ee pred vyplnen\u00edm alebo ozn\u00e1men\u00edm objedn\u00e1vky sa obozn\u00e1mil s t\u00fdmito v\u0161eobecn\u00fdmi podmienkami a reklama\u010dn\u00fdm poriadkom a \u017ee s nimi s\u00fahlas\u00ed.<\/p><p>Bez oh\u013eadu na ostatn\u00e9 ustanovenia zmluvy, pred\u00e1vaj\u00faci nezodpoved\u00e1 spotrebite\u013eovi za u\u0161l\u00fd zisk, stratu pr\u00edle\u017eitost\u00ed alebo \u017eiadne in\u00e9 nepriame alebo n\u00e1sledn\u00e9 straty v d\u00f4sledku nedbalosti, poru\u0161enia zmluvy alebo vzniknut\u00e9 in\u00fdm sp\u00f4sobom.<\/p><p>Tieto v\u0161eobecn\u00e9 obchodn\u00e9 podmienky boli formulovan\u00e9 a ustanoven\u00e9 v dobrej viere, za \u00fa\u010delom splnenia z\u00e1konn\u00fdch podmienok a \u00faprav korektn\u00fdch obchodn\u00fdch vz\u0165ahov medzi pred\u00e1vaj\u00facim a spotrebite\u013eom. V pr\u00edpade, ak sa preuk\u00e1\u017eu kompetentn\u00fdm org\u00e1nom Slovenskej republiky niektor\u00e9 ustanovenia t\u00fdchto podmienok ako neplatn\u00e9 alebo nevyn\u00fatite\u013en\u00e9, a to celkom alebo \u010diasto\u010dne, platnos\u0165 a vyn\u00fatite\u013enos\u0165 ostatn\u00fdch ustanoven\u00ed a zvy\u0161n\u00e9 \u010dasti pr\u00edslu\u0161n\u00e9ho ustanovenia t\u00fdm zost\u00e1vaj\u00fa nedotknut\u00e9.<\/p><p>Pr\u00e1va spotrebite\u013ea vo vz\u0165ahu k pred\u00e1vaj\u00facemu vypl\u00fdvaj\u00face zo z\u00e1kona o ochrane spotrebite\u013ea \u010d. 634\/1992 Zb. v znen\u00ed neskor\u0161\u00edch zmien a predpisov a z\u00e1kona o ochrane spotrebite\u013ea pri podomovom predaji a z\u00e1sielkovom predaji \u010d. 108\/2000 Z.z v znen\u00ed neskor\u0161\u00edch zmien a predpisov, zost\u00e1vaj\u00fa t\u00fdmito podmienkami nedotknut\u00e9.<\/p><p>Pr\u00e1vne vz\u0165ahy a podmienky tu v\u00fdslovne neupraven\u00e9 ako aj pr\u00edpadn\u00e9 spory vzniknut\u00e9 z neplnenia t\u00fdchto podmienok sa riadia pr\u00edslu\u0161n\u00fdmi ustanoveniami Obchodn\u00e9ho alebo Ob\u010dianskeho z\u00e1konn\u00edka.<\/p><p><strong>3.&nbsp;<\/strong>Pred\u00e1vaj\u00faci a spotrebite\u013e sa dohodli, \u017ee plne uzn\u00e1vaj\u00fa komunik\u00e1ciu na dia\u013eku \u2013 telefonick\u00fa, faxov\u00fa (vr\u00e1tane ru\u010dne vyp\u00edsanej objedn\u00e1vky), elektronick\u00fa formu komunik\u00e1cie, najm\u00e4 prostredn\u00edctvom elektronickej po\u0161ty a internetovej siete ako platn\u00fa a z\u00e1v\u00e4zn\u00fa pre obe zmluvn\u00e9 strany.<\/p><p><strong>Reklama\u010dn\u00fd poriadok&nbsp;<\/strong><\/p><p>Kupuj\u00facemu odpor\u00fa\u010dame pred prevzat\u00edm a zaplaten\u00edm z\u00e1sielky u prepravcu skontrolova\u0165 \u010di z\u00e1sielka nie je po\u0161koden\u00e1. V pr\u00edpade rozsiahleho po\u0161kodenia (roztrhnut\u00fd obal, deform\u00e1cie a in\u00e9 rozsiahle po\u0161kodenie) z\u00e1sielku neprebrajte. V pr\u00edpade jeho po\u0161kodenia je nutn\u00e9 na mieste sp\u00edsa\u0165 s prepravcom z\u00e1pis- protokol o zisten\u00fdch vad\u00e1ch sp\u00f4soben\u00fdch po\u010das prepravy. Ak bal\u00edk aj napriek vidite\u013en\u00e9mu po\u0161kodeniu obalu prevezmete, je to na Va\u0161u vlastn\u00fa zodpovednos\u0165, reklam\u00e1cie z tohto titulu nebud\u00fa uznan\u00e9. Zodpovednos\u0165 za po\u0161kodenie v priebehu prepravy nesie prepravca. Na z\u00e1klade vyhotoven\u00e9ho z\u00e1znamu bude kupuj\u00facemu po pre\u0161etren\u00ed a uzavret\u00ed \u0161kodovej udalosti s prepravcom poskytnut\u00e1 primeran\u00e1 z\u013eava alebo dodan\u00fd nov\u00fd tovar.<\/p><p>V pr\u00edpade reklam\u00e1cie za\u0161le kupuj\u00faci reklamovan\u00fd tovar na adresu Vjerka Bzovski &#8211; Herbaday.EU, Metodova 7, 82108 Bratislava \u2013 Slovensko. Bal\u00edk mus\u00ed by\u0165 riadne zabalen\u00fd a m\u00e1 obsahova\u0165: reklamovan\u00fd tovar vr\u00e1tane pr\u00edslu\u0161enstva, popis z\u00e1vady a kontaktn\u00e9 \u00fadaje kupuj\u00faceho \u2013 spiato\u010dn\u00e1 adresa, tel.\u010d\u00edslo, e-mail.&nbsp;<\/p><p>1. Produkt mo\u017eno vr\u00e1ti\u0165 do siedmich dn\u00ed odo d\u0148a prevzatia z\u00e1sielky, ak z\u00e1sielka obsahuje<\/p><p>a)&nbsp;&nbsp; produkt v inej forme, v inom mno\u017estve v jednej d\u00e1vke alebo v inej ve\u013ekosti balenia, ako bol objednan\u00fd,<\/p><p>b)&nbsp;&nbsp; in\u00fd po\u010det balen\u00ed produktu, ako bol objednan\u00fd,<\/p><p>c)&nbsp;&nbsp; produkt s d\u00e1tumom exspir\u00e1cie krat\u0161\u00edm, ako je \u010das lie\u010dby zaslan\u00fdm liekom pri dodr\u017ean\u00ed d\u00e1vkovania produktu v s\u00falade s \u00fadajmi uveden\u00fdmi v p\u00edsomnej inform\u00e1cii pre pou\u017e\u00edvate\u013eov produktu,<\/p><p>d)&nbsp;&nbsp; po\u0161koden\u00fd vn\u00fatorn\u00fd obal,<\/p><p>e)&nbsp;&nbsp; produkt bez p\u00edsomnej inform\u00e1cie pre pou\u017e\u00edvate\u013ea alebo p\u00edsomn\u00fa inform\u00e1ciu pre pou\u017e\u00edvate\u013ea, ktor\u00e1 nie je v \u0161t\u00e1tnom jazyku alebo v inom jazyku ako v \u0161t\u00e1tnom jazyku.<\/p><p>2. Vr\u00e1tenie produktu, ak ide o vr\u00e1ten\u00fa objedn\u00e1vate\u013eom z d\u00f4vodov uveden\u00fdch v odsekoch 1 a 2, vybav\u00ed pred\u00e1vaj\u00faci v\u00fdmenou vr\u00e1ten\u00e9ho produktu za sumu, ktor\u00fa objedn\u00e1vate\u013e za vr\u00e1ten\u00fd produkt zaplatil pred\u00e1vaj\u00facemu vr\u00e1tane n\u00e1kladov na doru\u010denie z\u00e1sielky. Pred\u00e1vaj\u00faci vracia sumu, ktor\u00fa objedn\u00e1vate\u013e za vr\u00e1ten\u00fd produktu zaplatil v\u00fdlu\u010dne prevodom na \u00fa\u010det objedn\u00e1vate\u013ea.<\/p><p>4. Produkt mo\u017eno vr\u00e1ti\u0165 na \u00fa\u010del reklam\u00e1cie:<\/p><p>a)&nbsp;&nbsp; odovzdan\u00edm v&nbsp;prev\u00e1dzkarni pred\u00e1vaj\u00faceho, z ktorej bola odoslan\u00e1 z\u00e1sielka obsahuj\u00faca tento produktu,<\/p><p>b)&nbsp;&nbsp; zaslan\u00edm po\u0161tovej z\u00e1sielky obsahuj\u00facej vr\u00e1ten\u00fd produktu a&nbsp;podp\u00edsan\u00fa p\u00edsomn\u00fa inform\u00e1ciu o&nbsp;d\u00f4vodoch vr\u00e1tenia pred\u00e1vaj\u00facemu.<\/p><p>Ustanovenia tohto reklama\u010dn\u00e9ho poriadku sa vz\u0165ahuj\u00fa aj na tovar k\u00fapen\u00fd pred nadobudnut\u00edm jeho platnosti a&nbsp;\u00fa\u010dinnosti.<\/p><p>Pred\u00e1vaj\u00faci si vyhradzuje pr\u00e1vo na zmeny reklama\u010dn\u00e9ho poriadku.<\/p><p>Spotrebite\u013e zaslan\u00edm objedn\u00e1vky potvrdzuje, \u017ee si tieto v\u0161eobecn\u00e9 obchodn\u00e9 podmienky pre\u010d\u00edtal a v celom rozsahu s nimi s\u00fahlas\u00ed.<\/p><p>Tieto Obchodn\u00e9 podmienky vstupuj\u00fa do platnosti 01. 10. 2020.<\/p>","protected":false},"excerpt":{"rendered":"<p>V\u0161eobecn\u00e9 obchodn\u00e9 podmienky Tieto obchodn\u00e9 podmienky maj\u00fa charakter zmluvy a upravuj\u00fa pr\u00e1va a povinnosti zmluvn\u00fdch str\u00e1n, ktor\u00fdmi s\u00fa: Obchodn\u00e9 meno: Vjerka BzovskiMiesto podnikania: B\u00e9\u017eov\u00e1 3959\/6 Bratislava PS\u010c 85107Okresn\u00fd \u00farad Bratislava \u010c\u00edslo \u017eivnostensk\u00e9ho registra: 110-217585I\u010cO: 53856864I\u010c DPH: SK1078547382 (\u010falej len \u201epred\u00e1vaj\u00faci\u201c) a spotrebite\u013eom. Nakupovanie tovaru na internetov\u00fdch str\u00e1nkach Pred\u00e1vaj\u00faceho m\u00f4\u017eu uskuto\u010dni\u0165 pr\u00e1vnick\u00e9 aj fyzick\u00e9 osoby (\u010falej [&#8230;]\n","protected":false},"author":1,"featured_media":0,"parent":0,"menu_order":0,"comment_status":"closed","ping_status":"open","template":"","meta":{"footnotes":""},"class_list":["post-2","page","type-page","status-publish","hentry"],"yoast_head":"<!-- This site is optimized with the Yoast SEO plugin v24.3 - https:\/\/yoast.com\/wordpress\/plugins\/seo\/ -->\n<title>Obchodne podmienky - Herbaday<\/title>\n<meta name=\"robots\" content=\"index, follow, max-snippet:-1, max-image-preview:large, max-video-preview:-1\" \/>\n<link rel=\"canonical\" href=\"https:\/\/herbaday.sk\/index.php\/obchodne-podmenky\/\" \/>\n<meta property=\"og:locale\" content=\"sk_SK\" \/>\n<meta property=\"og:type\" content=\"article\" \/>\n<meta property=\"og:title\" content=\"Obchodne podmienky - Herbaday\" \/>\n<meta property=\"og:description\" content=\"V\u0161eobecn\u00e9 obchodn\u00e9 podmienky Tieto obchodn\u00e9 podmienky maj\u00fa charakter zmluvy a upravuj\u00fa pr\u00e1va a povinnosti zmluvn\u00fdch str\u00e1n, ktor\u00fdmi s\u00fa: Obchodn\u00e9 meno: Vjerka BzovskiMiesto podnikania: B\u00e9\u017eov\u00e1 3959\/6 Bratislava PS\u010c 85107Okresn\u00fd \u00farad Bratislava \u010c\u00edslo \u017eivnostensk\u00e9ho registra: 110-217585I\u010cO: 53856864I\u010c DPH: SK1078547382 (\u010falej len \u201epred\u00e1vaj\u00faci\u201c) a spotrebite\u013eom. Nakupovanie tovaru na internetov\u00fdch str\u00e1nkach Pred\u00e1vaj\u00faceho m\u00f4\u017eu uskuto\u010dni\u0165 pr\u00e1vnick\u00e9 aj fyzick\u00e9 osoby (\u010falej [...]\" \/>\n<meta property=\"og:url\" content=\"https:\/\/herbaday.sk\/index.php\/obchodne-podmenky\/\" \/>\n<meta property=\"og:site_name\" content=\"Herbaday\" \/>\n<meta property=\"article:modified_time\" content=\"2021-11-09T21:10:07+00:00\" \/>\n<meta name=\"twitter:card\" content=\"summary_large_image\" \/>\n<meta name=\"twitter:label1\" content=\"Predpokladan\u00fd \u010das \u010d\u00edtania\" \/>\n\t<meta name=\"twitter:data1\" content=\"8 min\u00fat\" \/>\n<script type=\"application\/ld+json\" class=\"yoast-schema-graph\">{\"@context\":\"https:\/\/schema.org\",\"@graph\":[{\"@type\":\"WebPage\",\"@id\":\"https:\/\/herbaday.sk\/index.php\/obchodne-podmenky\/\",\"url\":\"https:\/\/herbaday.sk\/index.php\/obchodne-podmenky\/\",\"name\":\"Obchodne podmienky - Herbaday\",\"isPartOf\":{\"@id\":\"https:\/\/herbaday.sk\/#website\"},\"datePublished\":\"2020-11-12T17:05:30+00:00\",\"dateModified\":\"2021-11-09T21:10:07+00:00\",\"breadcrumb\":{\"@id\":\"https:\/\/herbaday.sk\/index.php\/obchodne-podmenky\/#breadcrumb\"},\"inLanguage\":\"sk-SK\",\"potentialAction\":[{\"@type\":\"ReadAction\",\"target\":[\"https:\/\/herbaday.sk\/index.php\/obchodne-podmenky\/\"]}]},{\"@type\":\"BreadcrumbList\",\"@id\":\"https:\/\/herbaday.sk\/index.php\/obchodne-podmenky\/#breadcrumb\",\"itemListElement\":[{\"@type\":\"ListItem\",\"position\":1,\"name\":\"Domovsk\u00e1 str\u00e1nka\",\"item\":\"https:\/\/herbaday.sk\/\"},{\"@type\":\"ListItem\",\"position\":2,\"name\":\"Obchodne podmienky\"}]},{\"@type\":\"WebSite\",\"@id\":\"https:\/\/herbaday.sk\/#website\",\"url\":\"https:\/\/herbaday.sk\/\",\"name\":\"Herbaday\",\"description\":\"Nez\u00e1visl\u00fd \u010dlen Herbalife Nutrition\",\"publisher\":{\"@id\":\"https:\/\/herbaday.sk\/#organization\"},\"potentialAction\":[{\"@type\":\"SearchAction\",\"target\":{\"@type\":\"EntryPoint\",\"urlTemplate\":\"https:\/\/herbaday.sk\/?s={search_term_string}\"},\"query-input\":{\"@type\":\"PropertyValueSpecification\",\"valueRequired\":true,\"valueName\":\"search_term_string\"}}],\"inLanguage\":\"sk-SK\"},{\"@type\":\"Organization\",\"@id\":\"https:\/\/herbaday.sk\/#organization\",\"name\":\"Herbaday\",\"url\":\"https:\/\/herbaday.sk\/\",\"logo\":{\"@type\":\"ImageObject\",\"inLanguage\":\"sk-SK\",\"@id\":\"https:\/\/herbaday.sk\/#\/schema\/logo\/image\/\",\"url\":\"http:\/\/herbaday.sk\/wp-content\/uploads\/2020\/11\/herbaday_logo.png\",\"contentUrl\":\"http:\/\/herbaday.sk\/wp-content\/uploads\/2020\/11\/herbaday_logo.png\",\"width\":2214,\"height\":545,\"caption\":\"Herbaday\"},\"image\":{\"@id\":\"https:\/\/herbaday.sk\/#\/schema\/logo\/image\/\"}}]}<\/script>\n<!-- \/ Yoast SEO plugin. -->","yoast_head_json":{"title":"Obchodne podmienky - Herbaday","robots":{"index":"index","follow":"follow","max-snippet":"max-snippet:-1","max-image-preview":"max-image-preview:large","max-video-preview":"max-video-preview:-1"},"canonical":"https:\/\/herbaday.sk\/index.php\/obchodne-podmenky\/","og_locale":"sk_SK","og_type":"article","og_title":"Obchodne podmienky - Herbaday","og_description":"V\u0161eobecn\u00e9 obchodn\u00e9 podmienky Tieto obchodn\u00e9 podmienky maj\u00fa charakter zmluvy a upravuj\u00fa pr\u00e1va a povinnosti zmluvn\u00fdch str\u00e1n, ktor\u00fdmi s\u00fa: Obchodn\u00e9 meno: Vjerka BzovskiMiesto podnikania: B\u00e9\u017eov\u00e1 3959\/6 Bratislava PS\u010c 85107Okresn\u00fd \u00farad Bratislava \u010c\u00edslo \u017eivnostensk\u00e9ho registra: 110-217585I\u010cO: 53856864I\u010c DPH: SK1078547382 (\u010falej len \u201epred\u00e1vaj\u00faci\u201c) a spotrebite\u013eom. Nakupovanie tovaru na internetov\u00fdch str\u00e1nkach Pred\u00e1vaj\u00faceho m\u00f4\u017eu uskuto\u010dni\u0165 pr\u00e1vnick\u00e9 aj fyzick\u00e9 osoby (\u010falej [...]","og_url":"https:\/\/herbaday.sk\/index.php\/obchodne-podmenky\/","og_site_name":"Herbaday","article_modified_time":"2021-11-09T21:10:07+00:00","twitter_card":"summary_large_image","twitter_misc":{"Predpokladan\u00fd \u010das \u010d\u00edtania":"8 min\u00fat"},"schema":{"@context":"https:\/\/schema.org","@graph":[{"@type":"WebPage","@id":"https:\/\/herbaday.sk\/index.php\/obchodne-podmenky\/","url":"https:\/\/herbaday.sk\/index.php\/obchodne-podmenky\/","name":"Obchodne podmienky - Herbaday","isPartOf":{"@id":"https:\/\/herbaday.sk\/#website"},"datePublished":"2020-11-12T17:05:30+00:00","dateModified":"2021-11-09T21:10:07+00:00","breadcrumb":{"@id":"https:\/\/herbaday.sk\/index.php\/obchodne-podmenky\/#breadcrumb"},"inLanguage":"sk-SK","potentialAction":[{"@type":"ReadAction","target":["https:\/\/herbaday.sk\/index.php\/obchodne-podmenky\/"]}]},{"@type":"BreadcrumbList","@id":"https:\/\/herbaday.sk\/index.php\/obchodne-podmenky\/#breadcrumb","itemListElement":[{"@type":"ListItem","position":1,"name":"Domovsk\u00e1 str\u00e1nka","item":"https:\/\/herbaday.sk\/"},{"@type":"ListItem","position":2,"name":"Obchodne podmienky"}]},{"@type":"WebSite","@id":"https:\/\/herbaday.sk\/#website","url":"https:\/\/herbaday.sk\/","name":"Herbaday","description":"Nez\u00e1visl\u00fd \u010dlen Herbalife Nutrition","publisher":{"@id":"https:\/\/herbaday.sk\/#organization"},"potentialAction":[{"@type":"SearchAction","target":{"@type":"EntryPoint","urlTemplate":"https:\/\/herbaday.sk\/?s={search_term_string}"},"query-input":{"@type":"PropertyValueSpecification","valueRequired":true,"valueName":"search_term_string"}}],"inLanguage":"sk-SK"},{"@type":"Organization","@id":"https:\/\/herbaday.sk\/#organization","name":"Herbaday","url":"https:\/\/herbaday.sk\/","logo":{"@type":"ImageObject","inLanguage":"sk-SK","@id":"https:\/\/herbaday.sk\/#\/schema\/logo\/image\/","url":"http:\/\/herbaday.sk\/wp-content\/uploads\/2020\/11\/herbaday_logo.png","contentUrl":"http:\/\/herbaday.sk\/wp-content\/uploads\/2020\/11\/herbaday_logo.png","width":2214,"height":545,"caption":"Herbaday"},"image":{"@id":"https:\/\/herbaday.sk\/#\/schema\/logo\/image\/"}}]}},"jetpack_sharing_enabled":true,"_links":{"self":[{"href":"https:\/\/herbaday.sk\/index.php\/wp-json\/wp\/v2\/pages\/2","targetHints":{"allow":["GET"]}}],"collection":[{"href":"https:\/\/herbaday.sk\/index.php\/wp-json\/wp\/v2\/pages"}],"about":[{"href":"https:\/\/herbaday.sk\/index.php\/wp-json\/wp\/v2\/types\/page"}],"author":[{"embeddable":true,"href":"https:\/\/herbaday.sk\/index.php\/wp-json\/wp\/v2\/users\/1"}],"replies":[{"embeddable":true,"href":"https:\/\/herbaday.sk\/index.php\/wp-json\/wp\/v2\/comments?post=2"}],"version-history":[{"count":7,"href":"https:\/\/herbaday.sk\/index.php\/wp-json\/wp\/v2\/pages\/2\/revisions"}],"predecessor-version":[{"id":205525,"href":"https:\/\/herbaday.sk\/index.php\/wp-json\/wp\/v2\/pages\/2\/revisions\/205525"}],"wp:attachment":[{"href":"https:\/\/herbaday.sk\/index.php\/wp-json\/wp\/v2\/media?parent=2"}],"curies":[{"name":"wp","href":"https:\/\/api.w.org\/{rel}","templated":true}]}}