{"id":203,"date":"2020-11-23T21:58:07","date_gmt":"2020-11-23T21:58:07","guid":{"rendered":"https:\/\/herbaday.eu\/?page_id=203"},"modified":"2024-03-13T10:35:17","modified_gmt":"2024-03-13T10:35:17","slug":"doprava-a-platba","status":"publish","type":"page","link":"https:\/\/herbaday.sk\/index.php\/doprava-a-platba\/","title":{"rendered":"Doprava a platba"},"content":{"rendered":"<div class=\"wp-block-jetpack-send-a-message\"><\/div><p><\/p><div class=\"container section-title-container\" ><h3 class=\"section-title section-title-normal\"><b><\/b><span class=\"section-title-main\" >Doprava<\/span><b><\/b><\/h3><\/div>\n\n<p><strong>Pri n\u00e1kupe v e-shope m\u00f4\u017eete vyu\u017ei\u0165 dopravu zadarmo pri ka\u017edej objedn\u00e1vke nad 60 \u20ac.<\/strong><\/p>\n<p><strong>Kuri\u00e9r &#8211; Bal\u00edk do ruky<\/strong><br \/>V pr\u00edpade platby kartou, Paypal, <strong>Apple Pay<\/strong> alebo platobnou br\u00e1nou Besteron si m\u00f4\u017eete zvoli\u0165 doru\u010denie do r\u00fak. Je to najr\u00fdchlej\u0161\u00ed sp\u00f4sob doru\u010denia. Objedn\u00e1vky uroben\u00e9 pred 12.00 bud\u00fa spracovan\u00e9 a odoslan\u00e9 v ten ist\u00fd de\u0148 a zvy\u010dajne doru\u010den\u00e9 nasleduj\u00faci pracovn\u00fd de\u0148. Bal\u00ed\u010dek doru\u010d\u00ed DPD, Slovensk\u00e1 po\u0161ta alebo Zasielkov\u0148a.<\/p>\n<p><strong>Slovensk\u00e1 po\u0161ta &#8211; Bal\u00edk na po\u0161tu<\/strong><br \/>Tento sp\u00f4sob platby je k dispoz\u00edcii iba s dobierkou. V pr\u00edpade, \u017ee si chcete bal\u00edk vyzdvihn\u00fa\u0165 na po\u0161te, m\u00f4\u017eete zvoli\u0165 t\u00fato mo\u017enos\u0165.<\/p>\n<p><strong>Slovensk\u00e1 po\u0161ta &#8211; Bal\u00edkoBOX<\/strong><br \/>Pri objedn\u00e1van\u00ed z e-shopu si jednoducho vyberiete doru\u010denie do vybran\u00e9ho Bal\u00edkoBOXu. To, \u017ee bal\u00edk je na mieste, v\u00e1m ozn\u00e1mi SMS spr\u00e1va s \u00fadajmi potrebn\u00fdmi na otvorenie schr\u00e1nky &#8211; v pr\u00edpade bal\u00edka na dobierku dostanete aj inform\u00e1ciou o sume, ktor\u00fa je potrebn\u00e9 zaplati\u0165 platobnou kartou. Bal\u00edk si v\u0161ak nemus\u00edte vyzdvihn\u00fa\u0165 okam\u017eite &#8211; m\u00e1te na to tri dni a urobi\u0165 tak m\u00f4\u017eete bez oh\u013eadu na v\u00edkendy, sviatky a denn\u00fa \u010di no\u010dn\u00fa hodinu. A ak aj 3-d\u0148ov\u00fa lehotu nestihnete, bal\u00edk nepocestuje do vzdialen\u00e9ho depa, ale po\u010dk\u00e1 si na v\u00e1s na priradenej po\u0161te. <\/p>\n<p><strong>Doru\u010denie na pobo\u010dku Z\u00e1sielkovne<\/strong><br \/>Bal\u00ed\u010dek v\u00e1m bude zaslan\u00fd na vami zvolen\u00fa pobo\u010dku Z\u00e1sielkovne. Doru\u010denie trv\u00e1 1-3 pracovn\u00e9 dni odo d\u0148a odoslania. V\u00fdhodou je, \u017ee si sami vyber\u00e1te \u010das kedy si v\u00e1\u0161 bal\u00ed\u010dek na pobo\u010dke vyzdvihnete (v r\u00e1mci otv\u00e1rac\u00edch hod\u00edn pobo\u010dky Z\u00e1sielkovne).<\/p>\n<p>\u00a0<\/p>\n\n\t<div id=\"gap-823354918\" class=\"gap-element clearfix\" style=\"display:block; height:auto;\">\n\t\t\n<style>\n#gap-823354918 {\n  padding-top: 50px;\n}\n<\/style>\n\t<\/div>\n\t\n\n<div class=\"container section-title-container\" ><h3 class=\"section-title section-title-normal\"><b><\/b><span class=\"section-title-main\" >PLATBA<\/span><b><\/b><\/h3><\/div>\n\n<p><strong>Platba kartou online<\/strong><br \/>\nR\u00fdchla a bezpe\u010dn\u00e1 platba za tovar platobnou kartou (kreditnou alebo debetnou) cez internet prostredn\u00edctvom platobnej br\u00e1ny Stripe. Plati\u0165 je mo\u017en\u00e9 platobn\u00fdmi kartami VISA, VISA Electron, MasterCard a Maestro.<\/p>\n<p><strong>Apple Pay<\/strong><br \/>Z\u00e1kazn\u00edci, ktor\u00ed pou\u017e\u00edvaj\u00fa zariadenia iPhone, iPad alebo Mac, m\u00f4\u017eu u\u017e dnes v prehliada\u010di Safari vyu\u017ei\u0165 tento modern\u00fd sp\u00f4sob platenia. Platby cez Apple Pay s\u00fa r\u00fdchlej\u0161ie a jednoduch\u0161ie ne\u017e akceptovanie tradi\u010dn\u00fdch kreditn\u00fdch alebo debetn\u00fdch kariet. U\u017e nemus\u00edte h\u013eada\u0165 pe\u0148a\u017eenku a v nej t\u00fa spr\u00e1vnu kartu, m\u00f4\u017eete zaplati\u0165 jedin\u00fdm klikom a potvrdi\u0165 platbu prostredn\u00edctvom biometrie.<\/p>\n<p><strong>Besteron &#8211; r\u00fdchly bankov\u00fd prevod cez platobn\u00fa br\u00e1nu<\/strong><br \/>\nPo prijat\u00ed objedn\u00e1vky budete presmerovan\u00ed na platobn\u00fa br\u00e1nu, kde si vyberiete svoju banku. Sta\u010d\u00ed u\u017e len dokon\u010di\u0165 platbu, variabiln\u00fd symbol a sumu m\u00e1te predvyplnen\u00fa. Platba je ku n\u00e1m prip\u00edsan\u00e1 okam\u017eite online. Po \u00fahrade expedujeme tovar obratom.<\/p>\n<p><strong>Paypal<\/strong><br \/>\nPayPalom zaplat\u00edte za V\u00e1\u0161 n\u00e1kup pomocou platobnej karty alebo prostredn\u00edctvom V\u00e1\u0161ho PayPalu.<\/p>\n<p><strong>Dobierka<\/strong><br \/>Dobierkou m\u00f4\u017eete tovar uhradi\u0165 v hotovosti a\u017e pri jeho doru\u010den\u00ed.<\/p>","protected":false},"excerpt":{"rendered":"","protected":false},"author":1,"featured_media":0,"parent":0,"menu_order":0,"comment_status":"closed","ping_status":"closed","template":"","meta":{"footnotes":""},"class_list":["post-203","page","type-page","status-publish","hentry"],"yoast_head":"<!-- This site is optimized with the Yoast SEO plugin v24.3 - https:\/\/yoast.com\/wordpress\/plugins\/seo\/ -->\n<title>Doprava a platba - Herbaday<\/title>\n<meta name=\"robots\" content=\"index, follow, max-snippet:-1, max-image-preview:large, max-video-preview:-1\" \/>\n<link rel=\"canonical\" href=\"https:\/\/herbaday.sk\/index.php\/doprava-a-platba\/\" \/>\n<meta property=\"og:locale\" content=\"sk_SK\" \/>\n<meta property=\"og:type\" content=\"article\" \/>\n<meta property=\"og:title\" content=\"Doprava a platba - Herbaday\" \/>\n<meta property=\"og:url\" content=\"https:\/\/herbaday.sk\/index.php\/doprava-a-platba\/\" \/>\n<meta property=\"og:site_name\" content=\"Herbaday\" \/>\n<meta property=\"article:modified_time\" content=\"2024-03-13T10:35:17+00:00\" \/>\n<meta name=\"twitter:card\" content=\"summary_large_image\" \/>\n<meta name=\"twitter:label1\" content=\"Predpokladan\u00fd \u010das \u010d\u00edtania\" \/>\n\t<meta name=\"twitter:data1\" content=\"3 min\u00faty\" \/>\n<script type=\"application\/ld+json\" class=\"yoast-schema-graph\">{\"@context\":\"https:\/\/schema.org\",\"@graph\":[{\"@type\":\"WebPage\",\"@id\":\"https:\/\/herbaday.sk\/index.php\/doprava-a-platba\/\",\"url\":\"https:\/\/herbaday.sk\/index.php\/doprava-a-platba\/\",\"name\":\"Doprava a platba - Herbaday\",\"isPartOf\":{\"@id\":\"https:\/\/herbaday.sk\/#website\"},\"datePublished\":\"2020-11-23T21:58:07+00:00\",\"dateModified\":\"2024-03-13T10:35:17+00:00\",\"breadcrumb\":{\"@id\":\"https:\/\/herbaday.sk\/index.php\/doprava-a-platba\/#breadcrumb\"},\"inLanguage\":\"sk-SK\",\"potentialAction\":[{\"@type\":\"ReadAction\",\"target\":[\"https:\/\/herbaday.sk\/index.php\/doprava-a-platba\/\"]}]},{\"@type\":\"BreadcrumbList\",\"@id\":\"https:\/\/herbaday.sk\/index.php\/doprava-a-platba\/#breadcrumb\",\"itemListElement\":[{\"@type\":\"ListItem\",\"position\":1,\"name\":\"Domovsk\u00e1 str\u00e1nka\",\"item\":\"https:\/\/herbaday.sk\/\"},{\"@type\":\"ListItem\",\"position\":2,\"name\":\"Doprava a platba\"}]},{\"@type\":\"WebSite\",\"@id\":\"https:\/\/herbaday.sk\/#website\",\"url\":\"https:\/\/herbaday.sk\/\",\"name\":\"Herbaday\",\"description\":\"Nez\u00e1visl\u00fd \u010dlen Herbalife Nutrition\",\"publisher\":{\"@id\":\"https:\/\/herbaday.sk\/#organization\"},\"potentialAction\":[{\"@type\":\"SearchAction\",\"target\":{\"@type\":\"EntryPoint\",\"urlTemplate\":\"https:\/\/herbaday.sk\/?s={search_term_string}\"},\"query-input\":{\"@type\":\"PropertyValueSpecification\",\"valueRequired\":true,\"valueName\":\"search_term_string\"}}],\"inLanguage\":\"sk-SK\"},{\"@type\":\"Organization\",\"@id\":\"https:\/\/herbaday.sk\/#organization\",\"name\":\"Herbaday\",\"url\":\"https:\/\/herbaday.sk\/\",\"logo\":{\"@type\":\"ImageObject\",\"inLanguage\":\"sk-SK\",\"@id\":\"https:\/\/herbaday.sk\/#\/schema\/logo\/image\/\",\"url\":\"http:\/\/herbaday.sk\/wp-content\/uploads\/2020\/11\/herbaday_logo.png\",\"contentUrl\":\"http:\/\/herbaday.sk\/wp-content\/uploads\/2020\/11\/herbaday_logo.png\",\"width\":2214,\"height\":545,\"caption\":\"Herbaday\"},\"image\":{\"@id\":\"https:\/\/herbaday.sk\/#\/schema\/logo\/image\/\"}}]}<\/script>\n<!-- \/ Yoast SEO plugin. -->","yoast_head_json":{"title":"Doprava a platba - Herbaday","robots":{"index":"index","follow":"follow","max-snippet":"max-snippet:-1","max-image-preview":"max-image-preview:large","max-video-preview":"max-video-preview:-1"},"canonical":"https:\/\/herbaday.sk\/index.php\/doprava-a-platba\/","og_locale":"sk_SK","og_type":"article","og_title":"Doprava a platba - Herbaday","og_url":"https:\/\/herbaday.sk\/index.php\/doprava-a-platba\/","og_site_name":"Herbaday","article_modified_time":"2024-03-13T10:35:17+00:00","twitter_card":"summary_large_image","twitter_misc":{"Predpokladan\u00fd \u010das \u010d\u00edtania":"3 min\u00faty"},"schema":{"@context":"https:\/\/schema.org","@graph":[{"@type":"WebPage","@id":"https:\/\/herbaday.sk\/index.php\/doprava-a-platba\/","url":"https:\/\/herbaday.sk\/index.php\/doprava-a-platba\/","name":"Doprava a platba - Herbaday","isPartOf":{"@id":"https:\/\/herbaday.sk\/#website"},"datePublished":"2020-11-23T21:58:07+00:00","dateModified":"2024-03-13T10:35:17+00:00","breadcrumb":{"@id":"https:\/\/herbaday.sk\/index.php\/doprava-a-platba\/#breadcrumb"},"inLanguage":"sk-SK","potentialAction":[{"@type":"ReadAction","target":["https:\/\/herbaday.sk\/index.php\/doprava-a-platba\/"]}]},{"@type":"BreadcrumbList","@id":"https:\/\/herbaday.sk\/index.php\/doprava-a-platba\/#breadcrumb","itemListElement":[{"@type":"ListItem","position":1,"name":"Domovsk\u00e1 str\u00e1nka","item":"https:\/\/herbaday.sk\/"},{"@type":"ListItem","position":2,"name":"Doprava a platba"}]},{"@type":"WebSite","@id":"https:\/\/herbaday.sk\/#website","url":"https:\/\/herbaday.sk\/","name":"Herbaday","description":"Nez\u00e1visl\u00fd \u010dlen Herbalife Nutrition","publisher":{"@id":"https:\/\/herbaday.sk\/#organization"},"potentialAction":[{"@type":"SearchAction","target":{"@type":"EntryPoint","urlTemplate":"https:\/\/herbaday.sk\/?s={search_term_string}"},"query-input":{"@type":"PropertyValueSpecification","valueRequired":true,"valueName":"search_term_string"}}],"inLanguage":"sk-SK"},{"@type":"Organization","@id":"https:\/\/herbaday.sk\/#organization","name":"Herbaday","url":"https:\/\/herbaday.sk\/","logo":{"@type":"ImageObject","inLanguage":"sk-SK","@id":"https:\/\/herbaday.sk\/#\/schema\/logo\/image\/","url":"http:\/\/herbaday.sk\/wp-content\/uploads\/2020\/11\/herbaday_logo.png","contentUrl":"http:\/\/herbaday.sk\/wp-content\/uploads\/2020\/11\/herbaday_logo.png","width":2214,"height":545,"caption":"Herbaday"},"image":{"@id":"https:\/\/herbaday.sk\/#\/schema\/logo\/image\/"}}]}},"jetpack_sharing_enabled":true,"_links":{"self":[{"href":"https:\/\/herbaday.sk\/index.php\/wp-json\/wp\/v2\/pages\/203","targetHints":{"allow":["GET"]}}],"collection":[{"href":"https:\/\/herbaday.sk\/index.php\/wp-json\/wp\/v2\/pages"}],"about":[{"href":"https:\/\/herbaday.sk\/index.php\/wp-json\/wp\/v2\/types\/page"}],"author":[{"embeddable":true,"href":"https:\/\/herbaday.sk\/index.php\/wp-json\/wp\/v2\/users\/1"}],"replies":[{"embeddable":true,"href":"https:\/\/herbaday.sk\/index.php\/wp-json\/wp\/v2\/comments?post=203"}],"version-history":[{"count":19,"href":"https:\/\/herbaday.sk\/index.php\/wp-json\/wp\/v2\/pages\/203\/revisions"}],"predecessor-version":[{"id":209007,"href":"https:\/\/herbaday.sk\/index.php\/wp-json\/wp\/v2\/pages\/203\/revisions\/209007"}],"wp:attachment":[{"href":"https:\/\/herbaday.sk\/index.php\/wp-json\/wp\/v2\/media?parent=203"}],"curies":[{"name":"wp","href":"https:\/\/api.w.org\/{rel}","templated":true}]}}