{"id":3,"date":"2020-11-12T17:05:30","date_gmt":"2020-11-12T17:05:30","guid":{"rendered":"https:\/\/herbaday.eu\/?page_id=3"},"modified":"2020-12-22T20:08:05","modified_gmt":"2020-12-22T20:08:05","slug":"privacy-policy","status":"publish","type":"page","link":"https:\/\/herbaday.sk\/index.php\/privacy-policy\/","title":{"rendered":"Ochrana osobn\u00fdch \u00fadajov"},"content":{"rendered":"<p>1. V\u0161etky osobn\u00e9 \u00fadaje poskytnut\u00e9 z\u00e1kazn\u00edkom v r\u00e1mci objedn\u00e1vky tovaru \u010di z\u00e1kazn\u00edcke registr\u00e1cie prostredn\u00edctvom internetov\u00e9ho obchodu https:\/\/herbaday.eu s\u00fa zhroma\u017e\u010fovan\u00e9, spracov\u00e1van\u00e9 a uchov\u00e1van\u00e9 v s\u00falade so z\u00e1konom \u010d. 122\/2013 Z.z. o ochrane osobn\u00fdch \u00fadajov (\u010falej ako \u201eZOO\u00da&#8220;). K poskytovaniu osobn\u00fdch \u00fadajov doch\u00e1dza pri odoslan\u00ed objedn\u00e1vky alebo registr\u00e1cii z\u00e1kazn\u00edckeho \u00fa\u010dtu v\u00a0internetovom obchode https:\/\/herbaday.sk, a to v rozsahu \u00fadajov uv\u00e1dzan\u00fdch vo formul\u00e1ri objedn\u00e1vky \u010di v registra\u010dnom formul\u00e1ri.<\/p><p><br>2. Odoslan\u00edm objedn\u00e1vky, resp. uzatvoren\u00edm k\u00fapnej zmluvy, d\u00e1va z\u00e1kazn\u00edk v s\u00falade so z\u00e1k. \u010d. 122\/2013 Z.z. s\u00fahlas pred\u00e1vaj\u00facemu so spracovan\u00edm, zhroma\u017e\u010fovan\u00edm a uchov\u00e1van\u00edm jeho osobn\u00fdch \u00fadajov pre \u00fa\u010dely uzavretia k\u00fapnej zmluvy, vybavenia objedn\u00e1vok a s\u00favisiacej komunik\u00e1cie so z\u00e1kazn\u00edkom, ale aj po \u00faspe\u0161nom vybaven\u00ed objedn\u00e1vky pre \u00fa\u010dely plnenia zo zmluvy a vedenie pr\u00edslu\u0161nej evidencie (napr. pri vybavovan\u00ed reklam\u00e1ci\u00ed, veden\u00ed \u00fa\u010dtovn\u00edctva a pod.), a to a\u017e do doby jeho p\u00edsomn\u00e9ho vyjadrenia nes\u00fahlasu s t\u00fdmto spracovan\u00edm. Osobn\u00e9 \u00fadaje s\u00fa spracovan\u00e9 v rozsahu: meno, priezvisko, adresa, telef\u00f3n, e-mail. Z\u00e1kazn\u00edk m\u00e1 pr\u00e1vo na pr\u00edstup k svojim osobn\u00fdm \u00fadajom, pr\u00e1vo na ich opravu vr\u00e1tane \u010fal\u0161\u00edch z\u00e1konn\u00fdch pr\u00e1v k t\u00fdmto \u00fadajom. Pred\u00e1vaj\u00faci neposkytuje, nezverej\u0148uje a nespr\u00edstup\u0148uje osobn\u00e9 \u00fadaje z\u00e1kazn\u00edkov \u017eiadnej \u010fal\u0161ej osobe, s v\u00fdnimkou spolo\u010dnost\u00ed zabezpe\u010duj\u00facich prepravu tovaru, ktor\u00fdm s\u00fa osobn\u00e9 \u00fadaje z\u00e1kazn\u00edkov odovzd\u00e1van\u00e9 v minim\u00e1lnom rozsahu potrebnom pre \u00fa\u010dely doru\u010denia tovaru.<\/p><p><br>3. Vykonan\u00edm registr\u00e1cie z\u00e1kazn\u00edckeho \u00fa\u010dtu cez internetov\u00fd obchod Herbaday.sk, z\u00e1kazn\u00edk s\u00fahlas\u00ed s t\u00fdm, aby v s\u00falade so z\u00e1konom \u010d. 122\/2013 Z.z. o ochrane osobn\u00fdch \u00fadajov pred\u00e1vaj\u00faci, pr\u00edpadne tretia osoba, ako touto spolo\u010dnos\u0165ou ur\u010den\u00fd sprostredkovate\u013e v zmysle citovan\u00e9ho z\u00e1kona, spracov\u00e1vala, zhroma\u017e\u010fovala a uchov\u00e1vala osobn\u00e9 \u00fadaje z\u00e1kazn\u00edka poskytnut\u00e9 z\u00e1kazn\u00edkom pri jeho registr\u00e1cii. Z\u00e1kazn\u00edk tie\u017e uskuto\u010dnen\u00edm z\u00e1kazn\u00edckej registr\u00e1cie a\/alebo za\u0161krtnut\u00edm s\u00fahlasu so zasielan\u00edm noviniek akouko\u013evek formou pri odosielan\u00ed objedn\u00e1vky, ude\u013euje pred\u00e1vaj\u00facemu s\u00fahlas so spracovan\u00edm a vyu\u017e\u00edvan\u00edm t\u00fdchto jeho osobn\u00fdch \u00fadajov pre \u00fa\u010dely propaga\u010dn\u00e9 aj marketingov\u00e9 a s odovzdan\u00edm t\u00fdchto \u00fadajov obchodn\u00fdm partnerom pred\u00e1vaj\u00faceho na \u00fa\u010dely propag\u00e1cie a marketingu, a s\u00fa\u010dasne vyslovuje s\u00fahlas s t\u00fdm, aby pred\u00e1vaj\u00faci a pr\u00edpadne tretie osoby, s ktor\u00fdmi t\u00e1to spolo\u010dnos\u0165 uzatvorila pr\u00edslu\u0161n\u00e9 zmluvn\u00e9 dojednania, posielali z\u00e1kazn\u00edkovi obchodn\u00e9 ozn\u00e1menia v elektronickej podobe, v zmysle z\u00e1k. \u010d 147\/2001 Z. z. o reklame a z\u00e1k. \u010d. 610\/2003 Z. z. o elektronickej komunik\u00e1cii. Osobn\u00e9 \u00fadaje s\u00fa spracov\u00e1van\u00e9 v rozsahu: meno, priezvisko, d\u00e1tum narodenia, adresa, telef\u00f3n, e-mail, pohlavie.Z\u00e1kazn\u00edk m\u00e1\u00a0pr\u00e1vo na pr\u00edstup k svojim osobn\u00fdm\u00a0\u00fadajom, pr\u00e1vo na ich opravu, vr\u00e1tane\u00a0\u010fal\u0161\u00edch z\u00e1konn\u00fdch pr\u00e1v k t\u00fdmto\u00a0\u00fadajom.<\/p><p><br>4. Pred\u00e1vaj\u00faci neposkytuje, nezverej\u0148uje a nespr\u00edstup\u0148uje osobn\u00e9\u00a0\u00fadaje z\u00e1kazn\u00edkov\u00a0\u017eiadnej\u00a0\u010fal\u0161ej osobe, s v\u00fdnimkou: spolo\u010dnost\u00ed zabezpe\u010duj\u00facich prepravu tovaru, ktor\u00fdm s\u00fa osobn\u00e9 \u00fadaje z\u00e1kazn\u00edkov odovzd\u00e1van\u00e9 v minim\u00e1lnom rozsahu potrebnom na \u00fa\u010dely doru\u010denia tovaru (najm\u00e4 Slovensk\u00e1 Po\u0161ta) a pre \u00fa\u010dely prieskumu spokojnosty s vyu\u017e\u00edvan\u00fdmi produktmi a slu\u017ebami. S\u00fahlas so spracovan\u00edm osobn\u00fdch\u00a0\u00fadajov a zasielan\u00edm obchodn\u00fdch inform\u00e1ci\u00ed je udelen\u00fd na dobu neur\u010dit\u00fa a je mo\u017en\u00e9 ho kedyko\u013evek zdarma odvola\u0165 v\u00fdslovn\u00fdm a ur\u010dit\u00fdm prejavom v p\u00edsomnej forme adresovanej pred\u00e1vaj\u00facemu, a to po\u0161tou, telefonicky alebo elektronicky na e-mail vjerka.bzovski@herbaday.eu Odvolan\u00edm s\u00fahlasu so spracovan\u00edm osobn\u00fdch \u00fadajov d\u00f4jde z\u00e1rove\u0148 k zru\u0161eniu z\u00e1kazn\u00edckej registr\u00e1cie.Z\u00e1kazn\u00edk m\u00e1\u00a0pod\u013ea z\u00e1k.\u00a0\u010d. 122\/2013 Z.z. v s\u00favislosti so spracovan\u00edm osobn\u00fdch\u00a0\u00fadajov najm\u00e4\u00a0nasleduj\u00face pr\u00e1va:<br>Z\u00e1kazn\u00edk m\u00e1\u00a0pr\u00e1vo na z\u00e1klade p\u00edsomnej\u00a0\u017eiadosti od pred\u00e1vaj\u00faceho vy\u017eadova\u0165:<br>a) potvrdenie, \u010di s\u00fa alebo nie s\u00fa osobn\u00e9 \u00fadaje o \u0148om sprac\u00favan\u00e9,<br>b) vo v\u0161eobecne zrozumite\u013enej forme inform\u00e1cie o sprac\u00favan\u00ed osobn\u00fdch \u00fadajov v informa\u010dnom syst\u00e9me v rozsahu pod\u013ea \u00a7 15 ods. 1 p\u00edsm. a) a\u017e e) druh\u00fd a\u017e \u0161iesty bod; pri vydan\u00ed rozhodnutia pod\u013ea odseku 5 je dotknut\u00e1 osoba opr\u00e1vnen\u00e1 obozn\u00e1mi\u0165 sa s postupom sprac\u00favania a vyhodnocovania oper\u00e1ci\u00ed,<br>c) vo v\u0161eobecne zrozumite\u013enej forme presn\u00e9 inform\u00e1cie o zdroji, z ktor\u00e9ho z\u00edskal jeho osobn\u00e9 \u00fadaje na sprac\u00favanie,<br>d) vo v\u0161eobecne zrozumite\u013enej forme zoznam jeho osobn\u00fdch \u00fadajov, ktor\u00e9 s\u00fa predmetom sprac\u00favania,<br>e) opravu alebo likvid\u00e1ciu svojich nespr\u00e1vnych, ne\u00fapln\u00fdch alebo neaktu\u00e1lnych osobn\u00fdch \u00fadajov, ktor\u00e9 s\u00fa predmetom sprac\u00favania,<br>f) likvid\u00e1ciu jeho osobn\u00fdch \u00fadajov, ktor\u00fdch \u00fa\u010del sprac\u00favania sa skon\u010dil; ak s\u00fa predmetom sprac\u00favania \u00faradn\u00e9 doklady obsahuj\u00face osobn\u00e9 \u00fadaje, m\u00f4\u017ee po\u017eiada\u0165 o ich vr\u00e1tenie,<br>g) likvid\u00e1ciu jeho osobn\u00fdch \u00fadajov, ktor\u00e9 s\u00fa predmetom sprac\u00favania, ak do\u0161lo k poru\u0161eniu z\u00e1kona,<br>h) blokovanie jeho osobn\u00fdch \u00fadajov z d\u00f4vodu odvolania s\u00fahlasu pred uplynut\u00edm \u010dasu jeho platnosti, ak prev\u00e1dzkovate\u013e sprac\u00fava osobn\u00e9 \u00fadaje na z\u00e1klade s\u00fahlasu dotknutej osoby.<br>Z\u00e1kazn\u00edk m\u00e1 pr\u00e1vo u\u00a0pred\u00e1vaj\u00faceho na z\u00e1klade p\u00edsomnej \u017eiadosti namieta\u0165 vo\u010di:<br>a) sprac\u00favaniu jeho osobn\u00fdch \u00fadajov, o ktor\u00fdch predpoklad\u00e1, \u017ee s\u00fa alebo bud\u00fa sprac\u00favan\u00e9 na \u00fa\u010dely priameho marketingu bez jeho s\u00fahlasu, a \u017eiada\u0165 ich likvid\u00e1ciu,<br>b) vyu\u017e\u00edvaniu osobn\u00fdch \u00fadajov uveden\u00fdch v \u00a7 10 ods. 3 p\u00edsm. d) na \u00fa\u010dely priameho marketingu v po\u0161tovom styku, alebo<br>c) poskytovaniu osobn\u00fdch \u00fadajov uveden\u00fdch v \u00a7 10 ods. 3 p\u00edsm. d) na \u00fa\u010dely priameho marketingu.<br><br><\/p>","protected":false},"excerpt":{"rendered":"<p>1. V\u0161etky osobn\u00e9 \u00fadaje poskytnut\u00e9 z\u00e1kazn\u00edkom v r\u00e1mci objedn\u00e1vky tovaru \u010di z\u00e1kazn\u00edcke registr\u00e1cie prostredn\u00edctvom internetov\u00e9ho obchodu https:\/\/herbaday.eu s\u00fa zhroma\u017e\u010fovan\u00e9, spracov\u00e1van\u00e9 a uchov\u00e1van\u00e9 v s\u00falade so z\u00e1konom \u010d. 122\/2013 Z.z. o ochrane osobn\u00fdch \u00fadajov (\u010falej ako \u201eZOO\u00da&#8220;). K poskytovaniu osobn\u00fdch \u00fadajov doch\u00e1dza pri odoslan\u00ed objedn\u00e1vky alebo registr\u00e1cii z\u00e1kazn\u00edckeho \u00fa\u010dtu v\u00a0internetovom obchode https:\/\/herbaday.sk, a to v rozsahu [&#8230;]\n","protected":false},"author":1,"featured_media":0,"parent":0,"menu_order":0,"comment_status":"closed","ping_status":"open","template":"","meta":{"footnotes":""},"class_list":["post-3","page","type-page","status-publish","hentry"],"yoast_head":"<!-- This site is optimized with the Yoast SEO plugin v24.3 - https:\/\/yoast.com\/wordpress\/plugins\/seo\/ -->\n<title>Ochrana osobn\u00fdch \u00fadajov - Herbaday<\/title>\n<meta name=\"robots\" content=\"index, follow, max-snippet:-1, max-image-preview:large, max-video-preview:-1\" \/>\n<link rel=\"canonical\" href=\"https:\/\/herbaday.sk\/index.php\/privacy-policy\/\" \/>\n<meta property=\"og:locale\" content=\"sk_SK\" \/>\n<meta property=\"og:type\" content=\"article\" \/>\n<meta property=\"og:title\" content=\"Ochrana osobn\u00fdch \u00fadajov - Herbaday\" \/>\n<meta property=\"og:description\" content=\"1. V\u0161etky osobn\u00e9 \u00fadaje poskytnut\u00e9 z\u00e1kazn\u00edkom v r\u00e1mci objedn\u00e1vky tovaru \u010di z\u00e1kazn\u00edcke registr\u00e1cie prostredn\u00edctvom internetov\u00e9ho obchodu https:\/\/herbaday.eu s\u00fa zhroma\u017e\u010fovan\u00e9, spracov\u00e1van\u00e9 a uchov\u00e1van\u00e9 v s\u00falade so z\u00e1konom \u010d. 122\/2013 Z.z. o ochrane osobn\u00fdch \u00fadajov (\u010falej ako \u201eZOO\u00da&#8220;). K poskytovaniu osobn\u00fdch \u00fadajov doch\u00e1dza pri odoslan\u00ed objedn\u00e1vky alebo registr\u00e1cii z\u00e1kazn\u00edckeho \u00fa\u010dtu v\u00a0internetovom obchode https:\/\/herbaday.sk, a to v rozsahu [...]\" \/>\n<meta property=\"og:url\" content=\"https:\/\/herbaday.sk\/index.php\/privacy-policy\/\" \/>\n<meta property=\"og:site_name\" content=\"Herbaday\" \/>\n<meta property=\"article:modified_time\" content=\"2020-12-22T20:08:05+00:00\" \/>\n<meta name=\"twitter:card\" content=\"summary_large_image\" \/>\n<meta name=\"twitter:label1\" content=\"Predpokladan\u00fd \u010das \u010d\u00edtania\" \/>\n\t<meta name=\"twitter:data1\" content=\"5 min\u00fat\" \/>\n<script type=\"application\/ld+json\" class=\"yoast-schema-graph\">{\"@context\":\"https:\/\/schema.org\",\"@graph\":[{\"@type\":\"WebPage\",\"@id\":\"https:\/\/herbaday.sk\/index.php\/privacy-policy\/\",\"url\":\"https:\/\/herbaday.sk\/index.php\/privacy-policy\/\",\"name\":\"Ochrana osobn\u00fdch \u00fadajov - Herbaday\",\"isPartOf\":{\"@id\":\"https:\/\/herbaday.sk\/#website\"},\"datePublished\":\"2020-11-12T17:05:30+00:00\",\"dateModified\":\"2020-12-22T20:08:05+00:00\",\"breadcrumb\":{\"@id\":\"https:\/\/herbaday.sk\/index.php\/privacy-policy\/#breadcrumb\"},\"inLanguage\":\"sk-SK\",\"potentialAction\":[{\"@type\":\"ReadAction\",\"target\":[\"https:\/\/herbaday.sk\/index.php\/privacy-policy\/\"]}]},{\"@type\":\"BreadcrumbList\",\"@id\":\"https:\/\/herbaday.sk\/index.php\/privacy-policy\/#breadcrumb\",\"itemListElement\":[{\"@type\":\"ListItem\",\"position\":1,\"name\":\"Domovsk\u00e1 str\u00e1nka\",\"item\":\"https:\/\/herbaday.sk\/\"},{\"@type\":\"ListItem\",\"position\":2,\"name\":\"Ochrana osobn\u00fdch \u00fadajov\"}]},{\"@type\":\"WebSite\",\"@id\":\"https:\/\/herbaday.sk\/#website\",\"url\":\"https:\/\/herbaday.sk\/\",\"name\":\"Herbaday\",\"description\":\"Nez\u00e1visl\u00fd \u010dlen Herbalife Nutrition\",\"publisher\":{\"@id\":\"https:\/\/herbaday.sk\/#organization\"},\"potentialAction\":[{\"@type\":\"SearchAction\",\"target\":{\"@type\":\"EntryPoint\",\"urlTemplate\":\"https:\/\/herbaday.sk\/?s={search_term_string}\"},\"query-input\":{\"@type\":\"PropertyValueSpecification\",\"valueRequired\":true,\"valueName\":\"search_term_string\"}}],\"inLanguage\":\"sk-SK\"},{\"@type\":\"Organization\",\"@id\":\"https:\/\/herbaday.sk\/#organization\",\"name\":\"Herbaday\",\"url\":\"https:\/\/herbaday.sk\/\",\"logo\":{\"@type\":\"ImageObject\",\"inLanguage\":\"sk-SK\",\"@id\":\"https:\/\/herbaday.sk\/#\/schema\/logo\/image\/\",\"url\":\"http:\/\/herbaday.sk\/wp-content\/uploads\/2020\/11\/herbaday_logo.png\",\"contentUrl\":\"http:\/\/herbaday.sk\/wp-content\/uploads\/2020\/11\/herbaday_logo.png\",\"width\":2214,\"height\":545,\"caption\":\"Herbaday\"},\"image\":{\"@id\":\"https:\/\/herbaday.sk\/#\/schema\/logo\/image\/\"}}]}<\/script>\n<!-- \/ Yoast SEO plugin. -->","yoast_head_json":{"title":"Ochrana osobn\u00fdch \u00fadajov - Herbaday","robots":{"index":"index","follow":"follow","max-snippet":"max-snippet:-1","max-image-preview":"max-image-preview:large","max-video-preview":"max-video-preview:-1"},"canonical":"https:\/\/herbaday.sk\/index.php\/privacy-policy\/","og_locale":"sk_SK","og_type":"article","og_title":"Ochrana osobn\u00fdch \u00fadajov - Herbaday","og_description":"1. V\u0161etky osobn\u00e9 \u00fadaje poskytnut\u00e9 z\u00e1kazn\u00edkom v r\u00e1mci objedn\u00e1vky tovaru \u010di z\u00e1kazn\u00edcke registr\u00e1cie prostredn\u00edctvom internetov\u00e9ho obchodu https:\/\/herbaday.eu s\u00fa zhroma\u017e\u010fovan\u00e9, spracov\u00e1van\u00e9 a uchov\u00e1van\u00e9 v s\u00falade so z\u00e1konom \u010d. 122\/2013 Z.z. o ochrane osobn\u00fdch \u00fadajov (\u010falej ako \u201eZOO\u00da&#8220;). K poskytovaniu osobn\u00fdch \u00fadajov doch\u00e1dza pri odoslan\u00ed objedn\u00e1vky alebo registr\u00e1cii z\u00e1kazn\u00edckeho \u00fa\u010dtu v\u00a0internetovom obchode https:\/\/herbaday.sk, a to v rozsahu [...]","og_url":"https:\/\/herbaday.sk\/index.php\/privacy-policy\/","og_site_name":"Herbaday","article_modified_time":"2020-12-22T20:08:05+00:00","twitter_card":"summary_large_image","twitter_misc":{"Predpokladan\u00fd \u010das \u010d\u00edtania":"5 min\u00fat"},"schema":{"@context":"https:\/\/schema.org","@graph":[{"@type":"WebPage","@id":"https:\/\/herbaday.sk\/index.php\/privacy-policy\/","url":"https:\/\/herbaday.sk\/index.php\/privacy-policy\/","name":"Ochrana osobn\u00fdch \u00fadajov - Herbaday","isPartOf":{"@id":"https:\/\/herbaday.sk\/#website"},"datePublished":"2020-11-12T17:05:30+00:00","dateModified":"2020-12-22T20:08:05+00:00","breadcrumb":{"@id":"https:\/\/herbaday.sk\/index.php\/privacy-policy\/#breadcrumb"},"inLanguage":"sk-SK","potentialAction":[{"@type":"ReadAction","target":["https:\/\/herbaday.sk\/index.php\/privacy-policy\/"]}]},{"@type":"BreadcrumbList","@id":"https:\/\/herbaday.sk\/index.php\/privacy-policy\/#breadcrumb","itemListElement":[{"@type":"ListItem","position":1,"name":"Domovsk\u00e1 str\u00e1nka","item":"https:\/\/herbaday.sk\/"},{"@type":"ListItem","position":2,"name":"Ochrana osobn\u00fdch \u00fadajov"}]},{"@type":"WebSite","@id":"https:\/\/herbaday.sk\/#website","url":"https:\/\/herbaday.sk\/","name":"Herbaday","description":"Nez\u00e1visl\u00fd \u010dlen Herbalife Nutrition","publisher":{"@id":"https:\/\/herbaday.sk\/#organization"},"potentialAction":[{"@type":"SearchAction","target":{"@type":"EntryPoint","urlTemplate":"https:\/\/herbaday.sk\/?s={search_term_string}"},"query-input":{"@type":"PropertyValueSpecification","valueRequired":true,"valueName":"search_term_string"}}],"inLanguage":"sk-SK"},{"@type":"Organization","@id":"https:\/\/herbaday.sk\/#organization","name":"Herbaday","url":"https:\/\/herbaday.sk\/","logo":{"@type":"ImageObject","inLanguage":"sk-SK","@id":"https:\/\/herbaday.sk\/#\/schema\/logo\/image\/","url":"http:\/\/herbaday.sk\/wp-content\/uploads\/2020\/11\/herbaday_logo.png","contentUrl":"http:\/\/herbaday.sk\/wp-content\/uploads\/2020\/11\/herbaday_logo.png","width":2214,"height":545,"caption":"Herbaday"},"image":{"@id":"https:\/\/herbaday.sk\/#\/schema\/logo\/image\/"}}]}},"jetpack_sharing_enabled":true,"_links":{"self":[{"href":"https:\/\/herbaday.sk\/index.php\/wp-json\/wp\/v2\/pages\/3","targetHints":{"allow":["GET"]}}],"collection":[{"href":"https:\/\/herbaday.sk\/index.php\/wp-json\/wp\/v2\/pages"}],"about":[{"href":"https:\/\/herbaday.sk\/index.php\/wp-json\/wp\/v2\/types\/page"}],"author":[{"embeddable":true,"href":"https:\/\/herbaday.sk\/index.php\/wp-json\/wp\/v2\/users\/1"}],"replies":[{"embeddable":true,"href":"https:\/\/herbaday.sk\/index.php\/wp-json\/wp\/v2\/comments?post=3"}],"version-history":[{"count":5,"href":"https:\/\/herbaday.sk\/index.php\/wp-json\/wp\/v2\/pages\/3\/revisions"}],"predecessor-version":[{"id":1386,"href":"https:\/\/herbaday.sk\/index.php\/wp-json\/wp\/v2\/pages\/3\/revisions\/1386"}],"wp:attachment":[{"href":"https:\/\/herbaday.sk\/index.php\/wp-json\/wp\/v2\/media?parent=3"}],"curies":[{"name":"wp","href":"https:\/\/api.w.org\/{rel}","templated":true}]}}