{"id":503,"date":"2020-12-10T06:44:48","date_gmt":"2020-12-10T06:44:48","guid":{"rendered":"https:\/\/herbaday.eu\/?page_id=503"},"modified":"2020-12-10T07:25:40","modified_gmt":"2020-12-10T07:25:40","slug":"zlava-az-50","status":"publish","type":"page","link":"https:\/\/herbaday.sk\/index.php\/zlava-az-50\/","title":{"rendered":"Z\u013eava a\u017e -50%"},"content":{"rendered":"<div class=\"container section-title-container\" ><h2 class=\"section-title section-title-center\"><b><\/b><span class=\"section-title-main\" >Z\u013eava a\u017e -50%<\/span><b><\/b><\/h2><\/div>\n\n<p><strong>STA\u0147TE SA \u010cLENOM HERBALIFE &#8211; Z\u00cdSKAJTE Z\u013dAVU 25 &#8211; 50%<\/strong><br>\nAko \u010dlen Herbalife z\u00edskate z\u013eavu 25% na v\u00e1\u0161 n\u00e1kup a m\u00f4\u017eete ju zv\u00fd\u0161i\u0165 a\u017e o 50% (<a href=\"https:\/\/www.skherbalife.sk\/content\/dam\/regional\/emea\/sk_sk\/herbalife-nutrition\/other\/Cenik_produktu_SK_18.8.2020.pdf\">na odpor\u00fa\u010dan\u00e9 maloobchodn\u00e9 ceny<\/a>) v z\u00e1vislosti od zak\u00fapenej sumy. <br>Existuj\u00fa dva sp\u00f4soby, ako sa sta\u0165 \u010dlenom.<\/p>\n<p>V obidvoch pr\u00edpadoch zadajte inform\u00e1cie o sponzorovi:<\/p>\n<p>ID sponzora Herbalife: K1009606<br>\nPrv\u00e9 tri p\u00edsmen\u00e1 priezviska v\u00e1\u0161ho sponzora: BZO<\/p>","protected":false},"excerpt":{"rendered":"<p>STA\u0147TE SA \u010cLENOM HERBALIFE &#8211; Z\u00cdSKAJTE Z\u013dAVU 25 &#8211; 50% Ako \u010dlen Herbalife z\u00edskate z\u013eavu 25% na v\u00e1\u0161 n\u00e1kup a m\u00f4\u017eete ju zv\u00fd\u0161i\u0165 a\u017e o 50% (na odpor\u00fa\u010dan\u00e9 maloobchodn\u00e9 ceny) v z\u00e1vislosti od zak\u00fapenej sumy. Existuj\u00fa dva sp\u00f4soby, ako sa sta\u0165 \u010dlenom. V obidvoch pr\u00edpadoch zadajte inform\u00e1cie o sponzorovi: ID sponzora Herbalife: K1009606 Prv\u00e9 tri [&#8230;]\n","protected":false},"author":1,"featured_media":0,"parent":0,"menu_order":0,"comment_status":"closed","ping_status":"closed","template":"","meta":{"footnotes":""},"class_list":["post-503","page","type-page","status-publish","hentry"],"yoast_head":"<!-- This site is optimized with the Yoast SEO plugin v24.3 - https:\/\/yoast.com\/wordpress\/plugins\/seo\/ -->\n<title>Z\u013eava a\u017e -50% - Herbaday<\/title>\n<meta name=\"robots\" content=\"index, follow, max-snippet:-1, max-image-preview:large, max-video-preview:-1\" \/>\n<link rel=\"canonical\" href=\"https:\/\/herbaday.sk\/index.php\/zlava-az-50\/\" \/>\n<meta property=\"og:locale\" content=\"sk_SK\" \/>\n<meta property=\"og:type\" content=\"article\" \/>\n<meta property=\"og:title\" content=\"Z\u013eava a\u017e -50% - Herbaday\" \/>\n<meta property=\"og:description\" content=\"STA\u0147TE SA \u010cLENOM HERBALIFE &#8211; Z\u00cdSKAJTE Z\u013dAVU 25 &#8211; 50% Ako \u010dlen Herbalife z\u00edskate z\u013eavu 25% na v\u00e1\u0161 n\u00e1kup a m\u00f4\u017eete ju zv\u00fd\u0161i\u0165 a\u017e o 50% (na odpor\u00fa\u010dan\u00e9 maloobchodn\u00e9 ceny) v z\u00e1vislosti od zak\u00fapenej sumy. Existuj\u00fa dva sp\u00f4soby, ako sa sta\u0165 \u010dlenom. V obidvoch pr\u00edpadoch zadajte inform\u00e1cie o sponzorovi: ID sponzora Herbalife: K1009606 Prv\u00e9 tri [...]\" \/>\n<meta property=\"og:url\" content=\"https:\/\/herbaday.sk\/index.php\/zlava-az-50\/\" \/>\n<meta property=\"og:site_name\" content=\"Herbaday\" \/>\n<meta property=\"article:modified_time\" content=\"2020-12-10T07:25:40+00:00\" \/>\n<meta name=\"twitter:card\" content=\"summary_large_image\" \/>\n<script type=\"application\/ld+json\" class=\"yoast-schema-graph\">{\"@context\":\"https:\/\/schema.org\",\"@graph\":[{\"@type\":\"WebPage\",\"@id\":\"https:\/\/herbaday.sk\/index.php\/zlava-az-50\/\",\"url\":\"https:\/\/herbaday.sk\/index.php\/zlava-az-50\/\",\"name\":\"Z\u013eava a\u017e -50% - Herbaday\",\"isPartOf\":{\"@id\":\"https:\/\/herbaday.sk\/#website\"},\"datePublished\":\"2020-12-10T06:44:48+00:00\",\"dateModified\":\"2020-12-10T07:25:40+00:00\",\"breadcrumb\":{\"@id\":\"https:\/\/herbaday.sk\/index.php\/zlava-az-50\/#breadcrumb\"},\"inLanguage\":\"sk-SK\",\"potentialAction\":[{\"@type\":\"ReadAction\",\"target\":[\"https:\/\/herbaday.sk\/index.php\/zlava-az-50\/\"]}]},{\"@type\":\"BreadcrumbList\",\"@id\":\"https:\/\/herbaday.sk\/index.php\/zlava-az-50\/#breadcrumb\",\"itemListElement\":[{\"@type\":\"ListItem\",\"position\":1,\"name\":\"Domovsk\u00e1 str\u00e1nka\",\"item\":\"https:\/\/herbaday.sk\/\"},{\"@type\":\"ListItem\",\"position\":2,\"name\":\"Z\u013eava a\u017e -50%\"}]},{\"@type\":\"WebSite\",\"@id\":\"https:\/\/herbaday.sk\/#website\",\"url\":\"https:\/\/herbaday.sk\/\",\"name\":\"Herbaday\",\"description\":\"Nez\u00e1visl\u00fd \u010dlen Herbalife Nutrition\",\"publisher\":{\"@id\":\"https:\/\/herbaday.sk\/#organization\"},\"potentialAction\":[{\"@type\":\"SearchAction\",\"target\":{\"@type\":\"EntryPoint\",\"urlTemplate\":\"https:\/\/herbaday.sk\/?s={search_term_string}\"},\"query-input\":{\"@type\":\"PropertyValueSpecification\",\"valueRequired\":true,\"valueName\":\"search_term_string\"}}],\"inLanguage\":\"sk-SK\"},{\"@type\":\"Organization\",\"@id\":\"https:\/\/herbaday.sk\/#organization\",\"name\":\"Herbaday\",\"url\":\"https:\/\/herbaday.sk\/\",\"logo\":{\"@type\":\"ImageObject\",\"inLanguage\":\"sk-SK\",\"@id\":\"https:\/\/herbaday.sk\/#\/schema\/logo\/image\/\",\"url\":\"http:\/\/herbaday.sk\/wp-content\/uploads\/2020\/11\/herbaday_logo.png\",\"contentUrl\":\"http:\/\/herbaday.sk\/wp-content\/uploads\/2020\/11\/herbaday_logo.png\",\"width\":2214,\"height\":545,\"caption\":\"Herbaday\"},\"image\":{\"@id\":\"https:\/\/herbaday.sk\/#\/schema\/logo\/image\/\"}}]}<\/script>\n<!-- \/ Yoast SEO plugin. -->","yoast_head_json":{"title":"Z\u013eava a\u017e -50% - Herbaday","robots":{"index":"index","follow":"follow","max-snippet":"max-snippet:-1","max-image-preview":"max-image-preview:large","max-video-preview":"max-video-preview:-1"},"canonical":"https:\/\/herbaday.sk\/index.php\/zlava-az-50\/","og_locale":"sk_SK","og_type":"article","og_title":"Z\u013eava a\u017e -50% - Herbaday","og_description":"STA\u0147TE SA \u010cLENOM HERBALIFE &#8211; Z\u00cdSKAJTE Z\u013dAVU 25 &#8211; 50% Ako \u010dlen Herbalife z\u00edskate z\u013eavu 25% na v\u00e1\u0161 n\u00e1kup a m\u00f4\u017eete ju zv\u00fd\u0161i\u0165 a\u017e o 50% (na odpor\u00fa\u010dan\u00e9 maloobchodn\u00e9 ceny) v z\u00e1vislosti od zak\u00fapenej sumy. Existuj\u00fa dva sp\u00f4soby, ako sa sta\u0165 \u010dlenom. V obidvoch pr\u00edpadoch zadajte inform\u00e1cie o sponzorovi: ID sponzora Herbalife: K1009606 Prv\u00e9 tri [...]","og_url":"https:\/\/herbaday.sk\/index.php\/zlava-az-50\/","og_site_name":"Herbaday","article_modified_time":"2020-12-10T07:25:40+00:00","twitter_card":"summary_large_image","schema":{"@context":"https:\/\/schema.org","@graph":[{"@type":"WebPage","@id":"https:\/\/herbaday.sk\/index.php\/zlava-az-50\/","url":"https:\/\/herbaday.sk\/index.php\/zlava-az-50\/","name":"Z\u013eava a\u017e -50% - Herbaday","isPartOf":{"@id":"https:\/\/herbaday.sk\/#website"},"datePublished":"2020-12-10T06:44:48+00:00","dateModified":"2020-12-10T07:25:40+00:00","breadcrumb":{"@id":"https:\/\/herbaday.sk\/index.php\/zlava-az-50\/#breadcrumb"},"inLanguage":"sk-SK","potentialAction":[{"@type":"ReadAction","target":["https:\/\/herbaday.sk\/index.php\/zlava-az-50\/"]}]},{"@type":"BreadcrumbList","@id":"https:\/\/herbaday.sk\/index.php\/zlava-az-50\/#breadcrumb","itemListElement":[{"@type":"ListItem","position":1,"name":"Domovsk\u00e1 str\u00e1nka","item":"https:\/\/herbaday.sk\/"},{"@type":"ListItem","position":2,"name":"Z\u013eava a\u017e -50%"}]},{"@type":"WebSite","@id":"https:\/\/herbaday.sk\/#website","url":"https:\/\/herbaday.sk\/","name":"Herbaday","description":"Nez\u00e1visl\u00fd \u010dlen Herbalife Nutrition","publisher":{"@id":"https:\/\/herbaday.sk\/#organization"},"potentialAction":[{"@type":"SearchAction","target":{"@type":"EntryPoint","urlTemplate":"https:\/\/herbaday.sk\/?s={search_term_string}"},"query-input":{"@type":"PropertyValueSpecification","valueRequired":true,"valueName":"search_term_string"}}],"inLanguage":"sk-SK"},{"@type":"Organization","@id":"https:\/\/herbaday.sk\/#organization","name":"Herbaday","url":"https:\/\/herbaday.sk\/","logo":{"@type":"ImageObject","inLanguage":"sk-SK","@id":"https:\/\/herbaday.sk\/#\/schema\/logo\/image\/","url":"http:\/\/herbaday.sk\/wp-content\/uploads\/2020\/11\/herbaday_logo.png","contentUrl":"http:\/\/herbaday.sk\/wp-content\/uploads\/2020\/11\/herbaday_logo.png","width":2214,"height":545,"caption":"Herbaday"},"image":{"@id":"https:\/\/herbaday.sk\/#\/schema\/logo\/image\/"}}]}},"jetpack_sharing_enabled":true,"_links":{"self":[{"href":"https:\/\/herbaday.sk\/index.php\/wp-json\/wp\/v2\/pages\/503","targetHints":{"allow":["GET"]}}],"collection":[{"href":"https:\/\/herbaday.sk\/index.php\/wp-json\/wp\/v2\/pages"}],"about":[{"href":"https:\/\/herbaday.sk\/index.php\/wp-json\/wp\/v2\/types\/page"}],"author":[{"embeddable":true,"href":"https:\/\/herbaday.sk\/index.php\/wp-json\/wp\/v2\/users\/1"}],"replies":[{"embeddable":true,"href":"https:\/\/herbaday.sk\/index.php\/wp-json\/wp\/v2\/comments?post=503"}],"version-history":[{"count":8,"href":"https:\/\/herbaday.sk\/index.php\/wp-json\/wp\/v2\/pages\/503\/revisions"}],"predecessor-version":[{"id":512,"href":"https:\/\/herbaday.sk\/index.php\/wp-json\/wp\/v2\/pages\/503\/revisions\/512"}],"wp:attachment":[{"href":"https:\/\/herbaday.sk\/index.php\/wp-json\/wp\/v2\/media?parent=503"}],"curies":[{"name":"wp","href":"https:\/\/api.w.org\/{rel}","templated":true}]}}