{"id":101,"date":"2020-11-13T10:21:37","date_gmt":"2020-11-13T10:21:37","guid":{"rendered":"https:\/\/herbaday.eu\/?post_type=product&#038;p=101"},"modified":"2023-08-31T11:24:05","modified_gmt":"2023-08-31T11:24:05","slug":"h24-cr7-napoj-vrecka-prichut-acai-bobul-10-sackov-po-27-g","status":"publish","type":"product","link":"https:\/\/herbaday.sk\/index.php\/product\/h24-cr7-napoj-vrecka-prichut-acai-bobul-10-sackov-po-27-g\/","title":{"rendered":"H24 CR7 n\u00e1poj &#8211; vreck\u00e1 PR\u00cdCHU\u0164 ACAI BOB\u00da\u013d 10 s\u00e1\u010dkov po 27 g"},"content":{"rendered":"<h3 id=\"info-toggle\">N\u00e1h\u013ead na Produkt<\/h3>\n<div class=\"info-content\">\n<article>\n<p class=\"overview\" data-bind=\"html: Overview, visible: Overview\">CR7 Drive je hypotonick\u00fd n\u00e1poj na lep\u0161iu hydrat\u00e1ciu a na zlep\u0161enie vytrvalosti.* V\u00fdkon pre akt\u00edvny \u017eivotn\u00fd \u0161t\u00fdl , je perfektn\u00fd pre u\u017e\u00edvanie po\u010das cvi\u010denia alebo ak\u00fdchko\u013evek \u0161portov\u00fdch aktiv\u00edt .<br \/>\nCR7 Drive je karbohydrat-elektrolick\u00e9 rie\u0161enie, ktor\u00e9 je preuk\u00e1zan\u00e9, \u017ee zvy\u0161uje vstreb\u00e1vanie vody po\u010das fyzickej aktivity a pom\u00e1ha udr\u017eiava\u0165 vytrvalostn\u00fd v\u00fdkon * , \u010di u\u017e je to intenz\u00edvny futbal, alebo pr\u00e1ca.<\/p>\n<h5 data-bind=\"visible: KeyBenefits\">K\u013e\u00fa\u010dov\u00e9 V\u00fdhody<\/h5>\n<div class=\"disc\" data-bind=\"visible: KeyBenefits, html: KeyBenefits\">\u2022 Bol vyvinut\u00fd v spolupr\u00e1ci s Cristiano Ronaldom , jedn\u00fdm z elitn\u00fdch hr\u00e1\u010dov svetov\u00e9ho futbalu .<br \/>\n\u2022 lahodn\u00fd a osvie\u017euj\u00faci\u00a0 karbohydr\u00e1t-elektrolytick\u00fd n\u00e1poj po\u010das cvi\u010denia .<br \/>\n\u2022 karbohydr\u00e1t-elektrolytick\u00e9 rie\u0161enie ktor\u00e9 je preuk\u00e1zan\u00e9, \u017ee pom\u00e1ha udr\u017ea\u0165 vytrvalostn\u00fd v\u00fdkon * .<br \/>\n\u2022 Tie\u017e zvy\u0161uje absorpciu vody po\u010das cvi\u010denia ** .<br \/>\n\u2022 Nie viac ako 100 kcal na porciu , ktor\u00e9 pom\u00e1haj\u00fa spravova\u0165 pr\u00edjem kal\u00f3ri\u00ed .<br \/>\n<em><br \/>\n* karbohydr\u00e1t-elektrolytick\u00e9 rie\u0161enie prispieva k udr\u017eaniu vytrvalostn\u00e9ho v\u00fdkonu pri dlhodobom cvi\u010den\u00ed .<br \/>\n** karbohydr\u00e1t-elektrolytick\u00e9 rie\u0161enie zvy\u0161uje vstreb\u00e1vanie vody po\u010das fyzick\u00e9ho cvi\u010denia<\/em><\/div>\n<h5 data-bind=\"visible: FastFacts\">R\u00fdchle Fakty<\/h5>\n<div class=\"disc\" data-bind=\"visible: FastFacts, html: FastFacts\">\u2022 Bol vyvinut\u00fd v spolupr\u00e1ci s Cristiano Ronaldom , jedn\u00fdm z elitn\u00fdch hr\u00e1\u010dov svetov\u00e9ho futbalu .<br \/>\n\u2022 obsahuje menej ako 100 kcal v jednej porcii<br \/>\n\u2022 \u013eahko sa pije s pr\u00edchu\u0165ou Acai bob\u00fa\u013e<br \/>\n\u2022 CR7 DRIVE je karbohydr\u00e1t-elektrolick\u00e9 rie\u0161enie, ktor\u00e9 je preuk\u00e1zan\u00e9, \u017ee zvy\u0161uje vstreb\u00e1vanie vody po\u010das fyzickej aktivity a pom\u00e1ha udr\u017eiava\u0165 vytrvalostn\u00fd v\u00fdkon * ,<br \/>\n\u2022 CR7 tie\u017e obsahuje vitam\u00edn B12, ktor\u00fd pom\u00e1ha udr\u017eiava\u0165 energiu , metabolizmus , rovnako ako norm\u00e1lnu funkciu imunitn\u00e9ho syst\u00e9mu<\/div>\n<\/article>\n<\/div>\n","protected":false},"excerpt":{"rendered":"<p>N\u00e1h\u013ead na Produkt CR7 Drive je hypotonick\u00fd n\u00e1poj na lep\u0161iu hydrat\u00e1ciu a na zlep\u0161enie vytrvalosti.* V\u00fdkon pre akt\u00edvny \u017eivotn\u00fd \u0161t\u00fdl , je perfektn\u00fd pre u\u017e\u00edvanie po\u010das cvi\u010denia alebo ak\u00fdchko\u013evek \u0161portov\u00fdch aktiv\u00edt . CR7 Drive je karbohydrat-elektrolick\u00e9 rie\u0161enie, ktor\u00e9 je preuk\u00e1zan\u00e9, \u017ee zvy\u0161uje vstreb\u00e1vanie vody po\u010das fyzickej aktivity a pom\u00e1ha udr\u017eiava\u0165 vytrvalostn\u00fd v\u00fdkon * , \u010di [&#8230;]\n","protected":false},"featured_media":108,"comment_status":"open","ping_status":"closed","template":"","meta":[],"product_brand":[],"product_cat":[22],"product_tag":[],"class_list":{"0":"post-101","1":"product","2":"type-product","3":"status-publish","4":"has-post-thumbnail","6":"product_cat-herbalife24","8":"first","9":"instock","10":"taxable","11":"shipping-taxable","12":"purchasable","13":"product-type-simple"},"yoast_head":"<!-- This site is optimized with the Yoast SEO plugin v24.3 - https:\/\/yoast.com\/wordpress\/plugins\/seo\/ -->\n<title>H24 CR7 n\u00e1poj - vreck\u00e1 PR\u00cdCHU\u0164 ACAI BOB\u00da\u013d 10 s\u00e1\u010dkov po 27 g - Herbaday<\/title>\n<meta name=\"robots\" content=\"index, follow, max-snippet:-1, max-image-preview:large, max-video-preview:-1\" \/>\n<link rel=\"canonical\" href=\"https:\/\/herbaday.sk\/index.php\/product\/h24-cr7-napoj-vrecka-prichut-acai-bobul-10-sackov-po-27-g\/\" \/>\n<meta property=\"og:locale\" content=\"sk_SK\" \/>\n<meta property=\"og:type\" content=\"article\" \/>\n<meta property=\"og:title\" content=\"H24 CR7 n\u00e1poj - vreck\u00e1 PR\u00cdCHU\u0164 ACAI BOB\u00da\u013d 10 s\u00e1\u010dkov po 27 g - Herbaday\" \/>\n<meta property=\"og:description\" content=\"N\u00e1h\u013ead na Produkt CR7 Drive je hypotonick\u00fd n\u00e1poj na lep\u0161iu hydrat\u00e1ciu a na zlep\u0161enie vytrvalosti.* V\u00fdkon pre akt\u00edvny \u017eivotn\u00fd \u0161t\u00fdl , je perfektn\u00fd pre u\u017e\u00edvanie po\u010das cvi\u010denia alebo ak\u00fdchko\u013evek \u0161portov\u00fdch aktiv\u00edt . CR7 Drive je karbohydrat-elektrolick\u00e9 rie\u0161enie, ktor\u00e9 je preuk\u00e1zan\u00e9, \u017ee zvy\u0161uje vstreb\u00e1vanie vody po\u010das fyzickej aktivity a pom\u00e1ha udr\u017eiava\u0165 vytrvalostn\u00fd v\u00fdkon * , \u010di [...]\" \/>\n<meta property=\"og:url\" content=\"https:\/\/herbaday.sk\/index.php\/product\/h24-cr7-napoj-vrecka-prichut-acai-bobul-10-sackov-po-27-g\/\" \/>\n<meta property=\"og:site_name\" content=\"Herbaday\" \/>\n<meta property=\"article:modified_time\" content=\"2023-08-31T11:24:05+00:00\" \/>\n<meta property=\"og:image\" content=\"https:\/\/i0.wp.com\/herbaday.sk\/wp-content\/uploads\/2020\/11\/1467_CZ_SK.png?fit=200%2C200&ssl=1\" \/>\n\t<meta property=\"og:image:width\" content=\"200\" \/>\n\t<meta property=\"og:image:height\" content=\"200\" \/>\n\t<meta property=\"og:image:type\" content=\"image\/png\" \/>\n<meta name=\"twitter:card\" content=\"summary_large_image\" \/>\n<meta name=\"twitter:label1\" content=\"Predpokladan\u00fd \u010das \u010d\u00edtania\" \/>\n\t<meta name=\"twitter:data1\" content=\"1 min\u00fata\" \/>\n<script type=\"application\/ld+json\" class=\"yoast-schema-graph\">{\"@context\":\"https:\/\/schema.org\",\"@graph\":[{\"@type\":\"WebPage\",\"@id\":\"https:\/\/herbaday.sk\/index.php\/product\/h24-cr7-napoj-vrecka-prichut-acai-bobul-10-sackov-po-27-g\/\",\"url\":\"https:\/\/herbaday.sk\/index.php\/product\/h24-cr7-napoj-vrecka-prichut-acai-bobul-10-sackov-po-27-g\/\",\"name\":\"H24 CR7 n\u00e1poj - vreck\u00e1 PR\u00cdCHU\u0164 ACAI BOB\u00da\u013d 10 s\u00e1\u010dkov po 27 g - Herbaday\",\"isPartOf\":{\"@id\":\"https:\/\/herbaday.sk\/#website\"},\"primaryImageOfPage\":{\"@id\":\"https:\/\/herbaday.sk\/index.php\/product\/h24-cr7-napoj-vrecka-prichut-acai-bobul-10-sackov-po-27-g\/#primaryimage\"},\"image\":{\"@id\":\"https:\/\/herbaday.sk\/index.php\/product\/h24-cr7-napoj-vrecka-prichut-acai-bobul-10-sackov-po-27-g\/#primaryimage\"},\"thumbnailUrl\":\"https:\/\/i0.wp.com\/herbaday.sk\/wp-content\/uploads\/2020\/11\/1467_CZ_SK.png?fit=200%2C200&ssl=1\",\"datePublished\":\"2020-11-13T10:21:37+00:00\",\"dateModified\":\"2023-08-31T11:24:05+00:00\",\"breadcrumb\":{\"@id\":\"https:\/\/herbaday.sk\/index.php\/product\/h24-cr7-napoj-vrecka-prichut-acai-bobul-10-sackov-po-27-g\/#breadcrumb\"},\"inLanguage\":\"sk-SK\",\"potentialAction\":[{\"@type\":\"ReadAction\",\"target\":[\"https:\/\/herbaday.sk\/index.php\/product\/h24-cr7-napoj-vrecka-prichut-acai-bobul-10-sackov-po-27-g\/\"]}]},{\"@type\":\"ImageObject\",\"inLanguage\":\"sk-SK\",\"@id\":\"https:\/\/herbaday.sk\/index.php\/product\/h24-cr7-napoj-vrecka-prichut-acai-bobul-10-sackov-po-27-g\/#primaryimage\",\"url\":\"https:\/\/i0.wp.com\/herbaday.sk\/wp-content\/uploads\/2020\/11\/1467_CZ_SK.png?fit=200%2C200&ssl=1\",\"contentUrl\":\"https:\/\/i0.wp.com\/herbaday.sk\/wp-content\/uploads\/2020\/11\/1467_CZ_SK.png?fit=200%2C200&ssl=1\",\"width\":200,\"height\":200},{\"@type\":\"BreadcrumbList\",\"@id\":\"https:\/\/herbaday.sk\/index.php\/product\/h24-cr7-napoj-vrecka-prichut-acai-bobul-10-sackov-po-27-g\/#breadcrumb\",\"itemListElement\":[{\"@type\":\"ListItem\",\"position\":1,\"name\":\"Domovsk\u00e1 str\u00e1nka\",\"item\":\"https:\/\/herbaday.sk\/\"},{\"@type\":\"ListItem\",\"position\":2,\"name\":\"Shop\",\"item\":\"https:\/\/herbaday.sk\/index.php\/shop\/\"},{\"@type\":\"ListItem\",\"position\":3,\"name\":\"H24 CR7 n\u00e1poj &#8211; vreck\u00e1 PR\u00cdCHU\u0164 ACAI BOB\u00da\u013d 10 s\u00e1\u010dkov po 27 g\"}]},{\"@type\":\"WebSite\",\"@id\":\"https:\/\/herbaday.sk\/#website\",\"url\":\"https:\/\/herbaday.sk\/\",\"name\":\"Herbaday\",\"description\":\"Nez\u00e1visl\u00fd \u010dlen Herbalife Nutrition\",\"publisher\":{\"@id\":\"https:\/\/herbaday.sk\/#organization\"},\"potentialAction\":[{\"@type\":\"SearchAction\",\"target\":{\"@type\":\"EntryPoint\",\"urlTemplate\":\"https:\/\/herbaday.sk\/?s={search_term_string}\"},\"query-input\":{\"@type\":\"PropertyValueSpecification\",\"valueRequired\":true,\"valueName\":\"search_term_string\"}}],\"inLanguage\":\"sk-SK\"},{\"@type\":\"Organization\",\"@id\":\"https:\/\/herbaday.sk\/#organization\",\"name\":\"Herbaday\",\"url\":\"https:\/\/herbaday.sk\/\",\"logo\":{\"@type\":\"ImageObject\",\"inLanguage\":\"sk-SK\",\"@id\":\"https:\/\/herbaday.sk\/#\/schema\/logo\/image\/\",\"url\":\"http:\/\/herbaday.sk\/wp-content\/uploads\/2020\/11\/herbaday_logo.png\",\"contentUrl\":\"http:\/\/herbaday.sk\/wp-content\/uploads\/2020\/11\/herbaday_logo.png\",\"width\":2214,\"height\":545,\"caption\":\"Herbaday\"},\"image\":{\"@id\":\"https:\/\/herbaday.sk\/#\/schema\/logo\/image\/\"}}]}<\/script>\n<!-- \/ Yoast SEO plugin. -->","yoast_head_json":{"title":"H24 CR7 n\u00e1poj - vreck\u00e1 PR\u00cdCHU\u0164 ACAI BOB\u00da\u013d 10 s\u00e1\u010dkov po 27 g - Herbaday","robots":{"index":"index","follow":"follow","max-snippet":"max-snippet:-1","max-image-preview":"max-image-preview:large","max-video-preview":"max-video-preview:-1"},"canonical":"https:\/\/herbaday.sk\/index.php\/product\/h24-cr7-napoj-vrecka-prichut-acai-bobul-10-sackov-po-27-g\/","og_locale":"sk_SK","og_type":"article","og_title":"H24 CR7 n\u00e1poj - vreck\u00e1 PR\u00cdCHU\u0164 ACAI BOB\u00da\u013d 10 s\u00e1\u010dkov po 27 g - Herbaday","og_description":"N\u00e1h\u013ead na Produkt CR7 Drive je hypotonick\u00fd n\u00e1poj na lep\u0161iu hydrat\u00e1ciu a na zlep\u0161enie vytrvalosti.* V\u00fdkon pre akt\u00edvny \u017eivotn\u00fd \u0161t\u00fdl , je perfektn\u00fd pre u\u017e\u00edvanie po\u010das cvi\u010denia alebo ak\u00fdchko\u013evek \u0161portov\u00fdch aktiv\u00edt . CR7 Drive je karbohydrat-elektrolick\u00e9 rie\u0161enie, ktor\u00e9 je preuk\u00e1zan\u00e9, \u017ee zvy\u0161uje vstreb\u00e1vanie vody po\u010das fyzickej aktivity a pom\u00e1ha udr\u017eiava\u0165 vytrvalostn\u00fd v\u00fdkon * , \u010di [...]","og_url":"https:\/\/herbaday.sk\/index.php\/product\/h24-cr7-napoj-vrecka-prichut-acai-bobul-10-sackov-po-27-g\/","og_site_name":"Herbaday","article_modified_time":"2023-08-31T11:24:05+00:00","og_image":[{"width":200,"height":200,"url":"https:\/\/i0.wp.com\/herbaday.sk\/wp-content\/uploads\/2020\/11\/1467_CZ_SK.png?fit=200%2C200&ssl=1","type":"image\/png"}],"twitter_card":"summary_large_image","twitter_misc":{"Predpokladan\u00fd \u010das \u010d\u00edtania":"1 min\u00fata"},"schema":{"@context":"https:\/\/schema.org","@graph":[{"@type":"WebPage","@id":"https:\/\/herbaday.sk\/index.php\/product\/h24-cr7-napoj-vrecka-prichut-acai-bobul-10-sackov-po-27-g\/","url":"https:\/\/herbaday.sk\/index.php\/product\/h24-cr7-napoj-vrecka-prichut-acai-bobul-10-sackov-po-27-g\/","name":"H24 CR7 n\u00e1poj - vreck\u00e1 PR\u00cdCHU\u0164 ACAI BOB\u00da\u013d 10 s\u00e1\u010dkov po 27 g - Herbaday","isPartOf":{"@id":"https:\/\/herbaday.sk\/#website"},"primaryImageOfPage":{"@id":"https:\/\/herbaday.sk\/index.php\/product\/h24-cr7-napoj-vrecka-prichut-acai-bobul-10-sackov-po-27-g\/#primaryimage"},"image":{"@id":"https:\/\/herbaday.sk\/index.php\/product\/h24-cr7-napoj-vrecka-prichut-acai-bobul-10-sackov-po-27-g\/#primaryimage"},"thumbnailUrl":"https:\/\/i0.wp.com\/herbaday.sk\/wp-content\/uploads\/2020\/11\/1467_CZ_SK.png?fit=200%2C200&ssl=1","datePublished":"2020-11-13T10:21:37+00:00","dateModified":"2023-08-31T11:24:05+00:00","breadcrumb":{"@id":"https:\/\/herbaday.sk\/index.php\/product\/h24-cr7-napoj-vrecka-prichut-acai-bobul-10-sackov-po-27-g\/#breadcrumb"},"inLanguage":"sk-SK","potentialAction":[{"@type":"ReadAction","target":["https:\/\/herbaday.sk\/index.php\/product\/h24-cr7-napoj-vrecka-prichut-acai-bobul-10-sackov-po-27-g\/"]}]},{"@type":"ImageObject","inLanguage":"sk-SK","@id":"https:\/\/herbaday.sk\/index.php\/product\/h24-cr7-napoj-vrecka-prichut-acai-bobul-10-sackov-po-27-g\/#primaryimage","url":"https:\/\/i0.wp.com\/herbaday.sk\/wp-content\/uploads\/2020\/11\/1467_CZ_SK.png?fit=200%2C200&ssl=1","contentUrl":"https:\/\/i0.wp.com\/herbaday.sk\/wp-content\/uploads\/2020\/11\/1467_CZ_SK.png?fit=200%2C200&ssl=1","width":200,"height":200},{"@type":"BreadcrumbList","@id":"https:\/\/herbaday.sk\/index.php\/product\/h24-cr7-napoj-vrecka-prichut-acai-bobul-10-sackov-po-27-g\/#breadcrumb","itemListElement":[{"@type":"ListItem","position":1,"name":"Domovsk\u00e1 str\u00e1nka","item":"https:\/\/herbaday.sk\/"},{"@type":"ListItem","position":2,"name":"Shop","item":"https:\/\/herbaday.sk\/index.php\/shop\/"},{"@type":"ListItem","position":3,"name":"H24 CR7 n\u00e1poj &#8211; vreck\u00e1 PR\u00cdCHU\u0164 ACAI BOB\u00da\u013d 10 s\u00e1\u010dkov po 27 g"}]},{"@type":"WebSite","@id":"https:\/\/herbaday.sk\/#website","url":"https:\/\/herbaday.sk\/","name":"Herbaday","description":"Nez\u00e1visl\u00fd \u010dlen Herbalife Nutrition","publisher":{"@id":"https:\/\/herbaday.sk\/#organization"},"potentialAction":[{"@type":"SearchAction","target":{"@type":"EntryPoint","urlTemplate":"https:\/\/herbaday.sk\/?s={search_term_string}"},"query-input":{"@type":"PropertyValueSpecification","valueRequired":true,"valueName":"search_term_string"}}],"inLanguage":"sk-SK"},{"@type":"Organization","@id":"https:\/\/herbaday.sk\/#organization","name":"Herbaday","url":"https:\/\/herbaday.sk\/","logo":{"@type":"ImageObject","inLanguage":"sk-SK","@id":"https:\/\/herbaday.sk\/#\/schema\/logo\/image\/","url":"http:\/\/herbaday.sk\/wp-content\/uploads\/2020\/11\/herbaday_logo.png","contentUrl":"http:\/\/herbaday.sk\/wp-content\/uploads\/2020\/11\/herbaday_logo.png","width":2214,"height":545,"caption":"Herbaday"},"image":{"@id":"https:\/\/herbaday.sk\/#\/schema\/logo\/image\/"}}]}},"jetpack_sharing_enabled":true,"_links":{"self":[{"href":"https:\/\/herbaday.sk\/index.php\/wp-json\/wp\/v2\/product\/101","targetHints":{"allow":["GET"]}}],"collection":[{"href":"https:\/\/herbaday.sk\/index.php\/wp-json\/wp\/v2\/product"}],"about":[{"href":"https:\/\/herbaday.sk\/index.php\/wp-json\/wp\/v2\/types\/product"}],"replies":[{"embeddable":true,"href":"https:\/\/herbaday.sk\/index.php\/wp-json\/wp\/v2\/comments?post=101"}],"wp:featuredmedia":[{"embeddable":true,"href":"https:\/\/herbaday.sk\/index.php\/wp-json\/wp\/v2\/media\/108"}],"wp:attachment":[{"href":"https:\/\/herbaday.sk\/index.php\/wp-json\/wp\/v2\/media?parent=101"}],"wp:term":[{"taxonomy":"product_brand","embeddable":true,"href":"https:\/\/herbaday.sk\/index.php\/wp-json\/wp\/v2\/product_brand?post=101"},{"taxonomy":"product_cat","embeddable":true,"href":"https:\/\/herbaday.sk\/index.php\/wp-json\/wp\/v2\/product_cat?post=101"},{"taxonomy":"product_tag","embeddable":true,"href":"https:\/\/herbaday.sk\/index.php\/wp-json\/wp\/v2\/product_tag?post=101"}],"curies":[{"name":"wp","href":"https:\/\/api.w.org\/{rel}","templated":true}]}}