{"id":121,"date":"2020-11-13T13:01:21","date_gmt":"2020-11-13T13:01:21","guid":{"rendered":"https:\/\/herbaday.eu\/?post_type=product&#038;p=121"},"modified":"2025-01-06T19:56:22","modified_gmt":"2025-01-06T19:56:22","slug":"beta-heart-vanilka-229-g","status":"publish","type":"product","link":"https:\/\/herbaday.sk\/index.php\/product\/beta-heart-vanilka-229-g\/","title":{"rendered":"Beta heart\u00ae vanilka 229 g"},"content":{"rendered":"<h3 id=\"info-toggle\">N\u00e1h\u013ead na Produkt<\/h3>\n<div class=\"info-content\">\n<article>Beta heart\u00ae je v\u00fd\u017eivov\u00fd pr\u00e1\u0161ok s vanilkovou pr\u00edchu\u0165ou, ktor\u00fd obsahuje hlavn\u00fa zlo\u017eku ovsen\u00fd beta-gluk\u00e1n OatWell\u2122. Bolo preuk\u00e1zan\u00e9, \u017ee ovsen\u00fd betagluk\u00e1n zni\u017euje alebo udr\u017eiava hladinu krvn\u00e9ho cholesterolu*.<em>* Je preuk\u00e1zan\u00e9, \u017ee ovsen\u00e9 beta-gluk\u00e1ny (v\u00fdrazne) zni\u017euj\u00fa cholesterol v krvi. Vysok\u00e1 hladina cholesterolu je rizikov\u00fdm faktorom pre rozvoj koron\u00e1rnej choroby srdca. Beta-gluk\u00e1n prispieva k udr\u017eiavaniu norm\u00e1lnej hladiny cholesterolu. Pr\u00ednos sa dosahuje pri dennom pr\u00edjme 3 g ovsen\u00e9ho beta-gluk\u00e1nu. Koron\u00e1rna choroba srdca m\u00e1 viacer\u00e9 rizikov\u00e9 faktory a \u00faprava jedn\u00e9ho z t\u00fdchto rizikov\u00fdch faktorov m\u00f4\u017ee ale nemus\u00ed ma\u0165 pozit\u00edvny \u00fa\u010dinok.<br \/>\nOvsen\u00fd beta-gluk\u00e1n prispieva k udr\u017eiavaniu norm\u00e1lnej hladiny cholesterolu. Toto tvrdenie sa m\u00f4\u017ee pou\u017e\u00edva\u0165 len pri potravin\u00e1ch, ktor\u00e9 obsahuj\u00fa minim\u00e1lne 1 g betagluk\u00e1nu z ovsa, ovsen\u00fdch otr\u00fab, ja\u010dme\u0148a, ja\u010dmenn\u00fdch otr\u00fab, alebo zo zmesi t\u00fdchto zdrojov v stanoven\u00fdch pomeroch. Aby boli splnen\u00e9 po\u017eiadavky, pou\u017e\u00edvate\u013eovi sa poskytuje inform\u00e1cia, \u017ee priazniv\u00e9 \u00fa\u010dinky sa dosahuj\u00fa pri dennom pr\u00edjme 3 g betagluk\u00e1nu z ovsa, ovsen\u00fdch otr\u00fab, ja\u010dme\u0148a, ja\u010dmenn\u00fdch otr\u00fab, alebo zo zmesi t\u00fdchto betagluk\u00e1nov.<\/em><em>OatWellTM je ochrann\u00e1 zn\u00e1mka DSM.<\/em><\/p>\n<h5 data-bind=\"visible: KeyBenefits\">K\u013e\u00fa\u010dov\u00e9 V\u00fdhody<\/h5>\n<div class=\"disc\" data-bind=\"visible: KeyBenefits, html: KeyBenefits\">\n<p>\u2022 3 g ovsen\u00e9ho betagluk\u00e1nu pom\u00e1ha zni\u017eova\u0165 cholesterol* (2 nabera\u010dky)<br \/>\n\u2022 1,5 g ovsen\u00e9ho betagluk\u00e1nu pom\u00e1ha udr\u017eiava\u0165 cholesterol** (1 nabera\u010dka)<br \/>\n\u2022 Bez obsahu cukru<br \/>\n\u2022 Bez umel\u00fdch sladidiel<br \/>\n\u2022 Vysok\u00fd obsah vl\u00e1kniny (3 g v jednej nabera\u010dke)<br \/>\n\u2022 Zdroj prote\u00ednov<br \/>\n\u2022 25 kcal v jednej porcii<\/p>\n<\/div>\n<h5 data-bind=\"visible: FastFacts\">R\u00fdchle Fakty<\/h5>\n<div class=\"disc\" data-bind=\"visible: FastFacts, html: FastFacts\"><em>* Je preuk\u00e1zan\u00e9, \u017ee ovsen\u00e9 beta-gluk\u00e1ny (v\u00fdrazne) zni\u017euj\u00fa cholesterol v krvi. Vysok\u00e1 hladina cholesterolu je rizikov\u00fdm faktorom pre rozvoj koron\u00e1rnej choroby srdca. Beta-gluk\u00e1n prispieva k udr\u017eiavaniu norm\u00e1lnej hladiny cholesterolu. Koron\u00e1rna choroba srdca m\u00e1 viacer\u00e9 rizikov\u00e9 faktory a \u00faprava jedn\u00e9ho z t\u00fdchto rizikov\u00fdch faktorov m\u00f4\u017ee ale nemus\u00ed ma\u0165 pozit\u00edvny \u00fa\u010dinok.<br \/>\n** Odpor\u00fa\u010dania NHS: Vysok\u00e1 hladina cholesterolu \u2013 prevencia Vydan\u00e9 d\u0148a 16. 8. 2013.<\/em><\/div>\n<h5 data-bind=\"visible: Usage\">Pou\u017e\u00edvanie<\/h5>\n<div class=\"disc\" data-bind=\"visible: Usage, html: Usage\">\n<p>Zmie\u0161an\u00edm 2 nabera\u010diek Beta heart\u00ae s vodou dostanete n\u00e1poj bez obsahu cukru.<br \/>\nM\u00f4\u017eete pou\u017ei\u0165 aj ovocn\u00fa \u0161\u0165avu alebo ho m\u00f4\u017eete zamie\u0161a\u0165 raz za de\u0148 do svojho ob\u013e\u00faben\u00e9ho n\u00e1poja Formula 1.<br \/>\nPr\u00edpadne m\u00f4\u017eete zamie\u0161a\u0165 1 nabera\u010dku 2x denne.<\/p>\n<\/div>\n<\/article>\n<\/div>\n","protected":false},"excerpt":{"rendered":"<p>N\u00e1h\u013ead na Produkt Beta heart\u00ae je v\u00fd\u017eivov\u00fd pr\u00e1\u0161ok s vanilkovou pr\u00edchu\u0165ou, ktor\u00fd obsahuje hlavn\u00fa zlo\u017eku ovsen\u00fd beta-gluk\u00e1n OatWell\u2122. Bolo preuk\u00e1zan\u00e9, \u017ee ovsen\u00fd betagluk\u00e1n zni\u017euje alebo udr\u017eiava hladinu krvn\u00e9ho cholesterolu*.* Je preuk\u00e1zan\u00e9, \u017ee ovsen\u00e9 beta-gluk\u00e1ny (v\u00fdrazne) zni\u017euj\u00fa cholesterol v krvi. Vysok\u00e1 hladina cholesterolu je rizikov\u00fdm faktorom pre rozvoj koron\u00e1rnej choroby srdca. Beta-gluk\u00e1n prispieva k udr\u017eiavaniu norm\u00e1lnej [&#8230;]\n","protected":false},"featured_media":122,"comment_status":"open","ping_status":"closed","template":"","meta":[],"product_brand":[],"product_cat":[25],"product_tag":[],"class_list":{"0":"post-121","1":"product","2":"type-product","3":"status-publish","4":"has-post-thumbnail","6":"product_cat-zdrave-srdce","8":"first","9":"instock","10":"taxable","11":"shipping-taxable","12":"purchasable","13":"product-type-simple"},"yoast_head":"<!-- This site is optimized with the Yoast SEO plugin v24.3 - https:\/\/yoast.com\/wordpress\/plugins\/seo\/ -->\n<title>Beta heart\u00ae vanilka 229 g - Herbaday<\/title>\n<meta name=\"robots\" content=\"index, follow, max-snippet:-1, max-image-preview:large, max-video-preview:-1\" \/>\n<link rel=\"canonical\" href=\"https:\/\/herbaday.sk\/index.php\/product\/beta-heart-vanilka-229-g\/\" \/>\n<meta property=\"og:locale\" content=\"sk_SK\" \/>\n<meta property=\"og:type\" content=\"article\" \/>\n<meta property=\"og:title\" content=\"Beta heart\u00ae vanilka 229 g - Herbaday\" \/>\n<meta property=\"og:description\" content=\"N\u00e1h\u013ead na Produkt Beta heart\u00ae je v\u00fd\u017eivov\u00fd pr\u00e1\u0161ok s vanilkovou pr\u00edchu\u0165ou, ktor\u00fd obsahuje hlavn\u00fa zlo\u017eku ovsen\u00fd beta-gluk\u00e1n OatWell\u2122. Bolo preuk\u00e1zan\u00e9, \u017ee ovsen\u00fd betagluk\u00e1n zni\u017euje alebo udr\u017eiava hladinu krvn\u00e9ho cholesterolu*.* Je preuk\u00e1zan\u00e9, \u017ee ovsen\u00e9 beta-gluk\u00e1ny (v\u00fdrazne) zni\u017euj\u00fa cholesterol v krvi. Vysok\u00e1 hladina cholesterolu je rizikov\u00fdm faktorom pre rozvoj koron\u00e1rnej choroby srdca. Beta-gluk\u00e1n prispieva k udr\u017eiavaniu norm\u00e1lnej [...]\" \/>\n<meta property=\"og:url\" content=\"https:\/\/herbaday.sk\/index.php\/product\/beta-heart-vanilka-229-g\/\" \/>\n<meta property=\"og:site_name\" content=\"Herbaday\" \/>\n<meta property=\"article:modified_time\" content=\"2025-01-06T19:56:22+00:00\" \/>\n<meta property=\"og:image\" content=\"https:\/\/i0.wp.com\/herbaday.sk\/wp-content\/uploads\/2020\/11\/0267_CZ.png?fit=800%2C800&ssl=1\" \/>\n\t<meta property=\"og:image:width\" content=\"800\" \/>\n\t<meta property=\"og:image:height\" content=\"800\" \/>\n\t<meta property=\"og:image:type\" content=\"image\/png\" \/>\n<meta name=\"twitter:card\" content=\"summary_large_image\" \/>\n<meta name=\"twitter:label1\" content=\"Predpokladan\u00fd \u010das \u010d\u00edtania\" \/>\n\t<meta name=\"twitter:data1\" content=\"2 min\u00faty\" \/>\n<script type=\"application\/ld+json\" class=\"yoast-schema-graph\">{\"@context\":\"https:\/\/schema.org\",\"@graph\":[{\"@type\":\"WebPage\",\"@id\":\"https:\/\/herbaday.sk\/index.php\/product\/beta-heart-vanilka-229-g\/\",\"url\":\"https:\/\/herbaday.sk\/index.php\/product\/beta-heart-vanilka-229-g\/\",\"name\":\"Beta heart\u00ae vanilka 229 g - Herbaday\",\"isPartOf\":{\"@id\":\"https:\/\/herbaday.sk\/#website\"},\"primaryImageOfPage\":{\"@id\":\"https:\/\/herbaday.sk\/index.php\/product\/beta-heart-vanilka-229-g\/#primaryimage\"},\"image\":{\"@id\":\"https:\/\/herbaday.sk\/index.php\/product\/beta-heart-vanilka-229-g\/#primaryimage\"},\"thumbnailUrl\":\"https:\/\/i0.wp.com\/herbaday.sk\/wp-content\/uploads\/2020\/11\/0267_CZ.png?fit=800%2C800&ssl=1\",\"datePublished\":\"2020-11-13T13:01:21+00:00\",\"dateModified\":\"2025-01-06T19:56:22+00:00\",\"breadcrumb\":{\"@id\":\"https:\/\/herbaday.sk\/index.php\/product\/beta-heart-vanilka-229-g\/#breadcrumb\"},\"inLanguage\":\"sk-SK\",\"potentialAction\":[{\"@type\":\"ReadAction\",\"target\":[\"https:\/\/herbaday.sk\/index.php\/product\/beta-heart-vanilka-229-g\/\"]}]},{\"@type\":\"ImageObject\",\"inLanguage\":\"sk-SK\",\"@id\":\"https:\/\/herbaday.sk\/index.php\/product\/beta-heart-vanilka-229-g\/#primaryimage\",\"url\":\"https:\/\/i0.wp.com\/herbaday.sk\/wp-content\/uploads\/2020\/11\/0267_CZ.png?fit=800%2C800&ssl=1\",\"contentUrl\":\"https:\/\/i0.wp.com\/herbaday.sk\/wp-content\/uploads\/2020\/11\/0267_CZ.png?fit=800%2C800&ssl=1\",\"width\":800,\"height\":800},{\"@type\":\"BreadcrumbList\",\"@id\":\"https:\/\/herbaday.sk\/index.php\/product\/beta-heart-vanilka-229-g\/#breadcrumb\",\"itemListElement\":[{\"@type\":\"ListItem\",\"position\":1,\"name\":\"Domovsk\u00e1 str\u00e1nka\",\"item\":\"https:\/\/herbaday.sk\/\"},{\"@type\":\"ListItem\",\"position\":2,\"name\":\"Shop\",\"item\":\"https:\/\/herbaday.sk\/index.php\/shop\/\"},{\"@type\":\"ListItem\",\"position\":3,\"name\":\"Beta heart\u00ae vanilka 229 g\"}]},{\"@type\":\"WebSite\",\"@id\":\"https:\/\/herbaday.sk\/#website\",\"url\":\"https:\/\/herbaday.sk\/\",\"name\":\"Herbaday\",\"description\":\"Nez\u00e1visl\u00fd \u010dlen Herbalife Nutrition\",\"publisher\":{\"@id\":\"https:\/\/herbaday.sk\/#organization\"},\"potentialAction\":[{\"@type\":\"SearchAction\",\"target\":{\"@type\":\"EntryPoint\",\"urlTemplate\":\"https:\/\/herbaday.sk\/?s={search_term_string}\"},\"query-input\":{\"@type\":\"PropertyValueSpecification\",\"valueRequired\":true,\"valueName\":\"search_term_string\"}}],\"inLanguage\":\"sk-SK\"},{\"@type\":\"Organization\",\"@id\":\"https:\/\/herbaday.sk\/#organization\",\"name\":\"Herbaday\",\"url\":\"https:\/\/herbaday.sk\/\",\"logo\":{\"@type\":\"ImageObject\",\"inLanguage\":\"sk-SK\",\"@id\":\"https:\/\/herbaday.sk\/#\/schema\/logo\/image\/\",\"url\":\"http:\/\/herbaday.sk\/wp-content\/uploads\/2020\/11\/herbaday_logo.png\",\"contentUrl\":\"http:\/\/herbaday.sk\/wp-content\/uploads\/2020\/11\/herbaday_logo.png\",\"width\":2214,\"height\":545,\"caption\":\"Herbaday\"},\"image\":{\"@id\":\"https:\/\/herbaday.sk\/#\/schema\/logo\/image\/\"}}]}<\/script>\n<!-- \/ Yoast SEO plugin. -->","yoast_head_json":{"title":"Beta heart\u00ae vanilka 229 g - Herbaday","robots":{"index":"index","follow":"follow","max-snippet":"max-snippet:-1","max-image-preview":"max-image-preview:large","max-video-preview":"max-video-preview:-1"},"canonical":"https:\/\/herbaday.sk\/index.php\/product\/beta-heart-vanilka-229-g\/","og_locale":"sk_SK","og_type":"article","og_title":"Beta heart\u00ae vanilka 229 g - Herbaday","og_description":"N\u00e1h\u013ead na Produkt Beta heart\u00ae je v\u00fd\u017eivov\u00fd pr\u00e1\u0161ok s vanilkovou pr\u00edchu\u0165ou, ktor\u00fd obsahuje hlavn\u00fa zlo\u017eku ovsen\u00fd beta-gluk\u00e1n OatWell\u2122. Bolo preuk\u00e1zan\u00e9, \u017ee ovsen\u00fd betagluk\u00e1n zni\u017euje alebo udr\u017eiava hladinu krvn\u00e9ho cholesterolu*.* Je preuk\u00e1zan\u00e9, \u017ee ovsen\u00e9 beta-gluk\u00e1ny (v\u00fdrazne) zni\u017euj\u00fa cholesterol v krvi. Vysok\u00e1 hladina cholesterolu je rizikov\u00fdm faktorom pre rozvoj koron\u00e1rnej choroby srdca. Beta-gluk\u00e1n prispieva k udr\u017eiavaniu norm\u00e1lnej [...]","og_url":"https:\/\/herbaday.sk\/index.php\/product\/beta-heart-vanilka-229-g\/","og_site_name":"Herbaday","article_modified_time":"2025-01-06T19:56:22+00:00","og_image":[{"width":800,"height":800,"url":"https:\/\/i0.wp.com\/herbaday.sk\/wp-content\/uploads\/2020\/11\/0267_CZ.png?fit=800%2C800&ssl=1","type":"image\/png"}],"twitter_card":"summary_large_image","twitter_misc":{"Predpokladan\u00fd \u010das \u010d\u00edtania":"2 min\u00faty"},"schema":{"@context":"https:\/\/schema.org","@graph":[{"@type":"WebPage","@id":"https:\/\/herbaday.sk\/index.php\/product\/beta-heart-vanilka-229-g\/","url":"https:\/\/herbaday.sk\/index.php\/product\/beta-heart-vanilka-229-g\/","name":"Beta heart\u00ae vanilka 229 g - Herbaday","isPartOf":{"@id":"https:\/\/herbaday.sk\/#website"},"primaryImageOfPage":{"@id":"https:\/\/herbaday.sk\/index.php\/product\/beta-heart-vanilka-229-g\/#primaryimage"},"image":{"@id":"https:\/\/herbaday.sk\/index.php\/product\/beta-heart-vanilka-229-g\/#primaryimage"},"thumbnailUrl":"https:\/\/i0.wp.com\/herbaday.sk\/wp-content\/uploads\/2020\/11\/0267_CZ.png?fit=800%2C800&ssl=1","datePublished":"2020-11-13T13:01:21+00:00","dateModified":"2025-01-06T19:56:22+00:00","breadcrumb":{"@id":"https:\/\/herbaday.sk\/index.php\/product\/beta-heart-vanilka-229-g\/#breadcrumb"},"inLanguage":"sk-SK","potentialAction":[{"@type":"ReadAction","target":["https:\/\/herbaday.sk\/index.php\/product\/beta-heart-vanilka-229-g\/"]}]},{"@type":"ImageObject","inLanguage":"sk-SK","@id":"https:\/\/herbaday.sk\/index.php\/product\/beta-heart-vanilka-229-g\/#primaryimage","url":"https:\/\/i0.wp.com\/herbaday.sk\/wp-content\/uploads\/2020\/11\/0267_CZ.png?fit=800%2C800&ssl=1","contentUrl":"https:\/\/i0.wp.com\/herbaday.sk\/wp-content\/uploads\/2020\/11\/0267_CZ.png?fit=800%2C800&ssl=1","width":800,"height":800},{"@type":"BreadcrumbList","@id":"https:\/\/herbaday.sk\/index.php\/product\/beta-heart-vanilka-229-g\/#breadcrumb","itemListElement":[{"@type":"ListItem","position":1,"name":"Domovsk\u00e1 str\u00e1nka","item":"https:\/\/herbaday.sk\/"},{"@type":"ListItem","position":2,"name":"Shop","item":"https:\/\/herbaday.sk\/index.php\/shop\/"},{"@type":"ListItem","position":3,"name":"Beta heart\u00ae vanilka 229 g"}]},{"@type":"WebSite","@id":"https:\/\/herbaday.sk\/#website","url":"https:\/\/herbaday.sk\/","name":"Herbaday","description":"Nez\u00e1visl\u00fd \u010dlen Herbalife Nutrition","publisher":{"@id":"https:\/\/herbaday.sk\/#organization"},"potentialAction":[{"@type":"SearchAction","target":{"@type":"EntryPoint","urlTemplate":"https:\/\/herbaday.sk\/?s={search_term_string}"},"query-input":{"@type":"PropertyValueSpecification","valueRequired":true,"valueName":"search_term_string"}}],"inLanguage":"sk-SK"},{"@type":"Organization","@id":"https:\/\/herbaday.sk\/#organization","name":"Herbaday","url":"https:\/\/herbaday.sk\/","logo":{"@type":"ImageObject","inLanguage":"sk-SK","@id":"https:\/\/herbaday.sk\/#\/schema\/logo\/image\/","url":"http:\/\/herbaday.sk\/wp-content\/uploads\/2020\/11\/herbaday_logo.png","contentUrl":"http:\/\/herbaday.sk\/wp-content\/uploads\/2020\/11\/herbaday_logo.png","width":2214,"height":545,"caption":"Herbaday"},"image":{"@id":"https:\/\/herbaday.sk\/#\/schema\/logo\/image\/"}}]}},"jetpack_sharing_enabled":true,"_links":{"self":[{"href":"https:\/\/herbaday.sk\/index.php\/wp-json\/wp\/v2\/product\/121","targetHints":{"allow":["GET"]}}],"collection":[{"href":"https:\/\/herbaday.sk\/index.php\/wp-json\/wp\/v2\/product"}],"about":[{"href":"https:\/\/herbaday.sk\/index.php\/wp-json\/wp\/v2\/types\/product"}],"replies":[{"embeddable":true,"href":"https:\/\/herbaday.sk\/index.php\/wp-json\/wp\/v2\/comments?post=121"}],"wp:featuredmedia":[{"embeddable":true,"href":"https:\/\/herbaday.sk\/index.php\/wp-json\/wp\/v2\/media\/122"}],"wp:attachment":[{"href":"https:\/\/herbaday.sk\/index.php\/wp-json\/wp\/v2\/media?parent=121"}],"wp:term":[{"taxonomy":"product_brand","embeddable":true,"href":"https:\/\/herbaday.sk\/index.php\/wp-json\/wp\/v2\/product_brand?post=121"},{"taxonomy":"product_cat","embeddable":true,"href":"https:\/\/herbaday.sk\/index.php\/wp-json\/wp\/v2\/product_cat?post=121"},{"taxonomy":"product_tag","embeddable":true,"href":"https:\/\/herbaday.sk\/index.php\/wp-json\/wp\/v2\/product_tag?post=121"}],"curies":[{"name":"wp","href":"https:\/\/api.w.org\/{rel}","templated":true}]}}