{"id":123,"date":"2020-11-13T13:02:59","date_gmt":"2020-11-13T13:02:59","guid":{"rendered":"https:\/\/herbaday.eu\/?post_type=product&#038;p=123"},"modified":"2025-01-06T19:54:14","modified_gmt":"2025-01-06T19:54:14","slug":"niteworks-prichut-citron","status":"publish","type":"product","link":"https:\/\/herbaday.sk\/index.php\/product\/niteworks-prichut-citron\/","title":{"rendered":"Niteworks pr\u00edchu\u0165 citr\u00f3n"},"content":{"rendered":"<h3 id=\"info-toggle\">N\u00e1h\u013ead na Produkt<\/h3>\n<div class=\"info-content\">\n<article>Niteworks je no\u010dn\u00fd doplnok stravy s L-argininom, L-citrulinom a vitam\u00ednmi C a E a kyselinou listovou.<\/p>\n<h5 data-bind=\"visible: KeyBenefits\">K\u013e\u00fa\u010dov\u00e9 V\u00fdhody<\/h5>\n<div class=\"disc\" data-bind=\"visible: KeyBenefits, html: KeyBenefits\">HLAVN\u00c9 V\u00ddHODY Niteworks obsahuje aminokyseliny L-arginin a L-citrulin Vysok\u00fd obsah kyseliny listovej Vysok\u00fd obsah vitam\u00ednu C a E pre ochranu buniek pred oxida\u010dn\u00fdm stresom S medovkou lek\u00e1rskou<\/div>\n<h5 data-bind=\"visible: Usage\">Pou\u017e\u00edvanie<\/h5>\n<div class=\"disc\" data-bind=\"visible: Usage, html: Usage\">POU\u017dITIE Zmie\u0161ajte dve odmerky (9g) pr\u00e1\u0161ku Niteworks\u00ae s 250 ml vody alebo d\u017e\u00fasu.Vypite ve\u010der pred span\u00edm. Niteworks\u00ae je no\u010dn\u00e1 v\u00fd\u017eiva \u0161peci\u00e1lne vyvinut\u00e1 pre ka\u017ed\u00e9ho, ale predov\u0161etk\u00fdm pre star\u0161\u00edch ako 30 rokov.<\/div>\n<\/article>\n<\/div>\n","protected":false},"excerpt":{"rendered":"<p>N\u00e1h\u013ead na Produkt Niteworks je no\u010dn\u00fd doplnok stravy s L-argininom, L-citrulinom a vitam\u00ednmi C a E a kyselinou listovou. K\u013e\u00fa\u010dov\u00e9 V\u00fdhody HLAVN\u00c9 V\u00ddHODY Niteworks obsahuje aminokyseliny L-arginin a L-citrulin Vysok\u00fd obsah kyseliny listovej Vysok\u00fd obsah vitam\u00ednu C a E pre ochranu buniek pred oxida\u010dn\u00fdm stresom S medovkou lek\u00e1rskou Pou\u017e\u00edvanie POU\u017dITIE Zmie\u0161ajte dve odmerky (9g) pr\u00e1\u0161ku [&#8230;]\n","protected":false},"featured_media":124,"comment_status":"open","ping_status":"closed","template":"","meta":[],"product_brand":[],"product_cat":[25],"product_tag":[],"class_list":{"0":"post-123","1":"product","2":"type-product","3":"status-publish","4":"has-post-thumbnail","6":"product_cat-zdrave-srdce","8":"first","9":"instock","10":"taxable","11":"shipping-taxable","12":"purchasable","13":"product-type-simple"},"yoast_head":"<!-- This site is optimized with the Yoast SEO plugin v24.3 - https:\/\/yoast.com\/wordpress\/plugins\/seo\/ -->\n<title>Niteworks pr\u00edchu\u0165 citr\u00f3n - Herbaday<\/title>\n<meta name=\"robots\" content=\"index, follow, max-snippet:-1, max-image-preview:large, max-video-preview:-1\" \/>\n<link rel=\"canonical\" href=\"https:\/\/herbaday.sk\/index.php\/product\/niteworks-prichut-citron\/\" \/>\n<meta property=\"og:locale\" content=\"sk_SK\" \/>\n<meta property=\"og:type\" content=\"article\" \/>\n<meta property=\"og:title\" content=\"Niteworks pr\u00edchu\u0165 citr\u00f3n - Herbaday\" \/>\n<meta property=\"og:description\" content=\"N\u00e1h\u013ead na Produkt Niteworks je no\u010dn\u00fd doplnok stravy s L-argininom, L-citrulinom a vitam\u00ednmi C a E a kyselinou listovou. K\u013e\u00fa\u010dov\u00e9 V\u00fdhody HLAVN\u00c9 V\u00ddHODY Niteworks obsahuje aminokyseliny L-arginin a L-citrulin Vysok\u00fd obsah kyseliny listovej Vysok\u00fd obsah vitam\u00ednu C a E pre ochranu buniek pred oxida\u010dn\u00fdm stresom S medovkou lek\u00e1rskou Pou\u017e\u00edvanie POU\u017dITIE Zmie\u0161ajte dve odmerky (9g) pr\u00e1\u0161ku [...]\" \/>\n<meta property=\"og:url\" content=\"https:\/\/herbaday.sk\/index.php\/product\/niteworks-prichut-citron\/\" \/>\n<meta property=\"og:site_name\" content=\"Herbaday\" \/>\n<meta property=\"article:modified_time\" content=\"2025-01-06T19:54:14+00:00\" \/>\n<meta property=\"og:image\" content=\"https:\/\/i0.wp.com\/herbaday.sk\/wp-content\/uploads\/2020\/11\/3150_CZSK_Niteworks_Square.png?fit=800%2C800&ssl=1\" \/>\n\t<meta property=\"og:image:width\" content=\"800\" \/>\n\t<meta property=\"og:image:height\" content=\"800\" \/>\n\t<meta property=\"og:image:type\" content=\"image\/png\" \/>\n<meta name=\"twitter:card\" content=\"summary_large_image\" \/>\n<meta name=\"twitter:label1\" content=\"Predpokladan\u00fd \u010das \u010d\u00edtania\" \/>\n\t<meta name=\"twitter:data1\" content=\"1 min\u00fata\" \/>\n<script type=\"application\/ld+json\" class=\"yoast-schema-graph\">{\"@context\":\"https:\/\/schema.org\",\"@graph\":[{\"@type\":\"WebPage\",\"@id\":\"https:\/\/herbaday.sk\/index.php\/product\/niteworks-prichut-citron\/\",\"url\":\"https:\/\/herbaday.sk\/index.php\/product\/niteworks-prichut-citron\/\",\"name\":\"Niteworks pr\u00edchu\u0165 citr\u00f3n - Herbaday\",\"isPartOf\":{\"@id\":\"https:\/\/herbaday.sk\/#website\"},\"primaryImageOfPage\":{\"@id\":\"https:\/\/herbaday.sk\/index.php\/product\/niteworks-prichut-citron\/#primaryimage\"},\"image\":{\"@id\":\"https:\/\/herbaday.sk\/index.php\/product\/niteworks-prichut-citron\/#primaryimage\"},\"thumbnailUrl\":\"https:\/\/i0.wp.com\/herbaday.sk\/wp-content\/uploads\/2020\/11\/3150_CZSK_Niteworks_Square.png?fit=800%2C800&ssl=1\",\"datePublished\":\"2020-11-13T13:02:59+00:00\",\"dateModified\":\"2025-01-06T19:54:14+00:00\",\"breadcrumb\":{\"@id\":\"https:\/\/herbaday.sk\/index.php\/product\/niteworks-prichut-citron\/#breadcrumb\"},\"inLanguage\":\"sk-SK\",\"potentialAction\":[{\"@type\":\"ReadAction\",\"target\":[\"https:\/\/herbaday.sk\/index.php\/product\/niteworks-prichut-citron\/\"]}]},{\"@type\":\"ImageObject\",\"inLanguage\":\"sk-SK\",\"@id\":\"https:\/\/herbaday.sk\/index.php\/product\/niteworks-prichut-citron\/#primaryimage\",\"url\":\"https:\/\/i0.wp.com\/herbaday.sk\/wp-content\/uploads\/2020\/11\/3150_CZSK_Niteworks_Square.png?fit=800%2C800&ssl=1\",\"contentUrl\":\"https:\/\/i0.wp.com\/herbaday.sk\/wp-content\/uploads\/2020\/11\/3150_CZSK_Niteworks_Square.png?fit=800%2C800&ssl=1\",\"width\":800,\"height\":800},{\"@type\":\"BreadcrumbList\",\"@id\":\"https:\/\/herbaday.sk\/index.php\/product\/niteworks-prichut-citron\/#breadcrumb\",\"itemListElement\":[{\"@type\":\"ListItem\",\"position\":1,\"name\":\"Domovsk\u00e1 str\u00e1nka\",\"item\":\"https:\/\/herbaday.sk\/\"},{\"@type\":\"ListItem\",\"position\":2,\"name\":\"Shop\",\"item\":\"https:\/\/herbaday.sk\/index.php\/shop\/\"},{\"@type\":\"ListItem\",\"position\":3,\"name\":\"Niteworks pr\u00edchu\u0165 citr\u00f3n\"}]},{\"@type\":\"WebSite\",\"@id\":\"https:\/\/herbaday.sk\/#website\",\"url\":\"https:\/\/herbaday.sk\/\",\"name\":\"Herbaday\",\"description\":\"Nez\u00e1visl\u00fd \u010dlen Herbalife Nutrition\",\"publisher\":{\"@id\":\"https:\/\/herbaday.sk\/#organization\"},\"potentialAction\":[{\"@type\":\"SearchAction\",\"target\":{\"@type\":\"EntryPoint\",\"urlTemplate\":\"https:\/\/herbaday.sk\/?s={search_term_string}\"},\"query-input\":{\"@type\":\"PropertyValueSpecification\",\"valueRequired\":true,\"valueName\":\"search_term_string\"}}],\"inLanguage\":\"sk-SK\"},{\"@type\":\"Organization\",\"@id\":\"https:\/\/herbaday.sk\/#organization\",\"name\":\"Herbaday\",\"url\":\"https:\/\/herbaday.sk\/\",\"logo\":{\"@type\":\"ImageObject\",\"inLanguage\":\"sk-SK\",\"@id\":\"https:\/\/herbaday.sk\/#\/schema\/logo\/image\/\",\"url\":\"http:\/\/herbaday.sk\/wp-content\/uploads\/2020\/11\/herbaday_logo.png\",\"contentUrl\":\"http:\/\/herbaday.sk\/wp-content\/uploads\/2020\/11\/herbaday_logo.png\",\"width\":2214,\"height\":545,\"caption\":\"Herbaday\"},\"image\":{\"@id\":\"https:\/\/herbaday.sk\/#\/schema\/logo\/image\/\"}}]}<\/script>\n<!-- \/ Yoast SEO plugin. -->","yoast_head_json":{"title":"Niteworks pr\u00edchu\u0165 citr\u00f3n - Herbaday","robots":{"index":"index","follow":"follow","max-snippet":"max-snippet:-1","max-image-preview":"max-image-preview:large","max-video-preview":"max-video-preview:-1"},"canonical":"https:\/\/herbaday.sk\/index.php\/product\/niteworks-prichut-citron\/","og_locale":"sk_SK","og_type":"article","og_title":"Niteworks pr\u00edchu\u0165 citr\u00f3n - Herbaday","og_description":"N\u00e1h\u013ead na Produkt Niteworks je no\u010dn\u00fd doplnok stravy s L-argininom, L-citrulinom a vitam\u00ednmi C a E a kyselinou listovou. K\u013e\u00fa\u010dov\u00e9 V\u00fdhody HLAVN\u00c9 V\u00ddHODY Niteworks obsahuje aminokyseliny L-arginin a L-citrulin Vysok\u00fd obsah kyseliny listovej Vysok\u00fd obsah vitam\u00ednu C a E pre ochranu buniek pred oxida\u010dn\u00fdm stresom S medovkou lek\u00e1rskou Pou\u017e\u00edvanie POU\u017dITIE Zmie\u0161ajte dve odmerky (9g) pr\u00e1\u0161ku [...]","og_url":"https:\/\/herbaday.sk\/index.php\/product\/niteworks-prichut-citron\/","og_site_name":"Herbaday","article_modified_time":"2025-01-06T19:54:14+00:00","og_image":[{"width":800,"height":800,"url":"https:\/\/i0.wp.com\/herbaday.sk\/wp-content\/uploads\/2020\/11\/3150_CZSK_Niteworks_Square.png?fit=800%2C800&ssl=1","type":"image\/png"}],"twitter_card":"summary_large_image","twitter_misc":{"Predpokladan\u00fd \u010das \u010d\u00edtania":"1 min\u00fata"},"schema":{"@context":"https:\/\/schema.org","@graph":[{"@type":"WebPage","@id":"https:\/\/herbaday.sk\/index.php\/product\/niteworks-prichut-citron\/","url":"https:\/\/herbaday.sk\/index.php\/product\/niteworks-prichut-citron\/","name":"Niteworks pr\u00edchu\u0165 citr\u00f3n - Herbaday","isPartOf":{"@id":"https:\/\/herbaday.sk\/#website"},"primaryImageOfPage":{"@id":"https:\/\/herbaday.sk\/index.php\/product\/niteworks-prichut-citron\/#primaryimage"},"image":{"@id":"https:\/\/herbaday.sk\/index.php\/product\/niteworks-prichut-citron\/#primaryimage"},"thumbnailUrl":"https:\/\/i0.wp.com\/herbaday.sk\/wp-content\/uploads\/2020\/11\/3150_CZSK_Niteworks_Square.png?fit=800%2C800&ssl=1","datePublished":"2020-11-13T13:02:59+00:00","dateModified":"2025-01-06T19:54:14+00:00","breadcrumb":{"@id":"https:\/\/herbaday.sk\/index.php\/product\/niteworks-prichut-citron\/#breadcrumb"},"inLanguage":"sk-SK","potentialAction":[{"@type":"ReadAction","target":["https:\/\/herbaday.sk\/index.php\/product\/niteworks-prichut-citron\/"]}]},{"@type":"ImageObject","inLanguage":"sk-SK","@id":"https:\/\/herbaday.sk\/index.php\/product\/niteworks-prichut-citron\/#primaryimage","url":"https:\/\/i0.wp.com\/herbaday.sk\/wp-content\/uploads\/2020\/11\/3150_CZSK_Niteworks_Square.png?fit=800%2C800&ssl=1","contentUrl":"https:\/\/i0.wp.com\/herbaday.sk\/wp-content\/uploads\/2020\/11\/3150_CZSK_Niteworks_Square.png?fit=800%2C800&ssl=1","width":800,"height":800},{"@type":"BreadcrumbList","@id":"https:\/\/herbaday.sk\/index.php\/product\/niteworks-prichut-citron\/#breadcrumb","itemListElement":[{"@type":"ListItem","position":1,"name":"Domovsk\u00e1 str\u00e1nka","item":"https:\/\/herbaday.sk\/"},{"@type":"ListItem","position":2,"name":"Shop","item":"https:\/\/herbaday.sk\/index.php\/shop\/"},{"@type":"ListItem","position":3,"name":"Niteworks pr\u00edchu\u0165 citr\u00f3n"}]},{"@type":"WebSite","@id":"https:\/\/herbaday.sk\/#website","url":"https:\/\/herbaday.sk\/","name":"Herbaday","description":"Nez\u00e1visl\u00fd \u010dlen Herbalife Nutrition","publisher":{"@id":"https:\/\/herbaday.sk\/#organization"},"potentialAction":[{"@type":"SearchAction","target":{"@type":"EntryPoint","urlTemplate":"https:\/\/herbaday.sk\/?s={search_term_string}"},"query-input":{"@type":"PropertyValueSpecification","valueRequired":true,"valueName":"search_term_string"}}],"inLanguage":"sk-SK"},{"@type":"Organization","@id":"https:\/\/herbaday.sk\/#organization","name":"Herbaday","url":"https:\/\/herbaday.sk\/","logo":{"@type":"ImageObject","inLanguage":"sk-SK","@id":"https:\/\/herbaday.sk\/#\/schema\/logo\/image\/","url":"http:\/\/herbaday.sk\/wp-content\/uploads\/2020\/11\/herbaday_logo.png","contentUrl":"http:\/\/herbaday.sk\/wp-content\/uploads\/2020\/11\/herbaday_logo.png","width":2214,"height":545,"caption":"Herbaday"},"image":{"@id":"https:\/\/herbaday.sk\/#\/schema\/logo\/image\/"}}]}},"jetpack_sharing_enabled":true,"_links":{"self":[{"href":"https:\/\/herbaday.sk\/index.php\/wp-json\/wp\/v2\/product\/123","targetHints":{"allow":["GET"]}}],"collection":[{"href":"https:\/\/herbaday.sk\/index.php\/wp-json\/wp\/v2\/product"}],"about":[{"href":"https:\/\/herbaday.sk\/index.php\/wp-json\/wp\/v2\/types\/product"}],"replies":[{"embeddable":true,"href":"https:\/\/herbaday.sk\/index.php\/wp-json\/wp\/v2\/comments?post=123"}],"wp:featuredmedia":[{"embeddable":true,"href":"https:\/\/herbaday.sk\/index.php\/wp-json\/wp\/v2\/media\/124"}],"wp:attachment":[{"href":"https:\/\/herbaday.sk\/index.php\/wp-json\/wp\/v2\/media?parent=123"}],"wp:term":[{"taxonomy":"product_brand","embeddable":true,"href":"https:\/\/herbaday.sk\/index.php\/wp-json\/wp\/v2\/product_brand?post=123"},{"taxonomy":"product_cat","embeddable":true,"href":"https:\/\/herbaday.sk\/index.php\/wp-json\/wp\/v2\/product_cat?post=123"},{"taxonomy":"product_tag","embeddable":true,"href":"https:\/\/herbaday.sk\/index.php\/wp-json\/wp\/v2\/product_tag?post=123"}],"curies":[{"name":"wp","href":"https:\/\/api.w.org\/{rel}","templated":true}]}}