{"id":125,"date":"2020-11-13T13:03:57","date_gmt":"2020-11-13T13:03:57","guid":{"rendered":"https:\/\/herbaday.eu\/?post_type=product&#038;p=125"},"modified":"2025-01-06T19:53:50","modified_gmt":"2025-01-06T19:53:50","slug":"herbalifeline-max-original-30-kapsul","status":"publish","type":"product","link":"https:\/\/herbaday.sk\/index.php\/product\/herbalifeline-max-original-30-kapsul\/","title":{"rendered":"Herbalifeline\u00ae Max Original 30 kaps\u00fal"},"content":{"rendered":"<h3 id=\"info-toggle\">N\u00e1h\u013ead na Produkt<\/h3>\n<div class=\"info-content\">\n<article>\n<p class=\"overview\" data-bind=\"html: Overview, visible: Overview\">Herbalifeline Max je doplnok stravy bohat\u00fd na Omega 3 mastn\u00e9 kyseliny EPA a DHA, ktor\u00e9 prispievaj\u00fa k spr\u00e1vnej funkcii srdca, ako aj k udr\u017eiavaniu spr\u00e1vnej hladiny triglyceridov a krvn\u00e9ho tlaku. DHA tie\u017e prispieva k udr\u017eiavaniu spr\u00e1vnej funkcie mozgu a zraku<\/p>\n<h5 data-bind=\"visible: KeyBenefits\">K\u013e\u00fa\u010dov\u00e9 V\u00fdhody<\/h5>\n<div class=\"disc\" data-bind=\"visible: KeyBenefits, html: KeyBenefits\">\n<p>5 zdrav\u00fdch v\u00fdhod:<br \/>\n&#8211; EPA a DHA prispievaj\u00fa k spr\u00e1vnej funkcii srdca* (1 capsule)<br \/>\n&#8211; DHA prispieva k udr\u017eiavaniu spr\u00e1vnej funkcie mozgu.* (1 capsule)<br \/>\n&#8211; DHA prispieva k udr\u017eiavaniu spr\u00e1vnej funkcie\u00a0 zraku** (1 capsule)<br \/>\n&#8211; EPA a DHA prispievaj\u00fa k\u00a0 udr\u017eiavaniu spr\u00e1vnej hladiny triglyceridov v krvi *** (4 capsules)<br \/>\n&#8211; PA a DHA prispievaj\u00fa k\u00a0 udr\u017eiavaniu spr\u00e1vnej hladiny krvn\u00e9ho tlaku**** (5 capsules)<\/p>\n<p>\u2022 Udr\u017eate\u013ene vyr\u00e1ban\u00fd ryb\u00ed olej s akredit\u00e1ciou organiz\u00e1cie Friend of the Sea<br \/>\n\u2022 Obsahuje esenci\u00e1lne oleje z tymianu a m\u00e4ty na osvie\u017eenie chuti<br \/>\n\u2022 V\u0161etky zlo\u017eky doplnku stravy Herbalifeline\u00ae Max s\u00fa uzavret\u00e9 v g\u00e9lov\u00fdch kapsul\u00e1ch vhodn\u00fdch pre vegetari\u00e1nov<br \/>\n*Priazniv\u00fd \u00fa\u010dinok sa dosahuje denn\u00fdm pr\u00edjmom 250 mg mastn\u00fdch kysel\u00edn EPA a DHA.\u00a0\u00a0\u00a0\u00a0\u00a0\u00a0\u00a0\u00a0\u00a0\u00a0\u00a0\u00a0\u00a0\u00a0\u00a0\u00a0\u00a0\u00a0\u00a0\u00a0\u00a0\u00a0 **Priazniv\u00fd \u00fa\u010dinok sa dosahuje denn\u00fdm pr\u00edjmom 250 mg mastnej kyseliny DHA.\u00a0\u00a0\u00a0\u00a0\u00a0\u00a0\u00a0\u00a0\u00a0\u00a0\u00a0\u00a0\u00a0\u00a0\u00a0\u00a0\u00a0\u00a0\u00a0\u00a0\u00a0\u00a0\u00a0\u00a0\u00a0\u00a0\u00a0\u00a0\u00a0 ***Priazniv\u00fd \u00fa\u010dinok sa dosahuje denn\u00fdm pr\u00edjmom 2 g mastn\u00fdch kysel\u00edn EPA a DHA.\u00a0\u00a0\u00a0\u00a0\u00a0\u00a0\u00a0\u00a0\u00a0\u00a0\u00a0\u00a0\u00a0\u00a0\u00a0\u00a0\u00a0\u00a0\u00a0\u00a0\u00a0\u00a0\u00a0\u00a0\u00a0\u00a0\u00a0\u00a0\u00a0\u00a0\u00a0\u00a0\u00a0 ****Priazniv\u00fd \u00fa\u010dinok sa dosahuje denn\u00fdm pr\u00edjmom 3 g mastn\u00fdch kysel\u00edn EPA a DHA.<br \/>\nNeprekra\u010dujte dopl\u0148uj\u00faci skombinovan\u00fd denn\u00fd pr\u00edjem 5 g mastn\u00fdch kysel\u00edn EPA a DHA.<\/p>\n<\/div>\n<h5 data-bind=\"visible: Usage\">Pou\u017e\u00edvanie<\/h5>\n<div class=\"disc\" data-bind=\"visible: Usage, html: Usage\">Prijmite 1, 4 alebo 5 kaps\u00fal denne (pod\u013ea prospe\u0161n\u00fdch \u00fa\u010dinkov, ktor\u00e9 sa sna\u017e\u00edte dosiahnu\u0165) a zapite ich vodou najlep\u0161ie s pravidelnou stravou po\u010das cel\u00e9ho d\u0148a.<\/div>\n<\/article>\n<\/div>\n","protected":false},"excerpt":{"rendered":"<p>N\u00e1h\u013ead na Produkt Herbalifeline Max je doplnok stravy bohat\u00fd na Omega 3 mastn\u00e9 kyseliny EPA a DHA, ktor\u00e9 prispievaj\u00fa k spr\u00e1vnej funkcii srdca, ako aj k udr\u017eiavaniu spr\u00e1vnej hladiny triglyceridov a krvn\u00e9ho tlaku. DHA tie\u017e prispieva k udr\u017eiavaniu spr\u00e1vnej funkcie mozgu a zraku K\u013e\u00fa\u010dov\u00e9 V\u00fdhody 5 zdrav\u00fdch v\u00fdhod: &#8211; EPA a DHA prispievaj\u00fa k spr\u00e1vnej [&#8230;]\n","protected":false},"featured_media":126,"comment_status":"open","ping_status":"closed","template":"","meta":[],"product_brand":[],"product_cat":[25],"product_tag":[],"class_list":{"0":"post-125","1":"product","2":"type-product","3":"status-publish","4":"has-post-thumbnail","6":"product_cat-zdrave-srdce","8":"first","9":"instock","10":"taxable","11":"shipping-taxable","12":"purchasable","13":"product-type-simple"},"yoast_head":"<!-- This site is optimized with the Yoast SEO plugin v24.3 - https:\/\/yoast.com\/wordpress\/plugins\/seo\/ -->\n<title>Herbalifeline\u00ae Max Original 30 kaps\u00fal - Herbaday<\/title>\n<meta name=\"robots\" content=\"index, follow, max-snippet:-1, max-image-preview:large, max-video-preview:-1\" \/>\n<link rel=\"canonical\" href=\"https:\/\/herbaday.sk\/index.php\/product\/herbalifeline-max-original-30-kapsul\/\" \/>\n<meta property=\"og:locale\" content=\"sk_SK\" \/>\n<meta property=\"og:type\" content=\"article\" \/>\n<meta property=\"og:title\" content=\"Herbalifeline\u00ae Max Original 30 kaps\u00fal - Herbaday\" \/>\n<meta property=\"og:description\" content=\"N\u00e1h\u013ead na Produkt Herbalifeline Max je doplnok stravy bohat\u00fd na Omega 3 mastn\u00e9 kyseliny EPA a DHA, ktor\u00e9 prispievaj\u00fa k spr\u00e1vnej funkcii srdca, ako aj k udr\u017eiavaniu spr\u00e1vnej hladiny triglyceridov a krvn\u00e9ho tlaku. DHA tie\u017e prispieva k udr\u017eiavaniu spr\u00e1vnej funkcie mozgu a zraku K\u013e\u00fa\u010dov\u00e9 V\u00fdhody 5 zdrav\u00fdch v\u00fdhod: &#8211; EPA a DHA prispievaj\u00fa k spr\u00e1vnej [...]\" \/>\n<meta property=\"og:url\" content=\"https:\/\/herbaday.sk\/index.php\/product\/herbalifeline-max-original-30-kapsul\/\" \/>\n<meta property=\"og:site_name\" content=\"Herbaday\" \/>\n<meta property=\"article:modified_time\" content=\"2025-01-06T19:53:50+00:00\" \/>\n<meta property=\"og:image\" content=\"https:\/\/i0.wp.com\/herbaday.sk\/wp-content\/uploads\/2020\/11\/0043_CZ_SK_HerbalifelineMax_Hero_400px.png?fit=800%2C800&ssl=1\" \/>\n\t<meta property=\"og:image:width\" content=\"800\" \/>\n\t<meta property=\"og:image:height\" content=\"800\" \/>\n\t<meta property=\"og:image:type\" content=\"image\/png\" \/>\n<meta name=\"twitter:card\" content=\"summary_large_image\" \/>\n<meta name=\"twitter:label1\" content=\"Predpokladan\u00fd \u010das \u010d\u00edtania\" \/>\n\t<meta name=\"twitter:data1\" content=\"1 min\u00fata\" \/>\n<script type=\"application\/ld+json\" class=\"yoast-schema-graph\">{\"@context\":\"https:\/\/schema.org\",\"@graph\":[{\"@type\":\"WebPage\",\"@id\":\"https:\/\/herbaday.sk\/index.php\/product\/herbalifeline-max-original-30-kapsul\/\",\"url\":\"https:\/\/herbaday.sk\/index.php\/product\/herbalifeline-max-original-30-kapsul\/\",\"name\":\"Herbalifeline\u00ae Max Original 30 kaps\u00fal - Herbaday\",\"isPartOf\":{\"@id\":\"https:\/\/herbaday.sk\/#website\"},\"primaryImageOfPage\":{\"@id\":\"https:\/\/herbaday.sk\/index.php\/product\/herbalifeline-max-original-30-kapsul\/#primaryimage\"},\"image\":{\"@id\":\"https:\/\/herbaday.sk\/index.php\/product\/herbalifeline-max-original-30-kapsul\/#primaryimage\"},\"thumbnailUrl\":\"https:\/\/i0.wp.com\/herbaday.sk\/wp-content\/uploads\/2020\/11\/0043_CZ_SK_HerbalifelineMax_Hero_400px.png?fit=800%2C800&ssl=1\",\"datePublished\":\"2020-11-13T13:03:57+00:00\",\"dateModified\":\"2025-01-06T19:53:50+00:00\",\"breadcrumb\":{\"@id\":\"https:\/\/herbaday.sk\/index.php\/product\/herbalifeline-max-original-30-kapsul\/#breadcrumb\"},\"inLanguage\":\"sk-SK\",\"potentialAction\":[{\"@type\":\"ReadAction\",\"target\":[\"https:\/\/herbaday.sk\/index.php\/product\/herbalifeline-max-original-30-kapsul\/\"]}]},{\"@type\":\"ImageObject\",\"inLanguage\":\"sk-SK\",\"@id\":\"https:\/\/herbaday.sk\/index.php\/product\/herbalifeline-max-original-30-kapsul\/#primaryimage\",\"url\":\"https:\/\/i0.wp.com\/herbaday.sk\/wp-content\/uploads\/2020\/11\/0043_CZ_SK_HerbalifelineMax_Hero_400px.png?fit=800%2C800&ssl=1\",\"contentUrl\":\"https:\/\/i0.wp.com\/herbaday.sk\/wp-content\/uploads\/2020\/11\/0043_CZ_SK_HerbalifelineMax_Hero_400px.png?fit=800%2C800&ssl=1\",\"width\":800,\"height\":800},{\"@type\":\"BreadcrumbList\",\"@id\":\"https:\/\/herbaday.sk\/index.php\/product\/herbalifeline-max-original-30-kapsul\/#breadcrumb\",\"itemListElement\":[{\"@type\":\"ListItem\",\"position\":1,\"name\":\"Domovsk\u00e1 str\u00e1nka\",\"item\":\"https:\/\/herbaday.sk\/\"},{\"@type\":\"ListItem\",\"position\":2,\"name\":\"Shop\",\"item\":\"https:\/\/herbaday.sk\/index.php\/shop\/\"},{\"@type\":\"ListItem\",\"position\":3,\"name\":\"Herbalifeline\u00ae Max Original 30 kaps\u00fal\"}]},{\"@type\":\"WebSite\",\"@id\":\"https:\/\/herbaday.sk\/#website\",\"url\":\"https:\/\/herbaday.sk\/\",\"name\":\"Herbaday\",\"description\":\"Nez\u00e1visl\u00fd \u010dlen Herbalife Nutrition\",\"publisher\":{\"@id\":\"https:\/\/herbaday.sk\/#organization\"},\"potentialAction\":[{\"@type\":\"SearchAction\",\"target\":{\"@type\":\"EntryPoint\",\"urlTemplate\":\"https:\/\/herbaday.sk\/?s={search_term_string}\"},\"query-input\":{\"@type\":\"PropertyValueSpecification\",\"valueRequired\":true,\"valueName\":\"search_term_string\"}}],\"inLanguage\":\"sk-SK\"},{\"@type\":\"Organization\",\"@id\":\"https:\/\/herbaday.sk\/#organization\",\"name\":\"Herbaday\",\"url\":\"https:\/\/herbaday.sk\/\",\"logo\":{\"@type\":\"ImageObject\",\"inLanguage\":\"sk-SK\",\"@id\":\"https:\/\/herbaday.sk\/#\/schema\/logo\/image\/\",\"url\":\"http:\/\/herbaday.sk\/wp-content\/uploads\/2020\/11\/herbaday_logo.png\",\"contentUrl\":\"http:\/\/herbaday.sk\/wp-content\/uploads\/2020\/11\/herbaday_logo.png\",\"width\":2214,\"height\":545,\"caption\":\"Herbaday\"},\"image\":{\"@id\":\"https:\/\/herbaday.sk\/#\/schema\/logo\/image\/\"}}]}<\/script>\n<!-- \/ Yoast SEO plugin. -->","yoast_head_json":{"title":"Herbalifeline\u00ae Max Original 30 kaps\u00fal - Herbaday","robots":{"index":"index","follow":"follow","max-snippet":"max-snippet:-1","max-image-preview":"max-image-preview:large","max-video-preview":"max-video-preview:-1"},"canonical":"https:\/\/herbaday.sk\/index.php\/product\/herbalifeline-max-original-30-kapsul\/","og_locale":"sk_SK","og_type":"article","og_title":"Herbalifeline\u00ae Max Original 30 kaps\u00fal - Herbaday","og_description":"N\u00e1h\u013ead na Produkt Herbalifeline Max je doplnok stravy bohat\u00fd na Omega 3 mastn\u00e9 kyseliny EPA a DHA, ktor\u00e9 prispievaj\u00fa k spr\u00e1vnej funkcii srdca, ako aj k udr\u017eiavaniu spr\u00e1vnej hladiny triglyceridov a krvn\u00e9ho tlaku. DHA tie\u017e prispieva k udr\u017eiavaniu spr\u00e1vnej funkcie mozgu a zraku K\u013e\u00fa\u010dov\u00e9 V\u00fdhody 5 zdrav\u00fdch v\u00fdhod: &#8211; EPA a DHA prispievaj\u00fa k spr\u00e1vnej [...]","og_url":"https:\/\/herbaday.sk\/index.php\/product\/herbalifeline-max-original-30-kapsul\/","og_site_name":"Herbaday","article_modified_time":"2025-01-06T19:53:50+00:00","og_image":[{"width":800,"height":800,"url":"https:\/\/i0.wp.com\/herbaday.sk\/wp-content\/uploads\/2020\/11\/0043_CZ_SK_HerbalifelineMax_Hero_400px.png?fit=800%2C800&ssl=1","type":"image\/png"}],"twitter_card":"summary_large_image","twitter_misc":{"Predpokladan\u00fd \u010das \u010d\u00edtania":"1 min\u00fata"},"schema":{"@context":"https:\/\/schema.org","@graph":[{"@type":"WebPage","@id":"https:\/\/herbaday.sk\/index.php\/product\/herbalifeline-max-original-30-kapsul\/","url":"https:\/\/herbaday.sk\/index.php\/product\/herbalifeline-max-original-30-kapsul\/","name":"Herbalifeline\u00ae Max Original 30 kaps\u00fal - Herbaday","isPartOf":{"@id":"https:\/\/herbaday.sk\/#website"},"primaryImageOfPage":{"@id":"https:\/\/herbaday.sk\/index.php\/product\/herbalifeline-max-original-30-kapsul\/#primaryimage"},"image":{"@id":"https:\/\/herbaday.sk\/index.php\/product\/herbalifeline-max-original-30-kapsul\/#primaryimage"},"thumbnailUrl":"https:\/\/i0.wp.com\/herbaday.sk\/wp-content\/uploads\/2020\/11\/0043_CZ_SK_HerbalifelineMax_Hero_400px.png?fit=800%2C800&ssl=1","datePublished":"2020-11-13T13:03:57+00:00","dateModified":"2025-01-06T19:53:50+00:00","breadcrumb":{"@id":"https:\/\/herbaday.sk\/index.php\/product\/herbalifeline-max-original-30-kapsul\/#breadcrumb"},"inLanguage":"sk-SK","potentialAction":[{"@type":"ReadAction","target":["https:\/\/herbaday.sk\/index.php\/product\/herbalifeline-max-original-30-kapsul\/"]}]},{"@type":"ImageObject","inLanguage":"sk-SK","@id":"https:\/\/herbaday.sk\/index.php\/product\/herbalifeline-max-original-30-kapsul\/#primaryimage","url":"https:\/\/i0.wp.com\/herbaday.sk\/wp-content\/uploads\/2020\/11\/0043_CZ_SK_HerbalifelineMax_Hero_400px.png?fit=800%2C800&ssl=1","contentUrl":"https:\/\/i0.wp.com\/herbaday.sk\/wp-content\/uploads\/2020\/11\/0043_CZ_SK_HerbalifelineMax_Hero_400px.png?fit=800%2C800&ssl=1","width":800,"height":800},{"@type":"BreadcrumbList","@id":"https:\/\/herbaday.sk\/index.php\/product\/herbalifeline-max-original-30-kapsul\/#breadcrumb","itemListElement":[{"@type":"ListItem","position":1,"name":"Domovsk\u00e1 str\u00e1nka","item":"https:\/\/herbaday.sk\/"},{"@type":"ListItem","position":2,"name":"Shop","item":"https:\/\/herbaday.sk\/index.php\/shop\/"},{"@type":"ListItem","position":3,"name":"Herbalifeline\u00ae Max Original 30 kaps\u00fal"}]},{"@type":"WebSite","@id":"https:\/\/herbaday.sk\/#website","url":"https:\/\/herbaday.sk\/","name":"Herbaday","description":"Nez\u00e1visl\u00fd \u010dlen Herbalife Nutrition","publisher":{"@id":"https:\/\/herbaday.sk\/#organization"},"potentialAction":[{"@type":"SearchAction","target":{"@type":"EntryPoint","urlTemplate":"https:\/\/herbaday.sk\/?s={search_term_string}"},"query-input":{"@type":"PropertyValueSpecification","valueRequired":true,"valueName":"search_term_string"}}],"inLanguage":"sk-SK"},{"@type":"Organization","@id":"https:\/\/herbaday.sk\/#organization","name":"Herbaday","url":"https:\/\/herbaday.sk\/","logo":{"@type":"ImageObject","inLanguage":"sk-SK","@id":"https:\/\/herbaday.sk\/#\/schema\/logo\/image\/","url":"http:\/\/herbaday.sk\/wp-content\/uploads\/2020\/11\/herbaday_logo.png","contentUrl":"http:\/\/herbaday.sk\/wp-content\/uploads\/2020\/11\/herbaday_logo.png","width":2214,"height":545,"caption":"Herbaday"},"image":{"@id":"https:\/\/herbaday.sk\/#\/schema\/logo\/image\/"}}]}},"jetpack_sharing_enabled":true,"_links":{"self":[{"href":"https:\/\/herbaday.sk\/index.php\/wp-json\/wp\/v2\/product\/125","targetHints":{"allow":["GET"]}}],"collection":[{"href":"https:\/\/herbaday.sk\/index.php\/wp-json\/wp\/v2\/product"}],"about":[{"href":"https:\/\/herbaday.sk\/index.php\/wp-json\/wp\/v2\/types\/product"}],"replies":[{"embeddable":true,"href":"https:\/\/herbaday.sk\/index.php\/wp-json\/wp\/v2\/comments?post=125"}],"wp:featuredmedia":[{"embeddable":true,"href":"https:\/\/herbaday.sk\/index.php\/wp-json\/wp\/v2\/media\/126"}],"wp:attachment":[{"href":"https:\/\/herbaday.sk\/index.php\/wp-json\/wp\/v2\/media?parent=125"}],"wp:term":[{"taxonomy":"product_brand","embeddable":true,"href":"https:\/\/herbaday.sk\/index.php\/wp-json\/wp\/v2\/product_brand?post=125"},{"taxonomy":"product_cat","embeddable":true,"href":"https:\/\/herbaday.sk\/index.php\/wp-json\/wp\/v2\/product_cat?post=125"},{"taxonomy":"product_tag","embeddable":true,"href":"https:\/\/herbaday.sk\/index.php\/wp-json\/wp\/v2\/product_tag?post=125"}],"curies":[{"name":"wp","href":"https:\/\/api.w.org\/{rel}","templated":true}]}}