{"id":129,"date":"2020-11-13T13:06:49","date_gmt":"2020-11-13T13:06:49","guid":{"rendered":"https:\/\/herbaday.eu\/?post_type=product&#038;p=129"},"modified":"2025-01-06T19:53:25","modified_gmt":"2025-01-06T19:53:25","slug":"liftoff-citron-limetka-10-tabliet-v-krabici","status":"publish","type":"product","link":"https:\/\/herbaday.sk\/index.php\/product\/liftoff-citron-limetka-10-tabliet-v-krabici\/","title":{"rendered":"Liftoff citr\u00f3n\/limetka 10 tabliet v krabici"},"content":{"rendered":"<h3 id=\"info-toggle\">N\u00e1h\u013ead na Produkt<\/h3>\n<div class=\"info-content\">\n<article>\n<p class=\"overview\" data-bind=\"html: Overview, visible: Overview\">C\u00edtite sa unaven\u00ed? Dodajte telu energiu pomocou \u0161umiv\u00e9ho energetick\u00e9ho n\u00e1poja LiftOff\u2122 s obsahom kofe\u00ednu a mal\u00fdm mno\u017estvom kal\u00f3ri\u00ed. Kofe\u00edn pom\u00e1ha zlep\u0161i\u0165 ostra\u017eitos\u0165 a s\u00fastredenie organizmu.<\/p>\n<h5 data-bind=\"visible: KeyBenefits\">K\u013e\u00fa\u010dov\u00e9 V\u00fdhody<\/h5>\n<div class=\"disc\" data-bind=\"visible: KeyBenefits, html: KeyBenefits\">10 kcal v jednej porcii, ide\u00e1lna n\u00e1hrada sladk\u00fdch perliv\u00fdch n\u00e1pojov.100% odpor\u00fa\u010dan\u00e9ho\u00a0 denn\u00e9ho mno\u017estva vitam\u00ednu C pre potla\u010denie \u00fanavy.100% odpor\u00fa\u010dan\u00e9ho\u00a0 denn\u00e9ho mno\u017estva vitam\u00ednov B (B1, B2, B3, B5, B6, biot\u00edn) pre optim\u00e1lny energetick\u00fd metabolizmus.Obsahuje prirodzen\u00fd kofe\u00edn z Guarany a kofe\u00ednov\u00fd pr\u00e1\u0161ok.Ka\u017ed\u00e1 porcia obsahuje 75 mg kofe\u00ednu pre povzbudenie ostra\u017eitosti a s\u00fastredenia organizmu.<\/div>\n<h5 data-bind=\"visible: Usage\">Pou\u017e\u00edvanie<\/h5>\n<div class=\"disc\" data-bind=\"visible: Usage, html: Usage\">Pou\u017e\u00edvajte jednu a\u017e dve tablety denne rozpusten\u00e9 vo vode.<\/div>\n<\/article>\n<\/div>\n","protected":false},"excerpt":{"rendered":"<p>N\u00e1h\u013ead na Produkt C\u00edtite sa unaven\u00ed? Dodajte telu energiu pomocou \u0161umiv\u00e9ho energetick\u00e9ho n\u00e1poja LiftOff\u2122 s obsahom kofe\u00ednu a mal\u00fdm mno\u017estvom kal\u00f3ri\u00ed. Kofe\u00edn pom\u00e1ha zlep\u0161i\u0165 ostra\u017eitos\u0165 a s\u00fastredenie organizmu. K\u013e\u00fa\u010dov\u00e9 V\u00fdhody 10 kcal v jednej porcii, ide\u00e1lna n\u00e1hrada sladk\u00fdch perliv\u00fdch n\u00e1pojov.100% odpor\u00fa\u010dan\u00e9ho\u00a0 denn\u00e9ho mno\u017estva vitam\u00ednu C pre potla\u010denie \u00fanavy.100% odpor\u00fa\u010dan\u00e9ho\u00a0 denn\u00e9ho mno\u017estva vitam\u00ednov B (B1, B2, [&#8230;]\n","protected":false},"featured_media":130,"comment_status":"open","ping_status":"closed","template":"","meta":[],"product_brand":[],"product_cat":[26],"product_tag":[],"class_list":{"0":"post-129","1":"product","2":"type-product","3":"status-publish","4":"has-post-thumbnail","6":"product_cat-energia","8":"first","9":"instock","10":"taxable","11":"shipping-taxable","12":"purchasable","13":"product-type-simple"},"yoast_head":"<!-- This site is optimized with the Yoast SEO plugin v24.3 - https:\/\/yoast.com\/wordpress\/plugins\/seo\/ -->\n<title>Liftoff citr\u00f3n\/limetka 10 tabliet v krabici - Herbaday<\/title>\n<meta name=\"robots\" content=\"index, follow, max-snippet:-1, max-image-preview:large, max-video-preview:-1\" \/>\n<link rel=\"canonical\" href=\"https:\/\/herbaday.sk\/index.php\/product\/liftoff-citron-limetka-10-tabliet-v-krabici\/\" \/>\n<meta property=\"og:locale\" content=\"sk_SK\" \/>\n<meta property=\"og:type\" content=\"article\" \/>\n<meta property=\"og:title\" content=\"Liftoff citr\u00f3n\/limetka 10 tabliet v krabici - Herbaday\" \/>\n<meta property=\"og:description\" content=\"N\u00e1h\u013ead na Produkt C\u00edtite sa unaven\u00ed? Dodajte telu energiu pomocou \u0161umiv\u00e9ho energetick\u00e9ho n\u00e1poja LiftOff\u2122 s obsahom kofe\u00ednu a mal\u00fdm mno\u017estvom kal\u00f3ri\u00ed. Kofe\u00edn pom\u00e1ha zlep\u0161i\u0165 ostra\u017eitos\u0165 a s\u00fastredenie organizmu. K\u013e\u00fa\u010dov\u00e9 V\u00fdhody 10 kcal v jednej porcii, ide\u00e1lna n\u00e1hrada sladk\u00fdch perliv\u00fdch n\u00e1pojov.100% odpor\u00fa\u010dan\u00e9ho\u00a0 denn\u00e9ho mno\u017estva vitam\u00ednu C pre potla\u010denie \u00fanavy.100% odpor\u00fa\u010dan\u00e9ho\u00a0 denn\u00e9ho mno\u017estva vitam\u00ednov B (B1, B2, [...]\" \/>\n<meta property=\"og:url\" content=\"https:\/\/herbaday.sk\/index.php\/product\/liftoff-citron-limetka-10-tabliet-v-krabici\/\" \/>\n<meta property=\"og:site_name\" content=\"Herbaday\" \/>\n<meta property=\"article:modified_time\" content=\"2025-01-06T19:53:25+00:00\" \/>\n<meta property=\"og:image\" content=\"https:\/\/i0.wp.com\/herbaday.sk\/wp-content\/uploads\/2020\/11\/3152_CZ_SK_LiftoffLemon_Square.png?fit=800%2C800&ssl=1\" \/>\n\t<meta property=\"og:image:width\" content=\"800\" \/>\n\t<meta property=\"og:image:height\" content=\"800\" \/>\n\t<meta property=\"og:image:type\" content=\"image\/png\" \/>\n<meta name=\"twitter:card\" content=\"summary_large_image\" \/>\n<meta name=\"twitter:label1\" content=\"Predpokladan\u00fd \u010das \u010d\u00edtania\" \/>\n\t<meta name=\"twitter:data1\" content=\"1 min\u00fata\" \/>\n<script type=\"application\/ld+json\" class=\"yoast-schema-graph\">{\"@context\":\"https:\/\/schema.org\",\"@graph\":[{\"@type\":\"WebPage\",\"@id\":\"https:\/\/herbaday.sk\/index.php\/product\/liftoff-citron-limetka-10-tabliet-v-krabici\/\",\"url\":\"https:\/\/herbaday.sk\/index.php\/product\/liftoff-citron-limetka-10-tabliet-v-krabici\/\",\"name\":\"Liftoff citr\u00f3n\/limetka 10 tabliet v krabici - Herbaday\",\"isPartOf\":{\"@id\":\"https:\/\/herbaday.sk\/#website\"},\"primaryImageOfPage\":{\"@id\":\"https:\/\/herbaday.sk\/index.php\/product\/liftoff-citron-limetka-10-tabliet-v-krabici\/#primaryimage\"},\"image\":{\"@id\":\"https:\/\/herbaday.sk\/index.php\/product\/liftoff-citron-limetka-10-tabliet-v-krabici\/#primaryimage\"},\"thumbnailUrl\":\"https:\/\/i0.wp.com\/herbaday.sk\/wp-content\/uploads\/2020\/11\/3152_CZ_SK_LiftoffLemon_Square.png?fit=800%2C800&ssl=1\",\"datePublished\":\"2020-11-13T13:06:49+00:00\",\"dateModified\":\"2025-01-06T19:53:25+00:00\",\"breadcrumb\":{\"@id\":\"https:\/\/herbaday.sk\/index.php\/product\/liftoff-citron-limetka-10-tabliet-v-krabici\/#breadcrumb\"},\"inLanguage\":\"sk-SK\",\"potentialAction\":[{\"@type\":\"ReadAction\",\"target\":[\"https:\/\/herbaday.sk\/index.php\/product\/liftoff-citron-limetka-10-tabliet-v-krabici\/\"]}]},{\"@type\":\"ImageObject\",\"inLanguage\":\"sk-SK\",\"@id\":\"https:\/\/herbaday.sk\/index.php\/product\/liftoff-citron-limetka-10-tabliet-v-krabici\/#primaryimage\",\"url\":\"https:\/\/i0.wp.com\/herbaday.sk\/wp-content\/uploads\/2020\/11\/3152_CZ_SK_LiftoffLemon_Square.png?fit=800%2C800&ssl=1\",\"contentUrl\":\"https:\/\/i0.wp.com\/herbaday.sk\/wp-content\/uploads\/2020\/11\/3152_CZ_SK_LiftoffLemon_Square.png?fit=800%2C800&ssl=1\",\"width\":800,\"height\":800},{\"@type\":\"BreadcrumbList\",\"@id\":\"https:\/\/herbaday.sk\/index.php\/product\/liftoff-citron-limetka-10-tabliet-v-krabici\/#breadcrumb\",\"itemListElement\":[{\"@type\":\"ListItem\",\"position\":1,\"name\":\"Domovsk\u00e1 str\u00e1nka\",\"item\":\"https:\/\/herbaday.sk\/\"},{\"@type\":\"ListItem\",\"position\":2,\"name\":\"Shop\",\"item\":\"https:\/\/herbaday.sk\/index.php\/shop\/\"},{\"@type\":\"ListItem\",\"position\":3,\"name\":\"Liftoff citr\u00f3n\/limetka 10 tabliet v krabici\"}]},{\"@type\":\"WebSite\",\"@id\":\"https:\/\/herbaday.sk\/#website\",\"url\":\"https:\/\/herbaday.sk\/\",\"name\":\"Herbaday\",\"description\":\"Nez\u00e1visl\u00fd \u010dlen Herbalife Nutrition\",\"publisher\":{\"@id\":\"https:\/\/herbaday.sk\/#organization\"},\"potentialAction\":[{\"@type\":\"SearchAction\",\"target\":{\"@type\":\"EntryPoint\",\"urlTemplate\":\"https:\/\/herbaday.sk\/?s={search_term_string}\"},\"query-input\":{\"@type\":\"PropertyValueSpecification\",\"valueRequired\":true,\"valueName\":\"search_term_string\"}}],\"inLanguage\":\"sk-SK\"},{\"@type\":\"Organization\",\"@id\":\"https:\/\/herbaday.sk\/#organization\",\"name\":\"Herbaday\",\"url\":\"https:\/\/herbaday.sk\/\",\"logo\":{\"@type\":\"ImageObject\",\"inLanguage\":\"sk-SK\",\"@id\":\"https:\/\/herbaday.sk\/#\/schema\/logo\/image\/\",\"url\":\"http:\/\/herbaday.sk\/wp-content\/uploads\/2020\/11\/herbaday_logo.png\",\"contentUrl\":\"http:\/\/herbaday.sk\/wp-content\/uploads\/2020\/11\/herbaday_logo.png\",\"width\":2214,\"height\":545,\"caption\":\"Herbaday\"},\"image\":{\"@id\":\"https:\/\/herbaday.sk\/#\/schema\/logo\/image\/\"}}]}<\/script>\n<!-- \/ Yoast SEO plugin. -->","yoast_head_json":{"title":"Liftoff citr\u00f3n\/limetka 10 tabliet v krabici - Herbaday","robots":{"index":"index","follow":"follow","max-snippet":"max-snippet:-1","max-image-preview":"max-image-preview:large","max-video-preview":"max-video-preview:-1"},"canonical":"https:\/\/herbaday.sk\/index.php\/product\/liftoff-citron-limetka-10-tabliet-v-krabici\/","og_locale":"sk_SK","og_type":"article","og_title":"Liftoff citr\u00f3n\/limetka 10 tabliet v krabici - Herbaday","og_description":"N\u00e1h\u013ead na Produkt C\u00edtite sa unaven\u00ed? Dodajte telu energiu pomocou \u0161umiv\u00e9ho energetick\u00e9ho n\u00e1poja LiftOff\u2122 s obsahom kofe\u00ednu a mal\u00fdm mno\u017estvom kal\u00f3ri\u00ed. Kofe\u00edn pom\u00e1ha zlep\u0161i\u0165 ostra\u017eitos\u0165 a s\u00fastredenie organizmu. K\u013e\u00fa\u010dov\u00e9 V\u00fdhody 10 kcal v jednej porcii, ide\u00e1lna n\u00e1hrada sladk\u00fdch perliv\u00fdch n\u00e1pojov.100% odpor\u00fa\u010dan\u00e9ho\u00a0 denn\u00e9ho mno\u017estva vitam\u00ednu C pre potla\u010denie \u00fanavy.100% odpor\u00fa\u010dan\u00e9ho\u00a0 denn\u00e9ho mno\u017estva vitam\u00ednov B (B1, B2, [...]","og_url":"https:\/\/herbaday.sk\/index.php\/product\/liftoff-citron-limetka-10-tabliet-v-krabici\/","og_site_name":"Herbaday","article_modified_time":"2025-01-06T19:53:25+00:00","og_image":[{"width":800,"height":800,"url":"https:\/\/i0.wp.com\/herbaday.sk\/wp-content\/uploads\/2020\/11\/3152_CZ_SK_LiftoffLemon_Square.png?fit=800%2C800&ssl=1","type":"image\/png"}],"twitter_card":"summary_large_image","twitter_misc":{"Predpokladan\u00fd \u010das \u010d\u00edtania":"1 min\u00fata"},"schema":{"@context":"https:\/\/schema.org","@graph":[{"@type":"WebPage","@id":"https:\/\/herbaday.sk\/index.php\/product\/liftoff-citron-limetka-10-tabliet-v-krabici\/","url":"https:\/\/herbaday.sk\/index.php\/product\/liftoff-citron-limetka-10-tabliet-v-krabici\/","name":"Liftoff citr\u00f3n\/limetka 10 tabliet v krabici - Herbaday","isPartOf":{"@id":"https:\/\/herbaday.sk\/#website"},"primaryImageOfPage":{"@id":"https:\/\/herbaday.sk\/index.php\/product\/liftoff-citron-limetka-10-tabliet-v-krabici\/#primaryimage"},"image":{"@id":"https:\/\/herbaday.sk\/index.php\/product\/liftoff-citron-limetka-10-tabliet-v-krabici\/#primaryimage"},"thumbnailUrl":"https:\/\/i0.wp.com\/herbaday.sk\/wp-content\/uploads\/2020\/11\/3152_CZ_SK_LiftoffLemon_Square.png?fit=800%2C800&ssl=1","datePublished":"2020-11-13T13:06:49+00:00","dateModified":"2025-01-06T19:53:25+00:00","breadcrumb":{"@id":"https:\/\/herbaday.sk\/index.php\/product\/liftoff-citron-limetka-10-tabliet-v-krabici\/#breadcrumb"},"inLanguage":"sk-SK","potentialAction":[{"@type":"ReadAction","target":["https:\/\/herbaday.sk\/index.php\/product\/liftoff-citron-limetka-10-tabliet-v-krabici\/"]}]},{"@type":"ImageObject","inLanguage":"sk-SK","@id":"https:\/\/herbaday.sk\/index.php\/product\/liftoff-citron-limetka-10-tabliet-v-krabici\/#primaryimage","url":"https:\/\/i0.wp.com\/herbaday.sk\/wp-content\/uploads\/2020\/11\/3152_CZ_SK_LiftoffLemon_Square.png?fit=800%2C800&ssl=1","contentUrl":"https:\/\/i0.wp.com\/herbaday.sk\/wp-content\/uploads\/2020\/11\/3152_CZ_SK_LiftoffLemon_Square.png?fit=800%2C800&ssl=1","width":800,"height":800},{"@type":"BreadcrumbList","@id":"https:\/\/herbaday.sk\/index.php\/product\/liftoff-citron-limetka-10-tabliet-v-krabici\/#breadcrumb","itemListElement":[{"@type":"ListItem","position":1,"name":"Domovsk\u00e1 str\u00e1nka","item":"https:\/\/herbaday.sk\/"},{"@type":"ListItem","position":2,"name":"Shop","item":"https:\/\/herbaday.sk\/index.php\/shop\/"},{"@type":"ListItem","position":3,"name":"Liftoff citr\u00f3n\/limetka 10 tabliet v krabici"}]},{"@type":"WebSite","@id":"https:\/\/herbaday.sk\/#website","url":"https:\/\/herbaday.sk\/","name":"Herbaday","description":"Nez\u00e1visl\u00fd \u010dlen Herbalife Nutrition","publisher":{"@id":"https:\/\/herbaday.sk\/#organization"},"potentialAction":[{"@type":"SearchAction","target":{"@type":"EntryPoint","urlTemplate":"https:\/\/herbaday.sk\/?s={search_term_string}"},"query-input":{"@type":"PropertyValueSpecification","valueRequired":true,"valueName":"search_term_string"}}],"inLanguage":"sk-SK"},{"@type":"Organization","@id":"https:\/\/herbaday.sk\/#organization","name":"Herbaday","url":"https:\/\/herbaday.sk\/","logo":{"@type":"ImageObject","inLanguage":"sk-SK","@id":"https:\/\/herbaday.sk\/#\/schema\/logo\/image\/","url":"http:\/\/herbaday.sk\/wp-content\/uploads\/2020\/11\/herbaday_logo.png","contentUrl":"http:\/\/herbaday.sk\/wp-content\/uploads\/2020\/11\/herbaday_logo.png","width":2214,"height":545,"caption":"Herbaday"},"image":{"@id":"https:\/\/herbaday.sk\/#\/schema\/logo\/image\/"}}]}},"jetpack_sharing_enabled":true,"_links":{"self":[{"href":"https:\/\/herbaday.sk\/index.php\/wp-json\/wp\/v2\/product\/129","targetHints":{"allow":["GET"]}}],"collection":[{"href":"https:\/\/herbaday.sk\/index.php\/wp-json\/wp\/v2\/product"}],"about":[{"href":"https:\/\/herbaday.sk\/index.php\/wp-json\/wp\/v2\/types\/product"}],"replies":[{"embeddable":true,"href":"https:\/\/herbaday.sk\/index.php\/wp-json\/wp\/v2\/comments?post=129"}],"wp:featuredmedia":[{"embeddable":true,"href":"https:\/\/herbaday.sk\/index.php\/wp-json\/wp\/v2\/media\/130"}],"wp:attachment":[{"href":"https:\/\/herbaday.sk\/index.php\/wp-json\/wp\/v2\/media?parent=129"}],"wp:term":[{"taxonomy":"product_brand","embeddable":true,"href":"https:\/\/herbaday.sk\/index.php\/wp-json\/wp\/v2\/product_brand?post=129"},{"taxonomy":"product_cat","embeddable":true,"href":"https:\/\/herbaday.sk\/index.php\/wp-json\/wp\/v2\/product_cat?post=129"},{"taxonomy":"product_tag","embeddable":true,"href":"https:\/\/herbaday.sk\/index.php\/wp-json\/wp\/v2\/product_tag?post=129"}],"curies":[{"name":"wp","href":"https:\/\/api.w.org\/{rel}","templated":true}]}}