{"id":137,"date":"2020-11-13T13:12:39","date_gmt":"2020-11-13T13:12:39","guid":{"rendered":"https:\/\/herbaday.eu\/?post_type=product&#038;p=137"},"modified":"2025-01-06T19:52:47","modified_gmt":"2025-01-06T19:52:47","slug":"formula-2-komplex-vitaminov-a-mineralov-pre-muzov-60-tabliet","status":"publish","type":"product","link":"https:\/\/herbaday.sk\/index.php\/product\/formula-2-komplex-vitaminov-a-mineralov-pre-muzov-60-tabliet\/","title":{"rendered":"Formula 2 Komplex vitam\u00ednov a miner\u00e1lov pre mu\u017eov 60 tabliet"},"content":{"rendered":"<h3 id=\"info-toggle\">N\u00e1h\u013ead na Produkt<\/h3>\n<div class=\"info-content\">\n<article><strong>Preh\u013ead<\/strong>Objavte komplex vitam\u00ednov a miner\u00e1lov pre mu\u017eov Formula 2, \u010do je \u013eahk\u00fd sp\u00f4sob ako si zabezpe\u010di\u0165 pr\u00edjem 24 \u017eiv\u00edn, ktor\u00e9 podporuj\u00fa potreby v\u00e1\u0161ho tela. Obsahuje esenci\u00e1lne vitam\u00edny a miner\u00e1ly v t\u00fdch spr\u00e1vnych mno\u017estv\u00e1ch na naplnenie dennej zdravotnej potreby mu\u017eov.<\/p>\n<h5 data-bind=\"visible: KeyBenefits\">K\u013e\u00fa\u010dov\u00e9 V\u00fdhody<\/h5>\n<div class=\"disc\" data-bind=\"visible: KeyBenefits, html: KeyBenefits\">\n<p><strong>Hlavn\u00e9 pr\u00ednosy<\/strong><\/p>\n<ol>\n<li>Je prisp\u00f4soben\u00fd individu\u00e1lnym zdravotn\u00fdm potreb\u00e1m mu\u017eov.<\/li>\n<li>Prin\u00e1\u0161a optim\u00e1lne mno\u017estvo k\u013e\u00fa\u010dov\u00fdch \u017eiv\u00edn, ktor\u00e9 va\u0161e telo potrebuje.<\/li>\n<li>Prin\u00e1\u0161a 71 individu\u00e1lnych tvrden\u00ed schv\u00e1len\u00fdch pre EU.<\/li>\n<li>Vyvinut\u00fd odborn\u00edkmi z oblasti v\u00fd\u017eivy a podporen\u00fd overen\u00fdm vedeck\u00fdm v\u00fdskumom.<\/li>\n<li>Bol zostaven\u00fd tak, aby fungoval v spojen\u00ed s va\u0161im ob\u013e\u00faben\u00fdm koktailom Formula 1.<\/li>\n<li>Obsahuje vitam\u00edny A a C, ktor\u00e9 prispievaj\u00fa k norm\u00e1lnej funkcii imunitn\u00e9ho syst\u00e9mu.<\/li>\n<li>Obsahuje hor\u010d\u00edk, ktor\u00fd prispieva k norm\u00e1lnej funkcii svalstva.<\/li>\n<li>Obsahuje riboflav\u00edn, ktor\u00fd prispieva k norm\u00e1lnemu energetick\u00e9mu metabolizmu.<\/li>\n<li>Obsahuje kyselinu pantot\u00e9nov\u00fa, ktor\u00e1 prispieva k norm\u00e1lnej psychickej v\u00fdkonnosti.<\/li>\n<\/ol>\n<\/div>\n<h5 data-bind=\"visible: FastFacts\">R\u00fdchle Fakty<\/h5>\n<div class=\"disc\" data-bind=\"visible: FastFacts, html: FastFacts\">\n<p><strong>Stru\u010dn\u00e9 fakty<\/strong><\/p>\n<p><strong>Pre\u010do je d\u00f4le\u017eit\u00e9 pravidelne u\u017e\u00edva\u0165 multivitam\u00ednov\u00fd doplnok stravy?<\/strong><\/p>\n<p>Mikro\u017eiviny zohr\u00e1vaj\u00fa d\u00f4le\u017eit\u00fa \u00falohu pri regul\u00e1cii procesov v tele, ktor\u00e9 m\u00f4\u017eu ovplyvni\u0165 na\u0161e zdravie a v\u00fdkonnos\u0165. Ke\u010f\u017ee mnoho \u013eud\u00ed nesp\u013a\u0148a po\u017eiadavky na denn\u00fd pr\u00edjem mikro\u017eiv\u00edn, denn\u00fd vitam\u00ednov\u00fd doplnok by zaistil splnenie po\u017eiadaviek na pr\u00edjem mikro\u017eiv\u00edn*. [Zdroj: Troesch a kol., 2012].<\/p>\n<p><strong>Pre\u010do je d\u00f4le\u017eit\u00e9 u\u017e\u00edva\u0165 vitam\u00edny ur\u010den\u00e9 pre konkr\u00e9tne pohlavie?<\/strong><\/p>\n<p>Mu\u017ei a \u017eeny potrebuj\u00fa v\u010faka rozdielom v svojej telesnej ve\u013ekosti, metabolizme a fyziol\u00f3gii r\u00f4zne hladiny vitam\u00ednov a miner\u00e1lov, ktor\u00e9 im zabezpe\u010dia optim\u00e1lnu v\u00fd\u017eivu. Napr\u00edklad: v niektor\u00fdch \u0161t\u00e1toch a\u017e 4 z 10 mu\u017eov nedost\u00e1vaj\u00fa dostatok vitam\u00ednu A a z\u00e1rove\u0148 potrebuj\u00fa viac vitam\u00ednu A ne\u017e \u017eeny. [Zdroje: Mensink et al., 2013; EFSA, 2015]\n<p><em>* Ako doplnok zdravej a vyv\u00e1\u017eenej stravy a akt\u00edvneho \u017eivotn\u00e9ho \u0161t\u00fdlu.<\/em><\/p>\n<\/div>\n<h5 data-bind=\"visible: Usage\">Pou\u017e\u00edvanie<\/h5>\n<div class=\"disc\" data-bind=\"visible: Usage, html: Usage\">\n<p><strong>Pou\u017eitie<\/strong><\/p>\n<p>Vezmite si 2 tablety denne spolu s jedlom. Na zaistenie najlep\u0161ej dennej v\u00fd\u017eivy u\u017e\u00edvajte tento v\u00fdrobok v kombin\u00e1cii s v\u00fd\u017eivov\u00fdm koktailom Formula 1 zna\u010dky Herbalife. Ak denne u\u017e\u00edvate 2 koktaily, vezmite si 1 tabletu, a ak denne u\u017e\u00edvate 1 koktail, vezmite si 2 tablety.<\/p>\n<\/div>\n<\/article>\n<\/div>\n","protected":false},"excerpt":{"rendered":"<p>N\u00e1h\u013ead na Produkt Preh\u013eadObjavte komplex vitam\u00ednov a miner\u00e1lov pre mu\u017eov Formula 2, \u010do je \u013eahk\u00fd sp\u00f4sob ako si zabezpe\u010di\u0165 pr\u00edjem 24 \u017eiv\u00edn, ktor\u00e9 podporuj\u00fa potreby v\u00e1\u0161ho tela. Obsahuje esenci\u00e1lne vitam\u00edny a miner\u00e1ly v t\u00fdch spr\u00e1vnych mno\u017estv\u00e1ch na naplnenie dennej zdravotnej potreby mu\u017eov. K\u013e\u00fa\u010dov\u00e9 V\u00fdhody Hlavn\u00e9 pr\u00ednosy Je prisp\u00f4soben\u00fd individu\u00e1lnym zdravotn\u00fdm potreb\u00e1m mu\u017eov. Prin\u00e1\u0161a optim\u00e1lne mno\u017estvo [&#8230;]\n","protected":false},"featured_media":138,"comment_status":"open","ping_status":"closed","template":"","meta":[],"product_brand":[],"product_cat":[29],"product_tag":[],"class_list":{"0":"post-137","1":"product","2":"type-product","3":"status-publish","4":"has-post-thumbnail","6":"product_cat-formula-2-komplex-vitaminov-a-mineralov","8":"first","9":"instock","10":"taxable","11":"shipping-taxable","12":"purchasable","13":"product-type-simple"},"yoast_head":"<!-- This site is optimized with the Yoast SEO plugin v24.3 - https:\/\/yoast.com\/wordpress\/plugins\/seo\/ -->\n<title>Formula 2 Komplex vitam\u00ednov a miner\u00e1lov pre mu\u017eov 60 tabliet - Herbaday<\/title>\n<meta name=\"robots\" content=\"index, follow, max-snippet:-1, max-image-preview:large, max-video-preview:-1\" \/>\n<link rel=\"canonical\" href=\"https:\/\/herbaday.sk\/index.php\/product\/formula-2-komplex-vitaminov-a-mineralov-pre-muzov-60-tabliet\/\" \/>\n<meta property=\"og:locale\" content=\"sk_SK\" \/>\n<meta property=\"og:type\" content=\"article\" \/>\n<meta property=\"og:title\" content=\"Formula 2 Komplex vitam\u00ednov a miner\u00e1lov pre mu\u017eov 60 tabliet - Herbaday\" \/>\n<meta property=\"og:description\" content=\"N\u00e1h\u013ead na Produkt Preh\u013eadObjavte komplex vitam\u00ednov a miner\u00e1lov pre mu\u017eov Formula 2, \u010do je \u013eahk\u00fd sp\u00f4sob ako si zabezpe\u010di\u0165 pr\u00edjem 24 \u017eiv\u00edn, ktor\u00e9 podporuj\u00fa potreby v\u00e1\u0161ho tela. Obsahuje esenci\u00e1lne vitam\u00edny a miner\u00e1ly v t\u00fdch spr\u00e1vnych mno\u017estv\u00e1ch na naplnenie dennej zdravotnej potreby mu\u017eov. K\u013e\u00fa\u010dov\u00e9 V\u00fdhody Hlavn\u00e9 pr\u00ednosy Je prisp\u00f4soben\u00fd individu\u00e1lnym zdravotn\u00fdm potreb\u00e1m mu\u017eov. Prin\u00e1\u0161a optim\u00e1lne mno\u017estvo [...]\" \/>\n<meta property=\"og:url\" content=\"https:\/\/herbaday.sk\/index.php\/product\/formula-2-komplex-vitaminov-a-mineralov-pre-muzov-60-tabliet\/\" \/>\n<meta property=\"og:site_name\" content=\"Herbaday\" \/>\n<meta property=\"article:modified_time\" content=\"2025-01-06T19:52:47+00:00\" \/>\n<meta property=\"og:image\" content=\"https:\/\/i0.wp.com\/herbaday.sk\/wp-content\/uploads\/2020\/11\/1800_PL_Formula2-MEN_Square_A_400px.png?fit=800%2C800&ssl=1\" \/>\n\t<meta property=\"og:image:width\" content=\"800\" \/>\n\t<meta property=\"og:image:height\" content=\"800\" \/>\n\t<meta property=\"og:image:type\" content=\"image\/png\" \/>\n<meta name=\"twitter:card\" content=\"summary_large_image\" \/>\n<meta name=\"twitter:label1\" content=\"Predpokladan\u00fd \u010das \u010d\u00edtania\" \/>\n\t<meta name=\"twitter:data1\" content=\"2 min\u00faty\" \/>\n<script type=\"application\/ld+json\" class=\"yoast-schema-graph\">{\"@context\":\"https:\/\/schema.org\",\"@graph\":[{\"@type\":\"WebPage\",\"@id\":\"https:\/\/herbaday.sk\/index.php\/product\/formula-2-komplex-vitaminov-a-mineralov-pre-muzov-60-tabliet\/\",\"url\":\"https:\/\/herbaday.sk\/index.php\/product\/formula-2-komplex-vitaminov-a-mineralov-pre-muzov-60-tabliet\/\",\"name\":\"Formula 2 Komplex vitam\u00ednov a miner\u00e1lov pre mu\u017eov 60 tabliet - Herbaday\",\"isPartOf\":{\"@id\":\"https:\/\/herbaday.sk\/#website\"},\"primaryImageOfPage\":{\"@id\":\"https:\/\/herbaday.sk\/index.php\/product\/formula-2-komplex-vitaminov-a-mineralov-pre-muzov-60-tabliet\/#primaryimage\"},\"image\":{\"@id\":\"https:\/\/herbaday.sk\/index.php\/product\/formula-2-komplex-vitaminov-a-mineralov-pre-muzov-60-tabliet\/#primaryimage\"},\"thumbnailUrl\":\"https:\/\/i0.wp.com\/herbaday.sk\/wp-content\/uploads\/2020\/11\/1800_PL_Formula2-MEN_Square_A_400px.png?fit=800%2C800&ssl=1\",\"datePublished\":\"2020-11-13T13:12:39+00:00\",\"dateModified\":\"2025-01-06T19:52:47+00:00\",\"breadcrumb\":{\"@id\":\"https:\/\/herbaday.sk\/index.php\/product\/formula-2-komplex-vitaminov-a-mineralov-pre-muzov-60-tabliet\/#breadcrumb\"},\"inLanguage\":\"sk-SK\",\"potentialAction\":[{\"@type\":\"ReadAction\",\"target\":[\"https:\/\/herbaday.sk\/index.php\/product\/formula-2-komplex-vitaminov-a-mineralov-pre-muzov-60-tabliet\/\"]}]},{\"@type\":\"ImageObject\",\"inLanguage\":\"sk-SK\",\"@id\":\"https:\/\/herbaday.sk\/index.php\/product\/formula-2-komplex-vitaminov-a-mineralov-pre-muzov-60-tabliet\/#primaryimage\",\"url\":\"https:\/\/i0.wp.com\/herbaday.sk\/wp-content\/uploads\/2020\/11\/1800_PL_Formula2-MEN_Square_A_400px.png?fit=800%2C800&ssl=1\",\"contentUrl\":\"https:\/\/i0.wp.com\/herbaday.sk\/wp-content\/uploads\/2020\/11\/1800_PL_Formula2-MEN_Square_A_400px.png?fit=800%2C800&ssl=1\",\"width\":800,\"height\":800},{\"@type\":\"BreadcrumbList\",\"@id\":\"https:\/\/herbaday.sk\/index.php\/product\/formula-2-komplex-vitaminov-a-mineralov-pre-muzov-60-tabliet\/#breadcrumb\",\"itemListElement\":[{\"@type\":\"ListItem\",\"position\":1,\"name\":\"Domovsk\u00e1 str\u00e1nka\",\"item\":\"https:\/\/herbaday.sk\/\"},{\"@type\":\"ListItem\",\"position\":2,\"name\":\"Shop\",\"item\":\"https:\/\/herbaday.sk\/index.php\/shop\/\"},{\"@type\":\"ListItem\",\"position\":3,\"name\":\"Formula 2 Komplex vitam\u00ednov a miner\u00e1lov pre mu\u017eov 60 tabliet\"}]},{\"@type\":\"WebSite\",\"@id\":\"https:\/\/herbaday.sk\/#website\",\"url\":\"https:\/\/herbaday.sk\/\",\"name\":\"Herbaday\",\"description\":\"Nez\u00e1visl\u00fd \u010dlen Herbalife Nutrition\",\"publisher\":{\"@id\":\"https:\/\/herbaday.sk\/#organization\"},\"potentialAction\":[{\"@type\":\"SearchAction\",\"target\":{\"@type\":\"EntryPoint\",\"urlTemplate\":\"https:\/\/herbaday.sk\/?s={search_term_string}\"},\"query-input\":{\"@type\":\"PropertyValueSpecification\",\"valueRequired\":true,\"valueName\":\"search_term_string\"}}],\"inLanguage\":\"sk-SK\"},{\"@type\":\"Organization\",\"@id\":\"https:\/\/herbaday.sk\/#organization\",\"name\":\"Herbaday\",\"url\":\"https:\/\/herbaday.sk\/\",\"logo\":{\"@type\":\"ImageObject\",\"inLanguage\":\"sk-SK\",\"@id\":\"https:\/\/herbaday.sk\/#\/schema\/logo\/image\/\",\"url\":\"http:\/\/herbaday.sk\/wp-content\/uploads\/2020\/11\/herbaday_logo.png\",\"contentUrl\":\"http:\/\/herbaday.sk\/wp-content\/uploads\/2020\/11\/herbaday_logo.png\",\"width\":2214,\"height\":545,\"caption\":\"Herbaday\"},\"image\":{\"@id\":\"https:\/\/herbaday.sk\/#\/schema\/logo\/image\/\"}}]}<\/script>\n<!-- \/ Yoast SEO plugin. -->","yoast_head_json":{"title":"Formula 2 Komplex vitam\u00ednov a miner\u00e1lov pre mu\u017eov 60 tabliet - Herbaday","robots":{"index":"index","follow":"follow","max-snippet":"max-snippet:-1","max-image-preview":"max-image-preview:large","max-video-preview":"max-video-preview:-1"},"canonical":"https:\/\/herbaday.sk\/index.php\/product\/formula-2-komplex-vitaminov-a-mineralov-pre-muzov-60-tabliet\/","og_locale":"sk_SK","og_type":"article","og_title":"Formula 2 Komplex vitam\u00ednov a miner\u00e1lov pre mu\u017eov 60 tabliet - Herbaday","og_description":"N\u00e1h\u013ead na Produkt Preh\u013eadObjavte komplex vitam\u00ednov a miner\u00e1lov pre mu\u017eov Formula 2, \u010do je \u013eahk\u00fd sp\u00f4sob ako si zabezpe\u010di\u0165 pr\u00edjem 24 \u017eiv\u00edn, ktor\u00e9 podporuj\u00fa potreby v\u00e1\u0161ho tela. Obsahuje esenci\u00e1lne vitam\u00edny a miner\u00e1ly v t\u00fdch spr\u00e1vnych mno\u017estv\u00e1ch na naplnenie dennej zdravotnej potreby mu\u017eov. K\u013e\u00fa\u010dov\u00e9 V\u00fdhody Hlavn\u00e9 pr\u00ednosy Je prisp\u00f4soben\u00fd individu\u00e1lnym zdravotn\u00fdm potreb\u00e1m mu\u017eov. Prin\u00e1\u0161a optim\u00e1lne mno\u017estvo [...]","og_url":"https:\/\/herbaday.sk\/index.php\/product\/formula-2-komplex-vitaminov-a-mineralov-pre-muzov-60-tabliet\/","og_site_name":"Herbaday","article_modified_time":"2025-01-06T19:52:47+00:00","og_image":[{"width":800,"height":800,"url":"https:\/\/i0.wp.com\/herbaday.sk\/wp-content\/uploads\/2020\/11\/1800_PL_Formula2-MEN_Square_A_400px.png?fit=800%2C800&ssl=1","type":"image\/png"}],"twitter_card":"summary_large_image","twitter_misc":{"Predpokladan\u00fd \u010das \u010d\u00edtania":"2 min\u00faty"},"schema":{"@context":"https:\/\/schema.org","@graph":[{"@type":"WebPage","@id":"https:\/\/herbaday.sk\/index.php\/product\/formula-2-komplex-vitaminov-a-mineralov-pre-muzov-60-tabliet\/","url":"https:\/\/herbaday.sk\/index.php\/product\/formula-2-komplex-vitaminov-a-mineralov-pre-muzov-60-tabliet\/","name":"Formula 2 Komplex vitam\u00ednov a miner\u00e1lov pre mu\u017eov 60 tabliet - Herbaday","isPartOf":{"@id":"https:\/\/herbaday.sk\/#website"},"primaryImageOfPage":{"@id":"https:\/\/herbaday.sk\/index.php\/product\/formula-2-komplex-vitaminov-a-mineralov-pre-muzov-60-tabliet\/#primaryimage"},"image":{"@id":"https:\/\/herbaday.sk\/index.php\/product\/formula-2-komplex-vitaminov-a-mineralov-pre-muzov-60-tabliet\/#primaryimage"},"thumbnailUrl":"https:\/\/i0.wp.com\/herbaday.sk\/wp-content\/uploads\/2020\/11\/1800_PL_Formula2-MEN_Square_A_400px.png?fit=800%2C800&ssl=1","datePublished":"2020-11-13T13:12:39+00:00","dateModified":"2025-01-06T19:52:47+00:00","breadcrumb":{"@id":"https:\/\/herbaday.sk\/index.php\/product\/formula-2-komplex-vitaminov-a-mineralov-pre-muzov-60-tabliet\/#breadcrumb"},"inLanguage":"sk-SK","potentialAction":[{"@type":"ReadAction","target":["https:\/\/herbaday.sk\/index.php\/product\/formula-2-komplex-vitaminov-a-mineralov-pre-muzov-60-tabliet\/"]}]},{"@type":"ImageObject","inLanguage":"sk-SK","@id":"https:\/\/herbaday.sk\/index.php\/product\/formula-2-komplex-vitaminov-a-mineralov-pre-muzov-60-tabliet\/#primaryimage","url":"https:\/\/i0.wp.com\/herbaday.sk\/wp-content\/uploads\/2020\/11\/1800_PL_Formula2-MEN_Square_A_400px.png?fit=800%2C800&ssl=1","contentUrl":"https:\/\/i0.wp.com\/herbaday.sk\/wp-content\/uploads\/2020\/11\/1800_PL_Formula2-MEN_Square_A_400px.png?fit=800%2C800&ssl=1","width":800,"height":800},{"@type":"BreadcrumbList","@id":"https:\/\/herbaday.sk\/index.php\/product\/formula-2-komplex-vitaminov-a-mineralov-pre-muzov-60-tabliet\/#breadcrumb","itemListElement":[{"@type":"ListItem","position":1,"name":"Domovsk\u00e1 str\u00e1nka","item":"https:\/\/herbaday.sk\/"},{"@type":"ListItem","position":2,"name":"Shop","item":"https:\/\/herbaday.sk\/index.php\/shop\/"},{"@type":"ListItem","position":3,"name":"Formula 2 Komplex vitam\u00ednov a miner\u00e1lov pre mu\u017eov 60 tabliet"}]},{"@type":"WebSite","@id":"https:\/\/herbaday.sk\/#website","url":"https:\/\/herbaday.sk\/","name":"Herbaday","description":"Nez\u00e1visl\u00fd \u010dlen Herbalife Nutrition","publisher":{"@id":"https:\/\/herbaday.sk\/#organization"},"potentialAction":[{"@type":"SearchAction","target":{"@type":"EntryPoint","urlTemplate":"https:\/\/herbaday.sk\/?s={search_term_string}"},"query-input":{"@type":"PropertyValueSpecification","valueRequired":true,"valueName":"search_term_string"}}],"inLanguage":"sk-SK"},{"@type":"Organization","@id":"https:\/\/herbaday.sk\/#organization","name":"Herbaday","url":"https:\/\/herbaday.sk\/","logo":{"@type":"ImageObject","inLanguage":"sk-SK","@id":"https:\/\/herbaday.sk\/#\/schema\/logo\/image\/","url":"http:\/\/herbaday.sk\/wp-content\/uploads\/2020\/11\/herbaday_logo.png","contentUrl":"http:\/\/herbaday.sk\/wp-content\/uploads\/2020\/11\/herbaday_logo.png","width":2214,"height":545,"caption":"Herbaday"},"image":{"@id":"https:\/\/herbaday.sk\/#\/schema\/logo\/image\/"}}]}},"jetpack_sharing_enabled":true,"_links":{"self":[{"href":"https:\/\/herbaday.sk\/index.php\/wp-json\/wp\/v2\/product\/137","targetHints":{"allow":["GET"]}}],"collection":[{"href":"https:\/\/herbaday.sk\/index.php\/wp-json\/wp\/v2\/product"}],"about":[{"href":"https:\/\/herbaday.sk\/index.php\/wp-json\/wp\/v2\/types\/product"}],"replies":[{"embeddable":true,"href":"https:\/\/herbaday.sk\/index.php\/wp-json\/wp\/v2\/comments?post=137"}],"wp:featuredmedia":[{"embeddable":true,"href":"https:\/\/herbaday.sk\/index.php\/wp-json\/wp\/v2\/media\/138"}],"wp:attachment":[{"href":"https:\/\/herbaday.sk\/index.php\/wp-json\/wp\/v2\/media?parent=137"}],"wp:term":[{"taxonomy":"product_brand","embeddable":true,"href":"https:\/\/herbaday.sk\/index.php\/wp-json\/wp\/v2\/product_brand?post=137"},{"taxonomy":"product_cat","embeddable":true,"href":"https:\/\/herbaday.sk\/index.php\/wp-json\/wp\/v2\/product_cat?post=137"},{"taxonomy":"product_tag","embeddable":true,"href":"https:\/\/herbaday.sk\/index.php\/wp-json\/wp\/v2\/product_tag?post=137"}],"curies":[{"name":"wp","href":"https:\/\/api.w.org\/{rel}","templated":true}]}}