{"id":155,"date":"2020-11-13T13:43:04","date_gmt":"2020-11-13T13:43:04","guid":{"rendered":"https:\/\/herbaday.eu\/?post_type=product&#038;p=155"},"modified":"2023-08-31T11:25:05","modified_gmt":"2023-08-31T11:25:05","slug":"vyhladzujuci-citrusovy-cistiaci-pripravok-kazdy-po-150-ml","status":"publish","type":"product","link":"https:\/\/herbaday.sk\/index.php\/product\/vyhladzujuci-citrusovy-cistiaci-pripravok-kazdy-po-150-ml\/","title":{"rendered":"Vyhladzuj\u00faci citrusov\u00fd \u010distiaci pr\u00edpravok Ka\u017ed\u00fd po 150 ml"},"content":{"rendered":"<p>Text\u00fara, pevnos\u0165 a dlhodob\u00e9 zdravie poko\u017eky z\u00e1vis\u00ed na tom, ako dobre sa o \u0148u star\u00e1te. Zv\u00fd\u0161te svoju starostlivos\u0165 o ple\u0165 s na\u0161\u00edm rozjas\u0148uj\u00facim citrusov\u00fdm \u010distiacim pr\u00edpravkom. M\u00e1 \u013eahk\u00fa g\u00e9lov\u00fa konzistenciu a le\u0161tiace jojobov\u00e9 perli\u010dky, ktor\u00e9 odstra\u0148uj\u00fa ne\u010distoty a make-up a zanech\u00e1vaj\u00fa poko\u017eku \u010dist\u00fa a revitalizovan\u00fa.<\/p>\n<p>&nbsp;<\/p>\n<p><b>K\u013e\u00fa\u010dov\u00e9 vlastnosti a v\u00fdhody:<\/b><\/p>\n<p>Bez pridan\u00fdch parab\u00e9nov<\/p>\n<p>Bez pridania sulf\u00e1nov<\/p>\n<p>Dermatologicky testovan\u00e9<\/p>\n<p>Energizuj\u00faca v\u00f4\u0148a \u0161\u0165avnat\u00e9ho pomaran\u010da a grapefruitu<\/p>\n<p>Perfektn\u00fd pre norm\u00e1lnu a\u017e mastn\u00fa ple\u0165<\/p>\n<p>\u0160etrn\u00fd k poko\u017eke<\/p>\n<p>Klinicky testovan\u00e9, kde sa preuk\u00e1zalo zn\u00ed\u017eenie ko\u017en\u00e9ho mazu u\u017e po jednom pou\u017eit\u00ed *<\/p>\n<p>&nbsp;<\/p>\n<p><b>N\u00e1vod na pou\u017eitie:<\/b><\/p>\n<p>Jemne vmas\u00edrujte na vlhk\u00fa poko\u017eku kr\u00fa\u017eiv\u00fdmi pohybmi. Opl\u00e1chnite teplou vodou a poko\u017eku osu\u0161te. N\u00e1sledne pou\u017eite bylinkov\u00fd toner, s\u00e9rom a hydrata\u010dn\u00fdm kr\u00e9m. Vhodn\u00fd na pou\u017eitie ka\u017ed\u00e9 r\u00e1no a ve\u010der.<\/p>\n<p>* Preuk\u00e1zan\u00e9 v\u00fdznamn\u00e9 zn\u00ed\u017eenie hladiny ko\u017en\u00e9ho mazu na o\u0161etrenej strane tv\u00e1re o 57,6% (priemer).<\/p>\n","protected":false},"excerpt":{"rendered":"<p>Text\u00fara, pevnos\u0165 a dlhodob\u00e9 zdravie poko\u017eky z\u00e1vis\u00ed na tom, ako dobre sa o \u0148u star\u00e1te. Zv\u00fd\u0161te svoju starostlivos\u0165 o ple\u0165 s na\u0161\u00edm rozjas\u0148uj\u00facim citrusov\u00fdm \u010distiacim pr\u00edpravkom. M\u00e1 \u013eahk\u00fa g\u00e9lov\u00fa konzistenciu a le\u0161tiace jojobov\u00e9 perli\u010dky, ktor\u00e9 odstra\u0148uj\u00fa ne\u010distoty a make-up a zanech\u00e1vaj\u00fa poko\u017eku \u010dist\u00fa a revitalizovan\u00fa. &nbsp; K\u013e\u00fa\u010dov\u00e9 vlastnosti a v\u00fdhody: Bez pridan\u00fdch parab\u00e9nov Bez pridania [&#8230;]\n","protected":false},"featured_media":156,"comment_status":"open","ping_status":"closed","template":"","meta":[],"product_brand":[],"product_cat":[32],"product_tag":[],"class_list":{"0":"post-155","1":"product","2":"type-product","3":"status-publish","4":"has-post-thumbnail","6":"product_cat-jednotlive-produkty-skin","8":"first","9":"instock","10":"taxable","11":"shipping-taxable","12":"purchasable","13":"product-type-simple"},"yoast_head":"<!-- This site is optimized with the Yoast SEO plugin v24.3 - https:\/\/yoast.com\/wordpress\/plugins\/seo\/ -->\n<title>Vyhladzuj\u00faci citrusov\u00fd \u010distiaci pr\u00edpravok Ka\u017ed\u00fd po 150 ml - Herbaday<\/title>\n<meta name=\"description\" content=\"Zv\u00fd\u0161te svoju starostlivos\u0165 o ple\u0165 s na\u0161\u00edm rozjas\u0148uj\u00facim citrusov\u00fdm \u010distiacim pr\u00edpravkom.M\u00e1 \u013eahk\u00fa g\u00e9lov\u00fa konzistenciu.\" \/>\n<meta name=\"robots\" content=\"index, follow, max-snippet:-1, max-image-preview:large, max-video-preview:-1\" \/>\n<link rel=\"canonical\" href=\"https:\/\/herbaday.sk\/index.php\/product\/vyhladzujuci-citrusovy-cistiaci-pripravok-kazdy-po-150-ml\/\" \/>\n<meta property=\"og:locale\" content=\"sk_SK\" \/>\n<meta property=\"og:type\" content=\"article\" \/>\n<meta property=\"og:title\" content=\"Vyhladzuj\u00faci citrusov\u00fd \u010distiaci pr\u00edpravok Ka\u017ed\u00fd po 150 ml - Herbaday\" \/>\n<meta property=\"og:description\" content=\"Zv\u00fd\u0161te svoju starostlivos\u0165 o ple\u0165 s na\u0161\u00edm rozjas\u0148uj\u00facim citrusov\u00fdm \u010distiacim pr\u00edpravkom.M\u00e1 \u013eahk\u00fa g\u00e9lov\u00fa konzistenciu.\" \/>\n<meta property=\"og:url\" content=\"https:\/\/herbaday.sk\/index.php\/product\/vyhladzujuci-citrusovy-cistiaci-pripravok-kazdy-po-150-ml\/\" \/>\n<meta property=\"og:site_name\" content=\"Herbaday\" \/>\n<meta property=\"article:modified_time\" content=\"2023-08-31T11:25:05+00:00\" \/>\n<meta property=\"og:image\" content=\"https:\/\/i0.wp.com\/herbaday.sk\/wp-content\/uploads\/2020\/11\/0766_CZSK_SKIN_Polishing_Citrus_Cleanser.png?fit=800%2C800&ssl=1\" \/>\n\t<meta property=\"og:image:width\" content=\"800\" \/>\n\t<meta property=\"og:image:height\" content=\"800\" \/>\n\t<meta property=\"og:image:type\" content=\"image\/png\" \/>\n<meta name=\"twitter:card\" content=\"summary_large_image\" \/>\n<meta name=\"twitter:label1\" content=\"Predpokladan\u00fd \u010das \u010d\u00edtania\" \/>\n\t<meta name=\"twitter:data1\" content=\"1 min\u00fata\" \/>\n<script type=\"application\/ld+json\" class=\"yoast-schema-graph\">{\"@context\":\"https:\/\/schema.org\",\"@graph\":[{\"@type\":\"WebPage\",\"@id\":\"https:\/\/herbaday.sk\/index.php\/product\/vyhladzujuci-citrusovy-cistiaci-pripravok-kazdy-po-150-ml\/\",\"url\":\"https:\/\/herbaday.sk\/index.php\/product\/vyhladzujuci-citrusovy-cistiaci-pripravok-kazdy-po-150-ml\/\",\"name\":\"Vyhladzuj\u00faci citrusov\u00fd \u010distiaci pr\u00edpravok Ka\u017ed\u00fd po 150 ml - Herbaday\",\"isPartOf\":{\"@id\":\"https:\/\/herbaday.sk\/#website\"},\"primaryImageOfPage\":{\"@id\":\"https:\/\/herbaday.sk\/index.php\/product\/vyhladzujuci-citrusovy-cistiaci-pripravok-kazdy-po-150-ml\/#primaryimage\"},\"image\":{\"@id\":\"https:\/\/herbaday.sk\/index.php\/product\/vyhladzujuci-citrusovy-cistiaci-pripravok-kazdy-po-150-ml\/#primaryimage\"},\"thumbnailUrl\":\"https:\/\/i0.wp.com\/herbaday.sk\/wp-content\/uploads\/2020\/11\/0766_CZSK_SKIN_Polishing_Citrus_Cleanser.png?fit=800%2C800&ssl=1\",\"datePublished\":\"2020-11-13T13:43:04+00:00\",\"dateModified\":\"2023-08-31T11:25:05+00:00\",\"description\":\"Zv\u00fd\u0161te svoju starostlivos\u0165 o ple\u0165 s na\u0161\u00edm rozjas\u0148uj\u00facim citrusov\u00fdm \u010distiacim pr\u00edpravkom.M\u00e1 \u013eahk\u00fa g\u00e9lov\u00fa konzistenciu.\",\"breadcrumb\":{\"@id\":\"https:\/\/herbaday.sk\/index.php\/product\/vyhladzujuci-citrusovy-cistiaci-pripravok-kazdy-po-150-ml\/#breadcrumb\"},\"inLanguage\":\"sk-SK\",\"potentialAction\":[{\"@type\":\"ReadAction\",\"target\":[\"https:\/\/herbaday.sk\/index.php\/product\/vyhladzujuci-citrusovy-cistiaci-pripravok-kazdy-po-150-ml\/\"]}]},{\"@type\":\"ImageObject\",\"inLanguage\":\"sk-SK\",\"@id\":\"https:\/\/herbaday.sk\/index.php\/product\/vyhladzujuci-citrusovy-cistiaci-pripravok-kazdy-po-150-ml\/#primaryimage\",\"url\":\"https:\/\/i0.wp.com\/herbaday.sk\/wp-content\/uploads\/2020\/11\/0766_CZSK_SKIN_Polishing_Citrus_Cleanser.png?fit=800%2C800&ssl=1\",\"contentUrl\":\"https:\/\/i0.wp.com\/herbaday.sk\/wp-content\/uploads\/2020\/11\/0766_CZSK_SKIN_Polishing_Citrus_Cleanser.png?fit=800%2C800&ssl=1\",\"width\":800,\"height\":800},{\"@type\":\"BreadcrumbList\",\"@id\":\"https:\/\/herbaday.sk\/index.php\/product\/vyhladzujuci-citrusovy-cistiaci-pripravok-kazdy-po-150-ml\/#breadcrumb\",\"itemListElement\":[{\"@type\":\"ListItem\",\"position\":1,\"name\":\"Domovsk\u00e1 str\u00e1nka\",\"item\":\"https:\/\/herbaday.sk\/\"},{\"@type\":\"ListItem\",\"position\":2,\"name\":\"Shop\",\"item\":\"https:\/\/herbaday.sk\/index.php\/shop\/\"},{\"@type\":\"ListItem\",\"position\":3,\"name\":\"Vyhladzuj\u00faci citrusov\u00fd \u010distiaci pr\u00edpravok Ka\u017ed\u00fd po 150 ml\"}]},{\"@type\":\"WebSite\",\"@id\":\"https:\/\/herbaday.sk\/#website\",\"url\":\"https:\/\/herbaday.sk\/\",\"name\":\"Herbaday\",\"description\":\"Nez\u00e1visl\u00fd \u010dlen Herbalife Nutrition\",\"publisher\":{\"@id\":\"https:\/\/herbaday.sk\/#organization\"},\"potentialAction\":[{\"@type\":\"SearchAction\",\"target\":{\"@type\":\"EntryPoint\",\"urlTemplate\":\"https:\/\/herbaday.sk\/?s={search_term_string}\"},\"query-input\":{\"@type\":\"PropertyValueSpecification\",\"valueRequired\":true,\"valueName\":\"search_term_string\"}}],\"inLanguage\":\"sk-SK\"},{\"@type\":\"Organization\",\"@id\":\"https:\/\/herbaday.sk\/#organization\",\"name\":\"Herbaday\",\"url\":\"https:\/\/herbaday.sk\/\",\"logo\":{\"@type\":\"ImageObject\",\"inLanguage\":\"sk-SK\",\"@id\":\"https:\/\/herbaday.sk\/#\/schema\/logo\/image\/\",\"url\":\"http:\/\/herbaday.sk\/wp-content\/uploads\/2020\/11\/herbaday_logo.png\",\"contentUrl\":\"http:\/\/herbaday.sk\/wp-content\/uploads\/2020\/11\/herbaday_logo.png\",\"width\":2214,\"height\":545,\"caption\":\"Herbaday\"},\"image\":{\"@id\":\"https:\/\/herbaday.sk\/#\/schema\/logo\/image\/\"}}]}<\/script>\n<!-- \/ Yoast SEO plugin. -->","yoast_head_json":{"title":"Vyhladzuj\u00faci citrusov\u00fd \u010distiaci pr\u00edpravok Ka\u017ed\u00fd po 150 ml - Herbaday","description":"Zv\u00fd\u0161te svoju starostlivos\u0165 o ple\u0165 s na\u0161\u00edm rozjas\u0148uj\u00facim citrusov\u00fdm \u010distiacim pr\u00edpravkom.M\u00e1 \u013eahk\u00fa g\u00e9lov\u00fa konzistenciu.","robots":{"index":"index","follow":"follow","max-snippet":"max-snippet:-1","max-image-preview":"max-image-preview:large","max-video-preview":"max-video-preview:-1"},"canonical":"https:\/\/herbaday.sk\/index.php\/product\/vyhladzujuci-citrusovy-cistiaci-pripravok-kazdy-po-150-ml\/","og_locale":"sk_SK","og_type":"article","og_title":"Vyhladzuj\u00faci citrusov\u00fd \u010distiaci pr\u00edpravok Ka\u017ed\u00fd po 150 ml - Herbaday","og_description":"Zv\u00fd\u0161te svoju starostlivos\u0165 o ple\u0165 s na\u0161\u00edm rozjas\u0148uj\u00facim citrusov\u00fdm \u010distiacim pr\u00edpravkom.M\u00e1 \u013eahk\u00fa g\u00e9lov\u00fa konzistenciu.","og_url":"https:\/\/herbaday.sk\/index.php\/product\/vyhladzujuci-citrusovy-cistiaci-pripravok-kazdy-po-150-ml\/","og_site_name":"Herbaday","article_modified_time":"2023-08-31T11:25:05+00:00","og_image":[{"width":800,"height":800,"url":"https:\/\/i0.wp.com\/herbaday.sk\/wp-content\/uploads\/2020\/11\/0766_CZSK_SKIN_Polishing_Citrus_Cleanser.png?fit=800%2C800&ssl=1","type":"image\/png"}],"twitter_card":"summary_large_image","twitter_misc":{"Predpokladan\u00fd \u010das \u010d\u00edtania":"1 min\u00fata"},"schema":{"@context":"https:\/\/schema.org","@graph":[{"@type":"WebPage","@id":"https:\/\/herbaday.sk\/index.php\/product\/vyhladzujuci-citrusovy-cistiaci-pripravok-kazdy-po-150-ml\/","url":"https:\/\/herbaday.sk\/index.php\/product\/vyhladzujuci-citrusovy-cistiaci-pripravok-kazdy-po-150-ml\/","name":"Vyhladzuj\u00faci citrusov\u00fd \u010distiaci pr\u00edpravok Ka\u017ed\u00fd po 150 ml - Herbaday","isPartOf":{"@id":"https:\/\/herbaday.sk\/#website"},"primaryImageOfPage":{"@id":"https:\/\/herbaday.sk\/index.php\/product\/vyhladzujuci-citrusovy-cistiaci-pripravok-kazdy-po-150-ml\/#primaryimage"},"image":{"@id":"https:\/\/herbaday.sk\/index.php\/product\/vyhladzujuci-citrusovy-cistiaci-pripravok-kazdy-po-150-ml\/#primaryimage"},"thumbnailUrl":"https:\/\/i0.wp.com\/herbaday.sk\/wp-content\/uploads\/2020\/11\/0766_CZSK_SKIN_Polishing_Citrus_Cleanser.png?fit=800%2C800&ssl=1","datePublished":"2020-11-13T13:43:04+00:00","dateModified":"2023-08-31T11:25:05+00:00","description":"Zv\u00fd\u0161te svoju starostlivos\u0165 o ple\u0165 s na\u0161\u00edm rozjas\u0148uj\u00facim citrusov\u00fdm \u010distiacim pr\u00edpravkom.M\u00e1 \u013eahk\u00fa g\u00e9lov\u00fa konzistenciu.","breadcrumb":{"@id":"https:\/\/herbaday.sk\/index.php\/product\/vyhladzujuci-citrusovy-cistiaci-pripravok-kazdy-po-150-ml\/#breadcrumb"},"inLanguage":"sk-SK","potentialAction":[{"@type":"ReadAction","target":["https:\/\/herbaday.sk\/index.php\/product\/vyhladzujuci-citrusovy-cistiaci-pripravok-kazdy-po-150-ml\/"]}]},{"@type":"ImageObject","inLanguage":"sk-SK","@id":"https:\/\/herbaday.sk\/index.php\/product\/vyhladzujuci-citrusovy-cistiaci-pripravok-kazdy-po-150-ml\/#primaryimage","url":"https:\/\/i0.wp.com\/herbaday.sk\/wp-content\/uploads\/2020\/11\/0766_CZSK_SKIN_Polishing_Citrus_Cleanser.png?fit=800%2C800&ssl=1","contentUrl":"https:\/\/i0.wp.com\/herbaday.sk\/wp-content\/uploads\/2020\/11\/0766_CZSK_SKIN_Polishing_Citrus_Cleanser.png?fit=800%2C800&ssl=1","width":800,"height":800},{"@type":"BreadcrumbList","@id":"https:\/\/herbaday.sk\/index.php\/product\/vyhladzujuci-citrusovy-cistiaci-pripravok-kazdy-po-150-ml\/#breadcrumb","itemListElement":[{"@type":"ListItem","position":1,"name":"Domovsk\u00e1 str\u00e1nka","item":"https:\/\/herbaday.sk\/"},{"@type":"ListItem","position":2,"name":"Shop","item":"https:\/\/herbaday.sk\/index.php\/shop\/"},{"@type":"ListItem","position":3,"name":"Vyhladzuj\u00faci citrusov\u00fd \u010distiaci pr\u00edpravok Ka\u017ed\u00fd po 150 ml"}]},{"@type":"WebSite","@id":"https:\/\/herbaday.sk\/#website","url":"https:\/\/herbaday.sk\/","name":"Herbaday","description":"Nez\u00e1visl\u00fd \u010dlen Herbalife Nutrition","publisher":{"@id":"https:\/\/herbaday.sk\/#organization"},"potentialAction":[{"@type":"SearchAction","target":{"@type":"EntryPoint","urlTemplate":"https:\/\/herbaday.sk\/?s={search_term_string}"},"query-input":{"@type":"PropertyValueSpecification","valueRequired":true,"valueName":"search_term_string"}}],"inLanguage":"sk-SK"},{"@type":"Organization","@id":"https:\/\/herbaday.sk\/#organization","name":"Herbaday","url":"https:\/\/herbaday.sk\/","logo":{"@type":"ImageObject","inLanguage":"sk-SK","@id":"https:\/\/herbaday.sk\/#\/schema\/logo\/image\/","url":"http:\/\/herbaday.sk\/wp-content\/uploads\/2020\/11\/herbaday_logo.png","contentUrl":"http:\/\/herbaday.sk\/wp-content\/uploads\/2020\/11\/herbaday_logo.png","width":2214,"height":545,"caption":"Herbaday"},"image":{"@id":"https:\/\/herbaday.sk\/#\/schema\/logo\/image\/"}}]}},"jetpack_sharing_enabled":true,"_links":{"self":[{"href":"https:\/\/herbaday.sk\/index.php\/wp-json\/wp\/v2\/product\/155","targetHints":{"allow":["GET"]}}],"collection":[{"href":"https:\/\/herbaday.sk\/index.php\/wp-json\/wp\/v2\/product"}],"about":[{"href":"https:\/\/herbaday.sk\/index.php\/wp-json\/wp\/v2\/types\/product"}],"replies":[{"embeddable":true,"href":"https:\/\/herbaday.sk\/index.php\/wp-json\/wp\/v2\/comments?post=155"}],"wp:featuredmedia":[{"embeddable":true,"href":"https:\/\/herbaday.sk\/index.php\/wp-json\/wp\/v2\/media\/156"}],"wp:attachment":[{"href":"https:\/\/herbaday.sk\/index.php\/wp-json\/wp\/v2\/media?parent=155"}],"wp:term":[{"taxonomy":"product_brand","embeddable":true,"href":"https:\/\/herbaday.sk\/index.php\/wp-json\/wp\/v2\/product_brand?post=155"},{"taxonomy":"product_cat","embeddable":true,"href":"https:\/\/herbaday.sk\/index.php\/wp-json\/wp\/v2\/product_cat?post=155"},{"taxonomy":"product_tag","embeddable":true,"href":"https:\/\/herbaday.sk\/index.php\/wp-json\/wp\/v2\/product_tag?post=155"}],"curies":[{"name":"wp","href":"https:\/\/api.w.org\/{rel}","templated":true}]}}