{"id":174,"date":"2020-11-13T13:54:28","date_gmt":"2020-11-13T13:54:28","guid":{"rendered":"https:\/\/herbaday.eu\/?post_type=product&#038;p=174"},"modified":"2024-02-07T06:59:59","modified_gmt":"2024-02-07T06:59:59","slug":"hydratacny-denny-krem-pre-plet-s-ochrannym-faktorom-spf-30-50-ml","status":"publish","type":"product","link":"https:\/\/herbaday.sk\/index.php\/product\/hydratacny-denny-krem-pre-plet-s-ochrannym-faktorom-spf-30-50-ml\/","title":{"rendered":"Hydrata\u010dn\u00fd denn\u00fd kr\u00e9m pre ple\u0165 s ochrann\u00fdm faktorom SPF 30 50 ml"},"content":{"rendered":"<h3 id=\"info-toggle\">N\u00e1h\u013ead na Produkt<\/h3>\n<div class=\"info-content\">\n<article>\n<p class=\"overview\" data-bind=\"html: Overview, visible: Overview\">Dlhodobo p\u00f4sobiaci hydrata\u010dn\u00fd prostriedok pre ple\u0165 ju zanech\u00e1va hladk\u00fa a jemn\u00fa. Poskytuje \u0161irok\u00e9 spektrum ochrany proti UVA\/UVB.<\/p>\n<h5 data-bind=\"visible: KeyBenefits\">K\u013e\u00fa\u010dov\u00e9 V\u00fdhody<\/h5>\n<div class=\"disc\" data-bind=\"visible: KeyBenefits, html: KeyBenefits\">Napom\u00e1ha zn\u00ed\u017ei\u0165 v\u00fdskyt vr\u00e1sok u\u017e za 7 dn\u00ed.*Dvojit\u00e1 hydrat\u00e1cia pleti behom \u00f4smich hod\u00edn.**Tento produkt dokazuje, \u017ee ple\u0165 je u\u017e za sedem dn\u00ed jasnej\u0161ia a na dotyk je jemnej\u0161ia a hlad\u0161ia.***Poskytuje \u0161irok\u00e9 spektrum ochrany proti UVA\/UVB.Dermatologicky testovan\u00e9.Jedine\u010dn\u00e1 recept\u00fara obsahuj\u00faca:Vitam\u00edn B3, antioxida\u010dn\u00e9 vitam\u00edny C a E a Aloe Vera, makadamov\u00fd olej, uhorkov\u00fd extrakt, peptid.<\/div>\n<h5 data-bind=\"visible: FastFacts\">R\u00fdchle Fakty<\/h5>\n<div class=\"disc\" data-bind=\"visible: FastFacts, html: FastFacts\">*Klinicky testovan\u00e9 na subjektoch pomocou Visio skeneru a sp\u00e4tn\u00e9ho foto in\u017einierstva na zistenie drsnosti pleti, v intervaloch nula, sedem a 42 dn\u00ed. **Testovan\u00e9 na subjektoch, pri ktor\u00fdch sa merali \u00farovne hydrat\u00e1cie pleti v osem hodinov\u00fdch intervaloch. V porovnan\u00ed s p\u00f4vodn\u00fdm stavom vykazovala ple\u0165 po \u00f4smich hodin\u00e1ch u 100% subjektov v\u00fdrazne vy\u0161\u0161iu hydrat\u00e1ciu ***Testovan\u00e9 na subjektoch, pri ktor\u00fdch vykon\u00e1val merania odborn\u00fd viz\u00e1\u017eista v intervaloch \u0161tyroch a siedmich dn\u00ed. V priemere, 46% rozdiel bol pozorovan\u00fd na pleti, naprie\u010d r\u00f4znymi meran\u00fdmi parametrami.<\/div>\n<\/article>\n<\/div>\n","protected":false},"excerpt":{"rendered":"<p>N\u00e1h\u013ead na Produkt Dlhodobo p\u00f4sobiaci hydrata\u010dn\u00fd prostriedok pre ple\u0165 ju zanech\u00e1va hladk\u00fa a jemn\u00fa. Poskytuje \u0161irok\u00e9 spektrum ochrany proti UVA\/UVB. K\u013e\u00fa\u010dov\u00e9 V\u00fdhody Napom\u00e1ha zn\u00ed\u017ei\u0165 v\u00fdskyt vr\u00e1sok u\u017e za 7 dn\u00ed.*Dvojit\u00e1 hydrat\u00e1cia pleti behom \u00f4smich hod\u00edn.**Tento produkt dokazuje, \u017ee ple\u0165 je u\u017e za sedem dn\u00ed jasnej\u0161ia a na dotyk je jemnej\u0161ia a hlad\u0161ia.***Poskytuje \u0161irok\u00e9 spektrum ochrany [&#8230;]\n","protected":false},"featured_media":175,"comment_status":"open","ping_status":"closed","template":"","meta":[],"product_brand":[],"product_cat":[32],"product_tag":[],"class_list":{"0":"post-174","1":"product","2":"type-product","3":"status-publish","4":"has-post-thumbnail","6":"product_cat-jednotlive-produkty-skin","8":"first","9":"instock","10":"taxable","11":"shipping-taxable","12":"purchasable","13":"product-type-simple"},"yoast_head":"<!-- This site is optimized with the Yoast SEO plugin v24.3 - https:\/\/yoast.com\/wordpress\/plugins\/seo\/ -->\n<title>Hydrata\u010dn\u00fd denn\u00fd kr\u00e9m pre ple\u0165 s ochrann\u00fdm faktorom SPF 30 50 ml - Herbaday<\/title>\n<meta name=\"description\" content=\"Dlhodobo p\u00f4sobiaci hydrata\u010dn\u00fd prostriedok pre ple\u0165 ju zanech\u00e1va hladk\u00fa a jemn\u00fa. Poskytuje \u0161irok\u00e9 spektrum ochrany proti UVA\/UVB.\" \/>\n<meta name=\"robots\" content=\"index, follow, max-snippet:-1, max-image-preview:large, max-video-preview:-1\" \/>\n<link rel=\"canonical\" href=\"https:\/\/herbaday.sk\/index.php\/product\/hydratacny-denny-krem-pre-plet-s-ochrannym-faktorom-spf-30-50-ml\/\" \/>\n<meta property=\"og:locale\" content=\"sk_SK\" \/>\n<meta property=\"og:type\" content=\"article\" \/>\n<meta property=\"og:title\" content=\"Hydrata\u010dn\u00fd denn\u00fd kr\u00e9m pre ple\u0165 s ochrann\u00fdm faktorom SPF 30 50 ml - Herbaday\" \/>\n<meta property=\"og:description\" content=\"Dlhodobo p\u00f4sobiaci hydrata\u010dn\u00fd prostriedok pre ple\u0165 ju zanech\u00e1va hladk\u00fa a jemn\u00fa. Poskytuje \u0161irok\u00e9 spektrum ochrany proti UVA\/UVB.\" \/>\n<meta property=\"og:url\" content=\"https:\/\/herbaday.sk\/index.php\/product\/hydratacny-denny-krem-pre-plet-s-ochrannym-faktorom-spf-30-50-ml\/\" \/>\n<meta property=\"og:site_name\" content=\"Herbaday\" \/>\n<meta property=\"article:modified_time\" content=\"2024-02-07T06:59:59+00:00\" \/>\n<meta property=\"og:image\" content=\"https:\/\/i0.wp.com\/herbaday.sk\/wp-content\/uploads\/2020\/11\/0828_SPFProtectiveMoisturiser_50ML.png?fit=800%2C800&ssl=1\" \/>\n\t<meta property=\"og:image:width\" content=\"800\" \/>\n\t<meta property=\"og:image:height\" content=\"800\" \/>\n\t<meta property=\"og:image:type\" content=\"image\/png\" \/>\n<meta name=\"twitter:card\" content=\"summary_large_image\" \/>\n<meta name=\"twitter:label1\" content=\"Predpokladan\u00fd \u010das \u010d\u00edtania\" \/>\n\t<meta name=\"twitter:data1\" content=\"1 min\u00fata\" \/>\n<script type=\"application\/ld+json\" class=\"yoast-schema-graph\">{\"@context\":\"https:\/\/schema.org\",\"@graph\":[{\"@type\":\"WebPage\",\"@id\":\"https:\/\/herbaday.sk\/index.php\/product\/hydratacny-denny-krem-pre-plet-s-ochrannym-faktorom-spf-30-50-ml\/\",\"url\":\"https:\/\/herbaday.sk\/index.php\/product\/hydratacny-denny-krem-pre-plet-s-ochrannym-faktorom-spf-30-50-ml\/\",\"name\":\"Hydrata\u010dn\u00fd denn\u00fd kr\u00e9m pre ple\u0165 s ochrann\u00fdm faktorom SPF 30 50 ml - Herbaday\",\"isPartOf\":{\"@id\":\"https:\/\/herbaday.sk\/#website\"},\"primaryImageOfPage\":{\"@id\":\"https:\/\/herbaday.sk\/index.php\/product\/hydratacny-denny-krem-pre-plet-s-ochrannym-faktorom-spf-30-50-ml\/#primaryimage\"},\"image\":{\"@id\":\"https:\/\/herbaday.sk\/index.php\/product\/hydratacny-denny-krem-pre-plet-s-ochrannym-faktorom-spf-30-50-ml\/#primaryimage\"},\"thumbnailUrl\":\"https:\/\/i0.wp.com\/herbaday.sk\/wp-content\/uploads\/2020\/11\/0828_SPFProtectiveMoisturiser_50ML.png?fit=800%2C800&ssl=1\",\"datePublished\":\"2020-11-13T13:54:28+00:00\",\"dateModified\":\"2024-02-07T06:59:59+00:00\",\"description\":\"Dlhodobo p\u00f4sobiaci hydrata\u010dn\u00fd prostriedok pre ple\u0165 ju zanech\u00e1va hladk\u00fa a jemn\u00fa. Poskytuje \u0161irok\u00e9 spektrum ochrany proti UVA\/UVB.\",\"breadcrumb\":{\"@id\":\"https:\/\/herbaday.sk\/index.php\/product\/hydratacny-denny-krem-pre-plet-s-ochrannym-faktorom-spf-30-50-ml\/#breadcrumb\"},\"inLanguage\":\"sk-SK\",\"potentialAction\":[{\"@type\":\"ReadAction\",\"target\":[\"https:\/\/herbaday.sk\/index.php\/product\/hydratacny-denny-krem-pre-plet-s-ochrannym-faktorom-spf-30-50-ml\/\"]}]},{\"@type\":\"ImageObject\",\"inLanguage\":\"sk-SK\",\"@id\":\"https:\/\/herbaday.sk\/index.php\/product\/hydratacny-denny-krem-pre-plet-s-ochrannym-faktorom-spf-30-50-ml\/#primaryimage\",\"url\":\"https:\/\/i0.wp.com\/herbaday.sk\/wp-content\/uploads\/2020\/11\/0828_SPFProtectiveMoisturiser_50ML.png?fit=800%2C800&ssl=1\",\"contentUrl\":\"https:\/\/i0.wp.com\/herbaday.sk\/wp-content\/uploads\/2020\/11\/0828_SPFProtectiveMoisturiser_50ML.png?fit=800%2C800&ssl=1\",\"width\":800,\"height\":800},{\"@type\":\"BreadcrumbList\",\"@id\":\"https:\/\/herbaday.sk\/index.php\/product\/hydratacny-denny-krem-pre-plet-s-ochrannym-faktorom-spf-30-50-ml\/#breadcrumb\",\"itemListElement\":[{\"@type\":\"ListItem\",\"position\":1,\"name\":\"Domovsk\u00e1 str\u00e1nka\",\"item\":\"https:\/\/herbaday.sk\/\"},{\"@type\":\"ListItem\",\"position\":2,\"name\":\"Shop\",\"item\":\"https:\/\/herbaday.sk\/index.php\/shop\/\"},{\"@type\":\"ListItem\",\"position\":3,\"name\":\"Hydrata\u010dn\u00fd denn\u00fd kr\u00e9m pre ple\u0165 s ochrann\u00fdm faktorom SPF 30 50 ml\"}]},{\"@type\":\"WebSite\",\"@id\":\"https:\/\/herbaday.sk\/#website\",\"url\":\"https:\/\/herbaday.sk\/\",\"name\":\"Herbaday\",\"description\":\"Nez\u00e1visl\u00fd \u010dlen Herbalife Nutrition\",\"publisher\":{\"@id\":\"https:\/\/herbaday.sk\/#organization\"},\"potentialAction\":[{\"@type\":\"SearchAction\",\"target\":{\"@type\":\"EntryPoint\",\"urlTemplate\":\"https:\/\/herbaday.sk\/?s={search_term_string}\"},\"query-input\":{\"@type\":\"PropertyValueSpecification\",\"valueRequired\":true,\"valueName\":\"search_term_string\"}}],\"inLanguage\":\"sk-SK\"},{\"@type\":\"Organization\",\"@id\":\"https:\/\/herbaday.sk\/#organization\",\"name\":\"Herbaday\",\"url\":\"https:\/\/herbaday.sk\/\",\"logo\":{\"@type\":\"ImageObject\",\"inLanguage\":\"sk-SK\",\"@id\":\"https:\/\/herbaday.sk\/#\/schema\/logo\/image\/\",\"url\":\"http:\/\/herbaday.sk\/wp-content\/uploads\/2020\/11\/herbaday_logo.png\",\"contentUrl\":\"http:\/\/herbaday.sk\/wp-content\/uploads\/2020\/11\/herbaday_logo.png\",\"width\":2214,\"height\":545,\"caption\":\"Herbaday\"},\"image\":{\"@id\":\"https:\/\/herbaday.sk\/#\/schema\/logo\/image\/\"}}]}<\/script>\n<!-- \/ Yoast SEO plugin. -->","yoast_head_json":{"title":"Hydrata\u010dn\u00fd denn\u00fd kr\u00e9m pre ple\u0165 s ochrann\u00fdm faktorom SPF 30 50 ml - Herbaday","description":"Dlhodobo p\u00f4sobiaci hydrata\u010dn\u00fd prostriedok pre ple\u0165 ju zanech\u00e1va hladk\u00fa a jemn\u00fa. Poskytuje \u0161irok\u00e9 spektrum ochrany proti UVA\/UVB.","robots":{"index":"index","follow":"follow","max-snippet":"max-snippet:-1","max-image-preview":"max-image-preview:large","max-video-preview":"max-video-preview:-1"},"canonical":"https:\/\/herbaday.sk\/index.php\/product\/hydratacny-denny-krem-pre-plet-s-ochrannym-faktorom-spf-30-50-ml\/","og_locale":"sk_SK","og_type":"article","og_title":"Hydrata\u010dn\u00fd denn\u00fd kr\u00e9m pre ple\u0165 s ochrann\u00fdm faktorom SPF 30 50 ml - Herbaday","og_description":"Dlhodobo p\u00f4sobiaci hydrata\u010dn\u00fd prostriedok pre ple\u0165 ju zanech\u00e1va hladk\u00fa a jemn\u00fa. Poskytuje \u0161irok\u00e9 spektrum ochrany proti UVA\/UVB.","og_url":"https:\/\/herbaday.sk\/index.php\/product\/hydratacny-denny-krem-pre-plet-s-ochrannym-faktorom-spf-30-50-ml\/","og_site_name":"Herbaday","article_modified_time":"2024-02-07T06:59:59+00:00","og_image":[{"width":800,"height":800,"url":"https:\/\/i0.wp.com\/herbaday.sk\/wp-content\/uploads\/2020\/11\/0828_SPFProtectiveMoisturiser_50ML.png?fit=800%2C800&ssl=1","type":"image\/png"}],"twitter_card":"summary_large_image","twitter_misc":{"Predpokladan\u00fd \u010das \u010d\u00edtania":"1 min\u00fata"},"schema":{"@context":"https:\/\/schema.org","@graph":[{"@type":"WebPage","@id":"https:\/\/herbaday.sk\/index.php\/product\/hydratacny-denny-krem-pre-plet-s-ochrannym-faktorom-spf-30-50-ml\/","url":"https:\/\/herbaday.sk\/index.php\/product\/hydratacny-denny-krem-pre-plet-s-ochrannym-faktorom-spf-30-50-ml\/","name":"Hydrata\u010dn\u00fd denn\u00fd kr\u00e9m pre ple\u0165 s ochrann\u00fdm faktorom SPF 30 50 ml - Herbaday","isPartOf":{"@id":"https:\/\/herbaday.sk\/#website"},"primaryImageOfPage":{"@id":"https:\/\/herbaday.sk\/index.php\/product\/hydratacny-denny-krem-pre-plet-s-ochrannym-faktorom-spf-30-50-ml\/#primaryimage"},"image":{"@id":"https:\/\/herbaday.sk\/index.php\/product\/hydratacny-denny-krem-pre-plet-s-ochrannym-faktorom-spf-30-50-ml\/#primaryimage"},"thumbnailUrl":"https:\/\/i0.wp.com\/herbaday.sk\/wp-content\/uploads\/2020\/11\/0828_SPFProtectiveMoisturiser_50ML.png?fit=800%2C800&ssl=1","datePublished":"2020-11-13T13:54:28+00:00","dateModified":"2024-02-07T06:59:59+00:00","description":"Dlhodobo p\u00f4sobiaci hydrata\u010dn\u00fd prostriedok pre ple\u0165 ju zanech\u00e1va hladk\u00fa a jemn\u00fa. Poskytuje \u0161irok\u00e9 spektrum ochrany proti UVA\/UVB.","breadcrumb":{"@id":"https:\/\/herbaday.sk\/index.php\/product\/hydratacny-denny-krem-pre-plet-s-ochrannym-faktorom-spf-30-50-ml\/#breadcrumb"},"inLanguage":"sk-SK","potentialAction":[{"@type":"ReadAction","target":["https:\/\/herbaday.sk\/index.php\/product\/hydratacny-denny-krem-pre-plet-s-ochrannym-faktorom-spf-30-50-ml\/"]}]},{"@type":"ImageObject","inLanguage":"sk-SK","@id":"https:\/\/herbaday.sk\/index.php\/product\/hydratacny-denny-krem-pre-plet-s-ochrannym-faktorom-spf-30-50-ml\/#primaryimage","url":"https:\/\/i0.wp.com\/herbaday.sk\/wp-content\/uploads\/2020\/11\/0828_SPFProtectiveMoisturiser_50ML.png?fit=800%2C800&ssl=1","contentUrl":"https:\/\/i0.wp.com\/herbaday.sk\/wp-content\/uploads\/2020\/11\/0828_SPFProtectiveMoisturiser_50ML.png?fit=800%2C800&ssl=1","width":800,"height":800},{"@type":"BreadcrumbList","@id":"https:\/\/herbaday.sk\/index.php\/product\/hydratacny-denny-krem-pre-plet-s-ochrannym-faktorom-spf-30-50-ml\/#breadcrumb","itemListElement":[{"@type":"ListItem","position":1,"name":"Domovsk\u00e1 str\u00e1nka","item":"https:\/\/herbaday.sk\/"},{"@type":"ListItem","position":2,"name":"Shop","item":"https:\/\/herbaday.sk\/index.php\/shop\/"},{"@type":"ListItem","position":3,"name":"Hydrata\u010dn\u00fd denn\u00fd kr\u00e9m pre ple\u0165 s ochrann\u00fdm faktorom SPF 30 50 ml"}]},{"@type":"WebSite","@id":"https:\/\/herbaday.sk\/#website","url":"https:\/\/herbaday.sk\/","name":"Herbaday","description":"Nez\u00e1visl\u00fd \u010dlen Herbalife Nutrition","publisher":{"@id":"https:\/\/herbaday.sk\/#organization"},"potentialAction":[{"@type":"SearchAction","target":{"@type":"EntryPoint","urlTemplate":"https:\/\/herbaday.sk\/?s={search_term_string}"},"query-input":{"@type":"PropertyValueSpecification","valueRequired":true,"valueName":"search_term_string"}}],"inLanguage":"sk-SK"},{"@type":"Organization","@id":"https:\/\/herbaday.sk\/#organization","name":"Herbaday","url":"https:\/\/herbaday.sk\/","logo":{"@type":"ImageObject","inLanguage":"sk-SK","@id":"https:\/\/herbaday.sk\/#\/schema\/logo\/image\/","url":"http:\/\/herbaday.sk\/wp-content\/uploads\/2020\/11\/herbaday_logo.png","contentUrl":"http:\/\/herbaday.sk\/wp-content\/uploads\/2020\/11\/herbaday_logo.png","width":2214,"height":545,"caption":"Herbaday"},"image":{"@id":"https:\/\/herbaday.sk\/#\/schema\/logo\/image\/"}}]}},"jetpack_sharing_enabled":true,"_links":{"self":[{"href":"https:\/\/herbaday.sk\/index.php\/wp-json\/wp\/v2\/product\/174","targetHints":{"allow":["GET"]}}],"collection":[{"href":"https:\/\/herbaday.sk\/index.php\/wp-json\/wp\/v2\/product"}],"about":[{"href":"https:\/\/herbaday.sk\/index.php\/wp-json\/wp\/v2\/types\/product"}],"replies":[{"embeddable":true,"href":"https:\/\/herbaday.sk\/index.php\/wp-json\/wp\/v2\/comments?post=174"}],"wp:featuredmedia":[{"embeddable":true,"href":"https:\/\/herbaday.sk\/index.php\/wp-json\/wp\/v2\/media\/175"}],"wp:attachment":[{"href":"https:\/\/herbaday.sk\/index.php\/wp-json\/wp\/v2\/media?parent=174"}],"wp:term":[{"taxonomy":"product_brand","embeddable":true,"href":"https:\/\/herbaday.sk\/index.php\/wp-json\/wp\/v2\/product_brand?post=174"},{"taxonomy":"product_cat","embeddable":true,"href":"https:\/\/herbaday.sk\/index.php\/wp-json\/wp\/v2\/product_cat?post=174"},{"taxonomy":"product_tag","embeddable":true,"href":"https:\/\/herbaday.sk\/index.php\/wp-json\/wp\/v2\/product_tag?post=174"}],"curies":[{"name":"wp","href":"https:\/\/api.w.org\/{rel}","templated":true}]}}