{"id":176,"date":"2020-11-13T13:55:41","date_gmt":"2020-11-13T13:55:41","guid":{"rendered":"https:\/\/herbaday.eu\/?post_type=product&#038;p=176"},"modified":"2023-08-31T11:25:05","modified_gmt":"2023-08-31T11:25:05","slug":"vysledkova-sada-skin","status":"publish","type":"product","link":"https:\/\/herbaday.sk\/index.php\/product\/vysledkova-sada-skin\/","title":{"rendered":"V\u00fdsledkov\u00e1 sada SKIN"},"content":{"rendered":"<h3 id=\"info-toggle\">N\u00e1h\u013ead na Produkt<\/h3>\n<div class=\"info-content\">\n<article>\n<p class=\"overview\" data-bind=\"html: Overview, visible: Overview\">\u010cistiaci pr\u00edpravok s Aloe \u2013 50 ml<br \/>\nDenn\u00fd hydrata\u010dn\u00fd kr\u00e9m\u2013 15 ml<br \/>\nV\u00fd\u017eivn\u00fd no\u010dn\u00fd kr\u00e9m\u2013 15 ml<br \/>\nHydrata\u010dn\u00fd o\u010dn\u00fd kr\u00e9m\u2013 2 x 2ml<br \/>\nSpev\u0148uj\u00faci o\u010dn\u00fd g\u00e9l\u2013 2 x 2ml<\/p>\n<\/article>\n<\/div>\n","protected":false},"excerpt":{"rendered":"<p>N\u00e1h\u013ead na Produkt \u010cistiaci pr\u00edpravok s Aloe \u2013 50 ml Denn\u00fd hydrata\u010dn\u00fd kr\u00e9m\u2013 15 ml V\u00fd\u017eivn\u00fd no\u010dn\u00fd kr\u00e9m\u2013 15 ml Hydrata\u010dn\u00fd o\u010dn\u00fd kr\u00e9m\u2013 2 x 2ml Spev\u0148uj\u00faci o\u010dn\u00fd g\u00e9l\u2013 2 x 2ml<\/p>\n","protected":false},"featured_media":177,"comment_status":"open","ping_status":"closed","template":"","meta":[],"product_brand":[],"product_cat":[33],"product_tag":[],"class_list":{"0":"post-176","1":"product","2":"type-product","3":"status-publish","4":"has-post-thumbnail","6":"product_cat-sady-skin","8":"first","9":"outofstock","10":"taxable","11":"shipping-taxable","12":"purchasable","13":"product-type-simple"},"yoast_head":"<!-- This site is optimized with the Yoast SEO plugin v24.3 - https:\/\/yoast.com\/wordpress\/plugins\/seo\/ -->\n<title>V\u00fdsledkov\u00e1 sada SKIN - Herbaday<\/title>\n<meta name=\"robots\" content=\"index, follow, max-snippet:-1, max-image-preview:large, max-video-preview:-1\" \/>\n<link rel=\"canonical\" href=\"https:\/\/herbaday.sk\/index.php\/product\/vysledkova-sada-skin\/\" \/>\n<meta property=\"og:locale\" content=\"sk_SK\" \/>\n<meta property=\"og:type\" content=\"article\" \/>\n<meta property=\"og:title\" content=\"V\u00fdsledkov\u00e1 sada SKIN - Herbaday\" \/>\n<meta property=\"og:description\" content=\"N\u00e1h\u013ead na Produkt \u010cistiaci pr\u00edpravok s Aloe \u2013 50 ml Denn\u00fd hydrata\u010dn\u00fd kr\u00e9m\u2013 15 ml V\u00fd\u017eivn\u00fd no\u010dn\u00fd kr\u00e9m\u2013 15 ml Hydrata\u010dn\u00fd o\u010dn\u00fd kr\u00e9m\u2013 2 x 2ml Spev\u0148uj\u00faci o\u010dn\u00fd g\u00e9l\u2013 2 x 2ml\" \/>\n<meta property=\"og:url\" content=\"https:\/\/herbaday.sk\/index.php\/product\/vysledkova-sada-skin\/\" \/>\n<meta property=\"og:site_name\" content=\"Herbaday\" \/>\n<meta property=\"article:modified_time\" content=\"2023-08-31T11:25:05+00:00\" \/>\n<meta property=\"og:image\" content=\"https:\/\/i0.wp.com\/herbaday.sk\/wp-content\/uploads\/2020\/11\/7_DayKit_HL_Groupshot_EMEA1_1300px.png?fit=800%2C800&ssl=1\" \/>\n\t<meta property=\"og:image:width\" content=\"800\" \/>\n\t<meta property=\"og:image:height\" content=\"800\" \/>\n\t<meta property=\"og:image:type\" content=\"image\/png\" \/>\n<meta name=\"twitter:card\" content=\"summary_large_image\" \/>\n<script type=\"application\/ld+json\" class=\"yoast-schema-graph\">{\"@context\":\"https:\/\/schema.org\",\"@graph\":[{\"@type\":\"WebPage\",\"@id\":\"https:\/\/herbaday.sk\/index.php\/product\/vysledkova-sada-skin\/\",\"url\":\"https:\/\/herbaday.sk\/index.php\/product\/vysledkova-sada-skin\/\",\"name\":\"V\u00fdsledkov\u00e1 sada SKIN - Herbaday\",\"isPartOf\":{\"@id\":\"https:\/\/herbaday.sk\/#website\"},\"primaryImageOfPage\":{\"@id\":\"https:\/\/herbaday.sk\/index.php\/product\/vysledkova-sada-skin\/#primaryimage\"},\"image\":{\"@id\":\"https:\/\/herbaday.sk\/index.php\/product\/vysledkova-sada-skin\/#primaryimage\"},\"thumbnailUrl\":\"https:\/\/i0.wp.com\/herbaday.sk\/wp-content\/uploads\/2020\/11\/7_DayKit_HL_Groupshot_EMEA1_1300px.png?fit=800%2C800&ssl=1\",\"datePublished\":\"2020-11-13T13:55:41+00:00\",\"dateModified\":\"2023-08-31T11:25:05+00:00\",\"breadcrumb\":{\"@id\":\"https:\/\/herbaday.sk\/index.php\/product\/vysledkova-sada-skin\/#breadcrumb\"},\"inLanguage\":\"sk-SK\",\"potentialAction\":[{\"@type\":\"ReadAction\",\"target\":[\"https:\/\/herbaday.sk\/index.php\/product\/vysledkova-sada-skin\/\"]}]},{\"@type\":\"ImageObject\",\"inLanguage\":\"sk-SK\",\"@id\":\"https:\/\/herbaday.sk\/index.php\/product\/vysledkova-sada-skin\/#primaryimage\",\"url\":\"https:\/\/i0.wp.com\/herbaday.sk\/wp-content\/uploads\/2020\/11\/7_DayKit_HL_Groupshot_EMEA1_1300px.png?fit=800%2C800&ssl=1\",\"contentUrl\":\"https:\/\/i0.wp.com\/herbaday.sk\/wp-content\/uploads\/2020\/11\/7_DayKit_HL_Groupshot_EMEA1_1300px.png?fit=800%2C800&ssl=1\",\"width\":800,\"height\":800},{\"@type\":\"BreadcrumbList\",\"@id\":\"https:\/\/herbaday.sk\/index.php\/product\/vysledkova-sada-skin\/#breadcrumb\",\"itemListElement\":[{\"@type\":\"ListItem\",\"position\":1,\"name\":\"Domovsk\u00e1 str\u00e1nka\",\"item\":\"https:\/\/herbaday.sk\/\"},{\"@type\":\"ListItem\",\"position\":2,\"name\":\"Shop\",\"item\":\"https:\/\/herbaday.sk\/index.php\/shop\/\"},{\"@type\":\"ListItem\",\"position\":3,\"name\":\"V\u00fdsledkov\u00e1 sada SKIN\"}]},{\"@type\":\"WebSite\",\"@id\":\"https:\/\/herbaday.sk\/#website\",\"url\":\"https:\/\/herbaday.sk\/\",\"name\":\"Herbaday\",\"description\":\"Nez\u00e1visl\u00fd \u010dlen Herbalife Nutrition\",\"publisher\":{\"@id\":\"https:\/\/herbaday.sk\/#organization\"},\"potentialAction\":[{\"@type\":\"SearchAction\",\"target\":{\"@type\":\"EntryPoint\",\"urlTemplate\":\"https:\/\/herbaday.sk\/?s={search_term_string}\"},\"query-input\":{\"@type\":\"PropertyValueSpecification\",\"valueRequired\":true,\"valueName\":\"search_term_string\"}}],\"inLanguage\":\"sk-SK\"},{\"@type\":\"Organization\",\"@id\":\"https:\/\/herbaday.sk\/#organization\",\"name\":\"Herbaday\",\"url\":\"https:\/\/herbaday.sk\/\",\"logo\":{\"@type\":\"ImageObject\",\"inLanguage\":\"sk-SK\",\"@id\":\"https:\/\/herbaday.sk\/#\/schema\/logo\/image\/\",\"url\":\"http:\/\/herbaday.sk\/wp-content\/uploads\/2020\/11\/herbaday_logo.png\",\"contentUrl\":\"http:\/\/herbaday.sk\/wp-content\/uploads\/2020\/11\/herbaday_logo.png\",\"width\":2214,\"height\":545,\"caption\":\"Herbaday\"},\"image\":{\"@id\":\"https:\/\/herbaday.sk\/#\/schema\/logo\/image\/\"}}]}<\/script>\n<!-- \/ Yoast SEO plugin. -->","yoast_head_json":{"title":"V\u00fdsledkov\u00e1 sada SKIN - Herbaday","robots":{"index":"index","follow":"follow","max-snippet":"max-snippet:-1","max-image-preview":"max-image-preview:large","max-video-preview":"max-video-preview:-1"},"canonical":"https:\/\/herbaday.sk\/index.php\/product\/vysledkova-sada-skin\/","og_locale":"sk_SK","og_type":"article","og_title":"V\u00fdsledkov\u00e1 sada SKIN - Herbaday","og_description":"N\u00e1h\u013ead na Produkt \u010cistiaci pr\u00edpravok s Aloe \u2013 50 ml Denn\u00fd hydrata\u010dn\u00fd kr\u00e9m\u2013 15 ml V\u00fd\u017eivn\u00fd no\u010dn\u00fd kr\u00e9m\u2013 15 ml Hydrata\u010dn\u00fd o\u010dn\u00fd kr\u00e9m\u2013 2 x 2ml Spev\u0148uj\u00faci o\u010dn\u00fd g\u00e9l\u2013 2 x 2ml","og_url":"https:\/\/herbaday.sk\/index.php\/product\/vysledkova-sada-skin\/","og_site_name":"Herbaday","article_modified_time":"2023-08-31T11:25:05+00:00","og_image":[{"width":800,"height":800,"url":"https:\/\/i0.wp.com\/herbaday.sk\/wp-content\/uploads\/2020\/11\/7_DayKit_HL_Groupshot_EMEA1_1300px.png?fit=800%2C800&ssl=1","type":"image\/png"}],"twitter_card":"summary_large_image","schema":{"@context":"https:\/\/schema.org","@graph":[{"@type":"WebPage","@id":"https:\/\/herbaday.sk\/index.php\/product\/vysledkova-sada-skin\/","url":"https:\/\/herbaday.sk\/index.php\/product\/vysledkova-sada-skin\/","name":"V\u00fdsledkov\u00e1 sada SKIN - Herbaday","isPartOf":{"@id":"https:\/\/herbaday.sk\/#website"},"primaryImageOfPage":{"@id":"https:\/\/herbaday.sk\/index.php\/product\/vysledkova-sada-skin\/#primaryimage"},"image":{"@id":"https:\/\/herbaday.sk\/index.php\/product\/vysledkova-sada-skin\/#primaryimage"},"thumbnailUrl":"https:\/\/i0.wp.com\/herbaday.sk\/wp-content\/uploads\/2020\/11\/7_DayKit_HL_Groupshot_EMEA1_1300px.png?fit=800%2C800&ssl=1","datePublished":"2020-11-13T13:55:41+00:00","dateModified":"2023-08-31T11:25:05+00:00","breadcrumb":{"@id":"https:\/\/herbaday.sk\/index.php\/product\/vysledkova-sada-skin\/#breadcrumb"},"inLanguage":"sk-SK","potentialAction":[{"@type":"ReadAction","target":["https:\/\/herbaday.sk\/index.php\/product\/vysledkova-sada-skin\/"]}]},{"@type":"ImageObject","inLanguage":"sk-SK","@id":"https:\/\/herbaday.sk\/index.php\/product\/vysledkova-sada-skin\/#primaryimage","url":"https:\/\/i0.wp.com\/herbaday.sk\/wp-content\/uploads\/2020\/11\/7_DayKit_HL_Groupshot_EMEA1_1300px.png?fit=800%2C800&ssl=1","contentUrl":"https:\/\/i0.wp.com\/herbaday.sk\/wp-content\/uploads\/2020\/11\/7_DayKit_HL_Groupshot_EMEA1_1300px.png?fit=800%2C800&ssl=1","width":800,"height":800},{"@type":"BreadcrumbList","@id":"https:\/\/herbaday.sk\/index.php\/product\/vysledkova-sada-skin\/#breadcrumb","itemListElement":[{"@type":"ListItem","position":1,"name":"Domovsk\u00e1 str\u00e1nka","item":"https:\/\/herbaday.sk\/"},{"@type":"ListItem","position":2,"name":"Shop","item":"https:\/\/herbaday.sk\/index.php\/shop\/"},{"@type":"ListItem","position":3,"name":"V\u00fdsledkov\u00e1 sada SKIN"}]},{"@type":"WebSite","@id":"https:\/\/herbaday.sk\/#website","url":"https:\/\/herbaday.sk\/","name":"Herbaday","description":"Nez\u00e1visl\u00fd \u010dlen Herbalife Nutrition","publisher":{"@id":"https:\/\/herbaday.sk\/#organization"},"potentialAction":[{"@type":"SearchAction","target":{"@type":"EntryPoint","urlTemplate":"https:\/\/herbaday.sk\/?s={search_term_string}"},"query-input":{"@type":"PropertyValueSpecification","valueRequired":true,"valueName":"search_term_string"}}],"inLanguage":"sk-SK"},{"@type":"Organization","@id":"https:\/\/herbaday.sk\/#organization","name":"Herbaday","url":"https:\/\/herbaday.sk\/","logo":{"@type":"ImageObject","inLanguage":"sk-SK","@id":"https:\/\/herbaday.sk\/#\/schema\/logo\/image\/","url":"http:\/\/herbaday.sk\/wp-content\/uploads\/2020\/11\/herbaday_logo.png","contentUrl":"http:\/\/herbaday.sk\/wp-content\/uploads\/2020\/11\/herbaday_logo.png","width":2214,"height":545,"caption":"Herbaday"},"image":{"@id":"https:\/\/herbaday.sk\/#\/schema\/logo\/image\/"}}]}},"jetpack_sharing_enabled":true,"_links":{"self":[{"href":"https:\/\/herbaday.sk\/index.php\/wp-json\/wp\/v2\/product\/176","targetHints":{"allow":["GET"]}}],"collection":[{"href":"https:\/\/herbaday.sk\/index.php\/wp-json\/wp\/v2\/product"}],"about":[{"href":"https:\/\/herbaday.sk\/index.php\/wp-json\/wp\/v2\/types\/product"}],"replies":[{"embeddable":true,"href":"https:\/\/herbaday.sk\/index.php\/wp-json\/wp\/v2\/comments?post=176"}],"wp:featuredmedia":[{"embeddable":true,"href":"https:\/\/herbaday.sk\/index.php\/wp-json\/wp\/v2\/media\/177"}],"wp:attachment":[{"href":"https:\/\/herbaday.sk\/index.php\/wp-json\/wp\/v2\/media?parent=176"}],"wp:term":[{"taxonomy":"product_brand","embeddable":true,"href":"https:\/\/herbaday.sk\/index.php\/wp-json\/wp\/v2\/product_brand?post=176"},{"taxonomy":"product_cat","embeddable":true,"href":"https:\/\/herbaday.sk\/index.php\/wp-json\/wp\/v2\/product_cat?post=176"},{"taxonomy":"product_tag","embeddable":true,"href":"https:\/\/herbaday.sk\/index.php\/wp-json\/wp\/v2\/product_tag?post=176"}],"curies":[{"name":"wp","href":"https:\/\/api.w.org\/{rel}","templated":true}]}}