{"id":204295,"date":"2021-07-18T16:30:08","date_gmt":"2021-07-18T16:30:08","guid":{"rendered":"https:\/\/herbaday.sk\/?post_type=product&#038;p=204295"},"modified":"2025-01-06T19:50:31","modified_gmt":"2025-01-06T19:50:31","slug":"microbiotic-max","status":"publish","type":"product","link":"https:\/\/herbaday.sk\/index.php\/product\/microbiotic-max\/","title":{"rendered":"Microbiotic Max"},"content":{"rendered":"<p>Herbalife Microbiotic Max obsahuje probiotik\u00e1 a prebiotick\u00fa vl\u00e1kninu, ktor\u00e9 \u00fa\u010dinne podporuj\u00fa tr\u00e1venie a imunitn\u00fd syst\u00e9m v\u00e1\u0161ho tela.<\/p>\n<p>Tento produkt m\u00e1 vysok\u00fd obsah vl\u00e1kniny a ka\u017ed\u00e1 porcia obsahuje 2 miliardy \u017eiv\u00fdch bakt\u00e9ri\u00ed z kme\u0148ov Bifidobacterium lactis a Lactobacillus helveticus.<\/p>\n<p>Microbiotic Max je doplnok stravy vo forme pr\u00e1\u0161ku, ktor\u00e9ho \u0161peci\u00e1lna recept\u00fara kombinuje probiotik\u00e1 a prebiotick\u00fa vl\u00e1kninu, ktor\u00e9 sa navz\u00e1jom harmonicky dop\u013a\u0148aj\u00fa a pom\u00e1haj\u00fa v\u00e1m dosiahnu\u0165 va\u0161e v\u00fd\u017eivov\u00e9 ciele.<\/p>\n<ul>\n<li class=\"bullet-checkmark\">Obsahuje 2 miliardy \u017eiv\u00fdch bakt\u00e9ri\u00ed z kme\u0148ov Bifidobacterium lactis a Lactobacillus helveticus na jednu porciu<\/li>\n<li class=\"bullet-checkmark\">Bez lepku<\/li>\n<li class=\"bullet-checkmark\">Vysok\u00fd obsah vl\u00e1kniny<\/li>\n<li class=\"bullet-checkmark\">Bez pridan\u00fdch sladidiel, farb\u00edv a konzerva\u010dn\u00fdch l\u00e1tok<\/li>\n<li class=\"bullet-checkmark\">Nie je potrebn\u00e9 uchov\u00e1va\u0165 v chlade<\/li>\n<li class=\"bullet-checkmark\">Jemn\u00e1 vanilkov\u00e1 pr\u00edchu\u0165<\/li>\n<\/ul>\n","protected":false},"excerpt":{"rendered":"<p>Herbalife Microbiotic Max obsahuje probiotik\u00e1 a prebiotick\u00fa vl\u00e1kninu, ktor\u00e9 \u00fa\u010dinne podporuj\u00fa tr\u00e1venie a imunitn\u00fd syst\u00e9m v\u00e1\u0161ho tela. Tento produkt m\u00e1 vysok\u00fd obsah vl\u00e1kniny a ka\u017ed\u00e1 porcia obsahuje 2 miliardy \u017eiv\u00fdch bakt\u00e9ri\u00ed z kme\u0148ov Bifidobacterium lactis a Lactobacillus helveticus. Microbiotic Max je doplnok stravy vo forme pr\u00e1\u0161ku, ktor\u00e9ho \u0161peci\u00e1lna recept\u00fara kombinuje probiotik\u00e1 a prebiotick\u00fa vl\u00e1kninu, ktor\u00e9 [&#8230;]\n","protected":false},"featured_media":204296,"comment_status":"open","ping_status":"closed","template":"","meta":[],"product_brand":[],"product_cat":[24],"product_tag":[],"class_list":{"0":"post-204295","1":"product","2":"type-product","3":"status-publish","4":"has-post-thumbnail","6":"product_cat-kazdodenna-podpora","8":"first","9":"instock","10":"taxable","11":"shipping-taxable","12":"purchasable","13":"product-type-simple"},"yoast_head":"<!-- This site is optimized with the Yoast SEO plugin v24.3 - https:\/\/yoast.com\/wordpress\/plugins\/seo\/ -->\n<title>Microbiotic Max - Herbaday<\/title>\n<meta name=\"robots\" content=\"index, follow, max-snippet:-1, max-image-preview:large, max-video-preview:-1\" \/>\n<link rel=\"canonical\" href=\"https:\/\/herbaday.sk\/index.php\/product\/microbiotic-max\/\" \/>\n<meta property=\"og:locale\" content=\"sk_SK\" \/>\n<meta property=\"og:type\" content=\"article\" \/>\n<meta property=\"og:title\" content=\"Microbiotic Max - Herbaday\" \/>\n<meta property=\"og:description\" content=\"Herbalife Microbiotic Max obsahuje probiotik\u00e1 a prebiotick\u00fa vl\u00e1kninu, ktor\u00e9 \u00fa\u010dinne podporuj\u00fa tr\u00e1venie a imunitn\u00fd syst\u00e9m v\u00e1\u0161ho tela. Tento produkt m\u00e1 vysok\u00fd obsah vl\u00e1kniny a ka\u017ed\u00e1 porcia obsahuje 2 miliardy \u017eiv\u00fdch bakt\u00e9ri\u00ed z kme\u0148ov Bifidobacterium lactis a Lactobacillus helveticus. Microbiotic Max je doplnok stravy vo forme pr\u00e1\u0161ku, ktor\u00e9ho \u0161peci\u00e1lna recept\u00fara kombinuje probiotik\u00e1 a prebiotick\u00fa vl\u00e1kninu, ktor\u00e9 [...]\" \/>\n<meta property=\"og:url\" content=\"https:\/\/herbaday.sk\/index.php\/product\/microbiotic-max\/\" \/>\n<meta property=\"og:site_name\" content=\"Herbaday\" \/>\n<meta property=\"article:modified_time\" content=\"2025-01-06T19:50:31+00:00\" \/>\n<meta property=\"og:image\" content=\"https:\/\/i0.wp.com\/herbaday.sk\/wp-content\/uploads\/2021\/07\/cq5dam.web_.800.800.jpeg?fit=800%2C800&ssl=1\" \/>\n\t<meta property=\"og:image:width\" content=\"800\" \/>\n\t<meta property=\"og:image:height\" content=\"800\" \/>\n\t<meta property=\"og:image:type\" content=\"image\/jpeg\" \/>\n<meta name=\"twitter:card\" content=\"summary_large_image\" \/>\n<meta name=\"twitter:label1\" content=\"Predpokladan\u00fd \u010das \u010d\u00edtania\" \/>\n\t<meta name=\"twitter:data1\" content=\"1 min\u00fata\" \/>\n<script type=\"application\/ld+json\" class=\"yoast-schema-graph\">{\"@context\":\"https:\/\/schema.org\",\"@graph\":[{\"@type\":\"WebPage\",\"@id\":\"https:\/\/herbaday.sk\/index.php\/product\/microbiotic-max\/\",\"url\":\"https:\/\/herbaday.sk\/index.php\/product\/microbiotic-max\/\",\"name\":\"Microbiotic Max - Herbaday\",\"isPartOf\":{\"@id\":\"https:\/\/herbaday.sk\/#website\"},\"primaryImageOfPage\":{\"@id\":\"https:\/\/herbaday.sk\/index.php\/product\/microbiotic-max\/#primaryimage\"},\"image\":{\"@id\":\"https:\/\/herbaday.sk\/index.php\/product\/microbiotic-max\/#primaryimage\"},\"thumbnailUrl\":\"https:\/\/i0.wp.com\/herbaday.sk\/wp-content\/uploads\/2021\/07\/cq5dam.web_.800.800.jpeg?fit=800%2C800&ssl=1\",\"datePublished\":\"2021-07-18T16:30:08+00:00\",\"dateModified\":\"2025-01-06T19:50:31+00:00\",\"breadcrumb\":{\"@id\":\"https:\/\/herbaday.sk\/index.php\/product\/microbiotic-max\/#breadcrumb\"},\"inLanguage\":\"sk-SK\",\"potentialAction\":[{\"@type\":\"ReadAction\",\"target\":[\"https:\/\/herbaday.sk\/index.php\/product\/microbiotic-max\/\"]}]},{\"@type\":\"ImageObject\",\"inLanguage\":\"sk-SK\",\"@id\":\"https:\/\/herbaday.sk\/index.php\/product\/microbiotic-max\/#primaryimage\",\"url\":\"https:\/\/i0.wp.com\/herbaday.sk\/wp-content\/uploads\/2021\/07\/cq5dam.web_.800.800.jpeg?fit=800%2C800&ssl=1\",\"contentUrl\":\"https:\/\/i0.wp.com\/herbaday.sk\/wp-content\/uploads\/2021\/07\/cq5dam.web_.800.800.jpeg?fit=800%2C800&ssl=1\",\"width\":800,\"height\":800,\"caption\":\"Image converted using ifftoany\"},{\"@type\":\"BreadcrumbList\",\"@id\":\"https:\/\/herbaday.sk\/index.php\/product\/microbiotic-max\/#breadcrumb\",\"itemListElement\":[{\"@type\":\"ListItem\",\"position\":1,\"name\":\"Domovsk\u00e1 str\u00e1nka\",\"item\":\"https:\/\/herbaday.sk\/\"},{\"@type\":\"ListItem\",\"position\":2,\"name\":\"Shop\",\"item\":\"https:\/\/herbaday.sk\/index.php\/shop\/\"},{\"@type\":\"ListItem\",\"position\":3,\"name\":\"Microbiotic Max\"}]},{\"@type\":\"WebSite\",\"@id\":\"https:\/\/herbaday.sk\/#website\",\"url\":\"https:\/\/herbaday.sk\/\",\"name\":\"Herbaday\",\"description\":\"Nez\u00e1visl\u00fd \u010dlen Herbalife Nutrition\",\"publisher\":{\"@id\":\"https:\/\/herbaday.sk\/#organization\"},\"potentialAction\":[{\"@type\":\"SearchAction\",\"target\":{\"@type\":\"EntryPoint\",\"urlTemplate\":\"https:\/\/herbaday.sk\/?s={search_term_string}\"},\"query-input\":{\"@type\":\"PropertyValueSpecification\",\"valueRequired\":true,\"valueName\":\"search_term_string\"}}],\"inLanguage\":\"sk-SK\"},{\"@type\":\"Organization\",\"@id\":\"https:\/\/herbaday.sk\/#organization\",\"name\":\"Herbaday\",\"url\":\"https:\/\/herbaday.sk\/\",\"logo\":{\"@type\":\"ImageObject\",\"inLanguage\":\"sk-SK\",\"@id\":\"https:\/\/herbaday.sk\/#\/schema\/logo\/image\/\",\"url\":\"http:\/\/herbaday.sk\/wp-content\/uploads\/2020\/11\/herbaday_logo.png\",\"contentUrl\":\"http:\/\/herbaday.sk\/wp-content\/uploads\/2020\/11\/herbaday_logo.png\",\"width\":2214,\"height\":545,\"caption\":\"Herbaday\"},\"image\":{\"@id\":\"https:\/\/herbaday.sk\/#\/schema\/logo\/image\/\"}}]}<\/script>\n<!-- \/ Yoast SEO plugin. -->","yoast_head_json":{"title":"Microbiotic Max - Herbaday","robots":{"index":"index","follow":"follow","max-snippet":"max-snippet:-1","max-image-preview":"max-image-preview:large","max-video-preview":"max-video-preview:-1"},"canonical":"https:\/\/herbaday.sk\/index.php\/product\/microbiotic-max\/","og_locale":"sk_SK","og_type":"article","og_title":"Microbiotic Max - Herbaday","og_description":"Herbalife Microbiotic Max obsahuje probiotik\u00e1 a prebiotick\u00fa vl\u00e1kninu, ktor\u00e9 \u00fa\u010dinne podporuj\u00fa tr\u00e1venie a imunitn\u00fd syst\u00e9m v\u00e1\u0161ho tela. Tento produkt m\u00e1 vysok\u00fd obsah vl\u00e1kniny a ka\u017ed\u00e1 porcia obsahuje 2 miliardy \u017eiv\u00fdch bakt\u00e9ri\u00ed z kme\u0148ov Bifidobacterium lactis a Lactobacillus helveticus. Microbiotic Max je doplnok stravy vo forme pr\u00e1\u0161ku, ktor\u00e9ho \u0161peci\u00e1lna recept\u00fara kombinuje probiotik\u00e1 a prebiotick\u00fa vl\u00e1kninu, ktor\u00e9 [...]","og_url":"https:\/\/herbaday.sk\/index.php\/product\/microbiotic-max\/","og_site_name":"Herbaday","article_modified_time":"2025-01-06T19:50:31+00:00","og_image":[{"width":800,"height":800,"url":"https:\/\/i0.wp.com\/herbaday.sk\/wp-content\/uploads\/2021\/07\/cq5dam.web_.800.800.jpeg?fit=800%2C800&ssl=1","type":"image\/jpeg"}],"twitter_card":"summary_large_image","twitter_misc":{"Predpokladan\u00fd \u010das \u010d\u00edtania":"1 min\u00fata"},"schema":{"@context":"https:\/\/schema.org","@graph":[{"@type":"WebPage","@id":"https:\/\/herbaday.sk\/index.php\/product\/microbiotic-max\/","url":"https:\/\/herbaday.sk\/index.php\/product\/microbiotic-max\/","name":"Microbiotic Max - Herbaday","isPartOf":{"@id":"https:\/\/herbaday.sk\/#website"},"primaryImageOfPage":{"@id":"https:\/\/herbaday.sk\/index.php\/product\/microbiotic-max\/#primaryimage"},"image":{"@id":"https:\/\/herbaday.sk\/index.php\/product\/microbiotic-max\/#primaryimage"},"thumbnailUrl":"https:\/\/i0.wp.com\/herbaday.sk\/wp-content\/uploads\/2021\/07\/cq5dam.web_.800.800.jpeg?fit=800%2C800&ssl=1","datePublished":"2021-07-18T16:30:08+00:00","dateModified":"2025-01-06T19:50:31+00:00","breadcrumb":{"@id":"https:\/\/herbaday.sk\/index.php\/product\/microbiotic-max\/#breadcrumb"},"inLanguage":"sk-SK","potentialAction":[{"@type":"ReadAction","target":["https:\/\/herbaday.sk\/index.php\/product\/microbiotic-max\/"]}]},{"@type":"ImageObject","inLanguage":"sk-SK","@id":"https:\/\/herbaday.sk\/index.php\/product\/microbiotic-max\/#primaryimage","url":"https:\/\/i0.wp.com\/herbaday.sk\/wp-content\/uploads\/2021\/07\/cq5dam.web_.800.800.jpeg?fit=800%2C800&ssl=1","contentUrl":"https:\/\/i0.wp.com\/herbaday.sk\/wp-content\/uploads\/2021\/07\/cq5dam.web_.800.800.jpeg?fit=800%2C800&ssl=1","width":800,"height":800,"caption":"Image converted using ifftoany"},{"@type":"BreadcrumbList","@id":"https:\/\/herbaday.sk\/index.php\/product\/microbiotic-max\/#breadcrumb","itemListElement":[{"@type":"ListItem","position":1,"name":"Domovsk\u00e1 str\u00e1nka","item":"https:\/\/herbaday.sk\/"},{"@type":"ListItem","position":2,"name":"Shop","item":"https:\/\/herbaday.sk\/index.php\/shop\/"},{"@type":"ListItem","position":3,"name":"Microbiotic Max"}]},{"@type":"WebSite","@id":"https:\/\/herbaday.sk\/#website","url":"https:\/\/herbaday.sk\/","name":"Herbaday","description":"Nez\u00e1visl\u00fd \u010dlen Herbalife Nutrition","publisher":{"@id":"https:\/\/herbaday.sk\/#organization"},"potentialAction":[{"@type":"SearchAction","target":{"@type":"EntryPoint","urlTemplate":"https:\/\/herbaday.sk\/?s={search_term_string}"},"query-input":{"@type":"PropertyValueSpecification","valueRequired":true,"valueName":"search_term_string"}}],"inLanguage":"sk-SK"},{"@type":"Organization","@id":"https:\/\/herbaday.sk\/#organization","name":"Herbaday","url":"https:\/\/herbaday.sk\/","logo":{"@type":"ImageObject","inLanguage":"sk-SK","@id":"https:\/\/herbaday.sk\/#\/schema\/logo\/image\/","url":"http:\/\/herbaday.sk\/wp-content\/uploads\/2020\/11\/herbaday_logo.png","contentUrl":"http:\/\/herbaday.sk\/wp-content\/uploads\/2020\/11\/herbaday_logo.png","width":2214,"height":545,"caption":"Herbaday"},"image":{"@id":"https:\/\/herbaday.sk\/#\/schema\/logo\/image\/"}}]}},"jetpack_sharing_enabled":true,"_links":{"self":[{"href":"https:\/\/herbaday.sk\/index.php\/wp-json\/wp\/v2\/product\/204295","targetHints":{"allow":["GET"]}}],"collection":[{"href":"https:\/\/herbaday.sk\/index.php\/wp-json\/wp\/v2\/product"}],"about":[{"href":"https:\/\/herbaday.sk\/index.php\/wp-json\/wp\/v2\/types\/product"}],"replies":[{"embeddable":true,"href":"https:\/\/herbaday.sk\/index.php\/wp-json\/wp\/v2\/comments?post=204295"}],"wp:featuredmedia":[{"embeddable":true,"href":"https:\/\/herbaday.sk\/index.php\/wp-json\/wp\/v2\/media\/204296"}],"wp:attachment":[{"href":"https:\/\/herbaday.sk\/index.php\/wp-json\/wp\/v2\/media?parent=204295"}],"wp:term":[{"taxonomy":"product_brand","embeddable":true,"href":"https:\/\/herbaday.sk\/index.php\/wp-json\/wp\/v2\/product_brand?post=204295"},{"taxonomy":"product_cat","embeddable":true,"href":"https:\/\/herbaday.sk\/index.php\/wp-json\/wp\/v2\/product_cat?post=204295"},{"taxonomy":"product_tag","embeddable":true,"href":"https:\/\/herbaday.sk\/index.php\/wp-json\/wp\/v2\/product_tag?post=204295"}],"curies":[{"name":"wp","href":"https:\/\/api.w.org\/{rel}","templated":true}]}}