{"id":205944,"date":"2022-01-04T14:54:05","date_gmt":"2022-01-04T14:54:05","guid":{"rendered":"https:\/\/herbaday.sk\/?post_type=product&#038;p=205944"},"modified":"2025-01-06T19:50:03","modified_gmt":"2025-01-06T19:50:03","slug":"protein-drink-mix-vegansky-vanilka-560g","status":"publish","type":"product","link":"https:\/\/herbaday.sk\/index.php\/product\/protein-drink-mix-vegansky-vanilka-560g\/","title":{"rendered":"Protein drink mix Veg\u00e1nsky Vanilka 560g"},"content":{"rendered":"<p>Dosiahnutie va\u0161ich cie\u013eov v oblasti zdravia a \u017eivotn\u00e9ho \u0161t\u00fdlu m\u00f4\u017ee by\u0165 n\u00e1ro\u010dn\u00e9. \u010ci u\u017e ste vegan \/ ka alebo sk\u00fa\u0161ate viac rastlinn\u00fdch mo\u017enost\u00ed, dostatok bielkov\u00edn je pre vyv\u00e1\u017een\u00fa stravu d\u00f4le\u017eit\u00fd. Vysk\u00fa\u0161ajte Protein Drink Mix &#8211; Veg\u00e1nsky a zv\u00fd\u0161te svoj denn\u00fd pr\u00edjem bielkov\u00edn a z\u00e1kladn\u00fdch vitam\u00ednov a miner\u00e1lov.<\/p>\n<p>Prote\u00edn Drink Mix &#8211; Veg\u00e1nsky je 100% veg\u00e1nsky, s vysok\u00fdm obsahom bielkov\u00edn, bez lepku, bez cukru, bez mlie\u010dnych v\u00fdrobkov a ultra kr\u00e9mov\u00fd.<\/p>\n<p>Zmie\u0161ajte s va\u0161ou ob\u013e\u00fabenou pr\u00edchu\u0165ou Formula 1 a vytvorte dokonal\u00e9 veg\u00e1nskej zdrav\u00e9 jedlo s vysok\u00fdm obsahom bielkov\u00edn (24 g), vysok\u00fdm obsahom vl\u00e1kniny (6 g) a 26 vitam\u00edny a miner\u00e1ly. Sta\u010d\u00ed prida\u0165 dve odmerky (28 g) Protein Drink Mix &#8211; Veg\u00e1nsky a dve odmerky (28 g) va\u0161ej ob\u013e\u00faben\u00e9 Formula 1 pretrepa\u0165 s 300 ml vody, premie\u0161a\u0165 a vychutnajte si ho.<\/p>\n<p>Prote\u00edn Drink Mix &#8211; Veg\u00e1nsky si m\u00f4\u017eete tie\u017e vychutna\u0165 samotn\u00fd ako zdrav\u00fd koktail, pri\u010dom 2 odmerky (28 g) dod\u00e1vaj\u00fa 15 g bielkov\u00edn, 22 k\u013e\u00fa\u010dov\u00fdch vitam\u00ednov a miner\u00e1lov a menej ako 1 g cukru na porciu.<\/p>\n<p>Existuje to\u013eko sp\u00f4sobov, ako si vychutna\u0165 lahodn\u00fa chu\u0165 Prote\u00edn Drink Mix &#8211; Veg\u00e1nsky. Je to ide\u00e1lny partner koktailu Formula 1. Jeho \u013eahk\u00e1 vanilkov\u00e1 pr\u00edchu\u0165 z neho rob\u00ed ide\u00e1lny pr\u00edsadu pre zdrav\u00e9 pe\u010divo a recepty. *<\/p>\n<p>Prote\u00edn Drink Mix &#8211; Veg\u00e1nsky je teraz s\u00fa\u010das\u0165ou na\u0161ej rady Veg\u00e1nske Dokonal\u00e9 ra\u0148ajky. Vysk\u00fa\u0161ajte na\u0161e \u010fal\u0161ie produkty z veg\u00e1nskej rady a vydajte sa na cestu ku skvelej v\u00fd\u017eive.<\/p>\n<h3 data-bind=\"visible: KeyBenefits\">K\u013e\u00fa\u010dov\u00e9 V\u00fdhody<\/h3>\n<div class=\"disc\" data-bind=\"visible: KeyBenefits, html: KeyBenefits\">\n<ul>\n<li>100% veg\u00e1nsky<\/li>\n<li>Vysok\u00fd obsah bielkov\u00edn<\/li>\n<li>Nekone\u010dn\u00e9 kombin\u00e1cie chut\u00ed<\/li>\n<li>Bezlepkov\u00fd<\/li>\n<li>Bez cukru<\/li>\n<li>Bez mlieka<\/li>\n<li>22 k\u013e\u00fa\u010dov\u00fdch vitam\u00ednov a miner\u00e1lov na porciu<\/li>\n<li>\u013dahk\u00e1 vanilkov\u00e1 pr\u00edchu\u0165<\/li>\n<\/ul>\n<\/div>\n<h3 data-bind=\"visible: FastFacts\">R\u00fdchle Fakty<\/h3>\n<div class=\"disc\" data-bind=\"visible: FastFacts, html: FastFacts\">\n<p><b><i>* Iba ak je v\u00fdrobok pripraven\u00fd pod\u013ea pokynov na \u0161t\u00edtku produktu, poskytuje v\u0161etky nutri\u010dn\u00e9 v\u00fdhody pop\u00edsan\u00e9 na \u0161t\u00edtku. Pam\u00e4tajte, \u017ee ak je v\u00fdrobok Herbalife Nutrition pou\u017eit\u00fd v recepte za pou\u017eitia tepla, niektor\u00e9 hladiny vitam\u00ednov v hotovom produkte m\u00f4\u017eu v porovnan\u00ed s hodnotami na \u0161t\u00edtku klesn\u00fa\u0165.<\/i><\/b><\/p>\n<\/div>\n<h3 data-bind=\"visible: Usage\">Pou\u017e\u00edvanie<\/h3>\n<div class=\"disc\" data-bind=\"visible: Usage, html: Usage\">\n<p>Vytvorte zdrav\u00e9 nutri\u010dne vyv\u00e1\u017een\u00e9 veg\u00e1nske jedlo s vysok\u00fdm obsahom bielkov\u00edn. Pridajte dve odmerky (28 g) Protein Drink Mix &#8211; Veg\u00e1nsky a dve odmerky (28 g) svojho ob\u013e\u00faben\u00e9ho Formula 1 pretrepte s 300 ml vody, premie\u0161ajte a vychutnajte si ho. Ak chcete Protein Drink Mix &#8211; Veg\u00e1nsky konzumova\u0165 samostatne, zmie\u0161ajte 2 odmerky (28 g) pr\u00e1\u0161ku s 250 ml studenej vody alebo tri odmerky (42 g) pr\u00e1\u0161ku s 375 ml studenej vody, v z\u00e1vislosti na va\u0161ich po\u017eiadavk\u00e1ch na obsah bielkov\u00edn. U\u017eite si tento produkt v r\u00e1mci vyv\u00e1\u017eenej a pestrej stravy ako s\u00fa\u010das\u0165 zdrav\u00e9ho a akt\u00edvneho \u017eivotn\u00e9ho \u0161t\u00fdlu.<\/p>\n<\/div>\n","protected":false},"excerpt":{"rendered":"<p>Dosiahnutie va\u0161ich cie\u013eov v oblasti zdravia a \u017eivotn\u00e9ho \u0161t\u00fdlu m\u00f4\u017ee by\u0165 n\u00e1ro\u010dn\u00e9. \u010ci u\u017e ste vegan \/ ka alebo sk\u00fa\u0161ate viac rastlinn\u00fdch mo\u017enost\u00ed, dostatok bielkov\u00edn je pre vyv\u00e1\u017een\u00fa stravu d\u00f4le\u017eit\u00fd. Vysk\u00fa\u0161ajte Protein Drink Mix &#8211; Veg\u00e1nsky a zv\u00fd\u0161te svoj denn\u00fd pr\u00edjem bielkov\u00edn a z\u00e1kladn\u00fdch vitam\u00ednov a miner\u00e1lov. Prote\u00edn Drink Mix &#8211; Veg\u00e1nsky je 100% veg\u00e1nsky, [&#8230;]\n","protected":false},"featured_media":205945,"comment_status":"open","ping_status":"closed","template":"","meta":[],"product_brand":[],"product_cat":[27],"product_tag":[],"class_list":{"0":"post-205944","1":"product","2":"type-product","3":"status-publish","4":"has-post-thumbnail","6":"product_cat-proteinove-doplnky","8":"first","9":"instock","10":"taxable","11":"shipping-taxable","12":"purchasable","13":"product-type-simple"},"yoast_head":"<!-- This site is optimized with the Yoast SEO plugin v24.3 - https:\/\/yoast.com\/wordpress\/plugins\/seo\/ -->\n<title>Protein drink mix Veg\u00e1nsky Vanilka 560g - Herbaday<\/title>\n<meta name=\"description\" content=\"Vysk\u00fa\u0161ajte Protein Drink Mix - Veg\u00e1nsky a zv\u00fd\u0161te svoj denn\u00fd pr\u00edjem bielkov\u00edn a z\u00e1kladn\u00fdch vitam\u00ednov a miner\u00e1lov.\" \/>\n<meta name=\"robots\" content=\"index, follow, max-snippet:-1, max-image-preview:large, max-video-preview:-1\" \/>\n<link rel=\"canonical\" href=\"https:\/\/herbaday.sk\/index.php\/product\/protein-drink-mix-vegansky-vanilka-560g\/\" \/>\n<meta property=\"og:locale\" content=\"sk_SK\" \/>\n<meta property=\"og:type\" content=\"article\" \/>\n<meta property=\"og:title\" content=\"Protein drink mix Veg\u00e1nsky Vanilka 560g - Herbaday\" \/>\n<meta property=\"og:description\" content=\"Vysk\u00fa\u0161ajte Protein Drink Mix - Veg\u00e1nsky a zv\u00fd\u0161te svoj denn\u00fd pr\u00edjem bielkov\u00edn a z\u00e1kladn\u00fdch vitam\u00ednov a miner\u00e1lov.\" \/>\n<meta property=\"og:url\" content=\"https:\/\/herbaday.sk\/index.php\/product\/protein-drink-mix-vegansky-vanilka-560g\/\" \/>\n<meta property=\"og:site_name\" content=\"Herbaday\" \/>\n<meta property=\"article:modified_time\" content=\"2025-01-06T19:50:03+00:00\" \/>\n<meta property=\"og:image\" content=\"https:\/\/i0.wp.com\/herbaday.sk\/wp-content\/uploads\/2022\/01\/cq5dam.web_.800.800-2.png?fit=800%2C800&ssl=1\" \/>\n\t<meta property=\"og:image:width\" content=\"800\" \/>\n\t<meta property=\"og:image:height\" content=\"800\" \/>\n\t<meta property=\"og:image:type\" content=\"image\/png\" \/>\n<meta name=\"twitter:card\" content=\"summary_large_image\" \/>\n<meta name=\"twitter:label1\" content=\"Predpokladan\u00fd \u010das \u010d\u00edtania\" \/>\n\t<meta name=\"twitter:data1\" content=\"3 min\u00faty\" \/>\n<script type=\"application\/ld+json\" class=\"yoast-schema-graph\">{\"@context\":\"https:\/\/schema.org\",\"@graph\":[{\"@type\":\"WebPage\",\"@id\":\"https:\/\/herbaday.sk\/index.php\/product\/protein-drink-mix-vegansky-vanilka-560g\/\",\"url\":\"https:\/\/herbaday.sk\/index.php\/product\/protein-drink-mix-vegansky-vanilka-560g\/\",\"name\":\"Protein drink mix Veg\u00e1nsky Vanilka 560g - Herbaday\",\"isPartOf\":{\"@id\":\"https:\/\/herbaday.sk\/#website\"},\"primaryImageOfPage\":{\"@id\":\"https:\/\/herbaday.sk\/index.php\/product\/protein-drink-mix-vegansky-vanilka-560g\/#primaryimage\"},\"image\":{\"@id\":\"https:\/\/herbaday.sk\/index.php\/product\/protein-drink-mix-vegansky-vanilka-560g\/#primaryimage\"},\"thumbnailUrl\":\"https:\/\/i0.wp.com\/herbaday.sk\/wp-content\/uploads\/2022\/01\/cq5dam.web_.800.800-2.png?fit=800%2C800&ssl=1\",\"datePublished\":\"2022-01-04T14:54:05+00:00\",\"dateModified\":\"2025-01-06T19:50:03+00:00\",\"description\":\"Vysk\u00fa\u0161ajte Protein Drink Mix - Veg\u00e1nsky a zv\u00fd\u0161te svoj denn\u00fd pr\u00edjem bielkov\u00edn a z\u00e1kladn\u00fdch vitam\u00ednov a miner\u00e1lov.\",\"breadcrumb\":{\"@id\":\"https:\/\/herbaday.sk\/index.php\/product\/protein-drink-mix-vegansky-vanilka-560g\/#breadcrumb\"},\"inLanguage\":\"sk-SK\",\"potentialAction\":[{\"@type\":\"ReadAction\",\"target\":[\"https:\/\/herbaday.sk\/index.php\/product\/protein-drink-mix-vegansky-vanilka-560g\/\"]}]},{\"@type\":\"ImageObject\",\"inLanguage\":\"sk-SK\",\"@id\":\"https:\/\/herbaday.sk\/index.php\/product\/protein-drink-mix-vegansky-vanilka-560g\/#primaryimage\",\"url\":\"https:\/\/i0.wp.com\/herbaday.sk\/wp-content\/uploads\/2022\/01\/cq5dam.web_.800.800-2.png?fit=800%2C800&ssl=1\",\"contentUrl\":\"https:\/\/i0.wp.com\/herbaday.sk\/wp-content\/uploads\/2022\/01\/cq5dam.web_.800.800-2.png?fit=800%2C800&ssl=1\",\"width\":800,\"height\":800},{\"@type\":\"BreadcrumbList\",\"@id\":\"https:\/\/herbaday.sk\/index.php\/product\/protein-drink-mix-vegansky-vanilka-560g\/#breadcrumb\",\"itemListElement\":[{\"@type\":\"ListItem\",\"position\":1,\"name\":\"Domovsk\u00e1 str\u00e1nka\",\"item\":\"https:\/\/herbaday.sk\/\"},{\"@type\":\"ListItem\",\"position\":2,\"name\":\"Shop\",\"item\":\"https:\/\/herbaday.sk\/index.php\/shop\/\"},{\"@type\":\"ListItem\",\"position\":3,\"name\":\"Protein drink mix Veg\u00e1nsky Vanilka 560g\"}]},{\"@type\":\"WebSite\",\"@id\":\"https:\/\/herbaday.sk\/#website\",\"url\":\"https:\/\/herbaday.sk\/\",\"name\":\"Herbaday\",\"description\":\"Nez\u00e1visl\u00fd \u010dlen Herbalife Nutrition\",\"publisher\":{\"@id\":\"https:\/\/herbaday.sk\/#organization\"},\"potentialAction\":[{\"@type\":\"SearchAction\",\"target\":{\"@type\":\"EntryPoint\",\"urlTemplate\":\"https:\/\/herbaday.sk\/?s={search_term_string}\"},\"query-input\":{\"@type\":\"PropertyValueSpecification\",\"valueRequired\":true,\"valueName\":\"search_term_string\"}}],\"inLanguage\":\"sk-SK\"},{\"@type\":\"Organization\",\"@id\":\"https:\/\/herbaday.sk\/#organization\",\"name\":\"Herbaday\",\"url\":\"https:\/\/herbaday.sk\/\",\"logo\":{\"@type\":\"ImageObject\",\"inLanguage\":\"sk-SK\",\"@id\":\"https:\/\/herbaday.sk\/#\/schema\/logo\/image\/\",\"url\":\"http:\/\/herbaday.sk\/wp-content\/uploads\/2020\/11\/herbaday_logo.png\",\"contentUrl\":\"http:\/\/herbaday.sk\/wp-content\/uploads\/2020\/11\/herbaday_logo.png\",\"width\":2214,\"height\":545,\"caption\":\"Herbaday\"},\"image\":{\"@id\":\"https:\/\/herbaday.sk\/#\/schema\/logo\/image\/\"}}]}<\/script>\n<!-- \/ Yoast SEO plugin. -->","yoast_head_json":{"title":"Protein drink mix Veg\u00e1nsky Vanilka 560g - Herbaday","description":"Vysk\u00fa\u0161ajte Protein Drink Mix - Veg\u00e1nsky a zv\u00fd\u0161te svoj denn\u00fd pr\u00edjem bielkov\u00edn a z\u00e1kladn\u00fdch vitam\u00ednov a miner\u00e1lov.","robots":{"index":"index","follow":"follow","max-snippet":"max-snippet:-1","max-image-preview":"max-image-preview:large","max-video-preview":"max-video-preview:-1"},"canonical":"https:\/\/herbaday.sk\/index.php\/product\/protein-drink-mix-vegansky-vanilka-560g\/","og_locale":"sk_SK","og_type":"article","og_title":"Protein drink mix Veg\u00e1nsky Vanilka 560g - Herbaday","og_description":"Vysk\u00fa\u0161ajte Protein Drink Mix - Veg\u00e1nsky a zv\u00fd\u0161te svoj denn\u00fd pr\u00edjem bielkov\u00edn a z\u00e1kladn\u00fdch vitam\u00ednov a miner\u00e1lov.","og_url":"https:\/\/herbaday.sk\/index.php\/product\/protein-drink-mix-vegansky-vanilka-560g\/","og_site_name":"Herbaday","article_modified_time":"2025-01-06T19:50:03+00:00","og_image":[{"width":800,"height":800,"url":"https:\/\/i0.wp.com\/herbaday.sk\/wp-content\/uploads\/2022\/01\/cq5dam.web_.800.800-2.png?fit=800%2C800&ssl=1","type":"image\/png"}],"twitter_card":"summary_large_image","twitter_misc":{"Predpokladan\u00fd \u010das \u010d\u00edtania":"3 min\u00faty"},"schema":{"@context":"https:\/\/schema.org","@graph":[{"@type":"WebPage","@id":"https:\/\/herbaday.sk\/index.php\/product\/protein-drink-mix-vegansky-vanilka-560g\/","url":"https:\/\/herbaday.sk\/index.php\/product\/protein-drink-mix-vegansky-vanilka-560g\/","name":"Protein drink mix Veg\u00e1nsky Vanilka 560g - Herbaday","isPartOf":{"@id":"https:\/\/herbaday.sk\/#website"},"primaryImageOfPage":{"@id":"https:\/\/herbaday.sk\/index.php\/product\/protein-drink-mix-vegansky-vanilka-560g\/#primaryimage"},"image":{"@id":"https:\/\/herbaday.sk\/index.php\/product\/protein-drink-mix-vegansky-vanilka-560g\/#primaryimage"},"thumbnailUrl":"https:\/\/i0.wp.com\/herbaday.sk\/wp-content\/uploads\/2022\/01\/cq5dam.web_.800.800-2.png?fit=800%2C800&ssl=1","datePublished":"2022-01-04T14:54:05+00:00","dateModified":"2025-01-06T19:50:03+00:00","description":"Vysk\u00fa\u0161ajte Protein Drink Mix - Veg\u00e1nsky a zv\u00fd\u0161te svoj denn\u00fd pr\u00edjem bielkov\u00edn a z\u00e1kladn\u00fdch vitam\u00ednov a miner\u00e1lov.","breadcrumb":{"@id":"https:\/\/herbaday.sk\/index.php\/product\/protein-drink-mix-vegansky-vanilka-560g\/#breadcrumb"},"inLanguage":"sk-SK","potentialAction":[{"@type":"ReadAction","target":["https:\/\/herbaday.sk\/index.php\/product\/protein-drink-mix-vegansky-vanilka-560g\/"]}]},{"@type":"ImageObject","inLanguage":"sk-SK","@id":"https:\/\/herbaday.sk\/index.php\/product\/protein-drink-mix-vegansky-vanilka-560g\/#primaryimage","url":"https:\/\/i0.wp.com\/herbaday.sk\/wp-content\/uploads\/2022\/01\/cq5dam.web_.800.800-2.png?fit=800%2C800&ssl=1","contentUrl":"https:\/\/i0.wp.com\/herbaday.sk\/wp-content\/uploads\/2022\/01\/cq5dam.web_.800.800-2.png?fit=800%2C800&ssl=1","width":800,"height":800},{"@type":"BreadcrumbList","@id":"https:\/\/herbaday.sk\/index.php\/product\/protein-drink-mix-vegansky-vanilka-560g\/#breadcrumb","itemListElement":[{"@type":"ListItem","position":1,"name":"Domovsk\u00e1 str\u00e1nka","item":"https:\/\/herbaday.sk\/"},{"@type":"ListItem","position":2,"name":"Shop","item":"https:\/\/herbaday.sk\/index.php\/shop\/"},{"@type":"ListItem","position":3,"name":"Protein drink mix Veg\u00e1nsky Vanilka 560g"}]},{"@type":"WebSite","@id":"https:\/\/herbaday.sk\/#website","url":"https:\/\/herbaday.sk\/","name":"Herbaday","description":"Nez\u00e1visl\u00fd \u010dlen Herbalife Nutrition","publisher":{"@id":"https:\/\/herbaday.sk\/#organization"},"potentialAction":[{"@type":"SearchAction","target":{"@type":"EntryPoint","urlTemplate":"https:\/\/herbaday.sk\/?s={search_term_string}"},"query-input":{"@type":"PropertyValueSpecification","valueRequired":true,"valueName":"search_term_string"}}],"inLanguage":"sk-SK"},{"@type":"Organization","@id":"https:\/\/herbaday.sk\/#organization","name":"Herbaday","url":"https:\/\/herbaday.sk\/","logo":{"@type":"ImageObject","inLanguage":"sk-SK","@id":"https:\/\/herbaday.sk\/#\/schema\/logo\/image\/","url":"http:\/\/herbaday.sk\/wp-content\/uploads\/2020\/11\/herbaday_logo.png","contentUrl":"http:\/\/herbaday.sk\/wp-content\/uploads\/2020\/11\/herbaday_logo.png","width":2214,"height":545,"caption":"Herbaday"},"image":{"@id":"https:\/\/herbaday.sk\/#\/schema\/logo\/image\/"}}]}},"jetpack_sharing_enabled":true,"_links":{"self":[{"href":"https:\/\/herbaday.sk\/index.php\/wp-json\/wp\/v2\/product\/205944","targetHints":{"allow":["GET"]}}],"collection":[{"href":"https:\/\/herbaday.sk\/index.php\/wp-json\/wp\/v2\/product"}],"about":[{"href":"https:\/\/herbaday.sk\/index.php\/wp-json\/wp\/v2\/types\/product"}],"replies":[{"embeddable":true,"href":"https:\/\/herbaday.sk\/index.php\/wp-json\/wp\/v2\/comments?post=205944"}],"wp:featuredmedia":[{"embeddable":true,"href":"https:\/\/herbaday.sk\/index.php\/wp-json\/wp\/v2\/media\/205945"}],"wp:attachment":[{"href":"https:\/\/herbaday.sk\/index.php\/wp-json\/wp\/v2\/media?parent=205944"}],"wp:term":[{"taxonomy":"product_brand","embeddable":true,"href":"https:\/\/herbaday.sk\/index.php\/wp-json\/wp\/v2\/product_brand?post=205944"},{"taxonomy":"product_cat","embeddable":true,"href":"https:\/\/herbaday.sk\/index.php\/wp-json\/wp\/v2\/product_cat?post=205944"},{"taxonomy":"product_tag","embeddable":true,"href":"https:\/\/herbaday.sk\/index.php\/wp-json\/wp\/v2\/product_tag?post=205944"}],"curies":[{"name":"wp","href":"https:\/\/api.w.org\/{rel}","templated":true}]}}