{"id":207654,"date":"2022-11-16T22:28:20","date_gmt":"2022-11-16T22:28:20","guid":{"rendered":"https:\/\/herbaday.sk\/?post_type=product&#038;p=207654"},"modified":"2025-01-06T19:49:38","modified_gmt":"2025-01-06T19:49:38","slug":"phyto-complete","status":"publish","type":"product","link":"https:\/\/herbaday.sk\/index.php\/product\/phyto-complete\/","title":{"rendered":"Phyto Complete"},"content":{"rendered":"<p>Phyto Complete usilovne pracuje, k\u00fdm pokra\u010dujete vo svojom dni. Starostlivo formulovan\u00e9 s Fiit-NS\u2122, vedecky \u0161tudovanou zlo\u017ekou s mnoh\u00fdmi v\u00fdhodami.<\/p>\n<p>T\u00e1to kapsula bohat\u00e1 na fytonutrienty obsahuje pr\u00edrodn\u00fd kofe\u00edn a obsahuje vitam\u00edn C, vitam\u00edn B3, chr\u00f3m a rastlinn\u00e9 extrakty vr\u00e1tane guarany, zelen\u00e9ho \u010daju, grapefruitu, hrozna a \u010diernej mrkvy. Vitam\u00edn B3 a vitam\u00edn C prispievaj\u00fa k norm\u00e1lnemu energetick\u00e9mu metabolizmu a k zn\u00ed\u017eeniu miery \u00fanavy a vy\u010derpania, zatia\u013e \u010do chr\u00f3m podporuje norm\u00e1lny metabolizmus makro\u017eiv\u00edn.<\/p>\n<p>Podporte svoju ka\u017edodenn\u00fa rutinu svojou dennou d\u00e1vkou Phyto Complete \u2013 zakorenen\u00e9 v pr\u00edrode a podporovan\u00e9 vedou.<\/p>\n<p>K\u013e\u00fa\u010dov\u00e9 V\u00fdhody<\/p>\n<div class=\"disc\" data-bind=\"visible: KeyBenefits, html: KeyBenefits\">\n<p>Formulovan\u00e9 s vedecky \u0161tudovanou zlo\u017ekou Fiit-NS\u2122<\/p>\n<p>\u2022\u00a0\u00a0\u00a0\u00a0\u00a0\u00a0\u00a0\u00a0\u00a0\u00a0\u00a0 Fiit-NS\u2122 obsahuje kombin\u00e1ciu vitam\u00ednu B3 a fytonutrientov z rastlinn\u00fdch extraktov vr\u00e1tane guarany, zelen\u00e9ho \u010daju, grapefruitu, hrozna a \u010diernej mrkvy<\/p>\n<p>\u2022\u00a0\u00a0\u00a0\u00a0\u00a0\u00a0\u00a0\u00a0\u00a0\u00a0\u00a0 Obsahuje pr\u00edrodn\u00fd kofe\u00edn z guarany<\/p>\n<p>\u2022\u00a0\u00a0\u00a0\u00a0\u00a0\u00a0\u00a0\u00a0\u00a0\u00a0\u00a0 Obsahuje chr\u00f3m, ktor\u00fd podporuje norm\u00e1lny metabolizmus makro\u017eiv\u00edn a udr\u017eanie norm\u00e1lne hladiny gluk\u00f3zy v krvi<\/p>\n<p>\u2022\u00a0\u00a0\u00a0\u00a0\u00a0\u00a0\u00a0\u00a0\u00a0\u00a0\u00a0 Obsahuje vitam\u00edny C a B3 (niac\u00edn), ktor\u00e9 prispievaj\u00fa k norm\u00e1lnemu energetick\u00e9mu metabolizmu a k zn\u00ed\u017eeniu miery \u00fanavy a vy\u010derpania<\/p>\n<p>\u2022\u00a0\u00a0\u00a0\u00a0\u00a0\u00a0\u00a0\u00a0\u00a0\u00a0\u00a0 Vhodn\u00e9 pre veg\u00e1nov<\/p>\n<p>\u2022\u00a0\u00a0\u00a0\u00a0\u00a0\u00a0\u00a0\u00a0\u00a0\u00a0\u00a0 Bezlepkov\u00fd<\/p>\n<p><span style=\"color: #333333; font-size: 14.4px;\">Pou\u017e\u00edvanie<\/span><\/p>\n<\/div>\n<div class=\"disc\" data-bind=\"visible: Usage, html: Usage\">\n<p>U\u017e\u00edvajte 2 kapsuly denne s jedlom. Pou\u017e\u00edvajte tento produkt v r\u00e1mci vyv\u00e1\u017eenej a pestrej stravy, ako s\u00fa\u010das\u0165 zdrav\u00e9ho a akt\u00edvneho \u017eivotn\u00e9ho \u0161t\u00fdlu.<\/p>\n<\/div>\n","protected":false},"excerpt":{"rendered":"<p>Phyto Complete usilovne pracuje, k\u00fdm pokra\u010dujete vo svojom dni. Starostlivo formulovan\u00e9 s Fiit-NS\u2122, vedecky \u0161tudovanou zlo\u017ekou s mnoh\u00fdmi v\u00fdhodami. T\u00e1to kapsula bohat\u00e1 na fytonutrienty obsahuje pr\u00edrodn\u00fd kofe\u00edn a obsahuje vitam\u00edn C, vitam\u00edn B3, chr\u00f3m a rastlinn\u00e9 extrakty vr\u00e1tane guarany, zelen\u00e9ho \u010daju, grapefruitu, hrozna a \u010diernej mrkvy. Vitam\u00edn B3 a vitam\u00edn C prispievaj\u00fa k norm\u00e1lnemu energetick\u00e9mu [&#8230;]\n","protected":false},"featured_media":207655,"comment_status":"open","ping_status":"closed","template":"","meta":[],"product_brand":[],"product_cat":[24],"product_tag":[],"class_list":{"0":"post-207654","1":"product","2":"type-product","3":"status-publish","4":"has-post-thumbnail","6":"product_cat-kazdodenna-podpora","8":"first","9":"instock","10":"taxable","11":"shipping-taxable","12":"purchasable","13":"product-type-simple"},"yoast_head":"<!-- This site is optimized with the Yoast SEO plugin v24.3 - https:\/\/yoast.com\/wordpress\/plugins\/seo\/ -->\n<title>Phyto Complete - Herbaday<\/title>\n<meta name=\"description\" content=\"T\u00e1to kapsula bohat\u00e1 na fytonutrienty obsahuje pr\u00edrodn\u00fd kofe\u00edn a obsahuje vitam\u00edn C, vitam\u00edn B3, chr\u00f3m a rastlinn\u00e9 extrakty vr\u00e1tane guarany, zelen\u00e9ho \u010daju, grapefruitu, hrozna a \u010diernej mrkvy. Vitam\u00edn B3 a vitam\u00edn C prispievaj\u00fa k norm\u00e1lnemu energetick\u00e9mu metabolizmu a k zn\u00ed\u017eeniu miery \u00fanavy a vy\u010derpania, zatia\u013e \u010do chr\u00f3m podporuje norm\u00e1lny metabolizmus makro\u017eiv\u00edn.\" \/>\n<meta name=\"robots\" content=\"index, follow, max-snippet:-1, max-image-preview:large, max-video-preview:-1\" \/>\n<link rel=\"canonical\" href=\"https:\/\/herbaday.sk\/index.php\/product\/phyto-complete\/\" \/>\n<meta property=\"og:locale\" content=\"sk_SK\" \/>\n<meta property=\"og:type\" content=\"article\" \/>\n<meta property=\"og:title\" content=\"Phyto Complete - Herbaday\" \/>\n<meta property=\"og:description\" content=\"T\u00e1to kapsula bohat\u00e1 na fytonutrienty obsahuje pr\u00edrodn\u00fd kofe\u00edn a obsahuje vitam\u00edn C, vitam\u00edn B3, chr\u00f3m a rastlinn\u00e9 extrakty vr\u00e1tane guarany, zelen\u00e9ho \u010daju, grapefruitu, hrozna a \u010diernej mrkvy. Vitam\u00edn B3 a vitam\u00edn C prispievaj\u00fa k norm\u00e1lnemu energetick\u00e9mu metabolizmu a k zn\u00ed\u017eeniu miery \u00fanavy a vy\u010derpania, zatia\u013e \u010do chr\u00f3m podporuje norm\u00e1lny metabolizmus makro\u017eiv\u00edn.\" \/>\n<meta property=\"og:url\" content=\"https:\/\/herbaday.sk\/index.php\/product\/phyto-complete\/\" \/>\n<meta property=\"og:site_name\" content=\"Herbaday\" \/>\n<meta property=\"article:modified_time\" content=\"2025-01-06T19:49:38+00:00\" \/>\n<meta property=\"og:image\" content=\"https:\/\/i0.wp.com\/herbaday.sk\/wp-content\/uploads\/2022\/11\/cq5dam.web_.800.800.jpeg?fit=800%2C800&ssl=1\" \/>\n\t<meta property=\"og:image:width\" content=\"800\" \/>\n\t<meta property=\"og:image:height\" content=\"800\" \/>\n\t<meta property=\"og:image:type\" content=\"image\/jpeg\" \/>\n<meta name=\"twitter:card\" content=\"summary_large_image\" \/>\n<meta name=\"twitter:label1\" content=\"Predpokladan\u00fd \u010das \u010d\u00edtania\" \/>\n\t<meta name=\"twitter:data1\" content=\"1 min\u00fata\" \/>\n<script type=\"application\/ld+json\" class=\"yoast-schema-graph\">{\"@context\":\"https:\/\/schema.org\",\"@graph\":[{\"@type\":\"WebPage\",\"@id\":\"https:\/\/herbaday.sk\/index.php\/product\/phyto-complete\/\",\"url\":\"https:\/\/herbaday.sk\/index.php\/product\/phyto-complete\/\",\"name\":\"Phyto Complete - Herbaday\",\"isPartOf\":{\"@id\":\"https:\/\/herbaday.sk\/#website\"},\"primaryImageOfPage\":{\"@id\":\"https:\/\/herbaday.sk\/index.php\/product\/phyto-complete\/#primaryimage\"},\"image\":{\"@id\":\"https:\/\/herbaday.sk\/index.php\/product\/phyto-complete\/#primaryimage\"},\"thumbnailUrl\":\"https:\/\/i0.wp.com\/herbaday.sk\/wp-content\/uploads\/2022\/11\/cq5dam.web_.800.800.jpeg?fit=800%2C800&ssl=1\",\"datePublished\":\"2022-11-16T22:28:20+00:00\",\"dateModified\":\"2025-01-06T19:49:38+00:00\",\"description\":\"T\u00e1to kapsula bohat\u00e1 na fytonutrienty obsahuje pr\u00edrodn\u00fd kofe\u00edn a obsahuje vitam\u00edn C, vitam\u00edn B3, chr\u00f3m a rastlinn\u00e9 extrakty vr\u00e1tane guarany, zelen\u00e9ho \u010daju, grapefruitu, hrozna a \u010diernej mrkvy. Vitam\u00edn B3 a vitam\u00edn C prispievaj\u00fa k norm\u00e1lnemu energetick\u00e9mu metabolizmu a k zn\u00ed\u017eeniu miery \u00fanavy a vy\u010derpania, zatia\u013e \u010do chr\u00f3m podporuje norm\u00e1lny metabolizmus makro\u017eiv\u00edn.\",\"breadcrumb\":{\"@id\":\"https:\/\/herbaday.sk\/index.php\/product\/phyto-complete\/#breadcrumb\"},\"inLanguage\":\"sk-SK\",\"potentialAction\":[{\"@type\":\"ReadAction\",\"target\":[\"https:\/\/herbaday.sk\/index.php\/product\/phyto-complete\/\"]}]},{\"@type\":\"ImageObject\",\"inLanguage\":\"sk-SK\",\"@id\":\"https:\/\/herbaday.sk\/index.php\/product\/phyto-complete\/#primaryimage\",\"url\":\"https:\/\/i0.wp.com\/herbaday.sk\/wp-content\/uploads\/2022\/11\/cq5dam.web_.800.800.jpeg?fit=800%2C800&ssl=1\",\"contentUrl\":\"https:\/\/i0.wp.com\/herbaday.sk\/wp-content\/uploads\/2022\/11\/cq5dam.web_.800.800.jpeg?fit=800%2C800&ssl=1\",\"width\":800,\"height\":800},{\"@type\":\"BreadcrumbList\",\"@id\":\"https:\/\/herbaday.sk\/index.php\/product\/phyto-complete\/#breadcrumb\",\"itemListElement\":[{\"@type\":\"ListItem\",\"position\":1,\"name\":\"Domovsk\u00e1 str\u00e1nka\",\"item\":\"https:\/\/herbaday.sk\/\"},{\"@type\":\"ListItem\",\"position\":2,\"name\":\"Shop\",\"item\":\"https:\/\/herbaday.sk\/index.php\/shop\/\"},{\"@type\":\"ListItem\",\"position\":3,\"name\":\"Phyto Complete\"}]},{\"@type\":\"WebSite\",\"@id\":\"https:\/\/herbaday.sk\/#website\",\"url\":\"https:\/\/herbaday.sk\/\",\"name\":\"Herbaday\",\"description\":\"Nez\u00e1visl\u00fd \u010dlen Herbalife Nutrition\",\"publisher\":{\"@id\":\"https:\/\/herbaday.sk\/#organization\"},\"potentialAction\":[{\"@type\":\"SearchAction\",\"target\":{\"@type\":\"EntryPoint\",\"urlTemplate\":\"https:\/\/herbaday.sk\/?s={search_term_string}\"},\"query-input\":{\"@type\":\"PropertyValueSpecification\",\"valueRequired\":true,\"valueName\":\"search_term_string\"}}],\"inLanguage\":\"sk-SK\"},{\"@type\":\"Organization\",\"@id\":\"https:\/\/herbaday.sk\/#organization\",\"name\":\"Herbaday\",\"url\":\"https:\/\/herbaday.sk\/\",\"logo\":{\"@type\":\"ImageObject\",\"inLanguage\":\"sk-SK\",\"@id\":\"https:\/\/herbaday.sk\/#\/schema\/logo\/image\/\",\"url\":\"http:\/\/herbaday.sk\/wp-content\/uploads\/2020\/11\/herbaday_logo.png\",\"contentUrl\":\"http:\/\/herbaday.sk\/wp-content\/uploads\/2020\/11\/herbaday_logo.png\",\"width\":2214,\"height\":545,\"caption\":\"Herbaday\"},\"image\":{\"@id\":\"https:\/\/herbaday.sk\/#\/schema\/logo\/image\/\"}}]}<\/script>\n<!-- \/ Yoast SEO plugin. -->","yoast_head_json":{"title":"Phyto Complete - Herbaday","description":"T\u00e1to kapsula bohat\u00e1 na fytonutrienty obsahuje pr\u00edrodn\u00fd kofe\u00edn a obsahuje vitam\u00edn C, vitam\u00edn B3, chr\u00f3m a rastlinn\u00e9 extrakty vr\u00e1tane guarany, zelen\u00e9ho \u010daju, grapefruitu, hrozna a \u010diernej mrkvy. Vitam\u00edn B3 a vitam\u00edn C prispievaj\u00fa k norm\u00e1lnemu energetick\u00e9mu metabolizmu a k zn\u00ed\u017eeniu miery \u00fanavy a vy\u010derpania, zatia\u013e \u010do chr\u00f3m podporuje norm\u00e1lny metabolizmus makro\u017eiv\u00edn.","robots":{"index":"index","follow":"follow","max-snippet":"max-snippet:-1","max-image-preview":"max-image-preview:large","max-video-preview":"max-video-preview:-1"},"canonical":"https:\/\/herbaday.sk\/index.php\/product\/phyto-complete\/","og_locale":"sk_SK","og_type":"article","og_title":"Phyto Complete - Herbaday","og_description":"T\u00e1to kapsula bohat\u00e1 na fytonutrienty obsahuje pr\u00edrodn\u00fd kofe\u00edn a obsahuje vitam\u00edn C, vitam\u00edn B3, chr\u00f3m a rastlinn\u00e9 extrakty vr\u00e1tane guarany, zelen\u00e9ho \u010daju, grapefruitu, hrozna a \u010diernej mrkvy. Vitam\u00edn B3 a vitam\u00edn C prispievaj\u00fa k norm\u00e1lnemu energetick\u00e9mu metabolizmu a k zn\u00ed\u017eeniu miery \u00fanavy a vy\u010derpania, zatia\u013e \u010do chr\u00f3m podporuje norm\u00e1lny metabolizmus makro\u017eiv\u00edn.","og_url":"https:\/\/herbaday.sk\/index.php\/product\/phyto-complete\/","og_site_name":"Herbaday","article_modified_time":"2025-01-06T19:49:38+00:00","og_image":[{"width":800,"height":800,"url":"https:\/\/i0.wp.com\/herbaday.sk\/wp-content\/uploads\/2022\/11\/cq5dam.web_.800.800.jpeg?fit=800%2C800&ssl=1","type":"image\/jpeg"}],"twitter_card":"summary_large_image","twitter_misc":{"Predpokladan\u00fd \u010das \u010d\u00edtania":"1 min\u00fata"},"schema":{"@context":"https:\/\/schema.org","@graph":[{"@type":"WebPage","@id":"https:\/\/herbaday.sk\/index.php\/product\/phyto-complete\/","url":"https:\/\/herbaday.sk\/index.php\/product\/phyto-complete\/","name":"Phyto Complete - Herbaday","isPartOf":{"@id":"https:\/\/herbaday.sk\/#website"},"primaryImageOfPage":{"@id":"https:\/\/herbaday.sk\/index.php\/product\/phyto-complete\/#primaryimage"},"image":{"@id":"https:\/\/herbaday.sk\/index.php\/product\/phyto-complete\/#primaryimage"},"thumbnailUrl":"https:\/\/i0.wp.com\/herbaday.sk\/wp-content\/uploads\/2022\/11\/cq5dam.web_.800.800.jpeg?fit=800%2C800&ssl=1","datePublished":"2022-11-16T22:28:20+00:00","dateModified":"2025-01-06T19:49:38+00:00","description":"T\u00e1to kapsula bohat\u00e1 na fytonutrienty obsahuje pr\u00edrodn\u00fd kofe\u00edn a obsahuje vitam\u00edn C, vitam\u00edn B3, chr\u00f3m a rastlinn\u00e9 extrakty vr\u00e1tane guarany, zelen\u00e9ho \u010daju, grapefruitu, hrozna a \u010diernej mrkvy. Vitam\u00edn B3 a vitam\u00edn C prispievaj\u00fa k norm\u00e1lnemu energetick\u00e9mu metabolizmu a k zn\u00ed\u017eeniu miery \u00fanavy a vy\u010derpania, zatia\u013e \u010do chr\u00f3m podporuje norm\u00e1lny metabolizmus makro\u017eiv\u00edn.","breadcrumb":{"@id":"https:\/\/herbaday.sk\/index.php\/product\/phyto-complete\/#breadcrumb"},"inLanguage":"sk-SK","potentialAction":[{"@type":"ReadAction","target":["https:\/\/herbaday.sk\/index.php\/product\/phyto-complete\/"]}]},{"@type":"ImageObject","inLanguage":"sk-SK","@id":"https:\/\/herbaday.sk\/index.php\/product\/phyto-complete\/#primaryimage","url":"https:\/\/i0.wp.com\/herbaday.sk\/wp-content\/uploads\/2022\/11\/cq5dam.web_.800.800.jpeg?fit=800%2C800&ssl=1","contentUrl":"https:\/\/i0.wp.com\/herbaday.sk\/wp-content\/uploads\/2022\/11\/cq5dam.web_.800.800.jpeg?fit=800%2C800&ssl=1","width":800,"height":800},{"@type":"BreadcrumbList","@id":"https:\/\/herbaday.sk\/index.php\/product\/phyto-complete\/#breadcrumb","itemListElement":[{"@type":"ListItem","position":1,"name":"Domovsk\u00e1 str\u00e1nka","item":"https:\/\/herbaday.sk\/"},{"@type":"ListItem","position":2,"name":"Shop","item":"https:\/\/herbaday.sk\/index.php\/shop\/"},{"@type":"ListItem","position":3,"name":"Phyto Complete"}]},{"@type":"WebSite","@id":"https:\/\/herbaday.sk\/#website","url":"https:\/\/herbaday.sk\/","name":"Herbaday","description":"Nez\u00e1visl\u00fd \u010dlen Herbalife Nutrition","publisher":{"@id":"https:\/\/herbaday.sk\/#organization"},"potentialAction":[{"@type":"SearchAction","target":{"@type":"EntryPoint","urlTemplate":"https:\/\/herbaday.sk\/?s={search_term_string}"},"query-input":{"@type":"PropertyValueSpecification","valueRequired":true,"valueName":"search_term_string"}}],"inLanguage":"sk-SK"},{"@type":"Organization","@id":"https:\/\/herbaday.sk\/#organization","name":"Herbaday","url":"https:\/\/herbaday.sk\/","logo":{"@type":"ImageObject","inLanguage":"sk-SK","@id":"https:\/\/herbaday.sk\/#\/schema\/logo\/image\/","url":"http:\/\/herbaday.sk\/wp-content\/uploads\/2020\/11\/herbaday_logo.png","contentUrl":"http:\/\/herbaday.sk\/wp-content\/uploads\/2020\/11\/herbaday_logo.png","width":2214,"height":545,"caption":"Herbaday"},"image":{"@id":"https:\/\/herbaday.sk\/#\/schema\/logo\/image\/"}}]}},"jetpack_sharing_enabled":true,"_links":{"self":[{"href":"https:\/\/herbaday.sk\/index.php\/wp-json\/wp\/v2\/product\/207654","targetHints":{"allow":["GET"]}}],"collection":[{"href":"https:\/\/herbaday.sk\/index.php\/wp-json\/wp\/v2\/product"}],"about":[{"href":"https:\/\/herbaday.sk\/index.php\/wp-json\/wp\/v2\/types\/product"}],"replies":[{"embeddable":true,"href":"https:\/\/herbaday.sk\/index.php\/wp-json\/wp\/v2\/comments?post=207654"}],"wp:featuredmedia":[{"embeddable":true,"href":"https:\/\/herbaday.sk\/index.php\/wp-json\/wp\/v2\/media\/207655"}],"wp:attachment":[{"href":"https:\/\/herbaday.sk\/index.php\/wp-json\/wp\/v2\/media?parent=207654"}],"wp:term":[{"taxonomy":"product_brand","embeddable":true,"href":"https:\/\/herbaday.sk\/index.php\/wp-json\/wp\/v2\/product_brand?post=207654"},{"taxonomy":"product_cat","embeddable":true,"href":"https:\/\/herbaday.sk\/index.php\/wp-json\/wp\/v2\/product_cat?post=207654"},{"taxonomy":"product_tag","embeddable":true,"href":"https:\/\/herbaday.sk\/index.php\/wp-json\/wp\/v2\/product_tag?post=207654"}],"curies":[{"name":"wp","href":"https:\/\/api.w.org\/{rel}","templated":true}]}}