{"id":207903,"date":"2023-01-30T21:35:53","date_gmt":"2023-01-30T21:35:53","guid":{"rendered":"https:\/\/herbaday.sk\/?post_type=product&#038;p=207903"},"modified":"2025-01-06T19:49:28","modified_gmt":"2025-01-06T19:49:28","slug":"h24-proteinove-tycinky-achieve-s-prichutou-horkej-cokolady","status":"publish","type":"product","link":"https:\/\/herbaday.sk\/index.php\/product\/h24-proteinove-tycinky-achieve-s-prichutou-horkej-cokolady\/","title":{"rendered":"H24 Prote\u00ednov\u00e9 ty\u010dinky Achieve s pr\u00edchu\u0165ou horkej \u010dokol\u00e1dy"},"content":{"rendered":"<p>\u010ci u\u017e s posil\u0148ovan\u00edm e\u0161te len za\u010d\u00ednate, pravidelne nav\u0161tevujete posil\u0148ov\u0148u alebo ste v\u00fdkonnostn\u00fd \u0161portovec, potrebujete \u0161portov\u00fa v\u00fd\u017eivu, ktor\u00e1 v\u00e1s podpor\u00ed v ka\u017edom okamihu. Preto sme vytvorili prote\u00ednov\u00e9 ty\u010dinky H24 Achieve.<\/p>\n<p>S\u00fa vhodnou poch\u00fa\u0165kou po tr\u00e9ningu, ktor\u00e1 obsahuje 21 gramov bielkov\u00edn v ka\u017edej ty\u010dinke. Ka\u017ed\u00e1 prote\u00ednov\u00e1 ty\u010dinka je k dispoz\u00edcii v dekadentnej pr\u00edchuti horkej \u010dokol\u00e1dy, bez umel\u00fdch ar\u00f3m a farb\u00edv a s\u00fa vhodn\u00e9 aj pre vegetari\u00e1nov!<\/p>\n<p>Chceme v\u00e1m poskytn\u00fa\u0165 v\u00fd\u017eivu, ktor\u00e1 v\u00e1m pom\u00f4\u017ee dosiahnu\u0165 va\u0161e ciele, \u010di u\u017e s\u00fa akoko\u013evek ve\u013ek\u00e9 alebo mal\u00e9. Prote\u00ednov\u00e9 ty\u010dinky H24 Achieve konzumujte raz denne, medzi jedlami alebo po tr\u00e9ningu.<\/p>\n<h3 data-bind=\"visible: KeyBenefits\">K\u013e\u00fa\u010dov\u00e9 V\u00fdhody<\/h3>\n<div class=\"disc\" data-bind=\"visible: KeyBenefits, html: KeyBenefits\">\n<p>&#8211; 21 g bielkov\u00edn v jednej ty\u010dinke<\/p>\n<p>&#8211; N\u00edzky obsah cukru<\/p>\n<p>&#8211; Certifik\u00e1t Informed Sports<\/p>\n<p>&#8211; Bez umel\u00fdch farb\u00edv a pr\u00edchut\u00ed<\/p>\n<p>&#8211; Bohat\u00e1 pr\u00edchu\u0165 horkej \u010dokol\u00e1dy<\/p>\n<p>&#8211; Vhodn\u00e9 pre vegetari\u00e1nov<\/p>\n<\/div>\n<h3 data-bind=\"visible: Usage\">Pou\u017e\u00edvanie<\/h3>\n<div class=\"disc\" data-bind=\"visible: Usage, html: Usage\">\n<p>Konzumujte raz denne medzi jedlami alebo po tr\u00e9ningu. U\u017e\u00edvajte tento v\u00fdrobok v r\u00e1mci vyv\u00e1\u017eenej a pestrej stravy, ako s\u00fa\u010das\u0165 zdrav\u00e9ho a akt\u00edvneho \u017eivotn\u00e9ho \u0161t\u00fdlu.<\/p>\n<\/div>\n","protected":false},"excerpt":{"rendered":"<p>\u010ci u\u017e s posil\u0148ovan\u00edm e\u0161te len za\u010d\u00ednate, pravidelne nav\u0161tevujete posil\u0148ov\u0148u alebo ste v\u00fdkonnostn\u00fd \u0161portovec, potrebujete \u0161portov\u00fa v\u00fd\u017eivu, ktor\u00e1 v\u00e1s podpor\u00ed v ka\u017edom okamihu. Preto sme vytvorili prote\u00ednov\u00e9 ty\u010dinky H24 Achieve. S\u00fa vhodnou poch\u00fa\u0165kou po tr\u00e9ningu, ktor\u00e1 obsahuje 21 gramov bielkov\u00edn v ka\u017edej ty\u010dinke. Ka\u017ed\u00e1 prote\u00ednov\u00e1 ty\u010dinka je k dispoz\u00edcii v dekadentnej pr\u00edchuti horkej \u010dokol\u00e1dy, bez [&#8230;]\n","protected":false},"featured_media":207904,"comment_status":"open","ping_status":"closed","template":"","meta":[],"product_brand":[],"product_cat":[20,22],"product_tag":[],"class_list":{"0":"post-207903","1":"product","2":"type-product","3":"status-publish","4":"has-post-thumbnail","6":"product_cat-proteinove-desiaty","7":"product_cat-herbalife24","9":"first","10":"instock","11":"taxable","12":"shipping-taxable","13":"purchasable","14":"product-type-simple"},"yoast_head":"<!-- This site is optimized with the Yoast SEO plugin v24.3 - https:\/\/yoast.com\/wordpress\/plugins\/seo\/ -->\n<title>H24 Prote\u00ednov\u00e9 ty\u010dinky Achieve s pr\u00edchu\u0165ou horkej \u010dokol\u00e1dy - Herbaday<\/title>\n<meta name=\"robots\" content=\"index, follow, max-snippet:-1, max-image-preview:large, max-video-preview:-1\" \/>\n<link rel=\"canonical\" href=\"https:\/\/herbaday.sk\/index.php\/product\/h24-proteinove-tycinky-achieve-s-prichutou-horkej-cokolady\/\" \/>\n<meta property=\"og:locale\" content=\"sk_SK\" \/>\n<meta property=\"og:type\" content=\"article\" \/>\n<meta property=\"og:title\" content=\"H24 Prote\u00ednov\u00e9 ty\u010dinky Achieve s pr\u00edchu\u0165ou horkej \u010dokol\u00e1dy - Herbaday\" \/>\n<meta property=\"og:description\" content=\"\u010ci u\u017e s posil\u0148ovan\u00edm e\u0161te len za\u010d\u00ednate, pravidelne nav\u0161tevujete posil\u0148ov\u0148u alebo ste v\u00fdkonnostn\u00fd \u0161portovec, potrebujete \u0161portov\u00fa v\u00fd\u017eivu, ktor\u00e1 v\u00e1s podpor\u00ed v ka\u017edom okamihu. Preto sme vytvorili prote\u00ednov\u00e9 ty\u010dinky H24 Achieve. S\u00fa vhodnou poch\u00fa\u0165kou po tr\u00e9ningu, ktor\u00e1 obsahuje 21 gramov bielkov\u00edn v ka\u017edej ty\u010dinke. Ka\u017ed\u00e1 prote\u00ednov\u00e1 ty\u010dinka je k dispoz\u00edcii v dekadentnej pr\u00edchuti horkej \u010dokol\u00e1dy, bez [...]\" \/>\n<meta property=\"og:url\" content=\"https:\/\/herbaday.sk\/index.php\/product\/h24-proteinove-tycinky-achieve-s-prichutou-horkej-cokolady\/\" \/>\n<meta property=\"og:site_name\" content=\"Herbaday\" \/>\n<meta property=\"article:modified_time\" content=\"2025-01-06T19:49:28+00:00\" \/>\n<meta property=\"og:image\" content=\"https:\/\/i0.wp.com\/herbaday.sk\/wp-content\/uploads\/2023\/01\/cq5dam.web_.800.800-2.jpeg?fit=800%2C800&ssl=1\" \/>\n\t<meta property=\"og:image:width\" content=\"800\" \/>\n\t<meta property=\"og:image:height\" content=\"800\" \/>\n\t<meta property=\"og:image:type\" content=\"image\/jpeg\" \/>\n<meta name=\"twitter:card\" content=\"summary_large_image\" \/>\n<meta name=\"twitter:label1\" content=\"Predpokladan\u00fd \u010das \u010d\u00edtania\" \/>\n\t<meta name=\"twitter:data1\" content=\"1 min\u00fata\" \/>\n<script type=\"application\/ld+json\" class=\"yoast-schema-graph\">{\"@context\":\"https:\/\/schema.org\",\"@graph\":[{\"@type\":\"WebPage\",\"@id\":\"https:\/\/herbaday.sk\/index.php\/product\/h24-proteinove-tycinky-achieve-s-prichutou-horkej-cokolady\/\",\"url\":\"https:\/\/herbaday.sk\/index.php\/product\/h24-proteinove-tycinky-achieve-s-prichutou-horkej-cokolady\/\",\"name\":\"H24 Prote\u00ednov\u00e9 ty\u010dinky Achieve s pr\u00edchu\u0165ou horkej \u010dokol\u00e1dy - Herbaday\",\"isPartOf\":{\"@id\":\"https:\/\/herbaday.sk\/#website\"},\"primaryImageOfPage\":{\"@id\":\"https:\/\/herbaday.sk\/index.php\/product\/h24-proteinove-tycinky-achieve-s-prichutou-horkej-cokolady\/#primaryimage\"},\"image\":{\"@id\":\"https:\/\/herbaday.sk\/index.php\/product\/h24-proteinove-tycinky-achieve-s-prichutou-horkej-cokolady\/#primaryimage\"},\"thumbnailUrl\":\"https:\/\/i0.wp.com\/herbaday.sk\/wp-content\/uploads\/2023\/01\/cq5dam.web_.800.800-2.jpeg?fit=800%2C800&ssl=1\",\"datePublished\":\"2023-01-30T21:35:53+00:00\",\"dateModified\":\"2025-01-06T19:49:28+00:00\",\"breadcrumb\":{\"@id\":\"https:\/\/herbaday.sk\/index.php\/product\/h24-proteinove-tycinky-achieve-s-prichutou-horkej-cokolady\/#breadcrumb\"},\"inLanguage\":\"sk-SK\",\"potentialAction\":[{\"@type\":\"ReadAction\",\"target\":[\"https:\/\/herbaday.sk\/index.php\/product\/h24-proteinove-tycinky-achieve-s-prichutou-horkej-cokolady\/\"]}]},{\"@type\":\"ImageObject\",\"inLanguage\":\"sk-SK\",\"@id\":\"https:\/\/herbaday.sk\/index.php\/product\/h24-proteinove-tycinky-achieve-s-prichutou-horkej-cokolady\/#primaryimage\",\"url\":\"https:\/\/i0.wp.com\/herbaday.sk\/wp-content\/uploads\/2023\/01\/cq5dam.web_.800.800-2.jpeg?fit=800%2C800&ssl=1\",\"contentUrl\":\"https:\/\/i0.wp.com\/herbaday.sk\/wp-content\/uploads\/2023\/01\/cq5dam.web_.800.800-2.jpeg?fit=800%2C800&ssl=1\",\"width\":800,\"height\":800},{\"@type\":\"BreadcrumbList\",\"@id\":\"https:\/\/herbaday.sk\/index.php\/product\/h24-proteinove-tycinky-achieve-s-prichutou-horkej-cokolady\/#breadcrumb\",\"itemListElement\":[{\"@type\":\"ListItem\",\"position\":1,\"name\":\"Domovsk\u00e1 str\u00e1nka\",\"item\":\"https:\/\/herbaday.sk\/\"},{\"@type\":\"ListItem\",\"position\":2,\"name\":\"Shop\",\"item\":\"https:\/\/herbaday.sk\/index.php\/shop\/\"},{\"@type\":\"ListItem\",\"position\":3,\"name\":\"H24 Prote\u00ednov\u00e9 ty\u010dinky Achieve s pr\u00edchu\u0165ou horkej \u010dokol\u00e1dy\"}]},{\"@type\":\"WebSite\",\"@id\":\"https:\/\/herbaday.sk\/#website\",\"url\":\"https:\/\/herbaday.sk\/\",\"name\":\"Herbaday\",\"description\":\"Nez\u00e1visl\u00fd \u010dlen Herbalife Nutrition\",\"publisher\":{\"@id\":\"https:\/\/herbaday.sk\/#organization\"},\"potentialAction\":[{\"@type\":\"SearchAction\",\"target\":{\"@type\":\"EntryPoint\",\"urlTemplate\":\"https:\/\/herbaday.sk\/?s={search_term_string}\"},\"query-input\":{\"@type\":\"PropertyValueSpecification\",\"valueRequired\":true,\"valueName\":\"search_term_string\"}}],\"inLanguage\":\"sk-SK\"},{\"@type\":\"Organization\",\"@id\":\"https:\/\/herbaday.sk\/#organization\",\"name\":\"Herbaday\",\"url\":\"https:\/\/herbaday.sk\/\",\"logo\":{\"@type\":\"ImageObject\",\"inLanguage\":\"sk-SK\",\"@id\":\"https:\/\/herbaday.sk\/#\/schema\/logo\/image\/\",\"url\":\"http:\/\/herbaday.sk\/wp-content\/uploads\/2020\/11\/herbaday_logo.png\",\"contentUrl\":\"http:\/\/herbaday.sk\/wp-content\/uploads\/2020\/11\/herbaday_logo.png\",\"width\":2214,\"height\":545,\"caption\":\"Herbaday\"},\"image\":{\"@id\":\"https:\/\/herbaday.sk\/#\/schema\/logo\/image\/\"}}]}<\/script>\n<!-- \/ Yoast SEO plugin. -->","yoast_head_json":{"title":"H24 Prote\u00ednov\u00e9 ty\u010dinky Achieve s pr\u00edchu\u0165ou horkej \u010dokol\u00e1dy - Herbaday","robots":{"index":"index","follow":"follow","max-snippet":"max-snippet:-1","max-image-preview":"max-image-preview:large","max-video-preview":"max-video-preview:-1"},"canonical":"https:\/\/herbaday.sk\/index.php\/product\/h24-proteinove-tycinky-achieve-s-prichutou-horkej-cokolady\/","og_locale":"sk_SK","og_type":"article","og_title":"H24 Prote\u00ednov\u00e9 ty\u010dinky Achieve s pr\u00edchu\u0165ou horkej \u010dokol\u00e1dy - Herbaday","og_description":"\u010ci u\u017e s posil\u0148ovan\u00edm e\u0161te len za\u010d\u00ednate, pravidelne nav\u0161tevujete posil\u0148ov\u0148u alebo ste v\u00fdkonnostn\u00fd \u0161portovec, potrebujete \u0161portov\u00fa v\u00fd\u017eivu, ktor\u00e1 v\u00e1s podpor\u00ed v ka\u017edom okamihu. Preto sme vytvorili prote\u00ednov\u00e9 ty\u010dinky H24 Achieve. S\u00fa vhodnou poch\u00fa\u0165kou po tr\u00e9ningu, ktor\u00e1 obsahuje 21 gramov bielkov\u00edn v ka\u017edej ty\u010dinke. Ka\u017ed\u00e1 prote\u00ednov\u00e1 ty\u010dinka je k dispoz\u00edcii v dekadentnej pr\u00edchuti horkej \u010dokol\u00e1dy, bez [...]","og_url":"https:\/\/herbaday.sk\/index.php\/product\/h24-proteinove-tycinky-achieve-s-prichutou-horkej-cokolady\/","og_site_name":"Herbaday","article_modified_time":"2025-01-06T19:49:28+00:00","og_image":[{"width":800,"height":800,"url":"https:\/\/i0.wp.com\/herbaday.sk\/wp-content\/uploads\/2023\/01\/cq5dam.web_.800.800-2.jpeg?fit=800%2C800&ssl=1","type":"image\/jpeg"}],"twitter_card":"summary_large_image","twitter_misc":{"Predpokladan\u00fd \u010das \u010d\u00edtania":"1 min\u00fata"},"schema":{"@context":"https:\/\/schema.org","@graph":[{"@type":"WebPage","@id":"https:\/\/herbaday.sk\/index.php\/product\/h24-proteinove-tycinky-achieve-s-prichutou-horkej-cokolady\/","url":"https:\/\/herbaday.sk\/index.php\/product\/h24-proteinove-tycinky-achieve-s-prichutou-horkej-cokolady\/","name":"H24 Prote\u00ednov\u00e9 ty\u010dinky Achieve s pr\u00edchu\u0165ou horkej \u010dokol\u00e1dy - Herbaday","isPartOf":{"@id":"https:\/\/herbaday.sk\/#website"},"primaryImageOfPage":{"@id":"https:\/\/herbaday.sk\/index.php\/product\/h24-proteinove-tycinky-achieve-s-prichutou-horkej-cokolady\/#primaryimage"},"image":{"@id":"https:\/\/herbaday.sk\/index.php\/product\/h24-proteinove-tycinky-achieve-s-prichutou-horkej-cokolady\/#primaryimage"},"thumbnailUrl":"https:\/\/i0.wp.com\/herbaday.sk\/wp-content\/uploads\/2023\/01\/cq5dam.web_.800.800-2.jpeg?fit=800%2C800&ssl=1","datePublished":"2023-01-30T21:35:53+00:00","dateModified":"2025-01-06T19:49:28+00:00","breadcrumb":{"@id":"https:\/\/herbaday.sk\/index.php\/product\/h24-proteinove-tycinky-achieve-s-prichutou-horkej-cokolady\/#breadcrumb"},"inLanguage":"sk-SK","potentialAction":[{"@type":"ReadAction","target":["https:\/\/herbaday.sk\/index.php\/product\/h24-proteinove-tycinky-achieve-s-prichutou-horkej-cokolady\/"]}]},{"@type":"ImageObject","inLanguage":"sk-SK","@id":"https:\/\/herbaday.sk\/index.php\/product\/h24-proteinove-tycinky-achieve-s-prichutou-horkej-cokolady\/#primaryimage","url":"https:\/\/i0.wp.com\/herbaday.sk\/wp-content\/uploads\/2023\/01\/cq5dam.web_.800.800-2.jpeg?fit=800%2C800&ssl=1","contentUrl":"https:\/\/i0.wp.com\/herbaday.sk\/wp-content\/uploads\/2023\/01\/cq5dam.web_.800.800-2.jpeg?fit=800%2C800&ssl=1","width":800,"height":800},{"@type":"BreadcrumbList","@id":"https:\/\/herbaday.sk\/index.php\/product\/h24-proteinove-tycinky-achieve-s-prichutou-horkej-cokolady\/#breadcrumb","itemListElement":[{"@type":"ListItem","position":1,"name":"Domovsk\u00e1 str\u00e1nka","item":"https:\/\/herbaday.sk\/"},{"@type":"ListItem","position":2,"name":"Shop","item":"https:\/\/herbaday.sk\/index.php\/shop\/"},{"@type":"ListItem","position":3,"name":"H24 Prote\u00ednov\u00e9 ty\u010dinky Achieve s pr\u00edchu\u0165ou horkej \u010dokol\u00e1dy"}]},{"@type":"WebSite","@id":"https:\/\/herbaday.sk\/#website","url":"https:\/\/herbaday.sk\/","name":"Herbaday","description":"Nez\u00e1visl\u00fd \u010dlen Herbalife Nutrition","publisher":{"@id":"https:\/\/herbaday.sk\/#organization"},"potentialAction":[{"@type":"SearchAction","target":{"@type":"EntryPoint","urlTemplate":"https:\/\/herbaday.sk\/?s={search_term_string}"},"query-input":{"@type":"PropertyValueSpecification","valueRequired":true,"valueName":"search_term_string"}}],"inLanguage":"sk-SK"},{"@type":"Organization","@id":"https:\/\/herbaday.sk\/#organization","name":"Herbaday","url":"https:\/\/herbaday.sk\/","logo":{"@type":"ImageObject","inLanguage":"sk-SK","@id":"https:\/\/herbaday.sk\/#\/schema\/logo\/image\/","url":"http:\/\/herbaday.sk\/wp-content\/uploads\/2020\/11\/herbaday_logo.png","contentUrl":"http:\/\/herbaday.sk\/wp-content\/uploads\/2020\/11\/herbaday_logo.png","width":2214,"height":545,"caption":"Herbaday"},"image":{"@id":"https:\/\/herbaday.sk\/#\/schema\/logo\/image\/"}}]}},"jetpack_sharing_enabled":true,"_links":{"self":[{"href":"https:\/\/herbaday.sk\/index.php\/wp-json\/wp\/v2\/product\/207903","targetHints":{"allow":["GET"]}}],"collection":[{"href":"https:\/\/herbaday.sk\/index.php\/wp-json\/wp\/v2\/product"}],"about":[{"href":"https:\/\/herbaday.sk\/index.php\/wp-json\/wp\/v2\/types\/product"}],"replies":[{"embeddable":true,"href":"https:\/\/herbaday.sk\/index.php\/wp-json\/wp\/v2\/comments?post=207903"}],"wp:featuredmedia":[{"embeddable":true,"href":"https:\/\/herbaday.sk\/index.php\/wp-json\/wp\/v2\/media\/207904"}],"wp:attachment":[{"href":"https:\/\/herbaday.sk\/index.php\/wp-json\/wp\/v2\/media?parent=207903"}],"wp:term":[{"taxonomy":"product_brand","embeddable":true,"href":"https:\/\/herbaday.sk\/index.php\/wp-json\/wp\/v2\/product_brand?post=207903"},{"taxonomy":"product_cat","embeddable":true,"href":"https:\/\/herbaday.sk\/index.php\/wp-json\/wp\/v2\/product_cat?post=207903"},{"taxonomy":"product_tag","embeddable":true,"href":"https:\/\/herbaday.sk\/index.php\/wp-json\/wp\/v2\/product_tag?post=207903"}],"curies":[{"name":"wp","href":"https:\/\/api.w.org\/{rel}","templated":true}]}}