{"id":208436,"date":"2023-04-27T20:05:46","date_gmt":"2023-04-27T20:05:46","guid":{"rendered":"https:\/\/herbaday.sk\/?post_type=product&#038;p=208436"},"modified":"2023-08-31T11:23:42","modified_gmt":"2023-08-31T11:23:42","slug":"active-mind-complex","status":"publish","type":"product","link":"https:\/\/herbaday.sk\/index.php\/product\/active-mind-complex\/","title":{"rendered":"Active Mind Complex"},"content":{"rendered":"<p>Podporte svoju ment\u00e1lnu v\u00fdkonnos\u0165* a majte kontrolu nad ka\u017edodenn\u00fdmi \u00falohami, a to aj po\u010das t\u00fdch najhektickej\u0161\u00edch dn\u00ed. Active Mind Complex je vyvinut\u00fd s vedecky podlo\u017eenou patentovanou zlo\u017ekou m\u00e4ty s mnoh\u00fdmi v\u00fdhodami.<\/p>\n<p>Active Mind Complex obsahuje zmes starostlivo vybran\u00fdch vitam\u00ednov, ako je kyselina listov\u00e1, kyselina pantot\u00e9nov\u00e1 a vitam\u00edny C, B6 a B12, pom\u00e1ha podporova\u0165 norm\u00e1lne psychick\u00e9 funkcie, du\u0161evn\u00fa v\u00fdkonnos\u0165 a fungovanie nervov\u00e9ho syst\u00e9mu.<\/p>\n<p><i>* Kyselina pantot\u00e9nov\u00e1<\/i><\/p>\n<h3 data-bind=\"visible: KeyBenefits\">K\u013e\u00fa\u010dov\u00e9 V\u00fdhody<\/h3>\n<div class=\"disc\" data-bind=\"visible: KeyBenefits, html: KeyBenefits\">\n<p>\u00b7\u00a0\u00a0\u00a0\u00a0\u00a0\u00a0 Vyvinut\u00e9 s patentovan\u00fdm extraktom z m\u00e4ty, vedecky overenej zlo\u017eky obsahuj\u00facej jedine\u010dn\u00fa kombin\u00e1ciu polyfenolov z pr\u00edrodn\u00fdch zdrojov vr\u00e1tane kyseliny rozmar\u00ednovej.<\/p>\n<p>\u00b7\u00a0\u00a0\u00a0\u00a0\u00a0\u00a0 Obsahuje kyselinu listov\u00fa a vitam\u00edny C, B6 a B12 na podporu norm\u00e1lnej psychickej funkcie<\/p>\n<p>\u00b7\u00a0\u00a0\u00a0\u00a0\u00a0\u00a0 Obsahuje kyselinu pantot\u00e9nov\u00fa, ktor\u00e1 prispieva k norm\u00e1lnej du\u0161evnej v\u00fdkonnosti<\/p>\n<p>\u00b7\u00a0\u00a0\u00a0\u00a0\u00a0\u00a0 Vitam\u00edny C, B6 a B12 prispievaj\u00fa k norm\u00e1lnej funkcii nervov\u00e9ho syst\u00e9mu<\/p>\n<p>\u00b7\u00a0\u00a0\u00a0\u00a0\u00a0\u00a0 Vhodn\u00fd pre veg\u00e1nov<\/p>\n<p>\u00b7\u00a0\u00a0\u00a0\u00a0\u00a0\u00a0 Bezlepkov\u00fd<\/p>\n<\/div>\n<h3 data-bind=\"visible: Usage\">Pou\u017e\u00edvanie<\/h3>\n<div class=\"disc\" data-bind=\"visible: Usage, html: Usage\">\n<p>U\u017e\u00edvajte 2 kapsuly denne s jedlom. Pou\u017e\u00edvajte tento produkt v r\u00e1mci vyv\u00e1\u017eenej a pestrej stravy ako s\u00fa\u010das\u0165 zdrav\u00e9ho a akt\u00edvneho \u017eivotn\u00e9ho \u0161t\u00fdlu.<\/p>\n<\/div>\n","protected":false},"excerpt":{"rendered":"<p>Podporte svoju ment\u00e1lnu v\u00fdkonnos\u0165* a majte kontrolu nad ka\u017edodenn\u00fdmi \u00falohami, a to aj po\u010das t\u00fdch najhektickej\u0161\u00edch dn\u00ed. Active Mind Complex je vyvinut\u00fd s vedecky podlo\u017eenou patentovanou zlo\u017ekou m\u00e4ty s mnoh\u00fdmi v\u00fdhodami. Active Mind Complex obsahuje zmes starostlivo vybran\u00fdch vitam\u00ednov, ako je kyselina listov\u00e1, kyselina pantot\u00e9nov\u00e1 a vitam\u00edny C, B6 a B12, pom\u00e1ha podporova\u0165 norm\u00e1lne psychick\u00e9 [&#8230;]\n","protected":false},"featured_media":208437,"comment_status":"open","ping_status":"closed","template":"","meta":[],"product_brand":[],"product_cat":[24],"product_tag":[],"class_list":{"0":"post-208436","1":"product","2":"type-product","3":"status-publish","4":"has-post-thumbnail","6":"product_cat-kazdodenna-podpora","8":"first","9":"instock","10":"taxable","11":"shipping-taxable","12":"purchasable","13":"product-type-simple"},"yoast_head":"<!-- This site is optimized with the Yoast SEO plugin v24.3 - https:\/\/yoast.com\/wordpress\/plugins\/seo\/ -->\n<title>Active Mind Complex - Herbaday<\/title>\n<meta name=\"robots\" content=\"index, follow, max-snippet:-1, max-image-preview:large, max-video-preview:-1\" \/>\n<link rel=\"canonical\" href=\"https:\/\/herbaday.sk\/index.php\/product\/active-mind-complex\/\" \/>\n<meta property=\"og:locale\" content=\"sk_SK\" \/>\n<meta property=\"og:type\" content=\"article\" \/>\n<meta property=\"og:title\" content=\"Active Mind Complex - Herbaday\" \/>\n<meta property=\"og:description\" content=\"Podporte svoju ment\u00e1lnu v\u00fdkonnos\u0165* a majte kontrolu nad ka\u017edodenn\u00fdmi \u00falohami, a to aj po\u010das t\u00fdch najhektickej\u0161\u00edch dn\u00ed. Active Mind Complex je vyvinut\u00fd s vedecky podlo\u017eenou patentovanou zlo\u017ekou m\u00e4ty s mnoh\u00fdmi v\u00fdhodami. Active Mind Complex obsahuje zmes starostlivo vybran\u00fdch vitam\u00ednov, ako je kyselina listov\u00e1, kyselina pantot\u00e9nov\u00e1 a vitam\u00edny C, B6 a B12, pom\u00e1ha podporova\u0165 norm\u00e1lne psychick\u00e9 [...]\" \/>\n<meta property=\"og:url\" content=\"https:\/\/herbaday.sk\/index.php\/product\/active-mind-complex\/\" \/>\n<meta property=\"og:site_name\" content=\"Herbaday\" \/>\n<meta property=\"article:modified_time\" content=\"2023-08-31T11:23:42+00:00\" \/>\n<meta property=\"og:image\" content=\"https:\/\/i0.wp.com\/herbaday.sk\/wp-content\/uploads\/2023\/04\/cq5dam.web_.800.800-5.png?fit=800%2C800&ssl=1\" \/>\n\t<meta property=\"og:image:width\" content=\"800\" \/>\n\t<meta property=\"og:image:height\" content=\"800\" \/>\n\t<meta property=\"og:image:type\" content=\"image\/png\" \/>\n<meta name=\"twitter:card\" content=\"summary_large_image\" \/>\n<meta name=\"twitter:label1\" content=\"Predpokladan\u00fd \u010das \u010d\u00edtania\" \/>\n\t<meta name=\"twitter:data1\" content=\"1 min\u00fata\" \/>\n<script type=\"application\/ld+json\" class=\"yoast-schema-graph\">{\"@context\":\"https:\/\/schema.org\",\"@graph\":[{\"@type\":\"WebPage\",\"@id\":\"https:\/\/herbaday.sk\/index.php\/product\/active-mind-complex\/\",\"url\":\"https:\/\/herbaday.sk\/index.php\/product\/active-mind-complex\/\",\"name\":\"Active Mind Complex - Herbaday\",\"isPartOf\":{\"@id\":\"https:\/\/herbaday.sk\/#website\"},\"primaryImageOfPage\":{\"@id\":\"https:\/\/herbaday.sk\/index.php\/product\/active-mind-complex\/#primaryimage\"},\"image\":{\"@id\":\"https:\/\/herbaday.sk\/index.php\/product\/active-mind-complex\/#primaryimage\"},\"thumbnailUrl\":\"https:\/\/i0.wp.com\/herbaday.sk\/wp-content\/uploads\/2023\/04\/cq5dam.web_.800.800-5.png?fit=800%2C800&ssl=1\",\"datePublished\":\"2023-04-27T20:05:46+00:00\",\"dateModified\":\"2023-08-31T11:23:42+00:00\",\"breadcrumb\":{\"@id\":\"https:\/\/herbaday.sk\/index.php\/product\/active-mind-complex\/#breadcrumb\"},\"inLanguage\":\"sk-SK\",\"potentialAction\":[{\"@type\":\"ReadAction\",\"target\":[\"https:\/\/herbaday.sk\/index.php\/product\/active-mind-complex\/\"]}]},{\"@type\":\"ImageObject\",\"inLanguage\":\"sk-SK\",\"@id\":\"https:\/\/herbaday.sk\/index.php\/product\/active-mind-complex\/#primaryimage\",\"url\":\"https:\/\/i0.wp.com\/herbaday.sk\/wp-content\/uploads\/2023\/04\/cq5dam.web_.800.800-5.png?fit=800%2C800&ssl=1\",\"contentUrl\":\"https:\/\/i0.wp.com\/herbaday.sk\/wp-content\/uploads\/2023\/04\/cq5dam.web_.800.800-5.png?fit=800%2C800&ssl=1\",\"width\":800,\"height\":800},{\"@type\":\"BreadcrumbList\",\"@id\":\"https:\/\/herbaday.sk\/index.php\/product\/active-mind-complex\/#breadcrumb\",\"itemListElement\":[{\"@type\":\"ListItem\",\"position\":1,\"name\":\"Domovsk\u00e1 str\u00e1nka\",\"item\":\"https:\/\/herbaday.sk\/\"},{\"@type\":\"ListItem\",\"position\":2,\"name\":\"Shop\",\"item\":\"https:\/\/herbaday.sk\/index.php\/shop\/\"},{\"@type\":\"ListItem\",\"position\":3,\"name\":\"Active Mind Complex\"}]},{\"@type\":\"WebSite\",\"@id\":\"https:\/\/herbaday.sk\/#website\",\"url\":\"https:\/\/herbaday.sk\/\",\"name\":\"Herbaday\",\"description\":\"Nez\u00e1visl\u00fd \u010dlen Herbalife Nutrition\",\"publisher\":{\"@id\":\"https:\/\/herbaday.sk\/#organization\"},\"potentialAction\":[{\"@type\":\"SearchAction\",\"target\":{\"@type\":\"EntryPoint\",\"urlTemplate\":\"https:\/\/herbaday.sk\/?s={search_term_string}\"},\"query-input\":{\"@type\":\"PropertyValueSpecification\",\"valueRequired\":true,\"valueName\":\"search_term_string\"}}],\"inLanguage\":\"sk-SK\"},{\"@type\":\"Organization\",\"@id\":\"https:\/\/herbaday.sk\/#organization\",\"name\":\"Herbaday\",\"url\":\"https:\/\/herbaday.sk\/\",\"logo\":{\"@type\":\"ImageObject\",\"inLanguage\":\"sk-SK\",\"@id\":\"https:\/\/herbaday.sk\/#\/schema\/logo\/image\/\",\"url\":\"http:\/\/herbaday.sk\/wp-content\/uploads\/2020\/11\/herbaday_logo.png\",\"contentUrl\":\"http:\/\/herbaday.sk\/wp-content\/uploads\/2020\/11\/herbaday_logo.png\",\"width\":2214,\"height\":545,\"caption\":\"Herbaday\"},\"image\":{\"@id\":\"https:\/\/herbaday.sk\/#\/schema\/logo\/image\/\"}}]}<\/script>\n<!-- \/ Yoast SEO plugin. -->","yoast_head_json":{"title":"Active Mind Complex - Herbaday","robots":{"index":"index","follow":"follow","max-snippet":"max-snippet:-1","max-image-preview":"max-image-preview:large","max-video-preview":"max-video-preview:-1"},"canonical":"https:\/\/herbaday.sk\/index.php\/product\/active-mind-complex\/","og_locale":"sk_SK","og_type":"article","og_title":"Active Mind Complex - Herbaday","og_description":"Podporte svoju ment\u00e1lnu v\u00fdkonnos\u0165* a majte kontrolu nad ka\u017edodenn\u00fdmi \u00falohami, a to aj po\u010das t\u00fdch najhektickej\u0161\u00edch dn\u00ed. Active Mind Complex je vyvinut\u00fd s vedecky podlo\u017eenou patentovanou zlo\u017ekou m\u00e4ty s mnoh\u00fdmi v\u00fdhodami. Active Mind Complex obsahuje zmes starostlivo vybran\u00fdch vitam\u00ednov, ako je kyselina listov\u00e1, kyselina pantot\u00e9nov\u00e1 a vitam\u00edny C, B6 a B12, pom\u00e1ha podporova\u0165 norm\u00e1lne psychick\u00e9 [...]","og_url":"https:\/\/herbaday.sk\/index.php\/product\/active-mind-complex\/","og_site_name":"Herbaday","article_modified_time":"2023-08-31T11:23:42+00:00","og_image":[{"width":800,"height":800,"url":"https:\/\/i0.wp.com\/herbaday.sk\/wp-content\/uploads\/2023\/04\/cq5dam.web_.800.800-5.png?fit=800%2C800&ssl=1","type":"image\/png"}],"twitter_card":"summary_large_image","twitter_misc":{"Predpokladan\u00fd \u010das \u010d\u00edtania":"1 min\u00fata"},"schema":{"@context":"https:\/\/schema.org","@graph":[{"@type":"WebPage","@id":"https:\/\/herbaday.sk\/index.php\/product\/active-mind-complex\/","url":"https:\/\/herbaday.sk\/index.php\/product\/active-mind-complex\/","name":"Active Mind Complex - Herbaday","isPartOf":{"@id":"https:\/\/herbaday.sk\/#website"},"primaryImageOfPage":{"@id":"https:\/\/herbaday.sk\/index.php\/product\/active-mind-complex\/#primaryimage"},"image":{"@id":"https:\/\/herbaday.sk\/index.php\/product\/active-mind-complex\/#primaryimage"},"thumbnailUrl":"https:\/\/i0.wp.com\/herbaday.sk\/wp-content\/uploads\/2023\/04\/cq5dam.web_.800.800-5.png?fit=800%2C800&ssl=1","datePublished":"2023-04-27T20:05:46+00:00","dateModified":"2023-08-31T11:23:42+00:00","breadcrumb":{"@id":"https:\/\/herbaday.sk\/index.php\/product\/active-mind-complex\/#breadcrumb"},"inLanguage":"sk-SK","potentialAction":[{"@type":"ReadAction","target":["https:\/\/herbaday.sk\/index.php\/product\/active-mind-complex\/"]}]},{"@type":"ImageObject","inLanguage":"sk-SK","@id":"https:\/\/herbaday.sk\/index.php\/product\/active-mind-complex\/#primaryimage","url":"https:\/\/i0.wp.com\/herbaday.sk\/wp-content\/uploads\/2023\/04\/cq5dam.web_.800.800-5.png?fit=800%2C800&ssl=1","contentUrl":"https:\/\/i0.wp.com\/herbaday.sk\/wp-content\/uploads\/2023\/04\/cq5dam.web_.800.800-5.png?fit=800%2C800&ssl=1","width":800,"height":800},{"@type":"BreadcrumbList","@id":"https:\/\/herbaday.sk\/index.php\/product\/active-mind-complex\/#breadcrumb","itemListElement":[{"@type":"ListItem","position":1,"name":"Domovsk\u00e1 str\u00e1nka","item":"https:\/\/herbaday.sk\/"},{"@type":"ListItem","position":2,"name":"Shop","item":"https:\/\/herbaday.sk\/index.php\/shop\/"},{"@type":"ListItem","position":3,"name":"Active Mind Complex"}]},{"@type":"WebSite","@id":"https:\/\/herbaday.sk\/#website","url":"https:\/\/herbaday.sk\/","name":"Herbaday","description":"Nez\u00e1visl\u00fd \u010dlen Herbalife Nutrition","publisher":{"@id":"https:\/\/herbaday.sk\/#organization"},"potentialAction":[{"@type":"SearchAction","target":{"@type":"EntryPoint","urlTemplate":"https:\/\/herbaday.sk\/?s={search_term_string}"},"query-input":{"@type":"PropertyValueSpecification","valueRequired":true,"valueName":"search_term_string"}}],"inLanguage":"sk-SK"},{"@type":"Organization","@id":"https:\/\/herbaday.sk\/#organization","name":"Herbaday","url":"https:\/\/herbaday.sk\/","logo":{"@type":"ImageObject","inLanguage":"sk-SK","@id":"https:\/\/herbaday.sk\/#\/schema\/logo\/image\/","url":"http:\/\/herbaday.sk\/wp-content\/uploads\/2020\/11\/herbaday_logo.png","contentUrl":"http:\/\/herbaday.sk\/wp-content\/uploads\/2020\/11\/herbaday_logo.png","width":2214,"height":545,"caption":"Herbaday"},"image":{"@id":"https:\/\/herbaday.sk\/#\/schema\/logo\/image\/"}}]}},"jetpack_sharing_enabled":true,"_links":{"self":[{"href":"https:\/\/herbaday.sk\/index.php\/wp-json\/wp\/v2\/product\/208436","targetHints":{"allow":["GET"]}}],"collection":[{"href":"https:\/\/herbaday.sk\/index.php\/wp-json\/wp\/v2\/product"}],"about":[{"href":"https:\/\/herbaday.sk\/index.php\/wp-json\/wp\/v2\/types\/product"}],"replies":[{"embeddable":true,"href":"https:\/\/herbaday.sk\/index.php\/wp-json\/wp\/v2\/comments?post=208436"}],"wp:featuredmedia":[{"embeddable":true,"href":"https:\/\/herbaday.sk\/index.php\/wp-json\/wp\/v2\/media\/208437"}],"wp:attachment":[{"href":"https:\/\/herbaday.sk\/index.php\/wp-json\/wp\/v2\/media?parent=208436"}],"wp:term":[{"taxonomy":"product_brand","embeddable":true,"href":"https:\/\/herbaday.sk\/index.php\/wp-json\/wp\/v2\/product_brand?post=208436"},{"taxonomy":"product_cat","embeddable":true,"href":"https:\/\/herbaday.sk\/index.php\/wp-json\/wp\/v2\/product_cat?post=208436"},{"taxonomy":"product_tag","embeddable":true,"href":"https:\/\/herbaday.sk\/index.php\/wp-json\/wp\/v2\/product_tag?post=208436"}],"curies":[{"name":"wp","href":"https:\/\/api.w.org\/{rel}","templated":true}]}}