{"id":208665,"date":"2023-10-05T18:54:00","date_gmt":"2023-10-05T18:54:00","guid":{"rendered":"https:\/\/herbaday.sk\/?post_type=product&#038;p=208665"},"modified":"2025-01-06T19:49:15","modified_gmt":"2025-01-06T19:49:15","slug":"night-mode-harmancek-a-broskyna-180-g","status":"publish","type":"product","link":"https:\/\/herbaday.sk\/index.php\/product\/night-mode-harmancek-a-broskyna-180-g\/","title":{"rendered":"Night Mode &#8211; Harman\u010dek a brosky\u0148a 180 g"},"content":{"rendered":"<h4>7 dn\u00ed* k lep\u0161iemu sp\u00e1nku s Herbalife Night Mode.<\/h4>\n<h4>No\u010dn\u00fd n\u00e1poj so vz\u00e1cnym extraktom zo \u0161afranu, u ktor\u00e9ho bolo vedecky dok\u00e1zan\u00e9, \u017ee zlep\u0161uje kvalitu sp\u00e1nku u\u017e za 7 dn\u00ed*. M\u00f4\u017ee tie\u017e pom\u00f4c\u0165 zlep\u0161i\u0165 va\u0161u n\u00e1ladu po prebuden\u00ed a zv\u00fd\u0161i\u0165 hladinu melaton\u00ednu ve\u010der tak, aby podporil v\u00e1\u0161 cyklus sp\u00e1nku\/prebudenia**. Extrakt zo \u0161afranu v Night Mode pom\u00f4\u017ee tie\u017e zn\u00ed\u017ei\u0165 nespavos\u0165** a po kvalitnom sp\u00e1nku v noci sa budete r\u00e1no c\u00edti\u0165 svie\u017ei.<\/h4>\n<h4>Kvalitn\u00fd sp\u00e1nok je \u017eivotne d\u00f4le\u017eit\u00fd pre na\u0161u celkov\u00fa pohodu, preto\u017ee prin\u00e1\u0161a mno\u017estvo v\u00fdhod. Zlep\u0161uje fyzick\u00e9 zdravie a umo\u017e\u0148uje n\u00e1\u0161mu telu v priebehu noci regenerova\u0165. Zvy\u0161uje na\u0161u du\u0161evn\u00fa pohodu a podporuje emo\u010dn\u00fa rovnov\u00e1hu. To v\u0161etko vedie k zlep\u0161eniu n\u00e1lady, zv\u00fd\u0161eniu hladiny energie a lep\u0161ej koncentr\u00e1cii po cel\u00fd de\u0148.<\/h4>\n<h4>Zara\u010fte do svojej no\u010dnej rutiny Night Mode pre lep\u0161\u00ed sp\u00e1nok. Posa\u010fte sa, uvo\u013enite sa a vychutnajte si svoju \u0161\u00e1lku s pr\u00edchu\u0165ou harman\u010deka a broskyne.<\/h4>\n<p>&nbsp;<\/p>\n<h5 data-bind=\"visible: KeyBenefits\">K\u013e\u00fa\u010dov\u00e9 V\u00fdhody<\/h5>\n<div class=\"disc\" data-bind=\"visible: KeyBenefits, html: KeyBenefits\">\n<ul>\n<li>U\u017e\u00edvajte pred span\u00edm<\/li>\n<li>Vz\u00e1cny extrakt zo \u0161afranu, u ktor\u00e9ho bolo vedecky dok\u00e1zan\u00e9, \u017ee zlep\u0161uje kvalitu sp\u00e1nku u\u017e za 7 dn\u00ed**<\/li>\n<li>Vysok\u00fd obsah vitam\u00ednu B6 prispieva k spr\u00e1vnej psychickej \u010dinnosti a k spr\u00e1vnej \u010dinnosti nervovej s\u00fastavy<\/li>\n<li>Vysok\u00fd obsah riboflav\u00ednu prispieva k spr\u00e1vnej funkcii nervov\u00e9ho syst\u00e9mu a k zn\u00ed\u017eeniu \u00fanavy a vy\u010derpania<\/li>\n<li>Obsahuje farbiv\u00e1 z pr\u00edrodn\u00fdch zdrojov a neobsahuje umel\u00e9 dochucovadl\u00e1<\/li>\n<li>Vhodn\u00fd pre veg\u00e1nov<\/li>\n<li>Bez lepku<\/li>\n<li>Bez cukru<\/li>\n<li>Bez kofe\u00ednu<\/li>\n<li>Bez lakt\u00f3zy<\/li>\n<\/ul>\n<\/div>\n<h5 data-bind=\"visible: Usage\">Pou\u017e\u00edvanie<\/h5>\n<div class=\"disc\" data-bind=\"visible: Usage, html: Usage\">\n<p>Pridajte jednu odmerku (6 g) do pol \u0161\u00e1lky studenej alebo teplej vody (okolo 150 ml), premie\u0161ajte a vychutnajte si pribli\u017ene hodinu pred span\u00edm. Pou\u017e\u00edvajte jedenkr\u00e1t denne.<\/p>\n<p>U\u017e\u00edvajte tento produkt, ako s\u00fa\u010das\u0165 vyv\u00e1\u017eenej a pestrej stravy, ako s\u00fa\u010das\u0165 zdrav\u00e9ho a akt\u00edvneho \u017eivotn\u00e9ho \u0161t\u00fdlu.<\/p>\n<\/div>\n<p class=\"note\" data-bind=\"visible: SpecialNotes, text: SpecialNotes\">* V\u00fdsledky zalo\u017een\u00e9 na klinick\u00fdch \u0161t\u00fadi\u00e1ch s\u00fa zvy\u010dajne spozorovan\u00e9 po 7 d\u0148och u\u017e\u00edvania, 28 mg extraktu \u0161afranu denne. ** V\u00fdsledok na z\u00e1klade klinick\u00fdch \u0161t\u00fadi\u00ed je zvy\u010dajne spozorovan\u00fd po 28 d\u0148och u\u017e\u00edvania, 28 mg extraktu \u0161afranu denne.<\/p>\n<p data-bind=\"visible: SpecialNotes, text: SpecialNotes\">\n<h3 data-bind=\"visible: SpecialNotes, text: SpecialNotes\">Night Mode sa nedod\u00e1va s odmerkou, udr\u017eate\u013en\u00fa odmerku si objednajte cez SKU 2B08.<\/h3>\n","protected":false},"excerpt":{"rendered":"<p>7 dn\u00ed* k lep\u0161iemu sp\u00e1nku s Herbalife Night Mode. No\u010dn\u00fd n\u00e1poj so vz\u00e1cnym extraktom zo \u0161afranu, u ktor\u00e9ho bolo vedecky dok\u00e1zan\u00e9, \u017ee zlep\u0161uje kvalitu sp\u00e1nku u\u017e za 7 dn\u00ed*. M\u00f4\u017ee tie\u017e pom\u00f4c\u0165 zlep\u0161i\u0165 va\u0161u n\u00e1ladu po prebuden\u00ed a zv\u00fd\u0161i\u0165 hladinu melaton\u00ednu ve\u010der tak, aby podporil v\u00e1\u0161 cyklus sp\u00e1nku\/prebudenia**. Extrakt zo \u0161afranu v Night Mode pom\u00f4\u017ee [&#8230;]\n","protected":false},"featured_media":208666,"comment_status":"open","ping_status":"closed","template":"","meta":[],"product_brand":[],"product_cat":[15],"product_tag":[],"class_list":{"0":"post-208665","1":"product","2":"type-product","3":"status-publish","4":"has-post-thumbnail","6":"product_cat-uncategorized","8":"first","9":"instock","10":"taxable","11":"shipping-taxable","12":"purchasable","13":"product-type-simple"},"yoast_head":"<!-- This site is optimized with the Yoast SEO plugin v24.3 - https:\/\/yoast.com\/wordpress\/plugins\/seo\/ -->\n<title>Night Mode - Harman\u010dek a brosky\u0148a 180 g - Herbaday<\/title>\n<meta name=\"robots\" content=\"index, follow, max-snippet:-1, max-image-preview:large, max-video-preview:-1\" \/>\n<link rel=\"canonical\" href=\"https:\/\/herbaday.sk\/index.php\/product\/night-mode-harmancek-a-broskyna-180-g\/\" \/>\n<meta property=\"og:locale\" content=\"sk_SK\" \/>\n<meta property=\"og:type\" content=\"article\" \/>\n<meta property=\"og:title\" content=\"Night Mode - Harman\u010dek a brosky\u0148a 180 g - Herbaday\" \/>\n<meta property=\"og:description\" content=\"7 dn\u00ed* k lep\u0161iemu sp\u00e1nku s Herbalife Night Mode. No\u010dn\u00fd n\u00e1poj so vz\u00e1cnym extraktom zo \u0161afranu, u ktor\u00e9ho bolo vedecky dok\u00e1zan\u00e9, \u017ee zlep\u0161uje kvalitu sp\u00e1nku u\u017e za 7 dn\u00ed*. M\u00f4\u017ee tie\u017e pom\u00f4c\u0165 zlep\u0161i\u0165 va\u0161u n\u00e1ladu po prebuden\u00ed a zv\u00fd\u0161i\u0165 hladinu melaton\u00ednu ve\u010der tak, aby podporil v\u00e1\u0161 cyklus sp\u00e1nku\/prebudenia**. Extrakt zo \u0161afranu v Night Mode pom\u00f4\u017ee [...]\" \/>\n<meta property=\"og:url\" content=\"https:\/\/herbaday.sk\/index.php\/product\/night-mode-harmancek-a-broskyna-180-g\/\" \/>\n<meta property=\"og:site_name\" content=\"Herbaday\" \/>\n<meta property=\"article:modified_time\" content=\"2025-01-06T19:49:15+00:00\" \/>\n<meta property=\"og:image\" content=\"https:\/\/i0.wp.com\/herbaday.sk\/wp-content\/uploads\/2023\/10\/cq5dam.web_.800.800-3.jpeg?fit=800%2C800&ssl=1\" \/>\n\t<meta property=\"og:image:width\" content=\"800\" \/>\n\t<meta property=\"og:image:height\" content=\"800\" \/>\n\t<meta property=\"og:image:type\" content=\"image\/jpeg\" \/>\n<meta name=\"twitter:card\" content=\"summary_large_image\" \/>\n<meta name=\"twitter:label1\" content=\"Predpokladan\u00fd \u010das \u010d\u00edtania\" \/>\n\t<meta name=\"twitter:data1\" content=\"2 min\u00faty\" \/>\n<script type=\"application\/ld+json\" class=\"yoast-schema-graph\">{\"@context\":\"https:\/\/schema.org\",\"@graph\":[{\"@type\":\"WebPage\",\"@id\":\"https:\/\/herbaday.sk\/index.php\/product\/night-mode-harmancek-a-broskyna-180-g\/\",\"url\":\"https:\/\/herbaday.sk\/index.php\/product\/night-mode-harmancek-a-broskyna-180-g\/\",\"name\":\"Night Mode - Harman\u010dek a brosky\u0148a 180 g - Herbaday\",\"isPartOf\":{\"@id\":\"https:\/\/herbaday.sk\/#website\"},\"primaryImageOfPage\":{\"@id\":\"https:\/\/herbaday.sk\/index.php\/product\/night-mode-harmancek-a-broskyna-180-g\/#primaryimage\"},\"image\":{\"@id\":\"https:\/\/herbaday.sk\/index.php\/product\/night-mode-harmancek-a-broskyna-180-g\/#primaryimage\"},\"thumbnailUrl\":\"https:\/\/i0.wp.com\/herbaday.sk\/wp-content\/uploads\/2023\/10\/cq5dam.web_.800.800-3.jpeg?fit=800%2C800&ssl=1\",\"datePublished\":\"2023-10-05T18:54:00+00:00\",\"dateModified\":\"2025-01-06T19:49:15+00:00\",\"breadcrumb\":{\"@id\":\"https:\/\/herbaday.sk\/index.php\/product\/night-mode-harmancek-a-broskyna-180-g\/#breadcrumb\"},\"inLanguage\":\"sk-SK\",\"potentialAction\":[{\"@type\":\"ReadAction\",\"target\":[\"https:\/\/herbaday.sk\/index.php\/product\/night-mode-harmancek-a-broskyna-180-g\/\"]}]},{\"@type\":\"ImageObject\",\"inLanguage\":\"sk-SK\",\"@id\":\"https:\/\/herbaday.sk\/index.php\/product\/night-mode-harmancek-a-broskyna-180-g\/#primaryimage\",\"url\":\"https:\/\/i0.wp.com\/herbaday.sk\/wp-content\/uploads\/2023\/10\/cq5dam.web_.800.800-3.jpeg?fit=800%2C800&ssl=1\",\"contentUrl\":\"https:\/\/i0.wp.com\/herbaday.sk\/wp-content\/uploads\/2023\/10\/cq5dam.web_.800.800-3.jpeg?fit=800%2C800&ssl=1\",\"width\":800,\"height\":800,\"caption\":\"Night Mode v\u00fd\u017eivov\u00fd doplnok- produktov\u00e1 fotografia\"},{\"@type\":\"BreadcrumbList\",\"@id\":\"https:\/\/herbaday.sk\/index.php\/product\/night-mode-harmancek-a-broskyna-180-g\/#breadcrumb\",\"itemListElement\":[{\"@type\":\"ListItem\",\"position\":1,\"name\":\"Domovsk\u00e1 str\u00e1nka\",\"item\":\"https:\/\/herbaday.sk\/\"},{\"@type\":\"ListItem\",\"position\":2,\"name\":\"Shop\",\"item\":\"https:\/\/herbaday.sk\/index.php\/shop\/\"},{\"@type\":\"ListItem\",\"position\":3,\"name\":\"Night Mode &#8211; Harman\u010dek a brosky\u0148a 180 g\"}]},{\"@type\":\"WebSite\",\"@id\":\"https:\/\/herbaday.sk\/#website\",\"url\":\"https:\/\/herbaday.sk\/\",\"name\":\"Herbaday\",\"description\":\"Nez\u00e1visl\u00fd \u010dlen Herbalife Nutrition\",\"publisher\":{\"@id\":\"https:\/\/herbaday.sk\/#organization\"},\"potentialAction\":[{\"@type\":\"SearchAction\",\"target\":{\"@type\":\"EntryPoint\",\"urlTemplate\":\"https:\/\/herbaday.sk\/?s={search_term_string}\"},\"query-input\":{\"@type\":\"PropertyValueSpecification\",\"valueRequired\":true,\"valueName\":\"search_term_string\"}}],\"inLanguage\":\"sk-SK\"},{\"@type\":\"Organization\",\"@id\":\"https:\/\/herbaday.sk\/#organization\",\"name\":\"Herbaday\",\"url\":\"https:\/\/herbaday.sk\/\",\"logo\":{\"@type\":\"ImageObject\",\"inLanguage\":\"sk-SK\",\"@id\":\"https:\/\/herbaday.sk\/#\/schema\/logo\/image\/\",\"url\":\"http:\/\/herbaday.sk\/wp-content\/uploads\/2020\/11\/herbaday_logo.png\",\"contentUrl\":\"http:\/\/herbaday.sk\/wp-content\/uploads\/2020\/11\/herbaday_logo.png\",\"width\":2214,\"height\":545,\"caption\":\"Herbaday\"},\"image\":{\"@id\":\"https:\/\/herbaday.sk\/#\/schema\/logo\/image\/\"}}]}<\/script>\n<!-- \/ Yoast SEO plugin. -->","yoast_head_json":{"title":"Night Mode - Harman\u010dek a brosky\u0148a 180 g - Herbaday","robots":{"index":"index","follow":"follow","max-snippet":"max-snippet:-1","max-image-preview":"max-image-preview:large","max-video-preview":"max-video-preview:-1"},"canonical":"https:\/\/herbaday.sk\/index.php\/product\/night-mode-harmancek-a-broskyna-180-g\/","og_locale":"sk_SK","og_type":"article","og_title":"Night Mode - Harman\u010dek a brosky\u0148a 180 g - Herbaday","og_description":"7 dn\u00ed* k lep\u0161iemu sp\u00e1nku s Herbalife Night Mode. No\u010dn\u00fd n\u00e1poj so vz\u00e1cnym extraktom zo \u0161afranu, u ktor\u00e9ho bolo vedecky dok\u00e1zan\u00e9, \u017ee zlep\u0161uje kvalitu sp\u00e1nku u\u017e za 7 dn\u00ed*. M\u00f4\u017ee tie\u017e pom\u00f4c\u0165 zlep\u0161i\u0165 va\u0161u n\u00e1ladu po prebuden\u00ed a zv\u00fd\u0161i\u0165 hladinu melaton\u00ednu ve\u010der tak, aby podporil v\u00e1\u0161 cyklus sp\u00e1nku\/prebudenia**. Extrakt zo \u0161afranu v Night Mode pom\u00f4\u017ee [...]","og_url":"https:\/\/herbaday.sk\/index.php\/product\/night-mode-harmancek-a-broskyna-180-g\/","og_site_name":"Herbaday","article_modified_time":"2025-01-06T19:49:15+00:00","og_image":[{"width":800,"height":800,"url":"https:\/\/i0.wp.com\/herbaday.sk\/wp-content\/uploads\/2023\/10\/cq5dam.web_.800.800-3.jpeg?fit=800%2C800&ssl=1","type":"image\/jpeg"}],"twitter_card":"summary_large_image","twitter_misc":{"Predpokladan\u00fd \u010das \u010d\u00edtania":"2 min\u00faty"},"schema":{"@context":"https:\/\/schema.org","@graph":[{"@type":"WebPage","@id":"https:\/\/herbaday.sk\/index.php\/product\/night-mode-harmancek-a-broskyna-180-g\/","url":"https:\/\/herbaday.sk\/index.php\/product\/night-mode-harmancek-a-broskyna-180-g\/","name":"Night Mode - Harman\u010dek a brosky\u0148a 180 g - Herbaday","isPartOf":{"@id":"https:\/\/herbaday.sk\/#website"},"primaryImageOfPage":{"@id":"https:\/\/herbaday.sk\/index.php\/product\/night-mode-harmancek-a-broskyna-180-g\/#primaryimage"},"image":{"@id":"https:\/\/herbaday.sk\/index.php\/product\/night-mode-harmancek-a-broskyna-180-g\/#primaryimage"},"thumbnailUrl":"https:\/\/i0.wp.com\/herbaday.sk\/wp-content\/uploads\/2023\/10\/cq5dam.web_.800.800-3.jpeg?fit=800%2C800&ssl=1","datePublished":"2023-10-05T18:54:00+00:00","dateModified":"2025-01-06T19:49:15+00:00","breadcrumb":{"@id":"https:\/\/herbaday.sk\/index.php\/product\/night-mode-harmancek-a-broskyna-180-g\/#breadcrumb"},"inLanguage":"sk-SK","potentialAction":[{"@type":"ReadAction","target":["https:\/\/herbaday.sk\/index.php\/product\/night-mode-harmancek-a-broskyna-180-g\/"]}]},{"@type":"ImageObject","inLanguage":"sk-SK","@id":"https:\/\/herbaday.sk\/index.php\/product\/night-mode-harmancek-a-broskyna-180-g\/#primaryimage","url":"https:\/\/i0.wp.com\/herbaday.sk\/wp-content\/uploads\/2023\/10\/cq5dam.web_.800.800-3.jpeg?fit=800%2C800&ssl=1","contentUrl":"https:\/\/i0.wp.com\/herbaday.sk\/wp-content\/uploads\/2023\/10\/cq5dam.web_.800.800-3.jpeg?fit=800%2C800&ssl=1","width":800,"height":800,"caption":"Night Mode v\u00fd\u017eivov\u00fd doplnok- produktov\u00e1 fotografia"},{"@type":"BreadcrumbList","@id":"https:\/\/herbaday.sk\/index.php\/product\/night-mode-harmancek-a-broskyna-180-g\/#breadcrumb","itemListElement":[{"@type":"ListItem","position":1,"name":"Domovsk\u00e1 str\u00e1nka","item":"https:\/\/herbaday.sk\/"},{"@type":"ListItem","position":2,"name":"Shop","item":"https:\/\/herbaday.sk\/index.php\/shop\/"},{"@type":"ListItem","position":3,"name":"Night Mode &#8211; Harman\u010dek a brosky\u0148a 180 g"}]},{"@type":"WebSite","@id":"https:\/\/herbaday.sk\/#website","url":"https:\/\/herbaday.sk\/","name":"Herbaday","description":"Nez\u00e1visl\u00fd \u010dlen Herbalife Nutrition","publisher":{"@id":"https:\/\/herbaday.sk\/#organization"},"potentialAction":[{"@type":"SearchAction","target":{"@type":"EntryPoint","urlTemplate":"https:\/\/herbaday.sk\/?s={search_term_string}"},"query-input":{"@type":"PropertyValueSpecification","valueRequired":true,"valueName":"search_term_string"}}],"inLanguage":"sk-SK"},{"@type":"Organization","@id":"https:\/\/herbaday.sk\/#organization","name":"Herbaday","url":"https:\/\/herbaday.sk\/","logo":{"@type":"ImageObject","inLanguage":"sk-SK","@id":"https:\/\/herbaday.sk\/#\/schema\/logo\/image\/","url":"http:\/\/herbaday.sk\/wp-content\/uploads\/2020\/11\/herbaday_logo.png","contentUrl":"http:\/\/herbaday.sk\/wp-content\/uploads\/2020\/11\/herbaday_logo.png","width":2214,"height":545,"caption":"Herbaday"},"image":{"@id":"https:\/\/herbaday.sk\/#\/schema\/logo\/image\/"}}]}},"jetpack_sharing_enabled":true,"_links":{"self":[{"href":"https:\/\/herbaday.sk\/index.php\/wp-json\/wp\/v2\/product\/208665","targetHints":{"allow":["GET"]}}],"collection":[{"href":"https:\/\/herbaday.sk\/index.php\/wp-json\/wp\/v2\/product"}],"about":[{"href":"https:\/\/herbaday.sk\/index.php\/wp-json\/wp\/v2\/types\/product"}],"replies":[{"embeddable":true,"href":"https:\/\/herbaday.sk\/index.php\/wp-json\/wp\/v2\/comments?post=208665"}],"wp:featuredmedia":[{"embeddable":true,"href":"https:\/\/herbaday.sk\/index.php\/wp-json\/wp\/v2\/media\/208666"}],"wp:attachment":[{"href":"https:\/\/herbaday.sk\/index.php\/wp-json\/wp\/v2\/media?parent=208665"}],"wp:term":[{"taxonomy":"product_brand","embeddable":true,"href":"https:\/\/herbaday.sk\/index.php\/wp-json\/wp\/v2\/product_brand?post=208665"},{"taxonomy":"product_cat","embeddable":true,"href":"https:\/\/herbaday.sk\/index.php\/wp-json\/wp\/v2\/product_cat?post=208665"},{"taxonomy":"product_tag","embeddable":true,"href":"https:\/\/herbaday.sk\/index.php\/wp-json\/wp\/v2\/product_tag?post=208665"}],"curies":[{"name":"wp","href":"https:\/\/api.w.org\/{rel}","templated":true}]}}