{"id":209288,"date":"2024-10-06T20:34:43","date_gmt":"2024-10-06T20:34:43","guid":{"rendered":"https:\/\/herbaday.sk\/?post_type=product&#038;p=209288"},"modified":"2024-10-06T20:34:43","modified_gmt":"2024-10-06T20:34:43","slug":"herbalife-gels-nutrientvita-kids-tutti-frutti-30-zuvacich-gelovych-tabliet","status":"publish","type":"product","link":"https:\/\/herbaday.sk\/index.php\/product\/herbalife-gels-nutrientvita-kids-tutti-frutti-30-zuvacich-gelovych-tabliet\/","title":{"rendered":"Herbalife Gels NutrientVita Kids Tutti frutti 30 \u017euvac\u00edch g\u00e9lov\u00fdch tabliet"},"content":{"rendered":"<section class=\"product-content\">\n<div class=\"info-content\">\n<article>Podporte rast a v\u00fdvoj svojich det\u00ed* s Herbalife Gels NutrientVita Kids.<br \/>\nNutrientVita Kids s\u00fa lahodn\u00e9 \u017euvacie g\u00e9lov\u00e9 tablety s ovocnou pr\u00edchu\u0165ou, \u0161peci\u00e1lne navrhnut\u00e9 tak, aby poskytovali k\u013e\u00fa\u010dov\u00e9 \u017eiviny, ktor\u00e9 tel\u00e1 vo v\u00fdvine potrebuj\u00fa*. Ka\u017ed\u00e1 g\u00e9lov\u00e1 tableta obsahuje 12 vitam\u00ednov a miner\u00e1lov, v\u010faka \u010domu je zdravie v\u00e1\u0161ho die\u0165a\u0165a podporen\u00e9 pohodln\u00fdm a chutn\u00fdm sp\u00f4sobom.<br \/>\nNutrientVita Kids obsahuje j\u00f3d na podporu norm\u00e1lneho rastu det\u00ed, vitam\u00edn D pre rast a v\u00fdvoj kost\u00ed a vitam\u00edn C, ktor\u00fd prispieva k norm\u00e1lnej funkcii imunitn\u00e9ho syst\u00e9mu. Tieto k\u013e\u00fa\u010dov\u00e9 \u017eiviny pom\u00e1haj\u00fa v\u00e1\u0161mu die\u0165a\u0165u zosta\u0165 zdrav\u00e9 a akt\u00edvne.<br \/>\nNutrientVita Kids obsahuje pr\u00edrodn\u00e9 farbiv\u00e1 a ar\u00f3my. Doplnok, ktor\u00e9mu m\u00f4\u017eete d\u00f4verova\u0165. Lahodn\u00e1 ovocn\u00e1 pr\u00edchu\u0165 je pr\u00edjemn\u00e1 pre deti a \u013eahko \u017euvate\u013en\u00e1 g\u00e9lov\u00e1 tableta sa perfektne hod\u00ed do ka\u017edodennej rutiny.<br \/>\nDoprajte svojim de\u0165om nutri\u010dn\u00fa podporu, ktor\u00fa ich vyv\u00edjaj\u00face sa telo potrebuje* s Herbalife Gels NutrientVita Kids.<\/p>\n<p>*Vysok\u00fd obsah vitam\u00ednu D pre norm\u00e1lny rast a v\u00fdvoj kost\u00ed a norm\u00e1lnu funkciu imunitn\u00e9ho syst\u00e9mu u det\u00ed. Obsahuje j\u00f3d na podporu norm\u00e1lneho rastu det\u00ed.<\/p>\n<h5 data-bind=\"visible: KeyBenefits\">K\u013e\u00fa\u010dov\u00e9 V\u00fdhody<\/h5>\n<div class=\"disc\" data-bind=\"visible: KeyBenefits, html: KeyBenefits\">\n<ul>\n<li>Obsahuje j\u00f3d na podporu norm\u00e1lneho rastu det\u00ed<\/li>\n<li>Vysok\u00fd obsah vitam\u00ednu D pre rast a v\u00fdvoj kost\u00ed a norm\u00e1lnu funkciu imunitn\u00e9ho syst\u00e9mu u det\u00ed<\/li>\n<li>Obsahuje vitam\u00edn C, ktor\u00fd prispieva k norm\u00e1lnej funkcii imunitn\u00e9ho syst\u00e9mu<\/li>\n<li>Lahodn\u00e1 pr\u00edchu\u0165 Tutti Frutti<\/li>\n<li>Bez cukru<\/li>\n<li>Bez lepku<\/li>\n<li>Obsahuje pr\u00edrodn\u00e9 farbivo a ar\u00f3my<\/li>\n<li>Dod\u00e1va sa v balen\u00ed s 30 \u017euvac\u00edmi g\u00e9lov\u00fdmi tabletami<\/li>\n<\/ul>\n<\/div>\n<h5 data-bind=\"visible: FastFacts\">R\u00fdchle Fakty<\/h5>\n<div class=\"disc\" data-bind=\"visible: FastFacts, html: FastFacts\">\n<p>Lahodn\u00fd \u017euvac\u00ed g\u00e9lov\u00fd v\u00fd\u017eivov\u00fd doplnok pre deti, ktor\u00fd obsahuje 12 k\u013e\u00fa\u010dov\u00fdch vitam\u00ednov a miner\u00e1lov.<\/p>\n<\/div>\n<h5 data-bind=\"visible: Usage\">Pou\u017e\u00edvanie<\/h5>\n<div class=\"disc\" data-bind=\"visible: Usage, html: Usage\">\n<p>U\u017e\u00edvajte 1 g\u00e9lov\u00fa tabletu denne pre deti vo veku 4-10 rokov a 2 g\u00e9lov\u00e9 tablety denne pre deti vo veku 11-17 rokov.<br \/>\nDodr\u017eiavajte odpor\u00fa\u010den\u00e9 d\u00e1vkovanie. Tento produkt by sa mal pred prehltnut\u00edm d\u00f4kladne po\u017eu\u0165. Deti by mali by\u0165 pod doh\u013eadom dospelej osoby.<br \/>\nProdukt pou\u017e\u00edvajte v r\u00e1mci vyv\u00e1\u017eenej a pestrej stravy ako s\u00fa\u010das\u0165 zdrav\u00e9ho akt\u00edvneho \u017eivotn\u00e9ho \u0161t\u00fdlu.<\/p>\n<\/div>\n<\/article>\n<\/div>\n<\/section>\n","protected":false},"excerpt":{"rendered":"<p>Podporte rast a v\u00fdvoj svojich det\u00ed* s Herbalife Gels NutrientVita Kids. NutrientVita Kids s\u00fa lahodn\u00e9 \u017euvacie g\u00e9lov\u00e9 tablety s ovocnou pr\u00edchu\u0165ou, \u0161peci\u00e1lne navrhnut\u00e9 tak, aby poskytovali k\u013e\u00fa\u010dov\u00e9 \u017eiviny, ktor\u00e9 tel\u00e1 vo v\u00fdvine potrebuj\u00fa*. Ka\u017ed\u00e1 g\u00e9lov\u00e1 tableta obsahuje 12 vitam\u00ednov a miner\u00e1lov, v\u010faka \u010domu je zdravie v\u00e1\u0161ho die\u0165a\u0165a podporen\u00e9 pohodln\u00fdm a chutn\u00fdm sp\u00f4sobom. NutrientVita Kids obsahuje [&#8230;]\n","protected":false},"featured_media":209289,"comment_status":"open","ping_status":"closed","template":"","meta":[],"product_brand":[],"product_cat":[24],"product_tag":[],"class_list":{"0":"post-209288","1":"product","2":"type-product","3":"status-publish","4":"has-post-thumbnail","6":"product_cat-kazdodenna-podpora","8":"first","9":"instock","10":"taxable","11":"shipping-taxable","12":"purchasable","13":"product-type-simple"},"yoast_head":"<!-- This site is optimized with the Yoast SEO plugin v24.3 - https:\/\/yoast.com\/wordpress\/plugins\/seo\/ -->\n<title>Herbalife Gels NutrientVita Kids Tutti frutti 30 \u017euvac\u00edch g\u00e9lov\u00fdch tabliet - Herbaday<\/title>\n<meta name=\"robots\" content=\"index, follow, max-snippet:-1, max-image-preview:large, max-video-preview:-1\" \/>\n<link rel=\"canonical\" href=\"https:\/\/herbaday.sk\/index.php\/product\/herbalife-gels-nutrientvita-kids-tutti-frutti-30-zuvacich-gelovych-tabliet\/\" \/>\n<meta property=\"og:locale\" content=\"sk_SK\" \/>\n<meta property=\"og:type\" content=\"article\" \/>\n<meta property=\"og:title\" content=\"Herbalife Gels NutrientVita Kids Tutti frutti 30 \u017euvac\u00edch g\u00e9lov\u00fdch tabliet - Herbaday\" \/>\n<meta property=\"og:description\" content=\"Podporte rast a v\u00fdvoj svojich det\u00ed* s Herbalife Gels NutrientVita Kids. NutrientVita Kids s\u00fa lahodn\u00e9 \u017euvacie g\u00e9lov\u00e9 tablety s ovocnou pr\u00edchu\u0165ou, \u0161peci\u00e1lne navrhnut\u00e9 tak, aby poskytovali k\u013e\u00fa\u010dov\u00e9 \u017eiviny, ktor\u00e9 tel\u00e1 vo v\u00fdvine potrebuj\u00fa*. Ka\u017ed\u00e1 g\u00e9lov\u00e1 tableta obsahuje 12 vitam\u00ednov a miner\u00e1lov, v\u010faka \u010domu je zdravie v\u00e1\u0161ho die\u0165a\u0165a podporen\u00e9 pohodln\u00fdm a chutn\u00fdm sp\u00f4sobom. NutrientVita Kids obsahuje [...]\" \/>\n<meta property=\"og:url\" content=\"https:\/\/herbaday.sk\/index.php\/product\/herbalife-gels-nutrientvita-kids-tutti-frutti-30-zuvacich-gelovych-tabliet\/\" \/>\n<meta property=\"og:site_name\" content=\"Herbaday\" \/>\n<meta property=\"og:image\" content=\"https:\/\/i0.wp.com\/herbaday.sk\/wp-content\/uploads\/2024\/10\/cq5dam.web_.800.800.png?fit=800%2C800&ssl=1\" \/>\n\t<meta property=\"og:image:width\" content=\"800\" \/>\n\t<meta property=\"og:image:height\" content=\"800\" \/>\n\t<meta property=\"og:image:type\" content=\"image\/png\" \/>\n<meta name=\"twitter:card\" content=\"summary_large_image\" \/>\n<meta name=\"twitter:label1\" content=\"Predpokladan\u00fd \u010das \u010d\u00edtania\" \/>\n\t<meta name=\"twitter:data1\" content=\"2 min\u00faty\" \/>\n<script type=\"application\/ld+json\" class=\"yoast-schema-graph\">{\"@context\":\"https:\/\/schema.org\",\"@graph\":[{\"@type\":\"WebPage\",\"@id\":\"https:\/\/herbaday.sk\/index.php\/product\/herbalife-gels-nutrientvita-kids-tutti-frutti-30-zuvacich-gelovych-tabliet\/\",\"url\":\"https:\/\/herbaday.sk\/index.php\/product\/herbalife-gels-nutrientvita-kids-tutti-frutti-30-zuvacich-gelovych-tabliet\/\",\"name\":\"Herbalife Gels NutrientVita Kids Tutti frutti 30 \u017euvac\u00edch g\u00e9lov\u00fdch tabliet - Herbaday\",\"isPartOf\":{\"@id\":\"https:\/\/herbaday.sk\/#website\"},\"primaryImageOfPage\":{\"@id\":\"https:\/\/herbaday.sk\/index.php\/product\/herbalife-gels-nutrientvita-kids-tutti-frutti-30-zuvacich-gelovych-tabliet\/#primaryimage\"},\"image\":{\"@id\":\"https:\/\/herbaday.sk\/index.php\/product\/herbalife-gels-nutrientvita-kids-tutti-frutti-30-zuvacich-gelovych-tabliet\/#primaryimage\"},\"thumbnailUrl\":\"https:\/\/i0.wp.com\/herbaday.sk\/wp-content\/uploads\/2024\/10\/cq5dam.web_.800.800.png?fit=800%2C800&ssl=1\",\"datePublished\":\"2024-10-06T20:34:43+00:00\",\"dateModified\":\"2024-10-06T20:34:43+00:00\",\"breadcrumb\":{\"@id\":\"https:\/\/herbaday.sk\/index.php\/product\/herbalife-gels-nutrientvita-kids-tutti-frutti-30-zuvacich-gelovych-tabliet\/#breadcrumb\"},\"inLanguage\":\"sk-SK\",\"potentialAction\":[{\"@type\":\"ReadAction\",\"target\":[\"https:\/\/herbaday.sk\/index.php\/product\/herbalife-gels-nutrientvita-kids-tutti-frutti-30-zuvacich-gelovych-tabliet\/\"]}]},{\"@type\":\"ImageObject\",\"inLanguage\":\"sk-SK\",\"@id\":\"https:\/\/herbaday.sk\/index.php\/product\/herbalife-gels-nutrientvita-kids-tutti-frutti-30-zuvacich-gelovych-tabliet\/#primaryimage\",\"url\":\"https:\/\/i0.wp.com\/herbaday.sk\/wp-content\/uploads\/2024\/10\/cq5dam.web_.800.800.png?fit=800%2C800&ssl=1\",\"contentUrl\":\"https:\/\/i0.wp.com\/herbaday.sk\/wp-content\/uploads\/2024\/10\/cq5dam.web_.800.800.png?fit=800%2C800&ssl=1\",\"width\":800,\"height\":800},{\"@type\":\"BreadcrumbList\",\"@id\":\"https:\/\/herbaday.sk\/index.php\/product\/herbalife-gels-nutrientvita-kids-tutti-frutti-30-zuvacich-gelovych-tabliet\/#breadcrumb\",\"itemListElement\":[{\"@type\":\"ListItem\",\"position\":1,\"name\":\"Domovsk\u00e1 str\u00e1nka\",\"item\":\"https:\/\/herbaday.sk\/\"},{\"@type\":\"ListItem\",\"position\":2,\"name\":\"Shop\",\"item\":\"https:\/\/herbaday.sk\/index.php\/shop\/\"},{\"@type\":\"ListItem\",\"position\":3,\"name\":\"Herbalife Gels NutrientVita Kids Tutti frutti 30 \u017euvac\u00edch g\u00e9lov\u00fdch tabliet\"}]},{\"@type\":\"WebSite\",\"@id\":\"https:\/\/herbaday.sk\/#website\",\"url\":\"https:\/\/herbaday.sk\/\",\"name\":\"Herbaday\",\"description\":\"Nez\u00e1visl\u00fd \u010dlen Herbalife Nutrition\",\"publisher\":{\"@id\":\"https:\/\/herbaday.sk\/#organization\"},\"potentialAction\":[{\"@type\":\"SearchAction\",\"target\":{\"@type\":\"EntryPoint\",\"urlTemplate\":\"https:\/\/herbaday.sk\/?s={search_term_string}\"},\"query-input\":{\"@type\":\"PropertyValueSpecification\",\"valueRequired\":true,\"valueName\":\"search_term_string\"}}],\"inLanguage\":\"sk-SK\"},{\"@type\":\"Organization\",\"@id\":\"https:\/\/herbaday.sk\/#organization\",\"name\":\"Herbaday\",\"url\":\"https:\/\/herbaday.sk\/\",\"logo\":{\"@type\":\"ImageObject\",\"inLanguage\":\"sk-SK\",\"@id\":\"https:\/\/herbaday.sk\/#\/schema\/logo\/image\/\",\"url\":\"http:\/\/herbaday.sk\/wp-content\/uploads\/2020\/11\/herbaday_logo.png\",\"contentUrl\":\"http:\/\/herbaday.sk\/wp-content\/uploads\/2020\/11\/herbaday_logo.png\",\"width\":2214,\"height\":545,\"caption\":\"Herbaday\"},\"image\":{\"@id\":\"https:\/\/herbaday.sk\/#\/schema\/logo\/image\/\"}}]}<\/script>\n<!-- \/ Yoast SEO plugin. -->","yoast_head_json":{"title":"Herbalife Gels NutrientVita Kids Tutti frutti 30 \u017euvac\u00edch g\u00e9lov\u00fdch tabliet - Herbaday","robots":{"index":"index","follow":"follow","max-snippet":"max-snippet:-1","max-image-preview":"max-image-preview:large","max-video-preview":"max-video-preview:-1"},"canonical":"https:\/\/herbaday.sk\/index.php\/product\/herbalife-gels-nutrientvita-kids-tutti-frutti-30-zuvacich-gelovych-tabliet\/","og_locale":"sk_SK","og_type":"article","og_title":"Herbalife Gels NutrientVita Kids Tutti frutti 30 \u017euvac\u00edch g\u00e9lov\u00fdch tabliet - Herbaday","og_description":"Podporte rast a v\u00fdvoj svojich det\u00ed* s Herbalife Gels NutrientVita Kids. NutrientVita Kids s\u00fa lahodn\u00e9 \u017euvacie g\u00e9lov\u00e9 tablety s ovocnou pr\u00edchu\u0165ou, \u0161peci\u00e1lne navrhnut\u00e9 tak, aby poskytovali k\u013e\u00fa\u010dov\u00e9 \u017eiviny, ktor\u00e9 tel\u00e1 vo v\u00fdvine potrebuj\u00fa*. Ka\u017ed\u00e1 g\u00e9lov\u00e1 tableta obsahuje 12 vitam\u00ednov a miner\u00e1lov, v\u010faka \u010domu je zdravie v\u00e1\u0161ho die\u0165a\u0165a podporen\u00e9 pohodln\u00fdm a chutn\u00fdm sp\u00f4sobom. NutrientVita Kids obsahuje [...]","og_url":"https:\/\/herbaday.sk\/index.php\/product\/herbalife-gels-nutrientvita-kids-tutti-frutti-30-zuvacich-gelovych-tabliet\/","og_site_name":"Herbaday","og_image":[{"width":800,"height":800,"url":"https:\/\/i0.wp.com\/herbaday.sk\/wp-content\/uploads\/2024\/10\/cq5dam.web_.800.800.png?fit=800%2C800&ssl=1","type":"image\/png"}],"twitter_card":"summary_large_image","twitter_misc":{"Predpokladan\u00fd \u010das \u010d\u00edtania":"2 min\u00faty"},"schema":{"@context":"https:\/\/schema.org","@graph":[{"@type":"WebPage","@id":"https:\/\/herbaday.sk\/index.php\/product\/herbalife-gels-nutrientvita-kids-tutti-frutti-30-zuvacich-gelovych-tabliet\/","url":"https:\/\/herbaday.sk\/index.php\/product\/herbalife-gels-nutrientvita-kids-tutti-frutti-30-zuvacich-gelovych-tabliet\/","name":"Herbalife Gels NutrientVita Kids Tutti frutti 30 \u017euvac\u00edch g\u00e9lov\u00fdch tabliet - Herbaday","isPartOf":{"@id":"https:\/\/herbaday.sk\/#website"},"primaryImageOfPage":{"@id":"https:\/\/herbaday.sk\/index.php\/product\/herbalife-gels-nutrientvita-kids-tutti-frutti-30-zuvacich-gelovych-tabliet\/#primaryimage"},"image":{"@id":"https:\/\/herbaday.sk\/index.php\/product\/herbalife-gels-nutrientvita-kids-tutti-frutti-30-zuvacich-gelovych-tabliet\/#primaryimage"},"thumbnailUrl":"https:\/\/i0.wp.com\/herbaday.sk\/wp-content\/uploads\/2024\/10\/cq5dam.web_.800.800.png?fit=800%2C800&ssl=1","datePublished":"2024-10-06T20:34:43+00:00","dateModified":"2024-10-06T20:34:43+00:00","breadcrumb":{"@id":"https:\/\/herbaday.sk\/index.php\/product\/herbalife-gels-nutrientvita-kids-tutti-frutti-30-zuvacich-gelovych-tabliet\/#breadcrumb"},"inLanguage":"sk-SK","potentialAction":[{"@type":"ReadAction","target":["https:\/\/herbaday.sk\/index.php\/product\/herbalife-gels-nutrientvita-kids-tutti-frutti-30-zuvacich-gelovych-tabliet\/"]}]},{"@type":"ImageObject","inLanguage":"sk-SK","@id":"https:\/\/herbaday.sk\/index.php\/product\/herbalife-gels-nutrientvita-kids-tutti-frutti-30-zuvacich-gelovych-tabliet\/#primaryimage","url":"https:\/\/i0.wp.com\/herbaday.sk\/wp-content\/uploads\/2024\/10\/cq5dam.web_.800.800.png?fit=800%2C800&ssl=1","contentUrl":"https:\/\/i0.wp.com\/herbaday.sk\/wp-content\/uploads\/2024\/10\/cq5dam.web_.800.800.png?fit=800%2C800&ssl=1","width":800,"height":800},{"@type":"BreadcrumbList","@id":"https:\/\/herbaday.sk\/index.php\/product\/herbalife-gels-nutrientvita-kids-tutti-frutti-30-zuvacich-gelovych-tabliet\/#breadcrumb","itemListElement":[{"@type":"ListItem","position":1,"name":"Domovsk\u00e1 str\u00e1nka","item":"https:\/\/herbaday.sk\/"},{"@type":"ListItem","position":2,"name":"Shop","item":"https:\/\/herbaday.sk\/index.php\/shop\/"},{"@type":"ListItem","position":3,"name":"Herbalife Gels NutrientVita Kids Tutti frutti 30 \u017euvac\u00edch g\u00e9lov\u00fdch tabliet"}]},{"@type":"WebSite","@id":"https:\/\/herbaday.sk\/#website","url":"https:\/\/herbaday.sk\/","name":"Herbaday","description":"Nez\u00e1visl\u00fd \u010dlen Herbalife Nutrition","publisher":{"@id":"https:\/\/herbaday.sk\/#organization"},"potentialAction":[{"@type":"SearchAction","target":{"@type":"EntryPoint","urlTemplate":"https:\/\/herbaday.sk\/?s={search_term_string}"},"query-input":{"@type":"PropertyValueSpecification","valueRequired":true,"valueName":"search_term_string"}}],"inLanguage":"sk-SK"},{"@type":"Organization","@id":"https:\/\/herbaday.sk\/#organization","name":"Herbaday","url":"https:\/\/herbaday.sk\/","logo":{"@type":"ImageObject","inLanguage":"sk-SK","@id":"https:\/\/herbaday.sk\/#\/schema\/logo\/image\/","url":"http:\/\/herbaday.sk\/wp-content\/uploads\/2020\/11\/herbaday_logo.png","contentUrl":"http:\/\/herbaday.sk\/wp-content\/uploads\/2020\/11\/herbaday_logo.png","width":2214,"height":545,"caption":"Herbaday"},"image":{"@id":"https:\/\/herbaday.sk\/#\/schema\/logo\/image\/"}}]}},"jetpack_sharing_enabled":true,"_links":{"self":[{"href":"https:\/\/herbaday.sk\/index.php\/wp-json\/wp\/v2\/product\/209288","targetHints":{"allow":["GET"]}}],"collection":[{"href":"https:\/\/herbaday.sk\/index.php\/wp-json\/wp\/v2\/product"}],"about":[{"href":"https:\/\/herbaday.sk\/index.php\/wp-json\/wp\/v2\/types\/product"}],"replies":[{"embeddable":true,"href":"https:\/\/herbaday.sk\/index.php\/wp-json\/wp\/v2\/comments?post=209288"}],"wp:featuredmedia":[{"embeddable":true,"href":"https:\/\/herbaday.sk\/index.php\/wp-json\/wp\/v2\/media\/209289"}],"wp:attachment":[{"href":"https:\/\/herbaday.sk\/index.php\/wp-json\/wp\/v2\/media?parent=209288"}],"wp:term":[{"taxonomy":"product_brand","embeddable":true,"href":"https:\/\/herbaday.sk\/index.php\/wp-json\/wp\/v2\/product_brand?post=209288"},{"taxonomy":"product_cat","embeddable":true,"href":"https:\/\/herbaday.sk\/index.php\/wp-json\/wp\/v2\/product_cat?post=209288"},{"taxonomy":"product_tag","embeddable":true,"href":"https:\/\/herbaday.sk\/index.php\/wp-json\/wp\/v2\/product_tag?post=209288"}],"curies":[{"name":"wp","href":"https:\/\/api.w.org\/{rel}","templated":true}]}}