{"id":209290,"date":"2024-10-06T20:36:52","date_gmt":"2024-10-06T20:36:52","guid":{"rendered":"https:\/\/herbaday.sk\/?post_type=product&#038;p=209290"},"modified":"2025-01-06T19:48:59","modified_gmt":"2025-01-06T19:48:59","slug":"herbalife-gels-viewvita-s-prichutou-bobul-a-citrusovych-plodov-30-zuvacich-gelovych-tabliet","status":"publish","type":"product","link":"https:\/\/herbaday.sk\/index.php\/product\/herbalife-gels-viewvita-s-prichutou-bobul-a-citrusovych-plodov-30-zuvacich-gelovych-tabliet\/","title":{"rendered":"Herbalife Gels ViewVita s pr\u00edchu\u0165ou bob\u00fa\u013e a citrusov\u00fdch plodov 30 \u017euvac\u00edch g\u00e9lov\u00fdch tabliet"},"content":{"rendered":"<p>Podporte svoj zrak bez n\u00e1mahy s Herbalife Gels ViewVita.<br \/>\nViewVita je lahodn\u00fd \u017euvac\u00ed g\u00e9lov\u00fd v\u00fd\u017eivov\u00fd doplnok, s lute\u00ednom a zeaxant\u00ednom, ktor\u00e9 zvy\u0161uj\u00fa optick\u00fa hustotu makul\u00e1rneho pigmentu sietnice (MPOD)\u00b9, \u010d\u00edm m\u00f4\u017eu pom\u00f4c\u0165 chr\u00e1ni\u0165 va\u0161e o\u010di pred potenci\u00e1lne \u0161kodliv\u00fdm modr\u00fdm svetlom\u00b2, pom\u00e1haj\u00fa udr\u017eiava\u0165 zdravie o\u010d\u00ed po\u010das starnutia a poskytuj\u00fa nutri\u010dn\u00fa podporu o\u010d\u00ed\u00b3. Pozorovan\u00e9 s\u00fa aj kognit\u00edvne v\u00fdhody vr\u00e1tane zlep\u0161enej r\u00fdchlosti vizu\u00e1lneho spracovania, priestorovej pam\u00e4te\u2074, komplexnej pozornosti a kognit\u00edvnej flexibility\u2075.<br \/>\nViewVita obsahuje vitam\u00edn A, zinok a DHA, ktor\u00e9 prispievaj\u00fa k udr\u017eaniu norm\u00e1lneho zraku.*<br \/>\nHerbalife Gels ViewVita obsahuje pr\u00edrodn\u00e9 farbiv\u00e1 a ar\u00f3my. V\u00fd\u017eivov\u00fd doplnok, ktor\u00e9mu m\u00f4\u017eete d\u00f4verova\u0165. Pr\u00edjemn\u00e1 chu\u0165 a \u017euvac\u00ed g\u00e9lov\u00fd form\u00e1t z nich robia dokonal\u00fd doplnok va\u0161ej ka\u017edodennej rutiny.<\/p>\n<p>\u00b9 Pr\u00ednos sa nemus\u00ed prejavi\u0165 u os\u00f4b, ktor\u00e9 u\u017e maj\u00fa primeran\u00fa \u00farove\u0148 MPOD na \u00farovni 0,5 alebo vy\u0161\u0161ej. \u200b(Hammond B. R, et al. Invest Ophthalmol Vis Sci. 2014; 55(12): 8583-8589\u200b; Renzi-Hammond L. M, et al. Nutrients. 2017; 9(11): 1246; Stringham J. M, &amp; Hammond B. R, Optom Vis Sci. 2008; 85(2): 82-88\u200b; Wilson L. M, et al. Adv Nutr. 2021; 12(6): 2244-2254.)<br \/>\n\u00b2 Slnko je prirodzen\u00fdm zdrojom modr\u00e9ho svetla, zatia\u013e \u010do tradi\u010dn\u00e9 \u017eiarovky, \u017eiarivky a LED svetl\u00e1 by sa pova\u017eovali za umel\u00e9 zdroje. (Kijlstra A, et al. Prog Retin Eye Res. \u200b2012; 31(4): 303-15; Junghans A, et al. Arch Biochem Biophys. 2001; 391(2): 160-164\u200b; Barker F. M, 2nd, et al. Invest Ophthalmol Vis Sci. 2001; 52(7): 3934-3942.)<br \/>\n\u00b3 Zdravie o\u010d\u00ed po\u010das starnutia\/v\u00fd\u017eivov\u00e1 podpora. (Delcourt, C, et al. Invest Ophthalmol &amp; Vis Sci. 2006; 47(6): 2329-2335\u200b; Manayi A, et al. Crit Rev Biotechnol. 2016; 36(5): 829-839\u200b; Nolan J. M, et al. Exp Eye Res. 2007; 84(1): 61-74\u200b; van Leeuwen R, et al. JAMA. 2005; 294(24): 3101-3107.)<br \/>\n\u2074 V\u00fdsledok zvy\u010dajne pozorovan\u00fd u mlad\u0161ej popul\u00e1cie (18-30 rokov) po 12 mesiacoch pr\u00edjmu 10 mg lute\u00ednu plus 2 mg zeaxant\u00ednu denne na z\u00e1klade v\u00fdsledkov klinick\u00e9ho sk\u00fa\u0161ania. \u200b(Renzi-Hammond L. M, et al. Nutrients. 2017; 9(11): 1246.)<br \/>\n\u2075 V\u00fdsledok typicky pozorovan\u00fd u STAR\u0160EJ POPUL\u00c1CIE (30+ ROKOV) a u mlad\u0161ej popul\u00e1cie (18-30 rokov) po 12 mesiacoch pr\u00edjmu 10 mg lute\u00ednu plus 2 mg zeaxant\u00ednu denne na z\u00e1klade v\u00fdsledkov klinick\u00fdch \u0161t\u00fadi\u00ed. ((30+) Hammond B. R, et al. Front Aging Neurosci. 2017; 3(9): 254\u200b; (18-30) Renzi-Hammond L. M, et al. Nutrients. 2017; 9(11): 1246.)<br \/>\n6 Priazniv\u00fd \u00fa\u010dinok sa dosiahne pri dennom pr\u00edjme 250 mg DHA.<\/p>\n<h5 data-bind=\"visible: KeyBenefits\">K\u013e\u00fa\u010dov\u00e9 V\u00fdhody<\/h5>\n<div class=\"disc\" data-bind=\"visible: KeyBenefits, html: KeyBenefits\">\n<ul>\n<li>Obsahuje lute\u00edn a zeaxant\u00edn<\/li>\n<li>Obsahuje vitam\u00edn A, ktor\u00fd prispieva k norm\u00e1lnemu stavu zraku<\/li>\n<li>Obsahuje DHA, ktor\u00e1 prispieva k norm\u00e1lnemu stavu zraku a norm\u00e1lnej funkcii mozgu<\/li>\n<li>Obsahuje zinok, ktor\u00fd prispieva k norm\u00e1lnemu stavu zraku, chr\u00e1ni bunky pred oxida\u010dn\u00fdm stresom a podporuje norm\u00e1lny metabolizmus vitam\u00ednu A<\/li>\n<li>M\u00e1 lahodn\u00fa pr\u00edchu\u0165 bob\u00fa\u013e a citrusov\u00fdch plodov<\/li>\n<li>Je bez cukru<\/li>\n<li>Je bezlepkov\u00fd<\/li>\n<li>Obsahuje pr\u00edrodn\u00e9 farbivo a ar\u00f3my<\/li>\n<li>Dod\u00e1va sa v balen\u00ed s 30 \u017euvac\u00edmi g\u00e9lov\u00fdmi tabletami<\/li>\n<\/ul>\n<\/div>\n<h5 data-bind=\"visible: FastFacts\">R\u00fdchle Fakty<\/h5>\n<div class=\"disc\" data-bind=\"visible: FastFacts, html: FastFacts\">\n<p>Lahodn\u00fd, \u017euvac\u00ed g\u00e9lov\u00fd v\u00fd\u017eivov\u00fd doplnok ur\u010den\u00fd na podporu v\u00e1\u0161ho zraku.<\/p>\n<\/div>\n<h5 data-bind=\"visible: Usage\">Pou\u017e\u00edvanie<\/h5>\n<div class=\"disc\" data-bind=\"visible: Usage, html: Usage\">\n<p>U\u017e\u00edvajte jednu \u017euvaciu g\u00e9lov\u00fa tabletu denne.<br \/>\nPou\u017e\u00edvajte tento produkt v r\u00e1mci vyv\u00e1\u017eenej a pestrej stravy ako s\u00fa\u010das\u0165 zdrav\u00e9ho akt\u00edvneho \u017eivotn\u00e9ho \u0161t\u00fdlu.<\/p>\n<\/div>\n","protected":false},"excerpt":{"rendered":"<p>Podporte svoj zrak bez n\u00e1mahy s Herbalife Gels ViewVita. ViewVita je lahodn\u00fd \u017euvac\u00ed g\u00e9lov\u00fd v\u00fd\u017eivov\u00fd doplnok, s lute\u00ednom a zeaxant\u00ednom, ktor\u00e9 zvy\u0161uj\u00fa optick\u00fa hustotu makul\u00e1rneho pigmentu sietnice (MPOD)\u00b9, \u010d\u00edm m\u00f4\u017eu pom\u00f4c\u0165 chr\u00e1ni\u0165 va\u0161e o\u010di pred potenci\u00e1lne \u0161kodliv\u00fdm modr\u00fdm svetlom\u00b2, pom\u00e1haj\u00fa udr\u017eiava\u0165 zdravie o\u010d\u00ed po\u010das starnutia a poskytuj\u00fa nutri\u010dn\u00fa podporu o\u010d\u00ed\u00b3. Pozorovan\u00e9 s\u00fa aj kognit\u00edvne v\u00fdhody [&#8230;]\n","protected":false},"featured_media":209291,"comment_status":"open","ping_status":"closed","template":"","meta":[],"product_brand":[],"product_cat":[24],"product_tag":[],"class_list":{"0":"post-209290","1":"product","2":"type-product","3":"status-publish","4":"has-post-thumbnail","6":"product_cat-kazdodenna-podpora","8":"first","9":"instock","10":"taxable","11":"shipping-taxable","12":"purchasable","13":"product-type-simple"},"yoast_head":"<!-- This site is optimized with the Yoast SEO plugin v24.3 - https:\/\/yoast.com\/wordpress\/plugins\/seo\/ -->\n<title>Herbalife Gels ViewVita s pr\u00edchu\u0165ou bob\u00fa\u013e a citrusov\u00fdch plodov 30 \u017euvac\u00edch g\u00e9lov\u00fdch tabliet - Herbaday<\/title>\n<meta name=\"robots\" content=\"index, follow, max-snippet:-1, max-image-preview:large, max-video-preview:-1\" \/>\n<link rel=\"canonical\" href=\"https:\/\/herbaday.sk\/index.php\/product\/herbalife-gels-viewvita-s-prichutou-bobul-a-citrusovych-plodov-30-zuvacich-gelovych-tabliet\/\" \/>\n<meta property=\"og:locale\" content=\"sk_SK\" \/>\n<meta property=\"og:type\" content=\"article\" \/>\n<meta property=\"og:title\" content=\"Herbalife Gels ViewVita s pr\u00edchu\u0165ou bob\u00fa\u013e a citrusov\u00fdch plodov 30 \u017euvac\u00edch g\u00e9lov\u00fdch tabliet - Herbaday\" \/>\n<meta property=\"og:description\" content=\"Podporte svoj zrak bez n\u00e1mahy s Herbalife Gels ViewVita. ViewVita je lahodn\u00fd \u017euvac\u00ed g\u00e9lov\u00fd v\u00fd\u017eivov\u00fd doplnok, s lute\u00ednom a zeaxant\u00ednom, ktor\u00e9 zvy\u0161uj\u00fa optick\u00fa hustotu makul\u00e1rneho pigmentu sietnice (MPOD)\u00b9, \u010d\u00edm m\u00f4\u017eu pom\u00f4c\u0165 chr\u00e1ni\u0165 va\u0161e o\u010di pred potenci\u00e1lne \u0161kodliv\u00fdm modr\u00fdm svetlom\u00b2, pom\u00e1haj\u00fa udr\u017eiava\u0165 zdravie o\u010d\u00ed po\u010das starnutia a poskytuj\u00fa nutri\u010dn\u00fa podporu o\u010d\u00ed\u00b3. Pozorovan\u00e9 s\u00fa aj kognit\u00edvne v\u00fdhody [...]\" \/>\n<meta property=\"og:url\" content=\"https:\/\/herbaday.sk\/index.php\/product\/herbalife-gels-viewvita-s-prichutou-bobul-a-citrusovych-plodov-30-zuvacich-gelovych-tabliet\/\" \/>\n<meta property=\"og:site_name\" content=\"Herbaday\" \/>\n<meta property=\"article:modified_time\" content=\"2025-01-06T19:48:59+00:00\" \/>\n<meta property=\"og:image\" content=\"https:\/\/i0.wp.com\/herbaday.sk\/wp-content\/uploads\/2024\/10\/cq5dam.web_.800.800-1.png?fit=800%2C800&ssl=1\" \/>\n\t<meta property=\"og:image:width\" content=\"800\" \/>\n\t<meta property=\"og:image:height\" content=\"800\" \/>\n\t<meta property=\"og:image:type\" content=\"image\/png\" \/>\n<meta name=\"twitter:card\" content=\"summary_large_image\" \/>\n<meta name=\"twitter:label1\" content=\"Predpokladan\u00fd \u010das \u010d\u00edtania\" \/>\n\t<meta name=\"twitter:data1\" content=\"3 min\u00faty\" \/>\n<script type=\"application\/ld+json\" class=\"yoast-schema-graph\">{\"@context\":\"https:\/\/schema.org\",\"@graph\":[{\"@type\":\"WebPage\",\"@id\":\"https:\/\/herbaday.sk\/index.php\/product\/herbalife-gels-viewvita-s-prichutou-bobul-a-citrusovych-plodov-30-zuvacich-gelovych-tabliet\/\",\"url\":\"https:\/\/herbaday.sk\/index.php\/product\/herbalife-gels-viewvita-s-prichutou-bobul-a-citrusovych-plodov-30-zuvacich-gelovych-tabliet\/\",\"name\":\"Herbalife Gels ViewVita s pr\u00edchu\u0165ou bob\u00fa\u013e a citrusov\u00fdch plodov 30 \u017euvac\u00edch g\u00e9lov\u00fdch tabliet - Herbaday\",\"isPartOf\":{\"@id\":\"https:\/\/herbaday.sk\/#website\"},\"primaryImageOfPage\":{\"@id\":\"https:\/\/herbaday.sk\/index.php\/product\/herbalife-gels-viewvita-s-prichutou-bobul-a-citrusovych-plodov-30-zuvacich-gelovych-tabliet\/#primaryimage\"},\"image\":{\"@id\":\"https:\/\/herbaday.sk\/index.php\/product\/herbalife-gels-viewvita-s-prichutou-bobul-a-citrusovych-plodov-30-zuvacich-gelovych-tabliet\/#primaryimage\"},\"thumbnailUrl\":\"https:\/\/i0.wp.com\/herbaday.sk\/wp-content\/uploads\/2024\/10\/cq5dam.web_.800.800-1.png?fit=800%2C800&ssl=1\",\"datePublished\":\"2024-10-06T20:36:52+00:00\",\"dateModified\":\"2025-01-06T19:48:59+00:00\",\"breadcrumb\":{\"@id\":\"https:\/\/herbaday.sk\/index.php\/product\/herbalife-gels-viewvita-s-prichutou-bobul-a-citrusovych-plodov-30-zuvacich-gelovych-tabliet\/#breadcrumb\"},\"inLanguage\":\"sk-SK\",\"potentialAction\":[{\"@type\":\"ReadAction\",\"target\":[\"https:\/\/herbaday.sk\/index.php\/product\/herbalife-gels-viewvita-s-prichutou-bobul-a-citrusovych-plodov-30-zuvacich-gelovych-tabliet\/\"]}]},{\"@type\":\"ImageObject\",\"inLanguage\":\"sk-SK\",\"@id\":\"https:\/\/herbaday.sk\/index.php\/product\/herbalife-gels-viewvita-s-prichutou-bobul-a-citrusovych-plodov-30-zuvacich-gelovych-tabliet\/#primaryimage\",\"url\":\"https:\/\/i0.wp.com\/herbaday.sk\/wp-content\/uploads\/2024\/10\/cq5dam.web_.800.800-1.png?fit=800%2C800&ssl=1\",\"contentUrl\":\"https:\/\/i0.wp.com\/herbaday.sk\/wp-content\/uploads\/2024\/10\/cq5dam.web_.800.800-1.png?fit=800%2C800&ssl=1\",\"width\":800,\"height\":800},{\"@type\":\"BreadcrumbList\",\"@id\":\"https:\/\/herbaday.sk\/index.php\/product\/herbalife-gels-viewvita-s-prichutou-bobul-a-citrusovych-plodov-30-zuvacich-gelovych-tabliet\/#breadcrumb\",\"itemListElement\":[{\"@type\":\"ListItem\",\"position\":1,\"name\":\"Domovsk\u00e1 str\u00e1nka\",\"item\":\"https:\/\/herbaday.sk\/\"},{\"@type\":\"ListItem\",\"position\":2,\"name\":\"Shop\",\"item\":\"https:\/\/herbaday.sk\/index.php\/shop\/\"},{\"@type\":\"ListItem\",\"position\":3,\"name\":\"Herbalife Gels ViewVita s pr\u00edchu\u0165ou bob\u00fa\u013e a citrusov\u00fdch plodov 30 \u017euvac\u00edch g\u00e9lov\u00fdch tabliet\"}]},{\"@type\":\"WebSite\",\"@id\":\"https:\/\/herbaday.sk\/#website\",\"url\":\"https:\/\/herbaday.sk\/\",\"name\":\"Herbaday\",\"description\":\"Nez\u00e1visl\u00fd \u010dlen Herbalife Nutrition\",\"publisher\":{\"@id\":\"https:\/\/herbaday.sk\/#organization\"},\"potentialAction\":[{\"@type\":\"SearchAction\",\"target\":{\"@type\":\"EntryPoint\",\"urlTemplate\":\"https:\/\/herbaday.sk\/?s={search_term_string}\"},\"query-input\":{\"@type\":\"PropertyValueSpecification\",\"valueRequired\":true,\"valueName\":\"search_term_string\"}}],\"inLanguage\":\"sk-SK\"},{\"@type\":\"Organization\",\"@id\":\"https:\/\/herbaday.sk\/#organization\",\"name\":\"Herbaday\",\"url\":\"https:\/\/herbaday.sk\/\",\"logo\":{\"@type\":\"ImageObject\",\"inLanguage\":\"sk-SK\",\"@id\":\"https:\/\/herbaday.sk\/#\/schema\/logo\/image\/\",\"url\":\"http:\/\/herbaday.sk\/wp-content\/uploads\/2020\/11\/herbaday_logo.png\",\"contentUrl\":\"http:\/\/herbaday.sk\/wp-content\/uploads\/2020\/11\/herbaday_logo.png\",\"width\":2214,\"height\":545,\"caption\":\"Herbaday\"},\"image\":{\"@id\":\"https:\/\/herbaday.sk\/#\/schema\/logo\/image\/\"}}]}<\/script>\n<!-- \/ Yoast SEO plugin. -->","yoast_head_json":{"title":"Herbalife Gels ViewVita s pr\u00edchu\u0165ou bob\u00fa\u013e a citrusov\u00fdch plodov 30 \u017euvac\u00edch g\u00e9lov\u00fdch tabliet - Herbaday","robots":{"index":"index","follow":"follow","max-snippet":"max-snippet:-1","max-image-preview":"max-image-preview:large","max-video-preview":"max-video-preview:-1"},"canonical":"https:\/\/herbaday.sk\/index.php\/product\/herbalife-gels-viewvita-s-prichutou-bobul-a-citrusovych-plodov-30-zuvacich-gelovych-tabliet\/","og_locale":"sk_SK","og_type":"article","og_title":"Herbalife Gels ViewVita s pr\u00edchu\u0165ou bob\u00fa\u013e a citrusov\u00fdch plodov 30 \u017euvac\u00edch g\u00e9lov\u00fdch tabliet - Herbaday","og_description":"Podporte svoj zrak bez n\u00e1mahy s Herbalife Gels ViewVita. ViewVita je lahodn\u00fd \u017euvac\u00ed g\u00e9lov\u00fd v\u00fd\u017eivov\u00fd doplnok, s lute\u00ednom a zeaxant\u00ednom, ktor\u00e9 zvy\u0161uj\u00fa optick\u00fa hustotu makul\u00e1rneho pigmentu sietnice (MPOD)\u00b9, \u010d\u00edm m\u00f4\u017eu pom\u00f4c\u0165 chr\u00e1ni\u0165 va\u0161e o\u010di pred potenci\u00e1lne \u0161kodliv\u00fdm modr\u00fdm svetlom\u00b2, pom\u00e1haj\u00fa udr\u017eiava\u0165 zdravie o\u010d\u00ed po\u010das starnutia a poskytuj\u00fa nutri\u010dn\u00fa podporu o\u010d\u00ed\u00b3. Pozorovan\u00e9 s\u00fa aj kognit\u00edvne v\u00fdhody [...]","og_url":"https:\/\/herbaday.sk\/index.php\/product\/herbalife-gels-viewvita-s-prichutou-bobul-a-citrusovych-plodov-30-zuvacich-gelovych-tabliet\/","og_site_name":"Herbaday","article_modified_time":"2025-01-06T19:48:59+00:00","og_image":[{"width":800,"height":800,"url":"https:\/\/i0.wp.com\/herbaday.sk\/wp-content\/uploads\/2024\/10\/cq5dam.web_.800.800-1.png?fit=800%2C800&ssl=1","type":"image\/png"}],"twitter_card":"summary_large_image","twitter_misc":{"Predpokladan\u00fd \u010das \u010d\u00edtania":"3 min\u00faty"},"schema":{"@context":"https:\/\/schema.org","@graph":[{"@type":"WebPage","@id":"https:\/\/herbaday.sk\/index.php\/product\/herbalife-gels-viewvita-s-prichutou-bobul-a-citrusovych-plodov-30-zuvacich-gelovych-tabliet\/","url":"https:\/\/herbaday.sk\/index.php\/product\/herbalife-gels-viewvita-s-prichutou-bobul-a-citrusovych-plodov-30-zuvacich-gelovych-tabliet\/","name":"Herbalife Gels ViewVita s pr\u00edchu\u0165ou bob\u00fa\u013e a citrusov\u00fdch plodov 30 \u017euvac\u00edch g\u00e9lov\u00fdch tabliet - Herbaday","isPartOf":{"@id":"https:\/\/herbaday.sk\/#website"},"primaryImageOfPage":{"@id":"https:\/\/herbaday.sk\/index.php\/product\/herbalife-gels-viewvita-s-prichutou-bobul-a-citrusovych-plodov-30-zuvacich-gelovych-tabliet\/#primaryimage"},"image":{"@id":"https:\/\/herbaday.sk\/index.php\/product\/herbalife-gels-viewvita-s-prichutou-bobul-a-citrusovych-plodov-30-zuvacich-gelovych-tabliet\/#primaryimage"},"thumbnailUrl":"https:\/\/i0.wp.com\/herbaday.sk\/wp-content\/uploads\/2024\/10\/cq5dam.web_.800.800-1.png?fit=800%2C800&ssl=1","datePublished":"2024-10-06T20:36:52+00:00","dateModified":"2025-01-06T19:48:59+00:00","breadcrumb":{"@id":"https:\/\/herbaday.sk\/index.php\/product\/herbalife-gels-viewvita-s-prichutou-bobul-a-citrusovych-plodov-30-zuvacich-gelovych-tabliet\/#breadcrumb"},"inLanguage":"sk-SK","potentialAction":[{"@type":"ReadAction","target":["https:\/\/herbaday.sk\/index.php\/product\/herbalife-gels-viewvita-s-prichutou-bobul-a-citrusovych-plodov-30-zuvacich-gelovych-tabliet\/"]}]},{"@type":"ImageObject","inLanguage":"sk-SK","@id":"https:\/\/herbaday.sk\/index.php\/product\/herbalife-gels-viewvita-s-prichutou-bobul-a-citrusovych-plodov-30-zuvacich-gelovych-tabliet\/#primaryimage","url":"https:\/\/i0.wp.com\/herbaday.sk\/wp-content\/uploads\/2024\/10\/cq5dam.web_.800.800-1.png?fit=800%2C800&ssl=1","contentUrl":"https:\/\/i0.wp.com\/herbaday.sk\/wp-content\/uploads\/2024\/10\/cq5dam.web_.800.800-1.png?fit=800%2C800&ssl=1","width":800,"height":800},{"@type":"BreadcrumbList","@id":"https:\/\/herbaday.sk\/index.php\/product\/herbalife-gels-viewvita-s-prichutou-bobul-a-citrusovych-plodov-30-zuvacich-gelovych-tabliet\/#breadcrumb","itemListElement":[{"@type":"ListItem","position":1,"name":"Domovsk\u00e1 str\u00e1nka","item":"https:\/\/herbaday.sk\/"},{"@type":"ListItem","position":2,"name":"Shop","item":"https:\/\/herbaday.sk\/index.php\/shop\/"},{"@type":"ListItem","position":3,"name":"Herbalife Gels ViewVita s pr\u00edchu\u0165ou bob\u00fa\u013e a citrusov\u00fdch plodov 30 \u017euvac\u00edch g\u00e9lov\u00fdch tabliet"}]},{"@type":"WebSite","@id":"https:\/\/herbaday.sk\/#website","url":"https:\/\/herbaday.sk\/","name":"Herbaday","description":"Nez\u00e1visl\u00fd \u010dlen Herbalife Nutrition","publisher":{"@id":"https:\/\/herbaday.sk\/#organization"},"potentialAction":[{"@type":"SearchAction","target":{"@type":"EntryPoint","urlTemplate":"https:\/\/herbaday.sk\/?s={search_term_string}"},"query-input":{"@type":"PropertyValueSpecification","valueRequired":true,"valueName":"search_term_string"}}],"inLanguage":"sk-SK"},{"@type":"Organization","@id":"https:\/\/herbaday.sk\/#organization","name":"Herbaday","url":"https:\/\/herbaday.sk\/","logo":{"@type":"ImageObject","inLanguage":"sk-SK","@id":"https:\/\/herbaday.sk\/#\/schema\/logo\/image\/","url":"http:\/\/herbaday.sk\/wp-content\/uploads\/2020\/11\/herbaday_logo.png","contentUrl":"http:\/\/herbaday.sk\/wp-content\/uploads\/2020\/11\/herbaday_logo.png","width":2214,"height":545,"caption":"Herbaday"},"image":{"@id":"https:\/\/herbaday.sk\/#\/schema\/logo\/image\/"}}]}},"jetpack_sharing_enabled":true,"_links":{"self":[{"href":"https:\/\/herbaday.sk\/index.php\/wp-json\/wp\/v2\/product\/209290","targetHints":{"allow":["GET"]}}],"collection":[{"href":"https:\/\/herbaday.sk\/index.php\/wp-json\/wp\/v2\/product"}],"about":[{"href":"https:\/\/herbaday.sk\/index.php\/wp-json\/wp\/v2\/types\/product"}],"replies":[{"embeddable":true,"href":"https:\/\/herbaday.sk\/index.php\/wp-json\/wp\/v2\/comments?post=209290"}],"wp:featuredmedia":[{"embeddable":true,"href":"https:\/\/herbaday.sk\/index.php\/wp-json\/wp\/v2\/media\/209291"}],"wp:attachment":[{"href":"https:\/\/herbaday.sk\/index.php\/wp-json\/wp\/v2\/media?parent=209290"}],"wp:term":[{"taxonomy":"product_brand","embeddable":true,"href":"https:\/\/herbaday.sk\/index.php\/wp-json\/wp\/v2\/product_brand?post=209290"},{"taxonomy":"product_cat","embeddable":true,"href":"https:\/\/herbaday.sk\/index.php\/wp-json\/wp\/v2\/product_cat?post=209290"},{"taxonomy":"product_tag","embeddable":true,"href":"https:\/\/herbaday.sk\/index.php\/wp-json\/wp\/v2\/product_tag?post=209290"}],"curies":[{"name":"wp","href":"https:\/\/api.w.org\/{rel}","templated":true}]}}