{"id":209292,"date":"2024-10-06T20:38:55","date_gmt":"2024-10-06T20:38:55","guid":{"rendered":"https:\/\/herbaday.sk\/?post_type=product&#038;p=209292"},"modified":"2025-01-06T19:48:45","modified_gmt":"2025-01-06T19:48:45","slug":"herbalife-gels-coq10vita-ceresna-30-zuvacich-gelovych-tabliet","status":"publish","type":"product","link":"https:\/\/herbaday.sk\/index.php\/product\/herbalife-gels-coq10vita-ceresna-30-zuvacich-gelovych-tabliet\/","title":{"rendered":"Herbalife Gels CoQ10Vita \u010cere\u0161\u0148a 30 \u017euvac\u00edch g\u00e9lov\u00fdch tabliet"},"content":{"rendered":"<p>Herbalife Gels CoQ10Vita je lahodn\u00fd \u017euvac\u00ed g\u00e9lov\u00fd v\u00fd\u017eivov\u00fd doplnok obohaten\u00fd o koenz\u00fdm Q10 spolu s k\u013e\u00fa\u010dov\u00fdmi vitam\u00ednmi. Tento v\u00fd\u017eivov\u00fd doplnok bez cukru kombinuje v\u00fdhody CoQ10, vitam\u00ednu E a vitam\u00ednu K na podporu ochrany buniek pred oxida\u010dn\u00fdm stresom\u00b9, norm\u00e1lnu zr\u00e1\u017eanlivos\u0165 krvi\u00b2 a udr\u017eanie norm\u00e1lneho stavu kost\u00ed\u00b2. CoQ10 je k\u013e\u00fa\u010dov\u00fd pre v\u00fdrobu energie, najm\u00e4 v srdci, v\u010faka \u010domu je CoQ10Vita skvelou vo\u013ebou pre udr\u017eanie v\u00e1\u0161ho zdravia. Vychutnajte si osvie\u017euj\u00facu pr\u00edchu\u0165 \u010dere\u0161ne s prirodzenou farbou a ar\u00f3mou.<\/p>\n<p>\u00b9 Vitam\u00edn E prispieva k ochrane buniek pred oxida\u010dn\u00fdm stresom<br \/>\n\u00b2 Vitam\u00edn K prispieva k norm\u00e1lnej zr\u00e1\u017eanlivosti krvi a udr\u017eaniu norm\u00e1lneho stavu kost\u00edom omega-3 mastn\u00fdch kysel\u00edn a k\u013e\u00fa\u010dov\u00fdch vitam\u00ednov skupiny B.<\/p>\n<h5 data-bind=\"visible: KeyBenefits\">K\u013e\u00fa\u010dov\u00e9 V\u00fdhody<\/h5>\n<div class=\"disc\" data-bind=\"visible: KeyBenefits, html: KeyBenefits\">\n<ul>\n<li>Obsahuje koenz\u00fdm Q10 na podporu tvorby energie, najm\u00e4 v srdci<\/li>\n<li>M\u00e1 vysok\u00fd obsah vitam\u00ednu E, ktor\u00fd chr\u00e1ni bunky pred oxida\u010dn\u00fdm stresom<\/li>\n<li>M\u00e1 vysok\u00fd obsah vitam\u00ednu K, ktor\u00fd podporuje norm\u00e1lnu zr\u00e1\u017eanlivos\u0165 krvi a zdravie kost\u00ed<\/li>\n<li>Lahodn\u00e1 pr\u00edchu\u0165 \u010dere\u0161ne<\/li>\n<li>Bez cukru<\/li>\n<li>Bez lepku<\/li>\n<li>Obsahuje pr\u00edrodn\u00e9 farbivo a ar\u00f3my<\/li>\n<li>Dod\u00e1va sa v balen\u00ed s 30 \u017euvac\u00edmi g\u00e9lov\u00fdmi tabletami<\/li>\n<\/ul>\n<\/div>\n<h5 data-bind=\"visible: FastFacts\">R\u00fdchle Fakty<\/h5>\n<div class=\"disc\" data-bind=\"visible: FastFacts, html: FastFacts\">\n<p>Lahodn\u00fd, \u017euvac\u00ed g\u00e9lov\u00fd v\u00fd\u017eivov\u00fd doplnok s obsahom koenz\u00fdmu Q10, vitam\u00ednom E a vitam\u00ednom K.<\/p>\n<\/div>\n<h5 data-bind=\"visible: Usage\">Pou\u017e\u00edvanie<\/h5>\n<div class=\"disc\" data-bind=\"visible: Usage, html: Usage\">\n<p>U\u017e\u00edvajte jednu \u017euvaciu g\u00e9lov\u00fa tabletu denne.<br \/>\nPou\u017e\u00edvajte tento produkt v r\u00e1mci vyv\u00e1\u017eenej a pestrej stravy ako s\u00fa\u010das\u0165 zdrav\u00e9ho akt\u00edvneho \u017eivotn\u00e9ho \u0161t\u00fdlu.<\/p>\n<\/div>\n","protected":false},"excerpt":{"rendered":"<p>Herbalife Gels CoQ10Vita je lahodn\u00fd \u017euvac\u00ed g\u00e9lov\u00fd v\u00fd\u017eivov\u00fd doplnok obohaten\u00fd o koenz\u00fdm Q10 spolu s k\u013e\u00fa\u010dov\u00fdmi vitam\u00ednmi. Tento v\u00fd\u017eivov\u00fd doplnok bez cukru kombinuje v\u00fdhody CoQ10, vitam\u00ednu E a vitam\u00ednu K na podporu ochrany buniek pred oxida\u010dn\u00fdm stresom\u00b9, norm\u00e1lnu zr\u00e1\u017eanlivos\u0165 krvi\u00b2 a udr\u017eanie norm\u00e1lneho stavu kost\u00ed\u00b2. CoQ10 je k\u013e\u00fa\u010dov\u00fd pre v\u00fdrobu energie, najm\u00e4 v srdci, v\u010faka [&#8230;]\n","protected":false},"featured_media":209293,"comment_status":"open","ping_status":"closed","template":"","meta":[],"product_brand":[],"product_cat":[24],"product_tag":[],"class_list":{"0":"post-209292","1":"product","2":"type-product","3":"status-publish","4":"has-post-thumbnail","6":"product_cat-kazdodenna-podpora","8":"first","9":"instock","10":"taxable","11":"shipping-taxable","12":"purchasable","13":"product-type-simple"},"yoast_head":"<!-- This site is optimized with the Yoast SEO plugin v24.3 - https:\/\/yoast.com\/wordpress\/plugins\/seo\/ -->\n<title>Herbalife Gels CoQ10Vita \u010cere\u0161\u0148a 30 \u017euvac\u00edch g\u00e9lov\u00fdch tabliet - Herbaday<\/title>\n<meta name=\"robots\" content=\"index, follow, max-snippet:-1, max-image-preview:large, max-video-preview:-1\" \/>\n<link rel=\"canonical\" href=\"https:\/\/herbaday.sk\/index.php\/product\/herbalife-gels-coq10vita-ceresna-30-zuvacich-gelovych-tabliet\/\" \/>\n<meta property=\"og:locale\" content=\"sk_SK\" \/>\n<meta property=\"og:type\" content=\"article\" \/>\n<meta property=\"og:title\" content=\"Herbalife Gels CoQ10Vita \u010cere\u0161\u0148a 30 \u017euvac\u00edch g\u00e9lov\u00fdch tabliet - Herbaday\" \/>\n<meta property=\"og:description\" content=\"Herbalife Gels CoQ10Vita je lahodn\u00fd \u017euvac\u00ed g\u00e9lov\u00fd v\u00fd\u017eivov\u00fd doplnok obohaten\u00fd o koenz\u00fdm Q10 spolu s k\u013e\u00fa\u010dov\u00fdmi vitam\u00ednmi. Tento v\u00fd\u017eivov\u00fd doplnok bez cukru kombinuje v\u00fdhody CoQ10, vitam\u00ednu E a vitam\u00ednu K na podporu ochrany buniek pred oxida\u010dn\u00fdm stresom\u00b9, norm\u00e1lnu zr\u00e1\u017eanlivos\u0165 krvi\u00b2 a udr\u017eanie norm\u00e1lneho stavu kost\u00ed\u00b2. CoQ10 je k\u013e\u00fa\u010dov\u00fd pre v\u00fdrobu energie, najm\u00e4 v srdci, v\u010faka [...]\" \/>\n<meta property=\"og:url\" content=\"https:\/\/herbaday.sk\/index.php\/product\/herbalife-gels-coq10vita-ceresna-30-zuvacich-gelovych-tabliet\/\" \/>\n<meta property=\"og:site_name\" content=\"Herbaday\" \/>\n<meta property=\"article:modified_time\" content=\"2025-01-06T19:48:45+00:00\" \/>\n<meta property=\"og:image\" content=\"https:\/\/i0.wp.com\/herbaday.sk\/wp-content\/uploads\/2024\/10\/cq5dam.web_.800.800-2.png?fit=800%2C800&ssl=1\" \/>\n\t<meta property=\"og:image:width\" content=\"800\" \/>\n\t<meta property=\"og:image:height\" content=\"800\" \/>\n\t<meta property=\"og:image:type\" content=\"image\/png\" \/>\n<meta name=\"twitter:card\" content=\"summary_large_image\" \/>\n<meta name=\"twitter:label1\" content=\"Predpokladan\u00fd \u010das \u010d\u00edtania\" \/>\n\t<meta name=\"twitter:data1\" content=\"1 min\u00fata\" \/>\n<script type=\"application\/ld+json\" class=\"yoast-schema-graph\">{\"@context\":\"https:\/\/schema.org\",\"@graph\":[{\"@type\":\"WebPage\",\"@id\":\"https:\/\/herbaday.sk\/index.php\/product\/herbalife-gels-coq10vita-ceresna-30-zuvacich-gelovych-tabliet\/\",\"url\":\"https:\/\/herbaday.sk\/index.php\/product\/herbalife-gels-coq10vita-ceresna-30-zuvacich-gelovych-tabliet\/\",\"name\":\"Herbalife Gels CoQ10Vita \u010cere\u0161\u0148a 30 \u017euvac\u00edch g\u00e9lov\u00fdch tabliet - Herbaday\",\"isPartOf\":{\"@id\":\"https:\/\/herbaday.sk\/#website\"},\"primaryImageOfPage\":{\"@id\":\"https:\/\/herbaday.sk\/index.php\/product\/herbalife-gels-coq10vita-ceresna-30-zuvacich-gelovych-tabliet\/#primaryimage\"},\"image\":{\"@id\":\"https:\/\/herbaday.sk\/index.php\/product\/herbalife-gels-coq10vita-ceresna-30-zuvacich-gelovych-tabliet\/#primaryimage\"},\"thumbnailUrl\":\"https:\/\/i0.wp.com\/herbaday.sk\/wp-content\/uploads\/2024\/10\/cq5dam.web_.800.800-2.png?fit=800%2C800&ssl=1\",\"datePublished\":\"2024-10-06T20:38:55+00:00\",\"dateModified\":\"2025-01-06T19:48:45+00:00\",\"breadcrumb\":{\"@id\":\"https:\/\/herbaday.sk\/index.php\/product\/herbalife-gels-coq10vita-ceresna-30-zuvacich-gelovych-tabliet\/#breadcrumb\"},\"inLanguage\":\"sk-SK\",\"potentialAction\":[{\"@type\":\"ReadAction\",\"target\":[\"https:\/\/herbaday.sk\/index.php\/product\/herbalife-gels-coq10vita-ceresna-30-zuvacich-gelovych-tabliet\/\"]}]},{\"@type\":\"ImageObject\",\"inLanguage\":\"sk-SK\",\"@id\":\"https:\/\/herbaday.sk\/index.php\/product\/herbalife-gels-coq10vita-ceresna-30-zuvacich-gelovych-tabliet\/#primaryimage\",\"url\":\"https:\/\/i0.wp.com\/herbaday.sk\/wp-content\/uploads\/2024\/10\/cq5dam.web_.800.800-2.png?fit=800%2C800&ssl=1\",\"contentUrl\":\"https:\/\/i0.wp.com\/herbaday.sk\/wp-content\/uploads\/2024\/10\/cq5dam.web_.800.800-2.png?fit=800%2C800&ssl=1\",\"width\":800,\"height\":800},{\"@type\":\"BreadcrumbList\",\"@id\":\"https:\/\/herbaday.sk\/index.php\/product\/herbalife-gels-coq10vita-ceresna-30-zuvacich-gelovych-tabliet\/#breadcrumb\",\"itemListElement\":[{\"@type\":\"ListItem\",\"position\":1,\"name\":\"Domovsk\u00e1 str\u00e1nka\",\"item\":\"https:\/\/herbaday.sk\/\"},{\"@type\":\"ListItem\",\"position\":2,\"name\":\"Shop\",\"item\":\"https:\/\/herbaday.sk\/index.php\/shop\/\"},{\"@type\":\"ListItem\",\"position\":3,\"name\":\"Herbalife Gels CoQ10Vita \u010cere\u0161\u0148a 30 \u017euvac\u00edch g\u00e9lov\u00fdch tabliet\"}]},{\"@type\":\"WebSite\",\"@id\":\"https:\/\/herbaday.sk\/#website\",\"url\":\"https:\/\/herbaday.sk\/\",\"name\":\"Herbaday\",\"description\":\"Nez\u00e1visl\u00fd \u010dlen Herbalife Nutrition\",\"publisher\":{\"@id\":\"https:\/\/herbaday.sk\/#organization\"},\"potentialAction\":[{\"@type\":\"SearchAction\",\"target\":{\"@type\":\"EntryPoint\",\"urlTemplate\":\"https:\/\/herbaday.sk\/?s={search_term_string}\"},\"query-input\":{\"@type\":\"PropertyValueSpecification\",\"valueRequired\":true,\"valueName\":\"search_term_string\"}}],\"inLanguage\":\"sk-SK\"},{\"@type\":\"Organization\",\"@id\":\"https:\/\/herbaday.sk\/#organization\",\"name\":\"Herbaday\",\"url\":\"https:\/\/herbaday.sk\/\",\"logo\":{\"@type\":\"ImageObject\",\"inLanguage\":\"sk-SK\",\"@id\":\"https:\/\/herbaday.sk\/#\/schema\/logo\/image\/\",\"url\":\"http:\/\/herbaday.sk\/wp-content\/uploads\/2020\/11\/herbaday_logo.png\",\"contentUrl\":\"http:\/\/herbaday.sk\/wp-content\/uploads\/2020\/11\/herbaday_logo.png\",\"width\":2214,\"height\":545,\"caption\":\"Herbaday\"},\"image\":{\"@id\":\"https:\/\/herbaday.sk\/#\/schema\/logo\/image\/\"}}]}<\/script>\n<!-- \/ Yoast SEO plugin. -->","yoast_head_json":{"title":"Herbalife Gels CoQ10Vita \u010cere\u0161\u0148a 30 \u017euvac\u00edch g\u00e9lov\u00fdch tabliet - Herbaday","robots":{"index":"index","follow":"follow","max-snippet":"max-snippet:-1","max-image-preview":"max-image-preview:large","max-video-preview":"max-video-preview:-1"},"canonical":"https:\/\/herbaday.sk\/index.php\/product\/herbalife-gels-coq10vita-ceresna-30-zuvacich-gelovych-tabliet\/","og_locale":"sk_SK","og_type":"article","og_title":"Herbalife Gels CoQ10Vita \u010cere\u0161\u0148a 30 \u017euvac\u00edch g\u00e9lov\u00fdch tabliet - Herbaday","og_description":"Herbalife Gels CoQ10Vita je lahodn\u00fd \u017euvac\u00ed g\u00e9lov\u00fd v\u00fd\u017eivov\u00fd doplnok obohaten\u00fd o koenz\u00fdm Q10 spolu s k\u013e\u00fa\u010dov\u00fdmi vitam\u00ednmi. Tento v\u00fd\u017eivov\u00fd doplnok bez cukru kombinuje v\u00fdhody CoQ10, vitam\u00ednu E a vitam\u00ednu K na podporu ochrany buniek pred oxida\u010dn\u00fdm stresom\u00b9, norm\u00e1lnu zr\u00e1\u017eanlivos\u0165 krvi\u00b2 a udr\u017eanie norm\u00e1lneho stavu kost\u00ed\u00b2. CoQ10 je k\u013e\u00fa\u010dov\u00fd pre v\u00fdrobu energie, najm\u00e4 v srdci, v\u010faka [...]","og_url":"https:\/\/herbaday.sk\/index.php\/product\/herbalife-gels-coq10vita-ceresna-30-zuvacich-gelovych-tabliet\/","og_site_name":"Herbaday","article_modified_time":"2025-01-06T19:48:45+00:00","og_image":[{"width":800,"height":800,"url":"https:\/\/i0.wp.com\/herbaday.sk\/wp-content\/uploads\/2024\/10\/cq5dam.web_.800.800-2.png?fit=800%2C800&ssl=1","type":"image\/png"}],"twitter_card":"summary_large_image","twitter_misc":{"Predpokladan\u00fd \u010das \u010d\u00edtania":"1 min\u00fata"},"schema":{"@context":"https:\/\/schema.org","@graph":[{"@type":"WebPage","@id":"https:\/\/herbaday.sk\/index.php\/product\/herbalife-gels-coq10vita-ceresna-30-zuvacich-gelovych-tabliet\/","url":"https:\/\/herbaday.sk\/index.php\/product\/herbalife-gels-coq10vita-ceresna-30-zuvacich-gelovych-tabliet\/","name":"Herbalife Gels CoQ10Vita \u010cere\u0161\u0148a 30 \u017euvac\u00edch g\u00e9lov\u00fdch tabliet - Herbaday","isPartOf":{"@id":"https:\/\/herbaday.sk\/#website"},"primaryImageOfPage":{"@id":"https:\/\/herbaday.sk\/index.php\/product\/herbalife-gels-coq10vita-ceresna-30-zuvacich-gelovych-tabliet\/#primaryimage"},"image":{"@id":"https:\/\/herbaday.sk\/index.php\/product\/herbalife-gels-coq10vita-ceresna-30-zuvacich-gelovych-tabliet\/#primaryimage"},"thumbnailUrl":"https:\/\/i0.wp.com\/herbaday.sk\/wp-content\/uploads\/2024\/10\/cq5dam.web_.800.800-2.png?fit=800%2C800&ssl=1","datePublished":"2024-10-06T20:38:55+00:00","dateModified":"2025-01-06T19:48:45+00:00","breadcrumb":{"@id":"https:\/\/herbaday.sk\/index.php\/product\/herbalife-gels-coq10vita-ceresna-30-zuvacich-gelovych-tabliet\/#breadcrumb"},"inLanguage":"sk-SK","potentialAction":[{"@type":"ReadAction","target":["https:\/\/herbaday.sk\/index.php\/product\/herbalife-gels-coq10vita-ceresna-30-zuvacich-gelovych-tabliet\/"]}]},{"@type":"ImageObject","inLanguage":"sk-SK","@id":"https:\/\/herbaday.sk\/index.php\/product\/herbalife-gels-coq10vita-ceresna-30-zuvacich-gelovych-tabliet\/#primaryimage","url":"https:\/\/i0.wp.com\/herbaday.sk\/wp-content\/uploads\/2024\/10\/cq5dam.web_.800.800-2.png?fit=800%2C800&ssl=1","contentUrl":"https:\/\/i0.wp.com\/herbaday.sk\/wp-content\/uploads\/2024\/10\/cq5dam.web_.800.800-2.png?fit=800%2C800&ssl=1","width":800,"height":800},{"@type":"BreadcrumbList","@id":"https:\/\/herbaday.sk\/index.php\/product\/herbalife-gels-coq10vita-ceresna-30-zuvacich-gelovych-tabliet\/#breadcrumb","itemListElement":[{"@type":"ListItem","position":1,"name":"Domovsk\u00e1 str\u00e1nka","item":"https:\/\/herbaday.sk\/"},{"@type":"ListItem","position":2,"name":"Shop","item":"https:\/\/herbaday.sk\/index.php\/shop\/"},{"@type":"ListItem","position":3,"name":"Herbalife Gels CoQ10Vita \u010cere\u0161\u0148a 30 \u017euvac\u00edch g\u00e9lov\u00fdch tabliet"}]},{"@type":"WebSite","@id":"https:\/\/herbaday.sk\/#website","url":"https:\/\/herbaday.sk\/","name":"Herbaday","description":"Nez\u00e1visl\u00fd \u010dlen Herbalife Nutrition","publisher":{"@id":"https:\/\/herbaday.sk\/#organization"},"potentialAction":[{"@type":"SearchAction","target":{"@type":"EntryPoint","urlTemplate":"https:\/\/herbaday.sk\/?s={search_term_string}"},"query-input":{"@type":"PropertyValueSpecification","valueRequired":true,"valueName":"search_term_string"}}],"inLanguage":"sk-SK"},{"@type":"Organization","@id":"https:\/\/herbaday.sk\/#organization","name":"Herbaday","url":"https:\/\/herbaday.sk\/","logo":{"@type":"ImageObject","inLanguage":"sk-SK","@id":"https:\/\/herbaday.sk\/#\/schema\/logo\/image\/","url":"http:\/\/herbaday.sk\/wp-content\/uploads\/2020\/11\/herbaday_logo.png","contentUrl":"http:\/\/herbaday.sk\/wp-content\/uploads\/2020\/11\/herbaday_logo.png","width":2214,"height":545,"caption":"Herbaday"},"image":{"@id":"https:\/\/herbaday.sk\/#\/schema\/logo\/image\/"}}]}},"jetpack_sharing_enabled":true,"_links":{"self":[{"href":"https:\/\/herbaday.sk\/index.php\/wp-json\/wp\/v2\/product\/209292","targetHints":{"allow":["GET"]}}],"collection":[{"href":"https:\/\/herbaday.sk\/index.php\/wp-json\/wp\/v2\/product"}],"about":[{"href":"https:\/\/herbaday.sk\/index.php\/wp-json\/wp\/v2\/types\/product"}],"replies":[{"embeddable":true,"href":"https:\/\/herbaday.sk\/index.php\/wp-json\/wp\/v2\/comments?post=209292"}],"wp:featuredmedia":[{"embeddable":true,"href":"https:\/\/herbaday.sk\/index.php\/wp-json\/wp\/v2\/media\/209293"}],"wp:attachment":[{"href":"https:\/\/herbaday.sk\/index.php\/wp-json\/wp\/v2\/media?parent=209292"}],"wp:term":[{"taxonomy":"product_brand","embeddable":true,"href":"https:\/\/herbaday.sk\/index.php\/wp-json\/wp\/v2\/product_brand?post=209292"},{"taxonomy":"product_cat","embeddable":true,"href":"https:\/\/herbaday.sk\/index.php\/wp-json\/wp\/v2\/product_cat?post=209292"},{"taxonomy":"product_tag","embeddable":true,"href":"https:\/\/herbaday.sk\/index.php\/wp-json\/wp\/v2\/product_tag?post=209292"}],"curies":[{"name":"wp","href":"https:\/\/api.w.org\/{rel}","templated":true}]}}