{"id":209294,"date":"2024-10-06T20:40:29","date_gmt":"2024-10-06T20:40:29","guid":{"rendered":"https:\/\/herbaday.sk\/?post_type=product&#038;p=209294"},"modified":"2025-01-06T19:48:14","modified_gmt":"2025-01-06T19:48:14","slug":"herbalife-gels-mindvita-kids-citron-limetka-jahoda-30-zuvacich-gelovych-tabliet","status":"publish","type":"product","link":"https:\/\/herbaday.sk\/index.php\/product\/herbalife-gels-mindvita-kids-citron-limetka-jahoda-30-zuvacich-gelovych-tabliet\/","title":{"rendered":"Herbalife Gels MindVita Kids Citr\u00f3n-limetka-jahoda 30 \u017euvac\u00edch g\u00e9lov\u00fdch tabliet"},"content":{"rendered":"<p>Podporte vyv\u00edjaj\u00faci sa mozog\u00b9 a telo svojich det\u00ed s Herbalife Gels MindVita Kids.<br \/>\nMindVita Kids, lahodn\u00fd \u017euvac\u00ed g\u00e9lov\u00fd v\u00fd\u017eivov\u00fd doplnok s obsahom omega-3 mastn\u00fdch kysel\u00edn (EPA a DHA) spolu s k\u013e\u00fa\u010dov\u00fdmi vitam\u00ednmi skupiny B. Tento doplnok bez cukru kombinuje v\u00fdhody omega-3 a vitam\u00ednov skupiny B na podporu norm\u00e1lnej funkcie mozgu\u00b9, zraku\u00b9, energetick\u00e9ho metabolizmu\u00b2, funkcie nervov\u00e9ho syst\u00e9mu\u00b2 a psychologick\u00fdch funkci\u00ed\u00b2.<br \/>\nVychutnajte si Herbalife Gels MindVita Kids s osvie\u017euj\u00facou pr\u00edchu\u0165ou citr\u00f3n-limetka-jahoda, s pr\u00edrodn\u00fdmi ar\u00f3mami.<\/p>\n<p>\u00b9 DHA prispieva k udr\u017eaniu norm\u00e1lnej funkcie mozgu a zraku. Priazniv\u00e9 \u00fa\u010dinky sa dosahuj\u00fa pri dennom pr\u00edjme 250 mg DHA.<br \/>\n\u00b2 Vitam\u00edny skupiny B (B6, B12, biot\u00edn a niac\u00edn) prispievaj\u00fa k norm\u00e1lnemu energetick\u00e9mu metabolizmu, funkcii nervov\u00e9ho syst\u00e9mu a psychickej funkcii.<\/p>\n<h5 data-bind=\"visible: KeyBenefits\">K\u013e\u00fa\u010dov\u00e9 V\u00fdhody<\/h5>\n<div class=\"disc\" data-bind=\"visible: KeyBenefits, html: KeyBenefits\">\n<ul>\n<li>Vysok\u00fd obsah omega-3 mastn\u00fdch kysel\u00edn (EPA a DHA), ktor\u00e9 udr\u017eiavaj\u00fa norm\u00e1lnu funkciu mozgu a norm\u00e1lny zrak\u00b9<\/li>\n<li>Obsahuje starostlivo vybran\u00e9 vitam\u00edny skupiny B (B6, B12, biot\u00edn a niac\u00edn), ktor\u00e9 prispievaj\u00fa k norm\u00e1lnemu energetick\u00e9mu metabolizmu, funkcii nervov\u00e9ho syst\u00e9mu a psychickej funkcii<\/li>\n<li>Lahodn\u00e1 pr\u00edchu\u0165 citr\u00f3n-limetka-jahoda<\/li>\n<li>Bez cukru<\/li>\n<li>Bez lepku<\/li>\n<li>Obsahuje pr\u00edrodn\u00e9 ar\u00f3my<\/li>\n<li>Dod\u00e1va sa v balen\u00ed s 30 \u017euvac\u00edmi g\u00e9lov\u00fdmi tabletami<\/li>\n<\/ul>\n<p>\u00b9 DHA prispieva k udr\u017eaniu norm\u00e1lnej funkcie mozgu a norm\u00e1lneho stavu zraku. Priazniv\u00e9 \u00fa\u010dinky sa dosahuj\u00fa pri dennom pr\u00edjme 250 mg DHA.<\/p>\n<\/div>\n<h5 data-bind=\"visible: FastFacts\">R\u00fdchle Fakty<\/h5>\n<div class=\"disc\" data-bind=\"visible: FastFacts, html: FastFacts\">\n<p>Lahodn\u00fd, \u017euvac\u00ed g\u00e9lov\u00fd v\u00fd\u017eivov\u00fd doplnok pre deti, s obsahom omega-3 mastn\u00fdch kysel\u00edn a k\u013e\u00fa\u010dov\u00fdch vitam\u00ednov skupiny B.<\/p>\n<\/div>\n<h5 data-bind=\"visible: Usage\">Pou\u017e\u00edvanie<\/h5>\n<div class=\"disc\" data-bind=\"visible: Usage, html: Usage\">\n<p>U\u017e\u00edvajte jednu \u017euvaciu g\u00e9lov\u00fa tabletu pre deti vo veku 4-17 rokov.<br \/>\nDodr\u017eiavajte odpor\u00fa\u010den\u00e9 d\u00e1vkovanie. Tento produkt by sa mal pred prehltnut\u00edm d\u00f4kladne po\u017eu\u0165. Deti by mali by\u0165 pod doh\u013eadom dospelej osoby.<br \/>\nProdukt pou\u017e\u00edvajte v r\u00e1mci vyv\u00e1\u017eenej a pestrej stravy ako s\u00fa\u010das\u0165 zdrav\u00e9ho akt\u00edvneho \u0161t\u00fdlu.<\/p>\n<\/div>\n","protected":false},"excerpt":{"rendered":"<p>Podporte vyv\u00edjaj\u00faci sa mozog\u00b9 a telo svojich det\u00ed s Herbalife Gels MindVita Kids. MindVita Kids, lahodn\u00fd \u017euvac\u00ed g\u00e9lov\u00fd v\u00fd\u017eivov\u00fd doplnok s obsahom omega-3 mastn\u00fdch kysel\u00edn (EPA a DHA) spolu s k\u013e\u00fa\u010dov\u00fdmi vitam\u00ednmi skupiny B. Tento doplnok bez cukru kombinuje v\u00fdhody omega-3 a vitam\u00ednov skupiny B na podporu norm\u00e1lnej funkcie mozgu\u00b9, zraku\u00b9, energetick\u00e9ho metabolizmu\u00b2, funkcie nervov\u00e9ho [&#8230;]\n","protected":false},"featured_media":209295,"comment_status":"open","ping_status":"closed","template":"","meta":[],"product_brand":[],"product_cat":[24],"product_tag":[],"class_list":{"0":"post-209294","1":"product","2":"type-product","3":"status-publish","4":"has-post-thumbnail","6":"product_cat-kazdodenna-podpora","8":"first","9":"instock","10":"taxable","11":"shipping-taxable","12":"purchasable","13":"product-type-simple"},"yoast_head":"<!-- This site is optimized with the Yoast SEO plugin v24.3 - https:\/\/yoast.com\/wordpress\/plugins\/seo\/ -->\n<title>Herbalife Gels MindVita Kids Citr\u00f3n-limetka-jahoda 30 \u017euvac\u00edch g\u00e9lov\u00fdch tabliet - Herbaday<\/title>\n<meta name=\"robots\" content=\"index, follow, max-snippet:-1, max-image-preview:large, max-video-preview:-1\" \/>\n<link rel=\"canonical\" href=\"https:\/\/herbaday.sk\/index.php\/product\/herbalife-gels-mindvita-kids-citron-limetka-jahoda-30-zuvacich-gelovych-tabliet\/\" \/>\n<meta property=\"og:locale\" content=\"sk_SK\" \/>\n<meta property=\"og:type\" content=\"article\" \/>\n<meta property=\"og:title\" content=\"Herbalife Gels MindVita Kids Citr\u00f3n-limetka-jahoda 30 \u017euvac\u00edch g\u00e9lov\u00fdch tabliet - Herbaday\" \/>\n<meta property=\"og:description\" content=\"Podporte vyv\u00edjaj\u00faci sa mozog\u00b9 a telo svojich det\u00ed s Herbalife Gels MindVita Kids. MindVita Kids, lahodn\u00fd \u017euvac\u00ed g\u00e9lov\u00fd v\u00fd\u017eivov\u00fd doplnok s obsahom omega-3 mastn\u00fdch kysel\u00edn (EPA a DHA) spolu s k\u013e\u00fa\u010dov\u00fdmi vitam\u00ednmi skupiny B. Tento doplnok bez cukru kombinuje v\u00fdhody omega-3 a vitam\u00ednov skupiny B na podporu norm\u00e1lnej funkcie mozgu\u00b9, zraku\u00b9, energetick\u00e9ho metabolizmu\u00b2, funkcie nervov\u00e9ho [...]\" \/>\n<meta property=\"og:url\" content=\"https:\/\/herbaday.sk\/index.php\/product\/herbalife-gels-mindvita-kids-citron-limetka-jahoda-30-zuvacich-gelovych-tabliet\/\" \/>\n<meta property=\"og:site_name\" content=\"Herbaday\" \/>\n<meta property=\"article:modified_time\" content=\"2025-01-06T19:48:14+00:00\" \/>\n<meta property=\"og:image\" content=\"https:\/\/i0.wp.com\/herbaday.sk\/wp-content\/uploads\/2024\/10\/cq5dam.web_.800.800-3.png?fit=800%2C800&ssl=1\" \/>\n\t<meta property=\"og:image:width\" content=\"800\" \/>\n\t<meta property=\"og:image:height\" content=\"800\" \/>\n\t<meta property=\"og:image:type\" content=\"image\/png\" \/>\n<meta name=\"twitter:card\" content=\"summary_large_image\" \/>\n<meta name=\"twitter:label1\" content=\"Predpokladan\u00fd \u010das \u010d\u00edtania\" \/>\n\t<meta name=\"twitter:data1\" content=\"2 min\u00faty\" \/>\n<script type=\"application\/ld+json\" class=\"yoast-schema-graph\">{\"@context\":\"https:\/\/schema.org\",\"@graph\":[{\"@type\":\"WebPage\",\"@id\":\"https:\/\/herbaday.sk\/index.php\/product\/herbalife-gels-mindvita-kids-citron-limetka-jahoda-30-zuvacich-gelovych-tabliet\/\",\"url\":\"https:\/\/herbaday.sk\/index.php\/product\/herbalife-gels-mindvita-kids-citron-limetka-jahoda-30-zuvacich-gelovych-tabliet\/\",\"name\":\"Herbalife Gels MindVita Kids Citr\u00f3n-limetka-jahoda 30 \u017euvac\u00edch g\u00e9lov\u00fdch tabliet - Herbaday\",\"isPartOf\":{\"@id\":\"https:\/\/herbaday.sk\/#website\"},\"primaryImageOfPage\":{\"@id\":\"https:\/\/herbaday.sk\/index.php\/product\/herbalife-gels-mindvita-kids-citron-limetka-jahoda-30-zuvacich-gelovych-tabliet\/#primaryimage\"},\"image\":{\"@id\":\"https:\/\/herbaday.sk\/index.php\/product\/herbalife-gels-mindvita-kids-citron-limetka-jahoda-30-zuvacich-gelovych-tabliet\/#primaryimage\"},\"thumbnailUrl\":\"https:\/\/i0.wp.com\/herbaday.sk\/wp-content\/uploads\/2024\/10\/cq5dam.web_.800.800-3.png?fit=800%2C800&ssl=1\",\"datePublished\":\"2024-10-06T20:40:29+00:00\",\"dateModified\":\"2025-01-06T19:48:14+00:00\",\"breadcrumb\":{\"@id\":\"https:\/\/herbaday.sk\/index.php\/product\/herbalife-gels-mindvita-kids-citron-limetka-jahoda-30-zuvacich-gelovych-tabliet\/#breadcrumb\"},\"inLanguage\":\"sk-SK\",\"potentialAction\":[{\"@type\":\"ReadAction\",\"target\":[\"https:\/\/herbaday.sk\/index.php\/product\/herbalife-gels-mindvita-kids-citron-limetka-jahoda-30-zuvacich-gelovych-tabliet\/\"]}]},{\"@type\":\"ImageObject\",\"inLanguage\":\"sk-SK\",\"@id\":\"https:\/\/herbaday.sk\/index.php\/product\/herbalife-gels-mindvita-kids-citron-limetka-jahoda-30-zuvacich-gelovych-tabliet\/#primaryimage\",\"url\":\"https:\/\/i0.wp.com\/herbaday.sk\/wp-content\/uploads\/2024\/10\/cq5dam.web_.800.800-3.png?fit=800%2C800&ssl=1\",\"contentUrl\":\"https:\/\/i0.wp.com\/herbaday.sk\/wp-content\/uploads\/2024\/10\/cq5dam.web_.800.800-3.png?fit=800%2C800&ssl=1\",\"width\":800,\"height\":800},{\"@type\":\"BreadcrumbList\",\"@id\":\"https:\/\/herbaday.sk\/index.php\/product\/herbalife-gels-mindvita-kids-citron-limetka-jahoda-30-zuvacich-gelovych-tabliet\/#breadcrumb\",\"itemListElement\":[{\"@type\":\"ListItem\",\"position\":1,\"name\":\"Domovsk\u00e1 str\u00e1nka\",\"item\":\"https:\/\/herbaday.sk\/\"},{\"@type\":\"ListItem\",\"position\":2,\"name\":\"Shop\",\"item\":\"https:\/\/herbaday.sk\/index.php\/shop\/\"},{\"@type\":\"ListItem\",\"position\":3,\"name\":\"Herbalife Gels MindVita Kids Citr\u00f3n-limetka-jahoda 30 \u017euvac\u00edch g\u00e9lov\u00fdch tabliet\"}]},{\"@type\":\"WebSite\",\"@id\":\"https:\/\/herbaday.sk\/#website\",\"url\":\"https:\/\/herbaday.sk\/\",\"name\":\"Herbaday\",\"description\":\"Nez\u00e1visl\u00fd \u010dlen Herbalife Nutrition\",\"publisher\":{\"@id\":\"https:\/\/herbaday.sk\/#organization\"},\"potentialAction\":[{\"@type\":\"SearchAction\",\"target\":{\"@type\":\"EntryPoint\",\"urlTemplate\":\"https:\/\/herbaday.sk\/?s={search_term_string}\"},\"query-input\":{\"@type\":\"PropertyValueSpecification\",\"valueRequired\":true,\"valueName\":\"search_term_string\"}}],\"inLanguage\":\"sk-SK\"},{\"@type\":\"Organization\",\"@id\":\"https:\/\/herbaday.sk\/#organization\",\"name\":\"Herbaday\",\"url\":\"https:\/\/herbaday.sk\/\",\"logo\":{\"@type\":\"ImageObject\",\"inLanguage\":\"sk-SK\",\"@id\":\"https:\/\/herbaday.sk\/#\/schema\/logo\/image\/\",\"url\":\"http:\/\/herbaday.sk\/wp-content\/uploads\/2020\/11\/herbaday_logo.png\",\"contentUrl\":\"http:\/\/herbaday.sk\/wp-content\/uploads\/2020\/11\/herbaday_logo.png\",\"width\":2214,\"height\":545,\"caption\":\"Herbaday\"},\"image\":{\"@id\":\"https:\/\/herbaday.sk\/#\/schema\/logo\/image\/\"}}]}<\/script>\n<!-- \/ Yoast SEO plugin. -->","yoast_head_json":{"title":"Herbalife Gels MindVita Kids Citr\u00f3n-limetka-jahoda 30 \u017euvac\u00edch g\u00e9lov\u00fdch tabliet - Herbaday","robots":{"index":"index","follow":"follow","max-snippet":"max-snippet:-1","max-image-preview":"max-image-preview:large","max-video-preview":"max-video-preview:-1"},"canonical":"https:\/\/herbaday.sk\/index.php\/product\/herbalife-gels-mindvita-kids-citron-limetka-jahoda-30-zuvacich-gelovych-tabliet\/","og_locale":"sk_SK","og_type":"article","og_title":"Herbalife Gels MindVita Kids Citr\u00f3n-limetka-jahoda 30 \u017euvac\u00edch g\u00e9lov\u00fdch tabliet - Herbaday","og_description":"Podporte vyv\u00edjaj\u00faci sa mozog\u00b9 a telo svojich det\u00ed s Herbalife Gels MindVita Kids. MindVita Kids, lahodn\u00fd \u017euvac\u00ed g\u00e9lov\u00fd v\u00fd\u017eivov\u00fd doplnok s obsahom omega-3 mastn\u00fdch kysel\u00edn (EPA a DHA) spolu s k\u013e\u00fa\u010dov\u00fdmi vitam\u00ednmi skupiny B. Tento doplnok bez cukru kombinuje v\u00fdhody omega-3 a vitam\u00ednov skupiny B na podporu norm\u00e1lnej funkcie mozgu\u00b9, zraku\u00b9, energetick\u00e9ho metabolizmu\u00b2, funkcie nervov\u00e9ho [...]","og_url":"https:\/\/herbaday.sk\/index.php\/product\/herbalife-gels-mindvita-kids-citron-limetka-jahoda-30-zuvacich-gelovych-tabliet\/","og_site_name":"Herbaday","article_modified_time":"2025-01-06T19:48:14+00:00","og_image":[{"width":800,"height":800,"url":"https:\/\/i0.wp.com\/herbaday.sk\/wp-content\/uploads\/2024\/10\/cq5dam.web_.800.800-3.png?fit=800%2C800&ssl=1","type":"image\/png"}],"twitter_card":"summary_large_image","twitter_misc":{"Predpokladan\u00fd \u010das \u010d\u00edtania":"2 min\u00faty"},"schema":{"@context":"https:\/\/schema.org","@graph":[{"@type":"WebPage","@id":"https:\/\/herbaday.sk\/index.php\/product\/herbalife-gels-mindvita-kids-citron-limetka-jahoda-30-zuvacich-gelovych-tabliet\/","url":"https:\/\/herbaday.sk\/index.php\/product\/herbalife-gels-mindvita-kids-citron-limetka-jahoda-30-zuvacich-gelovych-tabliet\/","name":"Herbalife Gels MindVita Kids Citr\u00f3n-limetka-jahoda 30 \u017euvac\u00edch g\u00e9lov\u00fdch tabliet - Herbaday","isPartOf":{"@id":"https:\/\/herbaday.sk\/#website"},"primaryImageOfPage":{"@id":"https:\/\/herbaday.sk\/index.php\/product\/herbalife-gels-mindvita-kids-citron-limetka-jahoda-30-zuvacich-gelovych-tabliet\/#primaryimage"},"image":{"@id":"https:\/\/herbaday.sk\/index.php\/product\/herbalife-gels-mindvita-kids-citron-limetka-jahoda-30-zuvacich-gelovych-tabliet\/#primaryimage"},"thumbnailUrl":"https:\/\/i0.wp.com\/herbaday.sk\/wp-content\/uploads\/2024\/10\/cq5dam.web_.800.800-3.png?fit=800%2C800&ssl=1","datePublished":"2024-10-06T20:40:29+00:00","dateModified":"2025-01-06T19:48:14+00:00","breadcrumb":{"@id":"https:\/\/herbaday.sk\/index.php\/product\/herbalife-gels-mindvita-kids-citron-limetka-jahoda-30-zuvacich-gelovych-tabliet\/#breadcrumb"},"inLanguage":"sk-SK","potentialAction":[{"@type":"ReadAction","target":["https:\/\/herbaday.sk\/index.php\/product\/herbalife-gels-mindvita-kids-citron-limetka-jahoda-30-zuvacich-gelovych-tabliet\/"]}]},{"@type":"ImageObject","inLanguage":"sk-SK","@id":"https:\/\/herbaday.sk\/index.php\/product\/herbalife-gels-mindvita-kids-citron-limetka-jahoda-30-zuvacich-gelovych-tabliet\/#primaryimage","url":"https:\/\/i0.wp.com\/herbaday.sk\/wp-content\/uploads\/2024\/10\/cq5dam.web_.800.800-3.png?fit=800%2C800&ssl=1","contentUrl":"https:\/\/i0.wp.com\/herbaday.sk\/wp-content\/uploads\/2024\/10\/cq5dam.web_.800.800-3.png?fit=800%2C800&ssl=1","width":800,"height":800},{"@type":"BreadcrumbList","@id":"https:\/\/herbaday.sk\/index.php\/product\/herbalife-gels-mindvita-kids-citron-limetka-jahoda-30-zuvacich-gelovych-tabliet\/#breadcrumb","itemListElement":[{"@type":"ListItem","position":1,"name":"Domovsk\u00e1 str\u00e1nka","item":"https:\/\/herbaday.sk\/"},{"@type":"ListItem","position":2,"name":"Shop","item":"https:\/\/herbaday.sk\/index.php\/shop\/"},{"@type":"ListItem","position":3,"name":"Herbalife Gels MindVita Kids Citr\u00f3n-limetka-jahoda 30 \u017euvac\u00edch g\u00e9lov\u00fdch tabliet"}]},{"@type":"WebSite","@id":"https:\/\/herbaday.sk\/#website","url":"https:\/\/herbaday.sk\/","name":"Herbaday","description":"Nez\u00e1visl\u00fd \u010dlen Herbalife Nutrition","publisher":{"@id":"https:\/\/herbaday.sk\/#organization"},"potentialAction":[{"@type":"SearchAction","target":{"@type":"EntryPoint","urlTemplate":"https:\/\/herbaday.sk\/?s={search_term_string}"},"query-input":{"@type":"PropertyValueSpecification","valueRequired":true,"valueName":"search_term_string"}}],"inLanguage":"sk-SK"},{"@type":"Organization","@id":"https:\/\/herbaday.sk\/#organization","name":"Herbaday","url":"https:\/\/herbaday.sk\/","logo":{"@type":"ImageObject","inLanguage":"sk-SK","@id":"https:\/\/herbaday.sk\/#\/schema\/logo\/image\/","url":"http:\/\/herbaday.sk\/wp-content\/uploads\/2020\/11\/herbaday_logo.png","contentUrl":"http:\/\/herbaday.sk\/wp-content\/uploads\/2020\/11\/herbaday_logo.png","width":2214,"height":545,"caption":"Herbaday"},"image":{"@id":"https:\/\/herbaday.sk\/#\/schema\/logo\/image\/"}}]}},"jetpack_sharing_enabled":true,"_links":{"self":[{"href":"https:\/\/herbaday.sk\/index.php\/wp-json\/wp\/v2\/product\/209294","targetHints":{"allow":["GET"]}}],"collection":[{"href":"https:\/\/herbaday.sk\/index.php\/wp-json\/wp\/v2\/product"}],"about":[{"href":"https:\/\/herbaday.sk\/index.php\/wp-json\/wp\/v2\/types\/product"}],"replies":[{"embeddable":true,"href":"https:\/\/herbaday.sk\/index.php\/wp-json\/wp\/v2\/comments?post=209294"}],"wp:featuredmedia":[{"embeddable":true,"href":"https:\/\/herbaday.sk\/index.php\/wp-json\/wp\/v2\/media\/209295"}],"wp:attachment":[{"href":"https:\/\/herbaday.sk\/index.php\/wp-json\/wp\/v2\/media?parent=209294"}],"wp:term":[{"taxonomy":"product_brand","embeddable":true,"href":"https:\/\/herbaday.sk\/index.php\/wp-json\/wp\/v2\/product_brand?post=209294"},{"taxonomy":"product_cat","embeddable":true,"href":"https:\/\/herbaday.sk\/index.php\/wp-json\/wp\/v2\/product_cat?post=209294"},{"taxonomy":"product_tag","embeddable":true,"href":"https:\/\/herbaday.sk\/index.php\/wp-json\/wp\/v2\/product_tag?post=209294"}],"curies":[{"name":"wp","href":"https:\/\/api.w.org\/{rel}","templated":true}]}}