{"id":209647,"date":"2025-12-05T03:52:15","date_gmt":"2025-12-05T03:52:15","guid":{"rendered":"https:\/\/herbaday.sk\/?post_type=product&#038;p=209647"},"modified":"2025-12-05T03:52:16","modified_gmt":"2025-12-05T03:52:16","slug":"hl-skin-obnovujuci-cistiaci-gel-147-ml","status":"publish","type":"product","link":"https:\/\/herbaday.sk\/index.php\/product\/hl-skin-obnovujuci-cistiaci-gel-147-ml\/","title":{"rendered":"HL Skin Obnovuj\u00faci \u010distiaci g\u00e9l 147 ml"},"content":{"rendered":"<h3 id=\"info-toggle\"><strong><span style=\"color: #555555; font-size: 14.4px;\">Jemn\u00e1 pena na \u010distenie, ktor\u00e1 \u010dist\u00ed bez vysu\u0161ovania.<\/span><\/strong><\/h3>\n<div class=\"info-content\">\n<article>Preme\u0148te ka\u017edodenn\u00e9 \u010distenie pleti na osvie\u017euj\u00faci ritu\u00e1l s \u010distiacim pr\u00edpravkom HL\/Skin \u2013 Obnovuj\u00faci \u010distiaci g\u00e9l. In\u0161pirovan\u00fd pokro\u010dilou k\u00f3rejskou starostlivos\u0165ou o ple\u0165, tento jemn\u00fd a \u013eahk\u00fd peniv\u00fd g\u00e9l \u00fa\u010dinne odstra\u0148uje make-up, ne\u010distoty a prebyto\u010dn\u00fd maz bez toho, aby ple\u0165 nadmerne vysu\u0161oval. V\u00fdsledkom je ple\u0165, ktor\u00e1 je po ka\u017edom pou\u017eit\u00ed \u010dist\u00e1, jemn\u00e1 a pr\u00edjemne osvie\u017een\u00e1.<\/p>\n<h5 data-bind=\"visible: KeyBenefits\">K\u013e\u00fa\u010dov\u00e9 V\u00fdhody<\/h5>\n<div class=\"disc\" data-bind=\"visible: KeyBenefits, html: KeyBenefits\">\n<ul>\n<li>Zalo\u017een\u00e9 na pokro\u010dilej k\u00f3rejskej starostlivosti o ple\u0165<\/li>\n<li>\u00da\u010dinne odstra\u0148uje make-up, ne\u010distoty a prebyto\u010dn\u00fd maz.<\/li>\n<li>Jemne \u010dist\u00ed poko\u017eku bez jej nadmern\u00e9ho vysu\u0161enia.<\/li>\n<li>Zanech\u00e1va poko\u017eku \u010dist\u00fa, vyv\u00e1\u017een\u00fa a osvie\u017een\u00fa.<\/li>\n<li>\u013dahk\u00e1, penov\u00e1 \u0161trukt\u00fara g\u00e9lu<\/li>\n<li>Vhodn\u00fd pre r\u00f4zne typy pleti<\/li>\n<li>Bez pridan\u00fdch parab\u00e9nov a sulf\u00e1tov<\/li>\n<\/ul>\n<\/div>\n<h5 data-bind=\"visible: Usage\">Pou\u017e\u00edvanie<\/h5>\n<div class=\"disc\" data-bind=\"visible: Usage, html: Usage\">\n<ol>\n<li>Naneste na mokr\u00e9 ruky a vytvorte \u013eahk\u00fa penu.<\/li>\n<li>Jemn\u00fdmi kr\u00fa\u017eiv\u00fdmi pohybmi mas\u00edrujte tv\u00e1r a krk.<\/li>\n<li>D\u00f4kladne opl\u00e1chnite teplou vodou a jemne osu\u0161te.<\/li>\n<li>Na dosiahnutie najlep\u0161\u00edch v\u00fdsledkov pou\u017e\u00edvajte r\u00e1no a ve\u010der.<\/li>\n<\/ol>\n<\/div>\n<p class=\"note\" data-bind=\"visible: SpecialNotes, text: SpecialNotes\">\n<\/article>\n<\/div>\n","protected":false},"excerpt":{"rendered":"<p>Jemn\u00e1 pena na \u010distenie, ktor\u00e1 \u010dist\u00ed bez vysu\u0161ovania. Preme\u0148te ka\u017edodenn\u00e9 \u010distenie pleti na osvie\u017euj\u00faci ritu\u00e1l s \u010distiacim pr\u00edpravkom HL\/Skin \u2013 Obnovuj\u00faci \u010distiaci g\u00e9l. In\u0161pirovan\u00fd pokro\u010dilou k\u00f3rejskou starostlivos\u0165ou o ple\u0165, tento jemn\u00fd a \u013eahk\u00fd peniv\u00fd g\u00e9l \u00fa\u010dinne odstra\u0148uje make-up, ne\u010distoty a prebyto\u010dn\u00fd maz bez toho, aby ple\u0165 nadmerne vysu\u0161oval. V\u00fdsledkom je ple\u0165, ktor\u00e1 je po ka\u017edom [&#8230;]\n","protected":false},"featured_media":209648,"comment_status":"open","ping_status":"closed","template":"","meta":[],"product_brand":[],"product_cat":[53],"product_tag":[],"class_list":{"0":"post-209647","1":"product","2":"type-product","3":"status-publish","4":"has-post-thumbnail","6":"product_cat-hl-skin","8":"first","9":"instock","10":"taxable","11":"shipping-taxable","12":"purchasable","13":"product-type-simple"},"yoast_head":"<!-- This site is optimized with the Yoast SEO plugin v24.3 - https:\/\/yoast.com\/wordpress\/plugins\/seo\/ -->\n<title>HL Skin Obnovuj\u00faci \u010distiaci g\u00e9l 147 ml - Herbaday<\/title>\n<meta name=\"robots\" content=\"index, follow, max-snippet:-1, max-image-preview:large, max-video-preview:-1\" \/>\n<link rel=\"canonical\" href=\"https:\/\/herbaday.sk\/index.php\/product\/hl-skin-obnovujuci-cistiaci-gel-147-ml\/\" \/>\n<meta property=\"og:locale\" content=\"sk_SK\" \/>\n<meta property=\"og:type\" content=\"article\" \/>\n<meta property=\"og:title\" content=\"HL Skin Obnovuj\u00faci \u010distiaci g\u00e9l 147 ml - Herbaday\" \/>\n<meta property=\"og:description\" content=\"Jemn\u00e1 pena na \u010distenie, ktor\u00e1 \u010dist\u00ed bez vysu\u0161ovania. Preme\u0148te ka\u017edodenn\u00e9 \u010distenie pleti na osvie\u017euj\u00faci ritu\u00e1l s \u010distiacim pr\u00edpravkom HL\/Skin \u2013 Obnovuj\u00faci \u010distiaci g\u00e9l. In\u0161pirovan\u00fd pokro\u010dilou k\u00f3rejskou starostlivos\u0165ou o ple\u0165, tento jemn\u00fd a \u013eahk\u00fd peniv\u00fd g\u00e9l \u00fa\u010dinne odstra\u0148uje make-up, ne\u010distoty a prebyto\u010dn\u00fd maz bez toho, aby ple\u0165 nadmerne vysu\u0161oval. V\u00fdsledkom je ple\u0165, ktor\u00e1 je po ka\u017edom [...]\" \/>\n<meta property=\"og:url\" content=\"https:\/\/herbaday.sk\/index.php\/product\/hl-skin-obnovujuci-cistiaci-gel-147-ml\/\" \/>\n<meta property=\"og:site_name\" content=\"Herbaday\" \/>\n<meta property=\"article:modified_time\" content=\"2025-12-05T03:52:16+00:00\" \/>\n<meta property=\"og:image\" content=\"https:\/\/i0.wp.com\/herbaday.sk\/wp-content\/uploads\/2025\/12\/HLSkinObnovujuciGel.png?fit=800%2C800&ssl=1\" \/>\n\t<meta property=\"og:image:width\" content=\"800\" \/>\n\t<meta property=\"og:image:height\" content=\"800\" \/>\n\t<meta property=\"og:image:type\" content=\"image\/png\" \/>\n<meta name=\"twitter:card\" content=\"summary_large_image\" \/>\n<meta name=\"twitter:label1\" content=\"Predpokladan\u00fd \u010das \u010d\u00edtania\" \/>\n\t<meta name=\"twitter:data1\" content=\"1 min\u00fata\" \/>\n<script type=\"application\/ld+json\" class=\"yoast-schema-graph\">{\"@context\":\"https:\/\/schema.org\",\"@graph\":[{\"@type\":\"WebPage\",\"@id\":\"https:\/\/herbaday.sk\/index.php\/product\/hl-skin-obnovujuci-cistiaci-gel-147-ml\/\",\"url\":\"https:\/\/herbaday.sk\/index.php\/product\/hl-skin-obnovujuci-cistiaci-gel-147-ml\/\",\"name\":\"HL Skin Obnovuj\u00faci \u010distiaci g\u00e9l 147 ml - Herbaday\",\"isPartOf\":{\"@id\":\"https:\/\/herbaday.sk\/#website\"},\"primaryImageOfPage\":{\"@id\":\"https:\/\/herbaday.sk\/index.php\/product\/hl-skin-obnovujuci-cistiaci-gel-147-ml\/#primaryimage\"},\"image\":{\"@id\":\"https:\/\/herbaday.sk\/index.php\/product\/hl-skin-obnovujuci-cistiaci-gel-147-ml\/#primaryimage\"},\"thumbnailUrl\":\"https:\/\/i0.wp.com\/herbaday.sk\/wp-content\/uploads\/2025\/12\/HLSkinObnovujuciGel.png?fit=800%2C800&ssl=1\",\"datePublished\":\"2025-12-05T03:52:15+00:00\",\"dateModified\":\"2025-12-05T03:52:16+00:00\",\"breadcrumb\":{\"@id\":\"https:\/\/herbaday.sk\/index.php\/product\/hl-skin-obnovujuci-cistiaci-gel-147-ml\/#breadcrumb\"},\"inLanguage\":\"sk-SK\",\"potentialAction\":[{\"@type\":\"ReadAction\",\"target\":[\"https:\/\/herbaday.sk\/index.php\/product\/hl-skin-obnovujuci-cistiaci-gel-147-ml\/\"]}]},{\"@type\":\"ImageObject\",\"inLanguage\":\"sk-SK\",\"@id\":\"https:\/\/herbaday.sk\/index.php\/product\/hl-skin-obnovujuci-cistiaci-gel-147-ml\/#primaryimage\",\"url\":\"https:\/\/i0.wp.com\/herbaday.sk\/wp-content\/uploads\/2025\/12\/HLSkinObnovujuciGel.png?fit=800%2C800&ssl=1\",\"contentUrl\":\"https:\/\/i0.wp.com\/herbaday.sk\/wp-content\/uploads\/2025\/12\/HLSkinObnovujuciGel.png?fit=800%2C800&ssl=1\",\"width\":800,\"height\":800},{\"@type\":\"BreadcrumbList\",\"@id\":\"https:\/\/herbaday.sk\/index.php\/product\/hl-skin-obnovujuci-cistiaci-gel-147-ml\/#breadcrumb\",\"itemListElement\":[{\"@type\":\"ListItem\",\"position\":1,\"name\":\"Domovsk\u00e1 str\u00e1nka\",\"item\":\"https:\/\/herbaday.sk\/\"},{\"@type\":\"ListItem\",\"position\":2,\"name\":\"Shop\",\"item\":\"https:\/\/herbaday.sk\/index.php\/shop\/\"},{\"@type\":\"ListItem\",\"position\":3,\"name\":\"HL Skin Obnovuj\u00faci \u010distiaci g\u00e9l 147 ml\"}]},{\"@type\":\"WebSite\",\"@id\":\"https:\/\/herbaday.sk\/#website\",\"url\":\"https:\/\/herbaday.sk\/\",\"name\":\"Herbaday\",\"description\":\"Nez\u00e1visl\u00fd \u010dlen Herbalife Nutrition\",\"publisher\":{\"@id\":\"https:\/\/herbaday.sk\/#organization\"},\"potentialAction\":[{\"@type\":\"SearchAction\",\"target\":{\"@type\":\"EntryPoint\",\"urlTemplate\":\"https:\/\/herbaday.sk\/?s={search_term_string}\"},\"query-input\":{\"@type\":\"PropertyValueSpecification\",\"valueRequired\":true,\"valueName\":\"search_term_string\"}}],\"inLanguage\":\"sk-SK\"},{\"@type\":\"Organization\",\"@id\":\"https:\/\/herbaday.sk\/#organization\",\"name\":\"Herbaday\",\"url\":\"https:\/\/herbaday.sk\/\",\"logo\":{\"@type\":\"ImageObject\",\"inLanguage\":\"sk-SK\",\"@id\":\"https:\/\/herbaday.sk\/#\/schema\/logo\/image\/\",\"url\":\"http:\/\/herbaday.sk\/wp-content\/uploads\/2020\/11\/herbaday_logo.png\",\"contentUrl\":\"http:\/\/herbaday.sk\/wp-content\/uploads\/2020\/11\/herbaday_logo.png\",\"width\":2214,\"height\":545,\"caption\":\"Herbaday\"},\"image\":{\"@id\":\"https:\/\/herbaday.sk\/#\/schema\/logo\/image\/\"}}]}<\/script>\n<!-- \/ Yoast SEO plugin. -->","yoast_head_json":{"title":"HL Skin Obnovuj\u00faci \u010distiaci g\u00e9l 147 ml - Herbaday","robots":{"index":"index","follow":"follow","max-snippet":"max-snippet:-1","max-image-preview":"max-image-preview:large","max-video-preview":"max-video-preview:-1"},"canonical":"https:\/\/herbaday.sk\/index.php\/product\/hl-skin-obnovujuci-cistiaci-gel-147-ml\/","og_locale":"sk_SK","og_type":"article","og_title":"HL Skin Obnovuj\u00faci \u010distiaci g\u00e9l 147 ml - Herbaday","og_description":"Jemn\u00e1 pena na \u010distenie, ktor\u00e1 \u010dist\u00ed bez vysu\u0161ovania. Preme\u0148te ka\u017edodenn\u00e9 \u010distenie pleti na osvie\u017euj\u00faci ritu\u00e1l s \u010distiacim pr\u00edpravkom HL\/Skin \u2013 Obnovuj\u00faci \u010distiaci g\u00e9l. In\u0161pirovan\u00fd pokro\u010dilou k\u00f3rejskou starostlivos\u0165ou o ple\u0165, tento jemn\u00fd a \u013eahk\u00fd peniv\u00fd g\u00e9l \u00fa\u010dinne odstra\u0148uje make-up, ne\u010distoty a prebyto\u010dn\u00fd maz bez toho, aby ple\u0165 nadmerne vysu\u0161oval. V\u00fdsledkom je ple\u0165, ktor\u00e1 je po ka\u017edom [...]","og_url":"https:\/\/herbaday.sk\/index.php\/product\/hl-skin-obnovujuci-cistiaci-gel-147-ml\/","og_site_name":"Herbaday","article_modified_time":"2025-12-05T03:52:16+00:00","og_image":[{"width":800,"height":800,"url":"https:\/\/i0.wp.com\/herbaday.sk\/wp-content\/uploads\/2025\/12\/HLSkinObnovujuciGel.png?fit=800%2C800&ssl=1","type":"image\/png"}],"twitter_card":"summary_large_image","twitter_misc":{"Predpokladan\u00fd \u010das \u010d\u00edtania":"1 min\u00fata"},"schema":{"@context":"https:\/\/schema.org","@graph":[{"@type":"WebPage","@id":"https:\/\/herbaday.sk\/index.php\/product\/hl-skin-obnovujuci-cistiaci-gel-147-ml\/","url":"https:\/\/herbaday.sk\/index.php\/product\/hl-skin-obnovujuci-cistiaci-gel-147-ml\/","name":"HL Skin Obnovuj\u00faci \u010distiaci g\u00e9l 147 ml - Herbaday","isPartOf":{"@id":"https:\/\/herbaday.sk\/#website"},"primaryImageOfPage":{"@id":"https:\/\/herbaday.sk\/index.php\/product\/hl-skin-obnovujuci-cistiaci-gel-147-ml\/#primaryimage"},"image":{"@id":"https:\/\/herbaday.sk\/index.php\/product\/hl-skin-obnovujuci-cistiaci-gel-147-ml\/#primaryimage"},"thumbnailUrl":"https:\/\/i0.wp.com\/herbaday.sk\/wp-content\/uploads\/2025\/12\/HLSkinObnovujuciGel.png?fit=800%2C800&ssl=1","datePublished":"2025-12-05T03:52:15+00:00","dateModified":"2025-12-05T03:52:16+00:00","breadcrumb":{"@id":"https:\/\/herbaday.sk\/index.php\/product\/hl-skin-obnovujuci-cistiaci-gel-147-ml\/#breadcrumb"},"inLanguage":"sk-SK","potentialAction":[{"@type":"ReadAction","target":["https:\/\/herbaday.sk\/index.php\/product\/hl-skin-obnovujuci-cistiaci-gel-147-ml\/"]}]},{"@type":"ImageObject","inLanguage":"sk-SK","@id":"https:\/\/herbaday.sk\/index.php\/product\/hl-skin-obnovujuci-cistiaci-gel-147-ml\/#primaryimage","url":"https:\/\/i0.wp.com\/herbaday.sk\/wp-content\/uploads\/2025\/12\/HLSkinObnovujuciGel.png?fit=800%2C800&ssl=1","contentUrl":"https:\/\/i0.wp.com\/herbaday.sk\/wp-content\/uploads\/2025\/12\/HLSkinObnovujuciGel.png?fit=800%2C800&ssl=1","width":800,"height":800},{"@type":"BreadcrumbList","@id":"https:\/\/herbaday.sk\/index.php\/product\/hl-skin-obnovujuci-cistiaci-gel-147-ml\/#breadcrumb","itemListElement":[{"@type":"ListItem","position":1,"name":"Domovsk\u00e1 str\u00e1nka","item":"https:\/\/herbaday.sk\/"},{"@type":"ListItem","position":2,"name":"Shop","item":"https:\/\/herbaday.sk\/index.php\/shop\/"},{"@type":"ListItem","position":3,"name":"HL Skin Obnovuj\u00faci \u010distiaci g\u00e9l 147 ml"}]},{"@type":"WebSite","@id":"https:\/\/herbaday.sk\/#website","url":"https:\/\/herbaday.sk\/","name":"Herbaday","description":"Nez\u00e1visl\u00fd \u010dlen Herbalife Nutrition","publisher":{"@id":"https:\/\/herbaday.sk\/#organization"},"potentialAction":[{"@type":"SearchAction","target":{"@type":"EntryPoint","urlTemplate":"https:\/\/herbaday.sk\/?s={search_term_string}"},"query-input":{"@type":"PropertyValueSpecification","valueRequired":true,"valueName":"search_term_string"}}],"inLanguage":"sk-SK"},{"@type":"Organization","@id":"https:\/\/herbaday.sk\/#organization","name":"Herbaday","url":"https:\/\/herbaday.sk\/","logo":{"@type":"ImageObject","inLanguage":"sk-SK","@id":"https:\/\/herbaday.sk\/#\/schema\/logo\/image\/","url":"http:\/\/herbaday.sk\/wp-content\/uploads\/2020\/11\/herbaday_logo.png","contentUrl":"http:\/\/herbaday.sk\/wp-content\/uploads\/2020\/11\/herbaday_logo.png","width":2214,"height":545,"caption":"Herbaday"},"image":{"@id":"https:\/\/herbaday.sk\/#\/schema\/logo\/image\/"}}]}},"jetpack_sharing_enabled":true,"_links":{"self":[{"href":"https:\/\/herbaday.sk\/index.php\/wp-json\/wp\/v2\/product\/209647","targetHints":{"allow":["GET"]}}],"collection":[{"href":"https:\/\/herbaday.sk\/index.php\/wp-json\/wp\/v2\/product"}],"about":[{"href":"https:\/\/herbaday.sk\/index.php\/wp-json\/wp\/v2\/types\/product"}],"replies":[{"embeddable":true,"href":"https:\/\/herbaday.sk\/index.php\/wp-json\/wp\/v2\/comments?post=209647"}],"wp:featuredmedia":[{"embeddable":true,"href":"https:\/\/herbaday.sk\/index.php\/wp-json\/wp\/v2\/media\/209648"}],"wp:attachment":[{"href":"https:\/\/herbaday.sk\/index.php\/wp-json\/wp\/v2\/media?parent=209647"}],"wp:term":[{"taxonomy":"product_brand","embeddable":true,"href":"https:\/\/herbaday.sk\/index.php\/wp-json\/wp\/v2\/product_brand?post=209647"},{"taxonomy":"product_cat","embeddable":true,"href":"https:\/\/herbaday.sk\/index.php\/wp-json\/wp\/v2\/product_cat?post=209647"},{"taxonomy":"product_tag","embeddable":true,"href":"https:\/\/herbaday.sk\/index.php\/wp-json\/wp\/v2\/product_tag?post=209647"}],"curies":[{"name":"wp","href":"https:\/\/api.w.org\/{rel}","templated":true}]}}