{"id":209651,"date":"2025-12-05T03:57:52","date_gmt":"2025-12-05T03:57:52","guid":{"rendered":"https:\/\/herbaday.sk\/?post_type=product&#038;p=209651"},"modified":"2025-12-05T03:57:52","modified_gmt":"2025-12-05T03:57:52","slug":"hl-skin-vyzivujuci-ocny-krem-15-ml","status":"publish","type":"product","link":"https:\/\/herbaday.sk\/index.php\/product\/hl-skin-vyzivujuci-ocny-krem-15-ml\/","title":{"rendered":"HL\/Skin Vy\u017eivuj\u00faci o\u010dn\u00fd kr\u00e9m 15 ml"},"content":{"rendered":"<p><strong>\u013dahk\u00fd kr\u00e9m na citliv\u00fa poko\u017eku okolo o\u010d\u00ed, ktor\u00fd sa r\u00fdchlo vstreb\u00e1va a nezanech\u00e1va mastn\u00fd pocit.<\/strong><br \/>\n<strong>HL\/Skin \u2013 Vy\u017eivuj\u00faci o\u010dn\u00fd kr\u00e9m s \u013eahkou, r\u00fdchlo sa vstreb\u00e1vaj\u00facou recept\u00farou zalo\u017eenou na pokro\u010dilej k\u00f3rejskej starostlivosti o ple\u0165. Obohaten\u00fd o adenoz\u00edn, niac\u00ednamid, skval\u00e1n a zmes pr\u00edrodn\u00fdch masiel a olejov, tento o\u010dn\u00fd kr\u00e9m sa zameriava na be\u017en\u00e9 probl\u00e9my v oblasti jemnej poko\u017eky okolo o\u010d\u00ed \u2013 vr\u00e1tane vr\u00e1sok, jemn\u00fdch l\u00edni\u00ed a suchosti. Osvie\u017euje a hydratuje, ud\u017eiava vlhkos\u0165 a poko\u017eka je vidite\u013ene hlad\u0161ia a \u017eiarivej\u0161ia. V\u010faka nemastnej \u0161trukt\u00fare sa d\u00e1 pou\u017ei\u0165 aj pod make-up.<\/strong><\/p>\n<h5 data-bind=\"visible: KeyBenefits\">K\u013e\u00fa\u010dov\u00e9 V\u00fdhody<\/h5>\n<div class=\"disc\" data-bind=\"visible: KeyBenefits, html: KeyBenefits\">\n<ul>\n<li>Zalo\u017een\u00e9 na pokro\u010dilej k\u00f3rejskej starostlivosti o ple\u0165<\/li>\n<li>Bojuje proti vr\u00e1skam a jemn\u00fdm l\u00edni\u00e1m<\/li>\n<li>Poskytuje osvie\u017euj\u00facu hydrat\u00e1ciu<\/li>\n<li>Chr\u00e1ni poko\u017eku pred vysu\u0161en\u00edm<\/li>\n<li>Poko\u017eka okolo o\u010d\u00ed je hlad\u0161ia a \u017eiarivej\u0161ia<\/li>\n<li>\u013dahk\u00fd, nemastn\u00fd a r\u00fdchlo sa vstreb\u00e1va<\/li>\n<li>Vhodn\u00fd ako podklad pod make-up<\/li>\n<li>Vhodn\u00fd pre r\u00f4zne typy pleti<\/li>\n<li>Bez pridan\u00fdch parab\u00e9nov a sulf\u00e1tov<\/li>\n<\/ul>\n<\/div>\n<h5 data-bind=\"visible: FastFacts\">R\u00fdchle Fakty<\/h5>\n<div class=\"disc\" data-bind=\"visible: FastFacts, html: FastFacts\">\n<p>HLAVN\u00c9 INGREDIENCIE:<\/p>\n<ul>\n<li>Skval\u00e1n: intenz\u00edvne hydratuje a pom\u00e1ha udr\u017eiava\u0165 poko\u017eku vl\u00e1\u010dnu<\/li>\n<li>Olej z makadamiov\u00fdch orechov a bambuck\u00e9 maslo: pom\u00e1ha zmierni\u0165 prejavy suchosti podporou dlhodobej hydrat\u00e1cie<\/li>\n<li>Adenoz\u00edn a niac\u00ednamid: hydratuj\u00fa poko\u017eku a zmier\u0148uj\u00fa vr\u00e1sky aj prv\u00e9 pr\u00edznaky starnutia<\/li>\n<li>Vitam\u00edn B5: podporuje zadr\u017eiavanie vlhkosti a pom\u00e1ha posil\u0148ova\u0165 ko\u017en\u00fa bari\u00e9ru<\/li>\n<li>Glycer\u00edn: pri\u0165ahuje a zadr\u017eiava vlhkos\u0165 na optim\u00e1lnu hydrat\u00e1ciu poko\u017eky<\/li>\n<\/ul>\n<\/div>\n<h5 data-bind=\"visible: Usage\">Pou\u017e\u00edvanie<\/h5>\n<div class=\"disc\" data-bind=\"visible: Usage, html: Usage\">\n<ol>\n<li>Aplikujte r\u00e1no a ve\u010der na vy\u010disten\u00fa tv\u00e1r.<\/li>\n<li>Jemne stla\u010dte tubu a vmas\u00edrujte mal\u00e9 mno\u017estvo do oblasti okolo o\u010d\u00ed.<\/li>\n<\/ol>\n<\/div>\n","protected":false},"excerpt":{"rendered":"<p>\u013dahk\u00fd kr\u00e9m na citliv\u00fa poko\u017eku okolo o\u010d\u00ed, ktor\u00fd sa r\u00fdchlo vstreb\u00e1va a nezanech\u00e1va mastn\u00fd pocit. HL\/Skin \u2013 Vy\u017eivuj\u00faci o\u010dn\u00fd kr\u00e9m s \u013eahkou, r\u00fdchlo sa vstreb\u00e1vaj\u00facou recept\u00farou zalo\u017eenou na pokro\u010dilej k\u00f3rejskej starostlivosti o ple\u0165. Obohaten\u00fd o adenoz\u00edn, niac\u00ednamid, skval\u00e1n a zmes pr\u00edrodn\u00fdch masiel a olejov, tento o\u010dn\u00fd kr\u00e9m sa zameriava na be\u017en\u00e9 probl\u00e9my v oblasti jemnej [&#8230;]\n","protected":false},"featured_media":209652,"comment_status":"open","ping_status":"closed","template":"","meta":[],"product_brand":[],"product_cat":[53],"product_tag":[],"class_list":{"0":"post-209651","1":"product","2":"type-product","3":"status-publish","4":"has-post-thumbnail","6":"product_cat-hl-skin","8":"first","9":"instock","10":"taxable","11":"shipping-taxable","12":"purchasable","13":"product-type-simple"},"yoast_head":"<!-- This site is optimized with the Yoast SEO plugin v24.3 - https:\/\/yoast.com\/wordpress\/plugins\/seo\/ -->\n<title>HL\/Skin Vy\u017eivuj\u00faci o\u010dn\u00fd kr\u00e9m 15 ml - Herbaday<\/title>\n<meta name=\"robots\" content=\"index, follow, max-snippet:-1, max-image-preview:large, max-video-preview:-1\" \/>\n<link rel=\"canonical\" href=\"https:\/\/herbaday.sk\/index.php\/product\/hl-skin-vyzivujuci-ocny-krem-15-ml\/\" \/>\n<meta property=\"og:locale\" content=\"sk_SK\" \/>\n<meta property=\"og:type\" content=\"article\" \/>\n<meta property=\"og:title\" content=\"HL\/Skin Vy\u017eivuj\u00faci o\u010dn\u00fd kr\u00e9m 15 ml - Herbaday\" \/>\n<meta property=\"og:description\" content=\"\u013dahk\u00fd kr\u00e9m na citliv\u00fa poko\u017eku okolo o\u010d\u00ed, ktor\u00fd sa r\u00fdchlo vstreb\u00e1va a nezanech\u00e1va mastn\u00fd pocit. HL\/Skin \u2013 Vy\u017eivuj\u00faci o\u010dn\u00fd kr\u00e9m s \u013eahkou, r\u00fdchlo sa vstreb\u00e1vaj\u00facou recept\u00farou zalo\u017eenou na pokro\u010dilej k\u00f3rejskej starostlivosti o ple\u0165. Obohaten\u00fd o adenoz\u00edn, niac\u00ednamid, skval\u00e1n a zmes pr\u00edrodn\u00fdch masiel a olejov, tento o\u010dn\u00fd kr\u00e9m sa zameriava na be\u017en\u00e9 probl\u00e9my v oblasti jemnej [...]\" \/>\n<meta property=\"og:url\" content=\"https:\/\/herbaday.sk\/index.php\/product\/hl-skin-vyzivujuci-ocny-krem-15-ml\/\" \/>\n<meta property=\"og:site_name\" content=\"Herbaday\" \/>\n<meta property=\"og:image\" content=\"https:\/\/i0.wp.com\/herbaday.sk\/wp-content\/uploads\/2025\/12\/vyzivujuciocnikrem.png?fit=800%2C800&ssl=1\" \/>\n\t<meta property=\"og:image:width\" content=\"800\" \/>\n\t<meta property=\"og:image:height\" content=\"800\" \/>\n\t<meta property=\"og:image:type\" content=\"image\/png\" \/>\n<meta name=\"twitter:card\" content=\"summary_large_image\" \/>\n<meta name=\"twitter:label1\" content=\"Predpokladan\u00fd \u010das \u010d\u00edtania\" \/>\n\t<meta name=\"twitter:data1\" content=\"2 min\u00faty\" \/>\n<script type=\"application\/ld+json\" class=\"yoast-schema-graph\">{\"@context\":\"https:\/\/schema.org\",\"@graph\":[{\"@type\":\"WebPage\",\"@id\":\"https:\/\/herbaday.sk\/index.php\/product\/hl-skin-vyzivujuci-ocny-krem-15-ml\/\",\"url\":\"https:\/\/herbaday.sk\/index.php\/product\/hl-skin-vyzivujuci-ocny-krem-15-ml\/\",\"name\":\"HL\/Skin Vy\u017eivuj\u00faci o\u010dn\u00fd kr\u00e9m 15 ml - Herbaday\",\"isPartOf\":{\"@id\":\"https:\/\/herbaday.sk\/#website\"},\"primaryImageOfPage\":{\"@id\":\"https:\/\/herbaday.sk\/index.php\/product\/hl-skin-vyzivujuci-ocny-krem-15-ml\/#primaryimage\"},\"image\":{\"@id\":\"https:\/\/herbaday.sk\/index.php\/product\/hl-skin-vyzivujuci-ocny-krem-15-ml\/#primaryimage\"},\"thumbnailUrl\":\"https:\/\/i0.wp.com\/herbaday.sk\/wp-content\/uploads\/2025\/12\/vyzivujuciocnikrem.png?fit=800%2C800&ssl=1\",\"datePublished\":\"2025-12-05T03:57:52+00:00\",\"dateModified\":\"2025-12-05T03:57:52+00:00\",\"breadcrumb\":{\"@id\":\"https:\/\/herbaday.sk\/index.php\/product\/hl-skin-vyzivujuci-ocny-krem-15-ml\/#breadcrumb\"},\"inLanguage\":\"sk-SK\",\"potentialAction\":[{\"@type\":\"ReadAction\",\"target\":[\"https:\/\/herbaday.sk\/index.php\/product\/hl-skin-vyzivujuci-ocny-krem-15-ml\/\"]}]},{\"@type\":\"ImageObject\",\"inLanguage\":\"sk-SK\",\"@id\":\"https:\/\/herbaday.sk\/index.php\/product\/hl-skin-vyzivujuci-ocny-krem-15-ml\/#primaryimage\",\"url\":\"https:\/\/i0.wp.com\/herbaday.sk\/wp-content\/uploads\/2025\/12\/vyzivujuciocnikrem.png?fit=800%2C800&ssl=1\",\"contentUrl\":\"https:\/\/i0.wp.com\/herbaday.sk\/wp-content\/uploads\/2025\/12\/vyzivujuciocnikrem.png?fit=800%2C800&ssl=1\",\"width\":800,\"height\":800},{\"@type\":\"BreadcrumbList\",\"@id\":\"https:\/\/herbaday.sk\/index.php\/product\/hl-skin-vyzivujuci-ocny-krem-15-ml\/#breadcrumb\",\"itemListElement\":[{\"@type\":\"ListItem\",\"position\":1,\"name\":\"Domovsk\u00e1 str\u00e1nka\",\"item\":\"https:\/\/herbaday.sk\/\"},{\"@type\":\"ListItem\",\"position\":2,\"name\":\"Shop\",\"item\":\"https:\/\/herbaday.sk\/index.php\/shop\/\"},{\"@type\":\"ListItem\",\"position\":3,\"name\":\"HL\/Skin Vy\u017eivuj\u00faci o\u010dn\u00fd kr\u00e9m 15 ml\"}]},{\"@type\":\"WebSite\",\"@id\":\"https:\/\/herbaday.sk\/#website\",\"url\":\"https:\/\/herbaday.sk\/\",\"name\":\"Herbaday\",\"description\":\"Nez\u00e1visl\u00fd \u010dlen Herbalife Nutrition\",\"publisher\":{\"@id\":\"https:\/\/herbaday.sk\/#organization\"},\"potentialAction\":[{\"@type\":\"SearchAction\",\"target\":{\"@type\":\"EntryPoint\",\"urlTemplate\":\"https:\/\/herbaday.sk\/?s={search_term_string}\"},\"query-input\":{\"@type\":\"PropertyValueSpecification\",\"valueRequired\":true,\"valueName\":\"search_term_string\"}}],\"inLanguage\":\"sk-SK\"},{\"@type\":\"Organization\",\"@id\":\"https:\/\/herbaday.sk\/#organization\",\"name\":\"Herbaday\",\"url\":\"https:\/\/herbaday.sk\/\",\"logo\":{\"@type\":\"ImageObject\",\"inLanguage\":\"sk-SK\",\"@id\":\"https:\/\/herbaday.sk\/#\/schema\/logo\/image\/\",\"url\":\"http:\/\/herbaday.sk\/wp-content\/uploads\/2020\/11\/herbaday_logo.png\",\"contentUrl\":\"http:\/\/herbaday.sk\/wp-content\/uploads\/2020\/11\/herbaday_logo.png\",\"width\":2214,\"height\":545,\"caption\":\"Herbaday\"},\"image\":{\"@id\":\"https:\/\/herbaday.sk\/#\/schema\/logo\/image\/\"}}]}<\/script>\n<!-- \/ Yoast SEO plugin. -->","yoast_head_json":{"title":"HL\/Skin Vy\u017eivuj\u00faci o\u010dn\u00fd kr\u00e9m 15 ml - Herbaday","robots":{"index":"index","follow":"follow","max-snippet":"max-snippet:-1","max-image-preview":"max-image-preview:large","max-video-preview":"max-video-preview:-1"},"canonical":"https:\/\/herbaday.sk\/index.php\/product\/hl-skin-vyzivujuci-ocny-krem-15-ml\/","og_locale":"sk_SK","og_type":"article","og_title":"HL\/Skin Vy\u017eivuj\u00faci o\u010dn\u00fd kr\u00e9m 15 ml - Herbaday","og_description":"\u013dahk\u00fd kr\u00e9m na citliv\u00fa poko\u017eku okolo o\u010d\u00ed, ktor\u00fd sa r\u00fdchlo vstreb\u00e1va a nezanech\u00e1va mastn\u00fd pocit. HL\/Skin \u2013 Vy\u017eivuj\u00faci o\u010dn\u00fd kr\u00e9m s \u013eahkou, r\u00fdchlo sa vstreb\u00e1vaj\u00facou recept\u00farou zalo\u017eenou na pokro\u010dilej k\u00f3rejskej starostlivosti o ple\u0165. Obohaten\u00fd o adenoz\u00edn, niac\u00ednamid, skval\u00e1n a zmes pr\u00edrodn\u00fdch masiel a olejov, tento o\u010dn\u00fd kr\u00e9m sa zameriava na be\u017en\u00e9 probl\u00e9my v oblasti jemnej [...]","og_url":"https:\/\/herbaday.sk\/index.php\/product\/hl-skin-vyzivujuci-ocny-krem-15-ml\/","og_site_name":"Herbaday","og_image":[{"width":800,"height":800,"url":"https:\/\/i0.wp.com\/herbaday.sk\/wp-content\/uploads\/2025\/12\/vyzivujuciocnikrem.png?fit=800%2C800&ssl=1","type":"image\/png"}],"twitter_card":"summary_large_image","twitter_misc":{"Predpokladan\u00fd \u010das \u010d\u00edtania":"2 min\u00faty"},"schema":{"@context":"https:\/\/schema.org","@graph":[{"@type":"WebPage","@id":"https:\/\/herbaday.sk\/index.php\/product\/hl-skin-vyzivujuci-ocny-krem-15-ml\/","url":"https:\/\/herbaday.sk\/index.php\/product\/hl-skin-vyzivujuci-ocny-krem-15-ml\/","name":"HL\/Skin Vy\u017eivuj\u00faci o\u010dn\u00fd kr\u00e9m 15 ml - Herbaday","isPartOf":{"@id":"https:\/\/herbaday.sk\/#website"},"primaryImageOfPage":{"@id":"https:\/\/herbaday.sk\/index.php\/product\/hl-skin-vyzivujuci-ocny-krem-15-ml\/#primaryimage"},"image":{"@id":"https:\/\/herbaday.sk\/index.php\/product\/hl-skin-vyzivujuci-ocny-krem-15-ml\/#primaryimage"},"thumbnailUrl":"https:\/\/i0.wp.com\/herbaday.sk\/wp-content\/uploads\/2025\/12\/vyzivujuciocnikrem.png?fit=800%2C800&ssl=1","datePublished":"2025-12-05T03:57:52+00:00","dateModified":"2025-12-05T03:57:52+00:00","breadcrumb":{"@id":"https:\/\/herbaday.sk\/index.php\/product\/hl-skin-vyzivujuci-ocny-krem-15-ml\/#breadcrumb"},"inLanguage":"sk-SK","potentialAction":[{"@type":"ReadAction","target":["https:\/\/herbaday.sk\/index.php\/product\/hl-skin-vyzivujuci-ocny-krem-15-ml\/"]}]},{"@type":"ImageObject","inLanguage":"sk-SK","@id":"https:\/\/herbaday.sk\/index.php\/product\/hl-skin-vyzivujuci-ocny-krem-15-ml\/#primaryimage","url":"https:\/\/i0.wp.com\/herbaday.sk\/wp-content\/uploads\/2025\/12\/vyzivujuciocnikrem.png?fit=800%2C800&ssl=1","contentUrl":"https:\/\/i0.wp.com\/herbaday.sk\/wp-content\/uploads\/2025\/12\/vyzivujuciocnikrem.png?fit=800%2C800&ssl=1","width":800,"height":800},{"@type":"BreadcrumbList","@id":"https:\/\/herbaday.sk\/index.php\/product\/hl-skin-vyzivujuci-ocny-krem-15-ml\/#breadcrumb","itemListElement":[{"@type":"ListItem","position":1,"name":"Domovsk\u00e1 str\u00e1nka","item":"https:\/\/herbaday.sk\/"},{"@type":"ListItem","position":2,"name":"Shop","item":"https:\/\/herbaday.sk\/index.php\/shop\/"},{"@type":"ListItem","position":3,"name":"HL\/Skin Vy\u017eivuj\u00faci o\u010dn\u00fd kr\u00e9m 15 ml"}]},{"@type":"WebSite","@id":"https:\/\/herbaday.sk\/#website","url":"https:\/\/herbaday.sk\/","name":"Herbaday","description":"Nez\u00e1visl\u00fd \u010dlen Herbalife Nutrition","publisher":{"@id":"https:\/\/herbaday.sk\/#organization"},"potentialAction":[{"@type":"SearchAction","target":{"@type":"EntryPoint","urlTemplate":"https:\/\/herbaday.sk\/?s={search_term_string}"},"query-input":{"@type":"PropertyValueSpecification","valueRequired":true,"valueName":"search_term_string"}}],"inLanguage":"sk-SK"},{"@type":"Organization","@id":"https:\/\/herbaday.sk\/#organization","name":"Herbaday","url":"https:\/\/herbaday.sk\/","logo":{"@type":"ImageObject","inLanguage":"sk-SK","@id":"https:\/\/herbaday.sk\/#\/schema\/logo\/image\/","url":"http:\/\/herbaday.sk\/wp-content\/uploads\/2020\/11\/herbaday_logo.png","contentUrl":"http:\/\/herbaday.sk\/wp-content\/uploads\/2020\/11\/herbaday_logo.png","width":2214,"height":545,"caption":"Herbaday"},"image":{"@id":"https:\/\/herbaday.sk\/#\/schema\/logo\/image\/"}}]}},"jetpack_sharing_enabled":true,"_links":{"self":[{"href":"https:\/\/herbaday.sk\/index.php\/wp-json\/wp\/v2\/product\/209651","targetHints":{"allow":["GET"]}}],"collection":[{"href":"https:\/\/herbaday.sk\/index.php\/wp-json\/wp\/v2\/product"}],"about":[{"href":"https:\/\/herbaday.sk\/index.php\/wp-json\/wp\/v2\/types\/product"}],"replies":[{"embeddable":true,"href":"https:\/\/herbaday.sk\/index.php\/wp-json\/wp\/v2\/comments?post=209651"}],"wp:featuredmedia":[{"embeddable":true,"href":"https:\/\/herbaday.sk\/index.php\/wp-json\/wp\/v2\/media\/209652"}],"wp:attachment":[{"href":"https:\/\/herbaday.sk\/index.php\/wp-json\/wp\/v2\/media?parent=209651"}],"wp:term":[{"taxonomy":"product_brand","embeddable":true,"href":"https:\/\/herbaday.sk\/index.php\/wp-json\/wp\/v2\/product_brand?post=209651"},{"taxonomy":"product_cat","embeddable":true,"href":"https:\/\/herbaday.sk\/index.php\/wp-json\/wp\/v2\/product_cat?post=209651"},{"taxonomy":"product_tag","embeddable":true,"href":"https:\/\/herbaday.sk\/index.php\/wp-json\/wp\/v2\/product_tag?post=209651"}],"curies":[{"name":"wp","href":"https:\/\/api.w.org\/{rel}","templated":true}]}}