{"id":209655,"date":"2025-12-05T04:01:57","date_gmt":"2025-12-05T04:01:57","guid":{"rendered":"https:\/\/herbaday.sk\/?post_type=product&#038;p=209655"},"modified":"2025-12-05T04:01:58","modified_gmt":"2025-12-05T04:01:58","slug":"hl-skin-vyzivujuci-krem-na-ruky-a-telo-147-ml","status":"publish","type":"product","link":"https:\/\/herbaday.sk\/index.php\/product\/hl-skin-vyzivujuci-krem-na-ruky-a-telo-147-ml\/","title":{"rendered":"HL\/Skin Vy\u017eivuj\u00faci kr\u00e9m na ruky a telo 147 ml"},"content":{"rendered":"<p><strong>\u013dahk\u00fd, vy\u017eivuj\u00faci kr\u00e9m na ruky a telo, ktor\u00fd dlhodobo hydratuje a zjem\u0148uje poko\u017eku.<\/strong><br \/>\n<strong>HL\/Skin \u2013 Vy\u017eivuj\u00faci kr\u00e9m na ruky a telo je \u013eahk\u00fd, r\u00fdchlo vstreb\u00e1vaj\u00faci sa hydrata\u010dn\u00fd kr\u00e9m zalo\u017een\u00fd na pokro\u010dilej k\u00f3rejskej starostlivosti o ple\u0165. Obohaten\u00fd o 6 % skval\u00e1nu, vy\u017eivuje a zjem\u0148uje poko\u017eku a z\u00e1rove\u0148 pom\u00e1ha zmierni\u0165 prejavy suchosti. Recept\u00fara tie\u017e podporuje ko\u017en\u00fa bari\u00e9ru, poko\u017eka zost\u00e1va pru\u017en\u00e1, hladk\u00e1 a zdravo vyzeraj\u00faca. V\u010faka nemastnej text\u00fare sa r\u00fdchlo vstreb\u00e1va, \u010do ho rob\u00ed vhodn\u00fdm na ka\u017edodenn\u00e9 pou\u017eitie. Jemn\u00e1 recept\u00fara poskytuje bezpe\u010dn\u00fa a \u00fa\u010dinn\u00fa starostlivos\u0165 o poko\u017eku.<\/strong><\/p>\n<h5 data-bind=\"visible: KeyBenefits\">K\u013e\u00fa\u010dov\u00e9 V\u00fdhody<\/h5>\n<div class=\"disc\" data-bind=\"visible: KeyBenefits, html: KeyBenefits\">\n<ul>\n<li>Zalo\u017een\u00e9 na pokro\u010dilej k\u00f3rejskej starostlivosti o ple\u0165<\/li>\n<li>Obsahuje 6 % skval\u00e1nu na podporu hydrat\u00e1cie, zjemnenie a o\u0161etrenie poko\u017eky<\/li>\n<li>Poskytuje dlhodob\u00fa hydrat\u00e1ciu r\u00fak a tela<\/li>\n<li>Hydratuje a zadr\u017eiava vlhkos\u0165, zanech\u00e1va poko\u017eku pru\u017en\u00fa a pr\u00edjemne hebk\u00fa<\/li>\n<li>Pom\u00e1ha zlep\u0161i\u0165 prejavy suchosti<\/li>\n<li>Zanech\u00e1va poko\u017eku zamatovo hladk\u00fa, jemn\u00fa a vy\u017eiven\u00fa<\/li>\n<li>\u013dahk\u00e1, nemastn\u00e1 \u0161trukt\u00fara sa r\u00fdchlo vstreb\u00e1va a na poko\u017eke zanech\u00e1va pr\u00edjemn\u00fd pocit<\/li>\n<li>Vhodn\u00fd ako podklad pod make-up<\/li>\n<li>Vhodn\u00fd pre r\u00f4zne typy pleti<\/li>\n<li>Bez pridan\u00fdch parab\u00e9nov a sulf\u00e1tov<\/li>\n<\/ul>\n<\/div>\n<h5 data-bind=\"visible: FastFacts\">R\u00fdchle Fakty<\/h5>\n<div class=\"disc\" data-bind=\"visible: FastFacts, html: FastFacts\">\n<p>HLAVN\u00c9 INGREDIENCIE:<\/p>\n<ul>\n<li>Skval\u00e1n: poskytuje dlhotrvaj\u00facu hydrat\u00e1ciu, pom\u00e1ha udr\u017eiava\u0165 poko\u017eku hydratovan\u00fa po\u010das cel\u00e9ho d\u0148a<\/li>\n<li>Glycer\u00edn: pri\u0165ahuje a udr\u017eiava vlhkos\u0165, \u010d\u00edm zlep\u0161uje celkov\u00fa hydrat\u00e1ciu poko\u017eky a pom\u00e1ha udr\u017eiava\u0165 zdrav\u00fa ko\u017en\u00fa bari\u00e9ru<\/li>\n<\/ul>\n<\/div>\n<h5 data-bind=\"visible: Usage\">Pou\u017e\u00edvanie<\/h5>\n<div class=\"disc\" data-bind=\"visible: Usage, html: Usage\">\n<p>Aplikujte denne pod\u013ea potreby na \u010dist\u00fa, such\u00fa poko\u017eku, k\u00fdm sa nevstrebe..<\/p>\n<\/div>\n","protected":false},"excerpt":{"rendered":"<p>\u013dahk\u00fd, vy\u017eivuj\u00faci kr\u00e9m na ruky a telo, ktor\u00fd dlhodobo hydratuje a zjem\u0148uje poko\u017eku. HL\/Skin \u2013 Vy\u017eivuj\u00faci kr\u00e9m na ruky a telo je \u013eahk\u00fd, r\u00fdchlo vstreb\u00e1vaj\u00faci sa hydrata\u010dn\u00fd kr\u00e9m zalo\u017een\u00fd na pokro\u010dilej k\u00f3rejskej starostlivosti o ple\u0165. Obohaten\u00fd o 6 % skval\u00e1nu, vy\u017eivuje a zjem\u0148uje poko\u017eku a z\u00e1rove\u0148 pom\u00e1ha zmierni\u0165 prejavy suchosti. Recept\u00fara tie\u017e podporuje ko\u017en\u00fa bari\u00e9ru, [&#8230;]\n","protected":false},"featured_media":209656,"comment_status":"open","ping_status":"closed","template":"","meta":[],"product_brand":[],"product_cat":[53],"product_tag":[],"class_list":{"0":"post-209655","1":"product","2":"type-product","3":"status-publish","4":"has-post-thumbnail","6":"product_cat-hl-skin","8":"first","9":"instock","10":"taxable","11":"shipping-taxable","12":"purchasable","13":"product-type-simple"},"yoast_head":"<!-- This site is optimized with the Yoast SEO plugin v24.3 - https:\/\/yoast.com\/wordpress\/plugins\/seo\/ -->\n<title>HL\/Skin Vy\u017eivuj\u00faci kr\u00e9m na ruky a telo 147 ml - Herbaday<\/title>\n<meta name=\"robots\" content=\"index, follow, max-snippet:-1, max-image-preview:large, max-video-preview:-1\" \/>\n<link rel=\"canonical\" href=\"https:\/\/herbaday.sk\/index.php\/product\/hl-skin-vyzivujuci-krem-na-ruky-a-telo-147-ml\/\" \/>\n<meta property=\"og:locale\" content=\"sk_SK\" \/>\n<meta property=\"og:type\" content=\"article\" \/>\n<meta property=\"og:title\" content=\"HL\/Skin Vy\u017eivuj\u00faci kr\u00e9m na ruky a telo 147 ml - Herbaday\" \/>\n<meta property=\"og:description\" content=\"\u013dahk\u00fd, vy\u017eivuj\u00faci kr\u00e9m na ruky a telo, ktor\u00fd dlhodobo hydratuje a zjem\u0148uje poko\u017eku. HL\/Skin \u2013 Vy\u017eivuj\u00faci kr\u00e9m na ruky a telo je \u013eahk\u00fd, r\u00fdchlo vstreb\u00e1vaj\u00faci sa hydrata\u010dn\u00fd kr\u00e9m zalo\u017een\u00fd na pokro\u010dilej k\u00f3rejskej starostlivosti o ple\u0165. Obohaten\u00fd o 6 % skval\u00e1nu, vy\u017eivuje a zjem\u0148uje poko\u017eku a z\u00e1rove\u0148 pom\u00e1ha zmierni\u0165 prejavy suchosti. Recept\u00fara tie\u017e podporuje ko\u017en\u00fa bari\u00e9ru, [...]\" \/>\n<meta property=\"og:url\" content=\"https:\/\/herbaday.sk\/index.php\/product\/hl-skin-vyzivujuci-krem-na-ruky-a-telo-147-ml\/\" \/>\n<meta property=\"og:site_name\" content=\"Herbaday\" \/>\n<meta property=\"article:modified_time\" content=\"2025-12-05T04:01:58+00:00\" \/>\n<meta property=\"og:image\" content=\"https:\/\/i0.wp.com\/herbaday.sk\/wp-content\/uploads\/2025\/12\/vyzivujucikremnaruky.png?fit=800%2C800&ssl=1\" \/>\n\t<meta property=\"og:image:width\" content=\"800\" \/>\n\t<meta property=\"og:image:height\" content=\"800\" \/>\n\t<meta property=\"og:image:type\" content=\"image\/png\" \/>\n<meta name=\"twitter:card\" content=\"summary_large_image\" \/>\n<meta name=\"twitter:label1\" content=\"Predpokladan\u00fd \u010das \u010d\u00edtania\" \/>\n\t<meta name=\"twitter:data1\" content=\"1 min\u00fata\" \/>\n<script type=\"application\/ld+json\" class=\"yoast-schema-graph\">{\"@context\":\"https:\/\/schema.org\",\"@graph\":[{\"@type\":\"WebPage\",\"@id\":\"https:\/\/herbaday.sk\/index.php\/product\/hl-skin-vyzivujuci-krem-na-ruky-a-telo-147-ml\/\",\"url\":\"https:\/\/herbaday.sk\/index.php\/product\/hl-skin-vyzivujuci-krem-na-ruky-a-telo-147-ml\/\",\"name\":\"HL\/Skin Vy\u017eivuj\u00faci kr\u00e9m na ruky a telo 147 ml - Herbaday\",\"isPartOf\":{\"@id\":\"https:\/\/herbaday.sk\/#website\"},\"primaryImageOfPage\":{\"@id\":\"https:\/\/herbaday.sk\/index.php\/product\/hl-skin-vyzivujuci-krem-na-ruky-a-telo-147-ml\/#primaryimage\"},\"image\":{\"@id\":\"https:\/\/herbaday.sk\/index.php\/product\/hl-skin-vyzivujuci-krem-na-ruky-a-telo-147-ml\/#primaryimage\"},\"thumbnailUrl\":\"https:\/\/i0.wp.com\/herbaday.sk\/wp-content\/uploads\/2025\/12\/vyzivujucikremnaruky.png?fit=800%2C800&ssl=1\",\"datePublished\":\"2025-12-05T04:01:57+00:00\",\"dateModified\":\"2025-12-05T04:01:58+00:00\",\"breadcrumb\":{\"@id\":\"https:\/\/herbaday.sk\/index.php\/product\/hl-skin-vyzivujuci-krem-na-ruky-a-telo-147-ml\/#breadcrumb\"},\"inLanguage\":\"sk-SK\",\"potentialAction\":[{\"@type\":\"ReadAction\",\"target\":[\"https:\/\/herbaday.sk\/index.php\/product\/hl-skin-vyzivujuci-krem-na-ruky-a-telo-147-ml\/\"]}]},{\"@type\":\"ImageObject\",\"inLanguage\":\"sk-SK\",\"@id\":\"https:\/\/herbaday.sk\/index.php\/product\/hl-skin-vyzivujuci-krem-na-ruky-a-telo-147-ml\/#primaryimage\",\"url\":\"https:\/\/i0.wp.com\/herbaday.sk\/wp-content\/uploads\/2025\/12\/vyzivujucikremnaruky.png?fit=800%2C800&ssl=1\",\"contentUrl\":\"https:\/\/i0.wp.com\/herbaday.sk\/wp-content\/uploads\/2025\/12\/vyzivujucikremnaruky.png?fit=800%2C800&ssl=1\",\"width\":800,\"height\":800},{\"@type\":\"BreadcrumbList\",\"@id\":\"https:\/\/herbaday.sk\/index.php\/product\/hl-skin-vyzivujuci-krem-na-ruky-a-telo-147-ml\/#breadcrumb\",\"itemListElement\":[{\"@type\":\"ListItem\",\"position\":1,\"name\":\"Domovsk\u00e1 str\u00e1nka\",\"item\":\"https:\/\/herbaday.sk\/\"},{\"@type\":\"ListItem\",\"position\":2,\"name\":\"Shop\",\"item\":\"https:\/\/herbaday.sk\/index.php\/shop\/\"},{\"@type\":\"ListItem\",\"position\":3,\"name\":\"HL\/Skin Vy\u017eivuj\u00faci kr\u00e9m na ruky a telo 147 ml\"}]},{\"@type\":\"WebSite\",\"@id\":\"https:\/\/herbaday.sk\/#website\",\"url\":\"https:\/\/herbaday.sk\/\",\"name\":\"Herbaday\",\"description\":\"Nez\u00e1visl\u00fd \u010dlen Herbalife Nutrition\",\"publisher\":{\"@id\":\"https:\/\/herbaday.sk\/#organization\"},\"potentialAction\":[{\"@type\":\"SearchAction\",\"target\":{\"@type\":\"EntryPoint\",\"urlTemplate\":\"https:\/\/herbaday.sk\/?s={search_term_string}\"},\"query-input\":{\"@type\":\"PropertyValueSpecification\",\"valueRequired\":true,\"valueName\":\"search_term_string\"}}],\"inLanguage\":\"sk-SK\"},{\"@type\":\"Organization\",\"@id\":\"https:\/\/herbaday.sk\/#organization\",\"name\":\"Herbaday\",\"url\":\"https:\/\/herbaday.sk\/\",\"logo\":{\"@type\":\"ImageObject\",\"inLanguage\":\"sk-SK\",\"@id\":\"https:\/\/herbaday.sk\/#\/schema\/logo\/image\/\",\"url\":\"http:\/\/herbaday.sk\/wp-content\/uploads\/2020\/11\/herbaday_logo.png\",\"contentUrl\":\"http:\/\/herbaday.sk\/wp-content\/uploads\/2020\/11\/herbaday_logo.png\",\"width\":2214,\"height\":545,\"caption\":\"Herbaday\"},\"image\":{\"@id\":\"https:\/\/herbaday.sk\/#\/schema\/logo\/image\/\"}}]}<\/script>\n<!-- \/ Yoast SEO plugin. -->","yoast_head_json":{"title":"HL\/Skin Vy\u017eivuj\u00faci kr\u00e9m na ruky a telo 147 ml - Herbaday","robots":{"index":"index","follow":"follow","max-snippet":"max-snippet:-1","max-image-preview":"max-image-preview:large","max-video-preview":"max-video-preview:-1"},"canonical":"https:\/\/herbaday.sk\/index.php\/product\/hl-skin-vyzivujuci-krem-na-ruky-a-telo-147-ml\/","og_locale":"sk_SK","og_type":"article","og_title":"HL\/Skin Vy\u017eivuj\u00faci kr\u00e9m na ruky a telo 147 ml - Herbaday","og_description":"\u013dahk\u00fd, vy\u017eivuj\u00faci kr\u00e9m na ruky a telo, ktor\u00fd dlhodobo hydratuje a zjem\u0148uje poko\u017eku. HL\/Skin \u2013 Vy\u017eivuj\u00faci kr\u00e9m na ruky a telo je \u013eahk\u00fd, r\u00fdchlo vstreb\u00e1vaj\u00faci sa hydrata\u010dn\u00fd kr\u00e9m zalo\u017een\u00fd na pokro\u010dilej k\u00f3rejskej starostlivosti o ple\u0165. Obohaten\u00fd o 6 % skval\u00e1nu, vy\u017eivuje a zjem\u0148uje poko\u017eku a z\u00e1rove\u0148 pom\u00e1ha zmierni\u0165 prejavy suchosti. Recept\u00fara tie\u017e podporuje ko\u017en\u00fa bari\u00e9ru, [...]","og_url":"https:\/\/herbaday.sk\/index.php\/product\/hl-skin-vyzivujuci-krem-na-ruky-a-telo-147-ml\/","og_site_name":"Herbaday","article_modified_time":"2025-12-05T04:01:58+00:00","og_image":[{"width":800,"height":800,"url":"https:\/\/i0.wp.com\/herbaday.sk\/wp-content\/uploads\/2025\/12\/vyzivujucikremnaruky.png?fit=800%2C800&ssl=1","type":"image\/png"}],"twitter_card":"summary_large_image","twitter_misc":{"Predpokladan\u00fd \u010das \u010d\u00edtania":"1 min\u00fata"},"schema":{"@context":"https:\/\/schema.org","@graph":[{"@type":"WebPage","@id":"https:\/\/herbaday.sk\/index.php\/product\/hl-skin-vyzivujuci-krem-na-ruky-a-telo-147-ml\/","url":"https:\/\/herbaday.sk\/index.php\/product\/hl-skin-vyzivujuci-krem-na-ruky-a-telo-147-ml\/","name":"HL\/Skin Vy\u017eivuj\u00faci kr\u00e9m na ruky a telo 147 ml - Herbaday","isPartOf":{"@id":"https:\/\/herbaday.sk\/#website"},"primaryImageOfPage":{"@id":"https:\/\/herbaday.sk\/index.php\/product\/hl-skin-vyzivujuci-krem-na-ruky-a-telo-147-ml\/#primaryimage"},"image":{"@id":"https:\/\/herbaday.sk\/index.php\/product\/hl-skin-vyzivujuci-krem-na-ruky-a-telo-147-ml\/#primaryimage"},"thumbnailUrl":"https:\/\/i0.wp.com\/herbaday.sk\/wp-content\/uploads\/2025\/12\/vyzivujucikremnaruky.png?fit=800%2C800&ssl=1","datePublished":"2025-12-05T04:01:57+00:00","dateModified":"2025-12-05T04:01:58+00:00","breadcrumb":{"@id":"https:\/\/herbaday.sk\/index.php\/product\/hl-skin-vyzivujuci-krem-na-ruky-a-telo-147-ml\/#breadcrumb"},"inLanguage":"sk-SK","potentialAction":[{"@type":"ReadAction","target":["https:\/\/herbaday.sk\/index.php\/product\/hl-skin-vyzivujuci-krem-na-ruky-a-telo-147-ml\/"]}]},{"@type":"ImageObject","inLanguage":"sk-SK","@id":"https:\/\/herbaday.sk\/index.php\/product\/hl-skin-vyzivujuci-krem-na-ruky-a-telo-147-ml\/#primaryimage","url":"https:\/\/i0.wp.com\/herbaday.sk\/wp-content\/uploads\/2025\/12\/vyzivujucikremnaruky.png?fit=800%2C800&ssl=1","contentUrl":"https:\/\/i0.wp.com\/herbaday.sk\/wp-content\/uploads\/2025\/12\/vyzivujucikremnaruky.png?fit=800%2C800&ssl=1","width":800,"height":800},{"@type":"BreadcrumbList","@id":"https:\/\/herbaday.sk\/index.php\/product\/hl-skin-vyzivujuci-krem-na-ruky-a-telo-147-ml\/#breadcrumb","itemListElement":[{"@type":"ListItem","position":1,"name":"Domovsk\u00e1 str\u00e1nka","item":"https:\/\/herbaday.sk\/"},{"@type":"ListItem","position":2,"name":"Shop","item":"https:\/\/herbaday.sk\/index.php\/shop\/"},{"@type":"ListItem","position":3,"name":"HL\/Skin Vy\u017eivuj\u00faci kr\u00e9m na ruky a telo 147 ml"}]},{"@type":"WebSite","@id":"https:\/\/herbaday.sk\/#website","url":"https:\/\/herbaday.sk\/","name":"Herbaday","description":"Nez\u00e1visl\u00fd \u010dlen Herbalife Nutrition","publisher":{"@id":"https:\/\/herbaday.sk\/#organization"},"potentialAction":[{"@type":"SearchAction","target":{"@type":"EntryPoint","urlTemplate":"https:\/\/herbaday.sk\/?s={search_term_string}"},"query-input":{"@type":"PropertyValueSpecification","valueRequired":true,"valueName":"search_term_string"}}],"inLanguage":"sk-SK"},{"@type":"Organization","@id":"https:\/\/herbaday.sk\/#organization","name":"Herbaday","url":"https:\/\/herbaday.sk\/","logo":{"@type":"ImageObject","inLanguage":"sk-SK","@id":"https:\/\/herbaday.sk\/#\/schema\/logo\/image\/","url":"http:\/\/herbaday.sk\/wp-content\/uploads\/2020\/11\/herbaday_logo.png","contentUrl":"http:\/\/herbaday.sk\/wp-content\/uploads\/2020\/11\/herbaday_logo.png","width":2214,"height":545,"caption":"Herbaday"},"image":{"@id":"https:\/\/herbaday.sk\/#\/schema\/logo\/image\/"}}]}},"jetpack_sharing_enabled":true,"_links":{"self":[{"href":"https:\/\/herbaday.sk\/index.php\/wp-json\/wp\/v2\/product\/209655","targetHints":{"allow":["GET"]}}],"collection":[{"href":"https:\/\/herbaday.sk\/index.php\/wp-json\/wp\/v2\/product"}],"about":[{"href":"https:\/\/herbaday.sk\/index.php\/wp-json\/wp\/v2\/types\/product"}],"replies":[{"embeddable":true,"href":"https:\/\/herbaday.sk\/index.php\/wp-json\/wp\/v2\/comments?post=209655"}],"wp:featuredmedia":[{"embeddable":true,"href":"https:\/\/herbaday.sk\/index.php\/wp-json\/wp\/v2\/media\/209656"}],"wp:attachment":[{"href":"https:\/\/herbaday.sk\/index.php\/wp-json\/wp\/v2\/media?parent=209655"}],"wp:term":[{"taxonomy":"product_brand","embeddable":true,"href":"https:\/\/herbaday.sk\/index.php\/wp-json\/wp\/v2\/product_brand?post=209655"},{"taxonomy":"product_cat","embeddable":true,"href":"https:\/\/herbaday.sk\/index.php\/wp-json\/wp\/v2\/product_cat?post=209655"},{"taxonomy":"product_tag","embeddable":true,"href":"https:\/\/herbaday.sk\/index.php\/wp-json\/wp\/v2\/product_tag?post=209655"}],"curies":[{"name":"wp","href":"https:\/\/api.w.org\/{rel}","templated":true}]}}