{"id":209719,"date":"2026-03-11T12:58:44","date_gmt":"2026-03-11T12:58:44","guid":{"rendered":"http:\/\/herbaday.sk\/?post_type=product&#038;p=209719"},"modified":"2026-03-11T13:04:44","modified_gmt":"2026-03-11T13:04:44","slug":"phyto-complete-startovacia-sada","status":"publish","type":"product","link":"https:\/\/herbaday.sk\/index.php\/product\/phyto-complete-startovacia-sada\/","title":{"rendered":"Phyto Complete \u0161tartovacia sada"},"content":{"rendered":"<p>Objavte <strong>Phyto Complete \u0161tartovacia sada<\/strong> \u2013 ide\u00e1lny sp\u00f4sob, ako vysk\u00fa\u0161a\u0165 v\u00fdhody Phyto Complete. Sada je navrhnut\u00e1 tak, aby v\u00e1s informovala, in\u0161pirovala a pomohla v\u00e1m za\u010da\u0165 s Phyto Complete.<\/p>\n<p><strong>\u010co obsahuje \u0161tartovacia sada:<\/strong><\/p>\n<ul>\n<li>Pr\u00e9miov\u00e1 krabi\u010dka s logom Herbalife<\/li>\n<li>D\u00f3za na kapsule navrhnut\u00e1 na mesa\u010dn\u00fa z\u00e1sobu Phyto Complete<\/li>\n<li>Jednorazov\u00fd s\u00e1\u010dok s mesa\u010dnou z\u00e1sobou Phyto Complete<\/li>\n<li>Phyto Complete pl\u00e1nova\u010d na sledovanie pokrokov<\/li>\n<\/ul>\n<p><strong>K\u013e\u00fa\u010dov\u00e9 v\u00fdhody:<\/strong><\/p>\n<ul>\n<li>Obsahuje Fiit-NS\u2122<\/li>\n<li>Obsahuje pr\u00edrodn\u00fd kofe\u00edn z guarany<\/li>\n<li>Obsahuje chr\u00f3m<\/li>\n<li>Obsahuje vitam\u00edny C a B3 (niac\u00edn)<\/li>\n<li>Je vhodn\u00fd pre veg\u00e1nov<\/li>\n<li>Je bohat\u00fd na fytonutrienty<\/li>\n<li>Obsahuje 60 kaps\u00fal<\/li>\n<\/ul>\n<p><strong>Pou\u017e\u00edvanie:<\/strong> U\u017e\u00edvajte 2 kapsuly denne spolu s jedlom. Tento produkt u\u017e\u00edvajte v r\u00e1mci vyv\u00e1\u017eenej a pestrej stravy ako s\u00fa\u010das\u0165 zdrav\u00e9ho akt\u00edvneho \u017eivotn\u00e9ho \u0161t\u00fdlu. Skladujte s uzavret\u00fdm vie\u010dkom na chladnom a suchom mieste. Po otvoren\u00ed preneste kapsuly zo s\u00e1\u010dku do d\u00f3zy Phyto Complete.<\/p>\n<p><em>Neprekra\u010dujte odpor\u00fa\u010dan\u00fa denn\u00fa d\u00e1vku. V\u00fd\u017eivov\u00e9 doplnky s\u00fa ur\u010den\u00e9 na doplnenie stravy a nemali by sa pou\u017e\u00edva\u0165 ako n\u00e1hrada pestrej stravy.<\/em><\/p>\n","protected":false},"excerpt":{"rendered":"<p>\u0160tartovacia sada Phyto Complete je ide\u00e1lny sp\u00f4sob, ako vysk\u00fa\u0161a\u0165 Phyto Complete. Obsahuje pr\u00e9miov\u00fa krabi\u010dku, d\u00f3zu na kapsule, jednorazov\u00fd s\u00e1\u010dok s mesa\u010dnou z\u00e1sobou a pl\u00e1nova\u010d.<\/p>\n","protected":false},"featured_media":209717,"comment_status":"open","ping_status":"closed","template":"","meta":[],"product_brand":[],"product_cat":[24],"product_tag":[],"class_list":{"0":"post-209719","1":"product","2":"type-product","3":"status-publish","4":"has-post-thumbnail","6":"product_cat-kazdodenna-podpora","8":"first","9":"instock","10":"taxable","11":"shipping-taxable","12":"purchasable","13":"product-type-simple"},"yoast_head":"<!-- This site is optimized with the Yoast SEO plugin v24.3 - https:\/\/yoast.com\/wordpress\/plugins\/seo\/ -->\n<title>Phyto Complete \u0161tartovacia sada - Herbaday<\/title>\n<meta name=\"description\" content=\"\u0160tartovacia sada Phyto Complete obsahuje pr\u00e9miov\u00fa krabi\u010dku, d\u00f3zu na kapsule, jednorazov\u00fd s\u00e1\u010dok s mesa\u010dnou z\u00e1sobou a pl\u00e1nova\u010d Phyto Complete.\" \/>\n<meta name=\"robots\" content=\"index, follow, max-snippet:-1, max-image-preview:large, max-video-preview:-1\" \/>\n<link rel=\"canonical\" href=\"https:\/\/herbaday.sk\/index.php\/product\/phyto-complete-startovacia-sada\/\" \/>\n<meta property=\"og:locale\" content=\"sk_SK\" \/>\n<meta property=\"og:type\" content=\"article\" \/>\n<meta property=\"og:title\" content=\"Phyto Complete \u0161tartovacia sada - Herbaday\" \/>\n<meta property=\"og:description\" content=\"\u0160tartovacia sada Phyto Complete obsahuje pr\u00e9miov\u00fa krabi\u010dku, d\u00f3zu na kapsule, jednorazov\u00fd s\u00e1\u010dok s mesa\u010dnou z\u00e1sobou a pl\u00e1nova\u010d Phyto Complete.\" \/>\n<meta property=\"og:url\" content=\"https:\/\/herbaday.sk\/index.php\/product\/phyto-complete-startovacia-sada\/\" \/>\n<meta property=\"og:site_name\" content=\"Herbaday\" \/>\n<meta property=\"article:modified_time\" content=\"2026-03-11T13:04:44+00:00\" \/>\n<meta property=\"og:image\" content=\"https:\/\/i0.wp.com\/herbaday.sk\/wp-content\/uploads\/2026\/03\/cq5dam.web_.800.800.png?fit=800%2C800&ssl=1\" \/>\n\t<meta property=\"og:image:width\" content=\"800\" \/>\n\t<meta property=\"og:image:height\" content=\"800\" \/>\n\t<meta property=\"og:image:type\" content=\"image\/png\" \/>\n<meta name=\"twitter:card\" content=\"summary_large_image\" \/>\n<meta name=\"twitter:label1\" content=\"Predpokladan\u00fd \u010das \u010d\u00edtania\" \/>\n\t<meta name=\"twitter:data1\" content=\"1 min\u00fata\" \/>\n<script type=\"application\/ld+json\" class=\"yoast-schema-graph\">{\"@context\":\"https:\/\/schema.org\",\"@graph\":[{\"@type\":\"WebPage\",\"@id\":\"https:\/\/herbaday.sk\/index.php\/product\/phyto-complete-startovacia-sada\/\",\"url\":\"https:\/\/herbaday.sk\/index.php\/product\/phyto-complete-startovacia-sada\/\",\"name\":\"Phyto Complete \u0161tartovacia sada - Herbaday\",\"isPartOf\":{\"@id\":\"https:\/\/herbaday.sk\/#website\"},\"primaryImageOfPage\":{\"@id\":\"https:\/\/herbaday.sk\/index.php\/product\/phyto-complete-startovacia-sada\/#primaryimage\"},\"image\":{\"@id\":\"https:\/\/herbaday.sk\/index.php\/product\/phyto-complete-startovacia-sada\/#primaryimage\"},\"thumbnailUrl\":\"https:\/\/i0.wp.com\/herbaday.sk\/wp-content\/uploads\/2026\/03\/cq5dam.web_.800.800.png?fit=800%2C800&ssl=1\",\"datePublished\":\"2026-03-11T12:58:44+00:00\",\"dateModified\":\"2026-03-11T13:04:44+00:00\",\"description\":\"\u0160tartovacia sada Phyto Complete obsahuje pr\u00e9miov\u00fa krabi\u010dku, d\u00f3zu na kapsule, jednorazov\u00fd s\u00e1\u010dok s mesa\u010dnou z\u00e1sobou a pl\u00e1nova\u010d Phyto Complete.\",\"breadcrumb\":{\"@id\":\"https:\/\/herbaday.sk\/index.php\/product\/phyto-complete-startovacia-sada\/#breadcrumb\"},\"inLanguage\":\"sk-SK\",\"potentialAction\":[{\"@type\":\"ReadAction\",\"target\":[\"https:\/\/herbaday.sk\/index.php\/product\/phyto-complete-startovacia-sada\/\"]}]},{\"@type\":\"ImageObject\",\"inLanguage\":\"sk-SK\",\"@id\":\"https:\/\/herbaday.sk\/index.php\/product\/phyto-complete-startovacia-sada\/#primaryimage\",\"url\":\"https:\/\/i0.wp.com\/herbaday.sk\/wp-content\/uploads\/2026\/03\/cq5dam.web_.800.800.png?fit=800%2C800&ssl=1\",\"contentUrl\":\"https:\/\/i0.wp.com\/herbaday.sk\/wp-content\/uploads\/2026\/03\/cq5dam.web_.800.800.png?fit=800%2C800&ssl=1\",\"width\":800,\"height\":800,\"caption\":\"Phyto Complete \u0161tartovacia sada\"},{\"@type\":\"BreadcrumbList\",\"@id\":\"https:\/\/herbaday.sk\/index.php\/product\/phyto-complete-startovacia-sada\/#breadcrumb\",\"itemListElement\":[{\"@type\":\"ListItem\",\"position\":1,\"name\":\"Domovsk\u00e1 str\u00e1nka\",\"item\":\"https:\/\/herbaday.sk\/\"},{\"@type\":\"ListItem\",\"position\":2,\"name\":\"Shop\",\"item\":\"https:\/\/herbaday.sk\/index.php\/shop\/\"},{\"@type\":\"ListItem\",\"position\":3,\"name\":\"Phyto Complete \u0161tartovacia sada\"}]},{\"@type\":\"WebSite\",\"@id\":\"https:\/\/herbaday.sk\/#website\",\"url\":\"https:\/\/herbaday.sk\/\",\"name\":\"Herbaday\",\"description\":\"Nez\u00e1visl\u00fd \u010dlen Herbalife Nutrition\",\"publisher\":{\"@id\":\"https:\/\/herbaday.sk\/#organization\"},\"potentialAction\":[{\"@type\":\"SearchAction\",\"target\":{\"@type\":\"EntryPoint\",\"urlTemplate\":\"https:\/\/herbaday.sk\/?s={search_term_string}\"},\"query-input\":{\"@type\":\"PropertyValueSpecification\",\"valueRequired\":true,\"valueName\":\"search_term_string\"}}],\"inLanguage\":\"sk-SK\"},{\"@type\":\"Organization\",\"@id\":\"https:\/\/herbaday.sk\/#organization\",\"name\":\"Herbaday\",\"url\":\"https:\/\/herbaday.sk\/\",\"logo\":{\"@type\":\"ImageObject\",\"inLanguage\":\"sk-SK\",\"@id\":\"https:\/\/herbaday.sk\/#\/schema\/logo\/image\/\",\"url\":\"http:\/\/herbaday.sk\/wp-content\/uploads\/2020\/11\/herbaday_logo.png\",\"contentUrl\":\"http:\/\/herbaday.sk\/wp-content\/uploads\/2020\/11\/herbaday_logo.png\",\"width\":2214,\"height\":545,\"caption\":\"Herbaday\"},\"image\":{\"@id\":\"https:\/\/herbaday.sk\/#\/schema\/logo\/image\/\"}}]}<\/script>\n<!-- \/ Yoast SEO plugin. -->","yoast_head_json":{"title":"Phyto Complete \u0161tartovacia sada - Herbaday","description":"\u0160tartovacia sada Phyto Complete obsahuje pr\u00e9miov\u00fa krabi\u010dku, d\u00f3zu na kapsule, jednorazov\u00fd s\u00e1\u010dok s mesa\u010dnou z\u00e1sobou a pl\u00e1nova\u010d Phyto Complete.","robots":{"index":"index","follow":"follow","max-snippet":"max-snippet:-1","max-image-preview":"max-image-preview:large","max-video-preview":"max-video-preview:-1"},"canonical":"https:\/\/herbaday.sk\/index.php\/product\/phyto-complete-startovacia-sada\/","og_locale":"sk_SK","og_type":"article","og_title":"Phyto Complete \u0161tartovacia sada - Herbaday","og_description":"\u0160tartovacia sada Phyto Complete obsahuje pr\u00e9miov\u00fa krabi\u010dku, d\u00f3zu na kapsule, jednorazov\u00fd s\u00e1\u010dok s mesa\u010dnou z\u00e1sobou a pl\u00e1nova\u010d Phyto Complete.","og_url":"https:\/\/herbaday.sk\/index.php\/product\/phyto-complete-startovacia-sada\/","og_site_name":"Herbaday","article_modified_time":"2026-03-11T13:04:44+00:00","og_image":[{"width":800,"height":800,"url":"https:\/\/i0.wp.com\/herbaday.sk\/wp-content\/uploads\/2026\/03\/cq5dam.web_.800.800.png?fit=800%2C800&ssl=1","type":"image\/png"}],"twitter_card":"summary_large_image","twitter_misc":{"Predpokladan\u00fd \u010das \u010d\u00edtania":"1 min\u00fata"},"schema":{"@context":"https:\/\/schema.org","@graph":[{"@type":"WebPage","@id":"https:\/\/herbaday.sk\/index.php\/product\/phyto-complete-startovacia-sada\/","url":"https:\/\/herbaday.sk\/index.php\/product\/phyto-complete-startovacia-sada\/","name":"Phyto Complete \u0161tartovacia sada - Herbaday","isPartOf":{"@id":"https:\/\/herbaday.sk\/#website"},"primaryImageOfPage":{"@id":"https:\/\/herbaday.sk\/index.php\/product\/phyto-complete-startovacia-sada\/#primaryimage"},"image":{"@id":"https:\/\/herbaday.sk\/index.php\/product\/phyto-complete-startovacia-sada\/#primaryimage"},"thumbnailUrl":"https:\/\/i0.wp.com\/herbaday.sk\/wp-content\/uploads\/2026\/03\/cq5dam.web_.800.800.png?fit=800%2C800&ssl=1","datePublished":"2026-03-11T12:58:44+00:00","dateModified":"2026-03-11T13:04:44+00:00","description":"\u0160tartovacia sada Phyto Complete obsahuje pr\u00e9miov\u00fa krabi\u010dku, d\u00f3zu na kapsule, jednorazov\u00fd s\u00e1\u010dok s mesa\u010dnou z\u00e1sobou a pl\u00e1nova\u010d Phyto Complete.","breadcrumb":{"@id":"https:\/\/herbaday.sk\/index.php\/product\/phyto-complete-startovacia-sada\/#breadcrumb"},"inLanguage":"sk-SK","potentialAction":[{"@type":"ReadAction","target":["https:\/\/herbaday.sk\/index.php\/product\/phyto-complete-startovacia-sada\/"]}]},{"@type":"ImageObject","inLanguage":"sk-SK","@id":"https:\/\/herbaday.sk\/index.php\/product\/phyto-complete-startovacia-sada\/#primaryimage","url":"https:\/\/i0.wp.com\/herbaday.sk\/wp-content\/uploads\/2026\/03\/cq5dam.web_.800.800.png?fit=800%2C800&ssl=1","contentUrl":"https:\/\/i0.wp.com\/herbaday.sk\/wp-content\/uploads\/2026\/03\/cq5dam.web_.800.800.png?fit=800%2C800&ssl=1","width":800,"height":800,"caption":"Phyto Complete \u0161tartovacia sada"},{"@type":"BreadcrumbList","@id":"https:\/\/herbaday.sk\/index.php\/product\/phyto-complete-startovacia-sada\/#breadcrumb","itemListElement":[{"@type":"ListItem","position":1,"name":"Domovsk\u00e1 str\u00e1nka","item":"https:\/\/herbaday.sk\/"},{"@type":"ListItem","position":2,"name":"Shop","item":"https:\/\/herbaday.sk\/index.php\/shop\/"},{"@type":"ListItem","position":3,"name":"Phyto Complete \u0161tartovacia sada"}]},{"@type":"WebSite","@id":"https:\/\/herbaday.sk\/#website","url":"https:\/\/herbaday.sk\/","name":"Herbaday","description":"Nez\u00e1visl\u00fd \u010dlen Herbalife Nutrition","publisher":{"@id":"https:\/\/herbaday.sk\/#organization"},"potentialAction":[{"@type":"SearchAction","target":{"@type":"EntryPoint","urlTemplate":"https:\/\/herbaday.sk\/?s={search_term_string}"},"query-input":{"@type":"PropertyValueSpecification","valueRequired":true,"valueName":"search_term_string"}}],"inLanguage":"sk-SK"},{"@type":"Organization","@id":"https:\/\/herbaday.sk\/#organization","name":"Herbaday","url":"https:\/\/herbaday.sk\/","logo":{"@type":"ImageObject","inLanguage":"sk-SK","@id":"https:\/\/herbaday.sk\/#\/schema\/logo\/image\/","url":"http:\/\/herbaday.sk\/wp-content\/uploads\/2020\/11\/herbaday_logo.png","contentUrl":"http:\/\/herbaday.sk\/wp-content\/uploads\/2020\/11\/herbaday_logo.png","width":2214,"height":545,"caption":"Herbaday"},"image":{"@id":"https:\/\/herbaday.sk\/#\/schema\/logo\/image\/"}}]}},"jetpack_sharing_enabled":true,"_links":{"self":[{"href":"https:\/\/herbaday.sk\/index.php\/wp-json\/wp\/v2\/product\/209719","targetHints":{"allow":["GET"]}}],"collection":[{"href":"https:\/\/herbaday.sk\/index.php\/wp-json\/wp\/v2\/product"}],"about":[{"href":"https:\/\/herbaday.sk\/index.php\/wp-json\/wp\/v2\/types\/product"}],"replies":[{"embeddable":true,"href":"https:\/\/herbaday.sk\/index.php\/wp-json\/wp\/v2\/comments?post=209719"}],"wp:featuredmedia":[{"embeddable":true,"href":"https:\/\/herbaday.sk\/index.php\/wp-json\/wp\/v2\/media\/209717"}],"wp:attachment":[{"href":"https:\/\/herbaday.sk\/index.php\/wp-json\/wp\/v2\/media?parent=209719"}],"wp:term":[{"taxonomy":"product_brand","embeddable":true,"href":"https:\/\/herbaday.sk\/index.php\/wp-json\/wp\/v2\/product_brand?post=209719"},{"taxonomy":"product_cat","embeddable":true,"href":"https:\/\/herbaday.sk\/index.php\/wp-json\/wp\/v2\/product_cat?post=209719"},{"taxonomy":"product_tag","embeddable":true,"href":"https:\/\/herbaday.sk\/index.php\/wp-json\/wp\/v2\/product_tag?post=209719"}],"curies":[{"name":"wp","href":"https:\/\/api.w.org\/{rel}","templated":true}]}}