{"id":248,"date":"2020-11-18T09:21:44","date_gmt":"2020-11-18T09:21:44","guid":{"rendered":"https:\/\/herbaday.eu\/?post_type=product&#038;p=248"},"modified":"2023-08-31T11:23:42","modified_gmt":"2023-08-31T11:23:42","slug":"clensky-balicek-herbalife-nutrition","status":"publish","type":"product","link":"https:\/\/herbaday.sk\/index.php\/product\/clensky-balicek-herbalife-nutrition\/","title":{"rendered":"\u010clensk\u00fd bal\u00ed\u010dek Herbalife Nutrition"},"content":{"rendered":"<h3 id=\"info-toggle\">N\u00e1h\u013ead na Produkt<\/h3>\n<div class=\"info-content\">\n<article>\n<p class=\"overview\" data-bind=\"html: Overview, visible: Overview\">Tento \u0161tartovac\u00ed bal\u00ed\u010dek obsahuje v\u0161etko, \u010do potrebujete na registr\u00e1ciu ako nov\u00fd \u010clen Herbalife Nutrition. N\u00e1jdete v \u0148om registra\u010dn\u00fd formul\u00e1r a kr\u00e1tky n\u00e1vod na aktiv\u00e1ciu \u010clenstva, \u0161t\u00fadijn\u00e9 a marketingov\u00e9 materi\u00e1ly a bro\u017e\u00faru a taktie\u017e vzorky r\u00f4znych produktov Herbalife Nutrition.<\/p>\n<\/article>\n<div class=\"page\" title=\"Page 1\">\n<div class=\"layoutArea\">\n<div class=\"column\">\n<p>Z\u00c1RUKY ZLAT\u00c9HO \u0160TANDARDU<\/p>\n<div class=\"page\" title=\"Page 1\">\n<div class=\"layoutArea\">\n<div class=\"column\">\n<p>Spolo\u010dnos\u0165 Herbalife Nutrition je hrd\u00e1 na politiku, ktor\u00fa zaviedla s cie\u013eom chr\u00e1ni\u0165 v\u0161etk\u00fdch svojich \u010clenov. Pre\u010d\u00edtajte si Z\u00e1ruky Zlat\u00e9ho \u0161tandardu a ozna\u010den\u00edm ka\u017ed\u00e9ho pol\u00ed\u010dka potvr\u010fte, \u017ee ste si ka\u017ed\u00fa \u010das\u0165 pre\u010d\u00edtali a pochopili.<\/p>\n<p>1. Nevy\u017eaduje sa \u017eiaden n\u00e1kup v minim\u00e1lnej hodnote a n\u00e1klady na rozbehnutie podnikania s\u00fa n\u00edzke.<\/p>\n<p>\u010clensky bali\u010dek Herbalife Nutrition je jedinym povinnym nakupom na vznik \u010clenstva v spolo\u010dnosti Herbalife Nutrition, resp. zapojenia sa do podnikania s Herbalife Nutrition. Nakup vyrobkov sa nevy\u017eaduje. Rozumiem, \u017ee ak sa rozhodnem kupi\u0165 si vyrobky, nakup by nemal presiahnu\u0165 moju vlastnu spotrebu ani objem, o ktorom som si isty\/-a, \u017ee ho doka\u017eem \u010falej preda\u0165 v primeranom \u010dase.<\/p>\n<\/div>\n<div class=\"page\" title=\"Page 1\">\n<div class=\"layoutArea\">\n<div class=\"column\">\n<p>2. Ak bude moje \u010clenstvo z ak\u00e9hoko\u013evek d\u00f4vodu zru\u0161en\u00e9, plat\u00ed z\u00e1ruka vr\u00e1tenia celej sumy za \u010clensk\u00fd bal\u00ed\u010dek Herbalife Nutrition do 90 dn\u00ed.<br \/>\nAk sa rozhodnem zru\u0161i\u0165 svoje \u010clenstvo do 90 dni, mam pravo na vratenie celej kupnej ceny \u010clenskeho bali\u010dka Herbalife Nutrition.<\/p>\n<div class=\"page\" title=\"Page 1\">\n<div class=\"layoutArea\">\n<div class=\"column\">\n<p>3. Ak d\u00f4jde k zru\u0161eniu \u010clenstva z ak\u00e9hoko\u013evek d\u00f4vodu, plat\u00ed z\u00e1ruka vr\u00e1tenia 100 % pe\u0148az\u00ed za v\u00fdrobky zak\u00fapen\u00e9 po\u010das predch\u00e1dzaj\u00facich 12 mesiacov a uhradenie dopravy pri vyzdvihnut\u00ed vr\u00e1ten\u00fdch produktov<br \/>\nAk bude moje \u010clenstvo z akehoko\u013evek dovodu zru\u0161ene, mo\u017eem spolo\u010dnosti vrati\u0165 nepou\u017eite vyrobky alebo predajne materialy, ktore mo\u017eno \u010falej odpreda\u0165 a ktore som kupil\/-a za poslednych 12 mesiacov a bude mi vratena cela kupna cena tychto produktov (vratane nakladov na vratenie produktov). Jednoducho sa ria\u010fte pokynmi v \u010dasti \u201eVzorove formulare\u201c v Knihe 3 \u010clenskeho bali\u010dka alebo on-line\u00a0na https:\/\/www.myherbalife.com\/sk-SK.<\/p>\n<div class=\"page\" title=\"Page 1\">\n<div class=\"layoutArea\">\n<div class=\"column\">\n<p>4. Na zalo\u017eenie a \u00faspe\u0161n\u00e9 prev\u00e1dzkovanie \u010clenstva v spolo\u010dnosti Herbalife Nutrition sa nevy\u017eaduje k\u00fapa \u017eiadnych predajn\u00fdch ani obchodnych n\u00e1strojov.<br \/>\nNie som povinny\/-a kupi\u0165 si \u017eiadne obchodne nastroje a mo\u017eem pou\u017eiva\u0165 reklamnu literaturu a predajne nastroje, ktore spolo\u010dnos\u0165 Herbalife Nutrition spristup\u0148uje bezplatne alebo za minimalny poplatok. Pred otvorenim Nutri\u010dneho klubu vratane akehoko\u013evek ineho klubu s fitness aktivitami musim by\u0165 \u010clenom po dobu aspo\u0148 90 dni a realizova\u0165 povinnu registraciu Nutri\u010dneho klubu.A tie\u017e absolvova\u0165 v\u0161etky \u0161kolenia, ktore budu v danom \u010dase po\u017eadovane.<\/p>\n<div class=\"page\" title=\"Page 1\">\n<div class=\"layoutArea\">\n<div class=\"column\">\n<p>5. Jasne uv\u00e1dzame v\u00fdhody ka\u017ed\u00e9ho v\u00fdrobku a primeran\u00fd sp\u00f4sob pou\u017eitia priamo na etikete v\u00fdrobku \u2013 chceme si by\u0165 absol\u00fatne ist\u00ed, \u017ee spr\u00e1vne v\u00fdrobky sa pou\u017e\u00edvaj\u00fa t\u00fdm spr\u00e1vnym sp\u00f4sobom za \u00fa\u010delom dosiahnutia realistick\u00fdch v\u00fdsledkov. Sprostredk\u00favame realistick\u00e9 o\u010dak\u00e1vania od podnikate\u013eskej pr\u00edle\u017eitosti a \u00fasilie potrebn\u00e9 pre \u00faspe\u0161n\u00e9 podnikanie na v\u0161etk\u00fdch \u00farovniach.<\/p>\n<p>Jasne uvadzame vyhody ka\u017edeho vyrobku a primerany sposob pou\u017eitia priamo na etikete vyrobku \u2013 chceme si by\u0165 absolutne isti, \u017ee<\/p>\n<p>spravne vyrobky sa pou\u017eivaju tym spravnym sposobom a \u017ee \u010clenovia maju spravne informacie, aby mohli svojich zakaznikov informova\u0165 o vyrobkoch. Rovnako poskytujeme presne informacie o finan\u010dnych vysledkoch, ktore \u010clenovia v spolo\u010dnosti Herbalife Nutrition dosiahli, aby sa ich mohli dozvedie\u0165 aj novi zaujemcovia o podnikanie s Herbalife Nutrition. V\u0161etky tvrdenia, ktore uvediem o vyrobkoch Herbalife Nutrition alebo podnikate\u013eskej prile\u017eitosti s Herbalife Nutrition, musia by\u0165 zakonne, pravdive, nezavadzajuce, pisomne vopred opodstatnene a v sulade s tvrdeniami uvedenymi v aktualnych materialoch zverejnenych spolo\u010dnos\u0165ou Herbalife Nutrition. Pri predstavovani vyrobkov Herbalife Nutrition nie som opravneny\/-a uvadza\u0165 \u017eiadne pisomne lie\u010debne ani terapeuticke tvrdenia o vyrobkoch Herbalife Nutrition (\u010di u\u017e ide o moju vlastnu skusenos\u0165 alebo nie) okrem tych, ktore sa uvadzaju v materialoch zverejnenych spolo\u010dnos\u0165ou Herbalife Nutrition, nie som ani opravneny\/-a uvadza\u0165 nazov \u017eiadneho ministerstva ani organu, ako ani ineho regula\u010dneho uradu.<\/p>\n<div class=\"page\" title=\"Page 1\">\n<div class=\"layoutArea\">\n<div class=\"column\">\n<p>6. Perspekt\u00edvnych \u010clenov jasne, presne a v\u010das informujeme o potenci\u00e1lnych pr\u00edjmoch.<\/p>\n<p>\u013dudia sa prid\u00e1vaj\u00fa k spolo\u010dnosti Herbalife Nutrition z mnoh\u00fdch d\u00f4vodov. Mnoh\u00ed z nich si chc\u00fa iba kupova\u0165 v\u00fdrobky Herbalife Nutrition za ve\u013ekoobchodn\u00e9 ceny. In\u00ed si chc\u00fa vybudova\u0165 vlastn\u00e9 podnikanie. Rozumiem, \u017ee ak je moj\u00edm cie\u013eom vybudova\u0165 si podnikanie s Herbalife Nutrition, mus\u00edm tvrdo a odhodlane pracova\u0165, ak m\u00e1 by\u0165 toto podnikanie \u00faspe\u0161n\u00e9. Rozumiem tomu, \u017ee Prehl\u00e1senie o priemernom hrubom z\u00e1robku, ktor\u00e9 nasleduje je dostupn\u00e9 na https:\/\/www.myherbalife.com\/sk-SK a \u017ee je to jedin\u00e1 autorizovan\u00e1 inform\u00e1cia o finan\u010dn\u00fdch z\u00e1robkoch, ktor\u00e9 \u010dlen Herbalife Nutrition dosiahol. Potvrdzujem, \u017ee sa nespolieham na \u017eiadne in\u00e9 inform\u00e1cie.<\/p>\n<\/div>\n<\/div>\n<\/div>\n<\/div>\n<\/div>\n<\/div>\n<\/div>\n<\/div>\n<\/div>\n<\/div>\n<\/div>\n<\/div>\n<\/div>\n<\/div>\n<\/div>\n<\/div>\n<\/div>\n<\/div>\n<\/div>\n<\/div>\n<\/div>\n","protected":false},"excerpt":{"rendered":"<p>Tento \u0161tartovac\u00ed bal\u00ed\u010dek obsahuje v\u0161etko, \u010do potrebujete na registr\u00e1ciu ako nov\u00fd \u010clen Herbalife Nutrition. N\u00e1jdete v \u0148om registra\u010dn\u00fd formul\u00e1r a kr\u00e1tky n\u00e1vod na aktiv\u00e1ciu \u010clenstva, \u0161t\u00fadijn\u00e9 a marketingov\u00e9 materi\u00e1ly a bro\u017e\u00faru a taktie\u017e vzorky r\u00f4znych produktov Herbalife Nutrition.<\/p>\n","protected":false},"featured_media":249,"comment_status":"open","ping_status":"closed","template":"","meta":[],"product_brand":[],"product_cat":[36],"product_tag":[],"class_list":{"0":"post-248","1":"product","2":"type-product","3":"status-publish","4":"has-post-thumbnail","6":"product_cat-medzinarodna-podnikatelska-suprava","8":"first","9":"instock","10":"taxable","11":"shipping-taxable","12":"purchasable","13":"product-type-simple"},"yoast_head":"<!-- This site is optimized with the Yoast SEO plugin v24.3 - https:\/\/yoast.com\/wordpress\/plugins\/seo\/ -->\n<title>\u010clensk\u00fd bal\u00ed\u010dek Herbalife Nutrition - Herbaday<\/title>\n<meta name=\"description\" content=\"Tento \u0161tartovac\u00ed bal\u00ed\u010dek obsahuje v\u0161etko, \u010do potrebujete na registr\u00e1ciu ako nov\u00fd \u010clen Herbalife Nutrition.\" \/>\n<meta name=\"robots\" content=\"index, follow, max-snippet:-1, max-image-preview:large, max-video-preview:-1\" \/>\n<link rel=\"canonical\" href=\"https:\/\/herbaday.sk\/index.php\/product\/clensky-balicek-herbalife-nutrition\/\" \/>\n<meta property=\"og:locale\" content=\"sk_SK\" \/>\n<meta property=\"og:type\" content=\"article\" \/>\n<meta property=\"og:title\" content=\"\u010clensk\u00fd bal\u00ed\u010dek Herbalife Nutrition - Herbaday\" \/>\n<meta property=\"og:description\" content=\"Tento \u0161tartovac\u00ed bal\u00ed\u010dek obsahuje v\u0161etko, \u010do potrebujete na registr\u00e1ciu ako nov\u00fd \u010clen Herbalife Nutrition.\" \/>\n<meta property=\"og:url\" content=\"https:\/\/herbaday.sk\/index.php\/product\/clensky-balicek-herbalife-nutrition\/\" \/>\n<meta property=\"og:site_name\" content=\"Herbaday\" \/>\n<meta property=\"article:modified_time\" content=\"2023-08-31T11:23:42+00:00\" \/>\n<meta property=\"og:image\" content=\"https:\/\/i0.wp.com\/herbaday.sk\/wp-content\/uploads\/2020\/11\/5451.png?fit=800%2C800&ssl=1\" \/>\n\t<meta property=\"og:image:width\" content=\"800\" \/>\n\t<meta property=\"og:image:height\" content=\"800\" \/>\n\t<meta property=\"og:image:type\" content=\"image\/png\" \/>\n<meta name=\"twitter:card\" content=\"summary_large_image\" \/>\n<meta name=\"twitter:label1\" content=\"Predpokladan\u00fd \u010das \u010d\u00edtania\" \/>\n\t<meta name=\"twitter:data1\" content=\"4 min\u00faty\" \/>\n<script type=\"application\/ld+json\" class=\"yoast-schema-graph\">{\"@context\":\"https:\/\/schema.org\",\"@graph\":[{\"@type\":\"WebPage\",\"@id\":\"https:\/\/herbaday.sk\/index.php\/product\/clensky-balicek-herbalife-nutrition\/\",\"url\":\"https:\/\/herbaday.sk\/index.php\/product\/clensky-balicek-herbalife-nutrition\/\",\"name\":\"\u010clensk\u00fd bal\u00ed\u010dek Herbalife Nutrition - Herbaday\",\"isPartOf\":{\"@id\":\"https:\/\/herbaday.sk\/#website\"},\"primaryImageOfPage\":{\"@id\":\"https:\/\/herbaday.sk\/index.php\/product\/clensky-balicek-herbalife-nutrition\/#primaryimage\"},\"image\":{\"@id\":\"https:\/\/herbaday.sk\/index.php\/product\/clensky-balicek-herbalife-nutrition\/#primaryimage\"},\"thumbnailUrl\":\"https:\/\/i0.wp.com\/herbaday.sk\/wp-content\/uploads\/2020\/11\/5451.png?fit=800%2C800&ssl=1\",\"datePublished\":\"2020-11-18T09:21:44+00:00\",\"dateModified\":\"2023-08-31T11:23:42+00:00\",\"description\":\"Tento \u0161tartovac\u00ed bal\u00ed\u010dek obsahuje v\u0161etko, \u010do potrebujete na registr\u00e1ciu ako nov\u00fd \u010clen Herbalife Nutrition.\",\"breadcrumb\":{\"@id\":\"https:\/\/herbaday.sk\/index.php\/product\/clensky-balicek-herbalife-nutrition\/#breadcrumb\"},\"inLanguage\":\"sk-SK\",\"potentialAction\":[{\"@type\":\"ReadAction\",\"target\":[\"https:\/\/herbaday.sk\/index.php\/product\/clensky-balicek-herbalife-nutrition\/\"]}]},{\"@type\":\"ImageObject\",\"inLanguage\":\"sk-SK\",\"@id\":\"https:\/\/herbaday.sk\/index.php\/product\/clensky-balicek-herbalife-nutrition\/#primaryimage\",\"url\":\"https:\/\/i0.wp.com\/herbaday.sk\/wp-content\/uploads\/2020\/11\/5451.png?fit=800%2C800&ssl=1\",\"contentUrl\":\"https:\/\/i0.wp.com\/herbaday.sk\/wp-content\/uploads\/2020\/11\/5451.png?fit=800%2C800&ssl=1\",\"width\":800,\"height\":800},{\"@type\":\"BreadcrumbList\",\"@id\":\"https:\/\/herbaday.sk\/index.php\/product\/clensky-balicek-herbalife-nutrition\/#breadcrumb\",\"itemListElement\":[{\"@type\":\"ListItem\",\"position\":1,\"name\":\"Domovsk\u00e1 str\u00e1nka\",\"item\":\"https:\/\/herbaday.sk\/\"},{\"@type\":\"ListItem\",\"position\":2,\"name\":\"Shop\",\"item\":\"https:\/\/herbaday.sk\/index.php\/shop\/\"},{\"@type\":\"ListItem\",\"position\":3,\"name\":\"\u010clensk\u00fd bal\u00ed\u010dek Herbalife Nutrition\"}]},{\"@type\":\"WebSite\",\"@id\":\"https:\/\/herbaday.sk\/#website\",\"url\":\"https:\/\/herbaday.sk\/\",\"name\":\"Herbaday\",\"description\":\"Nez\u00e1visl\u00fd \u010dlen Herbalife Nutrition\",\"publisher\":{\"@id\":\"https:\/\/herbaday.sk\/#organization\"},\"potentialAction\":[{\"@type\":\"SearchAction\",\"target\":{\"@type\":\"EntryPoint\",\"urlTemplate\":\"https:\/\/herbaday.sk\/?s={search_term_string}\"},\"query-input\":{\"@type\":\"PropertyValueSpecification\",\"valueRequired\":true,\"valueName\":\"search_term_string\"}}],\"inLanguage\":\"sk-SK\"},{\"@type\":\"Organization\",\"@id\":\"https:\/\/herbaday.sk\/#organization\",\"name\":\"Herbaday\",\"url\":\"https:\/\/herbaday.sk\/\",\"logo\":{\"@type\":\"ImageObject\",\"inLanguage\":\"sk-SK\",\"@id\":\"https:\/\/herbaday.sk\/#\/schema\/logo\/image\/\",\"url\":\"http:\/\/herbaday.sk\/wp-content\/uploads\/2020\/11\/herbaday_logo.png\",\"contentUrl\":\"http:\/\/herbaday.sk\/wp-content\/uploads\/2020\/11\/herbaday_logo.png\",\"width\":2214,\"height\":545,\"caption\":\"Herbaday\"},\"image\":{\"@id\":\"https:\/\/herbaday.sk\/#\/schema\/logo\/image\/\"}}]}<\/script>\n<!-- \/ Yoast SEO plugin. -->","yoast_head_json":{"title":"\u010clensk\u00fd bal\u00ed\u010dek Herbalife Nutrition - Herbaday","description":"Tento \u0161tartovac\u00ed bal\u00ed\u010dek obsahuje v\u0161etko, \u010do potrebujete na registr\u00e1ciu ako nov\u00fd \u010clen Herbalife Nutrition.","robots":{"index":"index","follow":"follow","max-snippet":"max-snippet:-1","max-image-preview":"max-image-preview:large","max-video-preview":"max-video-preview:-1"},"canonical":"https:\/\/herbaday.sk\/index.php\/product\/clensky-balicek-herbalife-nutrition\/","og_locale":"sk_SK","og_type":"article","og_title":"\u010clensk\u00fd bal\u00ed\u010dek Herbalife Nutrition - Herbaday","og_description":"Tento \u0161tartovac\u00ed bal\u00ed\u010dek obsahuje v\u0161etko, \u010do potrebujete na registr\u00e1ciu ako nov\u00fd \u010clen Herbalife Nutrition.","og_url":"https:\/\/herbaday.sk\/index.php\/product\/clensky-balicek-herbalife-nutrition\/","og_site_name":"Herbaday","article_modified_time":"2023-08-31T11:23:42+00:00","og_image":[{"width":800,"height":800,"url":"https:\/\/i0.wp.com\/herbaday.sk\/wp-content\/uploads\/2020\/11\/5451.png?fit=800%2C800&ssl=1","type":"image\/png"}],"twitter_card":"summary_large_image","twitter_misc":{"Predpokladan\u00fd \u010das \u010d\u00edtania":"4 min\u00faty"},"schema":{"@context":"https:\/\/schema.org","@graph":[{"@type":"WebPage","@id":"https:\/\/herbaday.sk\/index.php\/product\/clensky-balicek-herbalife-nutrition\/","url":"https:\/\/herbaday.sk\/index.php\/product\/clensky-balicek-herbalife-nutrition\/","name":"\u010clensk\u00fd bal\u00ed\u010dek Herbalife Nutrition - Herbaday","isPartOf":{"@id":"https:\/\/herbaday.sk\/#website"},"primaryImageOfPage":{"@id":"https:\/\/herbaday.sk\/index.php\/product\/clensky-balicek-herbalife-nutrition\/#primaryimage"},"image":{"@id":"https:\/\/herbaday.sk\/index.php\/product\/clensky-balicek-herbalife-nutrition\/#primaryimage"},"thumbnailUrl":"https:\/\/i0.wp.com\/herbaday.sk\/wp-content\/uploads\/2020\/11\/5451.png?fit=800%2C800&ssl=1","datePublished":"2020-11-18T09:21:44+00:00","dateModified":"2023-08-31T11:23:42+00:00","description":"Tento \u0161tartovac\u00ed bal\u00ed\u010dek obsahuje v\u0161etko, \u010do potrebujete na registr\u00e1ciu ako nov\u00fd \u010clen Herbalife Nutrition.","breadcrumb":{"@id":"https:\/\/herbaday.sk\/index.php\/product\/clensky-balicek-herbalife-nutrition\/#breadcrumb"},"inLanguage":"sk-SK","potentialAction":[{"@type":"ReadAction","target":["https:\/\/herbaday.sk\/index.php\/product\/clensky-balicek-herbalife-nutrition\/"]}]},{"@type":"ImageObject","inLanguage":"sk-SK","@id":"https:\/\/herbaday.sk\/index.php\/product\/clensky-balicek-herbalife-nutrition\/#primaryimage","url":"https:\/\/i0.wp.com\/herbaday.sk\/wp-content\/uploads\/2020\/11\/5451.png?fit=800%2C800&ssl=1","contentUrl":"https:\/\/i0.wp.com\/herbaday.sk\/wp-content\/uploads\/2020\/11\/5451.png?fit=800%2C800&ssl=1","width":800,"height":800},{"@type":"BreadcrumbList","@id":"https:\/\/herbaday.sk\/index.php\/product\/clensky-balicek-herbalife-nutrition\/#breadcrumb","itemListElement":[{"@type":"ListItem","position":1,"name":"Domovsk\u00e1 str\u00e1nka","item":"https:\/\/herbaday.sk\/"},{"@type":"ListItem","position":2,"name":"Shop","item":"https:\/\/herbaday.sk\/index.php\/shop\/"},{"@type":"ListItem","position":3,"name":"\u010clensk\u00fd bal\u00ed\u010dek Herbalife Nutrition"}]},{"@type":"WebSite","@id":"https:\/\/herbaday.sk\/#website","url":"https:\/\/herbaday.sk\/","name":"Herbaday","description":"Nez\u00e1visl\u00fd \u010dlen Herbalife Nutrition","publisher":{"@id":"https:\/\/herbaday.sk\/#organization"},"potentialAction":[{"@type":"SearchAction","target":{"@type":"EntryPoint","urlTemplate":"https:\/\/herbaday.sk\/?s={search_term_string}"},"query-input":{"@type":"PropertyValueSpecification","valueRequired":true,"valueName":"search_term_string"}}],"inLanguage":"sk-SK"},{"@type":"Organization","@id":"https:\/\/herbaday.sk\/#organization","name":"Herbaday","url":"https:\/\/herbaday.sk\/","logo":{"@type":"ImageObject","inLanguage":"sk-SK","@id":"https:\/\/herbaday.sk\/#\/schema\/logo\/image\/","url":"http:\/\/herbaday.sk\/wp-content\/uploads\/2020\/11\/herbaday_logo.png","contentUrl":"http:\/\/herbaday.sk\/wp-content\/uploads\/2020\/11\/herbaday_logo.png","width":2214,"height":545,"caption":"Herbaday"},"image":{"@id":"https:\/\/herbaday.sk\/#\/schema\/logo\/image\/"}}]}},"jetpack_sharing_enabled":true,"_links":{"self":[{"href":"https:\/\/herbaday.sk\/index.php\/wp-json\/wp\/v2\/product\/248","targetHints":{"allow":["GET"]}}],"collection":[{"href":"https:\/\/herbaday.sk\/index.php\/wp-json\/wp\/v2\/product"}],"about":[{"href":"https:\/\/herbaday.sk\/index.php\/wp-json\/wp\/v2\/types\/product"}],"replies":[{"embeddable":true,"href":"https:\/\/herbaday.sk\/index.php\/wp-json\/wp\/v2\/comments?post=248"}],"wp:featuredmedia":[{"embeddable":true,"href":"https:\/\/herbaday.sk\/index.php\/wp-json\/wp\/v2\/media\/249"}],"wp:attachment":[{"href":"https:\/\/herbaday.sk\/index.php\/wp-json\/wp\/v2\/media?parent=248"}],"wp:term":[{"taxonomy":"product_brand","embeddable":true,"href":"https:\/\/herbaday.sk\/index.php\/wp-json\/wp\/v2\/product_brand?post=248"},{"taxonomy":"product_cat","embeddable":true,"href":"https:\/\/herbaday.sk\/index.php\/wp-json\/wp\/v2\/product_cat?post=248"},{"taxonomy":"product_tag","embeddable":true,"href":"https:\/\/herbaday.sk\/index.php\/wp-json\/wp\/v2\/product_tag?post=248"}],"curies":[{"name":"wp","href":"https:\/\/api.w.org\/{rel}","templated":true}]}}