{"id":259,"date":"2020-11-19T09:30:29","date_gmt":"2020-11-19T09:30:29","guid":{"rendered":"https:\/\/herbaday.eu\/?post_type=product&#038;p=259"},"modified":"2025-01-06T19:52:02","modified_gmt":"2025-01-06T19:52:02","slug":"collagen-skin-booster-vyzivovy-doplnok-s-jahodovo-citronovou-prichutou-171g","status":"publish","type":"product","link":"https:\/\/herbaday.sk\/index.php\/product\/collagen-skin-booster-vyzivovy-doplnok-s-jahodovo-citronovou-prichutou-171g\/","title":{"rendered":"Collagen Skin Booster V\u00fd\u017eivov\u00fd doplnok s jahodovo-citr\u00f3novou pr\u00edchu\u0165ou 171g"},"content":{"rendered":"<h3 id=\"info-toggle\">N\u00e1h\u013ead na Produkt<\/h3>\n<div class=\"info-content\">\n<article>\n<p class=\"overview\" data-bind=\"html: Overview, visible: Overview\">Pite dostatok vody. Jedzte vyv\u00e1\u017een\u00fa stravu. Hydratujte. Pokia\u013e chcete ma\u0165 zdravo vyzeraj\u00facu poko\u017eku, treba sa o \u0148u stara\u0165, aby sa roz\u017eiarila.<br \/>\n\u010co v\u0161ak v pr\u00edpade, \u017ee by ste pomocou kozmetick\u00e9ho n\u00e1poja z\u00edskali zdravo vyzeraj\u00facu poko\u017eku vy\u017eiven\u00fa zvn\u00fatra?<br \/>\nVysk\u00fa\u0161ajte Collagen Skin Booster. Jedn\u00e1 sa o pr\u00e1\u0161kov\u00fd v\u00fd\u017eivov\u00fd doplnok, ktor\u00fd sa m\u00f4\u017ee pou\u017e\u00edva\u0165 spolu s va\u0161ou existuj\u00facou rutinou starostlivos\u0165ou o ple\u0165. Collagen Skin Booster je vyroben\u00fd s vysoko kvalitn\u00fdch kolag\u00e9nov\u00fdch peptidov naz\u00fdvan\u00fdch Verisol\u00ae P, ktor\u00e9 pom\u00e1haj\u00fa zni\u017eova\u0165 vr\u00e1sky okolo o\u010d\u00ed a zlep\u0161ova\u0165 pru\u017enos\u0165 poko\u017eky po \u0161tyroch t\u00fd\u017ed\u0148och.<br \/>\nProdukt m\u00e1 vysok\u00fd obsah k\u013e\u00fa\u010dov\u00fdch vitam\u00ednov a miner\u00e1lov, ako s\u00fa biot\u00edn, j\u00f3d, vitam\u00edn A, niac\u00edn a zinok, ktor\u00e9 prispievaj\u00fa k udr\u017eaniu zdravej poko\u017eky. Collagen Skin Booster tie\u017e obsahuje sel\u00e9n a zinok, ktor\u00e9 prispievaj\u00fa k udr\u017eaniu zdrav\u00fdch vlasov a nechtov.<\/p>\n<h5 data-bind=\"visible: KeyBenefits\">K\u013e\u00fa\u010dov\u00e9 V\u00fdhody<\/h5>\n<div class=\"disc\" data-bind=\"visible: KeyBenefits, html: KeyBenefits\">Lahodn\u00e1 a vo\u0148av\u00e1 jahodovo- citr\u00f3nov\u00e1 pr\u00edchu\u0165<br \/>\nObsahuje Verisol\u00ae P &#8211; kolag\u00e9nov\u00e9 peptidy, ktor\u00e9 redukuj\u00fa vr\u00e1sky o\u010d\u00ed a zlep\u0161uj\u00fa pru\u017enos\u0165 poko\u017eky po \u0161tyroch t\u00fd\u017ed\u0148och, vedecky dok\u00e1zan\u00e9.<br \/>\nBezlepkov\u00fd<br \/>\nVysok\u00fd obsah vitam\u00ednu C, ktor\u00fd prispieva k norm\u00e1lnej tvorbe kolag\u00e9nu pre spr\u00e1vnu funkciu poko\u017eky<br \/>\nVysok\u00fd obsah vitam\u00ednu E, ktor\u00fd prispieva k ochrane buniek pred oxida\u010dn\u00fdm stresom<\/div>\n<h5 data-bind=\"visible: Usage\">Pou\u017e\u00edvanie<\/h5>\n<div class=\"disc\" data-bind=\"visible: Usage, html: Usage\">U\u017eite Collagen Skin Booster ka\u017ed\u00fd de\u0148. Pridajte 1 odmerku (5,7 g) pr\u00e1\u0161ku do 250 ml vody a mie\u0161ajte, k\u00fdm sa nerozpust\u00ed. Konzumujte jeden poh\u00e1r denne k jedlu. Pou\u017e\u00edvajte tento product v r\u00e1mci vyv\u00e1\u017eenej a rozmanitej stravy ako s\u00fa\u010das\u0165 zdrav\u00e9ho akt\u00edvneho \u017eivotn\u00e9ho \u0161t\u00fdlu.<\/div>\n<\/article>\n<\/div>\n","protected":false},"excerpt":{"rendered":"<p>N\u00e1h\u013ead na Produkt Pite dostatok vody. Jedzte vyv\u00e1\u017een\u00fa stravu. Hydratujte. Pokia\u013e chcete ma\u0165 zdravo vyzeraj\u00facu poko\u017eku, treba sa o \u0148u stara\u0165, aby sa roz\u017eiarila. \u010co v\u0161ak v pr\u00edpade, \u017ee by ste pomocou kozmetick\u00e9ho n\u00e1poja z\u00edskali zdravo vyzeraj\u00facu poko\u017eku vy\u017eiven\u00fa zvn\u00fatra? Vysk\u00fa\u0161ajte Collagen Skin Booster. Jedn\u00e1 sa o pr\u00e1\u0161kov\u00fd v\u00fd\u017eivov\u00fd doplnok, ktor\u00fd sa m\u00f4\u017ee pou\u017e\u00edva\u0165 spolu [&#8230;]\n","protected":false},"featured_media":260,"comment_status":"open","ping_status":"closed","template":"","meta":[],"product_brand":[],"product_cat":[32],"product_tag":[],"class_list":{"0":"post-259","1":"product","2":"type-product","3":"status-publish","4":"has-post-thumbnail","6":"product_cat-jednotlive-produkty-skin","8":"first","9":"instock","10":"taxable","11":"shipping-taxable","12":"purchasable","13":"product-type-simple"},"yoast_head":"<!-- This site is optimized with the Yoast SEO plugin v24.3 - https:\/\/yoast.com\/wordpress\/plugins\/seo\/ -->\n<title>Collagen Skin Booster V\u00fd\u017eivov\u00fd doplnok s jahodovo-citr\u00f3novou pr\u00edchu\u0165ou 171g - Herbaday<\/title>\n<meta name=\"robots\" content=\"index, follow, max-snippet:-1, max-image-preview:large, max-video-preview:-1\" \/>\n<link rel=\"canonical\" href=\"https:\/\/herbaday.sk\/index.php\/product\/collagen-skin-booster-vyzivovy-doplnok-s-jahodovo-citronovou-prichutou-171g\/\" \/>\n<meta property=\"og:locale\" content=\"sk_SK\" \/>\n<meta property=\"og:type\" content=\"article\" \/>\n<meta property=\"og:title\" content=\"Collagen Skin Booster V\u00fd\u017eivov\u00fd doplnok s jahodovo-citr\u00f3novou pr\u00edchu\u0165ou 171g - Herbaday\" \/>\n<meta property=\"og:description\" content=\"N\u00e1h\u013ead na Produkt Pite dostatok vody. Jedzte vyv\u00e1\u017een\u00fa stravu. Hydratujte. Pokia\u013e chcete ma\u0165 zdravo vyzeraj\u00facu poko\u017eku, treba sa o \u0148u stara\u0165, aby sa roz\u017eiarila. \u010co v\u0161ak v pr\u00edpade, \u017ee by ste pomocou kozmetick\u00e9ho n\u00e1poja z\u00edskali zdravo vyzeraj\u00facu poko\u017eku vy\u017eiven\u00fa zvn\u00fatra? Vysk\u00fa\u0161ajte Collagen Skin Booster. Jedn\u00e1 sa o pr\u00e1\u0161kov\u00fd v\u00fd\u017eivov\u00fd doplnok, ktor\u00fd sa m\u00f4\u017ee pou\u017e\u00edva\u0165 spolu [...]\" \/>\n<meta property=\"og:url\" content=\"https:\/\/herbaday.sk\/index.php\/product\/collagen-skin-booster-vyzivovy-doplnok-s-jahodovo-citronovou-prichutou-171g\/\" \/>\n<meta property=\"og:site_name\" content=\"Herbaday\" \/>\n<meta property=\"article:modified_time\" content=\"2025-01-06T19:52:02+00:00\" \/>\n<meta property=\"og:image\" content=\"https:\/\/i0.wp.com\/herbaday.sk\/wp-content\/uploads\/2020\/11\/076K_CZ.png?fit=800%2C800&ssl=1\" \/>\n\t<meta property=\"og:image:width\" content=\"800\" \/>\n\t<meta property=\"og:image:height\" content=\"800\" \/>\n\t<meta property=\"og:image:type\" content=\"image\/png\" \/>\n<meta name=\"twitter:card\" content=\"summary_large_image\" \/>\n<meta name=\"twitter:label1\" content=\"Predpokladan\u00fd \u010das \u010d\u00edtania\" \/>\n\t<meta name=\"twitter:data1\" content=\"2 min\u00faty\" \/>\n<script type=\"application\/ld+json\" class=\"yoast-schema-graph\">{\"@context\":\"https:\/\/schema.org\",\"@graph\":[{\"@type\":\"WebPage\",\"@id\":\"https:\/\/herbaday.sk\/index.php\/product\/collagen-skin-booster-vyzivovy-doplnok-s-jahodovo-citronovou-prichutou-171g\/\",\"url\":\"https:\/\/herbaday.sk\/index.php\/product\/collagen-skin-booster-vyzivovy-doplnok-s-jahodovo-citronovou-prichutou-171g\/\",\"name\":\"Collagen Skin Booster V\u00fd\u017eivov\u00fd doplnok s jahodovo-citr\u00f3novou pr\u00edchu\u0165ou 171g - Herbaday\",\"isPartOf\":{\"@id\":\"https:\/\/herbaday.sk\/#website\"},\"primaryImageOfPage\":{\"@id\":\"https:\/\/herbaday.sk\/index.php\/product\/collagen-skin-booster-vyzivovy-doplnok-s-jahodovo-citronovou-prichutou-171g\/#primaryimage\"},\"image\":{\"@id\":\"https:\/\/herbaday.sk\/index.php\/product\/collagen-skin-booster-vyzivovy-doplnok-s-jahodovo-citronovou-prichutou-171g\/#primaryimage\"},\"thumbnailUrl\":\"https:\/\/i0.wp.com\/herbaday.sk\/wp-content\/uploads\/2020\/11\/076K_CZ.png?fit=800%2C800&ssl=1\",\"datePublished\":\"2020-11-19T09:30:29+00:00\",\"dateModified\":\"2025-01-06T19:52:02+00:00\",\"breadcrumb\":{\"@id\":\"https:\/\/herbaday.sk\/index.php\/product\/collagen-skin-booster-vyzivovy-doplnok-s-jahodovo-citronovou-prichutou-171g\/#breadcrumb\"},\"inLanguage\":\"sk-SK\",\"potentialAction\":[{\"@type\":\"ReadAction\",\"target\":[\"https:\/\/herbaday.sk\/index.php\/product\/collagen-skin-booster-vyzivovy-doplnok-s-jahodovo-citronovou-prichutou-171g\/\"]}]},{\"@type\":\"ImageObject\",\"inLanguage\":\"sk-SK\",\"@id\":\"https:\/\/herbaday.sk\/index.php\/product\/collagen-skin-booster-vyzivovy-doplnok-s-jahodovo-citronovou-prichutou-171g\/#primaryimage\",\"url\":\"https:\/\/i0.wp.com\/herbaday.sk\/wp-content\/uploads\/2020\/11\/076K_CZ.png?fit=800%2C800&ssl=1\",\"contentUrl\":\"https:\/\/i0.wp.com\/herbaday.sk\/wp-content\/uploads\/2020\/11\/076K_CZ.png?fit=800%2C800&ssl=1\",\"width\":800,\"height\":800},{\"@type\":\"BreadcrumbList\",\"@id\":\"https:\/\/herbaday.sk\/index.php\/product\/collagen-skin-booster-vyzivovy-doplnok-s-jahodovo-citronovou-prichutou-171g\/#breadcrumb\",\"itemListElement\":[{\"@type\":\"ListItem\",\"position\":1,\"name\":\"Domovsk\u00e1 str\u00e1nka\",\"item\":\"https:\/\/herbaday.sk\/\"},{\"@type\":\"ListItem\",\"position\":2,\"name\":\"Shop\",\"item\":\"https:\/\/herbaday.sk\/index.php\/shop\/\"},{\"@type\":\"ListItem\",\"position\":3,\"name\":\"Collagen Skin Booster V\u00fd\u017eivov\u00fd doplnok s jahodovo-citr\u00f3novou pr\u00edchu\u0165ou 171g\"}]},{\"@type\":\"WebSite\",\"@id\":\"https:\/\/herbaday.sk\/#website\",\"url\":\"https:\/\/herbaday.sk\/\",\"name\":\"Herbaday\",\"description\":\"Nez\u00e1visl\u00fd \u010dlen Herbalife Nutrition\",\"publisher\":{\"@id\":\"https:\/\/herbaday.sk\/#organization\"},\"potentialAction\":[{\"@type\":\"SearchAction\",\"target\":{\"@type\":\"EntryPoint\",\"urlTemplate\":\"https:\/\/herbaday.sk\/?s={search_term_string}\"},\"query-input\":{\"@type\":\"PropertyValueSpecification\",\"valueRequired\":true,\"valueName\":\"search_term_string\"}}],\"inLanguage\":\"sk-SK\"},{\"@type\":\"Organization\",\"@id\":\"https:\/\/herbaday.sk\/#organization\",\"name\":\"Herbaday\",\"url\":\"https:\/\/herbaday.sk\/\",\"logo\":{\"@type\":\"ImageObject\",\"inLanguage\":\"sk-SK\",\"@id\":\"https:\/\/herbaday.sk\/#\/schema\/logo\/image\/\",\"url\":\"http:\/\/herbaday.sk\/wp-content\/uploads\/2020\/11\/herbaday_logo.png\",\"contentUrl\":\"http:\/\/herbaday.sk\/wp-content\/uploads\/2020\/11\/herbaday_logo.png\",\"width\":2214,\"height\":545,\"caption\":\"Herbaday\"},\"image\":{\"@id\":\"https:\/\/herbaday.sk\/#\/schema\/logo\/image\/\"}}]}<\/script>\n<!-- \/ Yoast SEO plugin. -->","yoast_head_json":{"title":"Collagen Skin Booster V\u00fd\u017eivov\u00fd doplnok s jahodovo-citr\u00f3novou pr\u00edchu\u0165ou 171g - Herbaday","robots":{"index":"index","follow":"follow","max-snippet":"max-snippet:-1","max-image-preview":"max-image-preview:large","max-video-preview":"max-video-preview:-1"},"canonical":"https:\/\/herbaday.sk\/index.php\/product\/collagen-skin-booster-vyzivovy-doplnok-s-jahodovo-citronovou-prichutou-171g\/","og_locale":"sk_SK","og_type":"article","og_title":"Collagen Skin Booster V\u00fd\u017eivov\u00fd doplnok s jahodovo-citr\u00f3novou pr\u00edchu\u0165ou 171g - Herbaday","og_description":"N\u00e1h\u013ead na Produkt Pite dostatok vody. Jedzte vyv\u00e1\u017een\u00fa stravu. Hydratujte. Pokia\u013e chcete ma\u0165 zdravo vyzeraj\u00facu poko\u017eku, treba sa o \u0148u stara\u0165, aby sa roz\u017eiarila. \u010co v\u0161ak v pr\u00edpade, \u017ee by ste pomocou kozmetick\u00e9ho n\u00e1poja z\u00edskali zdravo vyzeraj\u00facu poko\u017eku vy\u017eiven\u00fa zvn\u00fatra? Vysk\u00fa\u0161ajte Collagen Skin Booster. Jedn\u00e1 sa o pr\u00e1\u0161kov\u00fd v\u00fd\u017eivov\u00fd doplnok, ktor\u00fd sa m\u00f4\u017ee pou\u017e\u00edva\u0165 spolu [...]","og_url":"https:\/\/herbaday.sk\/index.php\/product\/collagen-skin-booster-vyzivovy-doplnok-s-jahodovo-citronovou-prichutou-171g\/","og_site_name":"Herbaday","article_modified_time":"2025-01-06T19:52:02+00:00","og_image":[{"width":800,"height":800,"url":"https:\/\/i0.wp.com\/herbaday.sk\/wp-content\/uploads\/2020\/11\/076K_CZ.png?fit=800%2C800&ssl=1","type":"image\/png"}],"twitter_card":"summary_large_image","twitter_misc":{"Predpokladan\u00fd \u010das \u010d\u00edtania":"2 min\u00faty"},"schema":{"@context":"https:\/\/schema.org","@graph":[{"@type":"WebPage","@id":"https:\/\/herbaday.sk\/index.php\/product\/collagen-skin-booster-vyzivovy-doplnok-s-jahodovo-citronovou-prichutou-171g\/","url":"https:\/\/herbaday.sk\/index.php\/product\/collagen-skin-booster-vyzivovy-doplnok-s-jahodovo-citronovou-prichutou-171g\/","name":"Collagen Skin Booster V\u00fd\u017eivov\u00fd doplnok s jahodovo-citr\u00f3novou pr\u00edchu\u0165ou 171g - Herbaday","isPartOf":{"@id":"https:\/\/herbaday.sk\/#website"},"primaryImageOfPage":{"@id":"https:\/\/herbaday.sk\/index.php\/product\/collagen-skin-booster-vyzivovy-doplnok-s-jahodovo-citronovou-prichutou-171g\/#primaryimage"},"image":{"@id":"https:\/\/herbaday.sk\/index.php\/product\/collagen-skin-booster-vyzivovy-doplnok-s-jahodovo-citronovou-prichutou-171g\/#primaryimage"},"thumbnailUrl":"https:\/\/i0.wp.com\/herbaday.sk\/wp-content\/uploads\/2020\/11\/076K_CZ.png?fit=800%2C800&ssl=1","datePublished":"2020-11-19T09:30:29+00:00","dateModified":"2025-01-06T19:52:02+00:00","breadcrumb":{"@id":"https:\/\/herbaday.sk\/index.php\/product\/collagen-skin-booster-vyzivovy-doplnok-s-jahodovo-citronovou-prichutou-171g\/#breadcrumb"},"inLanguage":"sk-SK","potentialAction":[{"@type":"ReadAction","target":["https:\/\/herbaday.sk\/index.php\/product\/collagen-skin-booster-vyzivovy-doplnok-s-jahodovo-citronovou-prichutou-171g\/"]}]},{"@type":"ImageObject","inLanguage":"sk-SK","@id":"https:\/\/herbaday.sk\/index.php\/product\/collagen-skin-booster-vyzivovy-doplnok-s-jahodovo-citronovou-prichutou-171g\/#primaryimage","url":"https:\/\/i0.wp.com\/herbaday.sk\/wp-content\/uploads\/2020\/11\/076K_CZ.png?fit=800%2C800&ssl=1","contentUrl":"https:\/\/i0.wp.com\/herbaday.sk\/wp-content\/uploads\/2020\/11\/076K_CZ.png?fit=800%2C800&ssl=1","width":800,"height":800},{"@type":"BreadcrumbList","@id":"https:\/\/herbaday.sk\/index.php\/product\/collagen-skin-booster-vyzivovy-doplnok-s-jahodovo-citronovou-prichutou-171g\/#breadcrumb","itemListElement":[{"@type":"ListItem","position":1,"name":"Domovsk\u00e1 str\u00e1nka","item":"https:\/\/herbaday.sk\/"},{"@type":"ListItem","position":2,"name":"Shop","item":"https:\/\/herbaday.sk\/index.php\/shop\/"},{"@type":"ListItem","position":3,"name":"Collagen Skin Booster V\u00fd\u017eivov\u00fd doplnok s jahodovo-citr\u00f3novou pr\u00edchu\u0165ou 171g"}]},{"@type":"WebSite","@id":"https:\/\/herbaday.sk\/#website","url":"https:\/\/herbaday.sk\/","name":"Herbaday","description":"Nez\u00e1visl\u00fd \u010dlen Herbalife Nutrition","publisher":{"@id":"https:\/\/herbaday.sk\/#organization"},"potentialAction":[{"@type":"SearchAction","target":{"@type":"EntryPoint","urlTemplate":"https:\/\/herbaday.sk\/?s={search_term_string}"},"query-input":{"@type":"PropertyValueSpecification","valueRequired":true,"valueName":"search_term_string"}}],"inLanguage":"sk-SK"},{"@type":"Organization","@id":"https:\/\/herbaday.sk\/#organization","name":"Herbaday","url":"https:\/\/herbaday.sk\/","logo":{"@type":"ImageObject","inLanguage":"sk-SK","@id":"https:\/\/herbaday.sk\/#\/schema\/logo\/image\/","url":"http:\/\/herbaday.sk\/wp-content\/uploads\/2020\/11\/herbaday_logo.png","contentUrl":"http:\/\/herbaday.sk\/wp-content\/uploads\/2020\/11\/herbaday_logo.png","width":2214,"height":545,"caption":"Herbaday"},"image":{"@id":"https:\/\/herbaday.sk\/#\/schema\/logo\/image\/"}}]}},"jetpack_sharing_enabled":true,"_links":{"self":[{"href":"https:\/\/herbaday.sk\/index.php\/wp-json\/wp\/v2\/product\/259","targetHints":{"allow":["GET"]}}],"collection":[{"href":"https:\/\/herbaday.sk\/index.php\/wp-json\/wp\/v2\/product"}],"about":[{"href":"https:\/\/herbaday.sk\/index.php\/wp-json\/wp\/v2\/types\/product"}],"replies":[{"embeddable":true,"href":"https:\/\/herbaday.sk\/index.php\/wp-json\/wp\/v2\/comments?post=259"}],"wp:featuredmedia":[{"embeddable":true,"href":"https:\/\/herbaday.sk\/index.php\/wp-json\/wp\/v2\/media\/260"}],"wp:attachment":[{"href":"https:\/\/herbaday.sk\/index.php\/wp-json\/wp\/v2\/media?parent=259"}],"wp:term":[{"taxonomy":"product_brand","embeddable":true,"href":"https:\/\/herbaday.sk\/index.php\/wp-json\/wp\/v2\/product_brand?post=259"},{"taxonomy":"product_cat","embeddable":true,"href":"https:\/\/herbaday.sk\/index.php\/wp-json\/wp\/v2\/product_cat?post=259"},{"taxonomy":"product_tag","embeddable":true,"href":"https:\/\/herbaday.sk\/index.php\/wp-json\/wp\/v2\/product_tag?post=259"}],"curies":[{"name":"wp","href":"https:\/\/api.w.org\/{rel}","templated":true}]}}