{"id":60678,"date":"2021-02-16T09:01:29","date_gmt":"2021-02-16T09:01:29","guid":{"rendered":"https:\/\/herbaday.sk\/?post_type=product&#038;p=60678"},"modified":"2025-01-06T19:51:24","modified_gmt":"2025-01-06T19:51:24","slug":"2-x-formula-1","status":"publish","type":"product","link":"https:\/\/herbaday.sk\/index.php\/product\/2-x-formula-1\/","title":{"rendered":"2 x Formula 1"},"content":{"rendered":"<p>Formula 1 pon\u00faka pohodlie, chu\u0165 a v\u00fd\u017eivu v jednom trende.<br \/>\nV\u010faka perfektnej kombin\u00e1cii vysoko kvalitn\u00fdch bielkov\u00edn, vl\u00e1kniny, vitam\u00ednov a miner\u00e1lov si u\u017e nemus\u00edte vybera\u0165 medzi zdrav\u00fdmi jedlami a pohodl\u00edm &#8211; koktejl Formula 1 sa r\u00fdchlo a jednoducho priprav\u00ed!<\/p>\n<ul>\n<li>Z\u00edskajte \u017eiviny, ktor\u00e9 va\u0161e telo potrebuje a z\u00e1rove\u0148 dodr\u017eujte va\u0161e preferencie alebo po\u017eiadavky na stravu. F1 Nov\u00e1 gener\u00e1cia je vyroben\u00e1 z ingredienci\u00ed, ktor\u00e9 s\u00fa veg\u00e1nske suroviny, bez lepku a neobsahuj\u00fa \u017eiadne umel\u00e9 farbiv\u00e1 ani pr\u00edchute.**<\/li>\n<li>Vysok\u00fd obsah bielkov\u00edn prispieva k rastu svalovej hmoty, Formula 1 je n\u00e1hrada jedla, ktor\u00e1 obsahuje k\u013e\u00fa\u010dov\u00e9 mikro a makro v\u00fd\u017eivn\u00e9 l\u00e1tky a prid\u00e1va botanick\u00e9 l\u00e1tky a byliny.<\/li>\n<li>Vychutnajte si F1 ako v\u00fd\u017eivn\u00e9 ra\u0148ajky, obed alebo ve\u010deru, aby ste podporili ciele v\u00e1\u0161ho akt\u00edvneho \u017eivotn\u00e9ho \u0161t\u00fdlu a regul\u00e1cie hmotnosti *.<\/li>\n<li>Obsahuje 25 vitam\u00ednov a miner\u00e1lov, vr\u00e1tane vitam\u00ednu D, ktor\u00e9 prispievaj\u00fa k norm\u00e1lnej funkcii imunitn\u00e9ho syst\u00e9mu a vitam\u00ednu C, ktor\u00fd prispieva k zn\u00ed\u017eeniu \u00fanavy a vy\u010derpanosti.<\/li>\n<\/ul>\n<h3 data-bind=\"visible: KeyBenefits\">K\u013e\u00fa\u010dov\u00e9 V\u00fdhody<\/h3>\n<div class=\"disc\" data-bind=\"visible: KeyBenefits, html: KeyBenefits\">\n<ul>\n<li>222 kcal na porciu<\/li>\n<li>18 g bielkov\u00edn na porciu, \u010do prispieva k rastu svalovej hmoty<\/li>\n<li>4 g vl\u00e1kniny na porciu<\/li>\n<li>Minim\u00e1lne 38% denn\u00e9ho doporu\u010den\u00e9ho pr\u00edjmu pre 25 vitam\u00ednov a miner\u00e1lov na porciu, vr\u00e1tane chr\u00f3mu, ktor\u00fd pom\u00e1h\u00e1 udr\u017eova\u0165 norm\u00e1lnu hladinu cukru v krvi<\/li>\n<li>Vegansk\u00e9 pr\u00edsady, bezlepkov\u00e9, bez umel\u00fdch farb\u00edv a pr\u00edrodn\u00fdch ar\u00f3m**<\/li>\n<\/ul>\n<p>* Podlo\u017een\u00e9 vedou: Klinick\u00e9 \u0161t\u00fadie ukazuj\u00fa, \u017ee nahradenie jedn\u00e9ho denn\u00e9ho jedla pri di\u00e9te s obmedzen\u00fdm pr\u00edjmom energie prispieva k udr\u017eaniu hmotnosti po \u00fabytku hmotnosti.<\/p>\n<p>** F1 s korenistou jablkovou pr\u00edchu\u0165ou obsahuje umel\u00e9 ar\u00f3my<\/p>\n<\/div>\n","protected":false},"excerpt":{"rendered":"<p>Formula 1 pon\u00faka pohodlie, chu\u0165 a v\u00fd\u017eivu v jednom trende. V\u010faka perfektnej kombin\u00e1cii vysoko kvalitn\u00fdch bielkov\u00edn, vl\u00e1kniny, vitam\u00ednov a miner\u00e1lov si u\u017e nemus\u00edte vybera\u0165 medzi zdrav\u00fdmi jedlami a pohodl\u00edm &#8211; koktejl Formula 1 sa r\u00fdchlo a jednoducho priprav\u00ed! Z\u00edskajte \u017eiviny, ktor\u00e9 va\u0161e telo potrebuje a z\u00e1rove\u0148 dodr\u017eujte va\u0161e preferencie alebo po\u017eiadavky na stravu. F1 Nov\u00e1 [&#8230;]\n","protected":false},"featured_media":61792,"comment_status":"open","ping_status":"closed","template":"","meta":[],"product_brand":[],"product_cat":[50,19],"product_tag":[],"class_list":{"0":"post-60678","1":"product","2":"type-product","3":"status-publish","4":"has-post-thumbnail","6":"product_cat-akciove-balicky","7":"product_cat-vyvazene-jedlo","9":"first","10":"instock","11":"sale","12":"taxable","13":"shipping-taxable","14":"purchasable","15":"product-type-woosb"},"yoast_head":"<!-- This site is optimized with the Yoast SEO plugin v24.3 - https:\/\/yoast.com\/wordpress\/plugins\/seo\/ -->\n<title>2 x Formula 1 - Herbaday<\/title>\n<meta name=\"robots\" content=\"index, follow, max-snippet:-1, max-image-preview:large, max-video-preview:-1\" \/>\n<link rel=\"canonical\" href=\"https:\/\/herbaday.sk\/index.php\/product\/2-x-formula-1\/\" \/>\n<meta property=\"og:locale\" content=\"sk_SK\" \/>\n<meta property=\"og:type\" content=\"article\" \/>\n<meta property=\"og:title\" content=\"2 x Formula 1 - Herbaday\" \/>\n<meta property=\"og:description\" content=\"Formula 1 pon\u00faka pohodlie, chu\u0165 a v\u00fd\u017eivu v jednom trende. V\u010faka perfektnej kombin\u00e1cii vysoko kvalitn\u00fdch bielkov\u00edn, vl\u00e1kniny, vitam\u00ednov a miner\u00e1lov si u\u017e nemus\u00edte vybera\u0165 medzi zdrav\u00fdmi jedlami a pohodl\u00edm &#8211; koktejl Formula 1 sa r\u00fdchlo a jednoducho priprav\u00ed! Z\u00edskajte \u017eiviny, ktor\u00e9 va\u0161e telo potrebuje a z\u00e1rove\u0148 dodr\u017eujte va\u0161e preferencie alebo po\u017eiadavky na stravu. F1 Nov\u00e1 [...]\" \/>\n<meta property=\"og:url\" content=\"https:\/\/herbaday.sk\/index.php\/product\/2-x-formula-1\/\" \/>\n<meta property=\"og:site_name\" content=\"Herbaday\" \/>\n<meta property=\"article:modified_time\" content=\"2025-01-06T19:51:24+00:00\" \/>\n<meta property=\"og:image\" content=\"https:\/\/i0.wp.com\/herbaday.sk\/wp-content\/uploads\/2021\/02\/balikf1sk.jpg?fit=600%2C600&ssl=1\" \/>\n\t<meta property=\"og:image:width\" content=\"600\" \/>\n\t<meta property=\"og:image:height\" content=\"600\" \/>\n\t<meta property=\"og:image:type\" content=\"image\/jpeg\" \/>\n<meta name=\"twitter:card\" content=\"summary_large_image\" \/>\n<meta name=\"twitter:label1\" content=\"Predpokladan\u00fd \u010das \u010d\u00edtania\" \/>\n\t<meta name=\"twitter:data1\" content=\"2 min\u00faty\" \/>\n<script type=\"application\/ld+json\" class=\"yoast-schema-graph\">{\"@context\":\"https:\/\/schema.org\",\"@graph\":[{\"@type\":\"WebPage\",\"@id\":\"https:\/\/herbaday.sk\/index.php\/product\/2-x-formula-1\/\",\"url\":\"https:\/\/herbaday.sk\/index.php\/product\/2-x-formula-1\/\",\"name\":\"2 x Formula 1 - Herbaday\",\"isPartOf\":{\"@id\":\"https:\/\/herbaday.sk\/#website\"},\"primaryImageOfPage\":{\"@id\":\"https:\/\/herbaday.sk\/index.php\/product\/2-x-formula-1\/#primaryimage\"},\"image\":{\"@id\":\"https:\/\/herbaday.sk\/index.php\/product\/2-x-formula-1\/#primaryimage\"},\"thumbnailUrl\":\"https:\/\/i0.wp.com\/herbaday.sk\/wp-content\/uploads\/2021\/02\/balikf1sk.jpg?fit=600%2C600&ssl=1\",\"datePublished\":\"2021-02-16T09:01:29+00:00\",\"dateModified\":\"2025-01-06T19:51:24+00:00\",\"breadcrumb\":{\"@id\":\"https:\/\/herbaday.sk\/index.php\/product\/2-x-formula-1\/#breadcrumb\"},\"inLanguage\":\"sk-SK\",\"potentialAction\":[{\"@type\":\"ReadAction\",\"target\":[\"https:\/\/herbaday.sk\/index.php\/product\/2-x-formula-1\/\"]}]},{\"@type\":\"ImageObject\",\"inLanguage\":\"sk-SK\",\"@id\":\"https:\/\/herbaday.sk\/index.php\/product\/2-x-formula-1\/#primaryimage\",\"url\":\"https:\/\/i0.wp.com\/herbaday.sk\/wp-content\/uploads\/2021\/02\/balikf1sk.jpg?fit=600%2C600&ssl=1\",\"contentUrl\":\"https:\/\/i0.wp.com\/herbaday.sk\/wp-content\/uploads\/2021\/02\/balikf1sk.jpg?fit=600%2C600&ssl=1\",\"width\":600,\"height\":600},{\"@type\":\"BreadcrumbList\",\"@id\":\"https:\/\/herbaday.sk\/index.php\/product\/2-x-formula-1\/#breadcrumb\",\"itemListElement\":[{\"@type\":\"ListItem\",\"position\":1,\"name\":\"Domovsk\u00e1 str\u00e1nka\",\"item\":\"https:\/\/herbaday.sk\/\"},{\"@type\":\"ListItem\",\"position\":2,\"name\":\"Shop\",\"item\":\"https:\/\/herbaday.sk\/index.php\/shop\/\"},{\"@type\":\"ListItem\",\"position\":3,\"name\":\"2 x Formula 1\"}]},{\"@type\":\"WebSite\",\"@id\":\"https:\/\/herbaday.sk\/#website\",\"url\":\"https:\/\/herbaday.sk\/\",\"name\":\"Herbaday\",\"description\":\"Nez\u00e1visl\u00fd \u010dlen Herbalife Nutrition\",\"publisher\":{\"@id\":\"https:\/\/herbaday.sk\/#organization\"},\"potentialAction\":[{\"@type\":\"SearchAction\",\"target\":{\"@type\":\"EntryPoint\",\"urlTemplate\":\"https:\/\/herbaday.sk\/?s={search_term_string}\"},\"query-input\":{\"@type\":\"PropertyValueSpecification\",\"valueRequired\":true,\"valueName\":\"search_term_string\"}}],\"inLanguage\":\"sk-SK\"},{\"@type\":\"Organization\",\"@id\":\"https:\/\/herbaday.sk\/#organization\",\"name\":\"Herbaday\",\"url\":\"https:\/\/herbaday.sk\/\",\"logo\":{\"@type\":\"ImageObject\",\"inLanguage\":\"sk-SK\",\"@id\":\"https:\/\/herbaday.sk\/#\/schema\/logo\/image\/\",\"url\":\"http:\/\/herbaday.sk\/wp-content\/uploads\/2020\/11\/herbaday_logo.png\",\"contentUrl\":\"http:\/\/herbaday.sk\/wp-content\/uploads\/2020\/11\/herbaday_logo.png\",\"width\":2214,\"height\":545,\"caption\":\"Herbaday\"},\"image\":{\"@id\":\"https:\/\/herbaday.sk\/#\/schema\/logo\/image\/\"}}]}<\/script>\n<!-- \/ Yoast SEO plugin. -->","yoast_head_json":{"title":"2 x Formula 1 - Herbaday","robots":{"index":"index","follow":"follow","max-snippet":"max-snippet:-1","max-image-preview":"max-image-preview:large","max-video-preview":"max-video-preview:-1"},"canonical":"https:\/\/herbaday.sk\/index.php\/product\/2-x-formula-1\/","og_locale":"sk_SK","og_type":"article","og_title":"2 x Formula 1 - Herbaday","og_description":"Formula 1 pon\u00faka pohodlie, chu\u0165 a v\u00fd\u017eivu v jednom trende. V\u010faka perfektnej kombin\u00e1cii vysoko kvalitn\u00fdch bielkov\u00edn, vl\u00e1kniny, vitam\u00ednov a miner\u00e1lov si u\u017e nemus\u00edte vybera\u0165 medzi zdrav\u00fdmi jedlami a pohodl\u00edm &#8211; koktejl Formula 1 sa r\u00fdchlo a jednoducho priprav\u00ed! Z\u00edskajte \u017eiviny, ktor\u00e9 va\u0161e telo potrebuje a z\u00e1rove\u0148 dodr\u017eujte va\u0161e preferencie alebo po\u017eiadavky na stravu. F1 Nov\u00e1 [...]","og_url":"https:\/\/herbaday.sk\/index.php\/product\/2-x-formula-1\/","og_site_name":"Herbaday","article_modified_time":"2025-01-06T19:51:24+00:00","og_image":[{"width":600,"height":600,"url":"https:\/\/i0.wp.com\/herbaday.sk\/wp-content\/uploads\/2021\/02\/balikf1sk.jpg?fit=600%2C600&ssl=1","type":"image\/jpeg"}],"twitter_card":"summary_large_image","twitter_misc":{"Predpokladan\u00fd \u010das \u010d\u00edtania":"2 min\u00faty"},"schema":{"@context":"https:\/\/schema.org","@graph":[{"@type":"WebPage","@id":"https:\/\/herbaday.sk\/index.php\/product\/2-x-formula-1\/","url":"https:\/\/herbaday.sk\/index.php\/product\/2-x-formula-1\/","name":"2 x Formula 1 - Herbaday","isPartOf":{"@id":"https:\/\/herbaday.sk\/#website"},"primaryImageOfPage":{"@id":"https:\/\/herbaday.sk\/index.php\/product\/2-x-formula-1\/#primaryimage"},"image":{"@id":"https:\/\/herbaday.sk\/index.php\/product\/2-x-formula-1\/#primaryimage"},"thumbnailUrl":"https:\/\/i0.wp.com\/herbaday.sk\/wp-content\/uploads\/2021\/02\/balikf1sk.jpg?fit=600%2C600&ssl=1","datePublished":"2021-02-16T09:01:29+00:00","dateModified":"2025-01-06T19:51:24+00:00","breadcrumb":{"@id":"https:\/\/herbaday.sk\/index.php\/product\/2-x-formula-1\/#breadcrumb"},"inLanguage":"sk-SK","potentialAction":[{"@type":"ReadAction","target":["https:\/\/herbaday.sk\/index.php\/product\/2-x-formula-1\/"]}]},{"@type":"ImageObject","inLanguage":"sk-SK","@id":"https:\/\/herbaday.sk\/index.php\/product\/2-x-formula-1\/#primaryimage","url":"https:\/\/i0.wp.com\/herbaday.sk\/wp-content\/uploads\/2021\/02\/balikf1sk.jpg?fit=600%2C600&ssl=1","contentUrl":"https:\/\/i0.wp.com\/herbaday.sk\/wp-content\/uploads\/2021\/02\/balikf1sk.jpg?fit=600%2C600&ssl=1","width":600,"height":600},{"@type":"BreadcrumbList","@id":"https:\/\/herbaday.sk\/index.php\/product\/2-x-formula-1\/#breadcrumb","itemListElement":[{"@type":"ListItem","position":1,"name":"Domovsk\u00e1 str\u00e1nka","item":"https:\/\/herbaday.sk\/"},{"@type":"ListItem","position":2,"name":"Shop","item":"https:\/\/herbaday.sk\/index.php\/shop\/"},{"@type":"ListItem","position":3,"name":"2 x Formula 1"}]},{"@type":"WebSite","@id":"https:\/\/herbaday.sk\/#website","url":"https:\/\/herbaday.sk\/","name":"Herbaday","description":"Nez\u00e1visl\u00fd \u010dlen Herbalife Nutrition","publisher":{"@id":"https:\/\/herbaday.sk\/#organization"},"potentialAction":[{"@type":"SearchAction","target":{"@type":"EntryPoint","urlTemplate":"https:\/\/herbaday.sk\/?s={search_term_string}"},"query-input":{"@type":"PropertyValueSpecification","valueRequired":true,"valueName":"search_term_string"}}],"inLanguage":"sk-SK"},{"@type":"Organization","@id":"https:\/\/herbaday.sk\/#organization","name":"Herbaday","url":"https:\/\/herbaday.sk\/","logo":{"@type":"ImageObject","inLanguage":"sk-SK","@id":"https:\/\/herbaday.sk\/#\/schema\/logo\/image\/","url":"http:\/\/herbaday.sk\/wp-content\/uploads\/2020\/11\/herbaday_logo.png","contentUrl":"http:\/\/herbaday.sk\/wp-content\/uploads\/2020\/11\/herbaday_logo.png","width":2214,"height":545,"caption":"Herbaday"},"image":{"@id":"https:\/\/herbaday.sk\/#\/schema\/logo\/image\/"}}]}},"jetpack_sharing_enabled":true,"_links":{"self":[{"href":"https:\/\/herbaday.sk\/index.php\/wp-json\/wp\/v2\/product\/60678","targetHints":{"allow":["GET"]}}],"collection":[{"href":"https:\/\/herbaday.sk\/index.php\/wp-json\/wp\/v2\/product"}],"about":[{"href":"https:\/\/herbaday.sk\/index.php\/wp-json\/wp\/v2\/types\/product"}],"replies":[{"embeddable":true,"href":"https:\/\/herbaday.sk\/index.php\/wp-json\/wp\/v2\/comments?post=60678"}],"wp:featuredmedia":[{"embeddable":true,"href":"https:\/\/herbaday.sk\/index.php\/wp-json\/wp\/v2\/media\/61792"}],"wp:attachment":[{"href":"https:\/\/herbaday.sk\/index.php\/wp-json\/wp\/v2\/media?parent=60678"}],"wp:term":[{"taxonomy":"product_brand","embeddable":true,"href":"https:\/\/herbaday.sk\/index.php\/wp-json\/wp\/v2\/product_brand?post=60678"},{"taxonomy":"product_cat","embeddable":true,"href":"https:\/\/herbaday.sk\/index.php\/wp-json\/wp\/v2\/product_cat?post=60678"},{"taxonomy":"product_tag","embeddable":true,"href":"https:\/\/herbaday.sk\/index.php\/wp-json\/wp\/v2\/product_tag?post=60678"}],"curies":[{"name":"wp","href":"https:\/\/api.w.org\/{rel}","templated":true}]}}