{"id":62044,"date":"2021-02-16T18:39:13","date_gmt":"2021-02-16T18:39:13","guid":{"rendered":"https:\/\/herbaday.sk\/?post_type=product&#038;p=62044"},"modified":"2025-01-06T19:51:14","modified_gmt":"2025-01-06T19:51:14","slug":"instatny-bylinny-napoj","status":"publish","type":"product","link":"https:\/\/herbaday.sk\/index.php\/product\/instatny-bylinny-napoj\/","title":{"rendered":"Instatn\u00fd bylinn\u00fd n\u00e1poj"},"content":{"rendered":"<p class=\"overview\" data-bind=\"html: Overview, visible: Overview\">Rozjasnite svoje r\u00e1no osvie\u017euj\u00facim bylinn\u00fdm n\u00e1pojom, ktor\u00fd obsahuje 85 mg kofe\u00ednu pre zv\u00fd\u0161enie bdelosti, kedyko\u013evek bude treba. N\u00edzkokalorick\u00fd a s obsahom zelen\u00e9ho a \u010dierneho \u010daju chut\u00ed v hor\u00facej aj studenej vari\u00e1cii.<\/p>\n<h5 data-bind=\"visible: KeyBenefits\">K\u013e\u00fa\u010dov\u00e9 V\u00fdhody<\/h5>\n<div class=\"disc\" data-bind=\"visible: KeyBenefits, html: KeyBenefits\">N\u00edzky obsah kal\u00f3ri\u00ed, pribli\u017ene 6 kcal v jednej porcii. \u2022 Jedine\u010dn\u00e1 zmes pomaran\u010dov\u00e9ho pekoe \u2013 tradi\u010dn\u00e9ho \u010dierneho \u010daju a zelen\u00e9ho \u010daju s v\u00fd\u0165a\u017ekami kvetu slezu, ibi\u0161ka a kardamonov\u00fdch semienok. \u2022 N\u00e1\u0161 zelen\u00fd \u010daj je extrahovan\u00fd vo vodnom k\u00fapeli, \u010do umo\u017e\u0148uje z\u00edska\u0165 pln\u00e9 spektrum zlo\u017eiek obsiahnut\u00fdch v zelenom \u010daji.<\/div>\n<h5 data-bind=\"visible: FastFacts\">R\u00fdchle Fakty<\/h5>\n<div class=\"disc\" data-bind=\"visible: FastFacts, html: FastFacts\">N\u00e1ro\u010dn\u00fd alebo akt\u00edvny \u017eivotn\u00fd \u0161t\u00fdl so sebou \u010dasto prin\u00e1\u0161a pocity \u00fanavy, zn\u00ed\u017eenie ostra\u017eitos\u0165i a stratu s\u00fastredenia. Instantn\u00fd bylinn\u00fd n\u00e1poj s iba 6 kal\u00f3riami v\u00e1m dod\u00e1 osvie\u017eenie \u010di u\u017e hor\u00faci, alebo studen\u00fd a navy\u0161e je skvel\u00fdm pomocn\u00edkom, ak potrebujete dosiahnu\u0165\u00a0\u00a0 pr\u00edjem odpor\u00fa\u010dan\u00e9ho mno\u017estva tekut\u00edn denne.<\/div>\n<h5 data-bind=\"visible: Usage\">Pou\u017e\u00edvanie<\/h5>\n<div class=\"disc\" data-bind=\"visible: Usage, html: Usage\">Zmie\u0161ajte \u00bd ly\u017ei\u010dky (pribli\u017ene 1,7 g) s 250ml hor\u00facej alebo studenej vody. Instantn\u00fd bylinn\u00fd n\u00e1poj je osvie\u017euj\u00faci, nech ho pijete samotn\u00fd alebo k jedlu. A navy\u0161e obsahuje iba 6,2 kal\u00f3ri\u00ed v jednom n\u00e1poji.<\/div>\n<div data-bind=\"visible: Usage, html: Usage\"><\/div>\n<div data-bind=\"visible: Usage, html: Usage\">&#8211; Termocaj<\/div>\n<div data-bind=\"visible: Usage, html: Usage\">&#8211; Termo\u010daj<\/div>\n<div data-bind=\"visible: Usage, html: Usage\">&#8211; Termo \u010daj<\/div>\n<div data-bind=\"visible: Usage, html: Usage\">&#8211; Thermojetics<\/div>\n","protected":false},"excerpt":{"rendered":"<p>Rozjasnite svoje r\u00e1no osvie\u017euj\u00facim bylinn\u00fdm n\u00e1pojom, ktor\u00fd obsahuje 85 mg kofe\u00ednu pre zv\u00fd\u0161enie bdelosti, kedyko\u013evek bude treba. N\u00edzkokalorick\u00fd a s obsahom zelen\u00e9ho a \u010dierneho \u010daju chut\u00ed v hor\u00facej aj studenej vari\u00e1cii. K\u013e\u00fa\u010dov\u00e9 V\u00fdhody N\u00edzky obsah kal\u00f3ri\u00ed, pribli\u017ene 6 kcal v jednej porcii. \u2022 Jedine\u010dn\u00e1 zmes pomaran\u010dov\u00e9ho pekoe \u2013 tradi\u010dn\u00e9ho \u010dierneho \u010daju a zelen\u00e9ho \u010daju s [&#8230;]\n","protected":false},"featured_media":262,"comment_status":"open","ping_status":"closed","template":"","meta":[],"product_brand":[],"product_cat":[30],"product_tag":[],"class_list":{"0":"post-62044","1":"product","2":"type-product","3":"status-publish","4":"has-post-thumbnail","6":"product_cat-bylinne-napoje","8":"first","9":"instock","10":"taxable","11":"shipping-taxable","12":"purchasable","13":"product-type-variable"},"yoast_head":"<!-- This site is optimized with the Yoast SEO plugin v24.3 - https:\/\/yoast.com\/wordpress\/plugins\/seo\/ -->\n<title>Instatn\u00fd bylinn\u00fd n\u00e1poj - Herbaday<\/title>\n<meta name=\"robots\" content=\"index, follow, max-snippet:-1, max-image-preview:large, max-video-preview:-1\" \/>\n<link rel=\"canonical\" href=\"https:\/\/herbaday.sk\/index.php\/product\/instatny-bylinny-napoj\/\" \/>\n<meta property=\"og:locale\" content=\"sk_SK\" \/>\n<meta property=\"og:type\" content=\"article\" \/>\n<meta property=\"og:title\" content=\"Instatn\u00fd bylinn\u00fd n\u00e1poj - Herbaday\" \/>\n<meta property=\"og:description\" content=\"Rozjasnite svoje r\u00e1no osvie\u017euj\u00facim bylinn\u00fdm n\u00e1pojom, ktor\u00fd obsahuje 85 mg kofe\u00ednu pre zv\u00fd\u0161enie bdelosti, kedyko\u013evek bude treba. N\u00edzkokalorick\u00fd a s obsahom zelen\u00e9ho a \u010dierneho \u010daju chut\u00ed v hor\u00facej aj studenej vari\u00e1cii. K\u013e\u00fa\u010dov\u00e9 V\u00fdhody N\u00edzky obsah kal\u00f3ri\u00ed, pribli\u017ene 6 kcal v jednej porcii. \u2022 Jedine\u010dn\u00e1 zmes pomaran\u010dov\u00e9ho pekoe \u2013 tradi\u010dn\u00e9ho \u010dierneho \u010daju a zelen\u00e9ho \u010daju s [...]\" \/>\n<meta property=\"og:url\" content=\"https:\/\/herbaday.sk\/index.php\/product\/instatny-bylinny-napoj\/\" \/>\n<meta property=\"og:site_name\" content=\"Herbaday\" \/>\n<meta property=\"article:modified_time\" content=\"2025-01-06T19:51:14+00:00\" \/>\n<meta property=\"og:image\" content=\"https:\/\/i0.wp.com\/herbaday.sk\/wp-content\/uploads\/2020\/11\/0106_CZSK_Original100g_Square.png?fit=800%2C800&ssl=1\" \/>\n\t<meta property=\"og:image:width\" content=\"800\" \/>\n\t<meta property=\"og:image:height\" content=\"800\" \/>\n\t<meta property=\"og:image:type\" content=\"image\/png\" \/>\n<meta name=\"twitter:card\" content=\"summary_large_image\" \/>\n<meta name=\"twitter:label1\" content=\"Predpokladan\u00fd \u010das \u010d\u00edtania\" \/>\n\t<meta name=\"twitter:data1\" content=\"1 min\u00fata\" \/>\n<script type=\"application\/ld+json\" class=\"yoast-schema-graph\">{\"@context\":\"https:\/\/schema.org\",\"@graph\":[{\"@type\":\"WebPage\",\"@id\":\"https:\/\/herbaday.sk\/index.php\/product\/instatny-bylinny-napoj\/\",\"url\":\"https:\/\/herbaday.sk\/index.php\/product\/instatny-bylinny-napoj\/\",\"name\":\"Instatn\u00fd bylinn\u00fd n\u00e1poj - Herbaday\",\"isPartOf\":{\"@id\":\"https:\/\/herbaday.sk\/#website\"},\"primaryImageOfPage\":{\"@id\":\"https:\/\/herbaday.sk\/index.php\/product\/instatny-bylinny-napoj\/#primaryimage\"},\"image\":{\"@id\":\"https:\/\/herbaday.sk\/index.php\/product\/instatny-bylinny-napoj\/#primaryimage\"},\"thumbnailUrl\":\"https:\/\/i0.wp.com\/herbaday.sk\/wp-content\/uploads\/2020\/11\/0106_CZSK_Original100g_Square.png?fit=800%2C800&ssl=1\",\"datePublished\":\"2021-02-16T18:39:13+00:00\",\"dateModified\":\"2025-01-06T19:51:14+00:00\",\"breadcrumb\":{\"@id\":\"https:\/\/herbaday.sk\/index.php\/product\/instatny-bylinny-napoj\/#breadcrumb\"},\"inLanguage\":\"sk-SK\",\"potentialAction\":[{\"@type\":\"ReadAction\",\"target\":[\"https:\/\/herbaday.sk\/index.php\/product\/instatny-bylinny-napoj\/\"]}]},{\"@type\":\"ImageObject\",\"inLanguage\":\"sk-SK\",\"@id\":\"https:\/\/herbaday.sk\/index.php\/product\/instatny-bylinny-napoj\/#primaryimage\",\"url\":\"https:\/\/i0.wp.com\/herbaday.sk\/wp-content\/uploads\/2020\/11\/0106_CZSK_Original100g_Square.png?fit=800%2C800&ssl=1\",\"contentUrl\":\"https:\/\/i0.wp.com\/herbaday.sk\/wp-content\/uploads\/2020\/11\/0106_CZSK_Original100g_Square.png?fit=800%2C800&ssl=1\",\"width\":800,\"height\":800},{\"@type\":\"BreadcrumbList\",\"@id\":\"https:\/\/herbaday.sk\/index.php\/product\/instatny-bylinny-napoj\/#breadcrumb\",\"itemListElement\":[{\"@type\":\"ListItem\",\"position\":1,\"name\":\"Domovsk\u00e1 str\u00e1nka\",\"item\":\"https:\/\/herbaday.sk\/\"},{\"@type\":\"ListItem\",\"position\":2,\"name\":\"Shop\",\"item\":\"https:\/\/herbaday.sk\/index.php\/shop\/\"},{\"@type\":\"ListItem\",\"position\":3,\"name\":\"Instatn\u00fd bylinn\u00fd n\u00e1poj\"}]},{\"@type\":\"WebSite\",\"@id\":\"https:\/\/herbaday.sk\/#website\",\"url\":\"https:\/\/herbaday.sk\/\",\"name\":\"Herbaday\",\"description\":\"Nez\u00e1visl\u00fd \u010dlen Herbalife Nutrition\",\"publisher\":{\"@id\":\"https:\/\/herbaday.sk\/#organization\"},\"potentialAction\":[{\"@type\":\"SearchAction\",\"target\":{\"@type\":\"EntryPoint\",\"urlTemplate\":\"https:\/\/herbaday.sk\/?s={search_term_string}\"},\"query-input\":{\"@type\":\"PropertyValueSpecification\",\"valueRequired\":true,\"valueName\":\"search_term_string\"}}],\"inLanguage\":\"sk-SK\"},{\"@type\":\"Organization\",\"@id\":\"https:\/\/herbaday.sk\/#organization\",\"name\":\"Herbaday\",\"url\":\"https:\/\/herbaday.sk\/\",\"logo\":{\"@type\":\"ImageObject\",\"inLanguage\":\"sk-SK\",\"@id\":\"https:\/\/herbaday.sk\/#\/schema\/logo\/image\/\",\"url\":\"http:\/\/herbaday.sk\/wp-content\/uploads\/2020\/11\/herbaday_logo.png\",\"contentUrl\":\"http:\/\/herbaday.sk\/wp-content\/uploads\/2020\/11\/herbaday_logo.png\",\"width\":2214,\"height\":545,\"caption\":\"Herbaday\"},\"image\":{\"@id\":\"https:\/\/herbaday.sk\/#\/schema\/logo\/image\/\"}}]}<\/script>\n<!-- \/ Yoast SEO plugin. -->","yoast_head_json":{"title":"Instatn\u00fd bylinn\u00fd n\u00e1poj - Herbaday","robots":{"index":"index","follow":"follow","max-snippet":"max-snippet:-1","max-image-preview":"max-image-preview:large","max-video-preview":"max-video-preview:-1"},"canonical":"https:\/\/herbaday.sk\/index.php\/product\/instatny-bylinny-napoj\/","og_locale":"sk_SK","og_type":"article","og_title":"Instatn\u00fd bylinn\u00fd n\u00e1poj - Herbaday","og_description":"Rozjasnite svoje r\u00e1no osvie\u017euj\u00facim bylinn\u00fdm n\u00e1pojom, ktor\u00fd obsahuje 85 mg kofe\u00ednu pre zv\u00fd\u0161enie bdelosti, kedyko\u013evek bude treba. N\u00edzkokalorick\u00fd a s obsahom zelen\u00e9ho a \u010dierneho \u010daju chut\u00ed v hor\u00facej aj studenej vari\u00e1cii. K\u013e\u00fa\u010dov\u00e9 V\u00fdhody N\u00edzky obsah kal\u00f3ri\u00ed, pribli\u017ene 6 kcal v jednej porcii. \u2022 Jedine\u010dn\u00e1 zmes pomaran\u010dov\u00e9ho pekoe \u2013 tradi\u010dn\u00e9ho \u010dierneho \u010daju a zelen\u00e9ho \u010daju s [...]","og_url":"https:\/\/herbaday.sk\/index.php\/product\/instatny-bylinny-napoj\/","og_site_name":"Herbaday","article_modified_time":"2025-01-06T19:51:14+00:00","og_image":[{"width":800,"height":800,"url":"https:\/\/i0.wp.com\/herbaday.sk\/wp-content\/uploads\/2020\/11\/0106_CZSK_Original100g_Square.png?fit=800%2C800&ssl=1","type":"image\/png"}],"twitter_card":"summary_large_image","twitter_misc":{"Predpokladan\u00fd \u010das \u010d\u00edtania":"1 min\u00fata"},"schema":{"@context":"https:\/\/schema.org","@graph":[{"@type":"WebPage","@id":"https:\/\/herbaday.sk\/index.php\/product\/instatny-bylinny-napoj\/","url":"https:\/\/herbaday.sk\/index.php\/product\/instatny-bylinny-napoj\/","name":"Instatn\u00fd bylinn\u00fd n\u00e1poj - Herbaday","isPartOf":{"@id":"https:\/\/herbaday.sk\/#website"},"primaryImageOfPage":{"@id":"https:\/\/herbaday.sk\/index.php\/product\/instatny-bylinny-napoj\/#primaryimage"},"image":{"@id":"https:\/\/herbaday.sk\/index.php\/product\/instatny-bylinny-napoj\/#primaryimage"},"thumbnailUrl":"https:\/\/i0.wp.com\/herbaday.sk\/wp-content\/uploads\/2020\/11\/0106_CZSK_Original100g_Square.png?fit=800%2C800&ssl=1","datePublished":"2021-02-16T18:39:13+00:00","dateModified":"2025-01-06T19:51:14+00:00","breadcrumb":{"@id":"https:\/\/herbaday.sk\/index.php\/product\/instatny-bylinny-napoj\/#breadcrumb"},"inLanguage":"sk-SK","potentialAction":[{"@type":"ReadAction","target":["https:\/\/herbaday.sk\/index.php\/product\/instatny-bylinny-napoj\/"]}]},{"@type":"ImageObject","inLanguage":"sk-SK","@id":"https:\/\/herbaday.sk\/index.php\/product\/instatny-bylinny-napoj\/#primaryimage","url":"https:\/\/i0.wp.com\/herbaday.sk\/wp-content\/uploads\/2020\/11\/0106_CZSK_Original100g_Square.png?fit=800%2C800&ssl=1","contentUrl":"https:\/\/i0.wp.com\/herbaday.sk\/wp-content\/uploads\/2020\/11\/0106_CZSK_Original100g_Square.png?fit=800%2C800&ssl=1","width":800,"height":800},{"@type":"BreadcrumbList","@id":"https:\/\/herbaday.sk\/index.php\/product\/instatny-bylinny-napoj\/#breadcrumb","itemListElement":[{"@type":"ListItem","position":1,"name":"Domovsk\u00e1 str\u00e1nka","item":"https:\/\/herbaday.sk\/"},{"@type":"ListItem","position":2,"name":"Shop","item":"https:\/\/herbaday.sk\/index.php\/shop\/"},{"@type":"ListItem","position":3,"name":"Instatn\u00fd bylinn\u00fd n\u00e1poj"}]},{"@type":"WebSite","@id":"https:\/\/herbaday.sk\/#website","url":"https:\/\/herbaday.sk\/","name":"Herbaday","description":"Nez\u00e1visl\u00fd \u010dlen Herbalife Nutrition","publisher":{"@id":"https:\/\/herbaday.sk\/#organization"},"potentialAction":[{"@type":"SearchAction","target":{"@type":"EntryPoint","urlTemplate":"https:\/\/herbaday.sk\/?s={search_term_string}"},"query-input":{"@type":"PropertyValueSpecification","valueRequired":true,"valueName":"search_term_string"}}],"inLanguage":"sk-SK"},{"@type":"Organization","@id":"https:\/\/herbaday.sk\/#organization","name":"Herbaday","url":"https:\/\/herbaday.sk\/","logo":{"@type":"ImageObject","inLanguage":"sk-SK","@id":"https:\/\/herbaday.sk\/#\/schema\/logo\/image\/","url":"http:\/\/herbaday.sk\/wp-content\/uploads\/2020\/11\/herbaday_logo.png","contentUrl":"http:\/\/herbaday.sk\/wp-content\/uploads\/2020\/11\/herbaday_logo.png","width":2214,"height":545,"caption":"Herbaday"},"image":{"@id":"https:\/\/herbaday.sk\/#\/schema\/logo\/image\/"}}]}},"jetpack_sharing_enabled":true,"_links":{"self":[{"href":"https:\/\/herbaday.sk\/index.php\/wp-json\/wp\/v2\/product\/62044","targetHints":{"allow":["GET"]}}],"collection":[{"href":"https:\/\/herbaday.sk\/index.php\/wp-json\/wp\/v2\/product"}],"about":[{"href":"https:\/\/herbaday.sk\/index.php\/wp-json\/wp\/v2\/types\/product"}],"replies":[{"embeddable":true,"href":"https:\/\/herbaday.sk\/index.php\/wp-json\/wp\/v2\/comments?post=62044"}],"wp:featuredmedia":[{"embeddable":true,"href":"https:\/\/herbaday.sk\/index.php\/wp-json\/wp\/v2\/media\/262"}],"wp:attachment":[{"href":"https:\/\/herbaday.sk\/index.php\/wp-json\/wp\/v2\/media?parent=62044"}],"wp:term":[{"taxonomy":"product_brand","embeddable":true,"href":"https:\/\/herbaday.sk\/index.php\/wp-json\/wp\/v2\/product_brand?post=62044"},{"taxonomy":"product_cat","embeddable":true,"href":"https:\/\/herbaday.sk\/index.php\/wp-json\/wp\/v2\/product_cat?post=62044"},{"taxonomy":"product_tag","embeddable":true,"href":"https:\/\/herbaday.sk\/index.php\/wp-json\/wp\/v2\/product_tag?post=62044"}],"curies":[{"name":"wp","href":"https:\/\/api.w.org\/{rel}","templated":true}]}}