{"id":64637,"date":"2021-02-17T16:53:57","date_gmt":"2021-02-17T16:53:57","guid":{"rendered":"https:\/\/herbaday.sk\/?post_type=product&#038;p=64637"},"modified":"2025-01-06T19:50:40","modified_gmt":"2025-01-06T19:50:40","slug":"bylinny-napoj-z-aloe-473ml","status":"publish","type":"product","link":"https:\/\/herbaday.sk\/index.php\/product\/bylinny-napoj-z-aloe-473ml\/","title":{"rendered":"Bylinn\u00fd n\u00e1poj z aloe"},"content":{"rendered":"<h4><strong>Herbal Aloe koncentr\u00e1t je vyroben\u00fd z listov Aloe Vera.\u00a0<\/strong><strong>Osvie\u017euj\u00faci n\u00e1poj zo \u0161\u0165avy Aloe Vera bez pridan\u00e9ho cukru dod\u00e1 oby\u010dajnej vode jedine\u010dn\u00fa pr\u00edchu\u0165 tropick\u00e9ho ovocia.<\/strong><\/h4>\n<h4>CHARAKTERISTIKA<\/h4>\n<ul>\n<li>Obsahuje 40% \u0161\u0165avy z Aloe vera derivovan\u00fa z listov Aloe vera.<\/li>\n<li>Listy Aloe vera sa starostlivo zbieraj\u00fa a ru\u010dne kr\u00e1jaj\u00fa na pl\u00e1tky, aby sa zaistila najvy\u0161\u0161ia \u00farove\u0148 \u010distoty.<\/li>\n<li>G\u00e9l Aloe sa z\u00edskava spracovan\u00edm za studena, \u010do je najlep\u0161\u00ed sp\u00f4sob, ako zachova\u0165 najvy\u0161\u0161iu kvalitu g\u00e9lu.<\/li>\n<li>Neobsahuje \u017eiadny pridan\u00fd cukor a m\u00e1 n\u00edzky obsah kal\u00f3ri\u00ed.<\/li>\n<li>Pridajte Bylinn\u00fd koncentr\u00e1t z Aloe do vody. Z\u00edskate tak jedine\u010dn\u00fd osvie\u017euj\u00faci a upokojuj\u00faci n\u00e1poj, ktor\u00fd v\u00e1m pom\u00f4\u017ee dosiahnu\u0165 zv\u00fd\u0161enie pr\u00edjmu vody a\u017e na odpor\u00fa\u010dan\u00fdch 2 \u2013 2,5 litrov tekut\u00edn denne.<\/li>\n<li>473ml<\/li>\n<\/ul>\n<h4>AKO V\u00c1M M\u00d4\u017dE PROSPIE\u0164?<\/h4>\n<p>\u010ci u\u017e sa sna\u017e\u00edte regulova\u0165 v\u00e1hu alebo vediete n\u00e1ro\u010dn\u00fd, akt\u00edvny \u017eivotn\u00fd \u0161t\u00fdl, m\u00f4\u017ee by\u0165 pre v\u00e1s n\u00e1ro\u010dn\u00e9 doda\u0165 organizmu odpor\u00fa\u010dan\u00e9 denn\u00e9 mno\u017estvo 2 \u2013 2,5 litrov tekut\u00edn. Bylinn\u00fd koncentr\u00e1t Aloe s pr\u00edchu\u0165ou mango pon\u00faka jedine\u010dn\u00fa pr\u00edle\u017eitos\u0165 vychutna\u0165 si zdrav\u00fd, osvie\u017euj\u00faci n\u00e1poj a zv\u00fd\u0161i\u0165 tak ka\u017edodenn\u00fd pr\u00edjem tekut\u00edn. Zdrav\u0161ia alternat\u00edva nealkoholick\u00fdch n\u00e1pojov s vysok\u00fdm obsahom cukru a kal\u00f3ri\u00ed.<\/p>\n<h4>POU\u017dITIE<\/h4>\n<p>Zmie\u0161ajte 3-4 pln\u00e9 uz\u00e1very (15-20ml) s \u00bd \u0161\u00e1lky (120ml) vody.<\/p>\n","protected":false},"excerpt":{"rendered":"<p>Herbal Aloe koncentr\u00e1t je vyroben\u00fd z listov Aloe Vera.\u00a0Osvie\u017euj\u00faci n\u00e1poj zo \u0161\u0165avy Aloe Vera bez pridan\u00e9ho cukru dod\u00e1 oby\u010dajnej vode jedine\u010dn\u00fa pr\u00edchu\u0165 tropick\u00e9ho ovocia. CHARAKTERISTIKA Obsahuje 40% \u0161\u0165avy z Aloe vera derivovan\u00fa z listov Aloe vera. Listy Aloe vera sa starostlivo zbieraj\u00fa a ru\u010dne kr\u00e1jaj\u00fa na pl\u00e1tky, aby sa zaistila najvy\u0161\u0161ia \u00farove\u0148 \u010distoty. G\u00e9l Aloe [&#8230;]\n","protected":false},"featured_media":64680,"comment_status":"open","ping_status":"closed","template":"","meta":[],"product_brand":[],"product_cat":[30],"product_tag":[],"class_list":{"0":"post-64637","1":"product","2":"type-product","3":"status-publish","4":"has-post-thumbnail","6":"product_cat-bylinne-napoje","8":"first","9":"instock","10":"taxable","11":"shipping-taxable","12":"purchasable","13":"product-type-variable","14":"has-default-attributes"},"yoast_head":"<!-- This site is optimized with the Yoast SEO plugin v24.3 - https:\/\/yoast.com\/wordpress\/plugins\/seo\/ -->\n<title>Bylinn\u00fd n\u00e1poj z aloe - Herbaday<\/title>\n<meta name=\"robots\" content=\"index, follow, max-snippet:-1, max-image-preview:large, max-video-preview:-1\" \/>\n<link rel=\"canonical\" href=\"https:\/\/herbaday.sk\/index.php\/product\/bylinny-napoj-z-aloe-473ml\/\" \/>\n<meta property=\"og:locale\" content=\"sk_SK\" \/>\n<meta property=\"og:type\" content=\"article\" \/>\n<meta property=\"og:title\" content=\"Bylinn\u00fd n\u00e1poj z aloe - Herbaday\" \/>\n<meta property=\"og:description\" content=\"Herbal Aloe koncentr\u00e1t je vyroben\u00fd z listov Aloe Vera.\u00a0Osvie\u017euj\u00faci n\u00e1poj zo \u0161\u0165avy Aloe Vera bez pridan\u00e9ho cukru dod\u00e1 oby\u010dajnej vode jedine\u010dn\u00fa pr\u00edchu\u0165 tropick\u00e9ho ovocia. CHARAKTERISTIKA Obsahuje 40% \u0161\u0165avy z Aloe vera derivovan\u00fa z listov Aloe vera. Listy Aloe vera sa starostlivo zbieraj\u00fa a ru\u010dne kr\u00e1jaj\u00fa na pl\u00e1tky, aby sa zaistila najvy\u0161\u0161ia \u00farove\u0148 \u010distoty. G\u00e9l Aloe [...]\" \/>\n<meta property=\"og:url\" content=\"https:\/\/herbaday.sk\/index.php\/product\/bylinny-napoj-z-aloe-473ml\/\" \/>\n<meta property=\"og:site_name\" content=\"Herbaday\" \/>\n<meta property=\"article:modified_time\" content=\"2025-01-06T19:50:40+00:00\" \/>\n<meta property=\"og:image\" content=\"https:\/\/i0.wp.com\/herbaday.sk\/wp-content\/uploads\/2021\/02\/0006-sk-herbal-aloe-concentrate-drink-classic-473ml.jpg?fit=1300%2C1300&ssl=1\" \/>\n\t<meta property=\"og:image:width\" content=\"1300\" \/>\n\t<meta property=\"og:image:height\" content=\"1300\" \/>\n\t<meta property=\"og:image:type\" content=\"image\/jpeg\" \/>\n<meta name=\"twitter:card\" content=\"summary_large_image\" \/>\n<meta name=\"twitter:label1\" content=\"Predpokladan\u00fd \u010das \u010d\u00edtania\" \/>\n\t<meta name=\"twitter:data1\" content=\"1 min\u00fata\" \/>\n<script type=\"application\/ld+json\" class=\"yoast-schema-graph\">{\"@context\":\"https:\/\/schema.org\",\"@graph\":[{\"@type\":\"WebPage\",\"@id\":\"https:\/\/herbaday.sk\/index.php\/product\/bylinny-napoj-z-aloe-473ml\/\",\"url\":\"https:\/\/herbaday.sk\/index.php\/product\/bylinny-napoj-z-aloe-473ml\/\",\"name\":\"Bylinn\u00fd n\u00e1poj z aloe - Herbaday\",\"isPartOf\":{\"@id\":\"https:\/\/herbaday.sk\/#website\"},\"primaryImageOfPage\":{\"@id\":\"https:\/\/herbaday.sk\/index.php\/product\/bylinny-napoj-z-aloe-473ml\/#primaryimage\"},\"image\":{\"@id\":\"https:\/\/herbaday.sk\/index.php\/product\/bylinny-napoj-z-aloe-473ml\/#primaryimage\"},\"thumbnailUrl\":\"https:\/\/i0.wp.com\/herbaday.sk\/wp-content\/uploads\/2021\/02\/0006-sk-herbal-aloe-concentrate-drink-classic-473ml.jpg?fit=1300%2C1300&ssl=1\",\"datePublished\":\"2021-02-17T16:53:57+00:00\",\"dateModified\":\"2025-01-06T19:50:40+00:00\",\"breadcrumb\":{\"@id\":\"https:\/\/herbaday.sk\/index.php\/product\/bylinny-napoj-z-aloe-473ml\/#breadcrumb\"},\"inLanguage\":\"sk-SK\",\"potentialAction\":[{\"@type\":\"ReadAction\",\"target\":[\"https:\/\/herbaday.sk\/index.php\/product\/bylinny-napoj-z-aloe-473ml\/\"]}]},{\"@type\":\"ImageObject\",\"inLanguage\":\"sk-SK\",\"@id\":\"https:\/\/herbaday.sk\/index.php\/product\/bylinny-napoj-z-aloe-473ml\/#primaryimage\",\"url\":\"https:\/\/i0.wp.com\/herbaday.sk\/wp-content\/uploads\/2021\/02\/0006-sk-herbal-aloe-concentrate-drink-classic-473ml.jpg?fit=1300%2C1300&ssl=1\",\"contentUrl\":\"https:\/\/i0.wp.com\/herbaday.sk\/wp-content\/uploads\/2021\/02\/0006-sk-herbal-aloe-concentrate-drink-classic-473ml.jpg?fit=1300%2C1300&ssl=1\",\"width\":1300,\"height\":1300,\"caption\":\"Bylinn\u00fd n\u00e1poj z Aloe - koncentr\u00e1t.\"},{\"@type\":\"BreadcrumbList\",\"@id\":\"https:\/\/herbaday.sk\/index.php\/product\/bylinny-napoj-z-aloe-473ml\/#breadcrumb\",\"itemListElement\":[{\"@type\":\"ListItem\",\"position\":1,\"name\":\"Domovsk\u00e1 str\u00e1nka\",\"item\":\"https:\/\/herbaday.sk\/\"},{\"@type\":\"ListItem\",\"position\":2,\"name\":\"Shop\",\"item\":\"https:\/\/herbaday.sk\/index.php\/shop\/\"},{\"@type\":\"ListItem\",\"position\":3,\"name\":\"Bylinn\u00fd n\u00e1poj z aloe\"}]},{\"@type\":\"WebSite\",\"@id\":\"https:\/\/herbaday.sk\/#website\",\"url\":\"https:\/\/herbaday.sk\/\",\"name\":\"Herbaday\",\"description\":\"Nez\u00e1visl\u00fd \u010dlen Herbalife Nutrition\",\"publisher\":{\"@id\":\"https:\/\/herbaday.sk\/#organization\"},\"potentialAction\":[{\"@type\":\"SearchAction\",\"target\":{\"@type\":\"EntryPoint\",\"urlTemplate\":\"https:\/\/herbaday.sk\/?s={search_term_string}\"},\"query-input\":{\"@type\":\"PropertyValueSpecification\",\"valueRequired\":true,\"valueName\":\"search_term_string\"}}],\"inLanguage\":\"sk-SK\"},{\"@type\":\"Organization\",\"@id\":\"https:\/\/herbaday.sk\/#organization\",\"name\":\"Herbaday\",\"url\":\"https:\/\/herbaday.sk\/\",\"logo\":{\"@type\":\"ImageObject\",\"inLanguage\":\"sk-SK\",\"@id\":\"https:\/\/herbaday.sk\/#\/schema\/logo\/image\/\",\"url\":\"http:\/\/herbaday.sk\/wp-content\/uploads\/2020\/11\/herbaday_logo.png\",\"contentUrl\":\"http:\/\/herbaday.sk\/wp-content\/uploads\/2020\/11\/herbaday_logo.png\",\"width\":2214,\"height\":545,\"caption\":\"Herbaday\"},\"image\":{\"@id\":\"https:\/\/herbaday.sk\/#\/schema\/logo\/image\/\"}}]}<\/script>\n<!-- \/ Yoast SEO plugin. -->","yoast_head_json":{"title":"Bylinn\u00fd n\u00e1poj z aloe - Herbaday","robots":{"index":"index","follow":"follow","max-snippet":"max-snippet:-1","max-image-preview":"max-image-preview:large","max-video-preview":"max-video-preview:-1"},"canonical":"https:\/\/herbaday.sk\/index.php\/product\/bylinny-napoj-z-aloe-473ml\/","og_locale":"sk_SK","og_type":"article","og_title":"Bylinn\u00fd n\u00e1poj z aloe - Herbaday","og_description":"Herbal Aloe koncentr\u00e1t je vyroben\u00fd z listov Aloe Vera.\u00a0Osvie\u017euj\u00faci n\u00e1poj zo \u0161\u0165avy Aloe Vera bez pridan\u00e9ho cukru dod\u00e1 oby\u010dajnej vode jedine\u010dn\u00fa pr\u00edchu\u0165 tropick\u00e9ho ovocia. CHARAKTERISTIKA Obsahuje 40% \u0161\u0165avy z Aloe vera derivovan\u00fa z listov Aloe vera. Listy Aloe vera sa starostlivo zbieraj\u00fa a ru\u010dne kr\u00e1jaj\u00fa na pl\u00e1tky, aby sa zaistila najvy\u0161\u0161ia \u00farove\u0148 \u010distoty. G\u00e9l Aloe [...]","og_url":"https:\/\/herbaday.sk\/index.php\/product\/bylinny-napoj-z-aloe-473ml\/","og_site_name":"Herbaday","article_modified_time":"2025-01-06T19:50:40+00:00","og_image":[{"width":1300,"height":1300,"url":"https:\/\/i0.wp.com\/herbaday.sk\/wp-content\/uploads\/2021\/02\/0006-sk-herbal-aloe-concentrate-drink-classic-473ml.jpg?fit=1300%2C1300&ssl=1","type":"image\/jpeg"}],"twitter_card":"summary_large_image","twitter_misc":{"Predpokladan\u00fd \u010das \u010d\u00edtania":"1 min\u00fata"},"schema":{"@context":"https:\/\/schema.org","@graph":[{"@type":"WebPage","@id":"https:\/\/herbaday.sk\/index.php\/product\/bylinny-napoj-z-aloe-473ml\/","url":"https:\/\/herbaday.sk\/index.php\/product\/bylinny-napoj-z-aloe-473ml\/","name":"Bylinn\u00fd n\u00e1poj z aloe - Herbaday","isPartOf":{"@id":"https:\/\/herbaday.sk\/#website"},"primaryImageOfPage":{"@id":"https:\/\/herbaday.sk\/index.php\/product\/bylinny-napoj-z-aloe-473ml\/#primaryimage"},"image":{"@id":"https:\/\/herbaday.sk\/index.php\/product\/bylinny-napoj-z-aloe-473ml\/#primaryimage"},"thumbnailUrl":"https:\/\/i0.wp.com\/herbaday.sk\/wp-content\/uploads\/2021\/02\/0006-sk-herbal-aloe-concentrate-drink-classic-473ml.jpg?fit=1300%2C1300&ssl=1","datePublished":"2021-02-17T16:53:57+00:00","dateModified":"2025-01-06T19:50:40+00:00","breadcrumb":{"@id":"https:\/\/herbaday.sk\/index.php\/product\/bylinny-napoj-z-aloe-473ml\/#breadcrumb"},"inLanguage":"sk-SK","potentialAction":[{"@type":"ReadAction","target":["https:\/\/herbaday.sk\/index.php\/product\/bylinny-napoj-z-aloe-473ml\/"]}]},{"@type":"ImageObject","inLanguage":"sk-SK","@id":"https:\/\/herbaday.sk\/index.php\/product\/bylinny-napoj-z-aloe-473ml\/#primaryimage","url":"https:\/\/i0.wp.com\/herbaday.sk\/wp-content\/uploads\/2021\/02\/0006-sk-herbal-aloe-concentrate-drink-classic-473ml.jpg?fit=1300%2C1300&ssl=1","contentUrl":"https:\/\/i0.wp.com\/herbaday.sk\/wp-content\/uploads\/2021\/02\/0006-sk-herbal-aloe-concentrate-drink-classic-473ml.jpg?fit=1300%2C1300&ssl=1","width":1300,"height":1300,"caption":"Bylinn\u00fd n\u00e1poj z Aloe - koncentr\u00e1t."},{"@type":"BreadcrumbList","@id":"https:\/\/herbaday.sk\/index.php\/product\/bylinny-napoj-z-aloe-473ml\/#breadcrumb","itemListElement":[{"@type":"ListItem","position":1,"name":"Domovsk\u00e1 str\u00e1nka","item":"https:\/\/herbaday.sk\/"},{"@type":"ListItem","position":2,"name":"Shop","item":"https:\/\/herbaday.sk\/index.php\/shop\/"},{"@type":"ListItem","position":3,"name":"Bylinn\u00fd n\u00e1poj z aloe"}]},{"@type":"WebSite","@id":"https:\/\/herbaday.sk\/#website","url":"https:\/\/herbaday.sk\/","name":"Herbaday","description":"Nez\u00e1visl\u00fd \u010dlen Herbalife Nutrition","publisher":{"@id":"https:\/\/herbaday.sk\/#organization"},"potentialAction":[{"@type":"SearchAction","target":{"@type":"EntryPoint","urlTemplate":"https:\/\/herbaday.sk\/?s={search_term_string}"},"query-input":{"@type":"PropertyValueSpecification","valueRequired":true,"valueName":"search_term_string"}}],"inLanguage":"sk-SK"},{"@type":"Organization","@id":"https:\/\/herbaday.sk\/#organization","name":"Herbaday","url":"https:\/\/herbaday.sk\/","logo":{"@type":"ImageObject","inLanguage":"sk-SK","@id":"https:\/\/herbaday.sk\/#\/schema\/logo\/image\/","url":"http:\/\/herbaday.sk\/wp-content\/uploads\/2020\/11\/herbaday_logo.png","contentUrl":"http:\/\/herbaday.sk\/wp-content\/uploads\/2020\/11\/herbaday_logo.png","width":2214,"height":545,"caption":"Herbaday"},"image":{"@id":"https:\/\/herbaday.sk\/#\/schema\/logo\/image\/"}}]}},"jetpack_sharing_enabled":true,"_links":{"self":[{"href":"https:\/\/herbaday.sk\/index.php\/wp-json\/wp\/v2\/product\/64637","targetHints":{"allow":["GET"]}}],"collection":[{"href":"https:\/\/herbaday.sk\/index.php\/wp-json\/wp\/v2\/product"}],"about":[{"href":"https:\/\/herbaday.sk\/index.php\/wp-json\/wp\/v2\/types\/product"}],"replies":[{"embeddable":true,"href":"https:\/\/herbaday.sk\/index.php\/wp-json\/wp\/v2\/comments?post=64637"}],"wp:featuredmedia":[{"embeddable":true,"href":"https:\/\/herbaday.sk\/index.php\/wp-json\/wp\/v2\/media\/64680"}],"wp:attachment":[{"href":"https:\/\/herbaday.sk\/index.php\/wp-json\/wp\/v2\/media?parent=64637"}],"wp:term":[{"taxonomy":"product_brand","embeddable":true,"href":"https:\/\/herbaday.sk\/index.php\/wp-json\/wp\/v2\/product_brand?post=64637"},{"taxonomy":"product_cat","embeddable":true,"href":"https:\/\/herbaday.sk\/index.php\/wp-json\/wp\/v2\/product_cat?post=64637"},{"taxonomy":"product_tag","embeddable":true,"href":"https:\/\/herbaday.sk\/index.php\/wp-json\/wp\/v2\/product_tag?post=64637"}],"curies":[{"name":"wp","href":"https:\/\/api.w.org\/{rel}","templated":true}]}}