{"id":83,"date":"2020-11-13T07:55:05","date_gmt":"2020-11-13T07:55:05","guid":{"rendered":"https:\/\/herbaday.eu\/?post_type=product&#038;p=83"},"modified":"2024-06-06T12:34:37","modified_gmt":"2024-06-06T12:34:37","slug":"gurmanska-paradajkova-polievka-original-balenie-paradajkovej-polievky-s-21-davkami-672-g","status":"publish","type":"product","link":"https:\/\/herbaday.sk\/index.php\/product\/gurmanska-paradajkova-polievka-original-balenie-paradajkovej-polievky-s-21-davkami-672-g\/","title":{"rendered":"Gurm\u00e1nska paradajkov\u00e1 polievka Original Balenie paradajkovej polievky s 21 d\u00e1vkami 672 g"},"content":{"rendered":"<h3 id=\"info-toggle\" class=\"\">N\u00e1h\u013ead na Produkt<\/h3>\n<div class=\"info-content\">\n<article>\n<div id=\"ctl00_ctl00_ContentArea_ProductsContent_ctl00_uxOverview\">Gurm\u00e1nska paradajkov\u00e1 polievka je pikantn\u00e1 a v\u00fd\u017eivn\u00e1 instantn\u00e1 desiata so stredomorsk\u00fdmi bylinami s lahodnou chu\u0165ou.<\/div>\n<h5 data-bind=\"visible: KeyBenefits\">K\u013e\u00fa\u010dov\u00e9 V\u00fdhody<\/h5>\n<div class=\"disc\" data-bind=\"visible: KeyBenefits, html: KeyBenefits\">\n<div>Pripraven\u00e1 v priebehu nieko\u013ek\u00fdch sek\u00fand, t\u00e1to v\u00fd\u017eivn\u00e1 instantn\u00e1 desiata je lahodne dochuten\u00e1 stredomorsk\u00fdmi bylinkami a poskytuje 8kr\u00e1t viac prote\u00ednu ne\u017e oby\u010dajn\u00e1 paradajkov\u00e1 polievka*.<\/div>\n<div><\/div>\n<div>\u2022 104 kcal na porciu, ide\u00e1lna pre kontrolu pr\u00edjmu kal\u00f3ri\u00ed<\/div>\n<div>\u2022 Vysok\u00fd obsah prote\u00ednu 7g, pre podporu tvorby beztukovej svalovej hmoty<\/div>\n<div>\u2022 Vysok\u00fd obsah vl\u00e1kniny 3,2g, pom\u00e1ha dosiahnu\u0165 doporu\u010den\u00fd denn\u00fd pr\u00edjem vl\u00e1kniny<\/div>\n<div>\u2022 Sta\u010d\u00ed namie\u0161a\u0165 s vodou a vychutna\u0165 si ako tepl\u00fa alebo studen\u00fa desiatu<\/div>\n<\/div>\n<h5 data-bind=\"visible: Usage\">Pou\u017e\u00edvanie<\/h5>\n<div class=\"disc\" data-bind=\"visible: Usage, html: Usage\">Gurm\u00e1nsku paradajkov\u00fa polievku si m\u00f4\u017eete vychutna\u0165 kedyko\u013evek cez de\u0148. Zmie\u0161ajte 2 a pol. polievkovej ly\u017eice (32g) s 200 ml hor\u00facej vody. Pri pou\u017e\u00edvan\u00ed ly\u017eice Herbalife, pou\u017eite dve ve\u013ek\u00e9 a 2 mal\u00e9 odmerky. Vychutnajte si tento v\u00fdrobok v r\u00e1mci vyv\u00e1\u017eenej a pestrej stravy ako s\u00fa\u010das\u0165 zdrav\u00e9ho a akt\u00edvneho \u017eivotn\u00e9ho \u0161t\u00fdlu. Skladujte uzavret\u00e9 v chladnom a suchom mieste. 30 d\u0148ov\u00e1 z\u00e1ruka vr\u00e1tenia pe\u0148az\u00ed. Tento produkt bol vyroben\u00fd v\u00fdhradne pre Herbalife a je mo\u017en\u00e9 si ho zak\u00fapi\u0165 len prostredn\u00edctvom Nez\u00e1visl\u00fdch Distrib\u00fatorov Herblaife.<\/div>\n<\/article>\n<\/div>\n","protected":false},"excerpt":{"rendered":"<p>N\u00e1h\u013ead na Produkt Gurm\u00e1nska paradajkov\u00e1 polievka je pikantn\u00e1 a v\u00fd\u017eivn\u00e1 instantn\u00e1 desiata so stredomorsk\u00fdmi bylinami s lahodnou chu\u0165ou. K\u013e\u00fa\u010dov\u00e9 V\u00fdhody Pripraven\u00e1 v priebehu nieko\u013ek\u00fdch sek\u00fand, t\u00e1to v\u00fd\u017eivn\u00e1 instantn\u00e1 desiata je lahodne dochuten\u00e1 stredomorsk\u00fdmi bylinkami a poskytuje 8kr\u00e1t viac prote\u00ednu ne\u017e oby\u010dajn\u00e1 paradajkov\u00e1 polievka*. \u2022 104 kcal na porciu, ide\u00e1lna pre kontrolu pr\u00edjmu kal\u00f3ri\u00ed \u2022 Vysok\u00fd [&#8230;]\n","protected":false},"featured_media":109,"comment_status":"open","ping_status":"closed","template":"","meta":[],"product_brand":[],"product_cat":[20],"product_tag":[],"class_list":{"0":"post-83","1":"product","2":"type-product","3":"status-publish","4":"has-post-thumbnail","6":"product_cat-proteinove-desiaty","8":"first","9":"outofstock","10":"taxable","11":"shipping-taxable","12":"purchasable","13":"product-type-simple"},"yoast_head":"<!-- This site is optimized with the Yoast SEO plugin v24.3 - https:\/\/yoast.com\/wordpress\/plugins\/seo\/ -->\n<title>Gurm\u00e1nska paradajkov\u00e1 polievka Original Balenie paradajkovej polievky s 21 d\u00e1vkami 672 g - Herbaday<\/title>\n<meta name=\"robots\" content=\"index, follow, max-snippet:-1, max-image-preview:large, max-video-preview:-1\" \/>\n<link rel=\"canonical\" href=\"https:\/\/herbaday.sk\/index.php\/product\/gurmanska-paradajkova-polievka-original-balenie-paradajkovej-polievky-s-21-davkami-672-g\/\" \/>\n<meta property=\"og:locale\" content=\"sk_SK\" \/>\n<meta property=\"og:type\" content=\"article\" \/>\n<meta property=\"og:title\" content=\"Gurm\u00e1nska paradajkov\u00e1 polievka Original Balenie paradajkovej polievky s 21 d\u00e1vkami 672 g - Herbaday\" \/>\n<meta property=\"og:description\" content=\"N\u00e1h\u013ead na Produkt Gurm\u00e1nska paradajkov\u00e1 polievka je pikantn\u00e1 a v\u00fd\u017eivn\u00e1 instantn\u00e1 desiata so stredomorsk\u00fdmi bylinami s lahodnou chu\u0165ou. K\u013e\u00fa\u010dov\u00e9 V\u00fdhody Pripraven\u00e1 v priebehu nieko\u013ek\u00fdch sek\u00fand, t\u00e1to v\u00fd\u017eivn\u00e1 instantn\u00e1 desiata je lahodne dochuten\u00e1 stredomorsk\u00fdmi bylinkami a poskytuje 8kr\u00e1t viac prote\u00ednu ne\u017e oby\u010dajn\u00e1 paradajkov\u00e1 polievka*. \u2022 104 kcal na porciu, ide\u00e1lna pre kontrolu pr\u00edjmu kal\u00f3ri\u00ed \u2022 Vysok\u00fd [...]\" \/>\n<meta property=\"og:url\" content=\"https:\/\/herbaday.sk\/index.php\/product\/gurmanska-paradajkova-polievka-original-balenie-paradajkovej-polievky-s-21-davkami-672-g\/\" \/>\n<meta property=\"og:site_name\" content=\"Herbaday\" \/>\n<meta property=\"article:modified_time\" content=\"2024-06-06T12:34:37+00:00\" \/>\n<meta property=\"og:image\" content=\"https:\/\/i0.wp.com\/herbaday.sk\/wp-content\/uploads\/2020\/11\/0155_BG_CZ_SK_TomatoSoup_Square.png?fit=200%2C200&ssl=1\" \/>\n\t<meta property=\"og:image:width\" content=\"200\" \/>\n\t<meta property=\"og:image:height\" content=\"200\" \/>\n\t<meta property=\"og:image:type\" content=\"image\/png\" \/>\n<meta name=\"twitter:card\" content=\"summary_large_image\" \/>\n<meta name=\"twitter:label1\" content=\"Predpokladan\u00fd \u010das \u010d\u00edtania\" \/>\n\t<meta name=\"twitter:data1\" content=\"1 min\u00fata\" \/>\n<script type=\"application\/ld+json\" class=\"yoast-schema-graph\">{\"@context\":\"https:\/\/schema.org\",\"@graph\":[{\"@type\":\"WebPage\",\"@id\":\"https:\/\/herbaday.sk\/index.php\/product\/gurmanska-paradajkova-polievka-original-balenie-paradajkovej-polievky-s-21-davkami-672-g\/\",\"url\":\"https:\/\/herbaday.sk\/index.php\/product\/gurmanska-paradajkova-polievka-original-balenie-paradajkovej-polievky-s-21-davkami-672-g\/\",\"name\":\"Gurm\u00e1nska paradajkov\u00e1 polievka Original Balenie paradajkovej polievky s 21 d\u00e1vkami 672 g - Herbaday\",\"isPartOf\":{\"@id\":\"https:\/\/herbaday.sk\/#website\"},\"primaryImageOfPage\":{\"@id\":\"https:\/\/herbaday.sk\/index.php\/product\/gurmanska-paradajkova-polievka-original-balenie-paradajkovej-polievky-s-21-davkami-672-g\/#primaryimage\"},\"image\":{\"@id\":\"https:\/\/herbaday.sk\/index.php\/product\/gurmanska-paradajkova-polievka-original-balenie-paradajkovej-polievky-s-21-davkami-672-g\/#primaryimage\"},\"thumbnailUrl\":\"https:\/\/i0.wp.com\/herbaday.sk\/wp-content\/uploads\/2020\/11\/0155_BG_CZ_SK_TomatoSoup_Square.png?fit=200%2C200&ssl=1\",\"datePublished\":\"2020-11-13T07:55:05+00:00\",\"dateModified\":\"2024-06-06T12:34:37+00:00\",\"breadcrumb\":{\"@id\":\"https:\/\/herbaday.sk\/index.php\/product\/gurmanska-paradajkova-polievka-original-balenie-paradajkovej-polievky-s-21-davkami-672-g\/#breadcrumb\"},\"inLanguage\":\"sk-SK\",\"potentialAction\":[{\"@type\":\"ReadAction\",\"target\":[\"https:\/\/herbaday.sk\/index.php\/product\/gurmanska-paradajkova-polievka-original-balenie-paradajkovej-polievky-s-21-davkami-672-g\/\"]}]},{\"@type\":\"ImageObject\",\"inLanguage\":\"sk-SK\",\"@id\":\"https:\/\/herbaday.sk\/index.php\/product\/gurmanska-paradajkova-polievka-original-balenie-paradajkovej-polievky-s-21-davkami-672-g\/#primaryimage\",\"url\":\"https:\/\/i0.wp.com\/herbaday.sk\/wp-content\/uploads\/2020\/11\/0155_BG_CZ_SK_TomatoSoup_Square.png?fit=200%2C200&ssl=1\",\"contentUrl\":\"https:\/\/i0.wp.com\/herbaday.sk\/wp-content\/uploads\/2020\/11\/0155_BG_CZ_SK_TomatoSoup_Square.png?fit=200%2C200&ssl=1\",\"width\":200,\"height\":200},{\"@type\":\"BreadcrumbList\",\"@id\":\"https:\/\/herbaday.sk\/index.php\/product\/gurmanska-paradajkova-polievka-original-balenie-paradajkovej-polievky-s-21-davkami-672-g\/#breadcrumb\",\"itemListElement\":[{\"@type\":\"ListItem\",\"position\":1,\"name\":\"Domovsk\u00e1 str\u00e1nka\",\"item\":\"https:\/\/herbaday.sk\/\"},{\"@type\":\"ListItem\",\"position\":2,\"name\":\"Shop\",\"item\":\"https:\/\/herbaday.sk\/index.php\/shop\/\"},{\"@type\":\"ListItem\",\"position\":3,\"name\":\"Gurm\u00e1nska paradajkov\u00e1 polievka Original Balenie paradajkovej polievky s 21 d\u00e1vkami 672 g\"}]},{\"@type\":\"WebSite\",\"@id\":\"https:\/\/herbaday.sk\/#website\",\"url\":\"https:\/\/herbaday.sk\/\",\"name\":\"Herbaday\",\"description\":\"Nez\u00e1visl\u00fd \u010dlen Herbalife Nutrition\",\"publisher\":{\"@id\":\"https:\/\/herbaday.sk\/#organization\"},\"potentialAction\":[{\"@type\":\"SearchAction\",\"target\":{\"@type\":\"EntryPoint\",\"urlTemplate\":\"https:\/\/herbaday.sk\/?s={search_term_string}\"},\"query-input\":{\"@type\":\"PropertyValueSpecification\",\"valueRequired\":true,\"valueName\":\"search_term_string\"}}],\"inLanguage\":\"sk-SK\"},{\"@type\":\"Organization\",\"@id\":\"https:\/\/herbaday.sk\/#organization\",\"name\":\"Herbaday\",\"url\":\"https:\/\/herbaday.sk\/\",\"logo\":{\"@type\":\"ImageObject\",\"inLanguage\":\"sk-SK\",\"@id\":\"https:\/\/herbaday.sk\/#\/schema\/logo\/image\/\",\"url\":\"http:\/\/herbaday.sk\/wp-content\/uploads\/2020\/11\/herbaday_logo.png\",\"contentUrl\":\"http:\/\/herbaday.sk\/wp-content\/uploads\/2020\/11\/herbaday_logo.png\",\"width\":2214,\"height\":545,\"caption\":\"Herbaday\"},\"image\":{\"@id\":\"https:\/\/herbaday.sk\/#\/schema\/logo\/image\/\"}}]}<\/script>\n<!-- \/ Yoast SEO plugin. -->","yoast_head_json":{"title":"Gurm\u00e1nska paradajkov\u00e1 polievka Original Balenie paradajkovej polievky s 21 d\u00e1vkami 672 g - Herbaday","robots":{"index":"index","follow":"follow","max-snippet":"max-snippet:-1","max-image-preview":"max-image-preview:large","max-video-preview":"max-video-preview:-1"},"canonical":"https:\/\/herbaday.sk\/index.php\/product\/gurmanska-paradajkova-polievka-original-balenie-paradajkovej-polievky-s-21-davkami-672-g\/","og_locale":"sk_SK","og_type":"article","og_title":"Gurm\u00e1nska paradajkov\u00e1 polievka Original Balenie paradajkovej polievky s 21 d\u00e1vkami 672 g - Herbaday","og_description":"N\u00e1h\u013ead na Produkt Gurm\u00e1nska paradajkov\u00e1 polievka je pikantn\u00e1 a v\u00fd\u017eivn\u00e1 instantn\u00e1 desiata so stredomorsk\u00fdmi bylinami s lahodnou chu\u0165ou. K\u013e\u00fa\u010dov\u00e9 V\u00fdhody Pripraven\u00e1 v priebehu nieko\u013ek\u00fdch sek\u00fand, t\u00e1to v\u00fd\u017eivn\u00e1 instantn\u00e1 desiata je lahodne dochuten\u00e1 stredomorsk\u00fdmi bylinkami a poskytuje 8kr\u00e1t viac prote\u00ednu ne\u017e oby\u010dajn\u00e1 paradajkov\u00e1 polievka*. \u2022 104 kcal na porciu, ide\u00e1lna pre kontrolu pr\u00edjmu kal\u00f3ri\u00ed \u2022 Vysok\u00fd [...]","og_url":"https:\/\/herbaday.sk\/index.php\/product\/gurmanska-paradajkova-polievka-original-balenie-paradajkovej-polievky-s-21-davkami-672-g\/","og_site_name":"Herbaday","article_modified_time":"2024-06-06T12:34:37+00:00","og_image":[{"width":200,"height":200,"url":"https:\/\/i0.wp.com\/herbaday.sk\/wp-content\/uploads\/2020\/11\/0155_BG_CZ_SK_TomatoSoup_Square.png?fit=200%2C200&ssl=1","type":"image\/png"}],"twitter_card":"summary_large_image","twitter_misc":{"Predpokladan\u00fd \u010das \u010d\u00edtania":"1 min\u00fata"},"schema":{"@context":"https:\/\/schema.org","@graph":[{"@type":"WebPage","@id":"https:\/\/herbaday.sk\/index.php\/product\/gurmanska-paradajkova-polievka-original-balenie-paradajkovej-polievky-s-21-davkami-672-g\/","url":"https:\/\/herbaday.sk\/index.php\/product\/gurmanska-paradajkova-polievka-original-balenie-paradajkovej-polievky-s-21-davkami-672-g\/","name":"Gurm\u00e1nska paradajkov\u00e1 polievka Original Balenie paradajkovej polievky s 21 d\u00e1vkami 672 g - Herbaday","isPartOf":{"@id":"https:\/\/herbaday.sk\/#website"},"primaryImageOfPage":{"@id":"https:\/\/herbaday.sk\/index.php\/product\/gurmanska-paradajkova-polievka-original-balenie-paradajkovej-polievky-s-21-davkami-672-g\/#primaryimage"},"image":{"@id":"https:\/\/herbaday.sk\/index.php\/product\/gurmanska-paradajkova-polievka-original-balenie-paradajkovej-polievky-s-21-davkami-672-g\/#primaryimage"},"thumbnailUrl":"https:\/\/i0.wp.com\/herbaday.sk\/wp-content\/uploads\/2020\/11\/0155_BG_CZ_SK_TomatoSoup_Square.png?fit=200%2C200&ssl=1","datePublished":"2020-11-13T07:55:05+00:00","dateModified":"2024-06-06T12:34:37+00:00","breadcrumb":{"@id":"https:\/\/herbaday.sk\/index.php\/product\/gurmanska-paradajkova-polievka-original-balenie-paradajkovej-polievky-s-21-davkami-672-g\/#breadcrumb"},"inLanguage":"sk-SK","potentialAction":[{"@type":"ReadAction","target":["https:\/\/herbaday.sk\/index.php\/product\/gurmanska-paradajkova-polievka-original-balenie-paradajkovej-polievky-s-21-davkami-672-g\/"]}]},{"@type":"ImageObject","inLanguage":"sk-SK","@id":"https:\/\/herbaday.sk\/index.php\/product\/gurmanska-paradajkova-polievka-original-balenie-paradajkovej-polievky-s-21-davkami-672-g\/#primaryimage","url":"https:\/\/i0.wp.com\/herbaday.sk\/wp-content\/uploads\/2020\/11\/0155_BG_CZ_SK_TomatoSoup_Square.png?fit=200%2C200&ssl=1","contentUrl":"https:\/\/i0.wp.com\/herbaday.sk\/wp-content\/uploads\/2020\/11\/0155_BG_CZ_SK_TomatoSoup_Square.png?fit=200%2C200&ssl=1","width":200,"height":200},{"@type":"BreadcrumbList","@id":"https:\/\/herbaday.sk\/index.php\/product\/gurmanska-paradajkova-polievka-original-balenie-paradajkovej-polievky-s-21-davkami-672-g\/#breadcrumb","itemListElement":[{"@type":"ListItem","position":1,"name":"Domovsk\u00e1 str\u00e1nka","item":"https:\/\/herbaday.sk\/"},{"@type":"ListItem","position":2,"name":"Shop","item":"https:\/\/herbaday.sk\/index.php\/shop\/"},{"@type":"ListItem","position":3,"name":"Gurm\u00e1nska paradajkov\u00e1 polievka Original Balenie paradajkovej polievky s 21 d\u00e1vkami 672 g"}]},{"@type":"WebSite","@id":"https:\/\/herbaday.sk\/#website","url":"https:\/\/herbaday.sk\/","name":"Herbaday","description":"Nez\u00e1visl\u00fd \u010dlen Herbalife Nutrition","publisher":{"@id":"https:\/\/herbaday.sk\/#organization"},"potentialAction":[{"@type":"SearchAction","target":{"@type":"EntryPoint","urlTemplate":"https:\/\/herbaday.sk\/?s={search_term_string}"},"query-input":{"@type":"PropertyValueSpecification","valueRequired":true,"valueName":"search_term_string"}}],"inLanguage":"sk-SK"},{"@type":"Organization","@id":"https:\/\/herbaday.sk\/#organization","name":"Herbaday","url":"https:\/\/herbaday.sk\/","logo":{"@type":"ImageObject","inLanguage":"sk-SK","@id":"https:\/\/herbaday.sk\/#\/schema\/logo\/image\/","url":"http:\/\/herbaday.sk\/wp-content\/uploads\/2020\/11\/herbaday_logo.png","contentUrl":"http:\/\/herbaday.sk\/wp-content\/uploads\/2020\/11\/herbaday_logo.png","width":2214,"height":545,"caption":"Herbaday"},"image":{"@id":"https:\/\/herbaday.sk\/#\/schema\/logo\/image\/"}}]}},"jetpack_sharing_enabled":true,"_links":{"self":[{"href":"https:\/\/herbaday.sk\/index.php\/wp-json\/wp\/v2\/product\/83","targetHints":{"allow":["GET"]}}],"collection":[{"href":"https:\/\/herbaday.sk\/index.php\/wp-json\/wp\/v2\/product"}],"about":[{"href":"https:\/\/herbaday.sk\/index.php\/wp-json\/wp\/v2\/types\/product"}],"replies":[{"embeddable":true,"href":"https:\/\/herbaday.sk\/index.php\/wp-json\/wp\/v2\/comments?post=83"}],"wp:featuredmedia":[{"embeddable":true,"href":"https:\/\/herbaday.sk\/index.php\/wp-json\/wp\/v2\/media\/109"}],"wp:attachment":[{"href":"https:\/\/herbaday.sk\/index.php\/wp-json\/wp\/v2\/media?parent=83"}],"wp:term":[{"taxonomy":"product_brand","embeddable":true,"href":"https:\/\/herbaday.sk\/index.php\/wp-json\/wp\/v2\/product_brand?post=83"},{"taxonomy":"product_cat","embeddable":true,"href":"https:\/\/herbaday.sk\/index.php\/wp-json\/wp\/v2\/product_cat?post=83"},{"taxonomy":"product_tag","embeddable":true,"href":"https:\/\/herbaday.sk\/index.php\/wp-json\/wp\/v2\/product_tag?post=83"}],"curies":[{"name":"wp","href":"https:\/\/api.w.org\/{rel}","templated":true}]}}