{"id":84,"date":"2020-11-13T07:56:46","date_gmt":"2020-11-13T07:56:46","guid":{"rendered":"https:\/\/herbaday.eu\/?post_type=product&#038;p=84"},"modified":"2024-06-06T12:36:03","modified_gmt":"2024-06-06T12:36:03","slug":"prazene-sojove-boby-original","status":"publish","type":"product","link":"https:\/\/herbaday.sk\/index.php\/product\/prazene-sojove-boby-original\/","title":{"rendered":"Pra\u017een\u00e9 s\u00f3jov\u00e9 b\u00f4by Original"},"content":{"rendered":"<h3 id=\"info-toggle\">N\u00e1h\u013ead na Produkt<\/h3>\n<div class=\"info-content\">\n<article>\n<p class=\"overview\" data-bind=\"html: Overview, visible: Overview\">Kaloricky regulovan\u00e1 alternat\u00edva in\u00fdch pikantn\u00fdch desi\u00e1t, tieto lahodn\u00e9 &#8222;Pra\u017een\u00e9 s\u00f3jov\u00e9 b\u00f4by&#8220; s\u00fa ide\u00e1lnou zdravou desiatou, ke\u010f ste na ceste. Solen\u00e9.<\/p>\n<h5 data-bind=\"visible: KeyBenefits\">K\u013e\u00fa\u010dov\u00e9 V\u00fdhody<\/h5>\n<div class=\"disc\" data-bind=\"visible: KeyBenefits, html: KeyBenefits\">9g prote\u00ednu pre podporu tvorby beztukovej svalovej hmoty \u2022 113 kcal pre udr\u017eanie n\u00edzkeho pr\u00edjmu kal\u00f3ri\u00ed \u2022 Praktick\u00e9 jednotliv\u00e9 s\u00e1\u010dky, ide\u00e1lne pre konzum\u00e1ciu na cest\u00e1ch \u2022 Lahodn\u00e9, \u013eahko solen\u00e9.<\/div>\n<\/article>\n<\/div>\n","protected":false},"excerpt":{"rendered":"<p>N\u00e1h\u013ead na Produkt Kaloricky regulovan\u00e1 alternat\u00edva in\u00fdch pikantn\u00fdch desi\u00e1t, tieto lahodn\u00e9 &#8222;Pra\u017een\u00e9 s\u00f3jov\u00e9 b\u00f4by&#8220; s\u00fa ide\u00e1lnou zdravou desiatou, ke\u010f ste na ceste. Solen\u00e9. K\u013e\u00fa\u010dov\u00e9 V\u00fdhody 9g prote\u00ednu pre podporu tvorby beztukovej svalovej hmoty \u2022 113 kcal pre udr\u017eanie n\u00edzkeho pr\u00edjmu kal\u00f3ri\u00ed \u2022 Praktick\u00e9 jednotliv\u00e9 s\u00e1\u010dky, ide\u00e1lne pre konzum\u00e1ciu na cest\u00e1ch \u2022 Lahodn\u00e9, \u013eahko solen\u00e9.<\/p>\n","protected":false},"featured_media":110,"comment_status":"open","ping_status":"closed","template":"","meta":[],"product_brand":[],"product_cat":[20],"product_tag":[],"class_list":{"0":"post-84","1":"product","2":"type-product","3":"status-publish","4":"has-post-thumbnail","6":"product_cat-proteinove-desiaty","8":"first","9":"outofstock","10":"taxable","11":"shipping-taxable","12":"purchasable","13":"product-type-simple"},"yoast_head":"<!-- This site is optimized with the Yoast SEO plugin v24.3 - https:\/\/yoast.com\/wordpress\/plugins\/seo\/ -->\n<title>Pra\u017een\u00e9 s\u00f3jov\u00e9 b\u00f4by Original - Herbaday<\/title>\n<meta name=\"robots\" content=\"index, follow, max-snippet:-1, max-image-preview:large, max-video-preview:-1\" \/>\n<link rel=\"canonical\" href=\"https:\/\/herbaday.sk\/index.php\/product\/prazene-sojove-boby-original\/\" \/>\n<meta property=\"og:locale\" content=\"sk_SK\" \/>\n<meta property=\"og:type\" content=\"article\" \/>\n<meta property=\"og:title\" content=\"Pra\u017een\u00e9 s\u00f3jov\u00e9 b\u00f4by Original - Herbaday\" \/>\n<meta property=\"og:description\" content=\"N\u00e1h\u013ead na Produkt Kaloricky regulovan\u00e1 alternat\u00edva in\u00fdch pikantn\u00fdch desi\u00e1t, tieto lahodn\u00e9 &#8222;Pra\u017een\u00e9 s\u00f3jov\u00e9 b\u00f4by&#8220; s\u00fa ide\u00e1lnou zdravou desiatou, ke\u010f ste na ceste. Solen\u00e9. K\u013e\u00fa\u010dov\u00e9 V\u00fdhody 9g prote\u00ednu pre podporu tvorby beztukovej svalovej hmoty \u2022 113 kcal pre udr\u017eanie n\u00edzkeho pr\u00edjmu kal\u00f3ri\u00ed \u2022 Praktick\u00e9 jednotliv\u00e9 s\u00e1\u010dky, ide\u00e1lne pre konzum\u00e1ciu na cest\u00e1ch \u2022 Lahodn\u00e9, \u013eahko solen\u00e9.\" \/>\n<meta property=\"og:url\" content=\"https:\/\/herbaday.sk\/index.php\/product\/prazene-sojove-boby-original\/\" \/>\n<meta property=\"og:site_name\" content=\"Herbaday\" \/>\n<meta property=\"article:modified_time\" content=\"2024-06-06T12:36:03+00:00\" \/>\n<meta property=\"og:image\" content=\"https:\/\/i0.wp.com\/herbaday.sk\/wp-content\/uploads\/2020\/11\/3143_CZSKPLRO_RoastedSoyBeans_Square.png?fit=200%2C200&ssl=1\" \/>\n\t<meta property=\"og:image:width\" content=\"200\" \/>\n\t<meta property=\"og:image:height\" content=\"200\" \/>\n\t<meta property=\"og:image:type\" content=\"image\/png\" \/>\n<meta name=\"twitter:card\" content=\"summary_large_image\" \/>\n<script type=\"application\/ld+json\" class=\"yoast-schema-graph\">{\"@context\":\"https:\/\/schema.org\",\"@graph\":[{\"@type\":\"WebPage\",\"@id\":\"https:\/\/herbaday.sk\/index.php\/product\/prazene-sojove-boby-original\/\",\"url\":\"https:\/\/herbaday.sk\/index.php\/product\/prazene-sojove-boby-original\/\",\"name\":\"Pra\u017een\u00e9 s\u00f3jov\u00e9 b\u00f4by Original - Herbaday\",\"isPartOf\":{\"@id\":\"https:\/\/herbaday.sk\/#website\"},\"primaryImageOfPage\":{\"@id\":\"https:\/\/herbaday.sk\/index.php\/product\/prazene-sojove-boby-original\/#primaryimage\"},\"image\":{\"@id\":\"https:\/\/herbaday.sk\/index.php\/product\/prazene-sojove-boby-original\/#primaryimage\"},\"thumbnailUrl\":\"https:\/\/i0.wp.com\/herbaday.sk\/wp-content\/uploads\/2020\/11\/3143_CZSKPLRO_RoastedSoyBeans_Square.png?fit=200%2C200&ssl=1\",\"datePublished\":\"2020-11-13T07:56:46+00:00\",\"dateModified\":\"2024-06-06T12:36:03+00:00\",\"breadcrumb\":{\"@id\":\"https:\/\/herbaday.sk\/index.php\/product\/prazene-sojove-boby-original\/#breadcrumb\"},\"inLanguage\":\"sk-SK\",\"potentialAction\":[{\"@type\":\"ReadAction\",\"target\":[\"https:\/\/herbaday.sk\/index.php\/product\/prazene-sojove-boby-original\/\"]}]},{\"@type\":\"ImageObject\",\"inLanguage\":\"sk-SK\",\"@id\":\"https:\/\/herbaday.sk\/index.php\/product\/prazene-sojove-boby-original\/#primaryimage\",\"url\":\"https:\/\/i0.wp.com\/herbaday.sk\/wp-content\/uploads\/2020\/11\/3143_CZSKPLRO_RoastedSoyBeans_Square.png?fit=200%2C200&ssl=1\",\"contentUrl\":\"https:\/\/i0.wp.com\/herbaday.sk\/wp-content\/uploads\/2020\/11\/3143_CZSKPLRO_RoastedSoyBeans_Square.png?fit=200%2C200&ssl=1\",\"width\":200,\"height\":200},{\"@type\":\"BreadcrumbList\",\"@id\":\"https:\/\/herbaday.sk\/index.php\/product\/prazene-sojove-boby-original\/#breadcrumb\",\"itemListElement\":[{\"@type\":\"ListItem\",\"position\":1,\"name\":\"Domovsk\u00e1 str\u00e1nka\",\"item\":\"https:\/\/herbaday.sk\/\"},{\"@type\":\"ListItem\",\"position\":2,\"name\":\"Shop\",\"item\":\"https:\/\/herbaday.sk\/index.php\/shop\/\"},{\"@type\":\"ListItem\",\"position\":3,\"name\":\"Pra\u017een\u00e9 s\u00f3jov\u00e9 b\u00f4by Original\"}]},{\"@type\":\"WebSite\",\"@id\":\"https:\/\/herbaday.sk\/#website\",\"url\":\"https:\/\/herbaday.sk\/\",\"name\":\"Herbaday\",\"description\":\"Nez\u00e1visl\u00fd \u010dlen Herbalife Nutrition\",\"publisher\":{\"@id\":\"https:\/\/herbaday.sk\/#organization\"},\"potentialAction\":[{\"@type\":\"SearchAction\",\"target\":{\"@type\":\"EntryPoint\",\"urlTemplate\":\"https:\/\/herbaday.sk\/?s={search_term_string}\"},\"query-input\":{\"@type\":\"PropertyValueSpecification\",\"valueRequired\":true,\"valueName\":\"search_term_string\"}}],\"inLanguage\":\"sk-SK\"},{\"@type\":\"Organization\",\"@id\":\"https:\/\/herbaday.sk\/#organization\",\"name\":\"Herbaday\",\"url\":\"https:\/\/herbaday.sk\/\",\"logo\":{\"@type\":\"ImageObject\",\"inLanguage\":\"sk-SK\",\"@id\":\"https:\/\/herbaday.sk\/#\/schema\/logo\/image\/\",\"url\":\"http:\/\/herbaday.sk\/wp-content\/uploads\/2020\/11\/herbaday_logo.png\",\"contentUrl\":\"http:\/\/herbaday.sk\/wp-content\/uploads\/2020\/11\/herbaday_logo.png\",\"width\":2214,\"height\":545,\"caption\":\"Herbaday\"},\"image\":{\"@id\":\"https:\/\/herbaday.sk\/#\/schema\/logo\/image\/\"}}]}<\/script>\n<!-- \/ Yoast SEO plugin. -->","yoast_head_json":{"title":"Pra\u017een\u00e9 s\u00f3jov\u00e9 b\u00f4by Original - Herbaday","robots":{"index":"index","follow":"follow","max-snippet":"max-snippet:-1","max-image-preview":"max-image-preview:large","max-video-preview":"max-video-preview:-1"},"canonical":"https:\/\/herbaday.sk\/index.php\/product\/prazene-sojove-boby-original\/","og_locale":"sk_SK","og_type":"article","og_title":"Pra\u017een\u00e9 s\u00f3jov\u00e9 b\u00f4by Original - Herbaday","og_description":"N\u00e1h\u013ead na Produkt Kaloricky regulovan\u00e1 alternat\u00edva in\u00fdch pikantn\u00fdch desi\u00e1t, tieto lahodn\u00e9 &#8222;Pra\u017een\u00e9 s\u00f3jov\u00e9 b\u00f4by&#8220; s\u00fa ide\u00e1lnou zdravou desiatou, ke\u010f ste na ceste. Solen\u00e9. K\u013e\u00fa\u010dov\u00e9 V\u00fdhody 9g prote\u00ednu pre podporu tvorby beztukovej svalovej hmoty \u2022 113 kcal pre udr\u017eanie n\u00edzkeho pr\u00edjmu kal\u00f3ri\u00ed \u2022 Praktick\u00e9 jednotliv\u00e9 s\u00e1\u010dky, ide\u00e1lne pre konzum\u00e1ciu na cest\u00e1ch \u2022 Lahodn\u00e9, \u013eahko solen\u00e9.","og_url":"https:\/\/herbaday.sk\/index.php\/product\/prazene-sojove-boby-original\/","og_site_name":"Herbaday","article_modified_time":"2024-06-06T12:36:03+00:00","og_image":[{"width":200,"height":200,"url":"https:\/\/i0.wp.com\/herbaday.sk\/wp-content\/uploads\/2020\/11\/3143_CZSKPLRO_RoastedSoyBeans_Square.png?fit=200%2C200&ssl=1","type":"image\/png"}],"twitter_card":"summary_large_image","schema":{"@context":"https:\/\/schema.org","@graph":[{"@type":"WebPage","@id":"https:\/\/herbaday.sk\/index.php\/product\/prazene-sojove-boby-original\/","url":"https:\/\/herbaday.sk\/index.php\/product\/prazene-sojove-boby-original\/","name":"Pra\u017een\u00e9 s\u00f3jov\u00e9 b\u00f4by Original - Herbaday","isPartOf":{"@id":"https:\/\/herbaday.sk\/#website"},"primaryImageOfPage":{"@id":"https:\/\/herbaday.sk\/index.php\/product\/prazene-sojove-boby-original\/#primaryimage"},"image":{"@id":"https:\/\/herbaday.sk\/index.php\/product\/prazene-sojove-boby-original\/#primaryimage"},"thumbnailUrl":"https:\/\/i0.wp.com\/herbaday.sk\/wp-content\/uploads\/2020\/11\/3143_CZSKPLRO_RoastedSoyBeans_Square.png?fit=200%2C200&ssl=1","datePublished":"2020-11-13T07:56:46+00:00","dateModified":"2024-06-06T12:36:03+00:00","breadcrumb":{"@id":"https:\/\/herbaday.sk\/index.php\/product\/prazene-sojove-boby-original\/#breadcrumb"},"inLanguage":"sk-SK","potentialAction":[{"@type":"ReadAction","target":["https:\/\/herbaday.sk\/index.php\/product\/prazene-sojove-boby-original\/"]}]},{"@type":"ImageObject","inLanguage":"sk-SK","@id":"https:\/\/herbaday.sk\/index.php\/product\/prazene-sojove-boby-original\/#primaryimage","url":"https:\/\/i0.wp.com\/herbaday.sk\/wp-content\/uploads\/2020\/11\/3143_CZSKPLRO_RoastedSoyBeans_Square.png?fit=200%2C200&ssl=1","contentUrl":"https:\/\/i0.wp.com\/herbaday.sk\/wp-content\/uploads\/2020\/11\/3143_CZSKPLRO_RoastedSoyBeans_Square.png?fit=200%2C200&ssl=1","width":200,"height":200},{"@type":"BreadcrumbList","@id":"https:\/\/herbaday.sk\/index.php\/product\/prazene-sojove-boby-original\/#breadcrumb","itemListElement":[{"@type":"ListItem","position":1,"name":"Domovsk\u00e1 str\u00e1nka","item":"https:\/\/herbaday.sk\/"},{"@type":"ListItem","position":2,"name":"Shop","item":"https:\/\/herbaday.sk\/index.php\/shop\/"},{"@type":"ListItem","position":3,"name":"Pra\u017een\u00e9 s\u00f3jov\u00e9 b\u00f4by Original"}]},{"@type":"WebSite","@id":"https:\/\/herbaday.sk\/#website","url":"https:\/\/herbaday.sk\/","name":"Herbaday","description":"Nez\u00e1visl\u00fd \u010dlen Herbalife Nutrition","publisher":{"@id":"https:\/\/herbaday.sk\/#organization"},"potentialAction":[{"@type":"SearchAction","target":{"@type":"EntryPoint","urlTemplate":"https:\/\/herbaday.sk\/?s={search_term_string}"},"query-input":{"@type":"PropertyValueSpecification","valueRequired":true,"valueName":"search_term_string"}}],"inLanguage":"sk-SK"},{"@type":"Organization","@id":"https:\/\/herbaday.sk\/#organization","name":"Herbaday","url":"https:\/\/herbaday.sk\/","logo":{"@type":"ImageObject","inLanguage":"sk-SK","@id":"https:\/\/herbaday.sk\/#\/schema\/logo\/image\/","url":"http:\/\/herbaday.sk\/wp-content\/uploads\/2020\/11\/herbaday_logo.png","contentUrl":"http:\/\/herbaday.sk\/wp-content\/uploads\/2020\/11\/herbaday_logo.png","width":2214,"height":545,"caption":"Herbaday"},"image":{"@id":"https:\/\/herbaday.sk\/#\/schema\/logo\/image\/"}}]}},"jetpack_sharing_enabled":true,"_links":{"self":[{"href":"https:\/\/herbaday.sk\/index.php\/wp-json\/wp\/v2\/product\/84","targetHints":{"allow":["GET"]}}],"collection":[{"href":"https:\/\/herbaday.sk\/index.php\/wp-json\/wp\/v2\/product"}],"about":[{"href":"https:\/\/herbaday.sk\/index.php\/wp-json\/wp\/v2\/types\/product"}],"replies":[{"embeddable":true,"href":"https:\/\/herbaday.sk\/index.php\/wp-json\/wp\/v2\/comments?post=84"}],"wp:featuredmedia":[{"embeddable":true,"href":"https:\/\/herbaday.sk\/index.php\/wp-json\/wp\/v2\/media\/110"}],"wp:attachment":[{"href":"https:\/\/herbaday.sk\/index.php\/wp-json\/wp\/v2\/media?parent=84"}],"wp:term":[{"taxonomy":"product_brand","embeddable":true,"href":"https:\/\/herbaday.sk\/index.php\/wp-json\/wp\/v2\/product_brand?post=84"},{"taxonomy":"product_cat","embeddable":true,"href":"https:\/\/herbaday.sk\/index.php\/wp-json\/wp\/v2\/product_cat?post=84"},{"taxonomy":"product_tag","embeddable":true,"href":"https:\/\/herbaday.sk\/index.php\/wp-json\/wp\/v2\/product_tag?post=84"}],"curies":[{"name":"wp","href":"https:\/\/api.w.org\/{rel}","templated":true}]}}