{"id":95,"date":"2020-11-13T10:16:15","date_gmt":"2020-11-13T10:16:15","guid":{"rendered":"https:\/\/herbaday.eu\/?post_type=product&#038;p=95"},"modified":"2023-08-31T11:23:42","modified_gmt":"2023-08-31T11:23:42","slug":"formula-1-sport-s-vanilkovo-smotanovou-prichutou-524-g","status":"publish","type":"product","link":"https:\/\/herbaday.sk\/index.php\/product\/formula-1-sport-s-vanilkovo-smotanovou-prichutou-524-g\/","title":{"rendered":"Formula 1 Sport s vanilkovo-smotanovou pr\u00edchu\u0165ou 524 g"},"content":{"rendered":"<h3 id=\"info-toggle\">N\u00e1h\u013ead na Produkt<\/h3>\n<div class=\"info-content\">\n<article>\n<p class=\"overview\" data-bind=\"html: Overview, visible: Overview\">H24 Formula 1 Sport v\u00e1m pom\u00f4\u017ee regulova\u0165 pr\u00edjem kal\u00f3ri\u00ed. V\u00fd\u017eivn\u00fd nutri\u010dn\u00fd n\u00e1poj pre \u0161potovcov.<\/p>\n<h5 data-bind=\"visible: KeyBenefits\">K\u013e\u00fa\u010dov\u00e9 V\u00fdhody<\/h5>\n<div class=\"disc\" data-bind=\"visible: KeyBenefits, html: KeyBenefits\">Obsahuje 18g prote\u00ednu pre podporu tvorby beztukovej svalovej hmoty \u25a0 F1 Sport obsahuje kase\u00edn a srv\u00e1tkov\u00fd prote\u00edn, oba vysoko kvalitn\u00e9 mlie\u010dne prote\u00edny \u25a0 219 kcal v jednej porcii pre kontrolu pr\u00edjmu kal\u00f3ri\u00ed \u25a0 Jedine\u010dn\u00e1 zmes sacharidov a prote\u00ednu s obsahom vl\u00e1kniny a potrebn\u00fdmi vitam\u00ednmi a miner\u00e1lmi \u25a0 Vitam\u00edny C, E a sel\u00e9n pre ochranu buniek proti oxida\u010dn\u00e9mu stresu.<\/div>\n<\/article>\n<\/div>\n","protected":false},"excerpt":{"rendered":"<p>N\u00e1h\u013ead na Produkt H24 Formula 1 Sport v\u00e1m pom\u00f4\u017ee regulova\u0165 pr\u00edjem kal\u00f3ri\u00ed. V\u00fd\u017eivn\u00fd nutri\u010dn\u00fd n\u00e1poj pre \u0161potovcov. K\u013e\u00fa\u010dov\u00e9 V\u00fdhody Obsahuje 18g prote\u00ednu pre podporu tvorby beztukovej svalovej hmoty \u25a0 F1 Sport obsahuje kase\u00edn a srv\u00e1tkov\u00fd prote\u00edn, oba vysoko kvalitn\u00e9 mlie\u010dne prote\u00edny \u25a0 219 kcal v jednej porcii pre kontrolu pr\u00edjmu kal\u00f3ri\u00ed \u25a0 Jedine\u010dn\u00e1 zmes sacharidov [&#8230;]\n","protected":false},"featured_media":102,"comment_status":"open","ping_status":"closed","template":"","meta":[],"product_brand":[],"product_cat":[22],"product_tag":[],"class_list":{"0":"post-95","1":"product","2":"type-product","3":"status-publish","4":"has-post-thumbnail","6":"product_cat-herbalife24","8":"first","9":"instock","10":"taxable","11":"shipping-taxable","12":"purchasable","13":"product-type-simple"},"yoast_head":"<!-- This site is optimized with the Yoast SEO plugin v24.3 - https:\/\/yoast.com\/wordpress\/plugins\/seo\/ -->\n<title>Formula 1 Sport s vanilkovo-smotanovou pr\u00edchu\u0165ou 524 g - Herbaday<\/title>\n<meta name=\"robots\" content=\"index, follow, max-snippet:-1, max-image-preview:large, max-video-preview:-1\" \/>\n<link rel=\"canonical\" href=\"https:\/\/herbaday.sk\/index.php\/product\/formula-1-sport-s-vanilkovo-smotanovou-prichutou-524-g\/\" \/>\n<meta property=\"og:locale\" content=\"sk_SK\" \/>\n<meta property=\"og:type\" content=\"article\" \/>\n<meta property=\"og:title\" content=\"Formula 1 Sport s vanilkovo-smotanovou pr\u00edchu\u0165ou 524 g - Herbaday\" \/>\n<meta property=\"og:description\" content=\"N\u00e1h\u013ead na Produkt H24 Formula 1 Sport v\u00e1m pom\u00f4\u017ee regulova\u0165 pr\u00edjem kal\u00f3ri\u00ed. V\u00fd\u017eivn\u00fd nutri\u010dn\u00fd n\u00e1poj pre \u0161potovcov. K\u013e\u00fa\u010dov\u00e9 V\u00fdhody Obsahuje 18g prote\u00ednu pre podporu tvorby beztukovej svalovej hmoty \u25a0 F1 Sport obsahuje kase\u00edn a srv\u00e1tkov\u00fd prote\u00edn, oba vysoko kvalitn\u00e9 mlie\u010dne prote\u00edny \u25a0 219 kcal v jednej porcii pre kontrolu pr\u00edjmu kal\u00f3ri\u00ed \u25a0 Jedine\u010dn\u00e1 zmes sacharidov [...]\" \/>\n<meta property=\"og:url\" content=\"https:\/\/herbaday.sk\/index.php\/product\/formula-1-sport-s-vanilkovo-smotanovou-prichutou-524-g\/\" \/>\n<meta property=\"og:site_name\" content=\"Herbaday\" \/>\n<meta property=\"article:modified_time\" content=\"2023-08-31T11:23:42+00:00\" \/>\n<meta property=\"og:image\" content=\"https:\/\/i0.wp.com\/herbaday.sk\/wp-content\/uploads\/2020\/11\/ef_H24-Formula-1.jpg?fit=250%2C250&ssl=1\" \/>\n\t<meta property=\"og:image:width\" content=\"250\" \/>\n\t<meta property=\"og:image:height\" content=\"250\" \/>\n\t<meta property=\"og:image:type\" content=\"image\/jpeg\" \/>\n<meta name=\"twitter:card\" content=\"summary_large_image\" \/>\n<meta name=\"twitter:label1\" content=\"Predpokladan\u00fd \u010das \u010d\u00edtania\" \/>\n\t<meta name=\"twitter:data1\" content=\"1 min\u00fata\" \/>\n<script type=\"application\/ld+json\" class=\"yoast-schema-graph\">{\"@context\":\"https:\/\/schema.org\",\"@graph\":[{\"@type\":\"WebPage\",\"@id\":\"https:\/\/herbaday.sk\/index.php\/product\/formula-1-sport-s-vanilkovo-smotanovou-prichutou-524-g\/\",\"url\":\"https:\/\/herbaday.sk\/index.php\/product\/formula-1-sport-s-vanilkovo-smotanovou-prichutou-524-g\/\",\"name\":\"Formula 1 Sport s vanilkovo-smotanovou pr\u00edchu\u0165ou 524 g - Herbaday\",\"isPartOf\":{\"@id\":\"https:\/\/herbaday.sk\/#website\"},\"primaryImageOfPage\":{\"@id\":\"https:\/\/herbaday.sk\/index.php\/product\/formula-1-sport-s-vanilkovo-smotanovou-prichutou-524-g\/#primaryimage\"},\"image\":{\"@id\":\"https:\/\/herbaday.sk\/index.php\/product\/formula-1-sport-s-vanilkovo-smotanovou-prichutou-524-g\/#primaryimage\"},\"thumbnailUrl\":\"https:\/\/i0.wp.com\/herbaday.sk\/wp-content\/uploads\/2020\/11\/ef_H24-Formula-1.jpg?fit=250%2C250&ssl=1\",\"datePublished\":\"2020-11-13T10:16:15+00:00\",\"dateModified\":\"2023-08-31T11:23:42+00:00\",\"breadcrumb\":{\"@id\":\"https:\/\/herbaday.sk\/index.php\/product\/formula-1-sport-s-vanilkovo-smotanovou-prichutou-524-g\/#breadcrumb\"},\"inLanguage\":\"sk-SK\",\"potentialAction\":[{\"@type\":\"ReadAction\",\"target\":[\"https:\/\/herbaday.sk\/index.php\/product\/formula-1-sport-s-vanilkovo-smotanovou-prichutou-524-g\/\"]}]},{\"@type\":\"ImageObject\",\"inLanguage\":\"sk-SK\",\"@id\":\"https:\/\/herbaday.sk\/index.php\/product\/formula-1-sport-s-vanilkovo-smotanovou-prichutou-524-g\/#primaryimage\",\"url\":\"https:\/\/i0.wp.com\/herbaday.sk\/wp-content\/uploads\/2020\/11\/ef_H24-Formula-1.jpg?fit=250%2C250&ssl=1\",\"contentUrl\":\"https:\/\/i0.wp.com\/herbaday.sk\/wp-content\/uploads\/2020\/11\/ef_H24-Formula-1.jpg?fit=250%2C250&ssl=1\",\"width\":250,\"height\":250},{\"@type\":\"BreadcrumbList\",\"@id\":\"https:\/\/herbaday.sk\/index.php\/product\/formula-1-sport-s-vanilkovo-smotanovou-prichutou-524-g\/#breadcrumb\",\"itemListElement\":[{\"@type\":\"ListItem\",\"position\":1,\"name\":\"Domovsk\u00e1 str\u00e1nka\",\"item\":\"https:\/\/herbaday.sk\/\"},{\"@type\":\"ListItem\",\"position\":2,\"name\":\"Shop\",\"item\":\"https:\/\/herbaday.sk\/index.php\/shop\/\"},{\"@type\":\"ListItem\",\"position\":3,\"name\":\"Formula 1 Sport s vanilkovo-smotanovou pr\u00edchu\u0165ou 524 g\"}]},{\"@type\":\"WebSite\",\"@id\":\"https:\/\/herbaday.sk\/#website\",\"url\":\"https:\/\/herbaday.sk\/\",\"name\":\"Herbaday\",\"description\":\"Nez\u00e1visl\u00fd \u010dlen Herbalife Nutrition\",\"publisher\":{\"@id\":\"https:\/\/herbaday.sk\/#organization\"},\"potentialAction\":[{\"@type\":\"SearchAction\",\"target\":{\"@type\":\"EntryPoint\",\"urlTemplate\":\"https:\/\/herbaday.sk\/?s={search_term_string}\"},\"query-input\":{\"@type\":\"PropertyValueSpecification\",\"valueRequired\":true,\"valueName\":\"search_term_string\"}}],\"inLanguage\":\"sk-SK\"},{\"@type\":\"Organization\",\"@id\":\"https:\/\/herbaday.sk\/#organization\",\"name\":\"Herbaday\",\"url\":\"https:\/\/herbaday.sk\/\",\"logo\":{\"@type\":\"ImageObject\",\"inLanguage\":\"sk-SK\",\"@id\":\"https:\/\/herbaday.sk\/#\/schema\/logo\/image\/\",\"url\":\"http:\/\/herbaday.sk\/wp-content\/uploads\/2020\/11\/herbaday_logo.png\",\"contentUrl\":\"http:\/\/herbaday.sk\/wp-content\/uploads\/2020\/11\/herbaday_logo.png\",\"width\":2214,\"height\":545,\"caption\":\"Herbaday\"},\"image\":{\"@id\":\"https:\/\/herbaday.sk\/#\/schema\/logo\/image\/\"}}]}<\/script>\n<!-- \/ Yoast SEO plugin. -->","yoast_head_json":{"title":"Formula 1 Sport s vanilkovo-smotanovou pr\u00edchu\u0165ou 524 g - Herbaday","robots":{"index":"index","follow":"follow","max-snippet":"max-snippet:-1","max-image-preview":"max-image-preview:large","max-video-preview":"max-video-preview:-1"},"canonical":"https:\/\/herbaday.sk\/index.php\/product\/formula-1-sport-s-vanilkovo-smotanovou-prichutou-524-g\/","og_locale":"sk_SK","og_type":"article","og_title":"Formula 1 Sport s vanilkovo-smotanovou pr\u00edchu\u0165ou 524 g - Herbaday","og_description":"N\u00e1h\u013ead na Produkt H24 Formula 1 Sport v\u00e1m pom\u00f4\u017ee regulova\u0165 pr\u00edjem kal\u00f3ri\u00ed. V\u00fd\u017eivn\u00fd nutri\u010dn\u00fd n\u00e1poj pre \u0161potovcov. K\u013e\u00fa\u010dov\u00e9 V\u00fdhody Obsahuje 18g prote\u00ednu pre podporu tvorby beztukovej svalovej hmoty \u25a0 F1 Sport obsahuje kase\u00edn a srv\u00e1tkov\u00fd prote\u00edn, oba vysoko kvalitn\u00e9 mlie\u010dne prote\u00edny \u25a0 219 kcal v jednej porcii pre kontrolu pr\u00edjmu kal\u00f3ri\u00ed \u25a0 Jedine\u010dn\u00e1 zmes sacharidov [...]","og_url":"https:\/\/herbaday.sk\/index.php\/product\/formula-1-sport-s-vanilkovo-smotanovou-prichutou-524-g\/","og_site_name":"Herbaday","article_modified_time":"2023-08-31T11:23:42+00:00","og_image":[{"width":250,"height":250,"url":"https:\/\/i0.wp.com\/herbaday.sk\/wp-content\/uploads\/2020\/11\/ef_H24-Formula-1.jpg?fit=250%2C250&ssl=1","type":"image\/jpeg"}],"twitter_card":"summary_large_image","twitter_misc":{"Predpokladan\u00fd \u010das \u010d\u00edtania":"1 min\u00fata"},"schema":{"@context":"https:\/\/schema.org","@graph":[{"@type":"WebPage","@id":"https:\/\/herbaday.sk\/index.php\/product\/formula-1-sport-s-vanilkovo-smotanovou-prichutou-524-g\/","url":"https:\/\/herbaday.sk\/index.php\/product\/formula-1-sport-s-vanilkovo-smotanovou-prichutou-524-g\/","name":"Formula 1 Sport s vanilkovo-smotanovou pr\u00edchu\u0165ou 524 g - Herbaday","isPartOf":{"@id":"https:\/\/herbaday.sk\/#website"},"primaryImageOfPage":{"@id":"https:\/\/herbaday.sk\/index.php\/product\/formula-1-sport-s-vanilkovo-smotanovou-prichutou-524-g\/#primaryimage"},"image":{"@id":"https:\/\/herbaday.sk\/index.php\/product\/formula-1-sport-s-vanilkovo-smotanovou-prichutou-524-g\/#primaryimage"},"thumbnailUrl":"https:\/\/i0.wp.com\/herbaday.sk\/wp-content\/uploads\/2020\/11\/ef_H24-Formula-1.jpg?fit=250%2C250&ssl=1","datePublished":"2020-11-13T10:16:15+00:00","dateModified":"2023-08-31T11:23:42+00:00","breadcrumb":{"@id":"https:\/\/herbaday.sk\/index.php\/product\/formula-1-sport-s-vanilkovo-smotanovou-prichutou-524-g\/#breadcrumb"},"inLanguage":"sk-SK","potentialAction":[{"@type":"ReadAction","target":["https:\/\/herbaday.sk\/index.php\/product\/formula-1-sport-s-vanilkovo-smotanovou-prichutou-524-g\/"]}]},{"@type":"ImageObject","inLanguage":"sk-SK","@id":"https:\/\/herbaday.sk\/index.php\/product\/formula-1-sport-s-vanilkovo-smotanovou-prichutou-524-g\/#primaryimage","url":"https:\/\/i0.wp.com\/herbaday.sk\/wp-content\/uploads\/2020\/11\/ef_H24-Formula-1.jpg?fit=250%2C250&ssl=1","contentUrl":"https:\/\/i0.wp.com\/herbaday.sk\/wp-content\/uploads\/2020\/11\/ef_H24-Formula-1.jpg?fit=250%2C250&ssl=1","width":250,"height":250},{"@type":"BreadcrumbList","@id":"https:\/\/herbaday.sk\/index.php\/product\/formula-1-sport-s-vanilkovo-smotanovou-prichutou-524-g\/#breadcrumb","itemListElement":[{"@type":"ListItem","position":1,"name":"Domovsk\u00e1 str\u00e1nka","item":"https:\/\/herbaday.sk\/"},{"@type":"ListItem","position":2,"name":"Shop","item":"https:\/\/herbaday.sk\/index.php\/shop\/"},{"@type":"ListItem","position":3,"name":"Formula 1 Sport s vanilkovo-smotanovou pr\u00edchu\u0165ou 524 g"}]},{"@type":"WebSite","@id":"https:\/\/herbaday.sk\/#website","url":"https:\/\/herbaday.sk\/","name":"Herbaday","description":"Nez\u00e1visl\u00fd \u010dlen Herbalife Nutrition","publisher":{"@id":"https:\/\/herbaday.sk\/#organization"},"potentialAction":[{"@type":"SearchAction","target":{"@type":"EntryPoint","urlTemplate":"https:\/\/herbaday.sk\/?s={search_term_string}"},"query-input":{"@type":"PropertyValueSpecification","valueRequired":true,"valueName":"search_term_string"}}],"inLanguage":"sk-SK"},{"@type":"Organization","@id":"https:\/\/herbaday.sk\/#organization","name":"Herbaday","url":"https:\/\/herbaday.sk\/","logo":{"@type":"ImageObject","inLanguage":"sk-SK","@id":"https:\/\/herbaday.sk\/#\/schema\/logo\/image\/","url":"http:\/\/herbaday.sk\/wp-content\/uploads\/2020\/11\/herbaday_logo.png","contentUrl":"http:\/\/herbaday.sk\/wp-content\/uploads\/2020\/11\/herbaday_logo.png","width":2214,"height":545,"caption":"Herbaday"},"image":{"@id":"https:\/\/herbaday.sk\/#\/schema\/logo\/image\/"}}]}},"jetpack_sharing_enabled":true,"_links":{"self":[{"href":"https:\/\/herbaday.sk\/index.php\/wp-json\/wp\/v2\/product\/95","targetHints":{"allow":["GET"]}}],"collection":[{"href":"https:\/\/herbaday.sk\/index.php\/wp-json\/wp\/v2\/product"}],"about":[{"href":"https:\/\/herbaday.sk\/index.php\/wp-json\/wp\/v2\/types\/product"}],"replies":[{"embeddable":true,"href":"https:\/\/herbaday.sk\/index.php\/wp-json\/wp\/v2\/comments?post=95"}],"wp:featuredmedia":[{"embeddable":true,"href":"https:\/\/herbaday.sk\/index.php\/wp-json\/wp\/v2\/media\/102"}],"wp:attachment":[{"href":"https:\/\/herbaday.sk\/index.php\/wp-json\/wp\/v2\/media?parent=95"}],"wp:term":[{"taxonomy":"product_brand","embeddable":true,"href":"https:\/\/herbaday.sk\/index.php\/wp-json\/wp\/v2\/product_brand?post=95"},{"taxonomy":"product_cat","embeddable":true,"href":"https:\/\/herbaday.sk\/index.php\/wp-json\/wp\/v2\/product_cat?post=95"},{"taxonomy":"product_tag","embeddable":true,"href":"https:\/\/herbaday.sk\/index.php\/wp-json\/wp\/v2\/product_tag?post=95"}],"curies":[{"name":"wp","href":"https:\/\/api.w.org\/{rel}","templated":true}]}}