{"id":96,"date":"2020-11-13T10:17:07","date_gmt":"2020-11-13T10:17:07","guid":{"rendered":"https:\/\/herbaday.eu\/?post_type=product&#038;p=96"},"modified":"2023-08-31T11:24:05","modified_gmt":"2023-08-31T11:24:05","slug":"h24-hydrate-pomaranc-20-baleni","status":"publish","type":"product","link":"https:\/\/herbaday.sk\/index.php\/product\/h24-hydrate-pomaranc-20-baleni\/","title":{"rendered":"H24 Hydrate pomaran\u010d 20 balen\u00ed"},"content":{"rendered":"<h3 id=\"info-toggle\">N\u00e1h\u013ead na Produkt<\/h3>\n<div class=\"info-content\">\n<article>\n<div id=\"ctl00_ctl00_ContentArea_ProductsContent_ctl00_uxOverview\">N\u00e1poj s obsahom sacharidov a prote\u00ednu, ide\u00e1lny pre pou\u017eitie po\u010das intenz\u00edvneho alebo dlhodob\u00e9ho fyzick\u00e9ho v\u00fdkonu.<\/div>\n<h5 data-bind=\"visible: KeyBenefits\">K\u013e\u00fa\u010dov\u00e9 V\u00fdhody<\/h5>\n<div class=\"disc\" data-bind=\"visible: KeyBenefits, html: KeyBenefits\">N\u00e1poj s obsahom sacharidov a prote\u00ednu pre konzum\u00e1ciu po dlh\u0161om intenz\u00edvnom cvi\u010den\u00ed. \u25a0 Obsahuje 224 kcal v jednej porcii, ide\u00e1lny pre vytrvalostn\u00fdch \u0161portovcov \u25a0 Jedine\u010dn\u00e1 zmes sacharidov a prote\u00ednu s hladinou osmolality 270 \u2013 330 mOsmol\/kg\u25a0 6.8g srv\u00e1tkov\u00e9ho prote\u00ednu pre podporu tvorby beztukovej svalovej hmoty \u25a0 Obsahuje sacharidy vo forme maltodextr\u00ednu\u25a0 Obohaten\u00fd o vitam\u00edny C a B (vr\u00e1tane B1, B3, B6, B12 a kyseliny pantotenovej), s \u013eahkou, jemnou pr\u00edchu\u0165ou, ktor\u00e1 je \u00faplne ide\u00e1lna pre konzum\u00e1ciu po\u010das cvi\u010den\u00ed \u25a0 \u017di\u00e1dne umel\u00e9 farbiv\u00e1, pr\u00edchute, \u010di sladidl\u00e1.<\/div>\n<\/article>\n<\/div>\n","protected":false},"excerpt":{"rendered":"<p>N\u00e1h\u013ead na Produkt N\u00e1poj s obsahom sacharidov a prote\u00ednu, ide\u00e1lny pre pou\u017eitie po\u010das intenz\u00edvneho alebo dlhodob\u00e9ho fyzick\u00e9ho v\u00fdkonu. K\u013e\u00fa\u010dov\u00e9 V\u00fdhody N\u00e1poj s obsahom sacharidov a prote\u00ednu pre konzum\u00e1ciu po dlh\u0161om intenz\u00edvnom cvi\u010den\u00ed. \u25a0 Obsahuje 224 kcal v jednej porcii, ide\u00e1lny pre vytrvalostn\u00fdch \u0161portovcov \u25a0 Jedine\u010dn\u00e1 zmes sacharidov a prote\u00ednu s hladinou osmolality 270 \u2013 330 [&#8230;]\n","protected":false},"featured_media":106,"comment_status":"open","ping_status":"closed","template":"","meta":[],"product_brand":[],"product_cat":[22],"product_tag":[],"class_list":{"0":"post-96","1":"product","2":"type-product","3":"status-publish","4":"has-post-thumbnail","6":"product_cat-herbalife24","8":"first","9":"instock","10":"taxable","11":"shipping-taxable","12":"purchasable","13":"product-type-simple"},"yoast_head":"<!-- This site is optimized with the Yoast SEO plugin v24.3 - https:\/\/yoast.com\/wordpress\/plugins\/seo\/ -->\n<title>H24 Hydrate pomaran\u010d 20 balen\u00ed - Herbaday<\/title>\n<meta name=\"robots\" content=\"index, follow, max-snippet:-1, max-image-preview:large, max-video-preview:-1\" \/>\n<link rel=\"canonical\" href=\"https:\/\/herbaday.sk\/index.php\/product\/h24-hydrate-pomaranc-20-baleni\/\" \/>\n<meta property=\"og:locale\" content=\"sk_SK\" \/>\n<meta property=\"og:type\" content=\"article\" \/>\n<meta property=\"og:title\" content=\"H24 Hydrate pomaran\u010d 20 balen\u00ed - Herbaday\" \/>\n<meta property=\"og:description\" content=\"N\u00e1h\u013ead na Produkt N\u00e1poj s obsahom sacharidov a prote\u00ednu, ide\u00e1lny pre pou\u017eitie po\u010das intenz\u00edvneho alebo dlhodob\u00e9ho fyzick\u00e9ho v\u00fdkonu. K\u013e\u00fa\u010dov\u00e9 V\u00fdhody N\u00e1poj s obsahom sacharidov a prote\u00ednu pre konzum\u00e1ciu po dlh\u0161om intenz\u00edvnom cvi\u010den\u00ed. \u25a0 Obsahuje 224 kcal v jednej porcii, ide\u00e1lny pre vytrvalostn\u00fdch \u0161portovcov \u25a0 Jedine\u010dn\u00e1 zmes sacharidov a prote\u00ednu s hladinou osmolality 270 \u2013 330 [...]\" \/>\n<meta property=\"og:url\" content=\"https:\/\/herbaday.sk\/index.php\/product\/h24-hydrate-pomaranc-20-baleni\/\" \/>\n<meta property=\"og:site_name\" content=\"Herbaday\" \/>\n<meta property=\"article:modified_time\" content=\"2023-08-31T11:24:05+00:00\" \/>\n<meta property=\"og:image\" content=\"https:\/\/i0.wp.com\/herbaday.sk\/wp-content\/uploads\/2020\/11\/ef_H24-Hydrate.jpg?fit=250%2C250&ssl=1\" \/>\n\t<meta property=\"og:image:width\" content=\"250\" \/>\n\t<meta property=\"og:image:height\" content=\"250\" \/>\n\t<meta property=\"og:image:type\" content=\"image\/jpeg\" \/>\n<meta name=\"twitter:card\" content=\"summary_large_image\" \/>\n<meta name=\"twitter:label1\" content=\"Predpokladan\u00fd \u010das \u010d\u00edtania\" \/>\n\t<meta name=\"twitter:data1\" content=\"1 min\u00fata\" \/>\n<script type=\"application\/ld+json\" class=\"yoast-schema-graph\">{\"@context\":\"https:\/\/schema.org\",\"@graph\":[{\"@type\":\"WebPage\",\"@id\":\"https:\/\/herbaday.sk\/index.php\/product\/h24-hydrate-pomaranc-20-baleni\/\",\"url\":\"https:\/\/herbaday.sk\/index.php\/product\/h24-hydrate-pomaranc-20-baleni\/\",\"name\":\"H24 Hydrate pomaran\u010d 20 balen\u00ed - Herbaday\",\"isPartOf\":{\"@id\":\"https:\/\/herbaday.sk\/#website\"},\"primaryImageOfPage\":{\"@id\":\"https:\/\/herbaday.sk\/index.php\/product\/h24-hydrate-pomaranc-20-baleni\/#primaryimage\"},\"image\":{\"@id\":\"https:\/\/herbaday.sk\/index.php\/product\/h24-hydrate-pomaranc-20-baleni\/#primaryimage\"},\"thumbnailUrl\":\"https:\/\/i0.wp.com\/herbaday.sk\/wp-content\/uploads\/2020\/11\/ef_H24-Hydrate.jpg?fit=250%2C250&ssl=1\",\"datePublished\":\"2020-11-13T10:17:07+00:00\",\"dateModified\":\"2023-08-31T11:24:05+00:00\",\"breadcrumb\":{\"@id\":\"https:\/\/herbaday.sk\/index.php\/product\/h24-hydrate-pomaranc-20-baleni\/#breadcrumb\"},\"inLanguage\":\"sk-SK\",\"potentialAction\":[{\"@type\":\"ReadAction\",\"target\":[\"https:\/\/herbaday.sk\/index.php\/product\/h24-hydrate-pomaranc-20-baleni\/\"]}]},{\"@type\":\"ImageObject\",\"inLanguage\":\"sk-SK\",\"@id\":\"https:\/\/herbaday.sk\/index.php\/product\/h24-hydrate-pomaranc-20-baleni\/#primaryimage\",\"url\":\"https:\/\/i0.wp.com\/herbaday.sk\/wp-content\/uploads\/2020\/11\/ef_H24-Hydrate.jpg?fit=250%2C250&ssl=1\",\"contentUrl\":\"https:\/\/i0.wp.com\/herbaday.sk\/wp-content\/uploads\/2020\/11\/ef_H24-Hydrate.jpg?fit=250%2C250&ssl=1\",\"width\":250,\"height\":250},{\"@type\":\"BreadcrumbList\",\"@id\":\"https:\/\/herbaday.sk\/index.php\/product\/h24-hydrate-pomaranc-20-baleni\/#breadcrumb\",\"itemListElement\":[{\"@type\":\"ListItem\",\"position\":1,\"name\":\"Domovsk\u00e1 str\u00e1nka\",\"item\":\"https:\/\/herbaday.sk\/\"},{\"@type\":\"ListItem\",\"position\":2,\"name\":\"Shop\",\"item\":\"https:\/\/herbaday.sk\/index.php\/shop\/\"},{\"@type\":\"ListItem\",\"position\":3,\"name\":\"H24 Hydrate pomaran\u010d 20 balen\u00ed\"}]},{\"@type\":\"WebSite\",\"@id\":\"https:\/\/herbaday.sk\/#website\",\"url\":\"https:\/\/herbaday.sk\/\",\"name\":\"Herbaday\",\"description\":\"Nez\u00e1visl\u00fd \u010dlen Herbalife Nutrition\",\"publisher\":{\"@id\":\"https:\/\/herbaday.sk\/#organization\"},\"potentialAction\":[{\"@type\":\"SearchAction\",\"target\":{\"@type\":\"EntryPoint\",\"urlTemplate\":\"https:\/\/herbaday.sk\/?s={search_term_string}\"},\"query-input\":{\"@type\":\"PropertyValueSpecification\",\"valueRequired\":true,\"valueName\":\"search_term_string\"}}],\"inLanguage\":\"sk-SK\"},{\"@type\":\"Organization\",\"@id\":\"https:\/\/herbaday.sk\/#organization\",\"name\":\"Herbaday\",\"url\":\"https:\/\/herbaday.sk\/\",\"logo\":{\"@type\":\"ImageObject\",\"inLanguage\":\"sk-SK\",\"@id\":\"https:\/\/herbaday.sk\/#\/schema\/logo\/image\/\",\"url\":\"http:\/\/herbaday.sk\/wp-content\/uploads\/2020\/11\/herbaday_logo.png\",\"contentUrl\":\"http:\/\/herbaday.sk\/wp-content\/uploads\/2020\/11\/herbaday_logo.png\",\"width\":2214,\"height\":545,\"caption\":\"Herbaday\"},\"image\":{\"@id\":\"https:\/\/herbaday.sk\/#\/schema\/logo\/image\/\"}}]}<\/script>\n<!-- \/ Yoast SEO plugin. -->","yoast_head_json":{"title":"H24 Hydrate pomaran\u010d 20 balen\u00ed - Herbaday","robots":{"index":"index","follow":"follow","max-snippet":"max-snippet:-1","max-image-preview":"max-image-preview:large","max-video-preview":"max-video-preview:-1"},"canonical":"https:\/\/herbaday.sk\/index.php\/product\/h24-hydrate-pomaranc-20-baleni\/","og_locale":"sk_SK","og_type":"article","og_title":"H24 Hydrate pomaran\u010d 20 balen\u00ed - Herbaday","og_description":"N\u00e1h\u013ead na Produkt N\u00e1poj s obsahom sacharidov a prote\u00ednu, ide\u00e1lny pre pou\u017eitie po\u010das intenz\u00edvneho alebo dlhodob\u00e9ho fyzick\u00e9ho v\u00fdkonu. K\u013e\u00fa\u010dov\u00e9 V\u00fdhody N\u00e1poj s obsahom sacharidov a prote\u00ednu pre konzum\u00e1ciu po dlh\u0161om intenz\u00edvnom cvi\u010den\u00ed. \u25a0 Obsahuje 224 kcal v jednej porcii, ide\u00e1lny pre vytrvalostn\u00fdch \u0161portovcov \u25a0 Jedine\u010dn\u00e1 zmes sacharidov a prote\u00ednu s hladinou osmolality 270 \u2013 330 [...]","og_url":"https:\/\/herbaday.sk\/index.php\/product\/h24-hydrate-pomaranc-20-baleni\/","og_site_name":"Herbaday","article_modified_time":"2023-08-31T11:24:05+00:00","og_image":[{"width":250,"height":250,"url":"https:\/\/i0.wp.com\/herbaday.sk\/wp-content\/uploads\/2020\/11\/ef_H24-Hydrate.jpg?fit=250%2C250&ssl=1","type":"image\/jpeg"}],"twitter_card":"summary_large_image","twitter_misc":{"Predpokladan\u00fd \u010das \u010d\u00edtania":"1 min\u00fata"},"schema":{"@context":"https:\/\/schema.org","@graph":[{"@type":"WebPage","@id":"https:\/\/herbaday.sk\/index.php\/product\/h24-hydrate-pomaranc-20-baleni\/","url":"https:\/\/herbaday.sk\/index.php\/product\/h24-hydrate-pomaranc-20-baleni\/","name":"H24 Hydrate pomaran\u010d 20 balen\u00ed - Herbaday","isPartOf":{"@id":"https:\/\/herbaday.sk\/#website"},"primaryImageOfPage":{"@id":"https:\/\/herbaday.sk\/index.php\/product\/h24-hydrate-pomaranc-20-baleni\/#primaryimage"},"image":{"@id":"https:\/\/herbaday.sk\/index.php\/product\/h24-hydrate-pomaranc-20-baleni\/#primaryimage"},"thumbnailUrl":"https:\/\/i0.wp.com\/herbaday.sk\/wp-content\/uploads\/2020\/11\/ef_H24-Hydrate.jpg?fit=250%2C250&ssl=1","datePublished":"2020-11-13T10:17:07+00:00","dateModified":"2023-08-31T11:24:05+00:00","breadcrumb":{"@id":"https:\/\/herbaday.sk\/index.php\/product\/h24-hydrate-pomaranc-20-baleni\/#breadcrumb"},"inLanguage":"sk-SK","potentialAction":[{"@type":"ReadAction","target":["https:\/\/herbaday.sk\/index.php\/product\/h24-hydrate-pomaranc-20-baleni\/"]}]},{"@type":"ImageObject","inLanguage":"sk-SK","@id":"https:\/\/herbaday.sk\/index.php\/product\/h24-hydrate-pomaranc-20-baleni\/#primaryimage","url":"https:\/\/i0.wp.com\/herbaday.sk\/wp-content\/uploads\/2020\/11\/ef_H24-Hydrate.jpg?fit=250%2C250&ssl=1","contentUrl":"https:\/\/i0.wp.com\/herbaday.sk\/wp-content\/uploads\/2020\/11\/ef_H24-Hydrate.jpg?fit=250%2C250&ssl=1","width":250,"height":250},{"@type":"BreadcrumbList","@id":"https:\/\/herbaday.sk\/index.php\/product\/h24-hydrate-pomaranc-20-baleni\/#breadcrumb","itemListElement":[{"@type":"ListItem","position":1,"name":"Domovsk\u00e1 str\u00e1nka","item":"https:\/\/herbaday.sk\/"},{"@type":"ListItem","position":2,"name":"Shop","item":"https:\/\/herbaday.sk\/index.php\/shop\/"},{"@type":"ListItem","position":3,"name":"H24 Hydrate pomaran\u010d 20 balen\u00ed"}]},{"@type":"WebSite","@id":"https:\/\/herbaday.sk\/#website","url":"https:\/\/herbaday.sk\/","name":"Herbaday","description":"Nez\u00e1visl\u00fd \u010dlen Herbalife Nutrition","publisher":{"@id":"https:\/\/herbaday.sk\/#organization"},"potentialAction":[{"@type":"SearchAction","target":{"@type":"EntryPoint","urlTemplate":"https:\/\/herbaday.sk\/?s={search_term_string}"},"query-input":{"@type":"PropertyValueSpecification","valueRequired":true,"valueName":"search_term_string"}}],"inLanguage":"sk-SK"},{"@type":"Organization","@id":"https:\/\/herbaday.sk\/#organization","name":"Herbaday","url":"https:\/\/herbaday.sk\/","logo":{"@type":"ImageObject","inLanguage":"sk-SK","@id":"https:\/\/herbaday.sk\/#\/schema\/logo\/image\/","url":"http:\/\/herbaday.sk\/wp-content\/uploads\/2020\/11\/herbaday_logo.png","contentUrl":"http:\/\/herbaday.sk\/wp-content\/uploads\/2020\/11\/herbaday_logo.png","width":2214,"height":545,"caption":"Herbaday"},"image":{"@id":"https:\/\/herbaday.sk\/#\/schema\/logo\/image\/"}}]}},"jetpack_sharing_enabled":true,"_links":{"self":[{"href":"https:\/\/herbaday.sk\/index.php\/wp-json\/wp\/v2\/product\/96","targetHints":{"allow":["GET"]}}],"collection":[{"href":"https:\/\/herbaday.sk\/index.php\/wp-json\/wp\/v2\/product"}],"about":[{"href":"https:\/\/herbaday.sk\/index.php\/wp-json\/wp\/v2\/types\/product"}],"replies":[{"embeddable":true,"href":"https:\/\/herbaday.sk\/index.php\/wp-json\/wp\/v2\/comments?post=96"}],"wp:featuredmedia":[{"embeddable":true,"href":"https:\/\/herbaday.sk\/index.php\/wp-json\/wp\/v2\/media\/106"}],"wp:attachment":[{"href":"https:\/\/herbaday.sk\/index.php\/wp-json\/wp\/v2\/media?parent=96"}],"wp:term":[{"taxonomy":"product_brand","embeddable":true,"href":"https:\/\/herbaday.sk\/index.php\/wp-json\/wp\/v2\/product_brand?post=96"},{"taxonomy":"product_cat","embeddable":true,"href":"https:\/\/herbaday.sk\/index.php\/wp-json\/wp\/v2\/product_cat?post=96"},{"taxonomy":"product_tag","embeddable":true,"href":"https:\/\/herbaday.sk\/index.php\/wp-json\/wp\/v2\/product_tag?post=96"}],"curies":[{"name":"wp","href":"https:\/\/api.w.org\/{rel}","templated":true}]}}