{"id":98,"date":"2020-11-13T10:18:54","date_gmt":"2020-11-13T10:18:54","guid":{"rendered":"https:\/\/herbaday.eu\/?post_type=product&#038;p=98"},"modified":"2023-08-31T11:24:19","modified_gmt":"2023-08-31T11:24:19","slug":"h24-rebuild-endurance-vanilka-1000-g","status":"publish","type":"product","link":"https:\/\/herbaday.sk\/index.php\/product\/h24-rebuild-endurance-vanilka-1000-g\/","title":{"rendered":"H24 Rebuild Endurance vanilka 1000 g"},"content":{"rendered":"<h3 id=\"info-toggle\">N\u00e1h\u013ead na Produkt<\/h3>\n<div class=\"info-content\">\n<article>\n<div id=\"ctl00_ctl00_ContentArea_ProductsContent_ctl00_uxOverview\">N\u00e1poj s obsahom sacharidov a prote\u00ednu ur\u010den\u00fd pre regener\u00e1ciu pri vytrvalostnej z\u00e1\u0165a\u017ei.<\/div>\n<h5 data-bind=\"visible: KeyBenefits\">K\u013e\u00fa\u010dov\u00e9 V\u00fdhody<\/h5>\n<div class=\"disc\" data-bind=\"visible: KeyBenefits, html: KeyBenefits\">Pre pou\u017eitie po aer\u00f3bnych aktivit\u00e1ch.188 kcal v jednej porcii.Obsahuje 36g \u0161peci\u00e1lne vybran\u00fdch sacharidov a vysoko kvalitn\u00e9ho mlie\u010dneho prote\u00ednu v jednom n\u00e1poji.Obsahuje prote\u00edn podporuj\u00faci tvorbu a udr\u017eanie beztukovej svalovej hmoty.Obsahuje vitam\u00edny B1, B2, C a E spolu so \u017eelezom.Bez umel\u00fdch farb\u00edv, pr\u00edchut\u00ed a sladidiel.Kaze\u00edn a srv\u00e1tkov\u00fd prote\u00edn s\u00fa vysoko kvalitn\u00e9 prote\u00edny cenen\u00e9 kv\u00f4li svojmu obsahu aminokysel\u00edn.<\/div>\n<\/article>\n<\/div>\n","protected":false},"excerpt":{"rendered":"<p>N\u00e1h\u013ead na Produkt N\u00e1poj s obsahom sacharidov a prote\u00ednu ur\u010den\u00fd pre regener\u00e1ciu pri vytrvalostnej z\u00e1\u0165a\u017ei. K\u013e\u00fa\u010dov\u00e9 V\u00fdhody Pre pou\u017eitie po aer\u00f3bnych aktivit\u00e1ch.188 kcal v jednej porcii.Obsahuje 36g \u0161peci\u00e1lne vybran\u00fdch sacharidov a vysoko kvalitn\u00e9ho mlie\u010dneho prote\u00ednu v jednom n\u00e1poji.Obsahuje prote\u00edn podporuj\u00faci tvorbu a udr\u017eanie beztukovej svalovej hmoty.Obsahuje vitam\u00edny B1, B2, C a E spolu so \u017eelezom.Bez [&#8230;]\n","protected":false},"featured_media":104,"comment_status":"open","ping_status":"closed","template":"","meta":[],"product_brand":[],"product_cat":[22],"product_tag":[],"class_list":{"0":"post-98","1":"product","2":"type-product","3":"status-publish","4":"has-post-thumbnail","6":"product_cat-herbalife24","8":"first","9":"instock","10":"taxable","11":"shipping-taxable","12":"purchasable","13":"product-type-simple"},"yoast_head":"<!-- This site is optimized with the Yoast SEO plugin v24.3 - https:\/\/yoast.com\/wordpress\/plugins\/seo\/ -->\n<title>H24 Rebuild Endurance vanilka 1000 g - Herbaday<\/title>\n<meta name=\"robots\" content=\"index, follow, max-snippet:-1, max-image-preview:large, max-video-preview:-1\" \/>\n<link rel=\"canonical\" href=\"https:\/\/herbaday.sk\/index.php\/product\/h24-rebuild-endurance-vanilka-1000-g\/\" \/>\n<meta property=\"og:locale\" content=\"sk_SK\" \/>\n<meta property=\"og:type\" content=\"article\" \/>\n<meta property=\"og:title\" content=\"H24 Rebuild Endurance vanilka 1000 g - Herbaday\" \/>\n<meta property=\"og:description\" content=\"N\u00e1h\u013ead na Produkt N\u00e1poj s obsahom sacharidov a prote\u00ednu ur\u010den\u00fd pre regener\u00e1ciu pri vytrvalostnej z\u00e1\u0165a\u017ei. K\u013e\u00fa\u010dov\u00e9 V\u00fdhody Pre pou\u017eitie po aer\u00f3bnych aktivit\u00e1ch.188 kcal v jednej porcii.Obsahuje 36g \u0161peci\u00e1lne vybran\u00fdch sacharidov a vysoko kvalitn\u00e9ho mlie\u010dneho prote\u00ednu v jednom n\u00e1poji.Obsahuje prote\u00edn podporuj\u00faci tvorbu a udr\u017eanie beztukovej svalovej hmoty.Obsahuje vitam\u00edny B1, B2, C a E spolu so \u017eelezom.Bez [...]\" \/>\n<meta property=\"og:url\" content=\"https:\/\/herbaday.sk\/index.php\/product\/h24-rebuild-endurance-vanilka-1000-g\/\" \/>\n<meta property=\"og:site_name\" content=\"Herbaday\" \/>\n<meta property=\"article:modified_time\" content=\"2023-08-31T11:24:19+00:00\" \/>\n<meta property=\"og:image\" content=\"https:\/\/i0.wp.com\/herbaday.sk\/wp-content\/uploads\/2020\/11\/ef_H24-REBUILD-Endurance.jpg?fit=250%2C250&ssl=1\" \/>\n\t<meta property=\"og:image:width\" content=\"250\" \/>\n\t<meta property=\"og:image:height\" content=\"250\" \/>\n\t<meta property=\"og:image:type\" content=\"image\/jpeg\" \/>\n<meta name=\"twitter:card\" content=\"summary_large_image\" \/>\n<meta name=\"twitter:label1\" content=\"Predpokladan\u00fd \u010das \u010d\u00edtania\" \/>\n\t<meta name=\"twitter:data1\" content=\"1 min\u00fata\" \/>\n<script type=\"application\/ld+json\" class=\"yoast-schema-graph\">{\"@context\":\"https:\/\/schema.org\",\"@graph\":[{\"@type\":\"WebPage\",\"@id\":\"https:\/\/herbaday.sk\/index.php\/product\/h24-rebuild-endurance-vanilka-1000-g\/\",\"url\":\"https:\/\/herbaday.sk\/index.php\/product\/h24-rebuild-endurance-vanilka-1000-g\/\",\"name\":\"H24 Rebuild Endurance vanilka 1000 g - Herbaday\",\"isPartOf\":{\"@id\":\"https:\/\/herbaday.sk\/#website\"},\"primaryImageOfPage\":{\"@id\":\"https:\/\/herbaday.sk\/index.php\/product\/h24-rebuild-endurance-vanilka-1000-g\/#primaryimage\"},\"image\":{\"@id\":\"https:\/\/herbaday.sk\/index.php\/product\/h24-rebuild-endurance-vanilka-1000-g\/#primaryimage\"},\"thumbnailUrl\":\"https:\/\/i0.wp.com\/herbaday.sk\/wp-content\/uploads\/2020\/11\/ef_H24-REBUILD-Endurance.jpg?fit=250%2C250&ssl=1\",\"datePublished\":\"2020-11-13T10:18:54+00:00\",\"dateModified\":\"2023-08-31T11:24:19+00:00\",\"breadcrumb\":{\"@id\":\"https:\/\/herbaday.sk\/index.php\/product\/h24-rebuild-endurance-vanilka-1000-g\/#breadcrumb\"},\"inLanguage\":\"sk-SK\",\"potentialAction\":[{\"@type\":\"ReadAction\",\"target\":[\"https:\/\/herbaday.sk\/index.php\/product\/h24-rebuild-endurance-vanilka-1000-g\/\"]}]},{\"@type\":\"ImageObject\",\"inLanguage\":\"sk-SK\",\"@id\":\"https:\/\/herbaday.sk\/index.php\/product\/h24-rebuild-endurance-vanilka-1000-g\/#primaryimage\",\"url\":\"https:\/\/i0.wp.com\/herbaday.sk\/wp-content\/uploads\/2020\/11\/ef_H24-REBUILD-Endurance.jpg?fit=250%2C250&ssl=1\",\"contentUrl\":\"https:\/\/i0.wp.com\/herbaday.sk\/wp-content\/uploads\/2020\/11\/ef_H24-REBUILD-Endurance.jpg?fit=250%2C250&ssl=1\",\"width\":250,\"height\":250},{\"@type\":\"BreadcrumbList\",\"@id\":\"https:\/\/herbaday.sk\/index.php\/product\/h24-rebuild-endurance-vanilka-1000-g\/#breadcrumb\",\"itemListElement\":[{\"@type\":\"ListItem\",\"position\":1,\"name\":\"Domovsk\u00e1 str\u00e1nka\",\"item\":\"https:\/\/herbaday.sk\/\"},{\"@type\":\"ListItem\",\"position\":2,\"name\":\"Shop\",\"item\":\"https:\/\/herbaday.sk\/index.php\/shop\/\"},{\"@type\":\"ListItem\",\"position\":3,\"name\":\"H24 Rebuild Endurance vanilka 1000 g\"}]},{\"@type\":\"WebSite\",\"@id\":\"https:\/\/herbaday.sk\/#website\",\"url\":\"https:\/\/herbaday.sk\/\",\"name\":\"Herbaday\",\"description\":\"Nez\u00e1visl\u00fd \u010dlen Herbalife Nutrition\",\"publisher\":{\"@id\":\"https:\/\/herbaday.sk\/#organization\"},\"potentialAction\":[{\"@type\":\"SearchAction\",\"target\":{\"@type\":\"EntryPoint\",\"urlTemplate\":\"https:\/\/herbaday.sk\/?s={search_term_string}\"},\"query-input\":{\"@type\":\"PropertyValueSpecification\",\"valueRequired\":true,\"valueName\":\"search_term_string\"}}],\"inLanguage\":\"sk-SK\"},{\"@type\":\"Organization\",\"@id\":\"https:\/\/herbaday.sk\/#organization\",\"name\":\"Herbaday\",\"url\":\"https:\/\/herbaday.sk\/\",\"logo\":{\"@type\":\"ImageObject\",\"inLanguage\":\"sk-SK\",\"@id\":\"https:\/\/herbaday.sk\/#\/schema\/logo\/image\/\",\"url\":\"http:\/\/herbaday.sk\/wp-content\/uploads\/2020\/11\/herbaday_logo.png\",\"contentUrl\":\"http:\/\/herbaday.sk\/wp-content\/uploads\/2020\/11\/herbaday_logo.png\",\"width\":2214,\"height\":545,\"caption\":\"Herbaday\"},\"image\":{\"@id\":\"https:\/\/herbaday.sk\/#\/schema\/logo\/image\/\"}}]}<\/script>\n<!-- \/ Yoast SEO plugin. -->","yoast_head_json":{"title":"H24 Rebuild Endurance vanilka 1000 g - Herbaday","robots":{"index":"index","follow":"follow","max-snippet":"max-snippet:-1","max-image-preview":"max-image-preview:large","max-video-preview":"max-video-preview:-1"},"canonical":"https:\/\/herbaday.sk\/index.php\/product\/h24-rebuild-endurance-vanilka-1000-g\/","og_locale":"sk_SK","og_type":"article","og_title":"H24 Rebuild Endurance vanilka 1000 g - Herbaday","og_description":"N\u00e1h\u013ead na Produkt N\u00e1poj s obsahom sacharidov a prote\u00ednu ur\u010den\u00fd pre regener\u00e1ciu pri vytrvalostnej z\u00e1\u0165a\u017ei. K\u013e\u00fa\u010dov\u00e9 V\u00fdhody Pre pou\u017eitie po aer\u00f3bnych aktivit\u00e1ch.188 kcal v jednej porcii.Obsahuje 36g \u0161peci\u00e1lne vybran\u00fdch sacharidov a vysoko kvalitn\u00e9ho mlie\u010dneho prote\u00ednu v jednom n\u00e1poji.Obsahuje prote\u00edn podporuj\u00faci tvorbu a udr\u017eanie beztukovej svalovej hmoty.Obsahuje vitam\u00edny B1, B2, C a E spolu so \u017eelezom.Bez [...]","og_url":"https:\/\/herbaday.sk\/index.php\/product\/h24-rebuild-endurance-vanilka-1000-g\/","og_site_name":"Herbaday","article_modified_time":"2023-08-31T11:24:19+00:00","og_image":[{"width":250,"height":250,"url":"https:\/\/i0.wp.com\/herbaday.sk\/wp-content\/uploads\/2020\/11\/ef_H24-REBUILD-Endurance.jpg?fit=250%2C250&ssl=1","type":"image\/jpeg"}],"twitter_card":"summary_large_image","twitter_misc":{"Predpokladan\u00fd \u010das \u010d\u00edtania":"1 min\u00fata"},"schema":{"@context":"https:\/\/schema.org","@graph":[{"@type":"WebPage","@id":"https:\/\/herbaday.sk\/index.php\/product\/h24-rebuild-endurance-vanilka-1000-g\/","url":"https:\/\/herbaday.sk\/index.php\/product\/h24-rebuild-endurance-vanilka-1000-g\/","name":"H24 Rebuild Endurance vanilka 1000 g - Herbaday","isPartOf":{"@id":"https:\/\/herbaday.sk\/#website"},"primaryImageOfPage":{"@id":"https:\/\/herbaday.sk\/index.php\/product\/h24-rebuild-endurance-vanilka-1000-g\/#primaryimage"},"image":{"@id":"https:\/\/herbaday.sk\/index.php\/product\/h24-rebuild-endurance-vanilka-1000-g\/#primaryimage"},"thumbnailUrl":"https:\/\/i0.wp.com\/herbaday.sk\/wp-content\/uploads\/2020\/11\/ef_H24-REBUILD-Endurance.jpg?fit=250%2C250&ssl=1","datePublished":"2020-11-13T10:18:54+00:00","dateModified":"2023-08-31T11:24:19+00:00","breadcrumb":{"@id":"https:\/\/herbaday.sk\/index.php\/product\/h24-rebuild-endurance-vanilka-1000-g\/#breadcrumb"},"inLanguage":"sk-SK","potentialAction":[{"@type":"ReadAction","target":["https:\/\/herbaday.sk\/index.php\/product\/h24-rebuild-endurance-vanilka-1000-g\/"]}]},{"@type":"ImageObject","inLanguage":"sk-SK","@id":"https:\/\/herbaday.sk\/index.php\/product\/h24-rebuild-endurance-vanilka-1000-g\/#primaryimage","url":"https:\/\/i0.wp.com\/herbaday.sk\/wp-content\/uploads\/2020\/11\/ef_H24-REBUILD-Endurance.jpg?fit=250%2C250&ssl=1","contentUrl":"https:\/\/i0.wp.com\/herbaday.sk\/wp-content\/uploads\/2020\/11\/ef_H24-REBUILD-Endurance.jpg?fit=250%2C250&ssl=1","width":250,"height":250},{"@type":"BreadcrumbList","@id":"https:\/\/herbaday.sk\/index.php\/product\/h24-rebuild-endurance-vanilka-1000-g\/#breadcrumb","itemListElement":[{"@type":"ListItem","position":1,"name":"Domovsk\u00e1 str\u00e1nka","item":"https:\/\/herbaday.sk\/"},{"@type":"ListItem","position":2,"name":"Shop","item":"https:\/\/herbaday.sk\/index.php\/shop\/"},{"@type":"ListItem","position":3,"name":"H24 Rebuild Endurance vanilka 1000 g"}]},{"@type":"WebSite","@id":"https:\/\/herbaday.sk\/#website","url":"https:\/\/herbaday.sk\/","name":"Herbaday","description":"Nez\u00e1visl\u00fd \u010dlen Herbalife Nutrition","publisher":{"@id":"https:\/\/herbaday.sk\/#organization"},"potentialAction":[{"@type":"SearchAction","target":{"@type":"EntryPoint","urlTemplate":"https:\/\/herbaday.sk\/?s={search_term_string}"},"query-input":{"@type":"PropertyValueSpecification","valueRequired":true,"valueName":"search_term_string"}}],"inLanguage":"sk-SK"},{"@type":"Organization","@id":"https:\/\/herbaday.sk\/#organization","name":"Herbaday","url":"https:\/\/herbaday.sk\/","logo":{"@type":"ImageObject","inLanguage":"sk-SK","@id":"https:\/\/herbaday.sk\/#\/schema\/logo\/image\/","url":"http:\/\/herbaday.sk\/wp-content\/uploads\/2020\/11\/herbaday_logo.png","contentUrl":"http:\/\/herbaday.sk\/wp-content\/uploads\/2020\/11\/herbaday_logo.png","width":2214,"height":545,"caption":"Herbaday"},"image":{"@id":"https:\/\/herbaday.sk\/#\/schema\/logo\/image\/"}}]}},"jetpack_sharing_enabled":true,"_links":{"self":[{"href":"https:\/\/herbaday.sk\/index.php\/wp-json\/wp\/v2\/product\/98","targetHints":{"allow":["GET"]}}],"collection":[{"href":"https:\/\/herbaday.sk\/index.php\/wp-json\/wp\/v2\/product"}],"about":[{"href":"https:\/\/herbaday.sk\/index.php\/wp-json\/wp\/v2\/types\/product"}],"replies":[{"embeddable":true,"href":"https:\/\/herbaday.sk\/index.php\/wp-json\/wp\/v2\/comments?post=98"}],"wp:featuredmedia":[{"embeddable":true,"href":"https:\/\/herbaday.sk\/index.php\/wp-json\/wp\/v2\/media\/104"}],"wp:attachment":[{"href":"https:\/\/herbaday.sk\/index.php\/wp-json\/wp\/v2\/media?parent=98"}],"wp:term":[{"taxonomy":"product_brand","embeddable":true,"href":"https:\/\/herbaday.sk\/index.php\/wp-json\/wp\/v2\/product_brand?post=98"},{"taxonomy":"product_cat","embeddable":true,"href":"https:\/\/herbaday.sk\/index.php\/wp-json\/wp\/v2\/product_cat?post=98"},{"taxonomy":"product_tag","embeddable":true,"href":"https:\/\/herbaday.sk\/index.php\/wp-json\/wp\/v2\/product_tag?post=98"}],"curies":[{"name":"wp","href":"https:\/\/api.w.org\/{rel}","templated":true}]}}